{"id":59212,"date":"2025-06-05T00:41:25","date_gmt":"2025-06-04T23:41:25","guid":{"rendered":"https:\/\/truusk.store\/product\/sangram-i-tra-208-x-96-cm-med-lamellbotten-huvudgavel-elegant-enkelsangsram-for-sovrum-i-vitt\/"},"modified":"2026-03-12T09:40:34","modified_gmt":"2026-03-12T08:40:34","slug":"truusk-enkelsangsram-i-tra-208-x-96-cm-inklusive-lamellbotten-huvudgavel-elegant-design-i-vitt-for-sovrummet","status":"publish","type":"product","link":"https:\/\/truusk.store\/sv\/produkt\/truusk-enkelsangsram-i-tra-208-x-96-cm-inklusive-lamellbotten-huvudgavel-elegant-design-i-vitt-for-sovrummet\/","title":{"rendered":"TRUUSK Enkels\u00e4ngsram i Tr\u00e4 208 x 96 cm &#8211; Inklusive Lamellbotten &amp; Huvudgavel &#8211; Elegant Design i Vitt &#8211; F\u00f6r Sovrummet"},"content":{"rendered":"<p>Uppt\u00e4ck denna tidl\u00f6st eleganta enkels\u00e4ngsram fr\u00e5n TRUUSK, tillverkad av naturligt furutr\u00e4. Den smala designen berikar inte bara estetiken i ditt sovrum, utan erbjuder ocks\u00e5 gott om utrymme under s\u00e4ngen, idealiskt f\u00f6r extra f\u00f6rvaring. Den sl\u00e4ta lackerade ytan garanterar en lugn, bekv\u00e4m sovmilj\u00f6 och kombinerar funktionalitet med stil f\u00f6r att f\u00f6rvandla ditt utrymme till en mysig vilooas.<\/p>\n<p>Beskrivning:<\/p>\n<ul>\n<li> Enkels\u00e4ngsram, idealisk f\u00f6r sm\u00e5 sovrum<\/li>\n<li> Ram av naturligt furutr\u00e4 f\u00f6rb\u00e4ttrar sovrummets estetik<\/li>\n<li> 23 cm h\u00f6gt utrymme under s\u00e4ngen erbjuder extra f\u00f6rvaring<\/li>\n<li> Fr\u00e4mjar en bekv\u00e4m sovmilj\u00f6 f\u00f6r avkopplande n\u00e4tter<\/li>\n<li> Sl\u00e4t lackerad yta garanterar enkel reng\u00f6ring<\/li>\n<li> Madrass ing\u00e5r inte<\/li>\n<li> Montering kr\u00e4vs<\/li>\n<\/ul>\n<p> Tekniska data:<\/p>\n<ul>\n<li> F\u00e4rg: Vit<\/li>\n<li> Material: Furutr\u00e4<\/li>\n<li> Totala dimensioner: 208B x 96D x 70H cm<\/li>\n<li> Passande madrassstorlek: 200B x 90D cm<\/li>\n<li> F\u00f6rvaringsutrymme under s\u00e4ngen: 23H cm<\/li>\n<li> Belastningskapacitet: 120 kg<\/li>\n<\/ul>\n<p> Leveransinneh\u00e5ll:<\/p>\n<ul>\n<li> 1 x s\u00e4ngram<\/li>\n<li> 1 x handbok<\/li>\n<\/ul>\n","protected":false},"excerpt":{"rendered":"<p>Uppt\u00e4ck denna tidl\u00f6st eleganta enkels\u00e4ngsram fr\u00e5n TRUUSK, tillverkad av naturligt furutr\u00e4. Den smala designen berikar inte bara estetiken i ditt&#8230;<\/p>\n","protected":false},"featured_media":59203,"template":"","meta":[],"product_brand":[],"product_cat":[959,871,494,897],"product_tag":[],"class_list":{"0":"post-59212","1":"product","2":"type-product","3":"status-publish","4":"has-post-thumbnail","6":"product_cat-gastebetten","7":"product_cat-hus-hem","8":"product_cat-sangar","9":"product_cat-sovrum","11":"first","12":"instock","13":"sale","14":"taxable","15":"shipping-taxable","16":"purchasable","17":"product-type-simple"},"yoast_head":"<!-- This site is optimized with the Yoast SEO plugin v25.4 - https:\/\/yoast.com\/wordpress\/plugins\/seo\/ -->\n<title>TRUUSK Enkels\u00e4ngsram i Tr\u00e4 208 x 96 cm - Inklusive Lamellbotten &amp; Huvudgavel - Elegant Design i Vitt - F\u00f6r Sovrummet - TRUUSK - Hem, Tr\u00e4dg\u00e5rd &amp; Fritid<\/title>\n<meta name=\"robots\" content=\"index, follow, max-snippet:-1, max-image-preview:large, max-video-preview:-1\" \/>\n<link rel=\"canonical\" href=\"https:\/\/truusk.store\/sv\/produkt\/truusk-enkelsangsram-i-tra-208-x-96-cm-inklusive-lamellbotten-huvudgavel-elegant-design-i-vitt-for-sovrummet\/\" \/>\n<meta property=\"og:locale\" content=\"sv_SE\" \/>\n<meta property=\"og:type\" content=\"article\" \/>\n<meta property=\"og:title\" content=\"TRUUSK Enkels\u00e4ngsram i Tr\u00e4 208 x 96 cm - Inklusive Lamellbotten &amp; Huvudgavel - Elegant Design i Vitt - F\u00f6r Sovrummet - TRUUSK - Hem, Tr\u00e4dg\u00e5rd &amp; Fritid\" \/>\n<meta property=\"og:description\" content=\"Uppt\u00e4ck denna tidl\u00f6st eleganta enkels\u00e4ngsram fr\u00e5n TRUUSK, tillverkad av naturligt furutr\u00e4. Den smala designen berikar inte bara estetiken i ditt...\" \/>\n<meta property=\"og:url\" content=\"https:\/\/truusk.store\/sv\/produkt\/truusk-enkelsangsram-i-tra-208-x-96-cm-inklusive-lamellbotten-huvudgavel-elegant-design-i-vitt-for-sovrummet\/\" \/>\n<meta property=\"og:site_name\" content=\"TRUUSK - Hem, Tr\u00e4dg\u00e5rd &amp; Fritid\" \/>\n<meta property=\"article:modified_time\" content=\"2026-03-12T08:40:34+00:00\" \/>\n<meta property=\"og:image\" content=\"https:\/\/i0.wp.com\/truusk.se\/wp-content\/uploads\/2025\/06\/sangram-i-tra-208-x-96-cm-med-lamellbotten-huvudgavel-elegant-enkelsangsram-for-sovrum-i-vitt-1.webp?fit=2000%2C2000&ssl=1\" \/>\n\t<meta property=\"og:image:width\" content=\"2000\" \/>\n\t<meta property=\"og:image:height\" content=\"2000\" \/>\n\t<meta property=\"og:image:type\" content=\"image\/webp\" \/>\n<meta name=\"twitter:card\" content=\"summary_large_image\" \/>\n<meta name=\"twitter:label1\" content=\"Ber\u00e4knad l\u00e4stid\" \/>\n\t<meta name=\"twitter:data1\" content=\"1 minut\" \/>\n<!-- \/ Yoast SEO plugin. -->","yoast_head_json":{"title":"TRUUSK Enkels\u00e4ngsram i Tr\u00e4 208 x 96 cm - Inklusive Lamellbotten &amp; Huvudgavel - Elegant Design i Vitt - F\u00f6r Sovrummet - TRUUSK - Hem, Tr\u00e4dg\u00e5rd &amp; Fritid","robots":{"index":"index","follow":"follow","max-snippet":"max-snippet:-1","max-image-preview":"max-image-preview:large","max-video-preview":"max-video-preview:-1"},"canonical":"https:\/\/truusk.store\/sv\/produkt\/truusk-enkelsangsram-i-tra-208-x-96-cm-inklusive-lamellbotten-huvudgavel-elegant-design-i-vitt-for-sovrummet\/","og_locale":"sv_SE","og_type":"article","og_title":"TRUUSK Enkels\u00e4ngsram i Tr\u00e4 208 x 96 cm - Inklusive Lamellbotten &amp; Huvudgavel - Elegant Design i Vitt - F\u00f6r Sovrummet - TRUUSK - Hem, Tr\u00e4dg\u00e5rd &amp; Fritid","og_description":"Uppt\u00e4ck denna tidl\u00f6st eleganta enkels\u00e4ngsram fr\u00e5n TRUUSK, tillverkad av naturligt furutr\u00e4. Den smala designen berikar inte bara estetiken i ditt...","og_url":"https:\/\/truusk.store\/sv\/produkt\/truusk-enkelsangsram-i-tra-208-x-96-cm-inklusive-lamellbotten-huvudgavel-elegant-design-i-vitt-for-sovrummet\/","og_site_name":"TRUUSK - Hem, Tr\u00e4dg\u00e5rd &amp; Fritid","article_modified_time":"2026-03-12T08:40:34+00:00","og_image":[{"width":2000,"height":2000,"url":"https:\/\/i0.wp.com\/truusk.se\/wp-content\/uploads\/2025\/06\/sangram-i-tra-208-x-96-cm-med-lamellbotten-huvudgavel-elegant-enkelsangsram-for-sovrum-i-vitt-1.webp?fit=2000%2C2000&ssl=1","type":"image\/webp"}],"twitter_card":"summary_large_image","twitter_misc":{"Ber\u00e4knad l\u00e4stid":"1 minut"},"schema":{"@context":"https:\/\/schema.org","@graph":[{"@type":"WebPage","@id":"https:\/\/truusk.store\/sv\/produkt\/truusk-enkelsangsram-i-tra-208-x-96-cm-inklusive-lamellbotten-huvudgavel-elegant-design-i-vitt-for-sovrummet\/","url":"https:\/\/truusk.store\/sv\/produkt\/truusk-enkelsangsram-i-tra-208-x-96-cm-inklusive-lamellbotten-huvudgavel-elegant-design-i-vitt-for-sovrummet\/","name":"TRUUSK Enkels\u00e4ngsram i Tr\u00e4 208 x 96 cm - Inklusive Lamellbotten &amp; Huvudgavel - Elegant Design i Vitt - F\u00f6r Sovrummet - TRUUSK - Hem, Tr\u00e4dg\u00e5rd &amp; Fritid","isPartOf":{"@id":"https:\/\/truusk.store\/sv\/#website"},"primaryImageOfPage":{"@id":"https:\/\/truusk.store\/sv\/produkt\/truusk-enkelsangsram-i-tra-208-x-96-cm-inklusive-lamellbotten-huvudgavel-elegant-design-i-vitt-for-sovrummet\/#primaryimage"},"image":{"@id":"https:\/\/truusk.store\/sv\/produkt\/truusk-enkelsangsram-i-tra-208-x-96-cm-inklusive-lamellbotten-huvudgavel-elegant-design-i-vitt-for-sovrummet\/#primaryimage"},"thumbnailUrl":"https:\/\/i0.wp.com\/truusk.store\/wp-content\/uploads\/2025\/06\/sangram-i-tra-208-x-96-cm-med-lamellbotten-huvudgavel-elegant-enkelsangsram-for-sovrum-i-vitt-1.webp?fit=2000%2C2000&ssl=1","datePublished":"2025-06-04T23:41:25+00:00","dateModified":"2026-03-12T08:40:34+00:00","breadcrumb":{"@id":"https:\/\/truusk.store\/sv\/produkt\/truusk-enkelsangsram-i-tra-208-x-96-cm-inklusive-lamellbotten-huvudgavel-elegant-design-i-vitt-for-sovrummet\/#breadcrumb"},"inLanguage":"sv-SE","potentialAction":[{"@type":"ReadAction","target":["https:\/\/truusk.store\/sv\/produkt\/truusk-enkelsangsram-i-tra-208-x-96-cm-inklusive-lamellbotten-huvudgavel-elegant-design-i-vitt-for-sovrummet\/"]}]},{"@type":"ImageObject","inLanguage":"sv-SE","@id":"https:\/\/truusk.store\/sv\/produkt\/truusk-enkelsangsram-i-tra-208-x-96-cm-inklusive-lamellbotten-huvudgavel-elegant-design-i-vitt-for-sovrummet\/#primaryimage","url":"https:\/\/i0.wp.com\/truusk.store\/wp-content\/uploads\/2025\/06\/sangram-i-tra-208-x-96-cm-med-lamellbotten-huvudgavel-elegant-enkelsangsram-for-sovrum-i-vitt-1.webp?fit=2000%2C2000&ssl=1","contentUrl":"https:\/\/i0.wp.com\/truusk.store\/wp-content\/uploads\/2025\/06\/sangram-i-tra-208-x-96-cm-med-lamellbotten-huvudgavel-elegant-enkelsangsram-for-sovrum-i-vitt-1.webp?fit=2000%2C2000&ssl=1","width":2000,"height":2000},{"@type":"BreadcrumbList","@id":"https:\/\/truusk.store\/sv\/produkt\/truusk-enkelsangsram-i-tra-208-x-96-cm-inklusive-lamellbotten-huvudgavel-elegant-design-i-vitt-for-sovrummet\/#breadcrumb","itemListElement":[{"@type":"ListItem","position":1,"name":"Home","item":"https:\/\/truusk.store\/sv\/"},{"@type":"ListItem","position":2,"name":"Shop","item":"https:\/\/truusk.store\/shop\/"},{"@type":"ListItem","position":3,"name":"TRUUSK Enkels\u00e4ngsram i Tr\u00e4 208 x 96 cm &#8211; Inklusive Lamellbotten &amp; Huvudgavel &#8211; Elegant Design i Vitt &#8211; F\u00f6r Sovrummet"}]},{"@type":"WebSite","@id":"https:\/\/truusk.store\/sv\/#website","url":"https:\/\/truusk.store\/sv\/","name":"TRUUSK - Hem, Tr\u00e4dg\u00e5rd & Fritid","description":"","publisher":{"@id":"https:\/\/truusk.store\/sv\/#organization"},"potentialAction":[{"@type":"SearchAction","target":{"@type":"EntryPoint","urlTemplate":"https:\/\/truusk.store\/sv\/?s={search_term_string}"},"query-input":{"@type":"PropertyValueSpecification","valueRequired":true,"valueName":"search_term_string"}}],"inLanguage":"sv-SE"},{"@type":"Organization","@id":"https:\/\/truusk.store\/sv\/#organization","name":"TRUUSK - Hem, Tr\u00e4dg\u00e5rd & Fritid","url":"https:\/\/truusk.store\/sv\/","logo":{"@type":"ImageObject","inLanguage":"sv-SE","@id":"https:\/\/truusk.store\/sv\/#\/schema\/logo\/image\/","url":"https:\/\/i0.wp.com\/truusk.store\/wp-content\/uploads\/2026\/03\/cropped-TRUUSK.png?fit=2032%2C917&ssl=1","contentUrl":"https:\/\/i0.wp.com\/truusk.store\/wp-content\/uploads\/2026\/03\/cropped-TRUUSK.png?fit=2032%2C917&ssl=1","width":2032,"height":917,"caption":"TRUUSK - Hem, Tr\u00e4dg\u00e5rd & Fritid"},"image":{"@id":"https:\/\/truusk.store\/sv\/#\/schema\/logo\/image\/"}}]}},"jetpack_sharing_enabled":true,"_links":{"self":[{"href":"https:\/\/truusk.store\/sv\/wp-json\/wp\/v2\/product\/59212","targetHints":{"allow":["GET"]}}],"collection":[{"href":"https:\/\/truusk.store\/sv\/wp-json\/wp\/v2\/product"}],"about":[{"href":"https:\/\/truusk.store\/sv\/wp-json\/wp\/v2\/types\/product"}],"wp:featuredmedia":[{"embeddable":true,"href":"https:\/\/truusk.store\/sv\/wp-json\/wp\/v2\/media\/59203"}],"wp:attachment":[{"href":"https:\/\/truusk.store\/sv\/wp-json\/wp\/v2\/media?parent=59212"}],"wp:term":[{"taxonomy":"product_brand","embeddable":true,"href":"https:\/\/truusk.store\/sv\/wp-json\/wp\/v2\/product_brand?post=59212"},{"taxonomy":"product_cat","embeddable":true,"href":"https:\/\/truusk.store\/sv\/wp-json\/wp\/v2\/product_cat?post=59212"},{"taxonomy":"product_tag","embeddable":true,"href":"https:\/\/truusk.store\/sv\/wp-json\/wp\/v2\/product_tag?post=59212"}],"curies":[{"name":"wp","href":"https:\/\/api.w.org\/{rel}","templated":true}]}}