{"id":59222,"date":"2025-06-05T00:42:27","date_gmt":"2025-06-04T23:42:27","guid":{"rendered":"https:\/\/truusk.store\/product\/avslappningsstol-vridbar-tv-stol-med-liggfunktion-och-fotstod-upp-till-150-kg-belastning-tv-stol-i-konstlader-i-svart-for-vardagsrum\/"},"modified":"2026-03-12T09:40:26","modified_gmt":"2026-03-12T08:40:26","slug":"truusk-avslappningsstol-vridbar-tv-stol-med-liggfunktion-och-fotstod-upp-till-150-kg-belastning-konstlader-svart","status":"publish","type":"product","link":"https:\/\/truusk.store\/sv\/produkt\/truusk-avslappningsstol-vridbar-tv-stol-med-liggfunktion-och-fotstod-upp-till-150-kg-belastning-konstlader-svart\/","title":{"rendered":"TRUUSK Avslappningsstol &#8211; Vridbar TV-stol &#8211; Med Liggfunktion och Fotst\u00f6d &#8211; Upp Till 150 Kg Belastning &#8211; Konstl\u00e4der &#8211; Svart &#8211;"},"content":{"rendered":"<p>Njut av lyxen med TRUUSK TV-stolen med ligfunktion &#8211; den perfekta l\u00f6sningen f\u00f6r sm\u00e5 utrymmen eller som en stilfull h\u00f6jdpunkt i ditt husbil. Med en elegant lutning p\u00e5 135\u00b0 och en fullt roterande 360\u00b0 bas, njuter du av h\u00f6gsta komfort och flexibilitet. Den fina konstl\u00e4der av biostolen ger ditt rum en modern touch och ger samtidigt en trevlig k\u00e4nsla. Unna dig avkopplande stunder och f\u00f6rvandla varje h\u00f6rn till en avkopplingsnisch.<\/p>\n<p>Beskrivning:<\/p>\n<ul>\n<li> Ryggst\u00f6det p\u00e5 TV-stolen kan lutas upp till 135\u00b0, inklusive inbyggt fotst\u00f6d f\u00f6r optimal avkoppling<\/li>\n<li> Utrustad med en 360\u00b0 roterande bas f\u00f6r mer r\u00f6relsefrihet<\/li>\n<li> H\u00f6g ryggst\u00f6d och utsv\u00e4ngda armst\u00f6d p\u00e5 TV-stolen med tjock stoppning garanterar h\u00f6g komfort<\/li>\n<li> Konstl\u00e4der\u00f6verdraget erbjuder en lyxig, l\u00e4tt att reng\u00f6ra yta<\/li>\n<li> Robust konstruktion av TV-stolen av pulverlackerat st\u00e5l och flerskiktstr\u00e4<\/li>\n<li> Halkfria f\u00f6tter p\u00e5 relaxstolen med ligfunktion f\u00f6rhindrar r\u00f6relser och skyddar golvet<\/li>\n<li> Montering kr\u00e4vs<\/li>\n<\/ul>\n<p> Tekniska data:<\/p>\n<ul>\n<li> F\u00e4rg: Svart<\/li>\n<li> Material: Konstl\u00e4der, skum, flerskiktsskiva, st\u00e5l<\/li>\n<li> M\u00e5tt uppr\u00e4tt: 78B x 88D x 103H cm<\/li>\n<li> M\u00e5tt helt lutad: 76B x 151D x 93H cm<\/li>\n<li> Sitsstorlek: 56B x 56D x 45H cm<\/li>\n<li> Sits tjocklek: 13 cm<\/li>\n<li> Ryggst\u00f6d storlek: 58B x 15D x 70H cm<\/li>\n<li> Armst\u00f6d storlek: 54B x 15D x 13H cm<\/li>\n<li> Fotst\u00f6d storlek: 63B x 63D x 5H cm<\/li>\n<li> Minsta avst\u00e5nd till v\u00e4gg: 50 cm<\/li>\n<li> B\u00e4rkapacitet: 150 kg<\/li>\n<\/ul>\n<p>Leveransinneh\u00e5ll:<\/p>\n<ul>\n<li> 1 x Relaxstol<\/li>\n<li> 1 x Handbok<\/li>\n<\/ul>\n","protected":false},"excerpt":{"rendered":"<p>Njut av lyxen med TRUUSK TV-stolen med ligfunktion &#8211; den perfekta l\u00f6sningen f\u00f6r sm\u00e5 utrymmen eller som en stilfull h\u00f6jdpunkt&#8230;<\/p>\n","protected":false},"featured_media":59213,"template":"","meta":[],"product_brand":[],"product_cat":[521,946,871,910],"product_tag":[],"class_list":{"0":"post-59222","1":"product","2":"type-product","3":"status-publish","4":"has-post-thumbnail","6":"product_cat-fatolj","7":"product_cat-fernsehsessel","8":"product_cat-hus-hem","9":"product_cat-vardagsrum","11":"first","12":"instock","13":"sale","14":"taxable","15":"shipping-taxable","16":"purchasable","17":"product-type-simple"},"yoast_head":"<!-- This site is optimized with the Yoast SEO plugin v25.4 - https:\/\/yoast.com\/wordpress\/plugins\/seo\/ -->\n<title>TRUUSK Avslappningsstol - Vridbar TV-stol - Med Liggfunktion och Fotst\u00f6d - Upp Till 150 Kg Belastning - Konstl\u00e4der - Svart - TRUUSK - Hem, Tr\u00e4dg\u00e5rd &amp; Fritid<\/title>\n<meta name=\"robots\" content=\"index, follow, max-snippet:-1, max-image-preview:large, max-video-preview:-1\" \/>\n<link rel=\"canonical\" href=\"https:\/\/truusk.store\/sv\/produkt\/truusk-avslappningsstol-vridbar-tv-stol-med-liggfunktion-och-fotstod-upp-till-150-kg-belastning-konstlader-svart\/\" \/>\n<meta property=\"og:locale\" content=\"sv_SE\" \/>\n<meta property=\"og:type\" content=\"article\" \/>\n<meta property=\"og:title\" content=\"TRUUSK Avslappningsstol - Vridbar TV-stol - Med Liggfunktion och Fotst\u00f6d - Upp Till 150 Kg Belastning - Konstl\u00e4der - Svart - TRUUSK - Hem, Tr\u00e4dg\u00e5rd &amp; Fritid\" \/>\n<meta property=\"og:description\" content=\"Njut av lyxen med TRUUSK TV-stolen med ligfunktion &#8211; den perfekta l\u00f6sningen f\u00f6r sm\u00e5 utrymmen eller som en stilfull h\u00f6jdpunkt...\" \/>\n<meta property=\"og:url\" content=\"https:\/\/truusk.store\/sv\/produkt\/truusk-avslappningsstol-vridbar-tv-stol-med-liggfunktion-och-fotstod-upp-till-150-kg-belastning-konstlader-svart\/\" \/>\n<meta property=\"og:site_name\" content=\"TRUUSK - Hem, Tr\u00e4dg\u00e5rd &amp; Fritid\" \/>\n<meta property=\"article:modified_time\" content=\"2026-03-12T08:40:26+00:00\" \/>\n<meta property=\"og:image\" content=\"https:\/\/i0.wp.com\/truusk.se\/wp-content\/uploads\/2025\/06\/avslappningsstol-vridbar-tv-stol-med-liggfunktion-och-fotstod-upp-till-150-kg-belastning-tv-stol-i-konstlader-i-svart-for-vardagsrum-1.webp?fit=2000%2C2000&ssl=1\" \/>\n\t<meta property=\"og:image:width\" content=\"2000\" \/>\n\t<meta property=\"og:image:height\" content=\"2000\" \/>\n\t<meta property=\"og:image:type\" content=\"image\/webp\" \/>\n<meta name=\"twitter:card\" content=\"summary_large_image\" \/>\n<meta name=\"twitter:label1\" content=\"Ber\u00e4knad l\u00e4stid\" \/>\n\t<meta name=\"twitter:data1\" content=\"1 minut\" \/>\n<!-- \/ Yoast SEO plugin. -->","yoast_head_json":{"title":"TRUUSK Avslappningsstol - Vridbar TV-stol - Med Liggfunktion och Fotst\u00f6d - Upp Till 150 Kg Belastning - Konstl\u00e4der - Svart - TRUUSK - Hem, Tr\u00e4dg\u00e5rd &amp; Fritid","robots":{"index":"index","follow":"follow","max-snippet":"max-snippet:-1","max-image-preview":"max-image-preview:large","max-video-preview":"max-video-preview:-1"},"canonical":"https:\/\/truusk.store\/sv\/produkt\/truusk-avslappningsstol-vridbar-tv-stol-med-liggfunktion-och-fotstod-upp-till-150-kg-belastning-konstlader-svart\/","og_locale":"sv_SE","og_type":"article","og_title":"TRUUSK Avslappningsstol - Vridbar TV-stol - Med Liggfunktion och Fotst\u00f6d - Upp Till 150 Kg Belastning - Konstl\u00e4der - Svart - TRUUSK - Hem, Tr\u00e4dg\u00e5rd &amp; Fritid","og_description":"Njut av lyxen med TRUUSK TV-stolen med ligfunktion &#8211; den perfekta l\u00f6sningen f\u00f6r sm\u00e5 utrymmen eller som en stilfull h\u00f6jdpunkt...","og_url":"https:\/\/truusk.store\/sv\/produkt\/truusk-avslappningsstol-vridbar-tv-stol-med-liggfunktion-och-fotstod-upp-till-150-kg-belastning-konstlader-svart\/","og_site_name":"TRUUSK - Hem, Tr\u00e4dg\u00e5rd &amp; Fritid","article_modified_time":"2026-03-12T08:40:26+00:00","og_image":[{"width":2000,"height":2000,"url":"https:\/\/i0.wp.com\/truusk.se\/wp-content\/uploads\/2025\/06\/avslappningsstol-vridbar-tv-stol-med-liggfunktion-och-fotstod-upp-till-150-kg-belastning-tv-stol-i-konstlader-i-svart-for-vardagsrum-1.webp?fit=2000%2C2000&ssl=1","type":"image\/webp"}],"twitter_card":"summary_large_image","twitter_misc":{"Ber\u00e4knad l\u00e4stid":"1 minut"},"schema":{"@context":"https:\/\/schema.org","@graph":[{"@type":"WebPage","@id":"https:\/\/truusk.store\/sv\/produkt\/truusk-avslappningsstol-vridbar-tv-stol-med-liggfunktion-och-fotstod-upp-till-150-kg-belastning-konstlader-svart\/","url":"https:\/\/truusk.store\/sv\/produkt\/truusk-avslappningsstol-vridbar-tv-stol-med-liggfunktion-och-fotstod-upp-till-150-kg-belastning-konstlader-svart\/","name":"TRUUSK Avslappningsstol - Vridbar TV-stol - Med Liggfunktion och Fotst\u00f6d - Upp Till 150 Kg Belastning - Konstl\u00e4der - Svart - TRUUSK - Hem, Tr\u00e4dg\u00e5rd &amp; Fritid","isPartOf":{"@id":"https:\/\/truusk.store\/sv\/#website"},"primaryImageOfPage":{"@id":"https:\/\/truusk.store\/sv\/produkt\/truusk-avslappningsstol-vridbar-tv-stol-med-liggfunktion-och-fotstod-upp-till-150-kg-belastning-konstlader-svart\/#primaryimage"},"image":{"@id":"https:\/\/truusk.store\/sv\/produkt\/truusk-avslappningsstol-vridbar-tv-stol-med-liggfunktion-och-fotstod-upp-till-150-kg-belastning-konstlader-svart\/#primaryimage"},"thumbnailUrl":"https:\/\/i0.wp.com\/truusk.store\/wp-content\/uploads\/2025\/06\/avslappningsstol-vridbar-tv-stol-med-liggfunktion-och-fotstod-upp-till-150-kg-belastning-tv-stol-i-konstlader-i-svart-for-vardagsrum-1.webp?fit=2000%2C2000&ssl=1","datePublished":"2025-06-04T23:42:27+00:00","dateModified":"2026-03-12T08:40:26+00:00","breadcrumb":{"@id":"https:\/\/truusk.store\/sv\/produkt\/truusk-avslappningsstol-vridbar-tv-stol-med-liggfunktion-och-fotstod-upp-till-150-kg-belastning-konstlader-svart\/#breadcrumb"},"inLanguage":"sv-SE","potentialAction":[{"@type":"ReadAction","target":["https:\/\/truusk.store\/sv\/produkt\/truusk-avslappningsstol-vridbar-tv-stol-med-liggfunktion-och-fotstod-upp-till-150-kg-belastning-konstlader-svart\/"]}]},{"@type":"ImageObject","inLanguage":"sv-SE","@id":"https:\/\/truusk.store\/sv\/produkt\/truusk-avslappningsstol-vridbar-tv-stol-med-liggfunktion-och-fotstod-upp-till-150-kg-belastning-konstlader-svart\/#primaryimage","url":"https:\/\/i0.wp.com\/truusk.store\/wp-content\/uploads\/2025\/06\/avslappningsstol-vridbar-tv-stol-med-liggfunktion-och-fotstod-upp-till-150-kg-belastning-tv-stol-i-konstlader-i-svart-for-vardagsrum-1.webp?fit=2000%2C2000&ssl=1","contentUrl":"https:\/\/i0.wp.com\/truusk.store\/wp-content\/uploads\/2025\/06\/avslappningsstol-vridbar-tv-stol-med-liggfunktion-och-fotstod-upp-till-150-kg-belastning-tv-stol-i-konstlader-i-svart-for-vardagsrum-1.webp?fit=2000%2C2000&ssl=1","width":2000,"height":2000},{"@type":"BreadcrumbList","@id":"https:\/\/truusk.store\/sv\/produkt\/truusk-avslappningsstol-vridbar-tv-stol-med-liggfunktion-och-fotstod-upp-till-150-kg-belastning-konstlader-svart\/#breadcrumb","itemListElement":[{"@type":"ListItem","position":1,"name":"Home","item":"https:\/\/truusk.store\/sv\/"},{"@type":"ListItem","position":2,"name":"Shop","item":"https:\/\/truusk.store\/shop\/"},{"@type":"ListItem","position":3,"name":"TRUUSK Avslappningsstol &#8211; Vridbar TV-stol &#8211; Med Liggfunktion och Fotst\u00f6d &#8211; Upp Till 150 Kg Belastning &#8211; Konstl\u00e4der &#8211; Svart &#8211;"}]},{"@type":"WebSite","@id":"https:\/\/truusk.store\/sv\/#website","url":"https:\/\/truusk.store\/sv\/","name":"TRUUSK - Hem, Tr\u00e4dg\u00e5rd & Fritid","description":"","publisher":{"@id":"https:\/\/truusk.store\/sv\/#organization"},"potentialAction":[{"@type":"SearchAction","target":{"@type":"EntryPoint","urlTemplate":"https:\/\/truusk.store\/sv\/?s={search_term_string}"},"query-input":{"@type":"PropertyValueSpecification","valueRequired":true,"valueName":"search_term_string"}}],"inLanguage":"sv-SE"},{"@type":"Organization","@id":"https:\/\/truusk.store\/sv\/#organization","name":"TRUUSK - Hem, Tr\u00e4dg\u00e5rd & Fritid","url":"https:\/\/truusk.store\/sv\/","logo":{"@type":"ImageObject","inLanguage":"sv-SE","@id":"https:\/\/truusk.store\/sv\/#\/schema\/logo\/image\/","url":"https:\/\/i0.wp.com\/truusk.store\/wp-content\/uploads\/2026\/03\/cropped-TRUUSK.png?fit=2032%2C917&ssl=1","contentUrl":"https:\/\/i0.wp.com\/truusk.store\/wp-content\/uploads\/2026\/03\/cropped-TRUUSK.png?fit=2032%2C917&ssl=1","width":2032,"height":917,"caption":"TRUUSK - Hem, Tr\u00e4dg\u00e5rd & Fritid"},"image":{"@id":"https:\/\/truusk.store\/sv\/#\/schema\/logo\/image\/"}}]}},"jetpack_sharing_enabled":true,"_links":{"self":[{"href":"https:\/\/truusk.store\/sv\/wp-json\/wp\/v2\/product\/59222","targetHints":{"allow":["GET"]}}],"collection":[{"href":"https:\/\/truusk.store\/sv\/wp-json\/wp\/v2\/product"}],"about":[{"href":"https:\/\/truusk.store\/sv\/wp-json\/wp\/v2\/types\/product"}],"wp:featuredmedia":[{"embeddable":true,"href":"https:\/\/truusk.store\/sv\/wp-json\/wp\/v2\/media\/59213"}],"wp:attachment":[{"href":"https:\/\/truusk.store\/sv\/wp-json\/wp\/v2\/media?parent=59222"}],"wp:term":[{"taxonomy":"product_brand","embeddable":true,"href":"https:\/\/truusk.store\/sv\/wp-json\/wp\/v2\/product_brand?post=59222"},{"taxonomy":"product_cat","embeddable":true,"href":"https:\/\/truusk.store\/sv\/wp-json\/wp\/v2\/product_cat?post=59222"},{"taxonomy":"product_tag","embeddable":true,"href":"https:\/\/truusk.store\/sv\/wp-json\/wp\/v2\/product_tag?post=59222"}],"curies":[{"name":"wp","href":"https:\/\/api.w.org\/{rel}","templated":true}]}}