{"id":59242,"date":"2025-06-05T00:44:24","date_gmt":"2025-06-04T23:44:24","guid":{"rendered":"https:\/\/truusk.store\/product\/matstolar-2-pack-koksstol-med-ryggstod-stoppad-stol-i-sammet-look-stalben-ljusgra-54-x-57-x-80-cm-for-vardagsrum\/"},"modified":"2026-03-12T09:15:22","modified_gmt":"2026-03-12T08:15:22","slug":"truusk-2-pack-matstolar-med-ryggstod-stoppad-i-sammet-look-stalben-ljusgra-54-x-57-x-80-cm-for-vardagsrum","status":"publish","type":"product","link":"https:\/\/truusk.store\/sv\/produkt\/truusk-2-pack-matstolar-med-ryggstod-stoppad-i-sammet-look-stalben-ljusgra-54-x-57-x-80-cm-for-vardagsrum\/","title":{"rendered":"TRUUSK 2-pack Matstolar &#8211; Med Ryggst\u00f6d &#8211; Stoppad i Sammet Look &#8211; St\u00e5lben &#8211; Ljusgr\u00e5 &#8211; 54 x 57 x 80 cm &#8211; F\u00f6r Vardagsrum"},"content":{"rendered":"<p>Framh\u00e4v k\u00f6ksb\u00e4nken eller v\u00e4lkomna g\u00e4ster med detta set av 2 matstolar. Den klassiska och enkla looken passar in i m\u00e5nga eleganta milj\u00f6er. Bekv\u00e4ma och vackra, k\u00f6ksstolarna erbjuder en b\u00f6jd ryggdel, gener\u00f6s stoppning, bred sittplats och fyra l\u00e5nga, vinklade st\u00e5lben f\u00f6r stabilitet. Den sammetslen tyget \u00e4r mjukt och sl\u00e4tt.<\/p>\n<p>Beskrivning:<\/p>\n<ul>\n<li> F\u00f6rpackad i ett set om 2 stycken<\/li>\n<li> Nordisk design av k\u00f6ksstolen, passar f\u00f6r en m\u00e4ngd eleganta boendemilj\u00f6er<\/li>\n<li> Mjuk sammet-look bel\u00e4ggning<\/li>\n<li> Bekv\u00e4mt stoppad sits<\/li>\n<li> Ergonomiskt b\u00f6jd ryggst\u00f6d och armst\u00f6d<\/li>\n<li> St\u00e5lram av matstolen med halkfria f\u00f6tter<\/li>\n<li> Montering kr\u00e4vs<\/li>\n<\/ul>\n<p>Tekniska specifikationer:<\/p>\n<ul>\n<li> F\u00e4rg: Ljusgr\u00e5<\/li>\n<li> Material: Sammet(100% Polyester), Skum, St\u00e5l<\/li>\n<li> Totala dimensioner: 54L x 57B x 80H cm<\/li>\n<li> Sitsstorlek: 39L x 45B cm<\/li>\n<li> Sitth\u00f6jd: 47 cm<\/li>\n<li> Ryggst\u00f6dets dimensioner: 38B x 48H cm<\/li>\n<li> B\u00e4rkapacitet: 120 kg<\/li>\n<\/ul>\n<p>Leveransinneh\u00e5ll:<\/p>\n<ul>\n<li> 2 x Vardagsrumsstolar<\/li>\n<li> 1 x Bruksanvisning<\/li>\n<\/ul>\n","protected":false},"excerpt":{"rendered":"<p>Framh\u00e4v k\u00f6ksb\u00e4nken eller v\u00e4lkomna g\u00e4ster med detta set av 2 matstolar. Den klassiska och enkla looken passar in i m\u00e5nga&#8230;<\/p>\n","protected":false},"featured_media":59233,"template":"","meta":[],"product_brand":[],"product_cat":[871,889,518],"product_tag":[],"class_list":{"0":"post-59242","1":"product","2":"type-product","3":"status-publish","4":"has-post-thumbnail","6":"product_cat-hus-hem","7":"product_cat-kok-matsal","8":"product_cat-matsalsstolar","10":"first","11":"instock","12":"sale","13":"taxable","14":"shipping-taxable","15":"purchasable","16":"product-type-simple"},"yoast_head":"<!-- This site is optimized with the Yoast SEO plugin v25.4 - https:\/\/yoast.com\/wordpress\/plugins\/seo\/ -->\n<title>TRUUSK 2-pack Matstolar - Med Ryggst\u00f6d - Stoppad i Sammet Look - St\u00e5lben - Ljusgr\u00e5 - 54 x 57 x 80 cm - F\u00f6r Vardagsrum - TRUUSK - Hem, Tr\u00e4dg\u00e5rd &amp; Fritid<\/title>\n<meta name=\"robots\" content=\"index, follow, max-snippet:-1, max-image-preview:large, max-video-preview:-1\" \/>\n<link rel=\"canonical\" href=\"https:\/\/truusk.store\/sv\/produkt\/truusk-2-pack-matstolar-med-ryggstod-stoppad-i-sammet-look-stalben-ljusgra-54-x-57-x-80-cm-for-vardagsrum\/\" \/>\n<meta property=\"og:locale\" content=\"sv_SE\" \/>\n<meta property=\"og:type\" content=\"article\" \/>\n<meta property=\"og:title\" content=\"TRUUSK 2-pack Matstolar - Med Ryggst\u00f6d - Stoppad i Sammet Look - St\u00e5lben - Ljusgr\u00e5 - 54 x 57 x 80 cm - F\u00f6r Vardagsrum - TRUUSK - Hem, Tr\u00e4dg\u00e5rd &amp; Fritid\" \/>\n<meta property=\"og:description\" content=\"Framh\u00e4v k\u00f6ksb\u00e4nken eller v\u00e4lkomna g\u00e4ster med detta set av 2 matstolar. Den klassiska och enkla looken passar in i m\u00e5nga...\" \/>\n<meta property=\"og:url\" content=\"https:\/\/truusk.store\/sv\/produkt\/truusk-2-pack-matstolar-med-ryggstod-stoppad-i-sammet-look-stalben-ljusgra-54-x-57-x-80-cm-for-vardagsrum\/\" \/>\n<meta property=\"og:site_name\" content=\"TRUUSK - Hem, Tr\u00e4dg\u00e5rd &amp; Fritid\" \/>\n<meta property=\"article:modified_time\" content=\"2026-03-12T08:15:22+00:00\" \/>\n<meta property=\"og:image\" content=\"https:\/\/i0.wp.com\/truusk.se\/wp-content\/uploads\/2025\/06\/matstolar-2-pack-koksstol-med-ryggstod-stoppad-stol-i-sammet-look-stalben-ljusgra-54-x-57-x-80-cm-for-vardagsrum-1.webp?fit=2000%2C2000&ssl=1\" \/>\n\t<meta property=\"og:image:width\" content=\"2000\" \/>\n\t<meta property=\"og:image:height\" content=\"2000\" \/>\n\t<meta property=\"og:image:type\" content=\"image\/webp\" \/>\n<meta name=\"twitter:card\" content=\"summary_large_image\" \/>\n<meta name=\"twitter:label1\" content=\"Ber\u00e4knad l\u00e4stid\" \/>\n\t<meta name=\"twitter:data1\" content=\"1 minut\" \/>\n<!-- \/ Yoast SEO plugin. -->","yoast_head_json":{"title":"TRUUSK 2-pack Matstolar - Med Ryggst\u00f6d - Stoppad i Sammet Look - St\u00e5lben - Ljusgr\u00e5 - 54 x 57 x 80 cm - F\u00f6r Vardagsrum - TRUUSK - Hem, Tr\u00e4dg\u00e5rd &amp; Fritid","robots":{"index":"index","follow":"follow","max-snippet":"max-snippet:-1","max-image-preview":"max-image-preview:large","max-video-preview":"max-video-preview:-1"},"canonical":"https:\/\/truusk.store\/sv\/produkt\/truusk-2-pack-matstolar-med-ryggstod-stoppad-i-sammet-look-stalben-ljusgra-54-x-57-x-80-cm-for-vardagsrum\/","og_locale":"sv_SE","og_type":"article","og_title":"TRUUSK 2-pack Matstolar - Med Ryggst\u00f6d - Stoppad i Sammet Look - St\u00e5lben - Ljusgr\u00e5 - 54 x 57 x 80 cm - F\u00f6r Vardagsrum - TRUUSK - Hem, Tr\u00e4dg\u00e5rd &amp; Fritid","og_description":"Framh\u00e4v k\u00f6ksb\u00e4nken eller v\u00e4lkomna g\u00e4ster med detta set av 2 matstolar. Den klassiska och enkla looken passar in i m\u00e5nga...","og_url":"https:\/\/truusk.store\/sv\/produkt\/truusk-2-pack-matstolar-med-ryggstod-stoppad-i-sammet-look-stalben-ljusgra-54-x-57-x-80-cm-for-vardagsrum\/","og_site_name":"TRUUSK - Hem, Tr\u00e4dg\u00e5rd &amp; Fritid","article_modified_time":"2026-03-12T08:15:22+00:00","og_image":[{"width":2000,"height":2000,"url":"https:\/\/i0.wp.com\/truusk.se\/wp-content\/uploads\/2025\/06\/matstolar-2-pack-koksstol-med-ryggstod-stoppad-stol-i-sammet-look-stalben-ljusgra-54-x-57-x-80-cm-for-vardagsrum-1.webp?fit=2000%2C2000&ssl=1","type":"image\/webp"}],"twitter_card":"summary_large_image","twitter_misc":{"Ber\u00e4knad l\u00e4stid":"1 minut"},"schema":{"@context":"https:\/\/schema.org","@graph":[{"@type":"WebPage","@id":"https:\/\/truusk.store\/sv\/produkt\/truusk-2-pack-matstolar-med-ryggstod-stoppad-i-sammet-look-stalben-ljusgra-54-x-57-x-80-cm-for-vardagsrum\/","url":"https:\/\/truusk.store\/sv\/produkt\/truusk-2-pack-matstolar-med-ryggstod-stoppad-i-sammet-look-stalben-ljusgra-54-x-57-x-80-cm-for-vardagsrum\/","name":"TRUUSK 2-pack Matstolar - Med Ryggst\u00f6d - Stoppad i Sammet Look - St\u00e5lben - Ljusgr\u00e5 - 54 x 57 x 80 cm - F\u00f6r Vardagsrum - TRUUSK - Hem, Tr\u00e4dg\u00e5rd &amp; Fritid","isPartOf":{"@id":"https:\/\/truusk.store\/sv\/#website"},"primaryImageOfPage":{"@id":"https:\/\/truusk.store\/sv\/produkt\/truusk-2-pack-matstolar-med-ryggstod-stoppad-i-sammet-look-stalben-ljusgra-54-x-57-x-80-cm-for-vardagsrum\/#primaryimage"},"image":{"@id":"https:\/\/truusk.store\/sv\/produkt\/truusk-2-pack-matstolar-med-ryggstod-stoppad-i-sammet-look-stalben-ljusgra-54-x-57-x-80-cm-for-vardagsrum\/#primaryimage"},"thumbnailUrl":"https:\/\/i0.wp.com\/truusk.store\/wp-content\/uploads\/2025\/06\/matstolar-2-pack-koksstol-med-ryggstod-stoppad-stol-i-sammet-look-stalben-ljusgra-54-x-57-x-80-cm-for-vardagsrum-1.webp?fit=2000%2C2000&ssl=1","datePublished":"2025-06-04T23:44:24+00:00","dateModified":"2026-03-12T08:15:22+00:00","breadcrumb":{"@id":"https:\/\/truusk.store\/sv\/produkt\/truusk-2-pack-matstolar-med-ryggstod-stoppad-i-sammet-look-stalben-ljusgra-54-x-57-x-80-cm-for-vardagsrum\/#breadcrumb"},"inLanguage":"sv-SE","potentialAction":[{"@type":"ReadAction","target":["https:\/\/truusk.store\/sv\/produkt\/truusk-2-pack-matstolar-med-ryggstod-stoppad-i-sammet-look-stalben-ljusgra-54-x-57-x-80-cm-for-vardagsrum\/"]}]},{"@type":"ImageObject","inLanguage":"sv-SE","@id":"https:\/\/truusk.store\/sv\/produkt\/truusk-2-pack-matstolar-med-ryggstod-stoppad-i-sammet-look-stalben-ljusgra-54-x-57-x-80-cm-for-vardagsrum\/#primaryimage","url":"https:\/\/i0.wp.com\/truusk.store\/wp-content\/uploads\/2025\/06\/matstolar-2-pack-koksstol-med-ryggstod-stoppad-stol-i-sammet-look-stalben-ljusgra-54-x-57-x-80-cm-for-vardagsrum-1.webp?fit=2000%2C2000&ssl=1","contentUrl":"https:\/\/i0.wp.com\/truusk.store\/wp-content\/uploads\/2025\/06\/matstolar-2-pack-koksstol-med-ryggstod-stoppad-stol-i-sammet-look-stalben-ljusgra-54-x-57-x-80-cm-for-vardagsrum-1.webp?fit=2000%2C2000&ssl=1","width":2000,"height":2000},{"@type":"BreadcrumbList","@id":"https:\/\/truusk.store\/sv\/produkt\/truusk-2-pack-matstolar-med-ryggstod-stoppad-i-sammet-look-stalben-ljusgra-54-x-57-x-80-cm-for-vardagsrum\/#breadcrumb","itemListElement":[{"@type":"ListItem","position":1,"name":"Home","item":"https:\/\/truusk.store\/sv\/"},{"@type":"ListItem","position":2,"name":"Shop","item":"https:\/\/truusk.store\/shop\/"},{"@type":"ListItem","position":3,"name":"TRUUSK 2-pack Matstolar &#8211; Med Ryggst\u00f6d &#8211; Stoppad i Sammet Look &#8211; St\u00e5lben &#8211; Ljusgr\u00e5 &#8211; 54 x 57 x 80 cm &#8211; F\u00f6r Vardagsrum"}]},{"@type":"WebSite","@id":"https:\/\/truusk.store\/sv\/#website","url":"https:\/\/truusk.store\/sv\/","name":"TRUUSK - Hem, Tr\u00e4dg\u00e5rd & Fritid","description":"","publisher":{"@id":"https:\/\/truusk.store\/sv\/#organization"},"potentialAction":[{"@type":"SearchAction","target":{"@type":"EntryPoint","urlTemplate":"https:\/\/truusk.store\/sv\/?s={search_term_string}"},"query-input":{"@type":"PropertyValueSpecification","valueRequired":true,"valueName":"search_term_string"}}],"inLanguage":"sv-SE"},{"@type":"Organization","@id":"https:\/\/truusk.store\/sv\/#organization","name":"TRUUSK - Hem, Tr\u00e4dg\u00e5rd & Fritid","url":"https:\/\/truusk.store\/sv\/","logo":{"@type":"ImageObject","inLanguage":"sv-SE","@id":"https:\/\/truusk.store\/sv\/#\/schema\/logo\/image\/","url":"https:\/\/i0.wp.com\/truusk.store\/wp-content\/uploads\/2026\/03\/cropped-TRUUSK.png?fit=2032%2C917&ssl=1","contentUrl":"https:\/\/i0.wp.com\/truusk.store\/wp-content\/uploads\/2026\/03\/cropped-TRUUSK.png?fit=2032%2C917&ssl=1","width":2032,"height":917,"caption":"TRUUSK - Hem, Tr\u00e4dg\u00e5rd & Fritid"},"image":{"@id":"https:\/\/truusk.store\/sv\/#\/schema\/logo\/image\/"}}]}},"jetpack_sharing_enabled":true,"_links":{"self":[{"href":"https:\/\/truusk.store\/sv\/wp-json\/wp\/v2\/product\/59242","targetHints":{"allow":["GET"]}}],"collection":[{"href":"https:\/\/truusk.store\/sv\/wp-json\/wp\/v2\/product"}],"about":[{"href":"https:\/\/truusk.store\/sv\/wp-json\/wp\/v2\/types\/product"}],"wp:featuredmedia":[{"embeddable":true,"href":"https:\/\/truusk.store\/sv\/wp-json\/wp\/v2\/media\/59233"}],"wp:attachment":[{"href":"https:\/\/truusk.store\/sv\/wp-json\/wp\/v2\/media?parent=59242"}],"wp:term":[{"taxonomy":"product_brand","embeddable":true,"href":"https:\/\/truusk.store\/sv\/wp-json\/wp\/v2\/product_brand?post=59242"},{"taxonomy":"product_cat","embeddable":true,"href":"https:\/\/truusk.store\/sv\/wp-json\/wp\/v2\/product_cat?post=59242"},{"taxonomy":"product_tag","embeddable":true,"href":"https:\/\/truusk.store\/sv\/wp-json\/wp\/v2\/product_tag?post=59242"}],"curies":[{"name":"wp","href":"https:\/\/api.w.org\/{rel}","templated":true}]}}