{"id":59252,"date":"2025-06-05T00:45:31","date_gmt":"2025-06-04T23:45:31","guid":{"rendered":"https:\/\/truusk.store\/product\/avslappningsstol-med-pall-360-roterbar-130-lutbar-med-liggfunktion-hog-ryggstod-traram-konstlader-76x85x104cm-gra\/"},"modified":"2026-03-12T09:40:27","modified_gmt":"2026-03-12T08:40:27","slug":"truusk-avslappningsstol-med-pall-360-roterbar-130-lutbar-liggfunktion-hog-ryggstod-traram-konstlader-gra","status":"publish","type":"product","link":"https:\/\/truusk.store\/sv\/produkt\/truusk-avslappningsstol-med-pall-360-roterbar-130-lutbar-liggfunktion-hog-ryggstod-traram-konstlader-gra\/","title":{"rendered":"TRUUSK Avslappningsstol Med Pall &#8211; 360\u00b0 Roterbar &#8211; 130\u00b0 Lutbar &#8211; Liggfunktion &#8211; H\u00f6g Ryggst\u00f6d &#8211; Tr\u00e4ram &#8211; Konstl\u00e4der &#8211; Gr\u00e5"},"content":{"rendered":"<p>Slappna av med stil med relaxstolen med fotpall fr\u00e5n TRUUSK, din nya partnerduo f\u00f6r ultimat avkoppling! Luta dig tillbaka upp till 130\u00b0 och njut av r\u00f6relsefriheten med en 360\u00b0 roterande bas och en gungfunktion. Unna dig lyxen av v\u00e5r TRUUSK TV-stol, omsluten av elegant konstl\u00e4der och inb\u00e4ddad i en stabil ram av b\u00f6jt tr\u00e4. Idealisk f\u00f6r vardagsrummet eller som en stilfull till\u00e4gg till din l\u00e4sh\u00f6rna.<\/p>\n<p>Beskrivning:<\/p>\n<ul>\n<li> Lutar tillbaka upp till 130\u00b0 och kommer med en fotpall f\u00f6r optimal avkoppling<\/li>\n<li> Har en 360\u00b0 roterande bas f\u00f6r komfort<\/li>\n<li> H\u00f6g ryggst\u00f6d och utsv\u00e4ngda armst\u00f6d p\u00e5 TV-stolen med tjock stoppning ger st\u00f6djande komfort<\/li>\n<li> Kl\u00e4dd med elegant konstl\u00e4der, vilket m\u00f6jligg\u00f6r enkel v\u00e5rd<\/li>\n<li> Robust ram av tr\u00e4 garanterar h\u00e5llbarhet<\/li>\n<li> Skyddande fotdynor skyddar dina golv fr\u00e5n repor<\/li>\n<li> Montering kr\u00e4vs<\/li>\n<\/ul>\n<p> Tekniska data:<\/p>\n<ul>\n<li> F\u00e4rg: Gr\u00e5<\/li>\n<li> Material: Konstl\u00e4der, skum, tr\u00e4<\/li>\n<li> M\u00e5tt i uppr\u00e4tt tillst\u00e5nd: 76B x 85T x 104H cm<\/li>\n<li> M\u00e5tt: (fullt lutad)76B x 117T x 89H cm<\/li>\n<li> Storlek p\u00e5 fotpallen: 48B x 43T x 38H cm<\/li>\n<li> Sitsstorlek: 56B x 53T x 45H cm<\/li>\n<li> Sits tjocklek: 13 cm<\/li>\n<li> Ryggst\u00f6d: 82B x 64T x 14H cm<\/li>\n<li> Armst\u00f6dsm\u00e5tt: 52B x 13T x 11H cm<\/li>\n<li> Minsta avst\u00e5nd till v\u00e4gg: 80 cm<\/li>\n<li> Belastningskapacitet: 150 kg<\/li>\n<\/ul>\n<p>Leveransinneh\u00e5ll:<\/p>\n<ul>\n<li> 1 x Relaxstol<\/li>\n<li> 1 x Fotpall<\/li>\n<li> 1 x Handbok<\/li>\n<\/ul>\n","protected":false},"excerpt":{"rendered":"<p>Slappna av med stil med relaxstolen med fotpall fr\u00e5n TRUUSK, din nya partnerduo f\u00f6r ultimat avkoppling! Luta dig tillbaka upp&#8230;<\/p>\n","protected":false},"featured_media":59243,"template":"","meta":[],"product_brand":[],"product_cat":[521,871,920,910],"product_tag":[],"class_list":{"0":"post-59252","1":"product","2":"type-product","3":"status-publish","4":"has-post-thumbnail","6":"product_cat-fatolj","7":"product_cat-hus-hem","8":"product_cat-relaxsessel-mit-hocker","9":"product_cat-vardagsrum","11":"first","12":"instock","13":"sale","14":"taxable","15":"shipping-taxable","16":"purchasable","17":"product-type-simple"},"yoast_head":"<!-- This site is optimized with the Yoast SEO plugin v25.4 - https:\/\/yoast.com\/wordpress\/plugins\/seo\/ -->\n<title>TRUUSK Avslappningsstol Med Pall - 360\u00b0 Roterbar - 130\u00b0 Lutbar - Liggfunktion - H\u00f6g Ryggst\u00f6d - Tr\u00e4ram - Konstl\u00e4der - Gr\u00e5 - TRUUSK - Hem, Tr\u00e4dg\u00e5rd &amp; Fritid<\/title>\n<meta name=\"robots\" content=\"index, follow, max-snippet:-1, max-image-preview:large, max-video-preview:-1\" \/>\n<link rel=\"canonical\" href=\"https:\/\/truusk.store\/sv\/produkt\/truusk-avslappningsstol-med-pall-360-roterbar-130-lutbar-liggfunktion-hog-ryggstod-traram-konstlader-gra\/\" \/>\n<meta property=\"og:locale\" content=\"sv_SE\" \/>\n<meta property=\"og:type\" content=\"article\" \/>\n<meta property=\"og:title\" content=\"TRUUSK Avslappningsstol Med Pall - 360\u00b0 Roterbar - 130\u00b0 Lutbar - Liggfunktion - H\u00f6g Ryggst\u00f6d - Tr\u00e4ram - Konstl\u00e4der - Gr\u00e5 - TRUUSK - Hem, Tr\u00e4dg\u00e5rd &amp; Fritid\" \/>\n<meta property=\"og:description\" content=\"Slappna av med stil med relaxstolen med fotpall fr\u00e5n TRUUSK, din nya partnerduo f\u00f6r ultimat avkoppling! Luta dig tillbaka upp...\" \/>\n<meta property=\"og:url\" content=\"https:\/\/truusk.store\/sv\/produkt\/truusk-avslappningsstol-med-pall-360-roterbar-130-lutbar-liggfunktion-hog-ryggstod-traram-konstlader-gra\/\" \/>\n<meta property=\"og:site_name\" content=\"TRUUSK - Hem, Tr\u00e4dg\u00e5rd &amp; Fritid\" \/>\n<meta property=\"article:modified_time\" content=\"2026-03-12T08:40:27+00:00\" \/>\n<meta property=\"og:image\" content=\"https:\/\/i0.wp.com\/truusk.se\/wp-content\/uploads\/2025\/06\/avslappningsstol-med-pall-360-roterbar-130-lutbar-med-liggfunktion-hog-ryggstod-traram-konstlader-76x85x104cm-gra-1.webp?fit=2000%2C2000&ssl=1\" \/>\n\t<meta property=\"og:image:width\" content=\"2000\" \/>\n\t<meta property=\"og:image:height\" content=\"2000\" \/>\n\t<meta property=\"og:image:type\" content=\"image\/webp\" \/>\n<meta name=\"twitter:card\" content=\"summary_large_image\" \/>\n<meta name=\"twitter:label1\" content=\"Ber\u00e4knad l\u00e4stid\" \/>\n\t<meta name=\"twitter:data1\" content=\"1 minut\" \/>\n<!-- \/ Yoast SEO plugin. -->","yoast_head_json":{"title":"TRUUSK Avslappningsstol Med Pall - 360\u00b0 Roterbar - 130\u00b0 Lutbar - Liggfunktion - H\u00f6g Ryggst\u00f6d - Tr\u00e4ram - Konstl\u00e4der - Gr\u00e5 - TRUUSK - Hem, Tr\u00e4dg\u00e5rd &amp; Fritid","robots":{"index":"index","follow":"follow","max-snippet":"max-snippet:-1","max-image-preview":"max-image-preview:large","max-video-preview":"max-video-preview:-1"},"canonical":"https:\/\/truusk.store\/sv\/produkt\/truusk-avslappningsstol-med-pall-360-roterbar-130-lutbar-liggfunktion-hog-ryggstod-traram-konstlader-gra\/","og_locale":"sv_SE","og_type":"article","og_title":"TRUUSK Avslappningsstol Med Pall - 360\u00b0 Roterbar - 130\u00b0 Lutbar - Liggfunktion - H\u00f6g Ryggst\u00f6d - Tr\u00e4ram - Konstl\u00e4der - Gr\u00e5 - TRUUSK - Hem, Tr\u00e4dg\u00e5rd &amp; Fritid","og_description":"Slappna av med stil med relaxstolen med fotpall fr\u00e5n TRUUSK, din nya partnerduo f\u00f6r ultimat avkoppling! Luta dig tillbaka upp...","og_url":"https:\/\/truusk.store\/sv\/produkt\/truusk-avslappningsstol-med-pall-360-roterbar-130-lutbar-liggfunktion-hog-ryggstod-traram-konstlader-gra\/","og_site_name":"TRUUSK - Hem, Tr\u00e4dg\u00e5rd &amp; Fritid","article_modified_time":"2026-03-12T08:40:27+00:00","og_image":[{"width":2000,"height":2000,"url":"https:\/\/i0.wp.com\/truusk.se\/wp-content\/uploads\/2025\/06\/avslappningsstol-med-pall-360-roterbar-130-lutbar-med-liggfunktion-hog-ryggstod-traram-konstlader-76x85x104cm-gra-1.webp?fit=2000%2C2000&ssl=1","type":"image\/webp"}],"twitter_card":"summary_large_image","twitter_misc":{"Ber\u00e4knad l\u00e4stid":"1 minut"},"schema":{"@context":"https:\/\/schema.org","@graph":[{"@type":"WebPage","@id":"https:\/\/truusk.store\/sv\/produkt\/truusk-avslappningsstol-med-pall-360-roterbar-130-lutbar-liggfunktion-hog-ryggstod-traram-konstlader-gra\/","url":"https:\/\/truusk.store\/sv\/produkt\/truusk-avslappningsstol-med-pall-360-roterbar-130-lutbar-liggfunktion-hog-ryggstod-traram-konstlader-gra\/","name":"TRUUSK Avslappningsstol Med Pall - 360\u00b0 Roterbar - 130\u00b0 Lutbar - Liggfunktion - H\u00f6g Ryggst\u00f6d - Tr\u00e4ram - Konstl\u00e4der - Gr\u00e5 - TRUUSK - Hem, Tr\u00e4dg\u00e5rd &amp; Fritid","isPartOf":{"@id":"https:\/\/truusk.store\/sv\/#website"},"primaryImageOfPage":{"@id":"https:\/\/truusk.store\/sv\/produkt\/truusk-avslappningsstol-med-pall-360-roterbar-130-lutbar-liggfunktion-hog-ryggstod-traram-konstlader-gra\/#primaryimage"},"image":{"@id":"https:\/\/truusk.store\/sv\/produkt\/truusk-avslappningsstol-med-pall-360-roterbar-130-lutbar-liggfunktion-hog-ryggstod-traram-konstlader-gra\/#primaryimage"},"thumbnailUrl":"https:\/\/i0.wp.com\/truusk.store\/wp-content\/uploads\/2025\/06\/avslappningsstol-med-pall-360-roterbar-130-lutbar-med-liggfunktion-hog-ryggstod-traram-konstlader-76x85x104cm-gra-1.webp?fit=2000%2C2000&ssl=1","datePublished":"2025-06-04T23:45:31+00:00","dateModified":"2026-03-12T08:40:27+00:00","breadcrumb":{"@id":"https:\/\/truusk.store\/sv\/produkt\/truusk-avslappningsstol-med-pall-360-roterbar-130-lutbar-liggfunktion-hog-ryggstod-traram-konstlader-gra\/#breadcrumb"},"inLanguage":"sv-SE","potentialAction":[{"@type":"ReadAction","target":["https:\/\/truusk.store\/sv\/produkt\/truusk-avslappningsstol-med-pall-360-roterbar-130-lutbar-liggfunktion-hog-ryggstod-traram-konstlader-gra\/"]}]},{"@type":"ImageObject","inLanguage":"sv-SE","@id":"https:\/\/truusk.store\/sv\/produkt\/truusk-avslappningsstol-med-pall-360-roterbar-130-lutbar-liggfunktion-hog-ryggstod-traram-konstlader-gra\/#primaryimage","url":"https:\/\/i0.wp.com\/truusk.store\/wp-content\/uploads\/2025\/06\/avslappningsstol-med-pall-360-roterbar-130-lutbar-med-liggfunktion-hog-ryggstod-traram-konstlader-76x85x104cm-gra-1.webp?fit=2000%2C2000&ssl=1","contentUrl":"https:\/\/i0.wp.com\/truusk.store\/wp-content\/uploads\/2025\/06\/avslappningsstol-med-pall-360-roterbar-130-lutbar-med-liggfunktion-hog-ryggstod-traram-konstlader-76x85x104cm-gra-1.webp?fit=2000%2C2000&ssl=1","width":2000,"height":2000},{"@type":"BreadcrumbList","@id":"https:\/\/truusk.store\/sv\/produkt\/truusk-avslappningsstol-med-pall-360-roterbar-130-lutbar-liggfunktion-hog-ryggstod-traram-konstlader-gra\/#breadcrumb","itemListElement":[{"@type":"ListItem","position":1,"name":"Home","item":"https:\/\/truusk.store\/sv\/"},{"@type":"ListItem","position":2,"name":"Shop","item":"https:\/\/truusk.store\/shop\/"},{"@type":"ListItem","position":3,"name":"TRUUSK Avslappningsstol Med Pall &#8211; 360\u00b0 Roterbar &#8211; 130\u00b0 Lutbar &#8211; Liggfunktion &#8211; H\u00f6g Ryggst\u00f6d &#8211; Tr\u00e4ram &#8211; Konstl\u00e4der &#8211; Gr\u00e5"}]},{"@type":"WebSite","@id":"https:\/\/truusk.store\/sv\/#website","url":"https:\/\/truusk.store\/sv\/","name":"TRUUSK - Hem, Tr\u00e4dg\u00e5rd & Fritid","description":"","publisher":{"@id":"https:\/\/truusk.store\/sv\/#organization"},"potentialAction":[{"@type":"SearchAction","target":{"@type":"EntryPoint","urlTemplate":"https:\/\/truusk.store\/sv\/?s={search_term_string}"},"query-input":{"@type":"PropertyValueSpecification","valueRequired":true,"valueName":"search_term_string"}}],"inLanguage":"sv-SE"},{"@type":"Organization","@id":"https:\/\/truusk.store\/sv\/#organization","name":"TRUUSK - Hem, Tr\u00e4dg\u00e5rd & Fritid","url":"https:\/\/truusk.store\/sv\/","logo":{"@type":"ImageObject","inLanguage":"sv-SE","@id":"https:\/\/truusk.store\/sv\/#\/schema\/logo\/image\/","url":"https:\/\/i0.wp.com\/truusk.store\/wp-content\/uploads\/2026\/03\/cropped-TRUUSK.png?fit=2032%2C917&ssl=1","contentUrl":"https:\/\/i0.wp.com\/truusk.store\/wp-content\/uploads\/2026\/03\/cropped-TRUUSK.png?fit=2032%2C917&ssl=1","width":2032,"height":917,"caption":"TRUUSK - Hem, Tr\u00e4dg\u00e5rd & Fritid"},"image":{"@id":"https:\/\/truusk.store\/sv\/#\/schema\/logo\/image\/"}}]}},"jetpack_sharing_enabled":true,"_links":{"self":[{"href":"https:\/\/truusk.store\/sv\/wp-json\/wp\/v2\/product\/59252","targetHints":{"allow":["GET"]}}],"collection":[{"href":"https:\/\/truusk.store\/sv\/wp-json\/wp\/v2\/product"}],"about":[{"href":"https:\/\/truusk.store\/sv\/wp-json\/wp\/v2\/types\/product"}],"wp:featuredmedia":[{"embeddable":true,"href":"https:\/\/truusk.store\/sv\/wp-json\/wp\/v2\/media\/59243"}],"wp:attachment":[{"href":"https:\/\/truusk.store\/sv\/wp-json\/wp\/v2\/media?parent=59252"}],"wp:term":[{"taxonomy":"product_brand","embeddable":true,"href":"https:\/\/truusk.store\/sv\/wp-json\/wp\/v2\/product_brand?post=59252"},{"taxonomy":"product_cat","embeddable":true,"href":"https:\/\/truusk.store\/sv\/wp-json\/wp\/v2\/product_cat?post=59252"},{"taxonomy":"product_tag","embeddable":true,"href":"https:\/\/truusk.store\/sv\/wp-json\/wp\/v2\/product_tag?post=59252"}],"curies":[{"name":"wp","href":"https:\/\/api.w.org\/{rel}","templated":true}]}}