{"id":59282,"date":"2025-06-05T00:48:25","date_gmt":"2025-06-04T23:48:25","guid":{"rendered":"https:\/\/truusk.store\/product\/bordslampa-uppladdningsbar-usb-bordslampa-med-3-ljusfarger-barbar-nattbordslampa-med-touch-knapp-for-vardagsrum-metall-vit\/"},"modified":"2026-03-12T09:27:30","modified_gmt":"2026-03-12T08:27:30","slug":"truusk-uppladdningsbar-usb-bordslampa-3-ljusfarger-touch-knapp-barbar-nattbordslampa-metall-vit","status":"publish","type":"product","link":"https:\/\/truusk.store\/sv\/produkt\/truusk-uppladdningsbar-usb-bordslampa-3-ljusfarger-touch-knapp-barbar-nattbordslampa-metall-vit\/","title":{"rendered":"TRUUSK Uppladdningsbar USB Bordslampa &#8211; 3 Ljusf\u00e4rger &#8211; Touch-knapp &#8211; B\u00e4rbar Nattbordslampa &#8211; Metall Vit"},"content":{"rendered":"<p>God belysning \u00e4r avg\u00f6rande i varje hem. Denna LED-bordslampa fr\u00e5n TRUUSK skapar en atmosf\u00e4r som passar dina behov. Den erbjuder behagligt ljus f\u00f6r l\u00e4sning, arbete och underh\u00e5llning och bidrar till en mysig atmosf\u00e4r.<\/p>\n<p>Beskrivning:<\/p>\n<ul>\n<li> \u00c5teruppladdningsbar nattbords- eller skrivbordslampa, med 4-16 timmars anv\u00e4ndningstid, kan \u00e4ven anv\u00e4ndas under laddning<\/li>\n<li> USB-typ-C-laddningsport och laddningskabel ing\u00e5r, f\u00f6r enkel laddning<\/li>\n<li> LED-ljus i tre f\u00e4rger (varmvitt, vitt, kallvitt) med en ljusstyrka p\u00e5 390 lumen<\/li>\n<li> Modern bordslampa med enkel profil och traditionell design<\/li>\n<li> L\u00e4mplig belysning f\u00f6r studier, arbete och mer<\/li>\n<li> Ber\u00f6ringsk\u00e4nslig och tr\u00e5dl\u00f6s lampa<\/li>\n<li> Med skyddsklass IP20<\/li>\n<\/ul>\n<p> Tekniska data:<\/p>\n<ul>\n<li> F\u00e4rg: Vit<\/li>\n<li> Material: Metall, Akryl<\/li>\n<li> Totala dimensioner: \u00d811,2 x 36,5H cm<\/li>\n<li> M\u00e5tt p\u00e5 sk\u00e4rmen: \u00d811,2 x 7H cm<\/li>\n<li> M\u00e5tt p\u00e5 basen: \u00d810 x 1,5H cm<\/li>\n<li> F\u00e4rgtemperatur: 3000K\/4500K\/6500K (Varmvitt, Vitt, Kallvitt)<\/li>\n<li> Lumen: 390 LM<\/li>\n<li> Batteri: 3600 mAh<\/li>\n<li> Ing\u00e5ng: 5V, 1A<\/li>\n<li> Utg\u00e5ng: 4W<\/li>\n<li> Notera:1. Batteriets prestanda minskar med frekvensen av laddning och urladdning.2. Det rekommenderas inte att l\u00e4mna batteriet oanv\u00e4nt under en l\u00e4ngre tid<\/li>\n<\/ul>\n<p>Leveransinneh\u00e5ll:<\/p>\n<ul>\n<li> 1 x Bordslampa<\/li>\n<li> 1 x Laddningskabel<\/li>\n<li> 1 x Bruksanvisning<\/li>\n<\/ul>\n","protected":false},"excerpt":{"rendered":"<p>God belysning \u00e4r avg\u00f6rande i varje hem. Denna LED-bordslampa fr\u00e5n TRUUSK skapar en atmosf\u00e4r som passar dina behov. Den erbjuder&#8230;<\/p>\n","protected":false},"featured_media":59273,"template":"","meta":[],"product_brand":[],"product_cat":[486,960,871],"product_tag":[],"class_list":{"0":"post-59282","1":"product","2":"type-product","3":"status-publish","4":"has-post-thumbnail","6":"product_cat-belysning","7":"product_cat-bordlampor","8":"product_cat-hus-hem","10":"first","11":"instock","12":"sale","13":"taxable","14":"shipping-taxable","15":"purchasable","16":"product-type-simple"},"yoast_head":"<!-- This site is optimized with the Yoast SEO plugin v25.4 - https:\/\/yoast.com\/wordpress\/plugins\/seo\/ -->\n<title>TRUUSK Uppladdningsbar USB Bordslampa - 3 Ljusf\u00e4rger - Touch-knapp - B\u00e4rbar Nattbordslampa - Metall Vit - TRUUSK - Hem, Tr\u00e4dg\u00e5rd &amp; Fritid<\/title>\n<meta name=\"robots\" content=\"index, follow, max-snippet:-1, max-image-preview:large, max-video-preview:-1\" \/>\n<link rel=\"canonical\" href=\"https:\/\/truusk.store\/sv\/produkt\/truusk-uppladdningsbar-usb-bordslampa-3-ljusfarger-touch-knapp-barbar-nattbordslampa-metall-vit\/\" \/>\n<meta property=\"og:locale\" content=\"sv_SE\" \/>\n<meta property=\"og:type\" content=\"article\" \/>\n<meta property=\"og:title\" content=\"TRUUSK Uppladdningsbar USB Bordslampa - 3 Ljusf\u00e4rger - Touch-knapp - B\u00e4rbar Nattbordslampa - Metall Vit - TRUUSK - Hem, Tr\u00e4dg\u00e5rd &amp; Fritid\" \/>\n<meta property=\"og:description\" content=\"God belysning \u00e4r avg\u00f6rande i varje hem. Denna LED-bordslampa fr\u00e5n TRUUSK skapar en atmosf\u00e4r som passar dina behov. Den erbjuder...\" \/>\n<meta property=\"og:url\" content=\"https:\/\/truusk.store\/sv\/produkt\/truusk-uppladdningsbar-usb-bordslampa-3-ljusfarger-touch-knapp-barbar-nattbordslampa-metall-vit\/\" \/>\n<meta property=\"og:site_name\" content=\"TRUUSK - Hem, Tr\u00e4dg\u00e5rd &amp; Fritid\" \/>\n<meta property=\"article:modified_time\" content=\"2026-03-12T08:27:30+00:00\" \/>\n<meta property=\"og:image\" content=\"https:\/\/i0.wp.com\/truusk.se\/wp-content\/uploads\/2025\/06\/bordslampa-uppladdningsbar-usb-bordslampa-med-3-ljusfarger-barbar-nattbordslampa-med-touch-knapp-for-vardagsrum-metall-vit-1.webp?fit=2000%2C2000&ssl=1\" \/>\n\t<meta property=\"og:image:width\" content=\"2000\" \/>\n\t<meta property=\"og:image:height\" content=\"2000\" \/>\n\t<meta property=\"og:image:type\" content=\"image\/webp\" \/>\n<meta name=\"twitter:card\" content=\"summary_large_image\" \/>\n<meta name=\"twitter:label1\" content=\"Ber\u00e4knad l\u00e4stid\" \/>\n\t<meta name=\"twitter:data1\" content=\"1 minut\" \/>\n<!-- \/ Yoast SEO plugin. -->","yoast_head_json":{"title":"TRUUSK Uppladdningsbar USB Bordslampa - 3 Ljusf\u00e4rger - Touch-knapp - B\u00e4rbar Nattbordslampa - Metall Vit - TRUUSK - Hem, Tr\u00e4dg\u00e5rd &amp; Fritid","robots":{"index":"index","follow":"follow","max-snippet":"max-snippet:-1","max-image-preview":"max-image-preview:large","max-video-preview":"max-video-preview:-1"},"canonical":"https:\/\/truusk.store\/sv\/produkt\/truusk-uppladdningsbar-usb-bordslampa-3-ljusfarger-touch-knapp-barbar-nattbordslampa-metall-vit\/","og_locale":"sv_SE","og_type":"article","og_title":"TRUUSK Uppladdningsbar USB Bordslampa - 3 Ljusf\u00e4rger - Touch-knapp - B\u00e4rbar Nattbordslampa - Metall Vit - TRUUSK - Hem, Tr\u00e4dg\u00e5rd &amp; Fritid","og_description":"God belysning \u00e4r avg\u00f6rande i varje hem. Denna LED-bordslampa fr\u00e5n TRUUSK skapar en atmosf\u00e4r som passar dina behov. Den erbjuder...","og_url":"https:\/\/truusk.store\/sv\/produkt\/truusk-uppladdningsbar-usb-bordslampa-3-ljusfarger-touch-knapp-barbar-nattbordslampa-metall-vit\/","og_site_name":"TRUUSK - Hem, Tr\u00e4dg\u00e5rd &amp; Fritid","article_modified_time":"2026-03-12T08:27:30+00:00","og_image":[{"width":2000,"height":2000,"url":"https:\/\/i0.wp.com\/truusk.se\/wp-content\/uploads\/2025\/06\/bordslampa-uppladdningsbar-usb-bordslampa-med-3-ljusfarger-barbar-nattbordslampa-med-touch-knapp-for-vardagsrum-metall-vit-1.webp?fit=2000%2C2000&ssl=1","type":"image\/webp"}],"twitter_card":"summary_large_image","twitter_misc":{"Ber\u00e4knad l\u00e4stid":"1 minut"},"schema":{"@context":"https:\/\/schema.org","@graph":[{"@type":"WebPage","@id":"https:\/\/truusk.store\/sv\/produkt\/truusk-uppladdningsbar-usb-bordslampa-3-ljusfarger-touch-knapp-barbar-nattbordslampa-metall-vit\/","url":"https:\/\/truusk.store\/sv\/produkt\/truusk-uppladdningsbar-usb-bordslampa-3-ljusfarger-touch-knapp-barbar-nattbordslampa-metall-vit\/","name":"TRUUSK Uppladdningsbar USB Bordslampa - 3 Ljusf\u00e4rger - Touch-knapp - B\u00e4rbar Nattbordslampa - Metall Vit - TRUUSK - Hem, Tr\u00e4dg\u00e5rd &amp; Fritid","isPartOf":{"@id":"https:\/\/truusk.store\/sv\/#website"},"primaryImageOfPage":{"@id":"https:\/\/truusk.store\/sv\/produkt\/truusk-uppladdningsbar-usb-bordslampa-3-ljusfarger-touch-knapp-barbar-nattbordslampa-metall-vit\/#primaryimage"},"image":{"@id":"https:\/\/truusk.store\/sv\/produkt\/truusk-uppladdningsbar-usb-bordslampa-3-ljusfarger-touch-knapp-barbar-nattbordslampa-metall-vit\/#primaryimage"},"thumbnailUrl":"https:\/\/i0.wp.com\/truusk.store\/wp-content\/uploads\/2025\/06\/bordslampa-uppladdningsbar-usb-bordslampa-med-3-ljusfarger-barbar-nattbordslampa-med-touch-knapp-for-vardagsrum-metall-vit-1.webp?fit=2000%2C2000&ssl=1","datePublished":"2025-06-04T23:48:25+00:00","dateModified":"2026-03-12T08:27:30+00:00","breadcrumb":{"@id":"https:\/\/truusk.store\/sv\/produkt\/truusk-uppladdningsbar-usb-bordslampa-3-ljusfarger-touch-knapp-barbar-nattbordslampa-metall-vit\/#breadcrumb"},"inLanguage":"sv-SE","potentialAction":[{"@type":"ReadAction","target":["https:\/\/truusk.store\/sv\/produkt\/truusk-uppladdningsbar-usb-bordslampa-3-ljusfarger-touch-knapp-barbar-nattbordslampa-metall-vit\/"]}]},{"@type":"ImageObject","inLanguage":"sv-SE","@id":"https:\/\/truusk.store\/sv\/produkt\/truusk-uppladdningsbar-usb-bordslampa-3-ljusfarger-touch-knapp-barbar-nattbordslampa-metall-vit\/#primaryimage","url":"https:\/\/i0.wp.com\/truusk.store\/wp-content\/uploads\/2025\/06\/bordslampa-uppladdningsbar-usb-bordslampa-med-3-ljusfarger-barbar-nattbordslampa-med-touch-knapp-for-vardagsrum-metall-vit-1.webp?fit=2000%2C2000&ssl=1","contentUrl":"https:\/\/i0.wp.com\/truusk.store\/wp-content\/uploads\/2025\/06\/bordslampa-uppladdningsbar-usb-bordslampa-med-3-ljusfarger-barbar-nattbordslampa-med-touch-knapp-for-vardagsrum-metall-vit-1.webp?fit=2000%2C2000&ssl=1","width":2000,"height":2000},{"@type":"BreadcrumbList","@id":"https:\/\/truusk.store\/sv\/produkt\/truusk-uppladdningsbar-usb-bordslampa-3-ljusfarger-touch-knapp-barbar-nattbordslampa-metall-vit\/#breadcrumb","itemListElement":[{"@type":"ListItem","position":1,"name":"Home","item":"https:\/\/truusk.store\/sv\/"},{"@type":"ListItem","position":2,"name":"Shop","item":"https:\/\/truusk.store\/shop\/"},{"@type":"ListItem","position":3,"name":"TRUUSK Uppladdningsbar USB Bordslampa &#8211; 3 Ljusf\u00e4rger &#8211; Touch-knapp &#8211; B\u00e4rbar Nattbordslampa &#8211; Metall Vit"}]},{"@type":"WebSite","@id":"https:\/\/truusk.store\/sv\/#website","url":"https:\/\/truusk.store\/sv\/","name":"TRUUSK - Hem, Tr\u00e4dg\u00e5rd & Fritid","description":"","publisher":{"@id":"https:\/\/truusk.store\/sv\/#organization"},"potentialAction":[{"@type":"SearchAction","target":{"@type":"EntryPoint","urlTemplate":"https:\/\/truusk.store\/sv\/?s={search_term_string}"},"query-input":{"@type":"PropertyValueSpecification","valueRequired":true,"valueName":"search_term_string"}}],"inLanguage":"sv-SE"},{"@type":"Organization","@id":"https:\/\/truusk.store\/sv\/#organization","name":"TRUUSK - Hem, Tr\u00e4dg\u00e5rd & Fritid","url":"https:\/\/truusk.store\/sv\/","logo":{"@type":"ImageObject","inLanguage":"sv-SE","@id":"https:\/\/truusk.store\/sv\/#\/schema\/logo\/image\/","url":"https:\/\/i0.wp.com\/truusk.store\/wp-content\/uploads\/2026\/03\/cropped-TRUUSK.png?fit=2032%2C917&ssl=1","contentUrl":"https:\/\/i0.wp.com\/truusk.store\/wp-content\/uploads\/2026\/03\/cropped-TRUUSK.png?fit=2032%2C917&ssl=1","width":2032,"height":917,"caption":"TRUUSK - Hem, Tr\u00e4dg\u00e5rd & Fritid"},"image":{"@id":"https:\/\/truusk.store\/sv\/#\/schema\/logo\/image\/"}}]}},"jetpack_sharing_enabled":true,"_links":{"self":[{"href":"https:\/\/truusk.store\/sv\/wp-json\/wp\/v2\/product\/59282","targetHints":{"allow":["GET"]}}],"collection":[{"href":"https:\/\/truusk.store\/sv\/wp-json\/wp\/v2\/product"}],"about":[{"href":"https:\/\/truusk.store\/sv\/wp-json\/wp\/v2\/types\/product"}],"wp:featuredmedia":[{"embeddable":true,"href":"https:\/\/truusk.store\/sv\/wp-json\/wp\/v2\/media\/59273"}],"wp:attachment":[{"href":"https:\/\/truusk.store\/sv\/wp-json\/wp\/v2\/media?parent=59282"}],"wp:term":[{"taxonomy":"product_brand","embeddable":true,"href":"https:\/\/truusk.store\/sv\/wp-json\/wp\/v2\/product_brand?post=59282"},{"taxonomy":"product_cat","embeddable":true,"href":"https:\/\/truusk.store\/sv\/wp-json\/wp\/v2\/product_cat?post=59282"},{"taxonomy":"product_tag","embeddable":true,"href":"https:\/\/truusk.store\/sv\/wp-json\/wp\/v2\/product_tag?post=59282"}],"curies":[{"name":"wp","href":"https:\/\/api.w.org\/{rel}","templated":true}]}}