{"id":59302,"date":"2025-06-05T00:50:24","date_gmt":"2025-06-04T23:50:24","guid":{"rendered":"https:\/\/truusk.store\/product\/konstgjorda-vaxter-2-pack-uv-resistenta-konstvaxter-i-blomkruka-52-cm-buxbom-for-tradgard-vardagsrum-dekoration\/"},"modified":"2026-03-12T09:40:17","modified_gmt":"2026-03-12T08:40:17","slug":"truusk-2-pack-konstgjorda-vaxter-i-uv-resistent-blomkruka-52-cm-buxbom-for-tradgard-och-vardagsrum-dekoration","status":"publish","type":"product","link":"https:\/\/truusk.store\/sv\/produkt\/truusk-2-pack-konstgjorda-vaxter-i-uv-resistent-blomkruka-52-cm-buxbom-for-tradgard-och-vardagsrum-dekoration\/","title":{"rendered":"TRUUSK 2-pack Konstgjorda V\u00e4xter i UV-resistent Blomkruka &#8211; 52 cm Buxbom &#8211; F\u00f6r Tr\u00e4dg\u00e5rd och Vardagsrum &#8211; Dekoration"},"content":{"rendered":"<p>Skaffa dig charmen av gr\u00f6nt i huset utan anstr\u00e4ngning! V\u00e5ra TRUUSK konstgjorda v\u00e4xter med tv\u00e5 klotformade buxbomstr\u00e4d erbjuder utomhussk\u00f6nhet med konsttr\u00e4dskomfort. Med UV-skydd och tillverkad av h\u00f6gkvalitativ plast, ger dessa livfulla blomkrukor alltid gr\u00f6nt flair som din nya favoritv\u00e4xt, \u00e5ret runt.<\/p>\n<p>Beskrivning:<\/p>\n<ul>\n<li> Tv\u00e5 paket med klotformade buxbomstr\u00e4d f\u00f6rb\u00e4ttrar rumsestetiken<\/li>\n<li> UV-skydd m\u00f6jligg\u00f6r utomhusanv\u00e4ndning utan blekning<\/li>\n<li> Tillverkad av h\u00f6gkvalitativ plast f\u00f6r h\u00e5llbarhet<\/li>\n<li> Med en orange blomkruka, konstgjord mossa och cementjord<\/li>\n<li> Inget gr\u00f6nt tumme kr\u00e4vs, erbjuder enkel v\u00e5rd<\/li>\n<li> F\u00f6rmonterad f\u00f6r bekv\u00e4mlighet, bara str\u00e4cka ut grenar och blad<\/li>\n<\/ul>\n<p>Tekniska data:<\/p>\n<ul>\n<li> F\u00e4rg: Gr\u00f6n<\/li>\n<li> Material: PE, St\u00e5l<\/li>\n<li> Typ: Buxbom<\/li>\n<li> Total h\u00f6jd: 52 cm<\/li>\n<li> Klotformad buskstorlek: \u00d840 cm<\/li>\n<li> Krukstorlek: \u00d812,8 x 15H cm<\/li>\n<\/ul>\n<p>Leveransinneh\u00e5ll:<\/p>\n<ul>\n<li> 2 x Konstgjord v\u00e4xt;<\/li>\n<\/ul>\n","protected":false},"excerpt":{"rendered":"<p>Skaffa dig charmen av gr\u00f6nt i huset utan anstr\u00e4ngning! V\u00e5ra TRUUSK konstgjorda v\u00e4xter med tv\u00e5 klotformade buxbomstr\u00e4d erbjuder utomhussk\u00f6nhet med&#8230;<\/p>\n","protected":false},"featured_media":59293,"template":"","meta":[],"product_brand":[],"product_cat":[962,871,681],"product_tag":[],"class_list":{"0":"post-59302","1":"product","2":"type-product","3":"status-publish","4":"has-post-thumbnail","6":"product_cat-dekoration","7":"product_cat-hus-hem","8":"product_cat-konstgjorda-vaxter","10":"first","11":"instock","12":"sale","13":"taxable","14":"shipping-taxable","15":"purchasable","16":"product-type-simple"},"yoast_head":"<!-- This site is optimized with the Yoast SEO plugin v25.4 - https:\/\/yoast.com\/wordpress\/plugins\/seo\/ -->\n<title>TRUUSK 2-pack Konstgjorda V\u00e4xter i UV-resistent Blomkruka - 52 cm Buxbom - F\u00f6r Tr\u00e4dg\u00e5rd och Vardagsrum - Dekoration - TRUUSK - Hem, Tr\u00e4dg\u00e5rd &amp; Fritid<\/title>\n<meta name=\"robots\" content=\"index, follow, max-snippet:-1, max-image-preview:large, max-video-preview:-1\" \/>\n<link rel=\"canonical\" href=\"https:\/\/truusk.store\/sv\/produkt\/truusk-2-pack-konstgjorda-vaxter-i-uv-resistent-blomkruka-52-cm-buxbom-for-tradgard-och-vardagsrum-dekoration\/\" \/>\n<meta property=\"og:locale\" content=\"sv_SE\" \/>\n<meta property=\"og:type\" content=\"article\" \/>\n<meta property=\"og:title\" content=\"TRUUSK 2-pack Konstgjorda V\u00e4xter i UV-resistent Blomkruka - 52 cm Buxbom - F\u00f6r Tr\u00e4dg\u00e5rd och Vardagsrum - Dekoration - TRUUSK - Hem, Tr\u00e4dg\u00e5rd &amp; Fritid\" \/>\n<meta property=\"og:description\" content=\"Skaffa dig charmen av gr\u00f6nt i huset utan anstr\u00e4ngning! V\u00e5ra TRUUSK konstgjorda v\u00e4xter med tv\u00e5 klotformade buxbomstr\u00e4d erbjuder utomhussk\u00f6nhet med...\" \/>\n<meta property=\"og:url\" content=\"https:\/\/truusk.store\/sv\/produkt\/truusk-2-pack-konstgjorda-vaxter-i-uv-resistent-blomkruka-52-cm-buxbom-for-tradgard-och-vardagsrum-dekoration\/\" \/>\n<meta property=\"og:site_name\" content=\"TRUUSK - Hem, Tr\u00e4dg\u00e5rd &amp; Fritid\" \/>\n<meta property=\"article:modified_time\" content=\"2026-03-12T08:40:17+00:00\" \/>\n<meta property=\"og:image\" content=\"https:\/\/i0.wp.com\/truusk.se\/wp-content\/uploads\/2025\/06\/konstgjorda-vaxter-2-pack-uv-resistenta-konstvaxter-i-blomkruka-52-cm-buxbom-for-tradgard-vardagsrum-dekoration-1.webp?fit=2000%2C2000&ssl=1\" \/>\n\t<meta property=\"og:image:width\" content=\"2000\" \/>\n\t<meta property=\"og:image:height\" content=\"2000\" \/>\n\t<meta property=\"og:image:type\" content=\"image\/webp\" \/>\n<meta name=\"twitter:card\" content=\"summary_large_image\" \/>\n<meta name=\"twitter:label1\" content=\"Ber\u00e4knad l\u00e4stid\" \/>\n\t<meta name=\"twitter:data1\" content=\"1 minut\" \/>\n<!-- \/ Yoast SEO plugin. -->","yoast_head_json":{"title":"TRUUSK 2-pack Konstgjorda V\u00e4xter i UV-resistent Blomkruka - 52 cm Buxbom - F\u00f6r Tr\u00e4dg\u00e5rd och Vardagsrum - Dekoration - TRUUSK - Hem, Tr\u00e4dg\u00e5rd &amp; Fritid","robots":{"index":"index","follow":"follow","max-snippet":"max-snippet:-1","max-image-preview":"max-image-preview:large","max-video-preview":"max-video-preview:-1"},"canonical":"https:\/\/truusk.store\/sv\/produkt\/truusk-2-pack-konstgjorda-vaxter-i-uv-resistent-blomkruka-52-cm-buxbom-for-tradgard-och-vardagsrum-dekoration\/","og_locale":"sv_SE","og_type":"article","og_title":"TRUUSK 2-pack Konstgjorda V\u00e4xter i UV-resistent Blomkruka - 52 cm Buxbom - F\u00f6r Tr\u00e4dg\u00e5rd och Vardagsrum - Dekoration - TRUUSK - Hem, Tr\u00e4dg\u00e5rd &amp; Fritid","og_description":"Skaffa dig charmen av gr\u00f6nt i huset utan anstr\u00e4ngning! V\u00e5ra TRUUSK konstgjorda v\u00e4xter med tv\u00e5 klotformade buxbomstr\u00e4d erbjuder utomhussk\u00f6nhet med...","og_url":"https:\/\/truusk.store\/sv\/produkt\/truusk-2-pack-konstgjorda-vaxter-i-uv-resistent-blomkruka-52-cm-buxbom-for-tradgard-och-vardagsrum-dekoration\/","og_site_name":"TRUUSK - Hem, Tr\u00e4dg\u00e5rd &amp; Fritid","article_modified_time":"2026-03-12T08:40:17+00:00","og_image":[{"width":2000,"height":2000,"url":"https:\/\/i0.wp.com\/truusk.se\/wp-content\/uploads\/2025\/06\/konstgjorda-vaxter-2-pack-uv-resistenta-konstvaxter-i-blomkruka-52-cm-buxbom-for-tradgard-vardagsrum-dekoration-1.webp?fit=2000%2C2000&ssl=1","type":"image\/webp"}],"twitter_card":"summary_large_image","twitter_misc":{"Ber\u00e4knad l\u00e4stid":"1 minut"},"schema":{"@context":"https:\/\/schema.org","@graph":[{"@type":"WebPage","@id":"https:\/\/truusk.store\/sv\/produkt\/truusk-2-pack-konstgjorda-vaxter-i-uv-resistent-blomkruka-52-cm-buxbom-for-tradgard-och-vardagsrum-dekoration\/","url":"https:\/\/truusk.store\/sv\/produkt\/truusk-2-pack-konstgjorda-vaxter-i-uv-resistent-blomkruka-52-cm-buxbom-for-tradgard-och-vardagsrum-dekoration\/","name":"TRUUSK 2-pack Konstgjorda V\u00e4xter i UV-resistent Blomkruka - 52 cm Buxbom - F\u00f6r Tr\u00e4dg\u00e5rd och Vardagsrum - Dekoration - TRUUSK - Hem, Tr\u00e4dg\u00e5rd &amp; Fritid","isPartOf":{"@id":"https:\/\/truusk.store\/sv\/#website"},"primaryImageOfPage":{"@id":"https:\/\/truusk.store\/sv\/produkt\/truusk-2-pack-konstgjorda-vaxter-i-uv-resistent-blomkruka-52-cm-buxbom-for-tradgard-och-vardagsrum-dekoration\/#primaryimage"},"image":{"@id":"https:\/\/truusk.store\/sv\/produkt\/truusk-2-pack-konstgjorda-vaxter-i-uv-resistent-blomkruka-52-cm-buxbom-for-tradgard-och-vardagsrum-dekoration\/#primaryimage"},"thumbnailUrl":"https:\/\/i0.wp.com\/truusk.store\/wp-content\/uploads\/2025\/06\/konstgjorda-vaxter-2-pack-uv-resistenta-konstvaxter-i-blomkruka-52-cm-buxbom-for-tradgard-vardagsrum-dekoration-1.webp?fit=2000%2C2000&ssl=1","datePublished":"2025-06-04T23:50:24+00:00","dateModified":"2026-03-12T08:40:17+00:00","breadcrumb":{"@id":"https:\/\/truusk.store\/sv\/produkt\/truusk-2-pack-konstgjorda-vaxter-i-uv-resistent-blomkruka-52-cm-buxbom-for-tradgard-och-vardagsrum-dekoration\/#breadcrumb"},"inLanguage":"sv-SE","potentialAction":[{"@type":"ReadAction","target":["https:\/\/truusk.store\/sv\/produkt\/truusk-2-pack-konstgjorda-vaxter-i-uv-resistent-blomkruka-52-cm-buxbom-for-tradgard-och-vardagsrum-dekoration\/"]}]},{"@type":"ImageObject","inLanguage":"sv-SE","@id":"https:\/\/truusk.store\/sv\/produkt\/truusk-2-pack-konstgjorda-vaxter-i-uv-resistent-blomkruka-52-cm-buxbom-for-tradgard-och-vardagsrum-dekoration\/#primaryimage","url":"https:\/\/i0.wp.com\/truusk.store\/wp-content\/uploads\/2025\/06\/konstgjorda-vaxter-2-pack-uv-resistenta-konstvaxter-i-blomkruka-52-cm-buxbom-for-tradgard-vardagsrum-dekoration-1.webp?fit=2000%2C2000&ssl=1","contentUrl":"https:\/\/i0.wp.com\/truusk.store\/wp-content\/uploads\/2025\/06\/konstgjorda-vaxter-2-pack-uv-resistenta-konstvaxter-i-blomkruka-52-cm-buxbom-for-tradgard-vardagsrum-dekoration-1.webp?fit=2000%2C2000&ssl=1","width":2000,"height":2000},{"@type":"BreadcrumbList","@id":"https:\/\/truusk.store\/sv\/produkt\/truusk-2-pack-konstgjorda-vaxter-i-uv-resistent-blomkruka-52-cm-buxbom-for-tradgard-och-vardagsrum-dekoration\/#breadcrumb","itemListElement":[{"@type":"ListItem","position":1,"name":"Home","item":"https:\/\/truusk.store\/sv\/"},{"@type":"ListItem","position":2,"name":"Shop","item":"https:\/\/truusk.store\/shop\/"},{"@type":"ListItem","position":3,"name":"TRUUSK 2-pack Konstgjorda V\u00e4xter i UV-resistent Blomkruka &#8211; 52 cm Buxbom &#8211; F\u00f6r Tr\u00e4dg\u00e5rd och Vardagsrum &#8211; Dekoration"}]},{"@type":"WebSite","@id":"https:\/\/truusk.store\/sv\/#website","url":"https:\/\/truusk.store\/sv\/","name":"TRUUSK - Hem, Tr\u00e4dg\u00e5rd & Fritid","description":"","publisher":{"@id":"https:\/\/truusk.store\/sv\/#organization"},"potentialAction":[{"@type":"SearchAction","target":{"@type":"EntryPoint","urlTemplate":"https:\/\/truusk.store\/sv\/?s={search_term_string}"},"query-input":{"@type":"PropertyValueSpecification","valueRequired":true,"valueName":"search_term_string"}}],"inLanguage":"sv-SE"},{"@type":"Organization","@id":"https:\/\/truusk.store\/sv\/#organization","name":"TRUUSK - Hem, Tr\u00e4dg\u00e5rd & Fritid","url":"https:\/\/truusk.store\/sv\/","logo":{"@type":"ImageObject","inLanguage":"sv-SE","@id":"https:\/\/truusk.store\/sv\/#\/schema\/logo\/image\/","url":"https:\/\/i0.wp.com\/truusk.store\/wp-content\/uploads\/2026\/03\/cropped-TRUUSK.png?fit=2032%2C917&ssl=1","contentUrl":"https:\/\/i0.wp.com\/truusk.store\/wp-content\/uploads\/2026\/03\/cropped-TRUUSK.png?fit=2032%2C917&ssl=1","width":2032,"height":917,"caption":"TRUUSK - Hem, Tr\u00e4dg\u00e5rd & Fritid"},"image":{"@id":"https:\/\/truusk.store\/sv\/#\/schema\/logo\/image\/"}}]}},"jetpack_sharing_enabled":true,"_links":{"self":[{"href":"https:\/\/truusk.store\/sv\/wp-json\/wp\/v2\/product\/59302","targetHints":{"allow":["GET"]}}],"collection":[{"href":"https:\/\/truusk.store\/sv\/wp-json\/wp\/v2\/product"}],"about":[{"href":"https:\/\/truusk.store\/sv\/wp-json\/wp\/v2\/types\/product"}],"wp:featuredmedia":[{"embeddable":true,"href":"https:\/\/truusk.store\/sv\/wp-json\/wp\/v2\/media\/59293"}],"wp:attachment":[{"href":"https:\/\/truusk.store\/sv\/wp-json\/wp\/v2\/media?parent=59302"}],"wp:term":[{"taxonomy":"product_brand","embeddable":true,"href":"https:\/\/truusk.store\/sv\/wp-json\/wp\/v2\/product_brand?post=59302"},{"taxonomy":"product_cat","embeddable":true,"href":"https:\/\/truusk.store\/sv\/wp-json\/wp\/v2\/product_cat?post=59302"},{"taxonomy":"product_tag","embeddable":true,"href":"https:\/\/truusk.store\/sv\/wp-json\/wp\/v2\/product_tag?post=59302"}],"curies":[{"name":"wp","href":"https:\/\/api.w.org\/{rel}","templated":true}]}}