{"id":59312,"date":"2025-06-05T00:51:23","date_gmt":"2025-06-04T23:51:23","guid":{"rendered":"https:\/\/truusk.store\/product\/agility-set-for-hundar-4-delar-88-x-64-x-95-cm-med-barvaska-barbar-idealisk-for-unga-aldre-hundar-pe-abs-gul\/"},"modified":"2026-03-12T09:41:27","modified_gmt":"2026-03-12T08:41:27","slug":"truusk-agility-set-for-hundar-4-delar-matt-88-x-64-x-95-cm-med-barkasse-barbar-passar-unga-aldre-hundar-pe-abs","status":"publish","type":"product","link":"https:\/\/truusk.store\/sv\/produkt\/truusk-agility-set-for-hundar-4-delar-matt-88-x-64-x-95-cm-med-barkasse-barbar-passar-unga-aldre-hundar-pe-abs\/","title":{"rendered":"TRUUSK Agility-set f\u00f6r hundar &#8211; 4-delar &#8211; M\u00e5tt 88 x 64 x 95 cm &#8211; Med b\u00e4rkasse &#8211; B\u00e4rbar &#8211; Passar unga &amp; \u00e4ldre hundar &#8211; PE &amp; ABS &#8211;"},"content":{"rendered":"<p>Detta agility-set fr\u00e5n TRUUSK \u00e4r ett utm\u00e4rkt s\u00e4tt att berika din hunds vardag med mer variation och r\u00f6relse, och p\u00e5 ett lekfullt s\u00e4tt st\u00e4rka bandet till honom. De 4 agility-b\u00e5garna g\u00f6r det m\u00f6jligt f\u00f6r dig att bygga upp en sp\u00e4nnande hinderbana. Efter tr\u00e4ningen kan allt f\u00f6rvaras i den praktiska b\u00e4rp\u00e5sen och bekv\u00e4mt b\u00e4ras hem. Setet \u00e4r l\u00e4mpligt f\u00f6r l\u00e4tt tr\u00e4ning av \u00e4ldre, mycket unga eller l\u00e4tt begr\u00e4nsade hundar.<\/p>\n<p>Beskrivning:<\/p>\n<ul>\n<li> Tr\u00e4nar och utbildar din valp<\/li>\n<li> Inklusive b\u00e4rp\u00e5se<\/li>\n<li> Livlig och ljus f\u00e4rgs\u00e4ttning<\/li>\n<li> Levereras med t\u00e4ltspikar<\/li>\n<li> Montering kr\u00e4vs<\/li>\n<\/ul>\n<p>Tekniska data:<\/p>\n<ul>\n<li> F\u00e4rg: Bl\u00e5+Gul<\/li>\n<li> Material: PE, ABS<\/li>\n<li> Totala m\u00e5tt: 88L x 64B x 95H cm<\/li>\n<li> L\u00e4mplig f\u00f6r \u00e4ldre, mycket unga eller l\u00e4tt begr\u00e4nsade hundar<\/li>\n<\/ul>\n<p>Inneh\u00e5ll:<\/p>\n<ul>\n<li> 1 x Hund Agility Set<\/li>\n<li> 1 x Handbok<\/li>\n<\/ul>\n","protected":false},"excerpt":{"rendered":"<p>Detta agility-set fr\u00e5n TRUUSK \u00e4r ett utm\u00e4rkt s\u00e4tt att berika din hunds vardag med mer variation och r\u00f6relse, och p\u00e5&#8230;<\/p>\n","protected":false},"featured_media":59303,"template":"","meta":[],"product_brand":[],"product_cat":[578,878,574],"product_tag":[],"class_list":{"0":"post-59312","1":"product","2":"type-product","3":"status-publish","4":"has-post-thumbnail","6":"product_cat-agility-set","7":"product_cat-djurbehov","8":"product_cat-hundtillbehor","10":"first","11":"instock","12":"sale","13":"taxable","14":"shipping-taxable","15":"purchasable","16":"product-type-simple"},"yoast_head":"<!-- This site is optimized with the Yoast SEO plugin v25.4 - https:\/\/yoast.com\/wordpress\/plugins\/seo\/ -->\n<title>TRUUSK Agility-set f\u00f6r hundar - 4-delar - M\u00e5tt 88 x 64 x 95 cm - Med b\u00e4rkasse - B\u00e4rbar - Passar unga &amp; \u00e4ldre hundar - PE &amp; ABS - TRUUSK - Hem, Tr\u00e4dg\u00e5rd &amp; Fritid<\/title>\n<meta name=\"robots\" content=\"index, follow, max-snippet:-1, max-image-preview:large, max-video-preview:-1\" \/>\n<link rel=\"canonical\" href=\"https:\/\/truusk.store\/sv\/produkt\/truusk-agility-set-for-hundar-4-delar-matt-88-x-64-x-95-cm-med-barkasse-barbar-passar-unga-aldre-hundar-pe-abs\/\" \/>\n<meta property=\"og:locale\" content=\"sv_SE\" \/>\n<meta property=\"og:type\" content=\"article\" \/>\n<meta property=\"og:title\" content=\"TRUUSK Agility-set f\u00f6r hundar - 4-delar - M\u00e5tt 88 x 64 x 95 cm - Med b\u00e4rkasse - B\u00e4rbar - Passar unga &amp; \u00e4ldre hundar - PE &amp; ABS - TRUUSK - Hem, Tr\u00e4dg\u00e5rd &amp; Fritid\" \/>\n<meta property=\"og:description\" content=\"Detta agility-set fr\u00e5n TRUUSK \u00e4r ett utm\u00e4rkt s\u00e4tt att berika din hunds vardag med mer variation och r\u00f6relse, och p\u00e5...\" \/>\n<meta property=\"og:url\" content=\"https:\/\/truusk.store\/sv\/produkt\/truusk-agility-set-for-hundar-4-delar-matt-88-x-64-x-95-cm-med-barkasse-barbar-passar-unga-aldre-hundar-pe-abs\/\" \/>\n<meta property=\"og:site_name\" content=\"TRUUSK - Hem, Tr\u00e4dg\u00e5rd &amp; Fritid\" \/>\n<meta property=\"article:modified_time\" content=\"2026-03-12T08:41:27+00:00\" \/>\n<meta property=\"og:image\" content=\"https:\/\/i0.wp.com\/truusk.se\/wp-content\/uploads\/2025\/06\/agility-set-for-hundar-4-delar-88-x-64-x-95-cm-med-barvaska-barbar-idealisk-for-unga-aldre-hundar-pe-abs-gul-1.webp?fit=2000%2C2000&ssl=1\" \/>\n\t<meta property=\"og:image:width\" content=\"2000\" \/>\n\t<meta property=\"og:image:height\" content=\"2000\" \/>\n\t<meta property=\"og:image:type\" content=\"image\/webp\" \/>\n<meta name=\"twitter:card\" content=\"summary_large_image\" \/>\n<meta name=\"twitter:label1\" content=\"Ber\u00e4knad l\u00e4stid\" \/>\n\t<meta name=\"twitter:data1\" content=\"1 minut\" \/>\n<!-- \/ Yoast SEO plugin. -->","yoast_head_json":{"title":"TRUUSK Agility-set f\u00f6r hundar - 4-delar - M\u00e5tt 88 x 64 x 95 cm - Med b\u00e4rkasse - B\u00e4rbar - Passar unga &amp; \u00e4ldre hundar - PE &amp; ABS - TRUUSK - Hem, Tr\u00e4dg\u00e5rd &amp; Fritid","robots":{"index":"index","follow":"follow","max-snippet":"max-snippet:-1","max-image-preview":"max-image-preview:large","max-video-preview":"max-video-preview:-1"},"canonical":"https:\/\/truusk.store\/sv\/produkt\/truusk-agility-set-for-hundar-4-delar-matt-88-x-64-x-95-cm-med-barkasse-barbar-passar-unga-aldre-hundar-pe-abs\/","og_locale":"sv_SE","og_type":"article","og_title":"TRUUSK Agility-set f\u00f6r hundar - 4-delar - M\u00e5tt 88 x 64 x 95 cm - Med b\u00e4rkasse - B\u00e4rbar - Passar unga &amp; \u00e4ldre hundar - PE &amp; ABS - TRUUSK - Hem, Tr\u00e4dg\u00e5rd &amp; Fritid","og_description":"Detta agility-set fr\u00e5n TRUUSK \u00e4r ett utm\u00e4rkt s\u00e4tt att berika din hunds vardag med mer variation och r\u00f6relse, och p\u00e5...","og_url":"https:\/\/truusk.store\/sv\/produkt\/truusk-agility-set-for-hundar-4-delar-matt-88-x-64-x-95-cm-med-barkasse-barbar-passar-unga-aldre-hundar-pe-abs\/","og_site_name":"TRUUSK - Hem, Tr\u00e4dg\u00e5rd &amp; Fritid","article_modified_time":"2026-03-12T08:41:27+00:00","og_image":[{"width":2000,"height":2000,"url":"https:\/\/i0.wp.com\/truusk.se\/wp-content\/uploads\/2025\/06\/agility-set-for-hundar-4-delar-88-x-64-x-95-cm-med-barvaska-barbar-idealisk-for-unga-aldre-hundar-pe-abs-gul-1.webp?fit=2000%2C2000&ssl=1","type":"image\/webp"}],"twitter_card":"summary_large_image","twitter_misc":{"Ber\u00e4knad l\u00e4stid":"1 minut"},"schema":{"@context":"https:\/\/schema.org","@graph":[{"@type":"WebPage","@id":"https:\/\/truusk.store\/sv\/produkt\/truusk-agility-set-for-hundar-4-delar-matt-88-x-64-x-95-cm-med-barkasse-barbar-passar-unga-aldre-hundar-pe-abs\/","url":"https:\/\/truusk.store\/sv\/produkt\/truusk-agility-set-for-hundar-4-delar-matt-88-x-64-x-95-cm-med-barkasse-barbar-passar-unga-aldre-hundar-pe-abs\/","name":"TRUUSK Agility-set f\u00f6r hundar - 4-delar - M\u00e5tt 88 x 64 x 95 cm - Med b\u00e4rkasse - B\u00e4rbar - Passar unga &amp; \u00e4ldre hundar - PE &amp; ABS - TRUUSK - Hem, Tr\u00e4dg\u00e5rd &amp; Fritid","isPartOf":{"@id":"https:\/\/truusk.store\/sv\/#website"},"primaryImageOfPage":{"@id":"https:\/\/truusk.store\/sv\/produkt\/truusk-agility-set-for-hundar-4-delar-matt-88-x-64-x-95-cm-med-barkasse-barbar-passar-unga-aldre-hundar-pe-abs\/#primaryimage"},"image":{"@id":"https:\/\/truusk.store\/sv\/produkt\/truusk-agility-set-for-hundar-4-delar-matt-88-x-64-x-95-cm-med-barkasse-barbar-passar-unga-aldre-hundar-pe-abs\/#primaryimage"},"thumbnailUrl":"https:\/\/i0.wp.com\/truusk.store\/wp-content\/uploads\/2025\/06\/agility-set-for-hundar-4-delar-88-x-64-x-95-cm-med-barvaska-barbar-idealisk-for-unga-aldre-hundar-pe-abs-gul-1.webp?fit=2000%2C2000&ssl=1","datePublished":"2025-06-04T23:51:23+00:00","dateModified":"2026-03-12T08:41:27+00:00","breadcrumb":{"@id":"https:\/\/truusk.store\/sv\/produkt\/truusk-agility-set-for-hundar-4-delar-matt-88-x-64-x-95-cm-med-barkasse-barbar-passar-unga-aldre-hundar-pe-abs\/#breadcrumb"},"inLanguage":"sv-SE","potentialAction":[{"@type":"ReadAction","target":["https:\/\/truusk.store\/sv\/produkt\/truusk-agility-set-for-hundar-4-delar-matt-88-x-64-x-95-cm-med-barkasse-barbar-passar-unga-aldre-hundar-pe-abs\/"]}]},{"@type":"ImageObject","inLanguage":"sv-SE","@id":"https:\/\/truusk.store\/sv\/produkt\/truusk-agility-set-for-hundar-4-delar-matt-88-x-64-x-95-cm-med-barkasse-barbar-passar-unga-aldre-hundar-pe-abs\/#primaryimage","url":"https:\/\/i0.wp.com\/truusk.store\/wp-content\/uploads\/2025\/06\/agility-set-for-hundar-4-delar-88-x-64-x-95-cm-med-barvaska-barbar-idealisk-for-unga-aldre-hundar-pe-abs-gul-1.webp?fit=2000%2C2000&ssl=1","contentUrl":"https:\/\/i0.wp.com\/truusk.store\/wp-content\/uploads\/2025\/06\/agility-set-for-hundar-4-delar-88-x-64-x-95-cm-med-barvaska-barbar-idealisk-for-unga-aldre-hundar-pe-abs-gul-1.webp?fit=2000%2C2000&ssl=1","width":2000,"height":2000},{"@type":"BreadcrumbList","@id":"https:\/\/truusk.store\/sv\/produkt\/truusk-agility-set-for-hundar-4-delar-matt-88-x-64-x-95-cm-med-barkasse-barbar-passar-unga-aldre-hundar-pe-abs\/#breadcrumb","itemListElement":[{"@type":"ListItem","position":1,"name":"Home","item":"https:\/\/truusk.store\/sv\/"},{"@type":"ListItem","position":2,"name":"Shop","item":"https:\/\/truusk.store\/shop\/"},{"@type":"ListItem","position":3,"name":"TRUUSK Agility-set f\u00f6r hundar &#8211; 4-delar &#8211; M\u00e5tt 88 x 64 x 95 cm &#8211; Med b\u00e4rkasse &#8211; B\u00e4rbar &#8211; Passar unga &amp; \u00e4ldre hundar &#8211; PE &amp; ABS &#8211;"}]},{"@type":"WebSite","@id":"https:\/\/truusk.store\/sv\/#website","url":"https:\/\/truusk.store\/sv\/","name":"TRUUSK - Hem, Tr\u00e4dg\u00e5rd & Fritid","description":"","publisher":{"@id":"https:\/\/truusk.store\/sv\/#organization"},"potentialAction":[{"@type":"SearchAction","target":{"@type":"EntryPoint","urlTemplate":"https:\/\/truusk.store\/sv\/?s={search_term_string}"},"query-input":{"@type":"PropertyValueSpecification","valueRequired":true,"valueName":"search_term_string"}}],"inLanguage":"sv-SE"},{"@type":"Organization","@id":"https:\/\/truusk.store\/sv\/#organization","name":"TRUUSK - Hem, Tr\u00e4dg\u00e5rd & Fritid","url":"https:\/\/truusk.store\/sv\/","logo":{"@type":"ImageObject","inLanguage":"sv-SE","@id":"https:\/\/truusk.store\/sv\/#\/schema\/logo\/image\/","url":"https:\/\/i0.wp.com\/truusk.store\/wp-content\/uploads\/2026\/03\/cropped-TRUUSK.png?fit=2032%2C917&ssl=1","contentUrl":"https:\/\/i0.wp.com\/truusk.store\/wp-content\/uploads\/2026\/03\/cropped-TRUUSK.png?fit=2032%2C917&ssl=1","width":2032,"height":917,"caption":"TRUUSK - Hem, Tr\u00e4dg\u00e5rd & Fritid"},"image":{"@id":"https:\/\/truusk.store\/sv\/#\/schema\/logo\/image\/"}}]}},"jetpack_sharing_enabled":true,"_links":{"self":[{"href":"https:\/\/truusk.store\/sv\/wp-json\/wp\/v2\/product\/59312","targetHints":{"allow":["GET"]}}],"collection":[{"href":"https:\/\/truusk.store\/sv\/wp-json\/wp\/v2\/product"}],"about":[{"href":"https:\/\/truusk.store\/sv\/wp-json\/wp\/v2\/types\/product"}],"wp:featuredmedia":[{"embeddable":true,"href":"https:\/\/truusk.store\/sv\/wp-json\/wp\/v2\/media\/59303"}],"wp:attachment":[{"href":"https:\/\/truusk.store\/sv\/wp-json\/wp\/v2\/media?parent=59312"}],"wp:term":[{"taxonomy":"product_brand","embeddable":true,"href":"https:\/\/truusk.store\/sv\/wp-json\/wp\/v2\/product_brand?post=59312"},{"taxonomy":"product_cat","embeddable":true,"href":"https:\/\/truusk.store\/sv\/wp-json\/wp\/v2\/product_cat?post=59312"},{"taxonomy":"product_tag","embeddable":true,"href":"https:\/\/truusk.store\/sv\/wp-json\/wp\/v2\/product_tag?post=59312"}],"curies":[{"name":"wp","href":"https:\/\/api.w.org\/{rel}","templated":true}]}}