{"id":59342,"date":"2025-06-05T00:54:22","date_gmt":"2025-06-04T23:54:22","guid":{"rendered":"https:\/\/truusk.store\/product\/vaggsspegel-60-x-60-cm-rund-badrumsspegel-med-aluminiumram-dekorationsspegel-for-badrum-vardagsrum-hall-sovrum-svart\/"},"modified":"2026-03-12T09:27:39","modified_gmt":"2026-03-12T08:27:39","slug":"truusk-rund-badrumsspegel-60-x-60-cm-aluminiumram-dekorationsspegel-for-badrum-vardagsrum-svart","status":"publish","type":"product","link":"https:\/\/truusk.store\/sv\/produkt\/truusk-rund-badrumsspegel-60-x-60-cm-aluminiumram-dekorationsspegel-for-badrum-vardagsrum-svart\/","title":{"rendered":"TRUUSK Rund Badrumsspegel 60 x 60 cm &#8211; Aluminiumram &#8211; Dekorationsspegel f\u00f6r Badrum, Vardagsrum &#8211; Svart"},"content":{"rendered":"<p>Vill du f\u00f6rsk\u00f6na ditt hem? V\u00e5r TRUUSK badrumsspegel \u00e4r precis vad du beh\u00f6ver. Perfekt som present till inflyttningsfester, br\u00f6llop, \u00e5rsdagar eller f\u00f6delsedagar. Ett prisv\u00e4rt val f\u00f6r att dekorera ditt hem, ge mer ljus och f\u00e5 rummet att se st\u00f6rre ut. Skaffa v\u00e5r TRUUSK rund spegel och ljusa upp dina v\u00e4ggar.<\/p>\n<p>Beskrivning:<\/p>\n<ul>\n<li> Typ: rund form, svart yta<\/li>\n<li> Dekorerar inte bara ditt rum, utan lyser ocks\u00e5 upp rummet och \u00f6ppnar upp ditt rum<\/li>\n<li> V\u00e4ggmonteringsdesign<\/li>\n<li> Tjockt glas med flerskiktsdesign, f\u00f6r h\u00f6guppl\u00f6st visning, utan explosion, utan oxidation<\/li>\n<li> Aluminiumlegeringsram f\u00f6r stabilitet<\/li>\n<li> L\u00e4mplig f\u00f6r badrum, vardagsrum, sovrum, matsal, hall<\/li>\n<li> Kan vara en utm\u00e4rkt present till v\u00e4nner, partners, f\u00f6r\u00e4ldrar<\/li>\n<\/ul>\n<p> Tekniska specifikationer:<\/p>\n<ul>\n<li> F\u00e4rg: Svart<\/li>\n<li> Material: Aluminiumlegering, Glas<\/li>\n<li> Totala dimensioner: \u00d861 cm<\/li>\n<li> Totalt djup: 10 mm<\/li>\n<li> Spegelstorlek: \u00d859,4 cm<\/li>\n<li> Glasdjup: 2,8 mm<\/li>\n<\/ul>\n<p> Leveransinneh\u00e5ll:<\/p>\n<ul>\n<li> 1 x V\u00e4ggspegel;<\/li>\n<\/ul>\n","protected":false},"excerpt":{"rendered":"<p>Vill du f\u00f6rsk\u00f6na ditt hem? V\u00e5r TRUUSK badrumsspegel \u00e4r precis vad du beh\u00f6ver. Perfekt som present till inflyttningsfester, br\u00f6llop, \u00e5rsdagar&#8230;<\/p>\n","protected":false},"featured_media":59333,"template":"","meta":[],"product_brand":[],"product_cat":[962,871,721],"product_tag":[],"class_list":{"0":"post-59342","1":"product","2":"type-product","3":"status-publish","4":"has-post-thumbnail","6":"product_cat-dekoration","7":"product_cat-hus-hem","8":"product_cat-spegel","10":"first","11":"instock","12":"sale","13":"taxable","14":"shipping-taxable","15":"purchasable","16":"product-type-simple"},"yoast_head":"<!-- This site is optimized with the Yoast SEO plugin v25.4 - https:\/\/yoast.com\/wordpress\/plugins\/seo\/ -->\n<title>TRUUSK Rund Badrumsspegel 60 x 60 cm - Aluminiumram - Dekorationsspegel f\u00f6r Badrum, Vardagsrum - Svart - TRUUSK - Hem, Tr\u00e4dg\u00e5rd &amp; Fritid<\/title>\n<meta name=\"robots\" content=\"index, follow, max-snippet:-1, max-image-preview:large, max-video-preview:-1\" \/>\n<link rel=\"canonical\" href=\"https:\/\/truusk.store\/sv\/produkt\/truusk-rund-badrumsspegel-60-x-60-cm-aluminiumram-dekorationsspegel-for-badrum-vardagsrum-svart\/\" \/>\n<meta property=\"og:locale\" content=\"sv_SE\" \/>\n<meta property=\"og:type\" content=\"article\" \/>\n<meta property=\"og:title\" content=\"TRUUSK Rund Badrumsspegel 60 x 60 cm - Aluminiumram - Dekorationsspegel f\u00f6r Badrum, Vardagsrum - Svart - TRUUSK - Hem, Tr\u00e4dg\u00e5rd &amp; Fritid\" \/>\n<meta property=\"og:description\" content=\"Vill du f\u00f6rsk\u00f6na ditt hem? V\u00e5r TRUUSK badrumsspegel \u00e4r precis vad du beh\u00f6ver. Perfekt som present till inflyttningsfester, br\u00f6llop, \u00e5rsdagar...\" \/>\n<meta property=\"og:url\" content=\"https:\/\/truusk.store\/sv\/produkt\/truusk-rund-badrumsspegel-60-x-60-cm-aluminiumram-dekorationsspegel-for-badrum-vardagsrum-svart\/\" \/>\n<meta property=\"og:site_name\" content=\"TRUUSK - Hem, Tr\u00e4dg\u00e5rd &amp; Fritid\" \/>\n<meta property=\"article:modified_time\" content=\"2026-03-12T08:27:39+00:00\" \/>\n<meta property=\"og:image\" content=\"https:\/\/i0.wp.com\/truusk.se\/wp-content\/uploads\/2025\/06\/vaggsspegel-60-x-60-cm-rund-badrumsspegel-med-aluminiumram-dekorationsspegel-for-badrum-vardagsrum-hall-sovrum-svart-1.webp?fit=2000%2C2000&ssl=1\" \/>\n\t<meta property=\"og:image:width\" content=\"2000\" \/>\n\t<meta property=\"og:image:height\" content=\"2000\" \/>\n\t<meta property=\"og:image:type\" content=\"image\/webp\" \/>\n<meta name=\"twitter:card\" content=\"summary_large_image\" \/>\n<meta name=\"twitter:label1\" content=\"Ber\u00e4knad l\u00e4stid\" \/>\n\t<meta name=\"twitter:data1\" content=\"1 minut\" \/>\n<!-- \/ Yoast SEO plugin. -->","yoast_head_json":{"title":"TRUUSK Rund Badrumsspegel 60 x 60 cm - Aluminiumram - Dekorationsspegel f\u00f6r Badrum, Vardagsrum - Svart - TRUUSK - Hem, Tr\u00e4dg\u00e5rd &amp; Fritid","robots":{"index":"index","follow":"follow","max-snippet":"max-snippet:-1","max-image-preview":"max-image-preview:large","max-video-preview":"max-video-preview:-1"},"canonical":"https:\/\/truusk.store\/sv\/produkt\/truusk-rund-badrumsspegel-60-x-60-cm-aluminiumram-dekorationsspegel-for-badrum-vardagsrum-svart\/","og_locale":"sv_SE","og_type":"article","og_title":"TRUUSK Rund Badrumsspegel 60 x 60 cm - Aluminiumram - Dekorationsspegel f\u00f6r Badrum, Vardagsrum - Svart - TRUUSK - Hem, Tr\u00e4dg\u00e5rd &amp; Fritid","og_description":"Vill du f\u00f6rsk\u00f6na ditt hem? V\u00e5r TRUUSK badrumsspegel \u00e4r precis vad du beh\u00f6ver. Perfekt som present till inflyttningsfester, br\u00f6llop, \u00e5rsdagar...","og_url":"https:\/\/truusk.store\/sv\/produkt\/truusk-rund-badrumsspegel-60-x-60-cm-aluminiumram-dekorationsspegel-for-badrum-vardagsrum-svart\/","og_site_name":"TRUUSK - Hem, Tr\u00e4dg\u00e5rd &amp; Fritid","article_modified_time":"2026-03-12T08:27:39+00:00","og_image":[{"width":2000,"height":2000,"url":"https:\/\/i0.wp.com\/truusk.se\/wp-content\/uploads\/2025\/06\/vaggsspegel-60-x-60-cm-rund-badrumsspegel-med-aluminiumram-dekorationsspegel-for-badrum-vardagsrum-hall-sovrum-svart-1.webp?fit=2000%2C2000&ssl=1","type":"image\/webp"}],"twitter_card":"summary_large_image","twitter_misc":{"Ber\u00e4knad l\u00e4stid":"1 minut"},"schema":{"@context":"https:\/\/schema.org","@graph":[{"@type":"WebPage","@id":"https:\/\/truusk.store\/sv\/produkt\/truusk-rund-badrumsspegel-60-x-60-cm-aluminiumram-dekorationsspegel-for-badrum-vardagsrum-svart\/","url":"https:\/\/truusk.store\/sv\/produkt\/truusk-rund-badrumsspegel-60-x-60-cm-aluminiumram-dekorationsspegel-for-badrum-vardagsrum-svart\/","name":"TRUUSK Rund Badrumsspegel 60 x 60 cm - Aluminiumram - Dekorationsspegel f\u00f6r Badrum, Vardagsrum - Svart - TRUUSK - Hem, Tr\u00e4dg\u00e5rd &amp; Fritid","isPartOf":{"@id":"https:\/\/truusk.store\/sv\/#website"},"primaryImageOfPage":{"@id":"https:\/\/truusk.store\/sv\/produkt\/truusk-rund-badrumsspegel-60-x-60-cm-aluminiumram-dekorationsspegel-for-badrum-vardagsrum-svart\/#primaryimage"},"image":{"@id":"https:\/\/truusk.store\/sv\/produkt\/truusk-rund-badrumsspegel-60-x-60-cm-aluminiumram-dekorationsspegel-for-badrum-vardagsrum-svart\/#primaryimage"},"thumbnailUrl":"https:\/\/i0.wp.com\/truusk.store\/wp-content\/uploads\/2025\/06\/vaggsspegel-60-x-60-cm-rund-badrumsspegel-med-aluminiumram-dekorationsspegel-for-badrum-vardagsrum-hall-sovrum-svart-1.webp?fit=2000%2C2000&ssl=1","datePublished":"2025-06-04T23:54:22+00:00","dateModified":"2026-03-12T08:27:39+00:00","breadcrumb":{"@id":"https:\/\/truusk.store\/sv\/produkt\/truusk-rund-badrumsspegel-60-x-60-cm-aluminiumram-dekorationsspegel-for-badrum-vardagsrum-svart\/#breadcrumb"},"inLanguage":"sv-SE","potentialAction":[{"@type":"ReadAction","target":["https:\/\/truusk.store\/sv\/produkt\/truusk-rund-badrumsspegel-60-x-60-cm-aluminiumram-dekorationsspegel-for-badrum-vardagsrum-svart\/"]}]},{"@type":"ImageObject","inLanguage":"sv-SE","@id":"https:\/\/truusk.store\/sv\/produkt\/truusk-rund-badrumsspegel-60-x-60-cm-aluminiumram-dekorationsspegel-for-badrum-vardagsrum-svart\/#primaryimage","url":"https:\/\/i0.wp.com\/truusk.store\/wp-content\/uploads\/2025\/06\/vaggsspegel-60-x-60-cm-rund-badrumsspegel-med-aluminiumram-dekorationsspegel-for-badrum-vardagsrum-hall-sovrum-svart-1.webp?fit=2000%2C2000&ssl=1","contentUrl":"https:\/\/i0.wp.com\/truusk.store\/wp-content\/uploads\/2025\/06\/vaggsspegel-60-x-60-cm-rund-badrumsspegel-med-aluminiumram-dekorationsspegel-for-badrum-vardagsrum-hall-sovrum-svart-1.webp?fit=2000%2C2000&ssl=1","width":2000,"height":2000},{"@type":"BreadcrumbList","@id":"https:\/\/truusk.store\/sv\/produkt\/truusk-rund-badrumsspegel-60-x-60-cm-aluminiumram-dekorationsspegel-for-badrum-vardagsrum-svart\/#breadcrumb","itemListElement":[{"@type":"ListItem","position":1,"name":"Home","item":"https:\/\/truusk.store\/sv\/"},{"@type":"ListItem","position":2,"name":"Shop","item":"https:\/\/truusk.store\/shop\/"},{"@type":"ListItem","position":3,"name":"TRUUSK Rund Badrumsspegel 60 x 60 cm &#8211; Aluminiumram &#8211; Dekorationsspegel f\u00f6r Badrum, Vardagsrum &#8211; Svart"}]},{"@type":"WebSite","@id":"https:\/\/truusk.store\/sv\/#website","url":"https:\/\/truusk.store\/sv\/","name":"TRUUSK - Hem, Tr\u00e4dg\u00e5rd & Fritid","description":"","publisher":{"@id":"https:\/\/truusk.store\/sv\/#organization"},"potentialAction":[{"@type":"SearchAction","target":{"@type":"EntryPoint","urlTemplate":"https:\/\/truusk.store\/sv\/?s={search_term_string}"},"query-input":{"@type":"PropertyValueSpecification","valueRequired":true,"valueName":"search_term_string"}}],"inLanguage":"sv-SE"},{"@type":"Organization","@id":"https:\/\/truusk.store\/sv\/#organization","name":"TRUUSK - Hem, Tr\u00e4dg\u00e5rd & Fritid","url":"https:\/\/truusk.store\/sv\/","logo":{"@type":"ImageObject","inLanguage":"sv-SE","@id":"https:\/\/truusk.store\/sv\/#\/schema\/logo\/image\/","url":"https:\/\/i0.wp.com\/truusk.store\/wp-content\/uploads\/2026\/03\/cropped-TRUUSK.png?fit=2032%2C917&ssl=1","contentUrl":"https:\/\/i0.wp.com\/truusk.store\/wp-content\/uploads\/2026\/03\/cropped-TRUUSK.png?fit=2032%2C917&ssl=1","width":2032,"height":917,"caption":"TRUUSK - Hem, Tr\u00e4dg\u00e5rd & Fritid"},"image":{"@id":"https:\/\/truusk.store\/sv\/#\/schema\/logo\/image\/"}}]}},"jetpack_sharing_enabled":true,"_links":{"self":[{"href":"https:\/\/truusk.store\/sv\/wp-json\/wp\/v2\/product\/59342","targetHints":{"allow":["GET"]}}],"collection":[{"href":"https:\/\/truusk.store\/sv\/wp-json\/wp\/v2\/product"}],"about":[{"href":"https:\/\/truusk.store\/sv\/wp-json\/wp\/v2\/types\/product"}],"wp:featuredmedia":[{"embeddable":true,"href":"https:\/\/truusk.store\/sv\/wp-json\/wp\/v2\/media\/59333"}],"wp:attachment":[{"href":"https:\/\/truusk.store\/sv\/wp-json\/wp\/v2\/media?parent=59342"}],"wp:term":[{"taxonomy":"product_brand","embeddable":true,"href":"https:\/\/truusk.store\/sv\/wp-json\/wp\/v2\/product_brand?post=59342"},{"taxonomy":"product_cat","embeddable":true,"href":"https:\/\/truusk.store\/sv\/wp-json\/wp\/v2\/product_cat?post=59342"},{"taxonomy":"product_tag","embeddable":true,"href":"https:\/\/truusk.store\/sv\/wp-json\/wp\/v2\/product_tag?post=59342"}],"curies":[{"name":"wp","href":"https:\/\/api.w.org\/{rel}","templated":true}]}}