{"id":59352,"date":"2025-06-05T00:55:32","date_gmt":"2025-06-04T23:55:32","guid":{"rendered":"https:\/\/truusk.store\/product\/tv-stol-med-upphjalpningshjalp-elektrisk-avkopplingsstol-med-massagefunktion-liggfunktion-varmefunktion-polyester-90x93x110cm\/"},"modified":"2026-03-12T09:40:35","modified_gmt":"2026-03-12T08:40:35","slug":"truusk-elektrisk-avkopplingsstol-med-massagefunktion-varmefunktion-liggfunktion-polyester-90x93x110cm","status":"publish","type":"product","link":"https:\/\/truusk.store\/sv\/produkt\/truusk-elektrisk-avkopplingsstol-med-massagefunktion-varmefunktion-liggfunktion-polyester-90x93x110cm\/","title":{"rendered":"TRUUSK Elektrisk Avkopplingsstol med Massagefunktion &#8211; V\u00e4rmefunktion &#8211; Liggfunktion &#8211; Polyester &#8211; 90x93x110cm"},"content":{"rendered":"<p>Njut av ultimat avkoppling med den elektriska TRUUSK TV-stolen. K\u00e4nn dig bekv\u00e4m tack vare tjock stoppning, 135\u00b0 justerbar ryggst\u00f6d och fotst\u00f6d. Med fj\u00e4rrkontrollen hittar du l\u00e4tt din favoritposition. \u00c5tta massagepunkter och l\u00e4ndv\u00e4rme i seniorstolen ger extra komfort. Luta dig tillbaka efter en l\u00e5ng dag och njut av en v\u00e4lf\u00f6rtj\u00e4nt paus.<\/p>\n<p>Beskrivning:<\/p>\n<ul>\n<li> Drivs med str\u00f6m och kan smidigt styras med fj\u00e4rrkontrollerna<\/li>\n<li> Sitsen som h\u00f6js 45\u00b0 hj\u00e4lper \u00e4ldre och fysiskt funktionshindrade m\u00e4nniskor att resa sig<\/li>\n<li> Den 135\u00b0 lutande ryggst\u00f6det p\u00e5 TV-stolen fungerar synkront med fotst\u00f6det<\/li>\n<li> 8 vibrationsmassagepunkter p\u00e5 liggstolen: F\u00f6r rygg, l\u00e4nd, l\u00e5r och ben, med 9 l\u00e4gen, 5 intensitetsniv\u00e5er, timerfunktion och l\u00e4ndv\u00e4rme<\/li>\n<li> Stark och st\u00f6djande metallram med sl\u00e4t, sammetliknande stoppning<\/li>\n<li> 27 cm extra tjock ryggstoppning och fickfj\u00e4dersystem<\/li>\n<li> Sidoficka f\u00f6r f\u00f6rvaring av fj\u00e4rrkontroll<\/li>\n<li> Monteringen klar inom 10 minuter<\/li>\n<\/ul>\n<p> Tekniska data:<\/p>\n<ul>\n<li> F\u00e4rg: Brun<\/li>\n<li> Material: Sammetimitation (100% polyester), skum, st\u00e5l<\/li>\n<li> Totala dimensioner: (Uppr\u00e4tt) 90B x 93D x 110H cm<\/li>\n<li> Totala dimensioner: (Tillbakalutad) 90B x 157D x 93H cm<\/li>\n<li> Totala dimensioner: (Upph\u00f6jd) 90B x 80D x 143H cm<\/li>\n<li> Avst\u00e5nd till v\u00e4gg: (Tillbakalutad) 17 cm<\/li>\n<li> Sitsstorlek: 50B x 56D cm<\/li>\n<li> Sitth\u00f6jd: 50 cm<\/li>\n<li> Armst\u00f6dsh\u00f6jd till sits: 15 cm<\/li>\n<li> Ryggst\u00f6dsstorlek: 70B x 84D cm<\/li>\n<li> Kuddtjocklek: (Sits) 12 cm, (Rygg) 27 cm<\/li>\n<li> B\u00e4rkapacitet: 150 kg<\/li>\n<li> L\u00e4mplig kroppsl\u00e4ngd: \u2264 185 cm<\/li>\n<li> Massage Ing\u00e5ng: 100-240 V, 50\/60 Hz<\/li>\n<li> Massage Utg\u00e5ng: 12 V \/ 1,2 A \/ 14,4 W<\/li>\n<li> Lyft Ing\u00e5ng: 100-240 V, 47\/63 Hz<\/li>\n<li> Lyft Utg\u00e5ng: 29 V \/ 1,8 A \/ 52,2 W<\/li>\n<\/ul>\n<p>Leveransinneh\u00e5ll:<\/p>\n<ul>\n<li> 1 x TV-stol<\/li>\n<li> 2 x Fj\u00e4rrkontroll<\/li>\n<li> 1 x Handbok<\/li>\n<\/ul>\n","protected":false},"excerpt":{"rendered":"<p>Njut av ultimat avkoppling med den elektriska TRUUSK TV-stolen. K\u00e4nn dig bekv\u00e4m tack vare tjock stoppning, 135\u00b0 justerbar ryggst\u00f6d och&#8230;<\/p>\n","protected":false},"featured_media":59343,"template":"","meta":[],"product_brand":[],"product_cat":[911,521,871,910],"product_tag":[],"class_list":{"0":"post-59352","1":"product","2":"type-product","3":"status-publish","4":"has-post-thumbnail","6":"product_cat-aufstehsessel","7":"product_cat-fatolj","8":"product_cat-hus-hem","9":"product_cat-vardagsrum","11":"first","12":"instock","13":"sale","14":"taxable","15":"shipping-taxable","16":"purchasable","17":"product-type-simple"},"yoast_head":"<!-- This site is optimized with the Yoast SEO plugin v25.4 - https:\/\/yoast.com\/wordpress\/plugins\/seo\/ -->\n<title>TRUUSK Elektrisk Avkopplingsstol med Massagefunktion - V\u00e4rmefunktion - Liggfunktion - Polyester - 90x93x110cm - TRUUSK - Hem, Tr\u00e4dg\u00e5rd &amp; Fritid<\/title>\n<meta name=\"robots\" content=\"index, follow, max-snippet:-1, max-image-preview:large, max-video-preview:-1\" \/>\n<link rel=\"canonical\" href=\"https:\/\/truusk.store\/sv\/produkt\/truusk-elektrisk-avkopplingsstol-med-massagefunktion-varmefunktion-liggfunktion-polyester-90x93x110cm\/\" \/>\n<meta property=\"og:locale\" content=\"sv_SE\" \/>\n<meta property=\"og:type\" content=\"article\" \/>\n<meta property=\"og:title\" content=\"TRUUSK Elektrisk Avkopplingsstol med Massagefunktion - V\u00e4rmefunktion - Liggfunktion - Polyester - 90x93x110cm - TRUUSK - Hem, Tr\u00e4dg\u00e5rd &amp; Fritid\" \/>\n<meta property=\"og:description\" content=\"Njut av ultimat avkoppling med den elektriska TRUUSK TV-stolen. K\u00e4nn dig bekv\u00e4m tack vare tjock stoppning, 135\u00b0 justerbar ryggst\u00f6d och...\" \/>\n<meta property=\"og:url\" content=\"https:\/\/truusk.store\/sv\/produkt\/truusk-elektrisk-avkopplingsstol-med-massagefunktion-varmefunktion-liggfunktion-polyester-90x93x110cm\/\" \/>\n<meta property=\"og:site_name\" content=\"TRUUSK - Hem, Tr\u00e4dg\u00e5rd &amp; Fritid\" \/>\n<meta property=\"article:modified_time\" content=\"2026-03-12T08:40:35+00:00\" \/>\n<meta property=\"og:image\" content=\"https:\/\/i0.wp.com\/truusk.se\/wp-content\/uploads\/2025\/06\/tv-stol-med-upphjalpningshjalp-elektrisk-avkopplingsstol-med-massagefunktion-liggfunktion-varmefunktion-polyester-90x93x110cm-1.webp?fit=2000%2C2000&ssl=1\" \/>\n\t<meta property=\"og:image:width\" content=\"2000\" \/>\n\t<meta property=\"og:image:height\" content=\"2000\" \/>\n\t<meta property=\"og:image:type\" content=\"image\/webp\" \/>\n<meta name=\"twitter:card\" content=\"summary_large_image\" \/>\n<meta name=\"twitter:label1\" content=\"Ber\u00e4knad l\u00e4stid\" \/>\n\t<meta name=\"twitter:data1\" content=\"1 minut\" \/>\n<!-- \/ Yoast SEO plugin. -->","yoast_head_json":{"title":"TRUUSK Elektrisk Avkopplingsstol med Massagefunktion - V\u00e4rmefunktion - Liggfunktion - Polyester - 90x93x110cm - TRUUSK - Hem, Tr\u00e4dg\u00e5rd &amp; Fritid","robots":{"index":"index","follow":"follow","max-snippet":"max-snippet:-1","max-image-preview":"max-image-preview:large","max-video-preview":"max-video-preview:-1"},"canonical":"https:\/\/truusk.store\/sv\/produkt\/truusk-elektrisk-avkopplingsstol-med-massagefunktion-varmefunktion-liggfunktion-polyester-90x93x110cm\/","og_locale":"sv_SE","og_type":"article","og_title":"TRUUSK Elektrisk Avkopplingsstol med Massagefunktion - V\u00e4rmefunktion - Liggfunktion - Polyester - 90x93x110cm - TRUUSK - Hem, Tr\u00e4dg\u00e5rd &amp; Fritid","og_description":"Njut av ultimat avkoppling med den elektriska TRUUSK TV-stolen. K\u00e4nn dig bekv\u00e4m tack vare tjock stoppning, 135\u00b0 justerbar ryggst\u00f6d och...","og_url":"https:\/\/truusk.store\/sv\/produkt\/truusk-elektrisk-avkopplingsstol-med-massagefunktion-varmefunktion-liggfunktion-polyester-90x93x110cm\/","og_site_name":"TRUUSK - Hem, Tr\u00e4dg\u00e5rd &amp; Fritid","article_modified_time":"2026-03-12T08:40:35+00:00","og_image":[{"width":2000,"height":2000,"url":"https:\/\/i0.wp.com\/truusk.se\/wp-content\/uploads\/2025\/06\/tv-stol-med-upphjalpningshjalp-elektrisk-avkopplingsstol-med-massagefunktion-liggfunktion-varmefunktion-polyester-90x93x110cm-1.webp?fit=2000%2C2000&ssl=1","type":"image\/webp"}],"twitter_card":"summary_large_image","twitter_misc":{"Ber\u00e4knad l\u00e4stid":"1 minut"},"schema":{"@context":"https:\/\/schema.org","@graph":[{"@type":"WebPage","@id":"https:\/\/truusk.store\/sv\/produkt\/truusk-elektrisk-avkopplingsstol-med-massagefunktion-varmefunktion-liggfunktion-polyester-90x93x110cm\/","url":"https:\/\/truusk.store\/sv\/produkt\/truusk-elektrisk-avkopplingsstol-med-massagefunktion-varmefunktion-liggfunktion-polyester-90x93x110cm\/","name":"TRUUSK Elektrisk Avkopplingsstol med Massagefunktion - V\u00e4rmefunktion - Liggfunktion - Polyester - 90x93x110cm - TRUUSK - Hem, Tr\u00e4dg\u00e5rd &amp; Fritid","isPartOf":{"@id":"https:\/\/truusk.store\/sv\/#website"},"primaryImageOfPage":{"@id":"https:\/\/truusk.store\/sv\/produkt\/truusk-elektrisk-avkopplingsstol-med-massagefunktion-varmefunktion-liggfunktion-polyester-90x93x110cm\/#primaryimage"},"image":{"@id":"https:\/\/truusk.store\/sv\/produkt\/truusk-elektrisk-avkopplingsstol-med-massagefunktion-varmefunktion-liggfunktion-polyester-90x93x110cm\/#primaryimage"},"thumbnailUrl":"https:\/\/i0.wp.com\/truusk.store\/wp-content\/uploads\/2025\/06\/tv-stol-med-upphjalpningshjalp-elektrisk-avkopplingsstol-med-massagefunktion-liggfunktion-varmefunktion-polyester-90x93x110cm-1.webp?fit=2000%2C2000&ssl=1","datePublished":"2025-06-04T23:55:32+00:00","dateModified":"2026-03-12T08:40:35+00:00","breadcrumb":{"@id":"https:\/\/truusk.store\/sv\/produkt\/truusk-elektrisk-avkopplingsstol-med-massagefunktion-varmefunktion-liggfunktion-polyester-90x93x110cm\/#breadcrumb"},"inLanguage":"sv-SE","potentialAction":[{"@type":"ReadAction","target":["https:\/\/truusk.store\/sv\/produkt\/truusk-elektrisk-avkopplingsstol-med-massagefunktion-varmefunktion-liggfunktion-polyester-90x93x110cm\/"]}]},{"@type":"ImageObject","inLanguage":"sv-SE","@id":"https:\/\/truusk.store\/sv\/produkt\/truusk-elektrisk-avkopplingsstol-med-massagefunktion-varmefunktion-liggfunktion-polyester-90x93x110cm\/#primaryimage","url":"https:\/\/i0.wp.com\/truusk.store\/wp-content\/uploads\/2025\/06\/tv-stol-med-upphjalpningshjalp-elektrisk-avkopplingsstol-med-massagefunktion-liggfunktion-varmefunktion-polyester-90x93x110cm-1.webp?fit=2000%2C2000&ssl=1","contentUrl":"https:\/\/i0.wp.com\/truusk.store\/wp-content\/uploads\/2025\/06\/tv-stol-med-upphjalpningshjalp-elektrisk-avkopplingsstol-med-massagefunktion-liggfunktion-varmefunktion-polyester-90x93x110cm-1.webp?fit=2000%2C2000&ssl=1","width":2000,"height":2000},{"@type":"BreadcrumbList","@id":"https:\/\/truusk.store\/sv\/produkt\/truusk-elektrisk-avkopplingsstol-med-massagefunktion-varmefunktion-liggfunktion-polyester-90x93x110cm\/#breadcrumb","itemListElement":[{"@type":"ListItem","position":1,"name":"Home","item":"https:\/\/truusk.store\/sv\/"},{"@type":"ListItem","position":2,"name":"Shop","item":"https:\/\/truusk.store\/shop\/"},{"@type":"ListItem","position":3,"name":"TRUUSK Elektrisk Avkopplingsstol med Massagefunktion &#8211; V\u00e4rmefunktion &#8211; Liggfunktion &#8211; Polyester &#8211; 90x93x110cm"}]},{"@type":"WebSite","@id":"https:\/\/truusk.store\/sv\/#website","url":"https:\/\/truusk.store\/sv\/","name":"TRUUSK - Hem, Tr\u00e4dg\u00e5rd & Fritid","description":"","publisher":{"@id":"https:\/\/truusk.store\/sv\/#organization"},"potentialAction":[{"@type":"SearchAction","target":{"@type":"EntryPoint","urlTemplate":"https:\/\/truusk.store\/sv\/?s={search_term_string}"},"query-input":{"@type":"PropertyValueSpecification","valueRequired":true,"valueName":"search_term_string"}}],"inLanguage":"sv-SE"},{"@type":"Organization","@id":"https:\/\/truusk.store\/sv\/#organization","name":"TRUUSK - Hem, Tr\u00e4dg\u00e5rd & Fritid","url":"https:\/\/truusk.store\/sv\/","logo":{"@type":"ImageObject","inLanguage":"sv-SE","@id":"https:\/\/truusk.store\/sv\/#\/schema\/logo\/image\/","url":"https:\/\/i0.wp.com\/truusk.store\/wp-content\/uploads\/2026\/03\/cropped-TRUUSK.png?fit=2032%2C917&ssl=1","contentUrl":"https:\/\/i0.wp.com\/truusk.store\/wp-content\/uploads\/2026\/03\/cropped-TRUUSK.png?fit=2032%2C917&ssl=1","width":2032,"height":917,"caption":"TRUUSK - Hem, Tr\u00e4dg\u00e5rd & Fritid"},"image":{"@id":"https:\/\/truusk.store\/sv\/#\/schema\/logo\/image\/"}}]}},"jetpack_sharing_enabled":true,"_links":{"self":[{"href":"https:\/\/truusk.store\/sv\/wp-json\/wp\/v2\/product\/59352","targetHints":{"allow":["GET"]}}],"collection":[{"href":"https:\/\/truusk.store\/sv\/wp-json\/wp\/v2\/product"}],"about":[{"href":"https:\/\/truusk.store\/sv\/wp-json\/wp\/v2\/types\/product"}],"wp:featuredmedia":[{"embeddable":true,"href":"https:\/\/truusk.store\/sv\/wp-json\/wp\/v2\/media\/59343"}],"wp:attachment":[{"href":"https:\/\/truusk.store\/sv\/wp-json\/wp\/v2\/media?parent=59352"}],"wp:term":[{"taxonomy":"product_brand","embeddable":true,"href":"https:\/\/truusk.store\/sv\/wp-json\/wp\/v2\/product_brand?post=59352"},{"taxonomy":"product_cat","embeddable":true,"href":"https:\/\/truusk.store\/sv\/wp-json\/wp\/v2\/product_cat?post=59352"},{"taxonomy":"product_tag","embeddable":true,"href":"https:\/\/truusk.store\/sv\/wp-json\/wp\/v2\/product_tag?post=59352"}],"curies":[{"name":"wp","href":"https:\/\/api.w.org\/{rel}","templated":true}]}}