{"id":59362,"date":"2025-06-05T00:56:31","date_gmt":"2025-06-04T23:56:31","guid":{"rendered":"https:\/\/truusk.store\/product\/fristaende-koksskap-89-x-395-x-168-cm-modern-vit-buffeskap\/"},"modified":"2026-03-12T09:39:22","modified_gmt":"2026-03-12T08:39:22","slug":"truusk-fristaende-koksskap-modern-vit-design-89-x-395-x-168-cm-stilrent-buffeskap","status":"publish","type":"product","link":"https:\/\/truusk.store\/sv\/produkt\/truusk-fristaende-koksskap-modern-vit-design-89-x-395-x-168-cm-stilrent-buffeskap\/","title":{"rendered":"TRUUSK Frist\u00e5ende K\u00f6kssk\u00e5p &#8211; Modern Vit Design &#8211; 89 x 39,5 x 168 cm &#8211; Stilrent Buff\u00e9sk\u00e5p"},"content":{"rendered":"<p>I en elegant vit f\u00e4rg optimerar TRUUSK k\u00f6kssk\u00e5pet k\u00f6ksutrymmet och kombinerar gener\u00f6st lagringsutrymme med estetisk finess. Kombinationen av \u00f6versk\u00e5p, undersk\u00e5p, hyllor och l\u00e5dor g\u00f6r det m\u00f6jligt att s\u00e4kert och stilfullt f\u00f6rvara porslin och minnessaker. Med sin stabila konstruktion och det tipp-s\u00e4kra designen ger den s\u00e4kerhet och lugn i vardagen, samtidigt som den framh\u00e4ver sk\u00f6nheten i ditt k\u00f6k.<\/p>\n<p>Beskrivning:<\/p>\n<ul>\n<li> Modern design: Stilfullt k\u00f6kssk\u00e5p som visuellt uppgraderar varje k\u00f6k<\/li>\n<li> Utrustad med tre sk\u00e5pfack, tre l\u00e5dor och tre hyllor, erbjuder detta sk\u00e5p gott om plats f\u00f6r dina k\u00f6ksredskap<\/li>\n<li> Gener\u00f6s arbetsyta idealisk f\u00f6r matlagning eller f\u00f6r att visa upp dekorationer och k\u00f6ksapparater<\/li>\n<li> Tillverkad av robusta MDF-plattor och tr\u00e4material med ett skyddande melaminbel\u00e4ggning<\/li>\n<li> Snabb och okomplicerad montering garanterad<\/li>\n<li> Silverf\u00e4rgade handtag p\u00e5 f\u00f6rvaringssk\u00e5pet ger en elegant touch<\/li>\n<li> Tack vare solid konstruktion och vattenavvisande yta \u00e4r den s\u00e4rskilt underh\u00e5llsfri och h\u00e5llbar<\/li>\n<\/ul>\n<p> Tekniska data:<\/p>\n<ul>\n<li> F\u00e4rg: Vit<\/li>\n<li> Material: MDF, sp\u00e5nskiva<\/li>\n<li> Totala m\u00e5tt: 89L x 39,5B x 168H cm<\/li>\n<li> Inre m\u00e5tt f\u00f6rvaringsfack: 56,7L x 23,5B x 27H cm(med klaffd\u00f6rr)<\/li>\n<li> Inre m\u00e5tt p\u00e5 sk\u00e5pfacket: 27,5L x 23,3B cm(1-d\u00f6rrig), 56,8B x 37,2T cm(2-d\u00f6rrig)<\/li>\n<li> Inre m\u00e5tt p\u00e5 l\u00e5dorna: 22B x 31,5T x 12H\/22B x 31,5T x 17H cm<\/li>\n<li> Storlek p\u00e5 hyllan: 56,7B x 23,3T x 15H cm(\u00d6ver), 56,7B x 23,3T x 39,5H cm(Under), 27,5B x 23,3T x 41,5H cm(H\u00f6ger)<\/li>\n<li> Belastningskapacitet: 70 kg (totalt), 5 kg (varje hylla), 3 kg (varje l\u00e5da)<\/li>\n<\/ul>\n<p>Leveransinneh\u00e5ll:<\/p>\n<ul>\n<li> 1 x F\u00f6rvaringssk\u00e5p<\/li>\n<li> 1 x Handbok<\/li>\n<\/ul>\n","protected":false},"excerpt":{"rendered":"<p>I en elegant vit f\u00e4rg optimerar TRUUSK k\u00f6kssk\u00e5pet k\u00f6ksutrymmet och kombinerar gener\u00f6st lagringsutrymme med estetisk finess. Kombinationen av \u00f6versk\u00e5p, undersk\u00e5p,&#8230;<\/p>\n","protected":false},"featured_media":59353,"template":"","meta":[],"product_brand":[],"product_cat":[871,889,534],"product_tag":[],"class_list":{"0":"post-59362","1":"product","2":"type-product","3":"status-publish","4":"has-post-thumbnail","6":"product_cat-hus-hem","7":"product_cat-kok-matsal","8":"product_cat-koksskap","10":"first","11":"instock","12":"sale","13":"taxable","14":"shipping-taxable","15":"purchasable","16":"product-type-simple"},"yoast_head":"<!-- This site is optimized with the Yoast SEO plugin v25.4 - https:\/\/yoast.com\/wordpress\/plugins\/seo\/ -->\n<title>TRUUSK Frist\u00e5ende K\u00f6kssk\u00e5p - Modern Vit Design - 89 x 39,5 x 168 cm - Stilrent Buff\u00e9sk\u00e5p - TRUUSK - Hem, Tr\u00e4dg\u00e5rd &amp; Fritid<\/title>\n<meta name=\"robots\" content=\"index, follow, max-snippet:-1, max-image-preview:large, max-video-preview:-1\" \/>\n<link rel=\"canonical\" href=\"https:\/\/truusk.store\/sv\/produkt\/truusk-fristaende-koksskap-modern-vit-design-89-x-395-x-168-cm-stilrent-buffeskap\/\" \/>\n<meta property=\"og:locale\" content=\"sv_SE\" \/>\n<meta property=\"og:type\" content=\"article\" \/>\n<meta property=\"og:title\" content=\"TRUUSK Frist\u00e5ende K\u00f6kssk\u00e5p - Modern Vit Design - 89 x 39,5 x 168 cm - Stilrent Buff\u00e9sk\u00e5p - TRUUSK - Hem, Tr\u00e4dg\u00e5rd &amp; Fritid\" \/>\n<meta property=\"og:description\" content=\"I en elegant vit f\u00e4rg optimerar TRUUSK k\u00f6kssk\u00e5pet k\u00f6ksutrymmet och kombinerar gener\u00f6st lagringsutrymme med estetisk finess. Kombinationen av \u00f6versk\u00e5p, undersk\u00e5p,...\" \/>\n<meta property=\"og:url\" content=\"https:\/\/truusk.store\/sv\/produkt\/truusk-fristaende-koksskap-modern-vit-design-89-x-395-x-168-cm-stilrent-buffeskap\/\" \/>\n<meta property=\"og:site_name\" content=\"TRUUSK - Hem, Tr\u00e4dg\u00e5rd &amp; Fritid\" \/>\n<meta property=\"article:modified_time\" content=\"2026-03-12T08:39:22+00:00\" \/>\n<meta property=\"og:image\" content=\"https:\/\/i0.wp.com\/truusk.se\/wp-content\/uploads\/2025\/06\/fristaende-koksskap-89-x-395-x-168-cm-modern-vit-buffeskap-1.webp?fit=2000%2C2000&ssl=1\" \/>\n\t<meta property=\"og:image:width\" content=\"2000\" \/>\n\t<meta property=\"og:image:height\" content=\"2000\" \/>\n\t<meta property=\"og:image:type\" content=\"image\/webp\" \/>\n<meta name=\"twitter:card\" content=\"summary_large_image\" \/>\n<meta name=\"twitter:label1\" content=\"Ber\u00e4knad l\u00e4stid\" \/>\n\t<meta name=\"twitter:data1\" content=\"1 minut\" \/>\n<!-- \/ Yoast SEO plugin. -->","yoast_head_json":{"title":"TRUUSK Frist\u00e5ende K\u00f6kssk\u00e5p - Modern Vit Design - 89 x 39,5 x 168 cm - Stilrent Buff\u00e9sk\u00e5p - TRUUSK - Hem, Tr\u00e4dg\u00e5rd &amp; Fritid","robots":{"index":"index","follow":"follow","max-snippet":"max-snippet:-1","max-image-preview":"max-image-preview:large","max-video-preview":"max-video-preview:-1"},"canonical":"https:\/\/truusk.store\/sv\/produkt\/truusk-fristaende-koksskap-modern-vit-design-89-x-395-x-168-cm-stilrent-buffeskap\/","og_locale":"sv_SE","og_type":"article","og_title":"TRUUSK Frist\u00e5ende K\u00f6kssk\u00e5p - Modern Vit Design - 89 x 39,5 x 168 cm - Stilrent Buff\u00e9sk\u00e5p - TRUUSK - Hem, Tr\u00e4dg\u00e5rd &amp; Fritid","og_description":"I en elegant vit f\u00e4rg optimerar TRUUSK k\u00f6kssk\u00e5pet k\u00f6ksutrymmet och kombinerar gener\u00f6st lagringsutrymme med estetisk finess. Kombinationen av \u00f6versk\u00e5p, undersk\u00e5p,...","og_url":"https:\/\/truusk.store\/sv\/produkt\/truusk-fristaende-koksskap-modern-vit-design-89-x-395-x-168-cm-stilrent-buffeskap\/","og_site_name":"TRUUSK - Hem, Tr\u00e4dg\u00e5rd &amp; Fritid","article_modified_time":"2026-03-12T08:39:22+00:00","og_image":[{"width":2000,"height":2000,"url":"https:\/\/i0.wp.com\/truusk.se\/wp-content\/uploads\/2025\/06\/fristaende-koksskap-89-x-395-x-168-cm-modern-vit-buffeskap-1.webp?fit=2000%2C2000&ssl=1","type":"image\/webp"}],"twitter_card":"summary_large_image","twitter_misc":{"Ber\u00e4knad l\u00e4stid":"1 minut"},"schema":{"@context":"https:\/\/schema.org","@graph":[{"@type":"WebPage","@id":"https:\/\/truusk.store\/sv\/produkt\/truusk-fristaende-koksskap-modern-vit-design-89-x-395-x-168-cm-stilrent-buffeskap\/","url":"https:\/\/truusk.store\/sv\/produkt\/truusk-fristaende-koksskap-modern-vit-design-89-x-395-x-168-cm-stilrent-buffeskap\/","name":"TRUUSK Frist\u00e5ende K\u00f6kssk\u00e5p - Modern Vit Design - 89 x 39,5 x 168 cm - Stilrent Buff\u00e9sk\u00e5p - TRUUSK - Hem, Tr\u00e4dg\u00e5rd &amp; Fritid","isPartOf":{"@id":"https:\/\/truusk.store\/sv\/#website"},"primaryImageOfPage":{"@id":"https:\/\/truusk.store\/sv\/produkt\/truusk-fristaende-koksskap-modern-vit-design-89-x-395-x-168-cm-stilrent-buffeskap\/#primaryimage"},"image":{"@id":"https:\/\/truusk.store\/sv\/produkt\/truusk-fristaende-koksskap-modern-vit-design-89-x-395-x-168-cm-stilrent-buffeskap\/#primaryimage"},"thumbnailUrl":"https:\/\/i0.wp.com\/truusk.store\/wp-content\/uploads\/2025\/06\/fristaende-koksskap-89-x-395-x-168-cm-modern-vit-buffeskap-1.webp?fit=2000%2C2000&ssl=1","datePublished":"2025-06-04T23:56:31+00:00","dateModified":"2026-03-12T08:39:22+00:00","breadcrumb":{"@id":"https:\/\/truusk.store\/sv\/produkt\/truusk-fristaende-koksskap-modern-vit-design-89-x-395-x-168-cm-stilrent-buffeskap\/#breadcrumb"},"inLanguage":"sv-SE","potentialAction":[{"@type":"ReadAction","target":["https:\/\/truusk.store\/sv\/produkt\/truusk-fristaende-koksskap-modern-vit-design-89-x-395-x-168-cm-stilrent-buffeskap\/"]}]},{"@type":"ImageObject","inLanguage":"sv-SE","@id":"https:\/\/truusk.store\/sv\/produkt\/truusk-fristaende-koksskap-modern-vit-design-89-x-395-x-168-cm-stilrent-buffeskap\/#primaryimage","url":"https:\/\/i0.wp.com\/truusk.store\/wp-content\/uploads\/2025\/06\/fristaende-koksskap-89-x-395-x-168-cm-modern-vit-buffeskap-1.webp?fit=2000%2C2000&ssl=1","contentUrl":"https:\/\/i0.wp.com\/truusk.store\/wp-content\/uploads\/2025\/06\/fristaende-koksskap-89-x-395-x-168-cm-modern-vit-buffeskap-1.webp?fit=2000%2C2000&ssl=1","width":2000,"height":2000},{"@type":"BreadcrumbList","@id":"https:\/\/truusk.store\/sv\/produkt\/truusk-fristaende-koksskap-modern-vit-design-89-x-395-x-168-cm-stilrent-buffeskap\/#breadcrumb","itemListElement":[{"@type":"ListItem","position":1,"name":"Home","item":"https:\/\/truusk.store\/sv\/"},{"@type":"ListItem","position":2,"name":"Shop","item":"https:\/\/truusk.store\/shop\/"},{"@type":"ListItem","position":3,"name":"TRUUSK Frist\u00e5ende K\u00f6kssk\u00e5p &#8211; Modern Vit Design &#8211; 89 x 39,5 x 168 cm &#8211; Stilrent Buff\u00e9sk\u00e5p"}]},{"@type":"WebSite","@id":"https:\/\/truusk.store\/sv\/#website","url":"https:\/\/truusk.store\/sv\/","name":"TRUUSK - Hem, Tr\u00e4dg\u00e5rd & Fritid","description":"","publisher":{"@id":"https:\/\/truusk.store\/sv\/#organization"},"potentialAction":[{"@type":"SearchAction","target":{"@type":"EntryPoint","urlTemplate":"https:\/\/truusk.store\/sv\/?s={search_term_string}"},"query-input":{"@type":"PropertyValueSpecification","valueRequired":true,"valueName":"search_term_string"}}],"inLanguage":"sv-SE"},{"@type":"Organization","@id":"https:\/\/truusk.store\/sv\/#organization","name":"TRUUSK - Hem, Tr\u00e4dg\u00e5rd & Fritid","url":"https:\/\/truusk.store\/sv\/","logo":{"@type":"ImageObject","inLanguage":"sv-SE","@id":"https:\/\/truusk.store\/sv\/#\/schema\/logo\/image\/","url":"https:\/\/i0.wp.com\/truusk.store\/wp-content\/uploads\/2026\/03\/cropped-TRUUSK.png?fit=2032%2C917&ssl=1","contentUrl":"https:\/\/i0.wp.com\/truusk.store\/wp-content\/uploads\/2026\/03\/cropped-TRUUSK.png?fit=2032%2C917&ssl=1","width":2032,"height":917,"caption":"TRUUSK - Hem, Tr\u00e4dg\u00e5rd & Fritid"},"image":{"@id":"https:\/\/truusk.store\/sv\/#\/schema\/logo\/image\/"}}]}},"jetpack_sharing_enabled":true,"_links":{"self":[{"href":"https:\/\/truusk.store\/sv\/wp-json\/wp\/v2\/product\/59362","targetHints":{"allow":["GET"]}}],"collection":[{"href":"https:\/\/truusk.store\/sv\/wp-json\/wp\/v2\/product"}],"about":[{"href":"https:\/\/truusk.store\/sv\/wp-json\/wp\/v2\/types\/product"}],"wp:featuredmedia":[{"embeddable":true,"href":"https:\/\/truusk.store\/sv\/wp-json\/wp\/v2\/media\/59353"}],"wp:attachment":[{"href":"https:\/\/truusk.store\/sv\/wp-json\/wp\/v2\/media?parent=59362"}],"wp:term":[{"taxonomy":"product_brand","embeddable":true,"href":"https:\/\/truusk.store\/sv\/wp-json\/wp\/v2\/product_brand?post=59362"},{"taxonomy":"product_cat","embeddable":true,"href":"https:\/\/truusk.store\/sv\/wp-json\/wp\/v2\/product_cat?post=59362"},{"taxonomy":"product_tag","embeddable":true,"href":"https:\/\/truusk.store\/sv\/wp-json\/wp\/v2\/product_tag?post=59362"}],"curies":[{"name":"wp","href":"https:\/\/api.w.org\/{rel}","templated":true}]}}