{"id":59402,"date":"2025-06-05T01:00:28","date_gmt":"2025-06-05T00:00:28","guid":{"rendered":"https:\/\/truusk.store\/product\/katt-hus-kattgrotta-i-tra-med-oppningsbart-asfalttak-vaderbestandig-kattkoja-med-fonster-3-dorrar-77-x-575-x-68-cm-gra\/"},"modified":"2026-03-12T09:39:33","modified_gmt":"2026-03-12T08:39:33","slug":"truusk-katt-hus-kattgrotta-i-tra-oppningsbart-asfalttak-vaderbestandig-fonster-3-dorrar-77-x-575-x-68-cm-gra","status":"publish","type":"product","link":"https:\/\/truusk.store\/sv\/produkt\/truusk-katt-hus-kattgrotta-i-tra-oppningsbart-asfalttak-vaderbestandig-fonster-3-dorrar-77-x-575-x-68-cm-gra\/","title":{"rendered":"TRUUSK Katt Hus &#8211; Kattgrotta i Tr\u00e4 &#8211; \u00d6ppningsbart Asfalttak &#8211; V\u00e4derbest\u00e4ndig &#8211; F\u00f6nster &#8211; 3 D\u00f6rrar &#8211; 77 x 57,5 x 68 cm &#8211; Gr\u00e5"},"content":{"rendered":"<p>Uppt\u00e4ck charmen med TRUUSK utomhuskattstuga, ett mysigt tillflyktsort f\u00f6r din p\u00e4lskl\u00e4dda v\u00e4n. Tre d\u00f6rrar, tv\u00e5 med gardiner f\u00f6r privatliv och en sidod\u00f6rr som stege, erbjuder komfort och stil. Ett f\u00f6nster ger ventilation och synlighet. Kattgrottans uppf\u00e4llbara tak m\u00f6jligg\u00f6r enkel reng\u00f6ring, medan det v\u00e4derbest\u00e4ndiga asfalts- och grantr\u00e4et erbjuder perfekt vintermys.<\/p>\n<p>Beskrivning:<\/p>\n<ul>\n<li> Tre d\u00f6rrar: Tv\u00e5 med gardiner, en sidod\u00f6rr som stege f\u00f6r lekfulla kl\u00e4ttringar<\/li>\n<li> Inre platta erbjuder en mysig viloplats<\/li>\n<li> \u00d6ppningsbart tak p\u00e5 kattstugan f\u00f6r enkel och snabb reng\u00f6ring<\/li>\n<li> V\u00e4derbest\u00e4ndigt asfalttak och ram av grantr\u00e4<\/li>\n<li> Klar frontf\u00f6nster som garanterar ventilation och synlighet<\/li>\n<li> H\u00f6jda f\u00f6tter p\u00e5 kattgrottan med skyddande fotdynor \u00f6kar stabilitet och s\u00e4kerhet<\/li>\n<li> L\u00e4mplig f\u00f6r en katt med en vikt p\u00e5 inte mer \u00e4n 5 kg, montering kr\u00e4vs<\/li>\n<\/ul>\n<p>Tekniska data:<\/p>\n<ul>\n<li> F\u00e4rg: Gr\u00e5+Svart<\/li>\n<li> Material: Grantr\u00e4<\/li>\n<li> Totala dimensioner: 77B x 57,5D x 68H cm<\/li>\n<li> Huvudhusets dimensioner: 62B x 44D x 58H cm<\/li>\n<li> Ing\u00e5ngsstorlek: (Fram\/Bak) 11B x 22H cm, (Sida) 37B x 21H cm<\/li>\n<li> Inre br\u00e4dstorlek: 42B x 21,5D cm<\/li>\n<li> F\u00f6nsterstorlek: 15B x 15H cm<\/li>\n<li> H\u00f6jd fr\u00e5n marken: 3,5 cm<\/li>\n<\/ul>\n<p>Inneh\u00e5ll:<\/p>\n<ul>\n<li> 1 x Kattstuga<\/li>\n<li> 1 x Handbok<\/li>\n<\/ul>\n","protected":false},"excerpt":{"rendered":"<p>Uppt\u00e4ck charmen med TRUUSK utomhuskattstuga, ett mysigt tillflyktsort f\u00f6r din p\u00e4lskl\u00e4dda v\u00e4n. Tre d\u00f6rrar, tv\u00e5 med gardiner f\u00f6r privatliv och&#8230;<\/p>\n","protected":false},"featured_media":59393,"template":"","meta":[],"product_brand":[],"product_cat":[878,890,588],"product_tag":[],"class_list":{"0":"post-59402","1":"product","2":"type-product","3":"status-publish","4":"has-post-thumbnail","6":"product_cat-djurbehov","7":"product_cat-katt-hus","8":"product_cat-katttillbehor","10":"first","11":"instock","12":"sale","13":"taxable","14":"shipping-taxable","15":"purchasable","16":"product-type-simple"},"yoast_head":"<!-- This site is optimized with the Yoast SEO plugin v25.4 - https:\/\/yoast.com\/wordpress\/plugins\/seo\/ -->\n<title>TRUUSK Katt Hus - Kattgrotta i Tr\u00e4 - \u00d6ppningsbart Asfalttak - V\u00e4derbest\u00e4ndig - F\u00f6nster - 3 D\u00f6rrar - 77 x 57,5 x 68 cm - Gr\u00e5 - TRUUSK - Hem, Tr\u00e4dg\u00e5rd &amp; Fritid<\/title>\n<meta name=\"robots\" content=\"index, follow, max-snippet:-1, max-image-preview:large, max-video-preview:-1\" \/>\n<link rel=\"canonical\" href=\"https:\/\/truusk.store\/sv\/produkt\/truusk-katt-hus-kattgrotta-i-tra-oppningsbart-asfalttak-vaderbestandig-fonster-3-dorrar-77-x-575-x-68-cm-gra\/\" \/>\n<meta property=\"og:locale\" content=\"sv_SE\" \/>\n<meta property=\"og:type\" content=\"article\" \/>\n<meta property=\"og:title\" content=\"TRUUSK Katt Hus - Kattgrotta i Tr\u00e4 - \u00d6ppningsbart Asfalttak - V\u00e4derbest\u00e4ndig - F\u00f6nster - 3 D\u00f6rrar - 77 x 57,5 x 68 cm - Gr\u00e5 - TRUUSK - Hem, Tr\u00e4dg\u00e5rd &amp; Fritid\" \/>\n<meta property=\"og:description\" content=\"Uppt\u00e4ck charmen med TRUUSK utomhuskattstuga, ett mysigt tillflyktsort f\u00f6r din p\u00e4lskl\u00e4dda v\u00e4n. Tre d\u00f6rrar, tv\u00e5 med gardiner f\u00f6r privatliv och...\" \/>\n<meta property=\"og:url\" content=\"https:\/\/truusk.store\/sv\/produkt\/truusk-katt-hus-kattgrotta-i-tra-oppningsbart-asfalttak-vaderbestandig-fonster-3-dorrar-77-x-575-x-68-cm-gra\/\" \/>\n<meta property=\"og:site_name\" content=\"TRUUSK - Hem, Tr\u00e4dg\u00e5rd &amp; Fritid\" \/>\n<meta property=\"article:modified_time\" content=\"2026-03-12T08:39:33+00:00\" \/>\n<meta property=\"og:image\" content=\"https:\/\/i0.wp.com\/truusk.se\/wp-content\/uploads\/2025\/06\/katt-hus-kattgrotta-i-tra-med-oppningsbart-asfalttak-vaderbestandig-kattkoja-med-fonster-3-dorrar-77-x-575-x-68-cm-gra-1.webp?fit=2000%2C2000&ssl=1\" \/>\n\t<meta property=\"og:image:width\" content=\"2000\" \/>\n\t<meta property=\"og:image:height\" content=\"2000\" \/>\n\t<meta property=\"og:image:type\" content=\"image\/webp\" \/>\n<meta name=\"twitter:card\" content=\"summary_large_image\" \/>\n<meta name=\"twitter:label1\" content=\"Ber\u00e4knad l\u00e4stid\" \/>\n\t<meta name=\"twitter:data1\" content=\"1 minut\" \/>\n<!-- \/ Yoast SEO plugin. -->","yoast_head_json":{"title":"TRUUSK Katt Hus - Kattgrotta i Tr\u00e4 - \u00d6ppningsbart Asfalttak - V\u00e4derbest\u00e4ndig - F\u00f6nster - 3 D\u00f6rrar - 77 x 57,5 x 68 cm - Gr\u00e5 - TRUUSK - Hem, Tr\u00e4dg\u00e5rd &amp; Fritid","robots":{"index":"index","follow":"follow","max-snippet":"max-snippet:-1","max-image-preview":"max-image-preview:large","max-video-preview":"max-video-preview:-1"},"canonical":"https:\/\/truusk.store\/sv\/produkt\/truusk-katt-hus-kattgrotta-i-tra-oppningsbart-asfalttak-vaderbestandig-fonster-3-dorrar-77-x-575-x-68-cm-gra\/","og_locale":"sv_SE","og_type":"article","og_title":"TRUUSK Katt Hus - Kattgrotta i Tr\u00e4 - \u00d6ppningsbart Asfalttak - V\u00e4derbest\u00e4ndig - F\u00f6nster - 3 D\u00f6rrar - 77 x 57,5 x 68 cm - Gr\u00e5 - TRUUSK - Hem, Tr\u00e4dg\u00e5rd &amp; Fritid","og_description":"Uppt\u00e4ck charmen med TRUUSK utomhuskattstuga, ett mysigt tillflyktsort f\u00f6r din p\u00e4lskl\u00e4dda v\u00e4n. Tre d\u00f6rrar, tv\u00e5 med gardiner f\u00f6r privatliv och...","og_url":"https:\/\/truusk.store\/sv\/produkt\/truusk-katt-hus-kattgrotta-i-tra-oppningsbart-asfalttak-vaderbestandig-fonster-3-dorrar-77-x-575-x-68-cm-gra\/","og_site_name":"TRUUSK - Hem, Tr\u00e4dg\u00e5rd &amp; Fritid","article_modified_time":"2026-03-12T08:39:33+00:00","og_image":[{"width":2000,"height":2000,"url":"https:\/\/i0.wp.com\/truusk.se\/wp-content\/uploads\/2025\/06\/katt-hus-kattgrotta-i-tra-med-oppningsbart-asfalttak-vaderbestandig-kattkoja-med-fonster-3-dorrar-77-x-575-x-68-cm-gra-1.webp?fit=2000%2C2000&ssl=1","type":"image\/webp"}],"twitter_card":"summary_large_image","twitter_misc":{"Ber\u00e4knad l\u00e4stid":"1 minut"},"schema":{"@context":"https:\/\/schema.org","@graph":[{"@type":"WebPage","@id":"https:\/\/truusk.store\/sv\/produkt\/truusk-katt-hus-kattgrotta-i-tra-oppningsbart-asfalttak-vaderbestandig-fonster-3-dorrar-77-x-575-x-68-cm-gra\/","url":"https:\/\/truusk.store\/sv\/produkt\/truusk-katt-hus-kattgrotta-i-tra-oppningsbart-asfalttak-vaderbestandig-fonster-3-dorrar-77-x-575-x-68-cm-gra\/","name":"TRUUSK Katt Hus - Kattgrotta i Tr\u00e4 - \u00d6ppningsbart Asfalttak - V\u00e4derbest\u00e4ndig - F\u00f6nster - 3 D\u00f6rrar - 77 x 57,5 x 68 cm - Gr\u00e5 - TRUUSK - Hem, Tr\u00e4dg\u00e5rd &amp; Fritid","isPartOf":{"@id":"https:\/\/truusk.store\/sv\/#website"},"primaryImageOfPage":{"@id":"https:\/\/truusk.store\/sv\/produkt\/truusk-katt-hus-kattgrotta-i-tra-oppningsbart-asfalttak-vaderbestandig-fonster-3-dorrar-77-x-575-x-68-cm-gra\/#primaryimage"},"image":{"@id":"https:\/\/truusk.store\/sv\/produkt\/truusk-katt-hus-kattgrotta-i-tra-oppningsbart-asfalttak-vaderbestandig-fonster-3-dorrar-77-x-575-x-68-cm-gra\/#primaryimage"},"thumbnailUrl":"https:\/\/i0.wp.com\/truusk.store\/wp-content\/uploads\/2025\/06\/katt-hus-kattgrotta-i-tra-med-oppningsbart-asfalttak-vaderbestandig-kattkoja-med-fonster-3-dorrar-77-x-575-x-68-cm-gra-1.webp?fit=2000%2C2000&ssl=1","datePublished":"2025-06-05T00:00:28+00:00","dateModified":"2026-03-12T08:39:33+00:00","breadcrumb":{"@id":"https:\/\/truusk.store\/sv\/produkt\/truusk-katt-hus-kattgrotta-i-tra-oppningsbart-asfalttak-vaderbestandig-fonster-3-dorrar-77-x-575-x-68-cm-gra\/#breadcrumb"},"inLanguage":"sv-SE","potentialAction":[{"@type":"ReadAction","target":["https:\/\/truusk.store\/sv\/produkt\/truusk-katt-hus-kattgrotta-i-tra-oppningsbart-asfalttak-vaderbestandig-fonster-3-dorrar-77-x-575-x-68-cm-gra\/"]}]},{"@type":"ImageObject","inLanguage":"sv-SE","@id":"https:\/\/truusk.store\/sv\/produkt\/truusk-katt-hus-kattgrotta-i-tra-oppningsbart-asfalttak-vaderbestandig-fonster-3-dorrar-77-x-575-x-68-cm-gra\/#primaryimage","url":"https:\/\/i0.wp.com\/truusk.store\/wp-content\/uploads\/2025\/06\/katt-hus-kattgrotta-i-tra-med-oppningsbart-asfalttak-vaderbestandig-kattkoja-med-fonster-3-dorrar-77-x-575-x-68-cm-gra-1.webp?fit=2000%2C2000&ssl=1","contentUrl":"https:\/\/i0.wp.com\/truusk.store\/wp-content\/uploads\/2025\/06\/katt-hus-kattgrotta-i-tra-med-oppningsbart-asfalttak-vaderbestandig-kattkoja-med-fonster-3-dorrar-77-x-575-x-68-cm-gra-1.webp?fit=2000%2C2000&ssl=1","width":2000,"height":2000},{"@type":"BreadcrumbList","@id":"https:\/\/truusk.store\/sv\/produkt\/truusk-katt-hus-kattgrotta-i-tra-oppningsbart-asfalttak-vaderbestandig-fonster-3-dorrar-77-x-575-x-68-cm-gra\/#breadcrumb","itemListElement":[{"@type":"ListItem","position":1,"name":"Home","item":"https:\/\/truusk.store\/sv\/"},{"@type":"ListItem","position":2,"name":"Shop","item":"https:\/\/truusk.store\/shop\/"},{"@type":"ListItem","position":3,"name":"TRUUSK Katt Hus &#8211; Kattgrotta i Tr\u00e4 &#8211; \u00d6ppningsbart Asfalttak &#8211; V\u00e4derbest\u00e4ndig &#8211; F\u00f6nster &#8211; 3 D\u00f6rrar &#8211; 77 x 57,5 x 68 cm &#8211; Gr\u00e5"}]},{"@type":"WebSite","@id":"https:\/\/truusk.store\/sv\/#website","url":"https:\/\/truusk.store\/sv\/","name":"TRUUSK - Hem, Tr\u00e4dg\u00e5rd & Fritid","description":"","publisher":{"@id":"https:\/\/truusk.store\/sv\/#organization"},"potentialAction":[{"@type":"SearchAction","target":{"@type":"EntryPoint","urlTemplate":"https:\/\/truusk.store\/sv\/?s={search_term_string}"},"query-input":{"@type":"PropertyValueSpecification","valueRequired":true,"valueName":"search_term_string"}}],"inLanguage":"sv-SE"},{"@type":"Organization","@id":"https:\/\/truusk.store\/sv\/#organization","name":"TRUUSK - Hem, Tr\u00e4dg\u00e5rd & Fritid","url":"https:\/\/truusk.store\/sv\/","logo":{"@type":"ImageObject","inLanguage":"sv-SE","@id":"https:\/\/truusk.store\/sv\/#\/schema\/logo\/image\/","url":"https:\/\/i0.wp.com\/truusk.store\/wp-content\/uploads\/2026\/03\/cropped-TRUUSK.png?fit=2032%2C917&ssl=1","contentUrl":"https:\/\/i0.wp.com\/truusk.store\/wp-content\/uploads\/2026\/03\/cropped-TRUUSK.png?fit=2032%2C917&ssl=1","width":2032,"height":917,"caption":"TRUUSK - Hem, Tr\u00e4dg\u00e5rd & Fritid"},"image":{"@id":"https:\/\/truusk.store\/sv\/#\/schema\/logo\/image\/"}}]}},"jetpack_sharing_enabled":true,"_links":{"self":[{"href":"https:\/\/truusk.store\/sv\/wp-json\/wp\/v2\/product\/59402","targetHints":{"allow":["GET"]}}],"collection":[{"href":"https:\/\/truusk.store\/sv\/wp-json\/wp\/v2\/product"}],"about":[{"href":"https:\/\/truusk.store\/sv\/wp-json\/wp\/v2\/types\/product"}],"wp:featuredmedia":[{"embeddable":true,"href":"https:\/\/truusk.store\/sv\/wp-json\/wp\/v2\/media\/59393"}],"wp:attachment":[{"href":"https:\/\/truusk.store\/sv\/wp-json\/wp\/v2\/media?parent=59402"}],"wp:term":[{"taxonomy":"product_brand","embeddable":true,"href":"https:\/\/truusk.store\/sv\/wp-json\/wp\/v2\/product_brand?post=59402"},{"taxonomy":"product_cat","embeddable":true,"href":"https:\/\/truusk.store\/sv\/wp-json\/wp\/v2\/product_cat?post=59402"},{"taxonomy":"product_tag","embeddable":true,"href":"https:\/\/truusk.store\/sv\/wp-json\/wp\/v2\/product_tag?post=59402"}],"curies":[{"name":"wp","href":"https:\/\/api.w.org\/{rel}","templated":true}]}}