{"id":59462,"date":"2025-06-05T01:06:21","date_gmt":"2025-06-05T00:06:21","guid":{"rendered":"https:\/\/truusk.store\/product\/kleankin-lasbar-medicinskap-for-hemmet-30-x-14-x-46-cm-med-3-fack-barnsakert-tillverkat-av-kallvalsat-stal-i-vitt\/"},"modified":"2026-03-12T09:22:06","modified_gmt":"2026-03-12T08:22:06","slug":"truusk-lasbart-medicinskap-for-hemmet-30-x-14-x-46-cm-3-fack-barnsakert-kallvalsat-stal-vitt","status":"publish","type":"product","link":"https:\/\/truusk.store\/sv\/produkt\/truusk-lasbart-medicinskap-for-hemmet-30-x-14-x-46-cm-3-fack-barnsakert-kallvalsat-stal-vitt\/","title":{"rendered":"TRUUSK L\u00e5sbart Medicinsk\u00e5p f\u00f6r Hemmet &#8211; 30 x 14 x 46 cm &#8211; 3 Fack &#8211; Barns\u00e4kert &#8211; Kallvalsat St\u00e5l &#8211; Vitt"},"content":{"rendered":"<p>F\u00f6r familjer med barn och husdjur \u00e4r en s\u00e4ker f\u00f6rvaringsplats f\u00f6r mediciner essentiell. TRUUSK medicinsk\u00e5p \u00e4r den idealiska l\u00f6sningen f\u00f6r att f\u00f6rvara l\u00e4karrecept och mediciner p\u00e5 ett \u00f6versk\u00e5dligt och s\u00e4kert s\u00e4tt. Med tre niv\u00e5er erbjuder f\u00f6rsta hj\u00e4lpen sk\u00e5pet tillr\u00e4ckligt med utrymme f\u00f6r att h\u00e5lla allt organiserat och separat. Det v\u00e4l synliga f\u00f6rsta hj\u00e4lpen-korset p\u00e5 framsidan garanterar att du snabbt kan f\u00e5 tillg\u00e5ng i en n\u00f6dsituation. En oumb\u00e4rlig hj\u00e4lpare f\u00f6r varje hush\u00e5ll!<\/p>\n<p>Beskrivning:<\/p>\n<ul>\n<li> Flyttbara hyllor i apotekssk\u00e5pet f\u00f6r optimal inredningsorganisation<\/li>\n<li> S\u00e4kert l\u00e5ssystem f\u00f6r v\u00e4ggsk\u00e5pet inklusive tv\u00e5 nycklar, idealiskt f\u00f6r familjer med barn och husdjur<\/li>\n<li> Inklusive f\u00f6rsta hj\u00e4lpen-kors klisterm\u00e4rke f\u00f6r valfri applicering p\u00e5 d\u00f6rren<\/li>\n<li> Utrymmesbesparande v\u00e4ggmontering m\u00f6jlig<\/li>\n<li> Ingen montering kr\u00e4vs &#8211; redo att anv\u00e4ndas direkt<\/li>\n<\/ul>\n<p> Tekniska data:<\/p>\n<ul>\n<li> F\u00e4rg: Vit<\/li>\n<li> Material: Kallvalsat st\u00e5l<\/li>\n<li> Totala m\u00e5tt: 30L x 14B x 46H cm<\/li>\n<li> D\u00f6rrm\u00e5tt: 25,6B x 41,8H cm<\/li>\n<li> M\u00e5tt per fack: 29,8L x 12B x 14H cm, 29,8L x 12B x 14H cm, 29,8L x 12B x 16H cm (fr\u00e5n topp till botten)<\/li>\n<li> B\u00e4rkapacitet: 15 kg (totalt), 5 kg (varje hylla)<\/li>\n<\/ul>\n<p>Leveransinneh\u00e5ll:<\/p>\n<ul>\n<li> 1 x Medicinsk\u00e5p<\/li>\n<li> 2 x Nycklar<\/li>\n<\/ul>\n","protected":false},"excerpt":{"rendered":"<p>F\u00f6r familjer med barn och husdjur \u00e4r en s\u00e4ker f\u00f6rvaringsplats f\u00f6r mediciner essentiell. TRUUSK medicinsk\u00e5p \u00e4r den idealiska l\u00f6sningen f\u00f6r&#8230;<\/p>\n","protected":false},"featured_media":59453,"template":"","meta":[],"product_brand":[],"product_cat":[915,871,529],"product_tag":[],"class_list":{"0":"post-59462","1":"product","2":"type-product","3":"status-publish","4":"has-post-thumbnail","6":"product_cat-badrum","7":"product_cat-hus-hem","8":"product_cat-medicinskap","10":"first","11":"instock","12":"sale","13":"taxable","14":"shipping-taxable","15":"purchasable","16":"product-type-simple"},"yoast_head":"<!-- This site is optimized with the Yoast SEO plugin v25.4 - https:\/\/yoast.com\/wordpress\/plugins\/seo\/ -->\n<title>TRUUSK L\u00e5sbart Medicinsk\u00e5p f\u00f6r Hemmet - 30 x 14 x 46 cm - 3 Fack - Barns\u00e4kert - Kallvalsat St\u00e5l - Vitt - TRUUSK - Hem, Tr\u00e4dg\u00e5rd &amp; Fritid<\/title>\n<meta name=\"robots\" content=\"index, follow, max-snippet:-1, max-image-preview:large, max-video-preview:-1\" \/>\n<link rel=\"canonical\" href=\"https:\/\/truusk.store\/sv\/produkt\/truusk-lasbart-medicinskap-for-hemmet-30-x-14-x-46-cm-3-fack-barnsakert-kallvalsat-stal-vitt\/\" \/>\n<meta property=\"og:locale\" content=\"sv_SE\" \/>\n<meta property=\"og:type\" content=\"article\" \/>\n<meta property=\"og:title\" content=\"TRUUSK L\u00e5sbart Medicinsk\u00e5p f\u00f6r Hemmet - 30 x 14 x 46 cm - 3 Fack - Barns\u00e4kert - Kallvalsat St\u00e5l - Vitt - TRUUSK - Hem, Tr\u00e4dg\u00e5rd &amp; Fritid\" \/>\n<meta property=\"og:description\" content=\"F\u00f6r familjer med barn och husdjur \u00e4r en s\u00e4ker f\u00f6rvaringsplats f\u00f6r mediciner essentiell. TRUUSK medicinsk\u00e5p \u00e4r den idealiska l\u00f6sningen f\u00f6r...\" \/>\n<meta property=\"og:url\" content=\"https:\/\/truusk.store\/sv\/produkt\/truusk-lasbart-medicinskap-for-hemmet-30-x-14-x-46-cm-3-fack-barnsakert-kallvalsat-stal-vitt\/\" \/>\n<meta property=\"og:site_name\" content=\"TRUUSK - Hem, Tr\u00e4dg\u00e5rd &amp; Fritid\" \/>\n<meta property=\"article:modified_time\" content=\"2026-03-12T08:22:06+00:00\" \/>\n<meta property=\"og:image\" content=\"https:\/\/i0.wp.com\/truusk.se\/wp-content\/uploads\/2025\/06\/kleankin-lasbar-medicinskap-for-hemmet-30-x-14-x-46-cm-med-3-fack-barnsakert-tillverkat-av-kallvalsat-stal-i-vitt-1.webp?fit=2000%2C2000&ssl=1\" \/>\n\t<meta property=\"og:image:width\" content=\"2000\" \/>\n\t<meta property=\"og:image:height\" content=\"2000\" \/>\n\t<meta property=\"og:image:type\" content=\"image\/webp\" \/>\n<meta name=\"twitter:card\" content=\"summary_large_image\" \/>\n<meta name=\"twitter:label1\" content=\"Ber\u00e4knad l\u00e4stid\" \/>\n\t<meta name=\"twitter:data1\" content=\"1 minut\" \/>\n<!-- \/ Yoast SEO plugin. -->","yoast_head_json":{"title":"TRUUSK L\u00e5sbart Medicinsk\u00e5p f\u00f6r Hemmet - 30 x 14 x 46 cm - 3 Fack - Barns\u00e4kert - Kallvalsat St\u00e5l - Vitt - TRUUSK - Hem, Tr\u00e4dg\u00e5rd &amp; Fritid","robots":{"index":"index","follow":"follow","max-snippet":"max-snippet:-1","max-image-preview":"max-image-preview:large","max-video-preview":"max-video-preview:-1"},"canonical":"https:\/\/truusk.store\/sv\/produkt\/truusk-lasbart-medicinskap-for-hemmet-30-x-14-x-46-cm-3-fack-barnsakert-kallvalsat-stal-vitt\/","og_locale":"sv_SE","og_type":"article","og_title":"TRUUSK L\u00e5sbart Medicinsk\u00e5p f\u00f6r Hemmet - 30 x 14 x 46 cm - 3 Fack - Barns\u00e4kert - Kallvalsat St\u00e5l - Vitt - TRUUSK - Hem, Tr\u00e4dg\u00e5rd &amp; Fritid","og_description":"F\u00f6r familjer med barn och husdjur \u00e4r en s\u00e4ker f\u00f6rvaringsplats f\u00f6r mediciner essentiell. TRUUSK medicinsk\u00e5p \u00e4r den idealiska l\u00f6sningen f\u00f6r...","og_url":"https:\/\/truusk.store\/sv\/produkt\/truusk-lasbart-medicinskap-for-hemmet-30-x-14-x-46-cm-3-fack-barnsakert-kallvalsat-stal-vitt\/","og_site_name":"TRUUSK - Hem, Tr\u00e4dg\u00e5rd &amp; Fritid","article_modified_time":"2026-03-12T08:22:06+00:00","og_image":[{"width":2000,"height":2000,"url":"https:\/\/i0.wp.com\/truusk.se\/wp-content\/uploads\/2025\/06\/kleankin-lasbar-medicinskap-for-hemmet-30-x-14-x-46-cm-med-3-fack-barnsakert-tillverkat-av-kallvalsat-stal-i-vitt-1.webp?fit=2000%2C2000&ssl=1","type":"image\/webp"}],"twitter_card":"summary_large_image","twitter_misc":{"Ber\u00e4knad l\u00e4stid":"1 minut"},"schema":{"@context":"https:\/\/schema.org","@graph":[{"@type":"WebPage","@id":"https:\/\/truusk.store\/sv\/produkt\/truusk-lasbart-medicinskap-for-hemmet-30-x-14-x-46-cm-3-fack-barnsakert-kallvalsat-stal-vitt\/","url":"https:\/\/truusk.store\/sv\/produkt\/truusk-lasbart-medicinskap-for-hemmet-30-x-14-x-46-cm-3-fack-barnsakert-kallvalsat-stal-vitt\/","name":"TRUUSK L\u00e5sbart Medicinsk\u00e5p f\u00f6r Hemmet - 30 x 14 x 46 cm - 3 Fack - Barns\u00e4kert - Kallvalsat St\u00e5l - Vitt - TRUUSK - Hem, Tr\u00e4dg\u00e5rd &amp; Fritid","isPartOf":{"@id":"https:\/\/truusk.store\/sv\/#website"},"primaryImageOfPage":{"@id":"https:\/\/truusk.store\/sv\/produkt\/truusk-lasbart-medicinskap-for-hemmet-30-x-14-x-46-cm-3-fack-barnsakert-kallvalsat-stal-vitt\/#primaryimage"},"image":{"@id":"https:\/\/truusk.store\/sv\/produkt\/truusk-lasbart-medicinskap-for-hemmet-30-x-14-x-46-cm-3-fack-barnsakert-kallvalsat-stal-vitt\/#primaryimage"},"thumbnailUrl":"https:\/\/i0.wp.com\/truusk.store\/wp-content\/uploads\/2025\/06\/kleankin-lasbar-medicinskap-for-hemmet-30-x-14-x-46-cm-med-3-fack-barnsakert-tillverkat-av-kallvalsat-stal-i-vitt-1.webp?fit=2000%2C2000&ssl=1","datePublished":"2025-06-05T00:06:21+00:00","dateModified":"2026-03-12T08:22:06+00:00","breadcrumb":{"@id":"https:\/\/truusk.store\/sv\/produkt\/truusk-lasbart-medicinskap-for-hemmet-30-x-14-x-46-cm-3-fack-barnsakert-kallvalsat-stal-vitt\/#breadcrumb"},"inLanguage":"sv-SE","potentialAction":[{"@type":"ReadAction","target":["https:\/\/truusk.store\/sv\/produkt\/truusk-lasbart-medicinskap-for-hemmet-30-x-14-x-46-cm-3-fack-barnsakert-kallvalsat-stal-vitt\/"]}]},{"@type":"ImageObject","inLanguage":"sv-SE","@id":"https:\/\/truusk.store\/sv\/produkt\/truusk-lasbart-medicinskap-for-hemmet-30-x-14-x-46-cm-3-fack-barnsakert-kallvalsat-stal-vitt\/#primaryimage","url":"https:\/\/i0.wp.com\/truusk.store\/wp-content\/uploads\/2025\/06\/kleankin-lasbar-medicinskap-for-hemmet-30-x-14-x-46-cm-med-3-fack-barnsakert-tillverkat-av-kallvalsat-stal-i-vitt-1.webp?fit=2000%2C2000&ssl=1","contentUrl":"https:\/\/i0.wp.com\/truusk.store\/wp-content\/uploads\/2025\/06\/kleankin-lasbar-medicinskap-for-hemmet-30-x-14-x-46-cm-med-3-fack-barnsakert-tillverkat-av-kallvalsat-stal-i-vitt-1.webp?fit=2000%2C2000&ssl=1","width":2000,"height":2000},{"@type":"BreadcrumbList","@id":"https:\/\/truusk.store\/sv\/produkt\/truusk-lasbart-medicinskap-for-hemmet-30-x-14-x-46-cm-3-fack-barnsakert-kallvalsat-stal-vitt\/#breadcrumb","itemListElement":[{"@type":"ListItem","position":1,"name":"Home","item":"https:\/\/truusk.store\/sv\/"},{"@type":"ListItem","position":2,"name":"Shop","item":"https:\/\/truusk.store\/shop\/"},{"@type":"ListItem","position":3,"name":"TRUUSK L\u00e5sbart Medicinsk\u00e5p f\u00f6r Hemmet &#8211; 30 x 14 x 46 cm &#8211; 3 Fack &#8211; Barns\u00e4kert &#8211; Kallvalsat St\u00e5l &#8211; Vitt"}]},{"@type":"WebSite","@id":"https:\/\/truusk.store\/sv\/#website","url":"https:\/\/truusk.store\/sv\/","name":"TRUUSK - Hem, Tr\u00e4dg\u00e5rd & Fritid","description":"","publisher":{"@id":"https:\/\/truusk.store\/sv\/#organization"},"potentialAction":[{"@type":"SearchAction","target":{"@type":"EntryPoint","urlTemplate":"https:\/\/truusk.store\/sv\/?s={search_term_string}"},"query-input":{"@type":"PropertyValueSpecification","valueRequired":true,"valueName":"search_term_string"}}],"inLanguage":"sv-SE"},{"@type":"Organization","@id":"https:\/\/truusk.store\/sv\/#organization","name":"TRUUSK - Hem, Tr\u00e4dg\u00e5rd & Fritid","url":"https:\/\/truusk.store\/sv\/","logo":{"@type":"ImageObject","inLanguage":"sv-SE","@id":"https:\/\/truusk.store\/sv\/#\/schema\/logo\/image\/","url":"https:\/\/i0.wp.com\/truusk.store\/wp-content\/uploads\/2026\/03\/cropped-TRUUSK.png?fit=2032%2C917&ssl=1","contentUrl":"https:\/\/i0.wp.com\/truusk.store\/wp-content\/uploads\/2026\/03\/cropped-TRUUSK.png?fit=2032%2C917&ssl=1","width":2032,"height":917,"caption":"TRUUSK - Hem, Tr\u00e4dg\u00e5rd & Fritid"},"image":{"@id":"https:\/\/truusk.store\/sv\/#\/schema\/logo\/image\/"}}]}},"jetpack_sharing_enabled":true,"_links":{"self":[{"href":"https:\/\/truusk.store\/sv\/wp-json\/wp\/v2\/product\/59462","targetHints":{"allow":["GET"]}}],"collection":[{"href":"https:\/\/truusk.store\/sv\/wp-json\/wp\/v2\/product"}],"about":[{"href":"https:\/\/truusk.store\/sv\/wp-json\/wp\/v2\/types\/product"}],"wp:featuredmedia":[{"embeddable":true,"href":"https:\/\/truusk.store\/sv\/wp-json\/wp\/v2\/media\/59453"}],"wp:attachment":[{"href":"https:\/\/truusk.store\/sv\/wp-json\/wp\/v2\/media?parent=59462"}],"wp:term":[{"taxonomy":"product_brand","embeddable":true,"href":"https:\/\/truusk.store\/sv\/wp-json\/wp\/v2\/product_brand?post=59462"},{"taxonomy":"product_cat","embeddable":true,"href":"https:\/\/truusk.store\/sv\/wp-json\/wp\/v2\/product_cat?post=59462"},{"taxonomy":"product_tag","embeddable":true,"href":"https:\/\/truusk.store\/sv\/wp-json\/wp\/v2\/product_tag?post=59462"}],"curies":[{"name":"wp","href":"https:\/\/api.w.org\/{rel}","templated":true}]}}