{"id":59472,"date":"2025-06-05T01:07:32","date_gmt":"2025-06-05T00:07:32","guid":{"rendered":"https:\/\/truusk.store\/product\/tv-stol-elektrisk-145-lutbar-med-liggfunktion-sidoknappar-fotstod-avkopplingsstol-konstlader-78-x-87-x-100-cm-gra\/"},"modified":"2026-03-12T09:04:32","modified_gmt":"2026-03-12T08:04:32","slug":"truusk-elektrisk-tv-stol-145-lutbar-med-liggfunktion-sidoknappar-fotstod-konstlader-78-x-87-x-100-cm-gra","status":"publish","type":"product","link":"https:\/\/truusk.store\/sv\/produkt\/truusk-elektrisk-tv-stol-145-lutbar-med-liggfunktion-sidoknappar-fotstod-konstlader-78-x-87-x-100-cm-gra\/","title":{"rendered":"TRUUSK Elektrisk TV-stol &#8211; 145\u00b0 Lutbar &#8211; Med Liggfunktion &#8211; Sidoknappar &#8211; Fotst\u00f6d &#8211; Konstl\u00e4der &#8211; 78 X 87 X 100 Cm &#8211; Gr\u00e5"},"content":{"rendered":"<p>Slappna av efter en anstr\u00e4ngande dag med TRUUSK avkopplingsstol. Tack vare 360\u00b0-roterande foten kan du njuta av full r\u00f6relsefrihet, medan den robusta tr\u00e4konstruktionen ger stabilitet. Den fullst\u00e4ndiga stoppningen erbjuder ultimat komfort, och den justerbara ryggst\u00f6det samt den manuella fotst\u00f6det garanterar absolut avkoppling. Med sin eleganta konstl\u00e4derkl\u00e4dsel kombinerar denna biostol sk\u00f6nhet och stil p\u00e5 ett perfekt s\u00e4tt. Unna dig lyxen du f\u00f6rtj\u00e4nar.<\/p>\n<p>Beskrivning:<\/p>\n<ul>\n<li> 145\u00b0 lutande ryggst\u00f6d p\u00e5 TV-stolen med manuellt justerbart fotst\u00f6d &#8211; sitta, luta dig tillbaka och slappna av<\/li>\n<li> Stilfull konstl\u00e4derkl\u00e4dsel, mjuk mot huden<\/li>\n<li> H\u00f6g ryggst\u00f6d och armst\u00f6d p\u00e5 TV-stolen erbjuder kroppsst\u00f6d<\/li>\n<li> 360\u00b0 roterande bas f\u00f6r enkel r\u00f6relse<\/li>\n<li> Maximal belastning 120 kg, montering kr\u00e4vs<\/li>\n<\/ul>\n<p> Tekniska data:<\/p>\n<ul>\n<li> F\u00e4rg: Gr\u00e5<\/li>\n<li> Material: Konstl\u00e4der, tr\u00e4<\/li>\n<li> Totala m\u00e5tt: 78L x 87B x 100H cm<\/li>\n<li> Liggande position m\u00e5tt: 78L x 151B x 89H cm<\/li>\n<li> Ryggst\u00f6dsm\u00e5tt: 60B x 69H cm<\/li>\n<li> Sittm\u00e5tt: 52B x 52T cm<\/li>\n<li> Sitth\u00f6jd: 45 cm<\/li>\n<li> Belastningskapacitet: 120 kg<\/li>\n<\/ul>\n<p>Leveransinneh\u00e5ll:<\/p>\n<ul>\n<li> 1 x Liggstol<\/li>\n<li> 1 x Instruktioner<\/li>\n<\/ul>\n","protected":false},"excerpt":{"rendered":"<p>Slappna av efter en anstr\u00e4ngande dag med TRUUSK avkopplingsstol. Tack vare 360\u00b0-roterande foten kan du njuta av full r\u00f6relsefrihet, medan&#8230;<\/p>\n","protected":false},"featured_media":59463,"template":"","meta":[],"product_brand":[],"product_cat":[521,946,871,910],"product_tag":[],"class_list":{"0":"post-59472","1":"product","2":"type-product","3":"status-publish","4":"has-post-thumbnail","6":"product_cat-fatolj","7":"product_cat-fernsehsessel","8":"product_cat-hus-hem","9":"product_cat-vardagsrum","11":"first","12":"instock","13":"sale","14":"taxable","15":"shipping-taxable","16":"purchasable","17":"product-type-simple"},"yoast_head":"<!-- This site is optimized with the Yoast SEO plugin v25.4 - https:\/\/yoast.com\/wordpress\/plugins\/seo\/ -->\n<title>TRUUSK Elektrisk TV-stol - 145\u00b0 Lutbar - Med Liggfunktion - Sidoknappar - Fotst\u00f6d - Konstl\u00e4der - 78 X 87 X 100 Cm - Gr\u00e5 - TRUUSK - Hem, Tr\u00e4dg\u00e5rd &amp; Fritid<\/title>\n<meta name=\"robots\" content=\"index, follow, max-snippet:-1, max-image-preview:large, max-video-preview:-1\" \/>\n<link rel=\"canonical\" href=\"https:\/\/truusk.store\/sv\/produkt\/truusk-elektrisk-tv-stol-145-lutbar-med-liggfunktion-sidoknappar-fotstod-konstlader-78-x-87-x-100-cm-gra\/\" \/>\n<meta property=\"og:locale\" content=\"sv_SE\" \/>\n<meta property=\"og:type\" content=\"article\" \/>\n<meta property=\"og:title\" content=\"TRUUSK Elektrisk TV-stol - 145\u00b0 Lutbar - Med Liggfunktion - Sidoknappar - Fotst\u00f6d - Konstl\u00e4der - 78 X 87 X 100 Cm - Gr\u00e5 - TRUUSK - Hem, Tr\u00e4dg\u00e5rd &amp; Fritid\" \/>\n<meta property=\"og:description\" content=\"Slappna av efter en anstr\u00e4ngande dag med TRUUSK avkopplingsstol. Tack vare 360\u00b0-roterande foten kan du njuta av full r\u00f6relsefrihet, medan...\" \/>\n<meta property=\"og:url\" content=\"https:\/\/truusk.store\/sv\/produkt\/truusk-elektrisk-tv-stol-145-lutbar-med-liggfunktion-sidoknappar-fotstod-konstlader-78-x-87-x-100-cm-gra\/\" \/>\n<meta property=\"og:site_name\" content=\"TRUUSK - Hem, Tr\u00e4dg\u00e5rd &amp; Fritid\" \/>\n<meta property=\"article:modified_time\" content=\"2026-03-12T08:04:32+00:00\" \/>\n<meta property=\"og:image\" content=\"https:\/\/i0.wp.com\/truusk.se\/wp-content\/uploads\/2025\/06\/tv-stol-elektrisk-145-lutbar-med-liggfunktion-sidoknappar-fotstod-avkopplingsstol-konstlader-78-x-87-x-100-cm-gra-1.webp?fit=2000%2C2000&ssl=1\" \/>\n\t<meta property=\"og:image:width\" content=\"2000\" \/>\n\t<meta property=\"og:image:height\" content=\"2000\" \/>\n\t<meta property=\"og:image:type\" content=\"image\/webp\" \/>\n<meta name=\"twitter:card\" content=\"summary_large_image\" \/>\n<meta name=\"twitter:label1\" content=\"Ber\u00e4knad l\u00e4stid\" \/>\n\t<meta name=\"twitter:data1\" content=\"1 minut\" \/>\n<!-- \/ Yoast SEO plugin. -->","yoast_head_json":{"title":"TRUUSK Elektrisk TV-stol - 145\u00b0 Lutbar - Med Liggfunktion - Sidoknappar - Fotst\u00f6d - Konstl\u00e4der - 78 X 87 X 100 Cm - Gr\u00e5 - TRUUSK - Hem, Tr\u00e4dg\u00e5rd &amp; Fritid","robots":{"index":"index","follow":"follow","max-snippet":"max-snippet:-1","max-image-preview":"max-image-preview:large","max-video-preview":"max-video-preview:-1"},"canonical":"https:\/\/truusk.store\/sv\/produkt\/truusk-elektrisk-tv-stol-145-lutbar-med-liggfunktion-sidoknappar-fotstod-konstlader-78-x-87-x-100-cm-gra\/","og_locale":"sv_SE","og_type":"article","og_title":"TRUUSK Elektrisk TV-stol - 145\u00b0 Lutbar - Med Liggfunktion - Sidoknappar - Fotst\u00f6d - Konstl\u00e4der - 78 X 87 X 100 Cm - Gr\u00e5 - TRUUSK - Hem, Tr\u00e4dg\u00e5rd &amp; Fritid","og_description":"Slappna av efter en anstr\u00e4ngande dag med TRUUSK avkopplingsstol. Tack vare 360\u00b0-roterande foten kan du njuta av full r\u00f6relsefrihet, medan...","og_url":"https:\/\/truusk.store\/sv\/produkt\/truusk-elektrisk-tv-stol-145-lutbar-med-liggfunktion-sidoknappar-fotstod-konstlader-78-x-87-x-100-cm-gra\/","og_site_name":"TRUUSK - Hem, Tr\u00e4dg\u00e5rd &amp; Fritid","article_modified_time":"2026-03-12T08:04:32+00:00","og_image":[{"width":2000,"height":2000,"url":"https:\/\/i0.wp.com\/truusk.se\/wp-content\/uploads\/2025\/06\/tv-stol-elektrisk-145-lutbar-med-liggfunktion-sidoknappar-fotstod-avkopplingsstol-konstlader-78-x-87-x-100-cm-gra-1.webp?fit=2000%2C2000&ssl=1","type":"image\/webp"}],"twitter_card":"summary_large_image","twitter_misc":{"Ber\u00e4knad l\u00e4stid":"1 minut"},"schema":{"@context":"https:\/\/schema.org","@graph":[{"@type":"WebPage","@id":"https:\/\/truusk.store\/sv\/produkt\/truusk-elektrisk-tv-stol-145-lutbar-med-liggfunktion-sidoknappar-fotstod-konstlader-78-x-87-x-100-cm-gra\/","url":"https:\/\/truusk.store\/sv\/produkt\/truusk-elektrisk-tv-stol-145-lutbar-med-liggfunktion-sidoknappar-fotstod-konstlader-78-x-87-x-100-cm-gra\/","name":"TRUUSK Elektrisk TV-stol - 145\u00b0 Lutbar - Med Liggfunktion - Sidoknappar - Fotst\u00f6d - Konstl\u00e4der - 78 X 87 X 100 Cm - Gr\u00e5 - TRUUSK - Hem, Tr\u00e4dg\u00e5rd &amp; Fritid","isPartOf":{"@id":"https:\/\/truusk.store\/sv\/#website"},"primaryImageOfPage":{"@id":"https:\/\/truusk.store\/sv\/produkt\/truusk-elektrisk-tv-stol-145-lutbar-med-liggfunktion-sidoknappar-fotstod-konstlader-78-x-87-x-100-cm-gra\/#primaryimage"},"image":{"@id":"https:\/\/truusk.store\/sv\/produkt\/truusk-elektrisk-tv-stol-145-lutbar-med-liggfunktion-sidoknappar-fotstod-konstlader-78-x-87-x-100-cm-gra\/#primaryimage"},"thumbnailUrl":"https:\/\/i0.wp.com\/truusk.store\/wp-content\/uploads\/2025\/06\/tv-stol-elektrisk-145-lutbar-med-liggfunktion-sidoknappar-fotstod-avkopplingsstol-konstlader-78-x-87-x-100-cm-gra-1.webp?fit=2000%2C2000&ssl=1","datePublished":"2025-06-05T00:07:32+00:00","dateModified":"2026-03-12T08:04:32+00:00","breadcrumb":{"@id":"https:\/\/truusk.store\/sv\/produkt\/truusk-elektrisk-tv-stol-145-lutbar-med-liggfunktion-sidoknappar-fotstod-konstlader-78-x-87-x-100-cm-gra\/#breadcrumb"},"inLanguage":"sv-SE","potentialAction":[{"@type":"ReadAction","target":["https:\/\/truusk.store\/sv\/produkt\/truusk-elektrisk-tv-stol-145-lutbar-med-liggfunktion-sidoknappar-fotstod-konstlader-78-x-87-x-100-cm-gra\/"]}]},{"@type":"ImageObject","inLanguage":"sv-SE","@id":"https:\/\/truusk.store\/sv\/produkt\/truusk-elektrisk-tv-stol-145-lutbar-med-liggfunktion-sidoknappar-fotstod-konstlader-78-x-87-x-100-cm-gra\/#primaryimage","url":"https:\/\/i0.wp.com\/truusk.store\/wp-content\/uploads\/2025\/06\/tv-stol-elektrisk-145-lutbar-med-liggfunktion-sidoknappar-fotstod-avkopplingsstol-konstlader-78-x-87-x-100-cm-gra-1.webp?fit=2000%2C2000&ssl=1","contentUrl":"https:\/\/i0.wp.com\/truusk.store\/wp-content\/uploads\/2025\/06\/tv-stol-elektrisk-145-lutbar-med-liggfunktion-sidoknappar-fotstod-avkopplingsstol-konstlader-78-x-87-x-100-cm-gra-1.webp?fit=2000%2C2000&ssl=1","width":2000,"height":2000},{"@type":"BreadcrumbList","@id":"https:\/\/truusk.store\/sv\/produkt\/truusk-elektrisk-tv-stol-145-lutbar-med-liggfunktion-sidoknappar-fotstod-konstlader-78-x-87-x-100-cm-gra\/#breadcrumb","itemListElement":[{"@type":"ListItem","position":1,"name":"Home","item":"https:\/\/truusk.store\/sv\/"},{"@type":"ListItem","position":2,"name":"Shop","item":"https:\/\/truusk.store\/shop\/"},{"@type":"ListItem","position":3,"name":"TRUUSK Elektrisk TV-stol &#8211; 145\u00b0 Lutbar &#8211; Med Liggfunktion &#8211; Sidoknappar &#8211; Fotst\u00f6d &#8211; Konstl\u00e4der &#8211; 78 X 87 X 100 Cm &#8211; Gr\u00e5"}]},{"@type":"WebSite","@id":"https:\/\/truusk.store\/sv\/#website","url":"https:\/\/truusk.store\/sv\/","name":"TRUUSK - Hem, Tr\u00e4dg\u00e5rd & Fritid","description":"","publisher":{"@id":"https:\/\/truusk.store\/sv\/#organization"},"potentialAction":[{"@type":"SearchAction","target":{"@type":"EntryPoint","urlTemplate":"https:\/\/truusk.store\/sv\/?s={search_term_string}"},"query-input":{"@type":"PropertyValueSpecification","valueRequired":true,"valueName":"search_term_string"}}],"inLanguage":"sv-SE"},{"@type":"Organization","@id":"https:\/\/truusk.store\/sv\/#organization","name":"TRUUSK - Hem, Tr\u00e4dg\u00e5rd & Fritid","url":"https:\/\/truusk.store\/sv\/","logo":{"@type":"ImageObject","inLanguage":"sv-SE","@id":"https:\/\/truusk.store\/sv\/#\/schema\/logo\/image\/","url":"https:\/\/i0.wp.com\/truusk.store\/wp-content\/uploads\/2026\/03\/cropped-TRUUSK.png?fit=2032%2C917&ssl=1","contentUrl":"https:\/\/i0.wp.com\/truusk.store\/wp-content\/uploads\/2026\/03\/cropped-TRUUSK.png?fit=2032%2C917&ssl=1","width":2032,"height":917,"caption":"TRUUSK - Hem, Tr\u00e4dg\u00e5rd & Fritid"},"image":{"@id":"https:\/\/truusk.store\/sv\/#\/schema\/logo\/image\/"}}]}},"jetpack_sharing_enabled":true,"_links":{"self":[{"href":"https:\/\/truusk.store\/sv\/wp-json\/wp\/v2\/product\/59472","targetHints":{"allow":["GET"]}}],"collection":[{"href":"https:\/\/truusk.store\/sv\/wp-json\/wp\/v2\/product"}],"about":[{"href":"https:\/\/truusk.store\/sv\/wp-json\/wp\/v2\/types\/product"}],"wp:featuredmedia":[{"embeddable":true,"href":"https:\/\/truusk.store\/sv\/wp-json\/wp\/v2\/media\/59463"}],"wp:attachment":[{"href":"https:\/\/truusk.store\/sv\/wp-json\/wp\/v2\/media?parent=59472"}],"wp:term":[{"taxonomy":"product_brand","embeddable":true,"href":"https:\/\/truusk.store\/sv\/wp-json\/wp\/v2\/product_brand?post=59472"},{"taxonomy":"product_cat","embeddable":true,"href":"https:\/\/truusk.store\/sv\/wp-json\/wp\/v2\/product_cat?post=59472"},{"taxonomy":"product_tag","embeddable":true,"href":"https:\/\/truusk.store\/sv\/wp-json\/wp\/v2\/product_tag?post=59472"}],"curies":[{"name":"wp","href":"https:\/\/api.w.org\/{rel}","templated":true}]}}