{"id":59482,"date":"2025-06-05T01:08:30","date_gmt":"2025-06-05T00:08:30","guid":{"rendered":"https:\/\/truusk.store\/product\/konstgjorda-vaxter-2-pack-lavendel-70-cm-uv-resistenta-konstvaxter-i-blomkruka-for-vardagsrum-tradgard\/"},"modified":"2026-03-12T09:36:08","modified_gmt":"2026-03-12T08:36:08","slug":"truusk-konstgjorda-vaxter-2-pack-lavendel-70-cm-uv-resistenta-konstvaxter-i-blomkruka-for-vardagsrum-tradgard","status":"publish","type":"product","link":"https:\/\/truusk.store\/sv\/produkt\/truusk-konstgjorda-vaxter-2-pack-lavendel-70-cm-uv-resistenta-konstvaxter-i-blomkruka-for-vardagsrum-tradgard\/","title":{"rendered":"TRUUSK Konstgjorda V\u00e4xter 2-pack Lavendel 70 cm &#8211; UV-resistenta &#8211; Konstv\u00e4xter i Blomkruka &#8211; F\u00f6r Vardagsrum &amp; Tr\u00e4dg\u00e5rd"},"content":{"rendered":"<p>Upplev st\u00e4ndigt gr\u00f6nt med v\u00e5ra TRUUSK konstgjorda lavendeltr\u00e4d i 2-pack, perfekt f\u00f6r inomhus och utomhus. Den robusta replikationen av blad och blommor i detaljerad plast skapar en bedr\u00e4gligt verklig utseende. V\u00e5ra konstgjorda v\u00e4xter, tack vare cementkrukan, \u00e4r en omedelbar blickf\u00e5ngare och dessutom mycket l\u00e4ttsk\u00f6tta. Bara packa upp, st\u00e4ll upp och njut av en touch av realistiskt utseende natur.<\/p>\n<p>Beskrivning:<\/p>\n<ul>\n<li> Set med tv\u00e5 dekorativa konstgjorda v\u00e4xter, l\u00e4mpliga f\u00f6r inomhus och utomhus<\/li>\n<li> Autentiskt utseende blad och lavendelblommor: Lush och livlig, med strukturerad yta f\u00f6r extra naturlighet<\/li>\n<li> Cementfyllda krukor ger stabilitet, ytan imiterar riktig jord<\/li>\n<li> Ingen vattning eller g\u00f6dsling n\u00f6dv\u00e4ndig<\/li>\n<li> Ingen montering kr\u00e4vs &#8211; de konstgjorda v\u00e4xterna kan anv\u00e4ndas direkt fr\u00e5n f\u00f6rpackningen<\/li>\n<\/ul>\n<p> Tekniska data:<\/p>\n<ul>\n<li> F\u00e4rg: Gr\u00f6n<\/li>\n<li> Material: Plast, Metall<\/li>\n<li> Typ: Lavendeltr\u00e4d med blommor<\/li>\n<li> Total storlek: \u00d815 cm<\/li>\n<li> Total h\u00f6jd: 70 cm<\/li>\n<li> Krukstorlek: \u00d815 x 12,8 cm<\/li>\n<\/ul>\n<p>Leveransinneh\u00e5ll:<\/p>\n<ul>\n<li> 2 x konstgjorda lavendeltr\u00e4d<\/li>\n<li> 1 x handbok<\/li>\n<\/ul>\n","protected":false},"excerpt":{"rendered":"<p>Upplev st\u00e4ndigt gr\u00f6nt med v\u00e5ra TRUUSK konstgjorda lavendeltr\u00e4d i 2-pack, perfekt f\u00f6r inomhus och utomhus. Den robusta replikationen av blad&#8230;<\/p>\n","protected":false},"featured_media":59473,"template":"","meta":[],"product_brand":[],"product_cat":[962,871,681],"product_tag":[],"class_list":{"0":"post-59482","1":"product","2":"type-product","3":"status-publish","4":"has-post-thumbnail","6":"product_cat-dekoration","7":"product_cat-hus-hem","8":"product_cat-konstgjorda-vaxter","10":"first","11":"instock","12":"sale","13":"taxable","14":"shipping-taxable","15":"purchasable","16":"product-type-simple"},"yoast_head":"<!-- This site is optimized with the Yoast SEO plugin v25.4 - https:\/\/yoast.com\/wordpress\/plugins\/seo\/ -->\n<title>TRUUSK Konstgjorda V\u00e4xter 2-pack Lavendel 70 cm - UV-resistenta - Konstv\u00e4xter i Blomkruka - F\u00f6r Vardagsrum &amp; Tr\u00e4dg\u00e5rd - TRUUSK - Hem, Tr\u00e4dg\u00e5rd &amp; Fritid<\/title>\n<meta name=\"robots\" content=\"index, follow, max-snippet:-1, max-image-preview:large, max-video-preview:-1\" \/>\n<link rel=\"canonical\" href=\"https:\/\/truusk.store\/sv\/produkt\/truusk-konstgjorda-vaxter-2-pack-lavendel-70-cm-uv-resistenta-konstvaxter-i-blomkruka-for-vardagsrum-tradgard\/\" \/>\n<meta property=\"og:locale\" content=\"sv_SE\" \/>\n<meta property=\"og:type\" content=\"article\" \/>\n<meta property=\"og:title\" content=\"TRUUSK Konstgjorda V\u00e4xter 2-pack Lavendel 70 cm - UV-resistenta - Konstv\u00e4xter i Blomkruka - F\u00f6r Vardagsrum &amp; Tr\u00e4dg\u00e5rd - TRUUSK - Hem, Tr\u00e4dg\u00e5rd &amp; Fritid\" \/>\n<meta property=\"og:description\" content=\"Upplev st\u00e4ndigt gr\u00f6nt med v\u00e5ra TRUUSK konstgjorda lavendeltr\u00e4d i 2-pack, perfekt f\u00f6r inomhus och utomhus. Den robusta replikationen av blad...\" \/>\n<meta property=\"og:url\" content=\"https:\/\/truusk.store\/sv\/produkt\/truusk-konstgjorda-vaxter-2-pack-lavendel-70-cm-uv-resistenta-konstvaxter-i-blomkruka-for-vardagsrum-tradgard\/\" \/>\n<meta property=\"og:site_name\" content=\"TRUUSK - Hem, Tr\u00e4dg\u00e5rd &amp; Fritid\" \/>\n<meta property=\"article:modified_time\" content=\"2026-03-12T08:36:08+00:00\" \/>\n<meta property=\"og:image\" content=\"https:\/\/i0.wp.com\/truusk.se\/wp-content\/uploads\/2025\/06\/konstgjorda-vaxter-2-pack-lavendel-70-cm-uv-resistenta-konstvaxter-i-blomkruka-for-vardagsrum-tradgard-1.webp?fit=2000%2C2000&ssl=1\" \/>\n\t<meta property=\"og:image:width\" content=\"2000\" \/>\n\t<meta property=\"og:image:height\" content=\"2000\" \/>\n\t<meta property=\"og:image:type\" content=\"image\/webp\" \/>\n<meta name=\"twitter:card\" content=\"summary_large_image\" \/>\n<meta name=\"twitter:label1\" content=\"Ber\u00e4knad l\u00e4stid\" \/>\n\t<meta name=\"twitter:data1\" content=\"1 minut\" \/>\n<!-- \/ Yoast SEO plugin. -->","yoast_head_json":{"title":"TRUUSK Konstgjorda V\u00e4xter 2-pack Lavendel 70 cm - UV-resistenta - Konstv\u00e4xter i Blomkruka - F\u00f6r Vardagsrum &amp; Tr\u00e4dg\u00e5rd - TRUUSK - Hem, Tr\u00e4dg\u00e5rd &amp; Fritid","robots":{"index":"index","follow":"follow","max-snippet":"max-snippet:-1","max-image-preview":"max-image-preview:large","max-video-preview":"max-video-preview:-1"},"canonical":"https:\/\/truusk.store\/sv\/produkt\/truusk-konstgjorda-vaxter-2-pack-lavendel-70-cm-uv-resistenta-konstvaxter-i-blomkruka-for-vardagsrum-tradgard\/","og_locale":"sv_SE","og_type":"article","og_title":"TRUUSK Konstgjorda V\u00e4xter 2-pack Lavendel 70 cm - UV-resistenta - Konstv\u00e4xter i Blomkruka - F\u00f6r Vardagsrum &amp; Tr\u00e4dg\u00e5rd - TRUUSK - Hem, Tr\u00e4dg\u00e5rd &amp; Fritid","og_description":"Upplev st\u00e4ndigt gr\u00f6nt med v\u00e5ra TRUUSK konstgjorda lavendeltr\u00e4d i 2-pack, perfekt f\u00f6r inomhus och utomhus. Den robusta replikationen av blad...","og_url":"https:\/\/truusk.store\/sv\/produkt\/truusk-konstgjorda-vaxter-2-pack-lavendel-70-cm-uv-resistenta-konstvaxter-i-blomkruka-for-vardagsrum-tradgard\/","og_site_name":"TRUUSK - Hem, Tr\u00e4dg\u00e5rd &amp; Fritid","article_modified_time":"2026-03-12T08:36:08+00:00","og_image":[{"width":2000,"height":2000,"url":"https:\/\/i0.wp.com\/truusk.se\/wp-content\/uploads\/2025\/06\/konstgjorda-vaxter-2-pack-lavendel-70-cm-uv-resistenta-konstvaxter-i-blomkruka-for-vardagsrum-tradgard-1.webp?fit=2000%2C2000&ssl=1","type":"image\/webp"}],"twitter_card":"summary_large_image","twitter_misc":{"Ber\u00e4knad l\u00e4stid":"1 minut"},"schema":{"@context":"https:\/\/schema.org","@graph":[{"@type":"WebPage","@id":"https:\/\/truusk.store\/sv\/produkt\/truusk-konstgjorda-vaxter-2-pack-lavendel-70-cm-uv-resistenta-konstvaxter-i-blomkruka-for-vardagsrum-tradgard\/","url":"https:\/\/truusk.store\/sv\/produkt\/truusk-konstgjorda-vaxter-2-pack-lavendel-70-cm-uv-resistenta-konstvaxter-i-blomkruka-for-vardagsrum-tradgard\/","name":"TRUUSK Konstgjorda V\u00e4xter 2-pack Lavendel 70 cm - UV-resistenta - Konstv\u00e4xter i Blomkruka - F\u00f6r Vardagsrum &amp; Tr\u00e4dg\u00e5rd - TRUUSK - Hem, Tr\u00e4dg\u00e5rd &amp; Fritid","isPartOf":{"@id":"https:\/\/truusk.store\/sv\/#website"},"primaryImageOfPage":{"@id":"https:\/\/truusk.store\/sv\/produkt\/truusk-konstgjorda-vaxter-2-pack-lavendel-70-cm-uv-resistenta-konstvaxter-i-blomkruka-for-vardagsrum-tradgard\/#primaryimage"},"image":{"@id":"https:\/\/truusk.store\/sv\/produkt\/truusk-konstgjorda-vaxter-2-pack-lavendel-70-cm-uv-resistenta-konstvaxter-i-blomkruka-for-vardagsrum-tradgard\/#primaryimage"},"thumbnailUrl":"https:\/\/i0.wp.com\/truusk.store\/wp-content\/uploads\/2025\/06\/konstgjorda-vaxter-2-pack-lavendel-70-cm-uv-resistenta-konstvaxter-i-blomkruka-for-vardagsrum-tradgard-1.webp?fit=2000%2C2000&ssl=1","datePublished":"2025-06-05T00:08:30+00:00","dateModified":"2026-03-12T08:36:08+00:00","breadcrumb":{"@id":"https:\/\/truusk.store\/sv\/produkt\/truusk-konstgjorda-vaxter-2-pack-lavendel-70-cm-uv-resistenta-konstvaxter-i-blomkruka-for-vardagsrum-tradgard\/#breadcrumb"},"inLanguage":"sv-SE","potentialAction":[{"@type":"ReadAction","target":["https:\/\/truusk.store\/sv\/produkt\/truusk-konstgjorda-vaxter-2-pack-lavendel-70-cm-uv-resistenta-konstvaxter-i-blomkruka-for-vardagsrum-tradgard\/"]}]},{"@type":"ImageObject","inLanguage":"sv-SE","@id":"https:\/\/truusk.store\/sv\/produkt\/truusk-konstgjorda-vaxter-2-pack-lavendel-70-cm-uv-resistenta-konstvaxter-i-blomkruka-for-vardagsrum-tradgard\/#primaryimage","url":"https:\/\/i0.wp.com\/truusk.store\/wp-content\/uploads\/2025\/06\/konstgjorda-vaxter-2-pack-lavendel-70-cm-uv-resistenta-konstvaxter-i-blomkruka-for-vardagsrum-tradgard-1.webp?fit=2000%2C2000&ssl=1","contentUrl":"https:\/\/i0.wp.com\/truusk.store\/wp-content\/uploads\/2025\/06\/konstgjorda-vaxter-2-pack-lavendel-70-cm-uv-resistenta-konstvaxter-i-blomkruka-for-vardagsrum-tradgard-1.webp?fit=2000%2C2000&ssl=1","width":2000,"height":2000},{"@type":"BreadcrumbList","@id":"https:\/\/truusk.store\/sv\/produkt\/truusk-konstgjorda-vaxter-2-pack-lavendel-70-cm-uv-resistenta-konstvaxter-i-blomkruka-for-vardagsrum-tradgard\/#breadcrumb","itemListElement":[{"@type":"ListItem","position":1,"name":"Home","item":"https:\/\/truusk.store\/sv\/"},{"@type":"ListItem","position":2,"name":"Shop","item":"https:\/\/truusk.store\/shop\/"},{"@type":"ListItem","position":3,"name":"TRUUSK Konstgjorda V\u00e4xter 2-pack Lavendel 70 cm &#8211; UV-resistenta &#8211; Konstv\u00e4xter i Blomkruka &#8211; F\u00f6r Vardagsrum &amp; Tr\u00e4dg\u00e5rd"}]},{"@type":"WebSite","@id":"https:\/\/truusk.store\/sv\/#website","url":"https:\/\/truusk.store\/sv\/","name":"TRUUSK - Hem, Tr\u00e4dg\u00e5rd & Fritid","description":"","publisher":{"@id":"https:\/\/truusk.store\/sv\/#organization"},"potentialAction":[{"@type":"SearchAction","target":{"@type":"EntryPoint","urlTemplate":"https:\/\/truusk.store\/sv\/?s={search_term_string}"},"query-input":{"@type":"PropertyValueSpecification","valueRequired":true,"valueName":"search_term_string"}}],"inLanguage":"sv-SE"},{"@type":"Organization","@id":"https:\/\/truusk.store\/sv\/#organization","name":"TRUUSK - Hem, Tr\u00e4dg\u00e5rd & Fritid","url":"https:\/\/truusk.store\/sv\/","logo":{"@type":"ImageObject","inLanguage":"sv-SE","@id":"https:\/\/truusk.store\/sv\/#\/schema\/logo\/image\/","url":"https:\/\/i0.wp.com\/truusk.store\/wp-content\/uploads\/2026\/03\/cropped-TRUUSK.png?fit=2032%2C917&ssl=1","contentUrl":"https:\/\/i0.wp.com\/truusk.store\/wp-content\/uploads\/2026\/03\/cropped-TRUUSK.png?fit=2032%2C917&ssl=1","width":2032,"height":917,"caption":"TRUUSK - Hem, Tr\u00e4dg\u00e5rd & Fritid"},"image":{"@id":"https:\/\/truusk.store\/sv\/#\/schema\/logo\/image\/"}}]}},"jetpack_sharing_enabled":true,"_links":{"self":[{"href":"https:\/\/truusk.store\/sv\/wp-json\/wp\/v2\/product\/59482","targetHints":{"allow":["GET"]}}],"collection":[{"href":"https:\/\/truusk.store\/sv\/wp-json\/wp\/v2\/product"}],"about":[{"href":"https:\/\/truusk.store\/sv\/wp-json\/wp\/v2\/types\/product"}],"wp:featuredmedia":[{"embeddable":true,"href":"https:\/\/truusk.store\/sv\/wp-json\/wp\/v2\/media\/59473"}],"wp:attachment":[{"href":"https:\/\/truusk.store\/sv\/wp-json\/wp\/v2\/media?parent=59482"}],"wp:term":[{"taxonomy":"product_brand","embeddable":true,"href":"https:\/\/truusk.store\/sv\/wp-json\/wp\/v2\/product_brand?post=59482"},{"taxonomy":"product_cat","embeddable":true,"href":"https:\/\/truusk.store\/sv\/wp-json\/wp\/v2\/product_cat?post=59482"},{"taxonomy":"product_tag","embeddable":true,"href":"https:\/\/truusk.store\/sv\/wp-json\/wp\/v2\/product_tag?post=59482"}],"curies":[{"name":"wp","href":"https:\/\/api.w.org\/{rel}","templated":true}]}}