{"id":59542,"date":"2025-06-05T01:14:33","date_gmt":"2025-06-05T00:14:33","guid":{"rendered":"https:\/\/truusk.store\/product\/vaggsspegel-60-x-87-cm-badrumsspegel-i-barockstil-med-dekorativ-metallram-for-vardagsrum-sovrum-i-guld\/"},"modified":"2026-03-12T09:40:34","modified_gmt":"2026-03-12T08:40:34","slug":"truusk-vaggsspegel-60x87-cm-badrumsspegel-i-barockstil-dekorativ-metallram-for-vardagsrum-sovrum-guld","status":"publish","type":"product","link":"https:\/\/truusk.store\/sv\/produkt\/truusk-vaggsspegel-60x87-cm-badrumsspegel-i-barockstil-dekorativ-metallram-for-vardagsrum-sovrum-guld\/","title":{"rendered":"TRUUSK V\u00e4ggsspegel 60&#215;87 cm &#8211; Badrumsspegel i Barockstil &#8211; Dekorativ Metallram &#8211; F\u00f6r Vardagsrum &amp; Sovrum &#8211; Guld"},"content":{"rendered":"<p>Uppt\u00e4ck charmen med TRUUSK V\u00e4ggspegel, d\u00e4r barockstil m\u00f6ter modern funktionalitet. Denna dekorativa spegel har f\u00f6rtrollande blomm\u00f6nster med en guldtonad ram f\u00f6r en touch av elegans. H\u00e4ng upp den enkelt med tv\u00e5 inbyggda krokar, eller l\u00e5t den luta p\u00e5 bordet f\u00f6r en chic look. Dess tjocka, splitterresistenta glas s\u00e4kerst\u00e4ller varaktig sk\u00f6nhet i alla rum.<\/p>\n<p>Beskrivning:<\/p>\n<ul>\n<li> Barockstilen berikar rumsdekorationen med en elegant guldtonad ram<\/li>\n<li> Avtagbara blomakcenter m\u00f6jligg\u00f6r individuella stil\u00e4ndringar<\/li>\n<li> Inbyggda krokar garanterar enkel montering<\/li>\n<li> Kan anv\u00e4ndas som v\u00e4ggspegel eller sminkspegel<\/li>\n<li> Tjockt, flerskiktigt glas p\u00e5 dekorspegeln motst\u00e5r splittring och \u00f6kar s\u00e4kerheten<\/li>\n<li> En anti-oxidationsbehandling p\u00e5 glaset f\u00f6rhindrar anl\u00f6pning och bevarar klarheten<\/li>\n<li> Den m\u00e5lade metallramen p\u00e5 hallsspegeln bidrar till dess p\u00e5litliga konstruktion<\/li>\n<li> Ingen montering kr\u00e4vs<\/li>\n<\/ul>\n<p>Tekniska data:<\/p>\n<ul>\n<li> F\u00e4rg: Guldton<\/li>\n<li> Material: Glas, Metall, MDF<\/li>\n<li> Totala dimensioner: 60B x 3T x 87H cm<\/li>\n<li> Glasdjup: 4 mm<\/li>\n<\/ul>\n<p>Ing\u00e5r i leveransen:<\/p>\n<ul>\n<li> 1 x V\u00e4ggspegel<\/li>\n<li> 2 x Krokar<\/li>\n<li> 1 x Bruksanvisning<\/li>\n<\/ul>\n","protected":false},"excerpt":{"rendered":"<p>Uppt\u00e4ck charmen med TRUUSK V\u00e4ggspegel, d\u00e4r barockstil m\u00f6ter modern funktionalitet. Denna dekorativa spegel har f\u00f6rtrollande blomm\u00f6nster med en guldtonad ram&#8230;<\/p>\n","protected":false},"featured_media":59533,"template":"","meta":[],"product_brand":[],"product_cat":[962,871,721],"product_tag":[],"class_list":{"0":"post-59542","1":"product","2":"type-product","3":"status-publish","4":"has-post-thumbnail","6":"product_cat-dekoration","7":"product_cat-hus-hem","8":"product_cat-spegel","10":"first","11":"instock","12":"sale","13":"taxable","14":"shipping-taxable","15":"purchasable","16":"product-type-simple"},"yoast_head":"<!-- This site is optimized with the Yoast SEO plugin v25.4 - https:\/\/yoast.com\/wordpress\/plugins\/seo\/ -->\n<title>TRUUSK V\u00e4ggsspegel 60x87 cm - Badrumsspegel i Barockstil - Dekorativ Metallram - F\u00f6r Vardagsrum &amp; Sovrum - Guld - TRUUSK - Hem, Tr\u00e4dg\u00e5rd &amp; Fritid<\/title>\n<meta name=\"robots\" content=\"index, follow, max-snippet:-1, max-image-preview:large, max-video-preview:-1\" \/>\n<link rel=\"canonical\" href=\"https:\/\/truusk.store\/sv\/produkt\/truusk-vaggsspegel-60x87-cm-badrumsspegel-i-barockstil-dekorativ-metallram-for-vardagsrum-sovrum-guld\/\" \/>\n<meta property=\"og:locale\" content=\"sv_SE\" \/>\n<meta property=\"og:type\" content=\"article\" \/>\n<meta property=\"og:title\" content=\"TRUUSK V\u00e4ggsspegel 60x87 cm - Badrumsspegel i Barockstil - Dekorativ Metallram - F\u00f6r Vardagsrum &amp; Sovrum - Guld - TRUUSK - Hem, Tr\u00e4dg\u00e5rd &amp; Fritid\" \/>\n<meta property=\"og:description\" content=\"Uppt\u00e4ck charmen med TRUUSK V\u00e4ggspegel, d\u00e4r barockstil m\u00f6ter modern funktionalitet. Denna dekorativa spegel har f\u00f6rtrollande blomm\u00f6nster med en guldtonad ram...\" \/>\n<meta property=\"og:url\" content=\"https:\/\/truusk.store\/sv\/produkt\/truusk-vaggsspegel-60x87-cm-badrumsspegel-i-barockstil-dekorativ-metallram-for-vardagsrum-sovrum-guld\/\" \/>\n<meta property=\"og:site_name\" content=\"TRUUSK - Hem, Tr\u00e4dg\u00e5rd &amp; Fritid\" \/>\n<meta property=\"article:modified_time\" content=\"2026-03-12T08:40:34+00:00\" \/>\n<meta property=\"og:image\" content=\"https:\/\/i0.wp.com\/truusk.se\/wp-content\/uploads\/2025\/06\/vaggsspegel-60-x-87-cm-badrumsspegel-i-barockstil-med-dekorativ-metallram-for-vardagsrum-sovrum-i-guld-1.webp?fit=2000%2C2000&ssl=1\" \/>\n\t<meta property=\"og:image:width\" content=\"2000\" \/>\n\t<meta property=\"og:image:height\" content=\"2000\" \/>\n\t<meta property=\"og:image:type\" content=\"image\/webp\" \/>\n<meta name=\"twitter:card\" content=\"summary_large_image\" \/>\n<meta name=\"twitter:label1\" content=\"Ber\u00e4knad l\u00e4stid\" \/>\n\t<meta name=\"twitter:data1\" content=\"1 minut\" \/>\n<!-- \/ Yoast SEO plugin. -->","yoast_head_json":{"title":"TRUUSK V\u00e4ggsspegel 60x87 cm - Badrumsspegel i Barockstil - Dekorativ Metallram - F\u00f6r Vardagsrum &amp; Sovrum - Guld - TRUUSK - Hem, Tr\u00e4dg\u00e5rd &amp; Fritid","robots":{"index":"index","follow":"follow","max-snippet":"max-snippet:-1","max-image-preview":"max-image-preview:large","max-video-preview":"max-video-preview:-1"},"canonical":"https:\/\/truusk.store\/sv\/produkt\/truusk-vaggsspegel-60x87-cm-badrumsspegel-i-barockstil-dekorativ-metallram-for-vardagsrum-sovrum-guld\/","og_locale":"sv_SE","og_type":"article","og_title":"TRUUSK V\u00e4ggsspegel 60x87 cm - Badrumsspegel i Barockstil - Dekorativ Metallram - F\u00f6r Vardagsrum &amp; Sovrum - Guld - TRUUSK - Hem, Tr\u00e4dg\u00e5rd &amp; Fritid","og_description":"Uppt\u00e4ck charmen med TRUUSK V\u00e4ggspegel, d\u00e4r barockstil m\u00f6ter modern funktionalitet. Denna dekorativa spegel har f\u00f6rtrollande blomm\u00f6nster med en guldtonad ram...","og_url":"https:\/\/truusk.store\/sv\/produkt\/truusk-vaggsspegel-60x87-cm-badrumsspegel-i-barockstil-dekorativ-metallram-for-vardagsrum-sovrum-guld\/","og_site_name":"TRUUSK - Hem, Tr\u00e4dg\u00e5rd &amp; Fritid","article_modified_time":"2026-03-12T08:40:34+00:00","og_image":[{"width":2000,"height":2000,"url":"https:\/\/i0.wp.com\/truusk.se\/wp-content\/uploads\/2025\/06\/vaggsspegel-60-x-87-cm-badrumsspegel-i-barockstil-med-dekorativ-metallram-for-vardagsrum-sovrum-i-guld-1.webp?fit=2000%2C2000&ssl=1","type":"image\/webp"}],"twitter_card":"summary_large_image","twitter_misc":{"Ber\u00e4knad l\u00e4stid":"1 minut"},"schema":{"@context":"https:\/\/schema.org","@graph":[{"@type":"WebPage","@id":"https:\/\/truusk.store\/sv\/produkt\/truusk-vaggsspegel-60x87-cm-badrumsspegel-i-barockstil-dekorativ-metallram-for-vardagsrum-sovrum-guld\/","url":"https:\/\/truusk.store\/sv\/produkt\/truusk-vaggsspegel-60x87-cm-badrumsspegel-i-barockstil-dekorativ-metallram-for-vardagsrum-sovrum-guld\/","name":"TRUUSK V\u00e4ggsspegel 60x87 cm - Badrumsspegel i Barockstil - Dekorativ Metallram - F\u00f6r Vardagsrum &amp; Sovrum - Guld - TRUUSK - Hem, Tr\u00e4dg\u00e5rd &amp; Fritid","isPartOf":{"@id":"https:\/\/truusk.store\/sv\/#website"},"primaryImageOfPage":{"@id":"https:\/\/truusk.store\/sv\/produkt\/truusk-vaggsspegel-60x87-cm-badrumsspegel-i-barockstil-dekorativ-metallram-for-vardagsrum-sovrum-guld\/#primaryimage"},"image":{"@id":"https:\/\/truusk.store\/sv\/produkt\/truusk-vaggsspegel-60x87-cm-badrumsspegel-i-barockstil-dekorativ-metallram-for-vardagsrum-sovrum-guld\/#primaryimage"},"thumbnailUrl":"https:\/\/i0.wp.com\/truusk.store\/wp-content\/uploads\/2025\/06\/vaggsspegel-60-x-87-cm-badrumsspegel-i-barockstil-med-dekorativ-metallram-for-vardagsrum-sovrum-i-guld-1.webp?fit=2000%2C2000&ssl=1","datePublished":"2025-06-05T00:14:33+00:00","dateModified":"2026-03-12T08:40:34+00:00","breadcrumb":{"@id":"https:\/\/truusk.store\/sv\/produkt\/truusk-vaggsspegel-60x87-cm-badrumsspegel-i-barockstil-dekorativ-metallram-for-vardagsrum-sovrum-guld\/#breadcrumb"},"inLanguage":"sv-SE","potentialAction":[{"@type":"ReadAction","target":["https:\/\/truusk.store\/sv\/produkt\/truusk-vaggsspegel-60x87-cm-badrumsspegel-i-barockstil-dekorativ-metallram-for-vardagsrum-sovrum-guld\/"]}]},{"@type":"ImageObject","inLanguage":"sv-SE","@id":"https:\/\/truusk.store\/sv\/produkt\/truusk-vaggsspegel-60x87-cm-badrumsspegel-i-barockstil-dekorativ-metallram-for-vardagsrum-sovrum-guld\/#primaryimage","url":"https:\/\/i0.wp.com\/truusk.store\/wp-content\/uploads\/2025\/06\/vaggsspegel-60-x-87-cm-badrumsspegel-i-barockstil-med-dekorativ-metallram-for-vardagsrum-sovrum-i-guld-1.webp?fit=2000%2C2000&ssl=1","contentUrl":"https:\/\/i0.wp.com\/truusk.store\/wp-content\/uploads\/2025\/06\/vaggsspegel-60-x-87-cm-badrumsspegel-i-barockstil-med-dekorativ-metallram-for-vardagsrum-sovrum-i-guld-1.webp?fit=2000%2C2000&ssl=1","width":2000,"height":2000},{"@type":"BreadcrumbList","@id":"https:\/\/truusk.store\/sv\/produkt\/truusk-vaggsspegel-60x87-cm-badrumsspegel-i-barockstil-dekorativ-metallram-for-vardagsrum-sovrum-guld\/#breadcrumb","itemListElement":[{"@type":"ListItem","position":1,"name":"Home","item":"https:\/\/truusk.store\/sv\/"},{"@type":"ListItem","position":2,"name":"Shop","item":"https:\/\/truusk.store\/shop\/"},{"@type":"ListItem","position":3,"name":"TRUUSK V\u00e4ggsspegel 60&#215;87 cm &#8211; Badrumsspegel i Barockstil &#8211; Dekorativ Metallram &#8211; F\u00f6r Vardagsrum &amp; Sovrum &#8211; Guld"}]},{"@type":"WebSite","@id":"https:\/\/truusk.store\/sv\/#website","url":"https:\/\/truusk.store\/sv\/","name":"TRUUSK - Hem, Tr\u00e4dg\u00e5rd & Fritid","description":"","publisher":{"@id":"https:\/\/truusk.store\/sv\/#organization"},"potentialAction":[{"@type":"SearchAction","target":{"@type":"EntryPoint","urlTemplate":"https:\/\/truusk.store\/sv\/?s={search_term_string}"},"query-input":{"@type":"PropertyValueSpecification","valueRequired":true,"valueName":"search_term_string"}}],"inLanguage":"sv-SE"},{"@type":"Organization","@id":"https:\/\/truusk.store\/sv\/#organization","name":"TRUUSK - Hem, Tr\u00e4dg\u00e5rd & Fritid","url":"https:\/\/truusk.store\/sv\/","logo":{"@type":"ImageObject","inLanguage":"sv-SE","@id":"https:\/\/truusk.store\/sv\/#\/schema\/logo\/image\/","url":"https:\/\/i0.wp.com\/truusk.store\/wp-content\/uploads\/2026\/03\/cropped-TRUUSK.png?fit=2032%2C917&ssl=1","contentUrl":"https:\/\/i0.wp.com\/truusk.store\/wp-content\/uploads\/2026\/03\/cropped-TRUUSK.png?fit=2032%2C917&ssl=1","width":2032,"height":917,"caption":"TRUUSK - Hem, Tr\u00e4dg\u00e5rd & Fritid"},"image":{"@id":"https:\/\/truusk.store\/sv\/#\/schema\/logo\/image\/"}}]}},"jetpack_sharing_enabled":true,"_links":{"self":[{"href":"https:\/\/truusk.store\/sv\/wp-json\/wp\/v2\/product\/59542","targetHints":{"allow":["GET"]}}],"collection":[{"href":"https:\/\/truusk.store\/sv\/wp-json\/wp\/v2\/product"}],"about":[{"href":"https:\/\/truusk.store\/sv\/wp-json\/wp\/v2\/types\/product"}],"wp:featuredmedia":[{"embeddable":true,"href":"https:\/\/truusk.store\/sv\/wp-json\/wp\/v2\/media\/59533"}],"wp:attachment":[{"href":"https:\/\/truusk.store\/sv\/wp-json\/wp\/v2\/media?parent=59542"}],"wp:term":[{"taxonomy":"product_brand","embeddable":true,"href":"https:\/\/truusk.store\/sv\/wp-json\/wp\/v2\/product_brand?post=59542"},{"taxonomy":"product_cat","embeddable":true,"href":"https:\/\/truusk.store\/sv\/wp-json\/wp\/v2\/product_cat?post=59542"},{"taxonomy":"product_tag","embeddable":true,"href":"https:\/\/truusk.store\/sv\/wp-json\/wp\/v2\/product_tag?post=59542"}],"curies":[{"name":"wp","href":"https:\/\/api.w.org\/{rel}","templated":true}]}}