{"id":59552,"date":"2025-06-05T01:15:32","date_gmt":"2025-06-05T00:15:32","guid":{"rendered":"https:\/\/truusk.store\/product\/rullande-pall-hojdstallbar-svangbar-arbetspall-for-kontor-salong-konstlader-vit-o355-x-51-67-cm\/"},"modified":"2026-03-12T09:09:29","modified_gmt":"2026-03-12T08:09:29","slug":"truusk-rullande-arbetspall-hoj-och-sankbar-svangbar-konstlader-vit-o355-x-51-67-cm","status":"publish","type":"product","link":"https:\/\/truusk.store\/sv\/produkt\/truusk-rullande-arbetspall-hoj-och-sankbar-svangbar-konstlader-vit-o355-x-51-67-cm\/","title":{"rendered":"TRUUSK Rullande Arbetspall &#8211; H\u00f6j- och S\u00e4nkbar &#8211; Sv\u00e4ngbar &#8211; Konstl\u00e4der Vit &#8211; \u00d835,5 x 51-67 cm"},"content":{"rendered":"<p>Letar du efter en praktisk, utrymmesbesparande och bekv\u00e4m rullpall? Denna h\u00f6jdjusterbara salongspall fr\u00e5n TRUUSK \u00e4r idealisk i alla avseenden. Tack vare dess armfria, roterande design njuter du av obegr\u00e4nsad r\u00f6relsefrihet. N\u00e4r den inte anv\u00e4nds kan den enkelt g\u00f6mmas under ett bord utan att ta upp utrymme. Den helt vadderade sitsen, kl\u00e4dd med konstl\u00e4der, erbjuder h\u00f6gsta komfort och det eleganta quiltade m\u00f6nstret ger den ett tilltalande utseende.<\/p>\n<p>Beskrivning:<\/p>\n<ul>\n<li> Sits med konstl\u00e4der\u00f6verdrag med st\u00e5lram i silverlook, vilket ger den en elegant touch, oavsett var den placeras<\/li>\n<li> Idealisk f\u00f6r fris\u00f6rsalonger, sk\u00f6nhetssalonger, tatueringsstudios etc.<\/li>\n<li> Fullt justerbar h\u00f6jd f\u00f6r att m\u00f6ta olika behov<\/li>\n<li> Ram av galvaniserat st\u00e5l och klass III gaslyft<\/li>\n<li> Rund sits med tjock stoppning f\u00f6r extra komfort<\/li>\n<li> Konstl\u00e4der\u00f6verdraget erbjuder en bekv\u00e4m sittkomfort och \u00e4r l\u00e4tt att underh\u00e5lla<\/li>\n<li> 360\u00b0 roterande sits tack vare dess stj\u00e4rnformade fot med 5 hjul, vilket ger stor r\u00f6relsefrihet<\/li>\n<li> Montering kr\u00e4vs<\/li>\n<\/ul>\n<p>Tekniska data:<\/p>\n<ul>\n<li> F\u00e4rg: Vit+Silver<\/li>\n<li> Material: Konstl\u00e4der, skum, st\u00e5l<\/li>\n<li> Totala dimensioner: \u00d835,5 x 51-67H cm<\/li>\n<li> Justerbar sitth\u00f6jd: 51-67 cm<\/li>\n<li> M\u00e5tt p\u00e5 stolens kors: \u00d848,5 cm<\/li>\n<li> Hjuldiameter: \u00d85 cm<\/li>\n<li> Belastningskapacitet: 120 kg<\/li>\n<\/ul>\n<p>Leveransinneh\u00e5ll:<\/p>\n<ul>\n<li> 1 x Roterande pall<\/li>\n<li> 1 x Bruksanvisning<\/li>\n<\/ul>\n","protected":false},"excerpt":{"rendered":"<p>Letar du efter en praktisk, utrymmesbesparande och bekv\u00e4m rullpall? Denna h\u00f6jdjusterbara salongspall fr\u00e5n TRUUSK \u00e4r idealisk i alla avseenden. Tack&#8230;<\/p>\n","protected":false},"featured_media":59543,"template":"","meta":[],"product_brand":[],"product_cat":[872,871,961],"product_tag":[],"class_list":{"0":"post-59552","1":"product","2":"type-product","3":"status-publish","4":"has-post-thumbnail","6":"product_cat-hemmakontor-arbetsplats","7":"product_cat-hus-hem","8":"product_cat-rullpallar","10":"first","11":"instock","12":"sale","13":"taxable","14":"shipping-taxable","15":"purchasable","16":"product-type-simple"},"yoast_head":"<!-- This site is optimized with the Yoast SEO plugin v25.4 - https:\/\/yoast.com\/wordpress\/plugins\/seo\/ -->\n<title>TRUUSK Rullande Arbetspall - H\u00f6j- och S\u00e4nkbar - Sv\u00e4ngbar - Konstl\u00e4der Vit - \u00d835,5 x 51-67 cm - TRUUSK - Hem, Tr\u00e4dg\u00e5rd &amp; Fritid<\/title>\n<meta name=\"robots\" content=\"index, follow, max-snippet:-1, max-image-preview:large, max-video-preview:-1\" \/>\n<link rel=\"canonical\" href=\"https:\/\/truusk.store\/sv\/produkt\/truusk-rullande-arbetspall-hoj-och-sankbar-svangbar-konstlader-vit-o355-x-51-67-cm\/\" \/>\n<meta property=\"og:locale\" content=\"sv_SE\" \/>\n<meta property=\"og:type\" content=\"article\" \/>\n<meta property=\"og:title\" content=\"TRUUSK Rullande Arbetspall - H\u00f6j- och S\u00e4nkbar - Sv\u00e4ngbar - Konstl\u00e4der Vit - \u00d835,5 x 51-67 cm - TRUUSK - Hem, Tr\u00e4dg\u00e5rd &amp; Fritid\" \/>\n<meta property=\"og:description\" content=\"Letar du efter en praktisk, utrymmesbesparande och bekv\u00e4m rullpall? Denna h\u00f6jdjusterbara salongspall fr\u00e5n TRUUSK \u00e4r idealisk i alla avseenden. Tack...\" \/>\n<meta property=\"og:url\" content=\"https:\/\/truusk.store\/sv\/produkt\/truusk-rullande-arbetspall-hoj-och-sankbar-svangbar-konstlader-vit-o355-x-51-67-cm\/\" \/>\n<meta property=\"og:site_name\" content=\"TRUUSK - Hem, Tr\u00e4dg\u00e5rd &amp; Fritid\" \/>\n<meta property=\"article:modified_time\" content=\"2026-03-12T08:09:29+00:00\" \/>\n<meta property=\"og:image\" content=\"https:\/\/i0.wp.com\/truusk.se\/wp-content\/uploads\/2025\/06\/rullande-pall-hojdstallbar-svangbar-arbetspall-for-kontor-salong-konstlader-vit-o355-x-51-67-cm-1.webp?fit=2000%2C2000&ssl=1\" \/>\n\t<meta property=\"og:image:width\" content=\"2000\" \/>\n\t<meta property=\"og:image:height\" content=\"2000\" \/>\n\t<meta property=\"og:image:type\" content=\"image\/webp\" \/>\n<meta name=\"twitter:card\" content=\"summary_large_image\" \/>\n<meta name=\"twitter:label1\" content=\"Ber\u00e4knad l\u00e4stid\" \/>\n\t<meta name=\"twitter:data1\" content=\"1 minut\" \/>\n<!-- \/ Yoast SEO plugin. -->","yoast_head_json":{"title":"TRUUSK Rullande Arbetspall - H\u00f6j- och S\u00e4nkbar - Sv\u00e4ngbar - Konstl\u00e4der Vit - \u00d835,5 x 51-67 cm - TRUUSK - Hem, Tr\u00e4dg\u00e5rd &amp; Fritid","robots":{"index":"index","follow":"follow","max-snippet":"max-snippet:-1","max-image-preview":"max-image-preview:large","max-video-preview":"max-video-preview:-1"},"canonical":"https:\/\/truusk.store\/sv\/produkt\/truusk-rullande-arbetspall-hoj-och-sankbar-svangbar-konstlader-vit-o355-x-51-67-cm\/","og_locale":"sv_SE","og_type":"article","og_title":"TRUUSK Rullande Arbetspall - H\u00f6j- och S\u00e4nkbar - Sv\u00e4ngbar - Konstl\u00e4der Vit - \u00d835,5 x 51-67 cm - TRUUSK - Hem, Tr\u00e4dg\u00e5rd &amp; Fritid","og_description":"Letar du efter en praktisk, utrymmesbesparande och bekv\u00e4m rullpall? Denna h\u00f6jdjusterbara salongspall fr\u00e5n TRUUSK \u00e4r idealisk i alla avseenden. Tack...","og_url":"https:\/\/truusk.store\/sv\/produkt\/truusk-rullande-arbetspall-hoj-och-sankbar-svangbar-konstlader-vit-o355-x-51-67-cm\/","og_site_name":"TRUUSK - Hem, Tr\u00e4dg\u00e5rd &amp; Fritid","article_modified_time":"2026-03-12T08:09:29+00:00","og_image":[{"width":2000,"height":2000,"url":"https:\/\/i0.wp.com\/truusk.se\/wp-content\/uploads\/2025\/06\/rullande-pall-hojdstallbar-svangbar-arbetspall-for-kontor-salong-konstlader-vit-o355-x-51-67-cm-1.webp?fit=2000%2C2000&ssl=1","type":"image\/webp"}],"twitter_card":"summary_large_image","twitter_misc":{"Ber\u00e4knad l\u00e4stid":"1 minut"},"schema":{"@context":"https:\/\/schema.org","@graph":[{"@type":"WebPage","@id":"https:\/\/truusk.store\/sv\/produkt\/truusk-rullande-arbetspall-hoj-och-sankbar-svangbar-konstlader-vit-o355-x-51-67-cm\/","url":"https:\/\/truusk.store\/sv\/produkt\/truusk-rullande-arbetspall-hoj-och-sankbar-svangbar-konstlader-vit-o355-x-51-67-cm\/","name":"TRUUSK Rullande Arbetspall - H\u00f6j- och S\u00e4nkbar - Sv\u00e4ngbar - Konstl\u00e4der Vit - \u00d835,5 x 51-67 cm - TRUUSK - Hem, Tr\u00e4dg\u00e5rd &amp; Fritid","isPartOf":{"@id":"https:\/\/truusk.store\/sv\/#website"},"primaryImageOfPage":{"@id":"https:\/\/truusk.store\/sv\/produkt\/truusk-rullande-arbetspall-hoj-och-sankbar-svangbar-konstlader-vit-o355-x-51-67-cm\/#primaryimage"},"image":{"@id":"https:\/\/truusk.store\/sv\/produkt\/truusk-rullande-arbetspall-hoj-och-sankbar-svangbar-konstlader-vit-o355-x-51-67-cm\/#primaryimage"},"thumbnailUrl":"https:\/\/i0.wp.com\/truusk.store\/wp-content\/uploads\/2025\/06\/rullande-pall-hojdstallbar-svangbar-arbetspall-for-kontor-salong-konstlader-vit-o355-x-51-67-cm-1.webp?fit=2000%2C2000&ssl=1","datePublished":"2025-06-05T00:15:32+00:00","dateModified":"2026-03-12T08:09:29+00:00","breadcrumb":{"@id":"https:\/\/truusk.store\/sv\/produkt\/truusk-rullande-arbetspall-hoj-och-sankbar-svangbar-konstlader-vit-o355-x-51-67-cm\/#breadcrumb"},"inLanguage":"sv-SE","potentialAction":[{"@type":"ReadAction","target":["https:\/\/truusk.store\/sv\/produkt\/truusk-rullande-arbetspall-hoj-och-sankbar-svangbar-konstlader-vit-o355-x-51-67-cm\/"]}]},{"@type":"ImageObject","inLanguage":"sv-SE","@id":"https:\/\/truusk.store\/sv\/produkt\/truusk-rullande-arbetspall-hoj-och-sankbar-svangbar-konstlader-vit-o355-x-51-67-cm\/#primaryimage","url":"https:\/\/i0.wp.com\/truusk.store\/wp-content\/uploads\/2025\/06\/rullande-pall-hojdstallbar-svangbar-arbetspall-for-kontor-salong-konstlader-vit-o355-x-51-67-cm-1.webp?fit=2000%2C2000&ssl=1","contentUrl":"https:\/\/i0.wp.com\/truusk.store\/wp-content\/uploads\/2025\/06\/rullande-pall-hojdstallbar-svangbar-arbetspall-for-kontor-salong-konstlader-vit-o355-x-51-67-cm-1.webp?fit=2000%2C2000&ssl=1","width":2000,"height":2000},{"@type":"BreadcrumbList","@id":"https:\/\/truusk.store\/sv\/produkt\/truusk-rullande-arbetspall-hoj-och-sankbar-svangbar-konstlader-vit-o355-x-51-67-cm\/#breadcrumb","itemListElement":[{"@type":"ListItem","position":1,"name":"Home","item":"https:\/\/truusk.store\/sv\/"},{"@type":"ListItem","position":2,"name":"Shop","item":"https:\/\/truusk.store\/shop\/"},{"@type":"ListItem","position":3,"name":"TRUUSK Rullande Arbetspall &#8211; H\u00f6j- och S\u00e4nkbar &#8211; Sv\u00e4ngbar &#8211; Konstl\u00e4der Vit &#8211; \u00d835,5 x 51-67 cm"}]},{"@type":"WebSite","@id":"https:\/\/truusk.store\/sv\/#website","url":"https:\/\/truusk.store\/sv\/","name":"TRUUSK - Hem, Tr\u00e4dg\u00e5rd & Fritid","description":"","publisher":{"@id":"https:\/\/truusk.store\/sv\/#organization"},"potentialAction":[{"@type":"SearchAction","target":{"@type":"EntryPoint","urlTemplate":"https:\/\/truusk.store\/sv\/?s={search_term_string}"},"query-input":{"@type":"PropertyValueSpecification","valueRequired":true,"valueName":"search_term_string"}}],"inLanguage":"sv-SE"},{"@type":"Organization","@id":"https:\/\/truusk.store\/sv\/#organization","name":"TRUUSK - Hem, Tr\u00e4dg\u00e5rd & Fritid","url":"https:\/\/truusk.store\/sv\/","logo":{"@type":"ImageObject","inLanguage":"sv-SE","@id":"https:\/\/truusk.store\/sv\/#\/schema\/logo\/image\/","url":"https:\/\/i0.wp.com\/truusk.store\/wp-content\/uploads\/2026\/03\/cropped-TRUUSK.png?fit=2032%2C917&ssl=1","contentUrl":"https:\/\/i0.wp.com\/truusk.store\/wp-content\/uploads\/2026\/03\/cropped-TRUUSK.png?fit=2032%2C917&ssl=1","width":2032,"height":917,"caption":"TRUUSK - Hem, Tr\u00e4dg\u00e5rd & Fritid"},"image":{"@id":"https:\/\/truusk.store\/sv\/#\/schema\/logo\/image\/"}}]}},"jetpack_sharing_enabled":true,"_links":{"self":[{"href":"https:\/\/truusk.store\/sv\/wp-json\/wp\/v2\/product\/59552","targetHints":{"allow":["GET"]}}],"collection":[{"href":"https:\/\/truusk.store\/sv\/wp-json\/wp\/v2\/product"}],"about":[{"href":"https:\/\/truusk.store\/sv\/wp-json\/wp\/v2\/types\/product"}],"wp:featuredmedia":[{"embeddable":true,"href":"https:\/\/truusk.store\/sv\/wp-json\/wp\/v2\/media\/59543"}],"wp:attachment":[{"href":"https:\/\/truusk.store\/sv\/wp-json\/wp\/v2\/media?parent=59552"}],"wp:term":[{"taxonomy":"product_brand","embeddable":true,"href":"https:\/\/truusk.store\/sv\/wp-json\/wp\/v2\/product_brand?post=59552"},{"taxonomy":"product_cat","embeddable":true,"href":"https:\/\/truusk.store\/sv\/wp-json\/wp\/v2\/product_cat?post=59552"},{"taxonomy":"product_tag","embeddable":true,"href":"https:\/\/truusk.store\/sv\/wp-json\/wp\/v2\/product_tag?post=59552"}],"curies":[{"name":"wp","href":"https:\/\/api.w.org\/{rel}","templated":true}]}}