{"id":59612,"date":"2025-06-05T01:21:41","date_gmt":"2025-06-05T00:21:41","guid":{"rendered":"https:\/\/truusk.store\/product\/sittbank-med-forvaring-stoppad-bank-i-sammetlook-metallben-sangbank-for-vardagsrum-sovrum-hall-120-x-44-x-445-cm-beige\/"},"modified":"2026-03-12T09:40:29","modified_gmt":"2026-03-12T08:40:29","slug":"truusk-sittbank-med-forvaring-stoppad-i-sammetlook-metallben-sangbank-for-hemmet-120-x-44-x-445-cm-beige","status":"publish","type":"product","link":"https:\/\/truusk.store\/sv\/produkt\/truusk-sittbank-med-forvaring-stoppad-i-sammetlook-metallben-sangbank-for-hemmet-120-x-44-x-445-cm-beige\/","title":{"rendered":"TRUUSK Sittb\u00e4nk med F\u00f6rvaring &#8211; Stoppad i Sammetlook &#8211; Metallben &#8211; S\u00e4ngb\u00e4nk f\u00f6r Hemmet &#8211; 120 x 44 x 44,5 cm &#8211; Beige"},"content":{"rendered":"<p>Denna eleganta TRUUSK b\u00e4nk erbjuder inte bara extra f\u00f6rvaringsutrymme, utan ocks\u00e5 en stilfull accentbit f\u00f6r ditt hem. Den kompletterar din inredningsstil och skapar extra sittplatser f\u00f6r dig eller dina g\u00e4ster. G\u00f6md under s\u00e4tet, erbjuder b\u00e4nken utrymme f\u00f6r saker som redan har en plats i rummet, som filtar eller handdukar. Ge ditt hem en personlig pr\u00e4gel med TRUUSK.<\/p>\n<p>Beskrivning:<\/p>\n<ul>\n<li> Kan anv\u00e4ndas som en b\u00e4nk vid fot\u00e4ndan av s\u00e4ngen, f\u00f6nsterbr\u00e4da eller entr\u00e9b\u00e4nk<\/li>\n<li> F\u00f6rvaringsutrymme under s\u00e4tet g\u00f6r att du kan f\u00f6rvara saker som inte har n\u00e5gon plats<\/li>\n<li> Tjock skumstoppning av b\u00e4nken med sammetliknande yta ger en bekv\u00e4m sittupplevelse<\/li>\n<li> Elegant b\u00e4nk med f\u00f6rvaring i knappstoppdesign med guldiga ben<\/li>\n<li> Solida elektropl\u00e4terade metallben f\u00f6r h\u00f6g stabilitet<\/li>\n<li> Halkfria fotdynor skyddar ditt golv fr\u00e5n repor<\/li>\n<li> Montering kr\u00e4vs<\/li>\n<\/ul>\n<p> Tekniska data:<\/p>\n<ul>\n<li> F\u00e4rg: Beige<\/li>\n<li> Material: Polyester, Metall<\/li>\n<li> Totala dimensioner: 120L x 44B x 44,5H cm<\/li>\n<li> F\u00f6rvaringsstorlek: 111L x 37B x 19H cm<\/li>\n<li> Benh\u00f6jd: 16,5 cm<\/li>\n<li> B\u00e4rkapacitet: 120 kg<\/li>\n<\/ul>\n<p> Leveransinneh\u00e5ll:<\/p>\n<ul>\n<li> 1 x F\u00f6rvaringsb\u00e4nk<\/li>\n<li> 1 x Handbok<\/li>\n<\/ul>\n","protected":false},"excerpt":{"rendered":"<p>Denna eleganta TRUUSK b\u00e4nk erbjuder inte bara extra f\u00f6rvaringsutrymme, utan ocks\u00e5 en stilfull accentbit f\u00f6r ditt hem. Den kompletterar din&#8230;<\/p>\n","protected":false},"featured_media":59603,"template":"","meta":[],"product_brand":[],"product_cat":[871,897,540],"product_tag":[],"class_list":{"0":"post-59612","1":"product","2":"type-product","3":"status-publish","4":"has-post-thumbnail","6":"product_cat-hus-hem","7":"product_cat-sovrum","8":"product_cat-stoppade-bankar","10":"first","11":"instock","12":"sale","13":"taxable","14":"shipping-taxable","15":"purchasable","16":"product-type-simple"},"yoast_head":"<!-- This site is optimized with the Yoast SEO plugin v25.4 - https:\/\/yoast.com\/wordpress\/plugins\/seo\/ -->\n<title>TRUUSK Sittb\u00e4nk med F\u00f6rvaring - Stoppad i Sammetlook - Metallben - S\u00e4ngb\u00e4nk f\u00f6r Hemmet - 120 x 44 x 44,5 cm - Beige - TRUUSK - Hem, Tr\u00e4dg\u00e5rd &amp; Fritid<\/title>\n<meta name=\"robots\" content=\"index, follow, max-snippet:-1, max-image-preview:large, max-video-preview:-1\" \/>\n<link rel=\"canonical\" href=\"https:\/\/truusk.store\/sv\/produkt\/truusk-sittbank-med-forvaring-stoppad-i-sammetlook-metallben-sangbank-for-hemmet-120-x-44-x-445-cm-beige\/\" \/>\n<meta property=\"og:locale\" content=\"sv_SE\" \/>\n<meta property=\"og:type\" content=\"article\" \/>\n<meta property=\"og:title\" content=\"TRUUSK Sittb\u00e4nk med F\u00f6rvaring - Stoppad i Sammetlook - Metallben - S\u00e4ngb\u00e4nk f\u00f6r Hemmet - 120 x 44 x 44,5 cm - Beige - TRUUSK - Hem, Tr\u00e4dg\u00e5rd &amp; Fritid\" \/>\n<meta property=\"og:description\" content=\"Denna eleganta TRUUSK b\u00e4nk erbjuder inte bara extra f\u00f6rvaringsutrymme, utan ocks\u00e5 en stilfull accentbit f\u00f6r ditt hem. Den kompletterar din...\" \/>\n<meta property=\"og:url\" content=\"https:\/\/truusk.store\/sv\/produkt\/truusk-sittbank-med-forvaring-stoppad-i-sammetlook-metallben-sangbank-for-hemmet-120-x-44-x-445-cm-beige\/\" \/>\n<meta property=\"og:site_name\" content=\"TRUUSK - Hem, Tr\u00e4dg\u00e5rd &amp; Fritid\" \/>\n<meta property=\"article:modified_time\" content=\"2026-03-12T08:40:29+00:00\" \/>\n<meta property=\"og:image\" content=\"https:\/\/i0.wp.com\/truusk.se\/wp-content\/uploads\/2025\/06\/sittbank-med-forvaring-stoppad-bank-i-sammetlook-metallben-sangbank-for-vardagsrum-sovrum-hall-120-x-44-x-445-cm-beige-1.webp?fit=2000%2C2000&ssl=1\" \/>\n\t<meta property=\"og:image:width\" content=\"2000\" \/>\n\t<meta property=\"og:image:height\" content=\"2000\" \/>\n\t<meta property=\"og:image:type\" content=\"image\/webp\" \/>\n<meta name=\"twitter:card\" content=\"summary_large_image\" \/>\n<meta name=\"twitter:label1\" content=\"Ber\u00e4knad l\u00e4stid\" \/>\n\t<meta name=\"twitter:data1\" content=\"1 minut\" \/>\n<!-- \/ Yoast SEO plugin. -->","yoast_head_json":{"title":"TRUUSK Sittb\u00e4nk med F\u00f6rvaring - Stoppad i Sammetlook - Metallben - S\u00e4ngb\u00e4nk f\u00f6r Hemmet - 120 x 44 x 44,5 cm - Beige - TRUUSK - Hem, Tr\u00e4dg\u00e5rd &amp; Fritid","robots":{"index":"index","follow":"follow","max-snippet":"max-snippet:-1","max-image-preview":"max-image-preview:large","max-video-preview":"max-video-preview:-1"},"canonical":"https:\/\/truusk.store\/sv\/produkt\/truusk-sittbank-med-forvaring-stoppad-i-sammetlook-metallben-sangbank-for-hemmet-120-x-44-x-445-cm-beige\/","og_locale":"sv_SE","og_type":"article","og_title":"TRUUSK Sittb\u00e4nk med F\u00f6rvaring - Stoppad i Sammetlook - Metallben - S\u00e4ngb\u00e4nk f\u00f6r Hemmet - 120 x 44 x 44,5 cm - Beige - TRUUSK - Hem, Tr\u00e4dg\u00e5rd &amp; Fritid","og_description":"Denna eleganta TRUUSK b\u00e4nk erbjuder inte bara extra f\u00f6rvaringsutrymme, utan ocks\u00e5 en stilfull accentbit f\u00f6r ditt hem. Den kompletterar din...","og_url":"https:\/\/truusk.store\/sv\/produkt\/truusk-sittbank-med-forvaring-stoppad-i-sammetlook-metallben-sangbank-for-hemmet-120-x-44-x-445-cm-beige\/","og_site_name":"TRUUSK - Hem, Tr\u00e4dg\u00e5rd &amp; Fritid","article_modified_time":"2026-03-12T08:40:29+00:00","og_image":[{"width":2000,"height":2000,"url":"https:\/\/i0.wp.com\/truusk.se\/wp-content\/uploads\/2025\/06\/sittbank-med-forvaring-stoppad-bank-i-sammetlook-metallben-sangbank-for-vardagsrum-sovrum-hall-120-x-44-x-445-cm-beige-1.webp?fit=2000%2C2000&ssl=1","type":"image\/webp"}],"twitter_card":"summary_large_image","twitter_misc":{"Ber\u00e4knad l\u00e4stid":"1 minut"},"schema":{"@context":"https:\/\/schema.org","@graph":[{"@type":"WebPage","@id":"https:\/\/truusk.store\/sv\/produkt\/truusk-sittbank-med-forvaring-stoppad-i-sammetlook-metallben-sangbank-for-hemmet-120-x-44-x-445-cm-beige\/","url":"https:\/\/truusk.store\/sv\/produkt\/truusk-sittbank-med-forvaring-stoppad-i-sammetlook-metallben-sangbank-for-hemmet-120-x-44-x-445-cm-beige\/","name":"TRUUSK Sittb\u00e4nk med F\u00f6rvaring - Stoppad i Sammetlook - Metallben - S\u00e4ngb\u00e4nk f\u00f6r Hemmet - 120 x 44 x 44,5 cm - Beige - TRUUSK - Hem, Tr\u00e4dg\u00e5rd &amp; Fritid","isPartOf":{"@id":"https:\/\/truusk.store\/sv\/#website"},"primaryImageOfPage":{"@id":"https:\/\/truusk.store\/sv\/produkt\/truusk-sittbank-med-forvaring-stoppad-i-sammetlook-metallben-sangbank-for-hemmet-120-x-44-x-445-cm-beige\/#primaryimage"},"image":{"@id":"https:\/\/truusk.store\/sv\/produkt\/truusk-sittbank-med-forvaring-stoppad-i-sammetlook-metallben-sangbank-for-hemmet-120-x-44-x-445-cm-beige\/#primaryimage"},"thumbnailUrl":"https:\/\/i0.wp.com\/truusk.store\/wp-content\/uploads\/2025\/06\/sittbank-med-forvaring-stoppad-bank-i-sammetlook-metallben-sangbank-for-vardagsrum-sovrum-hall-120-x-44-x-445-cm-beige-1.webp?fit=2000%2C2000&ssl=1","datePublished":"2025-06-05T00:21:41+00:00","dateModified":"2026-03-12T08:40:29+00:00","breadcrumb":{"@id":"https:\/\/truusk.store\/sv\/produkt\/truusk-sittbank-med-forvaring-stoppad-i-sammetlook-metallben-sangbank-for-hemmet-120-x-44-x-445-cm-beige\/#breadcrumb"},"inLanguage":"sv-SE","potentialAction":[{"@type":"ReadAction","target":["https:\/\/truusk.store\/sv\/produkt\/truusk-sittbank-med-forvaring-stoppad-i-sammetlook-metallben-sangbank-for-hemmet-120-x-44-x-445-cm-beige\/"]}]},{"@type":"ImageObject","inLanguage":"sv-SE","@id":"https:\/\/truusk.store\/sv\/produkt\/truusk-sittbank-med-forvaring-stoppad-i-sammetlook-metallben-sangbank-for-hemmet-120-x-44-x-445-cm-beige\/#primaryimage","url":"https:\/\/i0.wp.com\/truusk.store\/wp-content\/uploads\/2025\/06\/sittbank-med-forvaring-stoppad-bank-i-sammetlook-metallben-sangbank-for-vardagsrum-sovrum-hall-120-x-44-x-445-cm-beige-1.webp?fit=2000%2C2000&ssl=1","contentUrl":"https:\/\/i0.wp.com\/truusk.store\/wp-content\/uploads\/2025\/06\/sittbank-med-forvaring-stoppad-bank-i-sammetlook-metallben-sangbank-for-vardagsrum-sovrum-hall-120-x-44-x-445-cm-beige-1.webp?fit=2000%2C2000&ssl=1","width":2000,"height":2000},{"@type":"BreadcrumbList","@id":"https:\/\/truusk.store\/sv\/produkt\/truusk-sittbank-med-forvaring-stoppad-i-sammetlook-metallben-sangbank-for-hemmet-120-x-44-x-445-cm-beige\/#breadcrumb","itemListElement":[{"@type":"ListItem","position":1,"name":"Home","item":"https:\/\/truusk.store\/sv\/"},{"@type":"ListItem","position":2,"name":"Shop","item":"https:\/\/truusk.store\/shop\/"},{"@type":"ListItem","position":3,"name":"TRUUSK Sittb\u00e4nk med F\u00f6rvaring &#8211; Stoppad i Sammetlook &#8211; Metallben &#8211; S\u00e4ngb\u00e4nk f\u00f6r Hemmet &#8211; 120 x 44 x 44,5 cm &#8211; Beige"}]},{"@type":"WebSite","@id":"https:\/\/truusk.store\/sv\/#website","url":"https:\/\/truusk.store\/sv\/","name":"TRUUSK - Hem, Tr\u00e4dg\u00e5rd & Fritid","description":"","publisher":{"@id":"https:\/\/truusk.store\/sv\/#organization"},"potentialAction":[{"@type":"SearchAction","target":{"@type":"EntryPoint","urlTemplate":"https:\/\/truusk.store\/sv\/?s={search_term_string}"},"query-input":{"@type":"PropertyValueSpecification","valueRequired":true,"valueName":"search_term_string"}}],"inLanguage":"sv-SE"},{"@type":"Organization","@id":"https:\/\/truusk.store\/sv\/#organization","name":"TRUUSK - Hem, Tr\u00e4dg\u00e5rd & Fritid","url":"https:\/\/truusk.store\/sv\/","logo":{"@type":"ImageObject","inLanguage":"sv-SE","@id":"https:\/\/truusk.store\/sv\/#\/schema\/logo\/image\/","url":"https:\/\/i0.wp.com\/truusk.store\/wp-content\/uploads\/2026\/03\/cropped-TRUUSK.png?fit=2032%2C917&ssl=1","contentUrl":"https:\/\/i0.wp.com\/truusk.store\/wp-content\/uploads\/2026\/03\/cropped-TRUUSK.png?fit=2032%2C917&ssl=1","width":2032,"height":917,"caption":"TRUUSK - Hem, Tr\u00e4dg\u00e5rd & Fritid"},"image":{"@id":"https:\/\/truusk.store\/sv\/#\/schema\/logo\/image\/"}}]}},"jetpack_sharing_enabled":true,"_links":{"self":[{"href":"https:\/\/truusk.store\/sv\/wp-json\/wp\/v2\/product\/59612","targetHints":{"allow":["GET"]}}],"collection":[{"href":"https:\/\/truusk.store\/sv\/wp-json\/wp\/v2\/product"}],"about":[{"href":"https:\/\/truusk.store\/sv\/wp-json\/wp\/v2\/types\/product"}],"wp:featuredmedia":[{"embeddable":true,"href":"https:\/\/truusk.store\/sv\/wp-json\/wp\/v2\/media\/59603"}],"wp:attachment":[{"href":"https:\/\/truusk.store\/sv\/wp-json\/wp\/v2\/media?parent=59612"}],"wp:term":[{"taxonomy":"product_brand","embeddable":true,"href":"https:\/\/truusk.store\/sv\/wp-json\/wp\/v2\/product_brand?post=59612"},{"taxonomy":"product_cat","embeddable":true,"href":"https:\/\/truusk.store\/sv\/wp-json\/wp\/v2\/product_cat?post=59612"},{"taxonomy":"product_tag","embeddable":true,"href":"https:\/\/truusk.store\/sv\/wp-json\/wp\/v2\/product_tag?post=59612"}],"curies":[{"name":"wp","href":"https:\/\/api.w.org\/{rel}","templated":true}]}}