{"id":59642,"date":"2025-06-05T01:24:32","date_gmt":"2025-06-05T00:24:32","guid":{"rendered":"https:\/\/truusk.store\/product\/helspegel-160-x-40-cm-vagg-spegel-med-stativ-metallram-oval-staende-spegel-for-vardagsrum-sovrum-guld\/"},"modified":"2026-03-12T09:40:32","modified_gmt":"2026-03-12T08:40:32","slug":"truusk-vaggspegel-160x40-cm-med-stativ-metallram-oval-staende-spegel-guld-for-vardagsrum-och-sovrum","status":"publish","type":"product","link":"https:\/\/truusk.store\/sv\/produkt\/truusk-vaggspegel-160x40-cm-med-stativ-metallram-oval-staende-spegel-guld-for-vardagsrum-och-sovrum\/","title":{"rendered":"TRUUSK V\u00e4ggspegel 160&#215;40 cm med stativ &#8211; Metallram &#8211; Oval st\u00e5ende spegel &#8211; Guld &#8211; F\u00f6r vardagsrum och sovrum"},"content":{"rendered":"<p>Uppt\u00e4ck charmen med TRUUSK helkroppsspegeln, som skickligt kombinerar funktionalitet och elegans. Den klara, splitterfria spegelytan med en rostfri metallram g\u00f6r varje rum st\u00f6rre och ljusare. Oavsett om det \u00e4r f\u00f6r en fullst\u00e4ndig kroppsvy eller som ett stilfullt dekorationselement &#8211; denna m\u00e5ngsidiga st\u00e5ende spegel kan anv\u00e4ndas frist\u00e5ende. Det speciella: dess eleganta, ovala form, vilket g\u00f6r spegeln till en riktig blickf\u00e5ngare.<\/p>\n<p>Beskrivning:<\/p>\n<ul>\n<li> Helkroppsspegeln m\u00f6jligg\u00f6r en vy fr\u00e5n huvud till t\u00e5<\/li>\n<li> Klar reflektion och splitterfri film garanterar \u00f6kad s\u00e4kerhet och en utm\u00e4rkt spegelbild<\/li>\n<li> Rostfri metallram p\u00e5 st\u00e5ende spegeln, idealisk f\u00f6r anv\u00e4ndning i olika milj\u00f6er<\/li>\n<li> Kan lutas mot v\u00e4ggen eller anv\u00e4ndas frist\u00e5ende<\/li>\n<li> Den eleganta ovala formen p\u00e5 v\u00e4ggspegeln passar s\u00f6ml\u00f6st in i sovrum, omkl\u00e4dningsrum eller korridorer och ger en estetisk touch<\/li>\n<li> Ingen montering kr\u00e4vs<\/li>\n<\/ul>\n<p> Tekniska data:<\/p>\n<ul>\n<li> F\u00e4rg: Guld<\/li>\n<li> Material: Metall, Glas<\/li>\n<li> Totala dimensioner: 40L x 4B x 160H cm (hopf\u00e4lld stativ)<\/li>\n<li> Totala dimensioner: 40L x 41B x 159H cm (utf\u00e4lld stativ)<\/li>\n<li> Spegelyta: 36L x 157H cm<\/li>\n<\/ul>\n<p>Leveransinneh\u00e5ll:<\/p>\n<ul>\n<li> 1 x Helkroppsspegel<\/li>\n<li> 1 x Bruksanvisning<\/li>\n<\/ul>\n","protected":false},"excerpt":{"rendered":"<p>Uppt\u00e4ck charmen med TRUUSK helkroppsspegeln, som skickligt kombinerar funktionalitet och elegans. Den klara, splitterfria spegelytan med en rostfri metallram g\u00f6r&#8230;<\/p>\n","protected":false},"featured_media":59633,"template":"","meta":[],"product_brand":[],"product_cat":[893,871,966],"product_tag":[],"class_list":{"0":"post-59642","1":"product","2":"type-product","3":"status-publish","4":"has-post-thumbnail","6":"product_cat-garderob-hall","7":"product_cat-hus-hem","8":"product_cat-staende-speglar","10":"first","11":"instock","12":"sale","13":"taxable","14":"shipping-taxable","15":"purchasable","16":"product-type-simple"},"yoast_head":"<!-- This site is optimized with the Yoast SEO plugin v25.4 - https:\/\/yoast.com\/wordpress\/plugins\/seo\/ -->\n<title>TRUUSK V\u00e4ggspegel 160x40 cm med stativ - Metallram - Oval st\u00e5ende spegel - Guld - F\u00f6r vardagsrum och sovrum - TRUUSK - Hem, Tr\u00e4dg\u00e5rd &amp; Fritid<\/title>\n<meta name=\"robots\" content=\"index, follow, max-snippet:-1, max-image-preview:large, max-video-preview:-1\" \/>\n<link rel=\"canonical\" href=\"https:\/\/truusk.store\/sv\/produkt\/truusk-vaggspegel-160x40-cm-med-stativ-metallram-oval-staende-spegel-guld-for-vardagsrum-och-sovrum\/\" \/>\n<meta property=\"og:locale\" content=\"sv_SE\" \/>\n<meta property=\"og:type\" content=\"article\" \/>\n<meta property=\"og:title\" content=\"TRUUSK V\u00e4ggspegel 160x40 cm med stativ - Metallram - Oval st\u00e5ende spegel - Guld - F\u00f6r vardagsrum och sovrum - TRUUSK - Hem, Tr\u00e4dg\u00e5rd &amp; Fritid\" \/>\n<meta property=\"og:description\" content=\"Uppt\u00e4ck charmen med TRUUSK helkroppsspegeln, som skickligt kombinerar funktionalitet och elegans. Den klara, splitterfria spegelytan med en rostfri metallram g\u00f6r...\" \/>\n<meta property=\"og:url\" content=\"https:\/\/truusk.store\/sv\/produkt\/truusk-vaggspegel-160x40-cm-med-stativ-metallram-oval-staende-spegel-guld-for-vardagsrum-och-sovrum\/\" \/>\n<meta property=\"og:site_name\" content=\"TRUUSK - Hem, Tr\u00e4dg\u00e5rd &amp; Fritid\" \/>\n<meta property=\"article:modified_time\" content=\"2026-03-12T08:40:32+00:00\" \/>\n<meta property=\"og:image\" content=\"https:\/\/i0.wp.com\/truusk.se\/wp-content\/uploads\/2025\/06\/helspegel-160-x-40-cm-vagg-spegel-med-stativ-metallram-oval-staende-spegel-for-vardagsrum-sovrum-guld-1.webp?fit=2000%2C2000&ssl=1\" \/>\n\t<meta property=\"og:image:width\" content=\"2000\" \/>\n\t<meta property=\"og:image:height\" content=\"2000\" \/>\n\t<meta property=\"og:image:type\" content=\"image\/webp\" \/>\n<meta name=\"twitter:card\" content=\"summary_large_image\" \/>\n<meta name=\"twitter:label1\" content=\"Ber\u00e4knad l\u00e4stid\" \/>\n\t<meta name=\"twitter:data1\" content=\"1 minut\" \/>\n<!-- \/ Yoast SEO plugin. -->","yoast_head_json":{"title":"TRUUSK V\u00e4ggspegel 160x40 cm med stativ - Metallram - Oval st\u00e5ende spegel - Guld - F\u00f6r vardagsrum och sovrum - TRUUSK - Hem, Tr\u00e4dg\u00e5rd &amp; Fritid","robots":{"index":"index","follow":"follow","max-snippet":"max-snippet:-1","max-image-preview":"max-image-preview:large","max-video-preview":"max-video-preview:-1"},"canonical":"https:\/\/truusk.store\/sv\/produkt\/truusk-vaggspegel-160x40-cm-med-stativ-metallram-oval-staende-spegel-guld-for-vardagsrum-och-sovrum\/","og_locale":"sv_SE","og_type":"article","og_title":"TRUUSK V\u00e4ggspegel 160x40 cm med stativ - Metallram - Oval st\u00e5ende spegel - Guld - F\u00f6r vardagsrum och sovrum - TRUUSK - Hem, Tr\u00e4dg\u00e5rd &amp; Fritid","og_description":"Uppt\u00e4ck charmen med TRUUSK helkroppsspegeln, som skickligt kombinerar funktionalitet och elegans. Den klara, splitterfria spegelytan med en rostfri metallram g\u00f6r...","og_url":"https:\/\/truusk.store\/sv\/produkt\/truusk-vaggspegel-160x40-cm-med-stativ-metallram-oval-staende-spegel-guld-for-vardagsrum-och-sovrum\/","og_site_name":"TRUUSK - Hem, Tr\u00e4dg\u00e5rd &amp; Fritid","article_modified_time":"2026-03-12T08:40:32+00:00","og_image":[{"width":2000,"height":2000,"url":"https:\/\/i0.wp.com\/truusk.se\/wp-content\/uploads\/2025\/06\/helspegel-160-x-40-cm-vagg-spegel-med-stativ-metallram-oval-staende-spegel-for-vardagsrum-sovrum-guld-1.webp?fit=2000%2C2000&ssl=1","type":"image\/webp"}],"twitter_card":"summary_large_image","twitter_misc":{"Ber\u00e4knad l\u00e4stid":"1 minut"},"schema":{"@context":"https:\/\/schema.org","@graph":[{"@type":"WebPage","@id":"https:\/\/truusk.store\/sv\/produkt\/truusk-vaggspegel-160x40-cm-med-stativ-metallram-oval-staende-spegel-guld-for-vardagsrum-och-sovrum\/","url":"https:\/\/truusk.store\/sv\/produkt\/truusk-vaggspegel-160x40-cm-med-stativ-metallram-oval-staende-spegel-guld-for-vardagsrum-och-sovrum\/","name":"TRUUSK V\u00e4ggspegel 160x40 cm med stativ - Metallram - Oval st\u00e5ende spegel - Guld - F\u00f6r vardagsrum och sovrum - TRUUSK - Hem, Tr\u00e4dg\u00e5rd &amp; Fritid","isPartOf":{"@id":"https:\/\/truusk.store\/sv\/#website"},"primaryImageOfPage":{"@id":"https:\/\/truusk.store\/sv\/produkt\/truusk-vaggspegel-160x40-cm-med-stativ-metallram-oval-staende-spegel-guld-for-vardagsrum-och-sovrum\/#primaryimage"},"image":{"@id":"https:\/\/truusk.store\/sv\/produkt\/truusk-vaggspegel-160x40-cm-med-stativ-metallram-oval-staende-spegel-guld-for-vardagsrum-och-sovrum\/#primaryimage"},"thumbnailUrl":"https:\/\/i0.wp.com\/truusk.store\/wp-content\/uploads\/2025\/06\/helspegel-160-x-40-cm-vagg-spegel-med-stativ-metallram-oval-staende-spegel-for-vardagsrum-sovrum-guld-1.webp?fit=2000%2C2000&ssl=1","datePublished":"2025-06-05T00:24:32+00:00","dateModified":"2026-03-12T08:40:32+00:00","breadcrumb":{"@id":"https:\/\/truusk.store\/sv\/produkt\/truusk-vaggspegel-160x40-cm-med-stativ-metallram-oval-staende-spegel-guld-for-vardagsrum-och-sovrum\/#breadcrumb"},"inLanguage":"sv-SE","potentialAction":[{"@type":"ReadAction","target":["https:\/\/truusk.store\/sv\/produkt\/truusk-vaggspegel-160x40-cm-med-stativ-metallram-oval-staende-spegel-guld-for-vardagsrum-och-sovrum\/"]}]},{"@type":"ImageObject","inLanguage":"sv-SE","@id":"https:\/\/truusk.store\/sv\/produkt\/truusk-vaggspegel-160x40-cm-med-stativ-metallram-oval-staende-spegel-guld-for-vardagsrum-och-sovrum\/#primaryimage","url":"https:\/\/i0.wp.com\/truusk.store\/wp-content\/uploads\/2025\/06\/helspegel-160-x-40-cm-vagg-spegel-med-stativ-metallram-oval-staende-spegel-for-vardagsrum-sovrum-guld-1.webp?fit=2000%2C2000&ssl=1","contentUrl":"https:\/\/i0.wp.com\/truusk.store\/wp-content\/uploads\/2025\/06\/helspegel-160-x-40-cm-vagg-spegel-med-stativ-metallram-oval-staende-spegel-for-vardagsrum-sovrum-guld-1.webp?fit=2000%2C2000&ssl=1","width":2000,"height":2000},{"@type":"BreadcrumbList","@id":"https:\/\/truusk.store\/sv\/produkt\/truusk-vaggspegel-160x40-cm-med-stativ-metallram-oval-staende-spegel-guld-for-vardagsrum-och-sovrum\/#breadcrumb","itemListElement":[{"@type":"ListItem","position":1,"name":"Home","item":"https:\/\/truusk.store\/sv\/"},{"@type":"ListItem","position":2,"name":"Shop","item":"https:\/\/truusk.store\/shop\/"},{"@type":"ListItem","position":3,"name":"TRUUSK V\u00e4ggspegel 160&#215;40 cm med stativ &#8211; Metallram &#8211; Oval st\u00e5ende spegel &#8211; Guld &#8211; F\u00f6r vardagsrum och sovrum"}]},{"@type":"WebSite","@id":"https:\/\/truusk.store\/sv\/#website","url":"https:\/\/truusk.store\/sv\/","name":"TRUUSK - Hem, Tr\u00e4dg\u00e5rd & Fritid","description":"","publisher":{"@id":"https:\/\/truusk.store\/sv\/#organization"},"potentialAction":[{"@type":"SearchAction","target":{"@type":"EntryPoint","urlTemplate":"https:\/\/truusk.store\/sv\/?s={search_term_string}"},"query-input":{"@type":"PropertyValueSpecification","valueRequired":true,"valueName":"search_term_string"}}],"inLanguage":"sv-SE"},{"@type":"Organization","@id":"https:\/\/truusk.store\/sv\/#organization","name":"TRUUSK - Hem, Tr\u00e4dg\u00e5rd & Fritid","url":"https:\/\/truusk.store\/sv\/","logo":{"@type":"ImageObject","inLanguage":"sv-SE","@id":"https:\/\/truusk.store\/sv\/#\/schema\/logo\/image\/","url":"https:\/\/i0.wp.com\/truusk.store\/wp-content\/uploads\/2026\/03\/cropped-TRUUSK.png?fit=2032%2C917&ssl=1","contentUrl":"https:\/\/i0.wp.com\/truusk.store\/wp-content\/uploads\/2026\/03\/cropped-TRUUSK.png?fit=2032%2C917&ssl=1","width":2032,"height":917,"caption":"TRUUSK - Hem, Tr\u00e4dg\u00e5rd & Fritid"},"image":{"@id":"https:\/\/truusk.store\/sv\/#\/schema\/logo\/image\/"}}]}},"jetpack_sharing_enabled":true,"_links":{"self":[{"href":"https:\/\/truusk.store\/sv\/wp-json\/wp\/v2\/product\/59642","targetHints":{"allow":["GET"]}}],"collection":[{"href":"https:\/\/truusk.store\/sv\/wp-json\/wp\/v2\/product"}],"about":[{"href":"https:\/\/truusk.store\/sv\/wp-json\/wp\/v2\/types\/product"}],"wp:featuredmedia":[{"embeddable":true,"href":"https:\/\/truusk.store\/sv\/wp-json\/wp\/v2\/media\/59633"}],"wp:attachment":[{"href":"https:\/\/truusk.store\/sv\/wp-json\/wp\/v2\/media?parent=59642"}],"wp:term":[{"taxonomy":"product_brand","embeddable":true,"href":"https:\/\/truusk.store\/sv\/wp-json\/wp\/v2\/product_brand?post=59642"},{"taxonomy":"product_cat","embeddable":true,"href":"https:\/\/truusk.store\/sv\/wp-json\/wp\/v2\/product_cat?post=59642"},{"taxonomy":"product_tag","embeddable":true,"href":"https:\/\/truusk.store\/sv\/wp-json\/wp\/v2\/product_tag?post=59642"}],"curies":[{"name":"wp","href":"https:\/\/api.w.org\/{rel}","templated":true}]}}