{"id":59672,"date":"2025-06-05T01:27:42","date_gmt":"2025-06-05T00:27:42","guid":{"rendered":"https:\/\/truusk.store\/product\/tv-stol-med-elektrisk-upphjalp-avkopplingsstol-med-liggfunktion-varmefunktion-och-massagefunktion-tv-stol-med-fjadersystem\/"},"modified":"2026-03-12T09:41:24","modified_gmt":"2026-03-12T08:41:24","slug":"truusk-elektrisk-tv-stol-med-upphjalp-avkopplingsfunktion-varme-och-massage-fjaderstod-svart","status":"publish","type":"product","link":"https:\/\/truusk.store\/sv\/produkt\/truusk-elektrisk-tv-stol-med-upphjalp-avkopplingsfunktion-varme-och-massage-fjaderstod-svart\/","title":{"rendered":"TRUUSK Elektrisk TV-stol med Upphj\u00e4lp &#8211; Avkopplingsfunktion &#8211; V\u00e4rme och Massage &#8211; Fj\u00e4derst\u00f6d &#8211; Svart"},"content":{"rendered":"<p>S\u00e4ttet du kopplar av kommer att f\u00f6r\u00e4ndras f\u00f6r alltid, tack vare denna TV-stol med stigupp-hj\u00e4lp fr\u00e5n TRUUSK. L\u00e4gg upp dina f\u00f6tter p\u00e5 den inbyggda fotst\u00f6det och justera ryggst\u00f6det till din favoritposition &#8211; luta dig tillbaka, titta p\u00e5 TV eller ta en tupplur. Du kommer att vila p\u00e5 tjockt vadderad, mjuk tyg, medan de \u00e5tta massagepunkterna p\u00e5 relaxstolen bidrar till att lindra muskelsp\u00e4nningar.<\/p>\n<p>Beskrivning:<\/p>\n<ul>\n<li> \u00c5tta vibrationsmassagepunkter, tre l\u00e4gen. L\u00e4ndv\u00e4rme<\/li>\n<li> St\u00f6djer dig s\u00e4kert och mjukt n\u00e4r du st\u00e5r upp<\/li>\n<li> Lutar sig till en bekv\u00e4m position (upp till 135\u00b0) med en fotst\u00f6d f\u00f6r att l\u00e4sa, titta p\u00e5 TV och ta en tupplur<\/li>\n<li> Montering kr\u00e4vs p\u00e5 cirka 10 minuter<\/li>\n<li> \u00d6verdimensionerad design av relaxstolen, polyestertyg med sammetk\u00e4nsla f\u00f6r komfort och estetik<\/li>\n<li> Fj\u00e4dersystemet i TV-stolen ger en mer str\u00e4ckbar och fj\u00e4drande sittupplevelse<\/li>\n<li> L\u00e4tt att anv\u00e4nda med fj\u00e4rrkontroller, med tv\u00e5 sidofickor f\u00f6r f\u00f6rvaring<\/li>\n<li> Tv\u00e5 praktiska kopph\u00e5llare h\u00e5ller din favoritdryck inom r\u00e4ckh\u00e5ll<\/li>\n<li> Snabb 10-minuters montering, inga verktyg kr\u00e4vs<\/li>\n<\/ul>\n<p> Tekniska data:<\/p>\n<ul>\n<li> F\u00e4rg: Brun<\/li>\n<li> Material: Polyester, metall, skum, flerskiktsplatta<\/li>\n<li> Totala dimensioner: (Uppr\u00e4tt) 91B x 95T x 109H cm<\/li>\n<li> Totala dimensioner: (Tillbakalutad) 91B x 144T x 88H cm<\/li>\n<li> Totala dimensioner: (Upph\u00f6jd) 91B x 95T x 142H cm<\/li>\n<li> Sitsstorlek: 60B x 51T x 51H cm<\/li>\n<li> Sitskuddjup: 19 cm<\/li>\n<li> Storlek p\u00e5 ryggst\u00f6d: 82B x 25T x 67H cm<\/li>\n<li> Ing\u00e5ng: 100-240 V, 50\/60 Hz<\/li>\n<li> Utg\u00e5ng: 29 V\/2 A\/58 W<\/li>\n<li> L\u00e4ngd p\u00e5 n\u00e4tkabel: 1,1 m<\/li>\n<li> Viktkapacitet: 150 kg<\/li>\n<\/ul>\n<p> Leveransinneh\u00e5ll:<\/p>\n<ul>\n<li> 1 x Elektrisk stigupp-stol<\/li>\n<li> 1 x Fj\u00e4rrkontroll<\/li>\n<li> 1 x Instruktioner<\/li>\n<\/ul>\n","protected":false},"excerpt":{"rendered":"<p>S\u00e4ttet du kopplar av kommer att f\u00f6r\u00e4ndras f\u00f6r alltid, tack vare denna TV-stol med stigupp-hj\u00e4lp fr\u00e5n TRUUSK. L\u00e4gg upp dina&#8230;<\/p>\n","protected":false},"featured_media":59663,"template":"","meta":[],"product_brand":[],"product_cat":[911,521,871,910],"product_tag":[],"class_list":{"0":"post-59672","1":"product","2":"type-product","3":"status-publish","4":"has-post-thumbnail","6":"product_cat-aufstehsessel","7":"product_cat-fatolj","8":"product_cat-hus-hem","9":"product_cat-vardagsrum","11":"first","12":"instock","13":"sale","14":"taxable","15":"shipping-taxable","16":"purchasable","17":"product-type-simple"},"yoast_head":"<!-- This site is optimized with the Yoast SEO plugin v25.4 - https:\/\/yoast.com\/wordpress\/plugins\/seo\/ -->\n<title>TRUUSK Elektrisk TV-stol med Upphj\u00e4lp - Avkopplingsfunktion - V\u00e4rme och Massage - Fj\u00e4derst\u00f6d - Svart - TRUUSK - Hem, Tr\u00e4dg\u00e5rd &amp; Fritid<\/title>\n<meta name=\"robots\" content=\"index, follow, max-snippet:-1, max-image-preview:large, max-video-preview:-1\" \/>\n<link rel=\"canonical\" href=\"https:\/\/truusk.store\/sv\/produkt\/truusk-elektrisk-tv-stol-med-upphjalp-avkopplingsfunktion-varme-och-massage-fjaderstod-svart\/\" \/>\n<meta property=\"og:locale\" content=\"sv_SE\" \/>\n<meta property=\"og:type\" content=\"article\" \/>\n<meta property=\"og:title\" content=\"TRUUSK Elektrisk TV-stol med Upphj\u00e4lp - Avkopplingsfunktion - V\u00e4rme och Massage - Fj\u00e4derst\u00f6d - Svart - TRUUSK - Hem, Tr\u00e4dg\u00e5rd &amp; Fritid\" \/>\n<meta property=\"og:description\" content=\"S\u00e4ttet du kopplar av kommer att f\u00f6r\u00e4ndras f\u00f6r alltid, tack vare denna TV-stol med stigupp-hj\u00e4lp fr\u00e5n TRUUSK. L\u00e4gg upp dina...\" \/>\n<meta property=\"og:url\" content=\"https:\/\/truusk.store\/sv\/produkt\/truusk-elektrisk-tv-stol-med-upphjalp-avkopplingsfunktion-varme-och-massage-fjaderstod-svart\/\" \/>\n<meta property=\"og:site_name\" content=\"TRUUSK - Hem, Tr\u00e4dg\u00e5rd &amp; Fritid\" \/>\n<meta property=\"article:modified_time\" content=\"2026-03-12T08:41:24+00:00\" \/>\n<meta property=\"og:image\" content=\"https:\/\/i0.wp.com\/truusk.se\/wp-content\/uploads\/2025\/06\/tv-stol-med-elektrisk-upphjalp-avkopplingsstol-med-liggfunktion-varmefunktion-och-massagefunktion-tv-stol-med-fjadersystem-1.webp?fit=2000%2C2000&ssl=1\" \/>\n\t<meta property=\"og:image:width\" content=\"2000\" \/>\n\t<meta property=\"og:image:height\" content=\"2000\" \/>\n\t<meta property=\"og:image:type\" content=\"image\/webp\" \/>\n<meta name=\"twitter:card\" content=\"summary_large_image\" \/>\n<meta name=\"twitter:label1\" content=\"Ber\u00e4knad l\u00e4stid\" \/>\n\t<meta name=\"twitter:data1\" content=\"1 minut\" \/>\n<!-- \/ Yoast SEO plugin. -->","yoast_head_json":{"title":"TRUUSK Elektrisk TV-stol med Upphj\u00e4lp - Avkopplingsfunktion - V\u00e4rme och Massage - Fj\u00e4derst\u00f6d - Svart - TRUUSK - Hem, Tr\u00e4dg\u00e5rd &amp; Fritid","robots":{"index":"index","follow":"follow","max-snippet":"max-snippet:-1","max-image-preview":"max-image-preview:large","max-video-preview":"max-video-preview:-1"},"canonical":"https:\/\/truusk.store\/sv\/produkt\/truusk-elektrisk-tv-stol-med-upphjalp-avkopplingsfunktion-varme-och-massage-fjaderstod-svart\/","og_locale":"sv_SE","og_type":"article","og_title":"TRUUSK Elektrisk TV-stol med Upphj\u00e4lp - Avkopplingsfunktion - V\u00e4rme och Massage - Fj\u00e4derst\u00f6d - Svart - TRUUSK - Hem, Tr\u00e4dg\u00e5rd &amp; Fritid","og_description":"S\u00e4ttet du kopplar av kommer att f\u00f6r\u00e4ndras f\u00f6r alltid, tack vare denna TV-stol med stigupp-hj\u00e4lp fr\u00e5n TRUUSK. L\u00e4gg upp dina...","og_url":"https:\/\/truusk.store\/sv\/produkt\/truusk-elektrisk-tv-stol-med-upphjalp-avkopplingsfunktion-varme-och-massage-fjaderstod-svart\/","og_site_name":"TRUUSK - Hem, Tr\u00e4dg\u00e5rd &amp; Fritid","article_modified_time":"2026-03-12T08:41:24+00:00","og_image":[{"width":2000,"height":2000,"url":"https:\/\/i0.wp.com\/truusk.se\/wp-content\/uploads\/2025\/06\/tv-stol-med-elektrisk-upphjalp-avkopplingsstol-med-liggfunktion-varmefunktion-och-massagefunktion-tv-stol-med-fjadersystem-1.webp?fit=2000%2C2000&ssl=1","type":"image\/webp"}],"twitter_card":"summary_large_image","twitter_misc":{"Ber\u00e4knad l\u00e4stid":"1 minut"},"schema":{"@context":"https:\/\/schema.org","@graph":[{"@type":"WebPage","@id":"https:\/\/truusk.store\/sv\/produkt\/truusk-elektrisk-tv-stol-med-upphjalp-avkopplingsfunktion-varme-och-massage-fjaderstod-svart\/","url":"https:\/\/truusk.store\/sv\/produkt\/truusk-elektrisk-tv-stol-med-upphjalp-avkopplingsfunktion-varme-och-massage-fjaderstod-svart\/","name":"TRUUSK Elektrisk TV-stol med Upphj\u00e4lp - Avkopplingsfunktion - V\u00e4rme och Massage - Fj\u00e4derst\u00f6d - Svart - TRUUSK - Hem, Tr\u00e4dg\u00e5rd &amp; Fritid","isPartOf":{"@id":"https:\/\/truusk.store\/sv\/#website"},"primaryImageOfPage":{"@id":"https:\/\/truusk.store\/sv\/produkt\/truusk-elektrisk-tv-stol-med-upphjalp-avkopplingsfunktion-varme-och-massage-fjaderstod-svart\/#primaryimage"},"image":{"@id":"https:\/\/truusk.store\/sv\/produkt\/truusk-elektrisk-tv-stol-med-upphjalp-avkopplingsfunktion-varme-och-massage-fjaderstod-svart\/#primaryimage"},"thumbnailUrl":"https:\/\/i0.wp.com\/truusk.store\/wp-content\/uploads\/2025\/06\/tv-stol-med-elektrisk-upphjalp-avkopplingsstol-med-liggfunktion-varmefunktion-och-massagefunktion-tv-stol-med-fjadersystem-1.webp?fit=2000%2C2000&ssl=1","datePublished":"2025-06-05T00:27:42+00:00","dateModified":"2026-03-12T08:41:24+00:00","breadcrumb":{"@id":"https:\/\/truusk.store\/sv\/produkt\/truusk-elektrisk-tv-stol-med-upphjalp-avkopplingsfunktion-varme-och-massage-fjaderstod-svart\/#breadcrumb"},"inLanguage":"sv-SE","potentialAction":[{"@type":"ReadAction","target":["https:\/\/truusk.store\/sv\/produkt\/truusk-elektrisk-tv-stol-med-upphjalp-avkopplingsfunktion-varme-och-massage-fjaderstod-svart\/"]}]},{"@type":"ImageObject","inLanguage":"sv-SE","@id":"https:\/\/truusk.store\/sv\/produkt\/truusk-elektrisk-tv-stol-med-upphjalp-avkopplingsfunktion-varme-och-massage-fjaderstod-svart\/#primaryimage","url":"https:\/\/i0.wp.com\/truusk.store\/wp-content\/uploads\/2025\/06\/tv-stol-med-elektrisk-upphjalp-avkopplingsstol-med-liggfunktion-varmefunktion-och-massagefunktion-tv-stol-med-fjadersystem-1.webp?fit=2000%2C2000&ssl=1","contentUrl":"https:\/\/i0.wp.com\/truusk.store\/wp-content\/uploads\/2025\/06\/tv-stol-med-elektrisk-upphjalp-avkopplingsstol-med-liggfunktion-varmefunktion-och-massagefunktion-tv-stol-med-fjadersystem-1.webp?fit=2000%2C2000&ssl=1","width":2000,"height":2000},{"@type":"BreadcrumbList","@id":"https:\/\/truusk.store\/sv\/produkt\/truusk-elektrisk-tv-stol-med-upphjalp-avkopplingsfunktion-varme-och-massage-fjaderstod-svart\/#breadcrumb","itemListElement":[{"@type":"ListItem","position":1,"name":"Home","item":"https:\/\/truusk.store\/sv\/"},{"@type":"ListItem","position":2,"name":"Shop","item":"https:\/\/truusk.store\/shop\/"},{"@type":"ListItem","position":3,"name":"TRUUSK Elektrisk TV-stol med Upphj\u00e4lp &#8211; Avkopplingsfunktion &#8211; V\u00e4rme och Massage &#8211; Fj\u00e4derst\u00f6d &#8211; Svart"}]},{"@type":"WebSite","@id":"https:\/\/truusk.store\/sv\/#website","url":"https:\/\/truusk.store\/sv\/","name":"TRUUSK - Hem, Tr\u00e4dg\u00e5rd & Fritid","description":"","publisher":{"@id":"https:\/\/truusk.store\/sv\/#organization"},"potentialAction":[{"@type":"SearchAction","target":{"@type":"EntryPoint","urlTemplate":"https:\/\/truusk.store\/sv\/?s={search_term_string}"},"query-input":{"@type":"PropertyValueSpecification","valueRequired":true,"valueName":"search_term_string"}}],"inLanguage":"sv-SE"},{"@type":"Organization","@id":"https:\/\/truusk.store\/sv\/#organization","name":"TRUUSK - Hem, Tr\u00e4dg\u00e5rd & Fritid","url":"https:\/\/truusk.store\/sv\/","logo":{"@type":"ImageObject","inLanguage":"sv-SE","@id":"https:\/\/truusk.store\/sv\/#\/schema\/logo\/image\/","url":"https:\/\/i0.wp.com\/truusk.store\/wp-content\/uploads\/2026\/03\/cropped-TRUUSK.png?fit=2032%2C917&ssl=1","contentUrl":"https:\/\/i0.wp.com\/truusk.store\/wp-content\/uploads\/2026\/03\/cropped-TRUUSK.png?fit=2032%2C917&ssl=1","width":2032,"height":917,"caption":"TRUUSK - Hem, Tr\u00e4dg\u00e5rd & Fritid"},"image":{"@id":"https:\/\/truusk.store\/sv\/#\/schema\/logo\/image\/"}}]}},"jetpack_sharing_enabled":true,"_links":{"self":[{"href":"https:\/\/truusk.store\/sv\/wp-json\/wp\/v2\/product\/59672","targetHints":{"allow":["GET"]}}],"collection":[{"href":"https:\/\/truusk.store\/sv\/wp-json\/wp\/v2\/product"}],"about":[{"href":"https:\/\/truusk.store\/sv\/wp-json\/wp\/v2\/types\/product"}],"wp:featuredmedia":[{"embeddable":true,"href":"https:\/\/truusk.store\/sv\/wp-json\/wp\/v2\/media\/59663"}],"wp:attachment":[{"href":"https:\/\/truusk.store\/sv\/wp-json\/wp\/v2\/media?parent=59672"}],"wp:term":[{"taxonomy":"product_brand","embeddable":true,"href":"https:\/\/truusk.store\/sv\/wp-json\/wp\/v2\/product_brand?post=59672"},{"taxonomy":"product_cat","embeddable":true,"href":"https:\/\/truusk.store\/sv\/wp-json\/wp\/v2\/product_cat?post=59672"},{"taxonomy":"product_tag","embeddable":true,"href":"https:\/\/truusk.store\/sv\/wp-json\/wp\/v2\/product_tag?post=59672"}],"curies":[{"name":"wp","href":"https:\/\/api.w.org\/{rel}","templated":true}]}}