{"id":5972,"date":"2024-02-13T08:14:01","date_gmt":"2024-02-13T07:14:01","guid":{"rendered":"https:\/\/truusk.store\/product\/hundsang-utomhus-hopfallbar-sallskapsstol-hundsang-hundsang-sovplats-for-hund-upphojd-sallskapssang-sovplats-for-sma-hundar-metall-oxford-gra-59-x-46-x-15-cm\/"},"modified":"2026-03-12T08:55:06","modified_gmt":"2026-03-12T07:55:06","slug":"truusk-hopfallbar-hundbadd-forhojd-sovplats-metallram-oxfordtyg-gra-59-x-46-x-15-cm","status":"publish","type":"product","link":"https:\/\/truusk.store\/sv\/produkt\/truusk-hopfallbar-hundbadd-forhojd-sovplats-metallram-oxfordtyg-gra-59-x-46-x-15-cm\/","title":{"rendered":"TRUUSK Hopf\u00e4llbar Hundb\u00e4dd &#8211; F\u00f6rh\u00f6jd Sovplats &#8211; Metallram &#8211; Oxfordtyg &#8211; Gr\u00e5 &#8211; 59 x 46 x 15 cm"},"content":{"rendered":"<p>Enkel design, h\u00f6g funktionalitet och elegant gr\u00e5. V\u00e5r hopf\u00e4llbara hundstol \u00e4r den perfekta platsen att ligga ner f\u00f6r mindre hundar och skyddar dina husdjur fr\u00e5n varma eller mycket kalla ytor. Den robusta st\u00e5lr\u00f6rsramen har ett slitstarkt och andningsbart 600D Oxford-\u00f6verdrag. Detta \u00e4r slitstarkt, bekv\u00e4mt och l\u00e4tt att reng\u00f6ra. N\u00e4r den inte anv\u00e4nds kan din hundstol l\u00e4tt f\u00e4llas ihop och d\u00e4rf\u00f6r perfekt att ha med p\u00e5 semestern. Enkelt, v\u00e4lgjort och genomt\u00e4nkt. Med hundstolen kommer dina husdjur att somna s\u00e4kert.<\/p>\n<h3>Beskrivning:<\/h3>\n<ul>\n<li>L\u00e4mplig f\u00f6r inomhus- och utomhusbruk<\/li>\n<li>Pulverlackerad st\u00e5lr\u00f6rsram, extra stabil<\/li>\n<li>Andningsbart 600D Oxford-\u00f6verdrag, slitstarkt och l\u00e4ttsk\u00f6tt<\/li>\n<li>L\u00e4tt att st\u00e4da<\/li>\n<li>Vikbar och d\u00e4rf\u00f6r l\u00e4tt att transportera<\/li>\n<li>L\u00e4mplig f\u00f6r sm\u00e5 hundar upp till 10 kg och en kroppsl\u00e4ngd p\u00e5 mindre \u00e4n 35 cm<\/li>\n<\/ul>\n<h3>Teknisk data:<\/h3>\n<ul>\n<li>Material: ram av st\u00e5lr\u00f6r, lock av 600D Oxford<\/li>\n<li>F\u00e4rg gr\u00e5<\/li>\n<li>Storlek: L59 x B46 x H15 cm<\/li>\n<\/ul>\n<h3>Leveransens omfattning:<\/h3>\n<ul>\n<li>1 x husdjurss\u00e4ng;<\/li>\n<\/ul>\n","protected":false},"excerpt":{"rendered":"<p>Enkel design, h\u00f6g funktionalitet och elegant gr\u00e5. V\u00e5r hopf\u00e4llbara hundstol \u00e4r den perfekta platsen att ligga ner f\u00f6r mindre hundar&#8230;<\/p>\n","protected":false},"featured_media":5973,"template":"","meta":[],"product_brand":[],"product_cat":[576,574,573],"product_tag":[],"class_list":{"0":"post-5972","1":"product","2":"type-product","3":"status-publish","4":"has-post-thumbnail","6":"product_cat-hundsangar-hundsoffor","7":"product_cat-hundtillbehor","8":"product_cat-husdjursmaterial","10":"first","11":"instock","12":"sale","13":"taxable","14":"shipping-taxable","15":"purchasable","16":"product-type-simple"},"yoast_head":"<!-- This site is optimized with the Yoast SEO plugin v25.4 - https:\/\/yoast.com\/wordpress\/plugins\/seo\/ -->\n<title>TRUUSK Hopf\u00e4llbar Hundb\u00e4dd - F\u00f6rh\u00f6jd Sovplats - Metallram - Oxfordtyg - Gr\u00e5 - 59 x 46 x 15 cm - TRUUSK - Hem, Tr\u00e4dg\u00e5rd &amp; Fritid<\/title>\n<meta name=\"robots\" content=\"index, follow, max-snippet:-1, max-image-preview:large, max-video-preview:-1\" \/>\n<link rel=\"canonical\" href=\"https:\/\/truusk.store\/sv\/produkt\/truusk-hopfallbar-hundbadd-forhojd-sovplats-metallram-oxfordtyg-gra-59-x-46-x-15-cm\/\" \/>\n<meta property=\"og:locale\" content=\"sv_SE\" \/>\n<meta property=\"og:type\" content=\"article\" \/>\n<meta property=\"og:title\" content=\"TRUUSK Hopf\u00e4llbar Hundb\u00e4dd - F\u00f6rh\u00f6jd Sovplats - Metallram - Oxfordtyg - Gr\u00e5 - 59 x 46 x 15 cm - TRUUSK - Hem, Tr\u00e4dg\u00e5rd &amp; Fritid\" \/>\n<meta property=\"og:description\" content=\"Enkel design, h\u00f6g funktionalitet och elegant gr\u00e5. V\u00e5r hopf\u00e4llbara hundstol \u00e4r den perfekta platsen att ligga ner f\u00f6r mindre hundar...\" \/>\n<meta property=\"og:url\" content=\"https:\/\/truusk.store\/sv\/produkt\/truusk-hopfallbar-hundbadd-forhojd-sovplats-metallram-oxfordtyg-gra-59-x-46-x-15-cm\/\" \/>\n<meta property=\"og:site_name\" content=\"TRUUSK - Hem, Tr\u00e4dg\u00e5rd &amp; Fritid\" \/>\n<meta property=\"article:modified_time\" content=\"2026-03-12T07:55:06+00:00\" \/>\n<meta property=\"og:image\" content=\"https:\/\/i0.wp.com\/truusk.se\/wp-content\/uploads\/2024\/02\/hundsang-utomhus-hopfallbar-sallskapsstol-hundsang-hundsang-sovplats-for-hund-upphojd-sallskapssang-sovplats-for-sma-hundar-metall-oxford-gra-59-x-46-x-15-cm.webp?fit=800%2C800&ssl=1\" \/>\n\t<meta property=\"og:image:width\" content=\"800\" \/>\n\t<meta property=\"og:image:height\" content=\"800\" \/>\n\t<meta property=\"og:image:type\" content=\"image\/webp\" \/>\n<meta name=\"twitter:card\" content=\"summary_large_image\" \/>\n<meta name=\"twitter:label1\" content=\"Ber\u00e4knad l\u00e4stid\" \/>\n\t<meta name=\"twitter:data1\" content=\"1 minut\" \/>\n<!-- \/ Yoast SEO plugin. -->","yoast_head_json":{"title":"TRUUSK Hopf\u00e4llbar Hundb\u00e4dd - F\u00f6rh\u00f6jd Sovplats - Metallram - Oxfordtyg - Gr\u00e5 - 59 x 46 x 15 cm - TRUUSK - Hem, Tr\u00e4dg\u00e5rd &amp; Fritid","robots":{"index":"index","follow":"follow","max-snippet":"max-snippet:-1","max-image-preview":"max-image-preview:large","max-video-preview":"max-video-preview:-1"},"canonical":"https:\/\/truusk.store\/sv\/produkt\/truusk-hopfallbar-hundbadd-forhojd-sovplats-metallram-oxfordtyg-gra-59-x-46-x-15-cm\/","og_locale":"sv_SE","og_type":"article","og_title":"TRUUSK Hopf\u00e4llbar Hundb\u00e4dd - F\u00f6rh\u00f6jd Sovplats - Metallram - Oxfordtyg - Gr\u00e5 - 59 x 46 x 15 cm - TRUUSK - Hem, Tr\u00e4dg\u00e5rd &amp; Fritid","og_description":"Enkel design, h\u00f6g funktionalitet och elegant gr\u00e5. V\u00e5r hopf\u00e4llbara hundstol \u00e4r den perfekta platsen att ligga ner f\u00f6r mindre hundar...","og_url":"https:\/\/truusk.store\/sv\/produkt\/truusk-hopfallbar-hundbadd-forhojd-sovplats-metallram-oxfordtyg-gra-59-x-46-x-15-cm\/","og_site_name":"TRUUSK - Hem, Tr\u00e4dg\u00e5rd &amp; Fritid","article_modified_time":"2026-03-12T07:55:06+00:00","og_image":[{"width":800,"height":800,"url":"https:\/\/i0.wp.com\/truusk.se\/wp-content\/uploads\/2024\/02\/hundsang-utomhus-hopfallbar-sallskapsstol-hundsang-hundsang-sovplats-for-hund-upphojd-sallskapssang-sovplats-for-sma-hundar-metall-oxford-gra-59-x-46-x-15-cm.webp?fit=800%2C800&ssl=1","type":"image\/webp"}],"twitter_card":"summary_large_image","twitter_misc":{"Ber\u00e4knad l\u00e4stid":"1 minut"},"schema":{"@context":"https:\/\/schema.org","@graph":[{"@type":"WebPage","@id":"https:\/\/truusk.store\/sv\/produkt\/truusk-hopfallbar-hundbadd-forhojd-sovplats-metallram-oxfordtyg-gra-59-x-46-x-15-cm\/","url":"https:\/\/truusk.store\/sv\/produkt\/truusk-hopfallbar-hundbadd-forhojd-sovplats-metallram-oxfordtyg-gra-59-x-46-x-15-cm\/","name":"TRUUSK Hopf\u00e4llbar Hundb\u00e4dd - F\u00f6rh\u00f6jd Sovplats - Metallram - Oxfordtyg - Gr\u00e5 - 59 x 46 x 15 cm - TRUUSK - Hem, Tr\u00e4dg\u00e5rd &amp; Fritid","isPartOf":{"@id":"https:\/\/truusk.store\/sv\/#website"},"primaryImageOfPage":{"@id":"https:\/\/truusk.store\/sv\/produkt\/truusk-hopfallbar-hundbadd-forhojd-sovplats-metallram-oxfordtyg-gra-59-x-46-x-15-cm\/#primaryimage"},"image":{"@id":"https:\/\/truusk.store\/sv\/produkt\/truusk-hopfallbar-hundbadd-forhojd-sovplats-metallram-oxfordtyg-gra-59-x-46-x-15-cm\/#primaryimage"},"thumbnailUrl":"https:\/\/i0.wp.com\/truusk.store\/wp-content\/uploads\/2024\/02\/hundsang-utomhus-hopfallbar-sallskapsstol-hundsang-hundsang-sovplats-for-hund-upphojd-sallskapssang-sovplats-for-sma-hundar-metall-oxford-gra-59-x-46-x-15-cm.webp?fit=800%2C800&ssl=1","datePublished":"2024-02-13T07:14:01+00:00","dateModified":"2026-03-12T07:55:06+00:00","breadcrumb":{"@id":"https:\/\/truusk.store\/sv\/produkt\/truusk-hopfallbar-hundbadd-forhojd-sovplats-metallram-oxfordtyg-gra-59-x-46-x-15-cm\/#breadcrumb"},"inLanguage":"sv-SE","potentialAction":[{"@type":"ReadAction","target":["https:\/\/truusk.store\/sv\/produkt\/truusk-hopfallbar-hundbadd-forhojd-sovplats-metallram-oxfordtyg-gra-59-x-46-x-15-cm\/"]}]},{"@type":"ImageObject","inLanguage":"sv-SE","@id":"https:\/\/truusk.store\/sv\/produkt\/truusk-hopfallbar-hundbadd-forhojd-sovplats-metallram-oxfordtyg-gra-59-x-46-x-15-cm\/#primaryimage","url":"https:\/\/i0.wp.com\/truusk.store\/wp-content\/uploads\/2024\/02\/hundsang-utomhus-hopfallbar-sallskapsstol-hundsang-hundsang-sovplats-for-hund-upphojd-sallskapssang-sovplats-for-sma-hundar-metall-oxford-gra-59-x-46-x-15-cm.webp?fit=800%2C800&ssl=1","contentUrl":"https:\/\/i0.wp.com\/truusk.store\/wp-content\/uploads\/2024\/02\/hundsang-utomhus-hopfallbar-sallskapsstol-hundsang-hundsang-sovplats-for-hund-upphojd-sallskapssang-sovplats-for-sma-hundar-metall-oxford-gra-59-x-46-x-15-cm.webp?fit=800%2C800&ssl=1","width":800,"height":800,"caption":"Hunds\u00e4ng Utomhus Hopf\u00e4llbar S\u00e4llskapsstol Hunds\u00e4ng Hunds\u00e4ng Sovplats F\u00f6r Hund Upph\u00f6jd S\u00e4llskapss\u00e4ng Sovplats F\u00f6r Sm\u00e5 Hundar, Metall, Oxford, Gr\u00e5, 59 X 46 X 15 Cm 1"},{"@type":"BreadcrumbList","@id":"https:\/\/truusk.store\/sv\/produkt\/truusk-hopfallbar-hundbadd-forhojd-sovplats-metallram-oxfordtyg-gra-59-x-46-x-15-cm\/#breadcrumb","itemListElement":[{"@type":"ListItem","position":1,"name":"Home","item":"https:\/\/truusk.store\/sv\/"},{"@type":"ListItem","position":2,"name":"Shop","item":"https:\/\/truusk.store\/shop\/"},{"@type":"ListItem","position":3,"name":"TRUUSK Hopf\u00e4llbar Hundb\u00e4dd &#8211; F\u00f6rh\u00f6jd Sovplats &#8211; Metallram &#8211; Oxfordtyg &#8211; Gr\u00e5 &#8211; 59 x 46 x 15 cm"}]},{"@type":"WebSite","@id":"https:\/\/truusk.store\/sv\/#website","url":"https:\/\/truusk.store\/sv\/","name":"TRUUSK - Hem, Tr\u00e4dg\u00e5rd & Fritid","description":"","publisher":{"@id":"https:\/\/truusk.store\/sv\/#organization"},"potentialAction":[{"@type":"SearchAction","target":{"@type":"EntryPoint","urlTemplate":"https:\/\/truusk.store\/sv\/?s={search_term_string}"},"query-input":{"@type":"PropertyValueSpecification","valueRequired":true,"valueName":"search_term_string"}}],"inLanguage":"sv-SE"},{"@type":"Organization","@id":"https:\/\/truusk.store\/sv\/#organization","name":"TRUUSK - Hem, Tr\u00e4dg\u00e5rd & Fritid","url":"https:\/\/truusk.store\/sv\/","logo":{"@type":"ImageObject","inLanguage":"sv-SE","@id":"https:\/\/truusk.store\/sv\/#\/schema\/logo\/image\/","url":"https:\/\/i0.wp.com\/truusk.store\/wp-content\/uploads\/2026\/03\/cropped-TRUUSK.png?fit=2032%2C917&ssl=1","contentUrl":"https:\/\/i0.wp.com\/truusk.store\/wp-content\/uploads\/2026\/03\/cropped-TRUUSK.png?fit=2032%2C917&ssl=1","width":2032,"height":917,"caption":"TRUUSK - Hem, Tr\u00e4dg\u00e5rd & Fritid"},"image":{"@id":"https:\/\/truusk.store\/sv\/#\/schema\/logo\/image\/"}}]}},"jetpack_sharing_enabled":true,"_links":{"self":[{"href":"https:\/\/truusk.store\/sv\/wp-json\/wp\/v2\/product\/5972","targetHints":{"allow":["GET"]}}],"collection":[{"href":"https:\/\/truusk.store\/sv\/wp-json\/wp\/v2\/product"}],"about":[{"href":"https:\/\/truusk.store\/sv\/wp-json\/wp\/v2\/types\/product"}],"wp:featuredmedia":[{"embeddable":true,"href":"https:\/\/truusk.store\/sv\/wp-json\/wp\/v2\/media\/5973"}],"wp:attachment":[{"href":"https:\/\/truusk.store\/sv\/wp-json\/wp\/v2\/media?parent=5972"}],"wp:term":[{"taxonomy":"product_brand","embeddable":true,"href":"https:\/\/truusk.store\/sv\/wp-json\/wp\/v2\/product_brand?post=5972"},{"taxonomy":"product_cat","embeddable":true,"href":"https:\/\/truusk.store\/sv\/wp-json\/wp\/v2\/product_cat?post=5972"},{"taxonomy":"product_tag","embeddable":true,"href":"https:\/\/truusk.store\/sv\/wp-json\/wp\/v2\/product_tag?post=5972"}],"curies":[{"name":"wp","href":"https:\/\/api.w.org\/{rel}","templated":true}]}}