{"id":59732,"date":"2025-06-05T01:33:35","date_gmt":"2025-06-05T00:33:35","guid":{"rendered":"https:\/\/truusk.store\/product\/2-pack-loungestolar-med-fotpall-och-armstod-huvudstod-linneoverdrag-fotdyna-i-polyester-eukalyptus-ljusgra-665-x-80-x-99-cm\/"},"modified":"2026-03-12T09:41:30","modified_gmt":"2026-03-12T08:41:30","slug":"truusk-2-pack-loungestolar-med-fotpall-och-armstod-huvudstod-linneoverdrag-fotdyna-i-polyester-eukalyptus-ljusgra-665","status":"publish","type":"product","link":"https:\/\/truusk.store\/sv\/produkt\/truusk-2-pack-loungestolar-med-fotpall-och-armstod-huvudstod-linneoverdrag-fotdyna-i-polyester-eukalyptus-ljusgra-665\/","title":{"rendered":"TRUUSK 2-pack Loungestolar med Fotpall och Armst\u00f6d &#8211; Huvudst\u00f6d &#8211; Linne\u00f6verdrag &#8211; Fotdyna i Polyester &#8211; Eukalyptus &#8211; Ljusgr\u00e5 66,5"},"content":{"rendered":"<p>Detta TRUUSK f\u00e5t\u00f6ljset best\u00e5r av en stoppad f\u00e5t\u00f6lj och en fotpall. B\u00e5de f\u00e5t\u00f6ljen och pallen har ett \u00f6verdrag i linne-look och en ram av tr\u00e4. Den enkla men eleganta designen \u00e4r alltid i mode. Detta m\u00e5ngsidiga f\u00e5t\u00f6ljset passar f\u00f6r vardagsrum, sovrum, kontor och kan tack vare den l\u00e4tta och kompakta designen \u00e4ven enkelt flyttas och transporteras. Denna TRUUSK f\u00e5t\u00f6lj med fotpall g\u00f6r ditt liv mycket trevligare!<\/p>\n<p>Beskrivning:<\/p>\n<ul>\n<li> Tv\u00e5delat set best\u00e5ende av f\u00e5t\u00f6lj och fotpall<\/li>\n<li> Passar f\u00f6r vardagsrum, sovrum, studentrum, kontor, balkong<\/li>\n<li> L\u00e4tt och kompakt design f\u00f6r enkel transport<\/li>\n<li> Fotdynorna f\u00f6rhindrar repor p\u00e5 golvet.<\/li>\n<li> Bra stoppning, huvudst\u00f6d och armst\u00f6d ger en utm\u00e4rkt sittk\u00e4nsla<\/li>\n<li> Andningsbart \u00f6verdrag i linne-look, f\u00f6r god ventilation<\/li>\n<li> En robust tr\u00e4ram ger h\u00f6g stabilitet och h\u00e5llbarhet<\/li>\n<li> Enkel montering<\/li>\n<\/ul>\n<p> Tekniska data:<\/p>\n<ul>\n<li> F\u00e4rg: Ljusgr\u00e5<\/li>\n<li> Material: Linne (100% polyester), flerskiktsplatta, skum<\/li>\n<li> Totala m\u00e5tt: 66,5B x 80D x 99H cm (fritidsstol), 51B x 45D x 40H cm (fotpall)<\/li>\n<li> Sitsstorlek: 55L x 53B cm<\/li>\n<li> Sitth\u00f6jd: 39 cm<\/li>\n<li> Storlek p\u00e5 ryggst\u00f6d: 55B x 71H cm<\/li>\n<li> Kuddstorlek: 55L x 24B cm<\/li>\n<li> Max. belastningskapacitet: 120 kg (fritidsstol), 30 kg (fotpall)<\/li>\n<\/ul>\n<p>Leveransomfattning:<\/p>\n<ul>\n<li> 1 x vilf\u00e5t\u00f6lj<\/li>\n<li> 1 x fotpall<\/li>\n<li> 1 x instruktioner<\/li>\n<\/ul>\n","protected":false},"excerpt":{"rendered":"<p>Detta TRUUSK f\u00e5t\u00f6ljset best\u00e5r av en stoppad f\u00e5t\u00f6lj och en fotpall. B\u00e5de f\u00e5t\u00f6ljen och pallen har ett \u00f6verdrag i linne-look&#8230;<\/p>\n","protected":false},"featured_media":59723,"template":"","meta":[],"product_brand":[],"product_cat":[521,871,920,910],"product_tag":[],"class_list":{"0":"post-59732","1":"product","2":"type-product","3":"status-publish","4":"has-post-thumbnail","6":"product_cat-fatolj","7":"product_cat-hus-hem","8":"product_cat-relaxsessel-mit-hocker","9":"product_cat-vardagsrum","11":"first","12":"instock","13":"sale","14":"taxable","15":"shipping-taxable","16":"purchasable","17":"product-type-simple"},"yoast_head":"<!-- This site is optimized with the Yoast SEO plugin v25.4 - https:\/\/yoast.com\/wordpress\/plugins\/seo\/ -->\n<title>TRUUSK 2-pack Loungestolar med Fotpall och Armst\u00f6d - Huvudst\u00f6d - Linne\u00f6verdrag - Fotdyna i Polyester - Eukalyptus - Ljusgr\u00e5 66,5 - TRUUSK - Hem, Tr\u00e4dg\u00e5rd &amp; Fritid<\/title>\n<meta name=\"robots\" content=\"index, follow, max-snippet:-1, max-image-preview:large, max-video-preview:-1\" \/>\n<link rel=\"canonical\" href=\"https:\/\/truusk.store\/sv\/produkt\/truusk-2-pack-loungestolar-med-fotpall-och-armstod-huvudstod-linneoverdrag-fotdyna-i-polyester-eukalyptus-ljusgra-665\/\" \/>\n<meta property=\"og:locale\" content=\"sv_SE\" \/>\n<meta property=\"og:type\" content=\"article\" \/>\n<meta property=\"og:title\" content=\"TRUUSK 2-pack Loungestolar med Fotpall och Armst\u00f6d - Huvudst\u00f6d - Linne\u00f6verdrag - Fotdyna i Polyester - Eukalyptus - Ljusgr\u00e5 66,5 - TRUUSK - Hem, Tr\u00e4dg\u00e5rd &amp; Fritid\" \/>\n<meta property=\"og:description\" content=\"Detta TRUUSK f\u00e5t\u00f6ljset best\u00e5r av en stoppad f\u00e5t\u00f6lj och en fotpall. B\u00e5de f\u00e5t\u00f6ljen och pallen har ett \u00f6verdrag i linne-look...\" \/>\n<meta property=\"og:url\" content=\"https:\/\/truusk.store\/sv\/produkt\/truusk-2-pack-loungestolar-med-fotpall-och-armstod-huvudstod-linneoverdrag-fotdyna-i-polyester-eukalyptus-ljusgra-665\/\" \/>\n<meta property=\"og:site_name\" content=\"TRUUSK - Hem, Tr\u00e4dg\u00e5rd &amp; Fritid\" \/>\n<meta property=\"article:modified_time\" content=\"2026-03-12T08:41:30+00:00\" \/>\n<meta property=\"og:image\" content=\"https:\/\/i0.wp.com\/truusk.se\/wp-content\/uploads\/2025\/06\/2-pack-loungestolar-med-fotpall-och-armstod-huvudstod-linneoverdrag-fotdyna-i-polyester-eukalyptus-ljusgra-665-x-80-x-99-cm-1.webp?fit=2000%2C2000&ssl=1\" \/>\n\t<meta property=\"og:image:width\" content=\"2000\" \/>\n\t<meta property=\"og:image:height\" content=\"2000\" \/>\n\t<meta property=\"og:image:type\" content=\"image\/webp\" \/>\n<meta name=\"twitter:card\" content=\"summary_large_image\" \/>\n<meta name=\"twitter:label1\" content=\"Ber\u00e4knad l\u00e4stid\" \/>\n\t<meta name=\"twitter:data1\" content=\"1 minut\" \/>\n<!-- \/ Yoast SEO plugin. -->","yoast_head_json":{"title":"TRUUSK 2-pack Loungestolar med Fotpall och Armst\u00f6d - Huvudst\u00f6d - Linne\u00f6verdrag - Fotdyna i Polyester - Eukalyptus - Ljusgr\u00e5 66,5 - TRUUSK - Hem, Tr\u00e4dg\u00e5rd &amp; Fritid","robots":{"index":"index","follow":"follow","max-snippet":"max-snippet:-1","max-image-preview":"max-image-preview:large","max-video-preview":"max-video-preview:-1"},"canonical":"https:\/\/truusk.store\/sv\/produkt\/truusk-2-pack-loungestolar-med-fotpall-och-armstod-huvudstod-linneoverdrag-fotdyna-i-polyester-eukalyptus-ljusgra-665\/","og_locale":"sv_SE","og_type":"article","og_title":"TRUUSK 2-pack Loungestolar med Fotpall och Armst\u00f6d - Huvudst\u00f6d - Linne\u00f6verdrag - Fotdyna i Polyester - Eukalyptus - Ljusgr\u00e5 66,5 - TRUUSK - Hem, Tr\u00e4dg\u00e5rd &amp; Fritid","og_description":"Detta TRUUSK f\u00e5t\u00f6ljset best\u00e5r av en stoppad f\u00e5t\u00f6lj och en fotpall. B\u00e5de f\u00e5t\u00f6ljen och pallen har ett \u00f6verdrag i linne-look...","og_url":"https:\/\/truusk.store\/sv\/produkt\/truusk-2-pack-loungestolar-med-fotpall-och-armstod-huvudstod-linneoverdrag-fotdyna-i-polyester-eukalyptus-ljusgra-665\/","og_site_name":"TRUUSK - Hem, Tr\u00e4dg\u00e5rd &amp; Fritid","article_modified_time":"2026-03-12T08:41:30+00:00","og_image":[{"width":2000,"height":2000,"url":"https:\/\/i0.wp.com\/truusk.se\/wp-content\/uploads\/2025\/06\/2-pack-loungestolar-med-fotpall-och-armstod-huvudstod-linneoverdrag-fotdyna-i-polyester-eukalyptus-ljusgra-665-x-80-x-99-cm-1.webp?fit=2000%2C2000&ssl=1","type":"image\/webp"}],"twitter_card":"summary_large_image","twitter_misc":{"Ber\u00e4knad l\u00e4stid":"1 minut"},"schema":{"@context":"https:\/\/schema.org","@graph":[{"@type":"WebPage","@id":"https:\/\/truusk.store\/sv\/produkt\/truusk-2-pack-loungestolar-med-fotpall-och-armstod-huvudstod-linneoverdrag-fotdyna-i-polyester-eukalyptus-ljusgra-665\/","url":"https:\/\/truusk.store\/sv\/produkt\/truusk-2-pack-loungestolar-med-fotpall-och-armstod-huvudstod-linneoverdrag-fotdyna-i-polyester-eukalyptus-ljusgra-665\/","name":"TRUUSK 2-pack Loungestolar med Fotpall och Armst\u00f6d - Huvudst\u00f6d - Linne\u00f6verdrag - Fotdyna i Polyester - Eukalyptus - Ljusgr\u00e5 66,5 - TRUUSK - Hem, Tr\u00e4dg\u00e5rd &amp; Fritid","isPartOf":{"@id":"https:\/\/truusk.store\/sv\/#website"},"primaryImageOfPage":{"@id":"https:\/\/truusk.store\/sv\/produkt\/truusk-2-pack-loungestolar-med-fotpall-och-armstod-huvudstod-linneoverdrag-fotdyna-i-polyester-eukalyptus-ljusgra-665\/#primaryimage"},"image":{"@id":"https:\/\/truusk.store\/sv\/produkt\/truusk-2-pack-loungestolar-med-fotpall-och-armstod-huvudstod-linneoverdrag-fotdyna-i-polyester-eukalyptus-ljusgra-665\/#primaryimage"},"thumbnailUrl":"https:\/\/i0.wp.com\/truusk.store\/wp-content\/uploads\/2025\/06\/2-pack-loungestolar-med-fotpall-och-armstod-huvudstod-linneoverdrag-fotdyna-i-polyester-eukalyptus-ljusgra-665-x-80-x-99-cm-1.webp?fit=2000%2C2000&ssl=1","datePublished":"2025-06-05T00:33:35+00:00","dateModified":"2026-03-12T08:41:30+00:00","breadcrumb":{"@id":"https:\/\/truusk.store\/sv\/produkt\/truusk-2-pack-loungestolar-med-fotpall-och-armstod-huvudstod-linneoverdrag-fotdyna-i-polyester-eukalyptus-ljusgra-665\/#breadcrumb"},"inLanguage":"sv-SE","potentialAction":[{"@type":"ReadAction","target":["https:\/\/truusk.store\/sv\/produkt\/truusk-2-pack-loungestolar-med-fotpall-och-armstod-huvudstod-linneoverdrag-fotdyna-i-polyester-eukalyptus-ljusgra-665\/"]}]},{"@type":"ImageObject","inLanguage":"sv-SE","@id":"https:\/\/truusk.store\/sv\/produkt\/truusk-2-pack-loungestolar-med-fotpall-och-armstod-huvudstod-linneoverdrag-fotdyna-i-polyester-eukalyptus-ljusgra-665\/#primaryimage","url":"https:\/\/i0.wp.com\/truusk.store\/wp-content\/uploads\/2025\/06\/2-pack-loungestolar-med-fotpall-och-armstod-huvudstod-linneoverdrag-fotdyna-i-polyester-eukalyptus-ljusgra-665-x-80-x-99-cm-1.webp?fit=2000%2C2000&ssl=1","contentUrl":"https:\/\/i0.wp.com\/truusk.store\/wp-content\/uploads\/2025\/06\/2-pack-loungestolar-med-fotpall-och-armstod-huvudstod-linneoverdrag-fotdyna-i-polyester-eukalyptus-ljusgra-665-x-80-x-99-cm-1.webp?fit=2000%2C2000&ssl=1","width":2000,"height":2000},{"@type":"BreadcrumbList","@id":"https:\/\/truusk.store\/sv\/produkt\/truusk-2-pack-loungestolar-med-fotpall-och-armstod-huvudstod-linneoverdrag-fotdyna-i-polyester-eukalyptus-ljusgra-665\/#breadcrumb","itemListElement":[{"@type":"ListItem","position":1,"name":"Home","item":"https:\/\/truusk.store\/sv\/"},{"@type":"ListItem","position":2,"name":"Shop","item":"https:\/\/truusk.store\/shop\/"},{"@type":"ListItem","position":3,"name":"TRUUSK 2-pack Loungestolar med Fotpall och Armst\u00f6d &#8211; Huvudst\u00f6d &#8211; Linne\u00f6verdrag &#8211; Fotdyna i Polyester &#8211; Eukalyptus &#8211; Ljusgr\u00e5 66,5"}]},{"@type":"WebSite","@id":"https:\/\/truusk.store\/sv\/#website","url":"https:\/\/truusk.store\/sv\/","name":"TRUUSK - Hem, Tr\u00e4dg\u00e5rd & Fritid","description":"","publisher":{"@id":"https:\/\/truusk.store\/sv\/#organization"},"potentialAction":[{"@type":"SearchAction","target":{"@type":"EntryPoint","urlTemplate":"https:\/\/truusk.store\/sv\/?s={search_term_string}"},"query-input":{"@type":"PropertyValueSpecification","valueRequired":true,"valueName":"search_term_string"}}],"inLanguage":"sv-SE"},{"@type":"Organization","@id":"https:\/\/truusk.store\/sv\/#organization","name":"TRUUSK - Hem, Tr\u00e4dg\u00e5rd & Fritid","url":"https:\/\/truusk.store\/sv\/","logo":{"@type":"ImageObject","inLanguage":"sv-SE","@id":"https:\/\/truusk.store\/sv\/#\/schema\/logo\/image\/","url":"https:\/\/i0.wp.com\/truusk.store\/wp-content\/uploads\/2026\/03\/cropped-TRUUSK.png?fit=2032%2C917&ssl=1","contentUrl":"https:\/\/i0.wp.com\/truusk.store\/wp-content\/uploads\/2026\/03\/cropped-TRUUSK.png?fit=2032%2C917&ssl=1","width":2032,"height":917,"caption":"TRUUSK - Hem, Tr\u00e4dg\u00e5rd & Fritid"},"image":{"@id":"https:\/\/truusk.store\/sv\/#\/schema\/logo\/image\/"}}]}},"jetpack_sharing_enabled":true,"_links":{"self":[{"href":"https:\/\/truusk.store\/sv\/wp-json\/wp\/v2\/product\/59732","targetHints":{"allow":["GET"]}}],"collection":[{"href":"https:\/\/truusk.store\/sv\/wp-json\/wp\/v2\/product"}],"about":[{"href":"https:\/\/truusk.store\/sv\/wp-json\/wp\/v2\/types\/product"}],"wp:featuredmedia":[{"embeddable":true,"href":"https:\/\/truusk.store\/sv\/wp-json\/wp\/v2\/media\/59723"}],"wp:attachment":[{"href":"https:\/\/truusk.store\/sv\/wp-json\/wp\/v2\/media?parent=59732"}],"wp:term":[{"taxonomy":"product_brand","embeddable":true,"href":"https:\/\/truusk.store\/sv\/wp-json\/wp\/v2\/product_brand?post=59732"},{"taxonomy":"product_cat","embeddable":true,"href":"https:\/\/truusk.store\/sv\/wp-json\/wp\/v2\/product_cat?post=59732"},{"taxonomy":"product_tag","embeddable":true,"href":"https:\/\/truusk.store\/sv\/wp-json\/wp\/v2\/product_tag?post=59732"}],"curies":[{"name":"wp","href":"https:\/\/api.w.org\/{rel}","templated":true}]}}