{"id":59782,"date":"2025-06-05T01:38:39","date_gmt":"2025-06-05T00:38:39","guid":{"rendered":"https:\/\/truusk.store\/product\/barnfordon-elektrisk-bil-lamborghini-sian-2-sits-licensierad-barnfordon-med-fjarrkontroll-musik-mp3-usb-gron\/"},"modified":"2026-03-12T09:07:29","modified_gmt":"2026-03-12T08:07:29","slug":"truusk-elektrisk-bil-lamborghini-sian-2-sits-licensierad-med-fjarrkontroll-musik-mp3-usb-gron","status":"publish","type":"product","link":"https:\/\/truusk.store\/sv\/produkt\/truusk-elektrisk-bil-lamborghini-sian-2-sits-licensierad-med-fjarrkontroll-musik-mp3-usb-gron\/","title":{"rendered":"TRUUSK Elektrisk Bil Lamborghini SIAN &#8211; 2-sits &#8211; Licensierad &#8211; Med Fj\u00e4rrkontroll &#8211; Musik (MP3\/USB) &#8211; Gr\u00f6n"},"content":{"rendered":"<p>Detta elbil fr\u00e5n TRUUSK \u00f6vertygar med sin realistiska design och integrerade prylar. Denna officiellt licensierade elbil har inte bara ett realistiskt utseende, utan k\u00f6r ocks\u00e5 med en hastighet p\u00e5 3-5 km\/h. LED-str\u00e5lkastare och bakljus, instrumentindikatorer och ett r\u00f6rligt ratt ger en autentisk k\u00f6rupplevelse. Extra breda d\u00e4ck och ett s\u00e4kerhetsb\u00e4lte ger s\u00e4kerhet under f\u00e4rden.<\/p>\n<p>Beskrivning:<\/p>\n<ul>\n<li> Realistiskt utseende p\u00e5 bilen, horn, musik, ljusa str\u00e5lkastare &amp; bakljus, och 2 bild\u00f6rrar med pneumatisk st\u00e5ng<\/li>\n<li> 2 k\u00f6rl\u00e4gen, manuell och fj\u00e4rrstyrning<\/li>\n<li> 2,4G-fj\u00e4rrkontroll ing\u00e5r<\/li>\n<li> Fungerande ratt, fram\u00e5t-\/bak\u00e5tstyrning<\/li>\n<li> F\u00f6rinstallerat musik- och multimediacenter samt USB-ing\u00e5ng, TF-kortplats och MP3-plugin-funktion<\/li>\n<li> F\u00f6r 37-60 m\u00e5nader (under tillsyn av en vuxen) med en maximal f\u00f6rarvikt p\u00e5 25 kg<\/li>\n<li> \u00c5terst\u00e5ende batteriniv\u00e5 visas<\/li>\n<li> Montering kr\u00e4vs<\/li>\n<\/ul>\n<p> Tekniska data:<\/p>\n<ul>\n<li> F\u00e4rg: Gr\u00f6n<\/li>\n<li> Material: Plast, Metall<\/li>\n<li> Totala m\u00e5tt: 108L x 62B x 40H cm<\/li>\n<li> Sitsstorlek: 31,5L x 18,5B x 22,5H cm<\/li>\n<li> Hastighet: 3-5 km\/h<\/li>\n<li> B\u00e4rkapacitet: 25 kg<\/li>\n<li> Batteri: 12V 4,5AH x 1<\/li>\n<li> Motor: 12V390(18000RPM) x 2<\/li>\n<li> Laddare: 12V\/0,5A x 1<\/li>\n<li> Rekommenderade \u00e5ldersgrupper: 37-60 m\u00e5nader<\/li>\n<li> Drifttid: 45 minuter (beroende p\u00e5 anv\u00e4ndning)<\/li>\n<li> F\u00f6rsta laddning: 8-12 timmar, regelbunden laddning: 8-12 timmar<\/li>\n<\/ul>\n<p> Leveransinneh\u00e5ll:<\/p>\n<ul>\n<li> 1 x Barnbil<\/li>\n<li> 1 x Instruktioner<\/li>\n<\/ul>\n","protected":false},"excerpt":{"rendered":"<p>Detta elbil fr\u00e5n TRUUSK \u00f6vertygar med sin realistiska design och integrerade prylar. Denna officiellt licensierade elbil har inte bara ett&#8230;<\/p>\n","protected":false},"featured_media":59773,"template":"","meta":[],"product_brand":[],"product_cat":[880,610,925],"product_tag":[],"class_list":{"0":"post-59782","1":"product","2":"type-product","3":"status-publish","4":"has-post-thumbnail","6":"product_cat-baby-barn-2","7":"product_cat-barnfordon","8":"product_cat-barns-elektriska-fordon","10":"first","11":"instock","12":"sale","13":"taxable","14":"shipping-taxable","15":"purchasable","16":"product-type-simple"},"yoast_head":"<!-- This site is optimized with the Yoast SEO plugin v25.4 - https:\/\/yoast.com\/wordpress\/plugins\/seo\/ -->\n<title>TRUUSK Elektrisk Bil Lamborghini SIAN - 2-sits - Licensierad - Med Fj\u00e4rrkontroll - Musik (MP3\/USB) - Gr\u00f6n - TRUUSK - Hem, Tr\u00e4dg\u00e5rd &amp; Fritid<\/title>\n<meta name=\"robots\" content=\"index, follow, max-snippet:-1, max-image-preview:large, max-video-preview:-1\" \/>\n<link rel=\"canonical\" href=\"https:\/\/truusk.store\/sv\/produkt\/truusk-elektrisk-bil-lamborghini-sian-2-sits-licensierad-med-fjarrkontroll-musik-mp3-usb-gron\/\" \/>\n<meta property=\"og:locale\" content=\"sv_SE\" \/>\n<meta property=\"og:type\" content=\"article\" \/>\n<meta property=\"og:title\" content=\"TRUUSK Elektrisk Bil Lamborghini SIAN - 2-sits - Licensierad - Med Fj\u00e4rrkontroll - Musik (MP3\/USB) - Gr\u00f6n - TRUUSK - Hem, Tr\u00e4dg\u00e5rd &amp; Fritid\" \/>\n<meta property=\"og:description\" content=\"Detta elbil fr\u00e5n TRUUSK \u00f6vertygar med sin realistiska design och integrerade prylar. Denna officiellt licensierade elbil har inte bara ett...\" \/>\n<meta property=\"og:url\" content=\"https:\/\/truusk.store\/sv\/produkt\/truusk-elektrisk-bil-lamborghini-sian-2-sits-licensierad-med-fjarrkontroll-musik-mp3-usb-gron\/\" \/>\n<meta property=\"og:site_name\" content=\"TRUUSK - Hem, Tr\u00e4dg\u00e5rd &amp; Fritid\" \/>\n<meta property=\"article:modified_time\" content=\"2026-03-12T08:07:29+00:00\" \/>\n<meta property=\"og:image\" content=\"https:\/\/i0.wp.com\/truusk.se\/wp-content\/uploads\/2025\/06\/barnfordon-elektrisk-bil-lamborghini-sian-2-sits-licensierad-barnfordon-med-fjarrkontroll-musik-mp3-usb-gron-1.webp?fit=2000%2C2000&ssl=1\" \/>\n\t<meta property=\"og:image:width\" content=\"2000\" \/>\n\t<meta property=\"og:image:height\" content=\"2000\" \/>\n\t<meta property=\"og:image:type\" content=\"image\/webp\" \/>\n<meta name=\"twitter:card\" content=\"summary_large_image\" \/>\n<meta name=\"twitter:label1\" content=\"Ber\u00e4knad l\u00e4stid\" \/>\n\t<meta name=\"twitter:data1\" content=\"1 minut\" \/>\n<!-- \/ Yoast SEO plugin. -->","yoast_head_json":{"title":"TRUUSK Elektrisk Bil Lamborghini SIAN - 2-sits - Licensierad - Med Fj\u00e4rrkontroll - Musik (MP3\/USB) - Gr\u00f6n - TRUUSK - Hem, Tr\u00e4dg\u00e5rd &amp; Fritid","robots":{"index":"index","follow":"follow","max-snippet":"max-snippet:-1","max-image-preview":"max-image-preview:large","max-video-preview":"max-video-preview:-1"},"canonical":"https:\/\/truusk.store\/sv\/produkt\/truusk-elektrisk-bil-lamborghini-sian-2-sits-licensierad-med-fjarrkontroll-musik-mp3-usb-gron\/","og_locale":"sv_SE","og_type":"article","og_title":"TRUUSK Elektrisk Bil Lamborghini SIAN - 2-sits - Licensierad - Med Fj\u00e4rrkontroll - Musik (MP3\/USB) - Gr\u00f6n - TRUUSK - Hem, Tr\u00e4dg\u00e5rd &amp; Fritid","og_description":"Detta elbil fr\u00e5n TRUUSK \u00f6vertygar med sin realistiska design och integrerade prylar. Denna officiellt licensierade elbil har inte bara ett...","og_url":"https:\/\/truusk.store\/sv\/produkt\/truusk-elektrisk-bil-lamborghini-sian-2-sits-licensierad-med-fjarrkontroll-musik-mp3-usb-gron\/","og_site_name":"TRUUSK - Hem, Tr\u00e4dg\u00e5rd &amp; Fritid","article_modified_time":"2026-03-12T08:07:29+00:00","og_image":[{"width":2000,"height":2000,"url":"https:\/\/i0.wp.com\/truusk.se\/wp-content\/uploads\/2025\/06\/barnfordon-elektrisk-bil-lamborghini-sian-2-sits-licensierad-barnfordon-med-fjarrkontroll-musik-mp3-usb-gron-1.webp?fit=2000%2C2000&ssl=1","type":"image\/webp"}],"twitter_card":"summary_large_image","twitter_misc":{"Ber\u00e4knad l\u00e4stid":"1 minut"},"schema":{"@context":"https:\/\/schema.org","@graph":[{"@type":"WebPage","@id":"https:\/\/truusk.store\/sv\/produkt\/truusk-elektrisk-bil-lamborghini-sian-2-sits-licensierad-med-fjarrkontroll-musik-mp3-usb-gron\/","url":"https:\/\/truusk.store\/sv\/produkt\/truusk-elektrisk-bil-lamborghini-sian-2-sits-licensierad-med-fjarrkontroll-musik-mp3-usb-gron\/","name":"TRUUSK Elektrisk Bil Lamborghini SIAN - 2-sits - Licensierad - Med Fj\u00e4rrkontroll - Musik (MP3\/USB) - Gr\u00f6n - TRUUSK - Hem, Tr\u00e4dg\u00e5rd &amp; Fritid","isPartOf":{"@id":"https:\/\/truusk.store\/sv\/#website"},"primaryImageOfPage":{"@id":"https:\/\/truusk.store\/sv\/produkt\/truusk-elektrisk-bil-lamborghini-sian-2-sits-licensierad-med-fjarrkontroll-musik-mp3-usb-gron\/#primaryimage"},"image":{"@id":"https:\/\/truusk.store\/sv\/produkt\/truusk-elektrisk-bil-lamborghini-sian-2-sits-licensierad-med-fjarrkontroll-musik-mp3-usb-gron\/#primaryimage"},"thumbnailUrl":"https:\/\/i0.wp.com\/truusk.store\/wp-content\/uploads\/2025\/06\/barnfordon-elektrisk-bil-lamborghini-sian-2-sits-licensierad-barnfordon-med-fjarrkontroll-musik-mp3-usb-gron-1.webp?fit=2000%2C2000&ssl=1","datePublished":"2025-06-05T00:38:39+00:00","dateModified":"2026-03-12T08:07:29+00:00","breadcrumb":{"@id":"https:\/\/truusk.store\/sv\/produkt\/truusk-elektrisk-bil-lamborghini-sian-2-sits-licensierad-med-fjarrkontroll-musik-mp3-usb-gron\/#breadcrumb"},"inLanguage":"sv-SE","potentialAction":[{"@type":"ReadAction","target":["https:\/\/truusk.store\/sv\/produkt\/truusk-elektrisk-bil-lamborghini-sian-2-sits-licensierad-med-fjarrkontroll-musik-mp3-usb-gron\/"]}]},{"@type":"ImageObject","inLanguage":"sv-SE","@id":"https:\/\/truusk.store\/sv\/produkt\/truusk-elektrisk-bil-lamborghini-sian-2-sits-licensierad-med-fjarrkontroll-musik-mp3-usb-gron\/#primaryimage","url":"https:\/\/i0.wp.com\/truusk.store\/wp-content\/uploads\/2025\/06\/barnfordon-elektrisk-bil-lamborghini-sian-2-sits-licensierad-barnfordon-med-fjarrkontroll-musik-mp3-usb-gron-1.webp?fit=2000%2C2000&ssl=1","contentUrl":"https:\/\/i0.wp.com\/truusk.store\/wp-content\/uploads\/2025\/06\/barnfordon-elektrisk-bil-lamborghini-sian-2-sits-licensierad-barnfordon-med-fjarrkontroll-musik-mp3-usb-gron-1.webp?fit=2000%2C2000&ssl=1","width":2000,"height":2000},{"@type":"BreadcrumbList","@id":"https:\/\/truusk.store\/sv\/produkt\/truusk-elektrisk-bil-lamborghini-sian-2-sits-licensierad-med-fjarrkontroll-musik-mp3-usb-gron\/#breadcrumb","itemListElement":[{"@type":"ListItem","position":1,"name":"Home","item":"https:\/\/truusk.store\/sv\/"},{"@type":"ListItem","position":2,"name":"Shop","item":"https:\/\/truusk.store\/shop\/"},{"@type":"ListItem","position":3,"name":"TRUUSK Elektrisk Bil Lamborghini SIAN &#8211; 2-sits &#8211; Licensierad &#8211; Med Fj\u00e4rrkontroll &#8211; Musik (MP3\/USB) &#8211; Gr\u00f6n"}]},{"@type":"WebSite","@id":"https:\/\/truusk.store\/sv\/#website","url":"https:\/\/truusk.store\/sv\/","name":"TRUUSK - Hem, Tr\u00e4dg\u00e5rd & Fritid","description":"","publisher":{"@id":"https:\/\/truusk.store\/sv\/#organization"},"potentialAction":[{"@type":"SearchAction","target":{"@type":"EntryPoint","urlTemplate":"https:\/\/truusk.store\/sv\/?s={search_term_string}"},"query-input":{"@type":"PropertyValueSpecification","valueRequired":true,"valueName":"search_term_string"}}],"inLanguage":"sv-SE"},{"@type":"Organization","@id":"https:\/\/truusk.store\/sv\/#organization","name":"TRUUSK - Hem, Tr\u00e4dg\u00e5rd & Fritid","url":"https:\/\/truusk.store\/sv\/","logo":{"@type":"ImageObject","inLanguage":"sv-SE","@id":"https:\/\/truusk.store\/sv\/#\/schema\/logo\/image\/","url":"https:\/\/i0.wp.com\/truusk.store\/wp-content\/uploads\/2026\/03\/cropped-TRUUSK.png?fit=2032%2C917&ssl=1","contentUrl":"https:\/\/i0.wp.com\/truusk.store\/wp-content\/uploads\/2026\/03\/cropped-TRUUSK.png?fit=2032%2C917&ssl=1","width":2032,"height":917,"caption":"TRUUSK - Hem, Tr\u00e4dg\u00e5rd & Fritid"},"image":{"@id":"https:\/\/truusk.store\/sv\/#\/schema\/logo\/image\/"}}]}},"jetpack_sharing_enabled":true,"_links":{"self":[{"href":"https:\/\/truusk.store\/sv\/wp-json\/wp\/v2\/product\/59782","targetHints":{"allow":["GET"]}}],"collection":[{"href":"https:\/\/truusk.store\/sv\/wp-json\/wp\/v2\/product"}],"about":[{"href":"https:\/\/truusk.store\/sv\/wp-json\/wp\/v2\/types\/product"}],"wp:featuredmedia":[{"embeddable":true,"href":"https:\/\/truusk.store\/sv\/wp-json\/wp\/v2\/media\/59773"}],"wp:attachment":[{"href":"https:\/\/truusk.store\/sv\/wp-json\/wp\/v2\/media?parent=59782"}],"wp:term":[{"taxonomy":"product_brand","embeddable":true,"href":"https:\/\/truusk.store\/sv\/wp-json\/wp\/v2\/product_brand?post=59782"},{"taxonomy":"product_cat","embeddable":true,"href":"https:\/\/truusk.store\/sv\/wp-json\/wp\/v2\/product_cat?post=59782"},{"taxonomy":"product_tag","embeddable":true,"href":"https:\/\/truusk.store\/sv\/wp-json\/wp\/v2\/product_tag?post=59782"}],"curies":[{"name":"wp","href":"https:\/\/api.w.org\/{rel}","templated":true}]}}