{"id":59832,"date":"2025-06-05T01:43:35","date_gmt":"2025-06-05T00:43:35","guid":{"rendered":"https:\/\/truusk.store\/product\/sovrum-bank-med-forvaring-och-traben-hog-stabilitet-teddy-fleece-120-kg-barkapacitet-116x41x405-cm-kramvit\/"},"modified":"2026-03-12T09:41:16","modified_gmt":"2026-03-12T08:41:16","slug":"truusk-sovrumsbank-med-forvaring-och-traben-teddyfleece-hog-stabilitet-120-kg-barkapacitet-116x41x405-cm-kramvit","status":"publish","type":"product","link":"https:\/\/truusk.store\/sv\/produkt\/truusk-sovrumsbank-med-forvaring-och-traben-teddyfleece-hog-stabilitet-120-kg-barkapacitet-116x41x405-cm-kramvit\/","title":{"rendered":"TRUUSK Sovrumsb\u00e4nk med f\u00f6rvaring och tr\u00e4ben &#8211; Teddyfleece &#8211; H\u00f6g stabilitet &#8211; 120 kg b\u00e4rkapacitet &#8211; 116x41x40,5 cm &#8211; Kr\u00e4mvit"},"content":{"rendered":"<p>Beh\u00f6ver du extra f\u00f6rvaringsutrymme och vill samtidigt s\u00e4tta en stilfull accent i ditt hem? Den stoppade TRUUSK s\u00e4ngb\u00e4nken \u00e4r den perfekta l\u00f6sningen. Dess eleganta design harmoniserar med alla inredningsstilar och erbjuder dina g\u00e4ster en extra sittplats. Under sittytan p\u00e5 kistb\u00e4nken finns praktiskt f\u00f6rvaringsutrymme f\u00f6r saker som annars inte hittar n\u00e5gon plats, som extra filtar eller handdukar. F\u00f6rvandla ditt hem till ett riktigt hem med TRUUSK.<\/p>\n<p>Beskrivning:<\/p>\n<ul>\n<li> Tjock skumstoppning med ett teddyfleece\u00f6verdrag garanterar en bekv\u00e4m sittupplevelse<\/li>\n<li> M\u00e5ngsidigt anv\u00e4ndbar som s\u00e4ngb\u00e4nk vid fot\u00e4ndan av en dubbels\u00e4ng, som f\u00f6nsterb\u00e4nk eller som hallb\u00e4nk<\/li>\n<li> Under s\u00e4tet dold f\u00f6rvaring erbjuder plats f\u00f6r olika f\u00f6rem\u00e5l<\/li>\n<li> Solid tr\u00e4ram inuti stoppb\u00e4nken garanterar h\u00f6g stabilitet<\/li>\n<li> Plastf\u00f6tter skyddar ditt golv fr\u00e5n repor<\/li>\n<li> Ingen montering kr\u00e4vs<\/li>\n<\/ul>\n<p>Tekniska data:<\/p>\n<ul>\n<li> F\u00e4rg: Kr\u00e4mvit<\/li>\n<li> Material: Teddyfleece (100% polyester), skum, eukalyptustr\u00e4<\/li>\n<li> Totala dimensioner: 116L x 41B x 40,5H cm<\/li>\n<li> F\u00f6rvaringsstorlek: 105L x 29B x 30H cm<\/li>\n<li> B\u00e4rkapacitet: 120 kg<\/li>\n<\/ul>\n<p>Leveransinneh\u00e5ll:<\/p>\n<ul>\n<li> 1 x F\u00f6rvaringsb\u00e4nk<\/li>\n<li> 1 x Handbok<\/li>\n<\/ul>\n","protected":false},"excerpt":{"rendered":"<p>Beh\u00f6ver du extra f\u00f6rvaringsutrymme och vill samtidigt s\u00e4tta en stilfull accent i ditt hem? Den stoppade TRUUSK s\u00e4ngb\u00e4nken \u00e4r den&#8230;<\/p>\n","protected":false},"featured_media":59823,"template":"","meta":[],"product_brand":[],"product_cat":[936,897,540],"product_tag":[],"class_list":{"0":"post-59832","1":"product","2":"type-product","3":"status-publish","4":"has-post-thumbnail","6":"product_cat-hem-boende","7":"product_cat-sovrum","8":"product_cat-stoppade-bankar","10":"first","11":"instock","12":"sale","13":"taxable","14":"shipping-taxable","15":"purchasable","16":"product-type-simple"},"yoast_head":"<!-- This site is optimized with the Yoast SEO plugin v25.4 - https:\/\/yoast.com\/wordpress\/plugins\/seo\/ -->\n<title>TRUUSK Sovrumsb\u00e4nk med f\u00f6rvaring och tr\u00e4ben - Teddyfleece - H\u00f6g stabilitet - 120 kg b\u00e4rkapacitet - 116x41x40,5 cm - Kr\u00e4mvit - TRUUSK - Hem, Tr\u00e4dg\u00e5rd &amp; Fritid<\/title>\n<meta name=\"robots\" content=\"index, follow, max-snippet:-1, max-image-preview:large, max-video-preview:-1\" \/>\n<link rel=\"canonical\" href=\"https:\/\/truusk.store\/sv\/produkt\/truusk-sovrumsbank-med-forvaring-och-traben-teddyfleece-hog-stabilitet-120-kg-barkapacitet-116x41x405-cm-kramvit\/\" \/>\n<meta property=\"og:locale\" content=\"sv_SE\" \/>\n<meta property=\"og:type\" content=\"article\" \/>\n<meta property=\"og:title\" content=\"TRUUSK Sovrumsb\u00e4nk med f\u00f6rvaring och tr\u00e4ben - Teddyfleece - H\u00f6g stabilitet - 120 kg b\u00e4rkapacitet - 116x41x40,5 cm - Kr\u00e4mvit - TRUUSK - Hem, Tr\u00e4dg\u00e5rd &amp; Fritid\" \/>\n<meta property=\"og:description\" content=\"Beh\u00f6ver du extra f\u00f6rvaringsutrymme och vill samtidigt s\u00e4tta en stilfull accent i ditt hem? Den stoppade TRUUSK s\u00e4ngb\u00e4nken \u00e4r den...\" \/>\n<meta property=\"og:url\" content=\"https:\/\/truusk.store\/sv\/produkt\/truusk-sovrumsbank-med-forvaring-och-traben-teddyfleece-hog-stabilitet-120-kg-barkapacitet-116x41x405-cm-kramvit\/\" \/>\n<meta property=\"og:site_name\" content=\"TRUUSK - Hem, Tr\u00e4dg\u00e5rd &amp; Fritid\" \/>\n<meta property=\"article:modified_time\" content=\"2026-03-12T08:41:16+00:00\" \/>\n<meta property=\"og:image\" content=\"https:\/\/i0.wp.com\/truusk.se\/wp-content\/uploads\/2025\/06\/sovrum-bank-med-forvaring-och-traben-hog-stabilitet-teddy-fleece-120-kg-barkapacitet-116x41x405-cm-kramvit-1.webp?fit=2000%2C2000&ssl=1\" \/>\n\t<meta property=\"og:image:width\" content=\"2000\" \/>\n\t<meta property=\"og:image:height\" content=\"2000\" \/>\n\t<meta property=\"og:image:type\" content=\"image\/webp\" \/>\n<meta name=\"twitter:card\" content=\"summary_large_image\" \/>\n<meta name=\"twitter:label1\" content=\"Ber\u00e4knad l\u00e4stid\" \/>\n\t<meta name=\"twitter:data1\" content=\"1 minut\" \/>\n<!-- \/ Yoast SEO plugin. -->","yoast_head_json":{"title":"TRUUSK Sovrumsb\u00e4nk med f\u00f6rvaring och tr\u00e4ben - Teddyfleece - H\u00f6g stabilitet - 120 kg b\u00e4rkapacitet - 116x41x40,5 cm - Kr\u00e4mvit - TRUUSK - Hem, Tr\u00e4dg\u00e5rd &amp; Fritid","robots":{"index":"index","follow":"follow","max-snippet":"max-snippet:-1","max-image-preview":"max-image-preview:large","max-video-preview":"max-video-preview:-1"},"canonical":"https:\/\/truusk.store\/sv\/produkt\/truusk-sovrumsbank-med-forvaring-och-traben-teddyfleece-hog-stabilitet-120-kg-barkapacitet-116x41x405-cm-kramvit\/","og_locale":"sv_SE","og_type":"article","og_title":"TRUUSK Sovrumsb\u00e4nk med f\u00f6rvaring och tr\u00e4ben - Teddyfleece - H\u00f6g stabilitet - 120 kg b\u00e4rkapacitet - 116x41x40,5 cm - Kr\u00e4mvit - TRUUSK - Hem, Tr\u00e4dg\u00e5rd &amp; Fritid","og_description":"Beh\u00f6ver du extra f\u00f6rvaringsutrymme och vill samtidigt s\u00e4tta en stilfull accent i ditt hem? Den stoppade TRUUSK s\u00e4ngb\u00e4nken \u00e4r den...","og_url":"https:\/\/truusk.store\/sv\/produkt\/truusk-sovrumsbank-med-forvaring-och-traben-teddyfleece-hog-stabilitet-120-kg-barkapacitet-116x41x405-cm-kramvit\/","og_site_name":"TRUUSK - Hem, Tr\u00e4dg\u00e5rd &amp; Fritid","article_modified_time":"2026-03-12T08:41:16+00:00","og_image":[{"width":2000,"height":2000,"url":"https:\/\/i0.wp.com\/truusk.se\/wp-content\/uploads\/2025\/06\/sovrum-bank-med-forvaring-och-traben-hog-stabilitet-teddy-fleece-120-kg-barkapacitet-116x41x405-cm-kramvit-1.webp?fit=2000%2C2000&ssl=1","type":"image\/webp"}],"twitter_card":"summary_large_image","twitter_misc":{"Ber\u00e4knad l\u00e4stid":"1 minut"},"schema":{"@context":"https:\/\/schema.org","@graph":[{"@type":"WebPage","@id":"https:\/\/truusk.store\/sv\/produkt\/truusk-sovrumsbank-med-forvaring-och-traben-teddyfleece-hog-stabilitet-120-kg-barkapacitet-116x41x405-cm-kramvit\/","url":"https:\/\/truusk.store\/sv\/produkt\/truusk-sovrumsbank-med-forvaring-och-traben-teddyfleece-hog-stabilitet-120-kg-barkapacitet-116x41x405-cm-kramvit\/","name":"TRUUSK Sovrumsb\u00e4nk med f\u00f6rvaring och tr\u00e4ben - Teddyfleece - H\u00f6g stabilitet - 120 kg b\u00e4rkapacitet - 116x41x40,5 cm - Kr\u00e4mvit - TRUUSK - Hem, Tr\u00e4dg\u00e5rd &amp; Fritid","isPartOf":{"@id":"https:\/\/truusk.store\/sv\/#website"},"primaryImageOfPage":{"@id":"https:\/\/truusk.store\/sv\/produkt\/truusk-sovrumsbank-med-forvaring-och-traben-teddyfleece-hog-stabilitet-120-kg-barkapacitet-116x41x405-cm-kramvit\/#primaryimage"},"image":{"@id":"https:\/\/truusk.store\/sv\/produkt\/truusk-sovrumsbank-med-forvaring-och-traben-teddyfleece-hog-stabilitet-120-kg-barkapacitet-116x41x405-cm-kramvit\/#primaryimage"},"thumbnailUrl":"https:\/\/i0.wp.com\/truusk.store\/wp-content\/uploads\/2025\/06\/sovrum-bank-med-forvaring-och-traben-hog-stabilitet-teddy-fleece-120-kg-barkapacitet-116x41x405-cm-kramvit-1.webp?fit=2000%2C2000&ssl=1","datePublished":"2025-06-05T00:43:35+00:00","dateModified":"2026-03-12T08:41:16+00:00","breadcrumb":{"@id":"https:\/\/truusk.store\/sv\/produkt\/truusk-sovrumsbank-med-forvaring-och-traben-teddyfleece-hog-stabilitet-120-kg-barkapacitet-116x41x405-cm-kramvit\/#breadcrumb"},"inLanguage":"sv-SE","potentialAction":[{"@type":"ReadAction","target":["https:\/\/truusk.store\/sv\/produkt\/truusk-sovrumsbank-med-forvaring-och-traben-teddyfleece-hog-stabilitet-120-kg-barkapacitet-116x41x405-cm-kramvit\/"]}]},{"@type":"ImageObject","inLanguage":"sv-SE","@id":"https:\/\/truusk.store\/sv\/produkt\/truusk-sovrumsbank-med-forvaring-och-traben-teddyfleece-hog-stabilitet-120-kg-barkapacitet-116x41x405-cm-kramvit\/#primaryimage","url":"https:\/\/i0.wp.com\/truusk.store\/wp-content\/uploads\/2025\/06\/sovrum-bank-med-forvaring-och-traben-hog-stabilitet-teddy-fleece-120-kg-barkapacitet-116x41x405-cm-kramvit-1.webp?fit=2000%2C2000&ssl=1","contentUrl":"https:\/\/i0.wp.com\/truusk.store\/wp-content\/uploads\/2025\/06\/sovrum-bank-med-forvaring-och-traben-hog-stabilitet-teddy-fleece-120-kg-barkapacitet-116x41x405-cm-kramvit-1.webp?fit=2000%2C2000&ssl=1","width":2000,"height":2000},{"@type":"BreadcrumbList","@id":"https:\/\/truusk.store\/sv\/produkt\/truusk-sovrumsbank-med-forvaring-och-traben-teddyfleece-hog-stabilitet-120-kg-barkapacitet-116x41x405-cm-kramvit\/#breadcrumb","itemListElement":[{"@type":"ListItem","position":1,"name":"Home","item":"https:\/\/truusk.store\/sv\/"},{"@type":"ListItem","position":2,"name":"Shop","item":"https:\/\/truusk.store\/shop\/"},{"@type":"ListItem","position":3,"name":"TRUUSK Sovrumsb\u00e4nk med f\u00f6rvaring och tr\u00e4ben &#8211; Teddyfleece &#8211; H\u00f6g stabilitet &#8211; 120 kg b\u00e4rkapacitet &#8211; 116x41x40,5 cm &#8211; Kr\u00e4mvit"}]},{"@type":"WebSite","@id":"https:\/\/truusk.store\/sv\/#website","url":"https:\/\/truusk.store\/sv\/","name":"TRUUSK - Hem, Tr\u00e4dg\u00e5rd & Fritid","description":"","publisher":{"@id":"https:\/\/truusk.store\/sv\/#organization"},"potentialAction":[{"@type":"SearchAction","target":{"@type":"EntryPoint","urlTemplate":"https:\/\/truusk.store\/sv\/?s={search_term_string}"},"query-input":{"@type":"PropertyValueSpecification","valueRequired":true,"valueName":"search_term_string"}}],"inLanguage":"sv-SE"},{"@type":"Organization","@id":"https:\/\/truusk.store\/sv\/#organization","name":"TRUUSK - Hem, Tr\u00e4dg\u00e5rd & Fritid","url":"https:\/\/truusk.store\/sv\/","logo":{"@type":"ImageObject","inLanguage":"sv-SE","@id":"https:\/\/truusk.store\/sv\/#\/schema\/logo\/image\/","url":"https:\/\/i0.wp.com\/truusk.store\/wp-content\/uploads\/2026\/03\/cropped-TRUUSK.png?fit=2032%2C917&ssl=1","contentUrl":"https:\/\/i0.wp.com\/truusk.store\/wp-content\/uploads\/2026\/03\/cropped-TRUUSK.png?fit=2032%2C917&ssl=1","width":2032,"height":917,"caption":"TRUUSK - Hem, Tr\u00e4dg\u00e5rd & Fritid"},"image":{"@id":"https:\/\/truusk.store\/sv\/#\/schema\/logo\/image\/"}}]}},"jetpack_sharing_enabled":true,"_links":{"self":[{"href":"https:\/\/truusk.store\/sv\/wp-json\/wp\/v2\/product\/59832","targetHints":{"allow":["GET"]}}],"collection":[{"href":"https:\/\/truusk.store\/sv\/wp-json\/wp\/v2\/product"}],"about":[{"href":"https:\/\/truusk.store\/sv\/wp-json\/wp\/v2\/types\/product"}],"wp:featuredmedia":[{"embeddable":true,"href":"https:\/\/truusk.store\/sv\/wp-json\/wp\/v2\/media\/59823"}],"wp:attachment":[{"href":"https:\/\/truusk.store\/sv\/wp-json\/wp\/v2\/media?parent=59832"}],"wp:term":[{"taxonomy":"product_brand","embeddable":true,"href":"https:\/\/truusk.store\/sv\/wp-json\/wp\/v2\/product_brand?post=59832"},{"taxonomy":"product_cat","embeddable":true,"href":"https:\/\/truusk.store\/sv\/wp-json\/wp\/v2\/product_cat?post=59832"},{"taxonomy":"product_tag","embeddable":true,"href":"https:\/\/truusk.store\/sv\/wp-json\/wp\/v2\/product_tag?post=59832"}],"curies":[{"name":"wp","href":"https:\/\/api.w.org\/{rel}","templated":true}]}}