{"id":59842,"date":"2025-06-05T01:44:44","date_gmt":"2025-06-05T00:44:44","guid":{"rendered":"https:\/\/truusk.store\/product\/badrumsspegel-led-50-x-70-cm-med-3-ljusfarger-och-touch-brytare-ip44-automatisk-anti-imma-minnesfunktion-hardat-glas-silver\/"},"modified":"2026-03-12T09:34:23","modified_gmt":"2026-03-12T08:34:23","slug":"truusk-badrumsspegel-led-50x70-cm-3-ljusfarger-touch-brytare-anti-imma-hardat-glas-silver","status":"publish","type":"product","link":"https:\/\/truusk.store\/sv\/produkt\/truusk-badrumsspegel-led-50x70-cm-3-ljusfarger-touch-brytare-anti-imma-hardat-glas-silver\/","title":{"rendered":"TRUUSK Badrumsspegel LED 50&#215;70 cm &#8211; 3 Ljusf\u00e4rger &#8211; Touch-brytare &#8211; Anti-imma &#8211; H\u00e4rdat Glas &#8211; Silver"},"content":{"rendered":"<p>Med TRUUSK badrumsspegeln ger du ditt badrum en designuppgradering och underl\u00e4ttar din dagliga sk\u00f6nhetsrutin. Den integrerade LED-belysningen aktiveras enkelt med en touch-knapp, d\u00e4r du kan justera intensiteten efter behov och spara din f\u00f6redragna ljusstyrka. Tack vare anti-dimfunktionen f\u00f6rblir WC-spegeln klar \u00e4ven efter en l\u00e5ng, het dusch, s\u00e5 att du slipper st\u00e4dning &#8211; en perfekt kombination av stil och funktionalitet!<\/p>\n<p>Beskrivning:<\/p>\n<ul>\n<li> Enkel att anv\u00e4nda touch-knapp f\u00f6r enkel anv\u00e4ndning<\/li>\n<li> Justerbar LED-belysning med tre ljusstyrkeniv\u00e5er: Varmvitt (3000K), Naturvitt (4500K) och Kallvitt (6500K)<\/li>\n<li> Anti-dim badrumsspegel med automatisk avst\u00e4ngning efter 30 minuter f\u00f6r energibesparing<\/li>\n<li> Minnesfunktion som beh\u00e5ller de senast anv\u00e4nda inst\u00e4llningarna<\/li>\n<li> IP44-skyddsniv\u00e5 skyddar badrumsspegeln mot st\u00e4nkvatten och fukt f\u00f6r en l\u00e5ng livsl\u00e4ngd<\/li>\n<li> H\u00e4rdat glas med silverbel\u00e4ggning och kopparfritt design, f\u00f6r h\u00f6g uppl\u00f6sning, ingen explosion, ingen oxidation<\/li>\n<li> V\u00e4ggmontering &#8211; LED badrumsspegel kan monteras horisontellt eller vertikalt f\u00f6r flexibilitet<\/li>\n<li> Kr\u00e4ver professionell installation genom kabeldragning<\/li>\n<\/ul>\n<p>Tekniska data:<\/p>\n<ul>\n<li> F\u00e4rg: Silver<\/li>\n<li> Material: H\u00e4rdat glas<\/li>\n<li> Totala m\u00e5tt: 50L x 4B x 70H cm<\/li>\n<li> M\u00e5tt p\u00e5 dimfritt omr\u00e5de: 20L x 30H cm<\/li>\n<li> Kabell\u00e4ngd: 0,45 m<\/li>\n<li> Ljus temperatur: 3000K, 4500K, 6500K<\/li>\n<li> Lumen: 5328 Lm<\/li>\n<li> Effekt: Total 35W, Ljus 21W<\/li>\n<li> Ing\u00e5ngssp\u00e4nning: 220-240V, 50\/60Hz<\/li>\n<li> Utg\u00e5ngssp\u00e4nning: DC 12V \/ 1,75A \/ 25W<\/li>\n<li> IP-klass: IP44<\/li>\n<\/ul>\n<p>Leveransinneh\u00e5ll:<\/p>\n<ul>\n<li> 1 x Badrumsspegel<\/li>\n<li> 1 x Handbok<\/li>\n<li> 1 x Skruvset<\/li>\n<li> 1 x Anslutningsbox<\/li>\n<\/ul>\n","protected":false},"excerpt":{"rendered":"<p>Med TRUUSK badrumsspegeln ger du ditt badrum en designuppgradering och underl\u00e4ttar din dagliga sk\u00f6nhetsrutin. Den integrerade LED-belysningen aktiveras enkelt med&#8230;<\/p>\n","protected":false},"featured_media":59833,"template":"","meta":[],"product_brand":[],"product_cat":[915,969,871],"product_tag":[],"class_list":{"0":"post-59842","1":"product","2":"type-product","3":"status-publish","4":"has-post-thumbnail","6":"product_cat-badrum","7":"product_cat-badrumsspegel","8":"product_cat-hus-hem","10":"first","11":"instock","12":"sale","13":"taxable","14":"shipping-taxable","15":"purchasable","16":"product-type-simple"},"yoast_head":"<!-- This site is optimized with the Yoast SEO plugin v25.4 - https:\/\/yoast.com\/wordpress\/plugins\/seo\/ -->\n<title>TRUUSK Badrumsspegel LED 50x70 cm - 3 Ljusf\u00e4rger - Touch-brytare - Anti-imma - H\u00e4rdat Glas - Silver - TRUUSK - Hem, Tr\u00e4dg\u00e5rd &amp; Fritid<\/title>\n<meta name=\"robots\" content=\"index, follow, max-snippet:-1, max-image-preview:large, max-video-preview:-1\" \/>\n<link rel=\"canonical\" href=\"https:\/\/truusk.store\/sv\/produkt\/truusk-badrumsspegel-led-50x70-cm-3-ljusfarger-touch-brytare-anti-imma-hardat-glas-silver\/\" \/>\n<meta property=\"og:locale\" content=\"sv_SE\" \/>\n<meta property=\"og:type\" content=\"article\" \/>\n<meta property=\"og:title\" content=\"TRUUSK Badrumsspegel LED 50x70 cm - 3 Ljusf\u00e4rger - Touch-brytare - Anti-imma - H\u00e4rdat Glas - Silver - TRUUSK - Hem, Tr\u00e4dg\u00e5rd &amp; Fritid\" \/>\n<meta property=\"og:description\" content=\"Med TRUUSK badrumsspegeln ger du ditt badrum en designuppgradering och underl\u00e4ttar din dagliga sk\u00f6nhetsrutin. Den integrerade LED-belysningen aktiveras enkelt med...\" \/>\n<meta property=\"og:url\" content=\"https:\/\/truusk.store\/sv\/produkt\/truusk-badrumsspegel-led-50x70-cm-3-ljusfarger-touch-brytare-anti-imma-hardat-glas-silver\/\" \/>\n<meta property=\"og:site_name\" content=\"TRUUSK - Hem, Tr\u00e4dg\u00e5rd &amp; Fritid\" \/>\n<meta property=\"article:modified_time\" content=\"2026-03-12T08:34:23+00:00\" \/>\n<meta property=\"og:image\" content=\"https:\/\/i0.wp.com\/truusk.se\/wp-content\/uploads\/2025\/06\/badrumsspegel-led-50-x-70-cm-med-3-ljusfarger-och-touch-brytare-ip44-automatisk-anti-imma-minnesfunktion-hardat-glas-silver-1.webp?fit=2000%2C2000&ssl=1\" \/>\n\t<meta property=\"og:image:width\" content=\"2000\" \/>\n\t<meta property=\"og:image:height\" content=\"2000\" \/>\n\t<meta property=\"og:image:type\" content=\"image\/webp\" \/>\n<meta name=\"twitter:card\" content=\"summary_large_image\" \/>\n<meta name=\"twitter:label1\" content=\"Ber\u00e4knad l\u00e4stid\" \/>\n\t<meta name=\"twitter:data1\" content=\"1 minut\" \/>\n<!-- \/ Yoast SEO plugin. -->","yoast_head_json":{"title":"TRUUSK Badrumsspegel LED 50x70 cm - 3 Ljusf\u00e4rger - Touch-brytare - Anti-imma - H\u00e4rdat Glas - Silver - TRUUSK - Hem, Tr\u00e4dg\u00e5rd &amp; Fritid","robots":{"index":"index","follow":"follow","max-snippet":"max-snippet:-1","max-image-preview":"max-image-preview:large","max-video-preview":"max-video-preview:-1"},"canonical":"https:\/\/truusk.store\/sv\/produkt\/truusk-badrumsspegel-led-50x70-cm-3-ljusfarger-touch-brytare-anti-imma-hardat-glas-silver\/","og_locale":"sv_SE","og_type":"article","og_title":"TRUUSK Badrumsspegel LED 50x70 cm - 3 Ljusf\u00e4rger - Touch-brytare - Anti-imma - H\u00e4rdat Glas - Silver - TRUUSK - Hem, Tr\u00e4dg\u00e5rd &amp; Fritid","og_description":"Med TRUUSK badrumsspegeln ger du ditt badrum en designuppgradering och underl\u00e4ttar din dagliga sk\u00f6nhetsrutin. Den integrerade LED-belysningen aktiveras enkelt med...","og_url":"https:\/\/truusk.store\/sv\/produkt\/truusk-badrumsspegel-led-50x70-cm-3-ljusfarger-touch-brytare-anti-imma-hardat-glas-silver\/","og_site_name":"TRUUSK - Hem, Tr\u00e4dg\u00e5rd &amp; Fritid","article_modified_time":"2026-03-12T08:34:23+00:00","og_image":[{"width":2000,"height":2000,"url":"https:\/\/i0.wp.com\/truusk.se\/wp-content\/uploads\/2025\/06\/badrumsspegel-led-50-x-70-cm-med-3-ljusfarger-och-touch-brytare-ip44-automatisk-anti-imma-minnesfunktion-hardat-glas-silver-1.webp?fit=2000%2C2000&ssl=1","type":"image\/webp"}],"twitter_card":"summary_large_image","twitter_misc":{"Ber\u00e4knad l\u00e4stid":"1 minut"},"schema":{"@context":"https:\/\/schema.org","@graph":[{"@type":"WebPage","@id":"https:\/\/truusk.store\/sv\/produkt\/truusk-badrumsspegel-led-50x70-cm-3-ljusfarger-touch-brytare-anti-imma-hardat-glas-silver\/","url":"https:\/\/truusk.store\/sv\/produkt\/truusk-badrumsspegel-led-50x70-cm-3-ljusfarger-touch-brytare-anti-imma-hardat-glas-silver\/","name":"TRUUSK Badrumsspegel LED 50x70 cm - 3 Ljusf\u00e4rger - Touch-brytare - Anti-imma - H\u00e4rdat Glas - Silver - TRUUSK - Hem, Tr\u00e4dg\u00e5rd &amp; Fritid","isPartOf":{"@id":"https:\/\/truusk.store\/sv\/#website"},"primaryImageOfPage":{"@id":"https:\/\/truusk.store\/sv\/produkt\/truusk-badrumsspegel-led-50x70-cm-3-ljusfarger-touch-brytare-anti-imma-hardat-glas-silver\/#primaryimage"},"image":{"@id":"https:\/\/truusk.store\/sv\/produkt\/truusk-badrumsspegel-led-50x70-cm-3-ljusfarger-touch-brytare-anti-imma-hardat-glas-silver\/#primaryimage"},"thumbnailUrl":"https:\/\/i0.wp.com\/truusk.store\/wp-content\/uploads\/2025\/06\/badrumsspegel-led-50-x-70-cm-med-3-ljusfarger-och-touch-brytare-ip44-automatisk-anti-imma-minnesfunktion-hardat-glas-silver-1.webp?fit=2000%2C2000&ssl=1","datePublished":"2025-06-05T00:44:44+00:00","dateModified":"2026-03-12T08:34:23+00:00","breadcrumb":{"@id":"https:\/\/truusk.store\/sv\/produkt\/truusk-badrumsspegel-led-50x70-cm-3-ljusfarger-touch-brytare-anti-imma-hardat-glas-silver\/#breadcrumb"},"inLanguage":"sv-SE","potentialAction":[{"@type":"ReadAction","target":["https:\/\/truusk.store\/sv\/produkt\/truusk-badrumsspegel-led-50x70-cm-3-ljusfarger-touch-brytare-anti-imma-hardat-glas-silver\/"]}]},{"@type":"ImageObject","inLanguage":"sv-SE","@id":"https:\/\/truusk.store\/sv\/produkt\/truusk-badrumsspegel-led-50x70-cm-3-ljusfarger-touch-brytare-anti-imma-hardat-glas-silver\/#primaryimage","url":"https:\/\/i0.wp.com\/truusk.store\/wp-content\/uploads\/2025\/06\/badrumsspegel-led-50-x-70-cm-med-3-ljusfarger-och-touch-brytare-ip44-automatisk-anti-imma-minnesfunktion-hardat-glas-silver-1.webp?fit=2000%2C2000&ssl=1","contentUrl":"https:\/\/i0.wp.com\/truusk.store\/wp-content\/uploads\/2025\/06\/badrumsspegel-led-50-x-70-cm-med-3-ljusfarger-och-touch-brytare-ip44-automatisk-anti-imma-minnesfunktion-hardat-glas-silver-1.webp?fit=2000%2C2000&ssl=1","width":2000,"height":2000},{"@type":"BreadcrumbList","@id":"https:\/\/truusk.store\/sv\/produkt\/truusk-badrumsspegel-led-50x70-cm-3-ljusfarger-touch-brytare-anti-imma-hardat-glas-silver\/#breadcrumb","itemListElement":[{"@type":"ListItem","position":1,"name":"Home","item":"https:\/\/truusk.store\/sv\/"},{"@type":"ListItem","position":2,"name":"Shop","item":"https:\/\/truusk.store\/shop\/"},{"@type":"ListItem","position":3,"name":"TRUUSK Badrumsspegel LED 50&#215;70 cm &#8211; 3 Ljusf\u00e4rger &#8211; Touch-brytare &#8211; Anti-imma &#8211; H\u00e4rdat Glas &#8211; Silver"}]},{"@type":"WebSite","@id":"https:\/\/truusk.store\/sv\/#website","url":"https:\/\/truusk.store\/sv\/","name":"TRUUSK - Hem, Tr\u00e4dg\u00e5rd & Fritid","description":"","publisher":{"@id":"https:\/\/truusk.store\/sv\/#organization"},"potentialAction":[{"@type":"SearchAction","target":{"@type":"EntryPoint","urlTemplate":"https:\/\/truusk.store\/sv\/?s={search_term_string}"},"query-input":{"@type":"PropertyValueSpecification","valueRequired":true,"valueName":"search_term_string"}}],"inLanguage":"sv-SE"},{"@type":"Organization","@id":"https:\/\/truusk.store\/sv\/#organization","name":"TRUUSK - Hem, Tr\u00e4dg\u00e5rd & Fritid","url":"https:\/\/truusk.store\/sv\/","logo":{"@type":"ImageObject","inLanguage":"sv-SE","@id":"https:\/\/truusk.store\/sv\/#\/schema\/logo\/image\/","url":"https:\/\/i0.wp.com\/truusk.store\/wp-content\/uploads\/2026\/03\/cropped-TRUUSK.png?fit=2032%2C917&ssl=1","contentUrl":"https:\/\/i0.wp.com\/truusk.store\/wp-content\/uploads\/2026\/03\/cropped-TRUUSK.png?fit=2032%2C917&ssl=1","width":2032,"height":917,"caption":"TRUUSK - Hem, Tr\u00e4dg\u00e5rd & Fritid"},"image":{"@id":"https:\/\/truusk.store\/sv\/#\/schema\/logo\/image\/"}}]}},"jetpack_sharing_enabled":true,"_links":{"self":[{"href":"https:\/\/truusk.store\/sv\/wp-json\/wp\/v2\/product\/59842","targetHints":{"allow":["GET"]}}],"collection":[{"href":"https:\/\/truusk.store\/sv\/wp-json\/wp\/v2\/product"}],"about":[{"href":"https:\/\/truusk.store\/sv\/wp-json\/wp\/v2\/types\/product"}],"wp:featuredmedia":[{"embeddable":true,"href":"https:\/\/truusk.store\/sv\/wp-json\/wp\/v2\/media\/59833"}],"wp:attachment":[{"href":"https:\/\/truusk.store\/sv\/wp-json\/wp\/v2\/media?parent=59842"}],"wp:term":[{"taxonomy":"product_brand","embeddable":true,"href":"https:\/\/truusk.store\/sv\/wp-json\/wp\/v2\/product_brand?post=59842"},{"taxonomy":"product_cat","embeddable":true,"href":"https:\/\/truusk.store\/sv\/wp-json\/wp\/v2\/product_cat?post=59842"},{"taxonomy":"product_tag","embeddable":true,"href":"https:\/\/truusk.store\/sv\/wp-json\/wp\/v2\/product_tag?post=59842"}],"curies":[{"name":"wp","href":"https:\/\/api.w.org\/{rel}","templated":true}]}}