{"id":59862,"date":"2025-06-05T01:46:31","date_gmt":"2025-06-05T00:46:31","guid":{"rendered":"https:\/\/truusk.store\/product\/sportnow-cykelstall-vertikalt-horisontellt-hjulstall-fristaende-stall-vaderbestandigt-45-x-44-x-118-cm-metall\/"},"modified":"2026-03-12T09:41:20","modified_gmt":"2026-03-12T08:41:20","slug":"truusk-cykelstall-vertikalt-horisontellt-fristaende-vaderbestandigt-45-x-44-x-118-cm-metall","status":"publish","type":"product","link":"https:\/\/truusk.store\/sv\/produkt\/truusk-cykelstall-vertikalt-horisontellt-fristaende-vaderbestandigt-45-x-44-x-118-cm-metall\/","title":{"rendered":"TRUUSK Cykelst\u00e4ll &#8211; Vertikalt &amp; Horisontellt &#8211; Frist\u00e5ende &#8211; V\u00e4derbest\u00e4ndigt &#8211; 45 x 44 x 118 cm &#8211; Metall"},"content":{"rendered":"<p>Uppt\u00e4ck den m\u00e5ngsidiga SPORTNOW cykelst\u00e4ll, den idealiska l\u00f6sningen f\u00f6r att s\u00e4kert parkera din cykel, b\u00e5de vertikalt och horisontellt. Cykelst\u00e4llet passar f\u00f6r en m\u00e4ngd olika hjulstorlekar fr\u00e5n 6&#8243; till 27,5&#8243; och 700c. De justerbara krokarna ser till att din cykel st\u00e5r stadigt och s\u00e4kert, medan det robusta st\u00e5lramen med gummif\u00f6tter f\u00f6rvandlar varje utrymme till en snygg cykelgarage eller en praktisk cykelverkstad.<\/p>\n<p>Beskrivning:<\/p>\n<ul>\n<li> M\u00f6jligg\u00f6r vertikal eller horisontell parkering av din cykel<\/li>\n<li> Kompatibel med cyklar fr\u00e5n 6&#8243; till 27,5&#8243; hjul, inklusive 700c<\/li>\n<li> Justerbara krokar p\u00e5 cykelst\u00e4llet h\u00e5ller din cykel s\u00e4kert och stadigt<\/li>\n<li> Robust st\u00e5lram och gummif\u00f6tter p\u00e5 cykelst\u00e4llet garanterar h\u00f6g stabilitet<\/li>\n<li> Idealisk f\u00f6r anv\u00e4ndning hemma, i garaget eller p\u00e5 arbetsplatsen<\/li>\n<li> Enkel montering kr\u00e4vs.<\/li>\n<\/ul>\n<p> Tekniska data:<\/p>\n<ul>\n<li> F\u00e4rg: Svart<\/li>\n<li> Material: Metall<\/li>\n<li> Totala dimensioner: 45L x 44B x 118H cm<\/li>\n<li> Hjulinst\u00e4llningsbredd: 6,9 cm<\/li>\n<\/ul>\n<p>Leveransinneh\u00e5ll:<\/p>\n<ul>\n<li> 1 x Cykelst\u00e4ll<\/li>\n<li> 1 x Manual<\/li>\n<\/ul>\n","protected":false},"excerpt":{"rendered":"<p>Uppt\u00e4ck den m\u00e5ngsidiga SPORTNOW cykelst\u00e4ll, den idealiska l\u00f6sningen f\u00f6r att s\u00e4kert parkera din cykel, b\u00e5de vertikalt och horisontellt. Cykelst\u00e4llet passar&#8230;<\/p>\n","protected":false},"featured_media":59853,"template":"","meta":[],"product_brand":[],"product_cat":[652,655,647],"product_tag":[],"class_list":{"0":"post-59862","1":"product","2":"type-product","3":"status-publish","4":"has-post-thumbnail","6":"product_cat-cykel","7":"product_cat-cykelstall","8":"product_cat-sport-fritid","10":"first","11":"instock","12":"sale","13":"taxable","14":"shipping-taxable","15":"purchasable","16":"product-type-simple"},"yoast_head":"<!-- This site is optimized with the Yoast SEO plugin v25.4 - https:\/\/yoast.com\/wordpress\/plugins\/seo\/ -->\n<title>TRUUSK Cykelst\u00e4ll - Vertikalt &amp; Horisontellt - Frist\u00e5ende - V\u00e4derbest\u00e4ndigt - 45 x 44 x 118 cm - Metall - TRUUSK - Hem, Tr\u00e4dg\u00e5rd &amp; Fritid<\/title>\n<meta name=\"robots\" content=\"index, follow, max-snippet:-1, max-image-preview:large, max-video-preview:-1\" \/>\n<link rel=\"canonical\" href=\"https:\/\/truusk.store\/sv\/produkt\/truusk-cykelstall-vertikalt-horisontellt-fristaende-vaderbestandigt-45-x-44-x-118-cm-metall\/\" \/>\n<meta property=\"og:locale\" content=\"sv_SE\" \/>\n<meta property=\"og:type\" content=\"article\" \/>\n<meta property=\"og:title\" content=\"TRUUSK Cykelst\u00e4ll - Vertikalt &amp; Horisontellt - Frist\u00e5ende - V\u00e4derbest\u00e4ndigt - 45 x 44 x 118 cm - Metall - TRUUSK - Hem, Tr\u00e4dg\u00e5rd &amp; Fritid\" \/>\n<meta property=\"og:description\" content=\"Uppt\u00e4ck den m\u00e5ngsidiga SPORTNOW cykelst\u00e4ll, den idealiska l\u00f6sningen f\u00f6r att s\u00e4kert parkera din cykel, b\u00e5de vertikalt och horisontellt. Cykelst\u00e4llet passar...\" \/>\n<meta property=\"og:url\" content=\"https:\/\/truusk.store\/sv\/produkt\/truusk-cykelstall-vertikalt-horisontellt-fristaende-vaderbestandigt-45-x-44-x-118-cm-metall\/\" \/>\n<meta property=\"og:site_name\" content=\"TRUUSK - Hem, Tr\u00e4dg\u00e5rd &amp; Fritid\" \/>\n<meta property=\"article:modified_time\" content=\"2026-03-12T08:41:20+00:00\" \/>\n<meta property=\"og:image\" content=\"https:\/\/i0.wp.com\/truusk.se\/wp-content\/uploads\/2025\/06\/sportnow-cykelstall-vertikalt-horisontellt-hjulstall-fristaende-stall-vaderbestandigt-45-x-44-x-118-cm-metall-1.webp?fit=2000%2C2000&ssl=1\" \/>\n\t<meta property=\"og:image:width\" content=\"2000\" \/>\n\t<meta property=\"og:image:height\" content=\"2000\" \/>\n\t<meta property=\"og:image:type\" content=\"image\/webp\" \/>\n<meta name=\"twitter:card\" content=\"summary_large_image\" \/>\n<meta name=\"twitter:label1\" content=\"Ber\u00e4knad l\u00e4stid\" \/>\n\t<meta name=\"twitter:data1\" content=\"1 minut\" \/>\n<!-- \/ Yoast SEO plugin. -->","yoast_head_json":{"title":"TRUUSK Cykelst\u00e4ll - Vertikalt &amp; Horisontellt - Frist\u00e5ende - V\u00e4derbest\u00e4ndigt - 45 x 44 x 118 cm - Metall - TRUUSK - Hem, Tr\u00e4dg\u00e5rd &amp; Fritid","robots":{"index":"index","follow":"follow","max-snippet":"max-snippet:-1","max-image-preview":"max-image-preview:large","max-video-preview":"max-video-preview:-1"},"canonical":"https:\/\/truusk.store\/sv\/produkt\/truusk-cykelstall-vertikalt-horisontellt-fristaende-vaderbestandigt-45-x-44-x-118-cm-metall\/","og_locale":"sv_SE","og_type":"article","og_title":"TRUUSK Cykelst\u00e4ll - Vertikalt &amp; Horisontellt - Frist\u00e5ende - V\u00e4derbest\u00e4ndigt - 45 x 44 x 118 cm - Metall - TRUUSK - Hem, Tr\u00e4dg\u00e5rd &amp; Fritid","og_description":"Uppt\u00e4ck den m\u00e5ngsidiga SPORTNOW cykelst\u00e4ll, den idealiska l\u00f6sningen f\u00f6r att s\u00e4kert parkera din cykel, b\u00e5de vertikalt och horisontellt. Cykelst\u00e4llet passar...","og_url":"https:\/\/truusk.store\/sv\/produkt\/truusk-cykelstall-vertikalt-horisontellt-fristaende-vaderbestandigt-45-x-44-x-118-cm-metall\/","og_site_name":"TRUUSK - Hem, Tr\u00e4dg\u00e5rd &amp; Fritid","article_modified_time":"2026-03-12T08:41:20+00:00","og_image":[{"width":2000,"height":2000,"url":"https:\/\/i0.wp.com\/truusk.se\/wp-content\/uploads\/2025\/06\/sportnow-cykelstall-vertikalt-horisontellt-hjulstall-fristaende-stall-vaderbestandigt-45-x-44-x-118-cm-metall-1.webp?fit=2000%2C2000&ssl=1","type":"image\/webp"}],"twitter_card":"summary_large_image","twitter_misc":{"Ber\u00e4knad l\u00e4stid":"1 minut"},"schema":{"@context":"https:\/\/schema.org","@graph":[{"@type":"WebPage","@id":"https:\/\/truusk.store\/sv\/produkt\/truusk-cykelstall-vertikalt-horisontellt-fristaende-vaderbestandigt-45-x-44-x-118-cm-metall\/","url":"https:\/\/truusk.store\/sv\/produkt\/truusk-cykelstall-vertikalt-horisontellt-fristaende-vaderbestandigt-45-x-44-x-118-cm-metall\/","name":"TRUUSK Cykelst\u00e4ll - Vertikalt &amp; Horisontellt - Frist\u00e5ende - V\u00e4derbest\u00e4ndigt - 45 x 44 x 118 cm - Metall - TRUUSK - Hem, Tr\u00e4dg\u00e5rd &amp; Fritid","isPartOf":{"@id":"https:\/\/truusk.store\/sv\/#website"},"primaryImageOfPage":{"@id":"https:\/\/truusk.store\/sv\/produkt\/truusk-cykelstall-vertikalt-horisontellt-fristaende-vaderbestandigt-45-x-44-x-118-cm-metall\/#primaryimage"},"image":{"@id":"https:\/\/truusk.store\/sv\/produkt\/truusk-cykelstall-vertikalt-horisontellt-fristaende-vaderbestandigt-45-x-44-x-118-cm-metall\/#primaryimage"},"thumbnailUrl":"https:\/\/i0.wp.com\/truusk.store\/wp-content\/uploads\/2025\/06\/sportnow-cykelstall-vertikalt-horisontellt-hjulstall-fristaende-stall-vaderbestandigt-45-x-44-x-118-cm-metall-1.webp?fit=2000%2C2000&ssl=1","datePublished":"2025-06-05T00:46:31+00:00","dateModified":"2026-03-12T08:41:20+00:00","breadcrumb":{"@id":"https:\/\/truusk.store\/sv\/produkt\/truusk-cykelstall-vertikalt-horisontellt-fristaende-vaderbestandigt-45-x-44-x-118-cm-metall\/#breadcrumb"},"inLanguage":"sv-SE","potentialAction":[{"@type":"ReadAction","target":["https:\/\/truusk.store\/sv\/produkt\/truusk-cykelstall-vertikalt-horisontellt-fristaende-vaderbestandigt-45-x-44-x-118-cm-metall\/"]}]},{"@type":"ImageObject","inLanguage":"sv-SE","@id":"https:\/\/truusk.store\/sv\/produkt\/truusk-cykelstall-vertikalt-horisontellt-fristaende-vaderbestandigt-45-x-44-x-118-cm-metall\/#primaryimage","url":"https:\/\/i0.wp.com\/truusk.store\/wp-content\/uploads\/2025\/06\/sportnow-cykelstall-vertikalt-horisontellt-hjulstall-fristaende-stall-vaderbestandigt-45-x-44-x-118-cm-metall-1.webp?fit=2000%2C2000&ssl=1","contentUrl":"https:\/\/i0.wp.com\/truusk.store\/wp-content\/uploads\/2025\/06\/sportnow-cykelstall-vertikalt-horisontellt-hjulstall-fristaende-stall-vaderbestandigt-45-x-44-x-118-cm-metall-1.webp?fit=2000%2C2000&ssl=1","width":2000,"height":2000},{"@type":"BreadcrumbList","@id":"https:\/\/truusk.store\/sv\/produkt\/truusk-cykelstall-vertikalt-horisontellt-fristaende-vaderbestandigt-45-x-44-x-118-cm-metall\/#breadcrumb","itemListElement":[{"@type":"ListItem","position":1,"name":"Home","item":"https:\/\/truusk.store\/sv\/"},{"@type":"ListItem","position":2,"name":"Shop","item":"https:\/\/truusk.store\/shop\/"},{"@type":"ListItem","position":3,"name":"TRUUSK Cykelst\u00e4ll &#8211; Vertikalt &amp; Horisontellt &#8211; Frist\u00e5ende &#8211; V\u00e4derbest\u00e4ndigt &#8211; 45 x 44 x 118 cm &#8211; Metall"}]},{"@type":"WebSite","@id":"https:\/\/truusk.store\/sv\/#website","url":"https:\/\/truusk.store\/sv\/","name":"TRUUSK - Hem, Tr\u00e4dg\u00e5rd & Fritid","description":"","publisher":{"@id":"https:\/\/truusk.store\/sv\/#organization"},"potentialAction":[{"@type":"SearchAction","target":{"@type":"EntryPoint","urlTemplate":"https:\/\/truusk.store\/sv\/?s={search_term_string}"},"query-input":{"@type":"PropertyValueSpecification","valueRequired":true,"valueName":"search_term_string"}}],"inLanguage":"sv-SE"},{"@type":"Organization","@id":"https:\/\/truusk.store\/sv\/#organization","name":"TRUUSK - Hem, Tr\u00e4dg\u00e5rd & Fritid","url":"https:\/\/truusk.store\/sv\/","logo":{"@type":"ImageObject","inLanguage":"sv-SE","@id":"https:\/\/truusk.store\/sv\/#\/schema\/logo\/image\/","url":"https:\/\/i0.wp.com\/truusk.store\/wp-content\/uploads\/2026\/03\/cropped-TRUUSK.png?fit=2032%2C917&ssl=1","contentUrl":"https:\/\/i0.wp.com\/truusk.store\/wp-content\/uploads\/2026\/03\/cropped-TRUUSK.png?fit=2032%2C917&ssl=1","width":2032,"height":917,"caption":"TRUUSK - Hem, Tr\u00e4dg\u00e5rd & Fritid"},"image":{"@id":"https:\/\/truusk.store\/sv\/#\/schema\/logo\/image\/"}}]}},"jetpack_sharing_enabled":true,"_links":{"self":[{"href":"https:\/\/truusk.store\/sv\/wp-json\/wp\/v2\/product\/59862","targetHints":{"allow":["GET"]}}],"collection":[{"href":"https:\/\/truusk.store\/sv\/wp-json\/wp\/v2\/product"}],"about":[{"href":"https:\/\/truusk.store\/sv\/wp-json\/wp\/v2\/types\/product"}],"wp:featuredmedia":[{"embeddable":true,"href":"https:\/\/truusk.store\/sv\/wp-json\/wp\/v2\/media\/59853"}],"wp:attachment":[{"href":"https:\/\/truusk.store\/sv\/wp-json\/wp\/v2\/media?parent=59862"}],"wp:term":[{"taxonomy":"product_brand","embeddable":true,"href":"https:\/\/truusk.store\/sv\/wp-json\/wp\/v2\/product_brand?post=59862"},{"taxonomy":"product_cat","embeddable":true,"href":"https:\/\/truusk.store\/sv\/wp-json\/wp\/v2\/product_cat?post=59862"},{"taxonomy":"product_tag","embeddable":true,"href":"https:\/\/truusk.store\/sv\/wp-json\/wp\/v2\/product_tag?post=59862"}],"curies":[{"name":"wp","href":"https:\/\/api.w.org\/{rel}","templated":true}]}}