{"id":5994,"date":"2024-02-13T08:14:36","date_gmt":"2024-02-13T07:14:36","guid":{"rendered":"https:\/\/truusk.store\/product\/traningsbord-for-sallskapsdjur-trimningsbord-for-hundar-klippbord-med-selar-hundvardsbord-for-hushallsbad-hartorkning-och-harklippning-hojdjusterbar-svart\/"},"modified":"2026-03-12T08:55:10","modified_gmt":"2026-03-12T07:55:10","slug":"truusk-trimningsbord-for-hundar-hojdjusterbar-med-selar-hartorkning-och-harklippning-svart","status":"publish","type":"product","link":"https:\/\/truusk.store\/sv\/produkt\/truusk-trimningsbord-for-hundar-hojdjusterbar-med-selar-hartorkning-och-harklippning-svart\/","title":{"rendered":"TRUUSK Trimningsbord f\u00f6r Hundar &#8211; H\u00f6jdjusterbar &#8211; Med Selar &#8211; H\u00e5rtorkning och H\u00e5rklippning &#8211; Svart"},"content":{"rendered":"<p>V\u00e5rt hundtrimmningsbord \u00e4r idealiskt inte bara f\u00f6r professionella anv\u00e4ndare utan \u00e4ven f\u00f6r privat bruk. Din hund har tillr\u00e4ckligt med utrymme p\u00e5 den stora arbetsytan. Ytan \u00e4r gummerad, halkfri och rept\u00e5lig. Du kan s\u00e4kra din \u00e4lskling med de avtagbara \u00f6glorna. Detta \u00e4r s\u00e4rskilt anv\u00e4ndbart f\u00f6r nyfikna, aktiva eller v\u00e4ldigt nerv\u00f6sa hundar. Det betyder att du kan f\u00e5 den perfekta klippningen p\u00e5 nolltid. Om det beh\u00f6vs kan ditt hundklippbord enkelt f\u00e4llas ihop och f\u00f6rvaras f\u00f6r att spara utrymme.<\/p>\n<h3>Beskrivning:<\/h3>\n<ul>\n<li>L\u00e4mplig f\u00f6r hundar och dina andra favoriter<\/li>\n<li>Passar \u00e4ven f\u00f6r professionella hundsalonger<\/li>\n<li>H\u00f6g stabilitet<\/li>\n<li>Stabil, h\u00f6gkvalitativ bottenplatta med rept\u00e5ligt och halkfritt gummi<\/li>\n<li>Bottenplattan skruvas fast i en aluminiumram<\/li>\n<li>Manuellt h\u00f6jdjusterbara selar inklusive h\u00e5llare och rem<\/li>\n<li>L\u00e4tt att reng\u00f6ra, l\u00e4tt att sk\u00f6ta<\/li>\n<li>L\u00e4tt att montera och demontera<\/li>\n<\/ul>\n<h3>Teknisk data:<\/h3>\n<ul>\n<li>Material: gummi, st\u00e5l<\/li>\n<li>Svart f\u00e4rg<\/li>\n<li>Vikt: 13,5 kg<\/li>\n<li>\u00d6vergripande m\u00e5tt: L91,5 x B61,5 x H76 cm<\/li>\n<li>Galgens h\u00f6jd: 20-70 cm<\/li>\n<li>Lastkapacitet: 150 kg<\/li>\n<\/ul>\n<h3>Leveransens omfattning:<\/h3>\n<ul>\n<li>1 x sk\u00f6tbord;<\/li>\n<\/ul>\n","protected":false},"excerpt":{"rendered":"<p>V\u00e5rt hundtrimmningsbord \u00e4r idealiskt inte bara f\u00f6r professionella anv\u00e4ndare utan \u00e4ven f\u00f6r privat bruk. Din hund har tillr\u00e4ckligt med utrymme&#8230;<\/p>\n","protected":false},"featured_media":5995,"template":"","meta":[],"product_brand":[],"product_cat":[582,574,573,722],"product_tag":[],"class_list":{"0":"post-5994","1":"product","2":"type-product","3":"status-publish","4":"has-post-thumbnail","6":"product_cat-hundklippning","7":"product_cat-hundtillbehor","8":"product_cat-husdjursmaterial","9":"product_cat-skotselbord","11":"first","12":"instock","13":"sale","14":"taxable","15":"shipping-taxable","16":"purchasable","17":"product-type-simple"},"yoast_head":"<!-- This site is optimized with the Yoast SEO plugin v25.4 - https:\/\/yoast.com\/wordpress\/plugins\/seo\/ -->\n<title>TRUUSK Trimningsbord f\u00f6r Hundar - H\u00f6jdjusterbar - Med Selar - H\u00e5rtorkning och H\u00e5rklippning - Svart - TRUUSK - Hem, Tr\u00e4dg\u00e5rd &amp; Fritid<\/title>\n<meta name=\"robots\" content=\"index, follow, max-snippet:-1, max-image-preview:large, max-video-preview:-1\" \/>\n<link rel=\"canonical\" href=\"https:\/\/truusk.store\/sv\/produkt\/truusk-trimningsbord-for-hundar-hojdjusterbar-med-selar-hartorkning-och-harklippning-svart\/\" \/>\n<meta property=\"og:locale\" content=\"sv_SE\" \/>\n<meta property=\"og:type\" content=\"article\" \/>\n<meta property=\"og:title\" content=\"TRUUSK Trimningsbord f\u00f6r Hundar - H\u00f6jdjusterbar - Med Selar - H\u00e5rtorkning och H\u00e5rklippning - Svart - TRUUSK - Hem, Tr\u00e4dg\u00e5rd &amp; Fritid\" \/>\n<meta property=\"og:description\" content=\"V\u00e5rt hundtrimmningsbord \u00e4r idealiskt inte bara f\u00f6r professionella anv\u00e4ndare utan \u00e4ven f\u00f6r privat bruk. Din hund har tillr\u00e4ckligt med utrymme...\" \/>\n<meta property=\"og:url\" content=\"https:\/\/truusk.store\/sv\/produkt\/truusk-trimningsbord-for-hundar-hojdjusterbar-med-selar-hartorkning-och-harklippning-svart\/\" \/>\n<meta property=\"og:site_name\" content=\"TRUUSK - Hem, Tr\u00e4dg\u00e5rd &amp; Fritid\" \/>\n<meta property=\"article:modified_time\" content=\"2026-03-12T07:55:10+00:00\" \/>\n<meta property=\"og:image\" content=\"https:\/\/i0.wp.com\/truusk.se\/wp-content\/uploads\/2024\/02\/traningsbord-for-sallskapsdjur-trimningsbord-for-hundar-klippbord-med-selar-hundvardsbord-for-hushallsbad-hartorkning-och-harklippning-hojdjusterbar-svart.webp?fit=800%2C800&ssl=1\" \/>\n\t<meta property=\"og:image:width\" content=\"800\" \/>\n\t<meta property=\"og:image:height\" content=\"800\" \/>\n\t<meta property=\"og:image:type\" content=\"image\/webp\" \/>\n<meta name=\"twitter:card\" content=\"summary_large_image\" \/>\n<meta name=\"twitter:label1\" content=\"Ber\u00e4knad l\u00e4stid\" \/>\n\t<meta name=\"twitter:data1\" content=\"1 minut\" \/>\n<!-- \/ Yoast SEO plugin. -->","yoast_head_json":{"title":"TRUUSK Trimningsbord f\u00f6r Hundar - H\u00f6jdjusterbar - Med Selar - H\u00e5rtorkning och H\u00e5rklippning - Svart - TRUUSK - Hem, Tr\u00e4dg\u00e5rd &amp; Fritid","robots":{"index":"index","follow":"follow","max-snippet":"max-snippet:-1","max-image-preview":"max-image-preview:large","max-video-preview":"max-video-preview:-1"},"canonical":"https:\/\/truusk.store\/sv\/produkt\/truusk-trimningsbord-for-hundar-hojdjusterbar-med-selar-hartorkning-och-harklippning-svart\/","og_locale":"sv_SE","og_type":"article","og_title":"TRUUSK Trimningsbord f\u00f6r Hundar - H\u00f6jdjusterbar - Med Selar - H\u00e5rtorkning och H\u00e5rklippning - Svart - TRUUSK - Hem, Tr\u00e4dg\u00e5rd &amp; Fritid","og_description":"V\u00e5rt hundtrimmningsbord \u00e4r idealiskt inte bara f\u00f6r professionella anv\u00e4ndare utan \u00e4ven f\u00f6r privat bruk. Din hund har tillr\u00e4ckligt med utrymme...","og_url":"https:\/\/truusk.store\/sv\/produkt\/truusk-trimningsbord-for-hundar-hojdjusterbar-med-selar-hartorkning-och-harklippning-svart\/","og_site_name":"TRUUSK - Hem, Tr\u00e4dg\u00e5rd &amp; Fritid","article_modified_time":"2026-03-12T07:55:10+00:00","og_image":[{"width":800,"height":800,"url":"https:\/\/i0.wp.com\/truusk.se\/wp-content\/uploads\/2024\/02\/traningsbord-for-sallskapsdjur-trimningsbord-for-hundar-klippbord-med-selar-hundvardsbord-for-hushallsbad-hartorkning-och-harklippning-hojdjusterbar-svart.webp?fit=800%2C800&ssl=1","type":"image\/webp"}],"twitter_card":"summary_large_image","twitter_misc":{"Ber\u00e4knad l\u00e4stid":"1 minut"},"schema":{"@context":"https:\/\/schema.org","@graph":[{"@type":"WebPage","@id":"https:\/\/truusk.store\/sv\/produkt\/truusk-trimningsbord-for-hundar-hojdjusterbar-med-selar-hartorkning-och-harklippning-svart\/","url":"https:\/\/truusk.store\/sv\/produkt\/truusk-trimningsbord-for-hundar-hojdjusterbar-med-selar-hartorkning-och-harklippning-svart\/","name":"TRUUSK Trimningsbord f\u00f6r Hundar - H\u00f6jdjusterbar - Med Selar - H\u00e5rtorkning och H\u00e5rklippning - Svart - TRUUSK - Hem, Tr\u00e4dg\u00e5rd &amp; Fritid","isPartOf":{"@id":"https:\/\/truusk.store\/sv\/#website"},"primaryImageOfPage":{"@id":"https:\/\/truusk.store\/sv\/produkt\/truusk-trimningsbord-for-hundar-hojdjusterbar-med-selar-hartorkning-och-harklippning-svart\/#primaryimage"},"image":{"@id":"https:\/\/truusk.store\/sv\/produkt\/truusk-trimningsbord-for-hundar-hojdjusterbar-med-selar-hartorkning-och-harklippning-svart\/#primaryimage"},"thumbnailUrl":"https:\/\/i0.wp.com\/truusk.store\/wp-content\/uploads\/2024\/02\/traningsbord-for-sallskapsdjur-trimningsbord-for-hundar-klippbord-med-selar-hundvardsbord-for-hushallsbad-hartorkning-och-harklippning-hojdjusterbar-svart.webp?fit=800%2C800&ssl=1","datePublished":"2024-02-13T07:14:36+00:00","dateModified":"2026-03-12T07:55:10+00:00","breadcrumb":{"@id":"https:\/\/truusk.store\/sv\/produkt\/truusk-trimningsbord-for-hundar-hojdjusterbar-med-selar-hartorkning-och-harklippning-svart\/#breadcrumb"},"inLanguage":"sv-SE","potentialAction":[{"@type":"ReadAction","target":["https:\/\/truusk.store\/sv\/produkt\/truusk-trimningsbord-for-hundar-hojdjusterbar-med-selar-hartorkning-och-harklippning-svart\/"]}]},{"@type":"ImageObject","inLanguage":"sv-SE","@id":"https:\/\/truusk.store\/sv\/produkt\/truusk-trimningsbord-for-hundar-hojdjusterbar-med-selar-hartorkning-och-harklippning-svart\/#primaryimage","url":"https:\/\/i0.wp.com\/truusk.store\/wp-content\/uploads\/2024\/02\/traningsbord-for-sallskapsdjur-trimningsbord-for-hundar-klippbord-med-selar-hundvardsbord-for-hushallsbad-hartorkning-och-harklippning-hojdjusterbar-svart.webp?fit=800%2C800&ssl=1","contentUrl":"https:\/\/i0.wp.com\/truusk.store\/wp-content\/uploads\/2024\/02\/traningsbord-for-sallskapsdjur-trimningsbord-for-hundar-klippbord-med-selar-hundvardsbord-for-hushallsbad-hartorkning-och-harklippning-hojdjusterbar-svart.webp?fit=800%2C800&ssl=1","width":800,"height":800,"caption":"Tr\u00e4ningsbord F\u00f6r S\u00e4llskapsdjur Trimningsbord F\u00f6r Hundar Klippbord Med Selar Hundv\u00e5rdsbord F\u00f6r Hush\u00e5llsbad H\u00e5rtorkning Och H\u00e5rklippning H\u00f6jdjusterbar Svart 1"},{"@type":"BreadcrumbList","@id":"https:\/\/truusk.store\/sv\/produkt\/truusk-trimningsbord-for-hundar-hojdjusterbar-med-selar-hartorkning-och-harklippning-svart\/#breadcrumb","itemListElement":[{"@type":"ListItem","position":1,"name":"Home","item":"https:\/\/truusk.store\/sv\/"},{"@type":"ListItem","position":2,"name":"Shop","item":"https:\/\/truusk.store\/shop\/"},{"@type":"ListItem","position":3,"name":"TRUUSK Trimningsbord f\u00f6r Hundar &#8211; H\u00f6jdjusterbar &#8211; Med Selar &#8211; H\u00e5rtorkning och H\u00e5rklippning &#8211; Svart"}]},{"@type":"WebSite","@id":"https:\/\/truusk.store\/sv\/#website","url":"https:\/\/truusk.store\/sv\/","name":"TRUUSK - Hem, Tr\u00e4dg\u00e5rd & Fritid","description":"","publisher":{"@id":"https:\/\/truusk.store\/sv\/#organization"},"potentialAction":[{"@type":"SearchAction","target":{"@type":"EntryPoint","urlTemplate":"https:\/\/truusk.store\/sv\/?s={search_term_string}"},"query-input":{"@type":"PropertyValueSpecification","valueRequired":true,"valueName":"search_term_string"}}],"inLanguage":"sv-SE"},{"@type":"Organization","@id":"https:\/\/truusk.store\/sv\/#organization","name":"TRUUSK - Hem, Tr\u00e4dg\u00e5rd & Fritid","url":"https:\/\/truusk.store\/sv\/","logo":{"@type":"ImageObject","inLanguage":"sv-SE","@id":"https:\/\/truusk.store\/sv\/#\/schema\/logo\/image\/","url":"https:\/\/i0.wp.com\/truusk.store\/wp-content\/uploads\/2026\/03\/cropped-TRUUSK.png?fit=2032%2C917&ssl=1","contentUrl":"https:\/\/i0.wp.com\/truusk.store\/wp-content\/uploads\/2026\/03\/cropped-TRUUSK.png?fit=2032%2C917&ssl=1","width":2032,"height":917,"caption":"TRUUSK - Hem, Tr\u00e4dg\u00e5rd & Fritid"},"image":{"@id":"https:\/\/truusk.store\/sv\/#\/schema\/logo\/image\/"}}]}},"jetpack_sharing_enabled":true,"_links":{"self":[{"href":"https:\/\/truusk.store\/sv\/wp-json\/wp\/v2\/product\/5994","targetHints":{"allow":["GET"]}}],"collection":[{"href":"https:\/\/truusk.store\/sv\/wp-json\/wp\/v2\/product"}],"about":[{"href":"https:\/\/truusk.store\/sv\/wp-json\/wp\/v2\/types\/product"}],"wp:featuredmedia":[{"embeddable":true,"href":"https:\/\/truusk.store\/sv\/wp-json\/wp\/v2\/media\/5995"}],"wp:attachment":[{"href":"https:\/\/truusk.store\/sv\/wp-json\/wp\/v2\/media?parent=5994"}],"wp:term":[{"taxonomy":"product_brand","embeddable":true,"href":"https:\/\/truusk.store\/sv\/wp-json\/wp\/v2\/product_brand?post=5994"},{"taxonomy":"product_cat","embeddable":true,"href":"https:\/\/truusk.store\/sv\/wp-json\/wp\/v2\/product_cat?post=5994"},{"taxonomy":"product_tag","embeddable":true,"href":"https:\/\/truusk.store\/sv\/wp-json\/wp\/v2\/product_tag?post=5994"}],"curies":[{"name":"wp","href":"https:\/\/api.w.org\/{rel}","templated":true}]}}