{"id":59942,"date":"2025-06-05T01:54:32","date_gmt":"2025-06-05T00:54:32","guid":{"rendered":"https:\/\/truusk.store\/product\/skjutdorrsbeslag-set-244cm-med-skenor-rullar-anti-hopp-anordningar-dorrstopp-golvledning-av-kolstal-svart\/"},"modified":"2026-03-12T09:39:32","modified_gmt":"2026-03-12T08:39:32","slug":"truusk-skjutdorrsbeslag-set-244cm-med-skenor-och-rullar-anti-hopp-anordningar-dorrstopp-golvledning-av-kolstal-svart","status":"publish","type":"product","link":"https:\/\/truusk.store\/sv\/produkt\/truusk-skjutdorrsbeslag-set-244cm-med-skenor-och-rullar-anti-hopp-anordningar-dorrstopp-golvledning-av-kolstal-svart\/","title":{"rendered":"TRUUSK Skjutd\u00f6rrsbeslag Set 244cm &#8211; Med Skenor och Rullar &#8211; Anti-hopp-anordningar &#8211; D\u00f6rrstopp &#8211; Golvledning Av Kolst\u00e5l &#8211; Svart"},"content":{"rendered":"<p>Oavsett om du restaurerar en gammal skjutd\u00f6rr, k\u00f6per en f\u00f6rmonterad d\u00f6rr eller bygger en sj\u00e4lv &#8211; det r\u00e4tta beslagssatsen \u00e4r avg\u00f6rande. TRUUSK skjutd\u00f6rrssystemet g\u00f6r det m\u00f6jligt f\u00f6r dig att \u00f6ppna varje d\u00f6rr med en mjuk glidr\u00f6relse. Detta sparar utrymme som en traditionell d\u00f6rr skulle ta upp n\u00e4r den \u00f6ppnas. Idealisk f\u00f6r korridorer, garage, matsalar och sovrum. Uppt\u00e4ck f\u00f6rdelarna med detta skjutd\u00f6rrsbyggsats och \u00f6vertyga dig sj\u00e4lv om dess kvalitet och funktionalitet.<\/p>\n<p>Beskrivning:<\/p>\n<ul>\n<li> Ljud- och v\u00e4ggskydd genom st\u00f6td\u00e4mpande d\u00f6rrbuffertar<\/li>\n<li> Tillverkad av robust, pulverlackerat kolst\u00e5l, b\u00e4r upp till 90 kg<\/li>\n<li> H\u00f6gkvalitativa rullar i skjutd\u00f6rrssystemet m\u00f6jligg\u00f6r en mjuk och tyst glidr\u00f6relse<\/li>\n<li> Utrymmesbesparande eftersom d\u00f6rren glider l\u00e4ngs v\u00e4ggen och inte beh\u00f6ver n\u00e5got sv\u00e4ngomr\u00e5de<\/li>\n<li> Ger ditt hem sk\u00f6nhet och modern stil, idealisk f\u00f6r hantverksprojekt<\/li>\n<li> Komplett skjutd\u00f6rrsbeslagssats inklusive instruktioner: Installation av 2 personer p\u00e5 bara 30 minuter m\u00f6jlig<\/li>\n<\/ul>\n<p>Tekniska data:<\/p>\n<ul>\n<li> F\u00e4rg: Svart<\/li>\n<li> Material: Kolst\u00e5l<\/li>\n<li> Totala dimensioner: 244B x 0,5T x 4H cm<\/li>\n<li> Enskild skenl\u00e4ngd: 122 cm<\/li>\n<li> L\u00e4mplig tjocklek p\u00e5 d\u00f6rrplattan: 40-55 mm<\/li>\n<li> Maximal d\u00f6rrbredd: 120 cm<\/li>\n<li> Minsta avst\u00e5nd \u00f6ver d\u00f6rren: 10 cm<\/li>\n<li> B\u00e4rf\u00f6rm\u00e5ga: 90 kg<\/li>\n<li> Artikelbeteckning: B81-039V02BK<\/li>\n<li> OBS: \u2460 Endast beslag, d\u00f6rr ing\u00e5r inte<\/li>\n<li> \u2461 Montering p\u00e5 en tr\u00e4v\u00e4gg (sj\u00e4lvsk\u00e4rande skruv) eller cementv\u00e4gg (plugg)<\/li>\n<\/ul>\n<p>Leveransinneh\u00e5ll:<\/p>\n<ul>\n<li> 1 x skjutd\u00f6rrsbeslagssats<\/li>\n<li> 1 x bruksanvisning<\/li>\n<\/ul>\n","protected":false},"excerpt":{"rendered":"<p>Oavsett om du restaurerar en gammal skjutd\u00f6rr, k\u00f6per en f\u00f6rmonterad d\u00f6rr eller bygger en sj\u00e4lv &#8211; det r\u00e4tta beslagssatsen \u00e4r&#8230;<\/p>\n","protected":false},"featured_media":59933,"template":"","meta":[],"product_brand":[],"product_cat":[867,963,677],"product_tag":[],"class_list":{"0":"post-59942","1":"product","2":"type-product","3":"status-publish","4":"has-post-thumbnail","6":"product_cat-byggmarknad","7":"product_cat-runt-om-huset","8":"product_cat-skjutdorrsbeslag","10":"first","11":"instock","12":"sale","13":"taxable","14":"shipping-taxable","15":"purchasable","16":"product-type-simple"},"yoast_head":"<!-- This site is optimized with the Yoast SEO plugin v25.4 - https:\/\/yoast.com\/wordpress\/plugins\/seo\/ -->\n<title>TRUUSK Skjutd\u00f6rrsbeslag Set 244cm - Med Skenor och Rullar - Anti-hopp-anordningar - D\u00f6rrstopp - Golvledning Av Kolst\u00e5l - Svart - TRUUSK - Hem, Tr\u00e4dg\u00e5rd &amp; Fritid<\/title>\n<meta name=\"robots\" content=\"index, follow, max-snippet:-1, max-image-preview:large, max-video-preview:-1\" \/>\n<link rel=\"canonical\" href=\"https:\/\/truusk.store\/sv\/produkt\/truusk-skjutdorrsbeslag-set-244cm-med-skenor-och-rullar-anti-hopp-anordningar-dorrstopp-golvledning-av-kolstal-svart\/\" \/>\n<meta property=\"og:locale\" content=\"sv_SE\" \/>\n<meta property=\"og:type\" content=\"article\" \/>\n<meta property=\"og:title\" content=\"TRUUSK Skjutd\u00f6rrsbeslag Set 244cm - Med Skenor och Rullar - Anti-hopp-anordningar - D\u00f6rrstopp - Golvledning Av Kolst\u00e5l - Svart - TRUUSK - Hem, Tr\u00e4dg\u00e5rd &amp; Fritid\" \/>\n<meta property=\"og:description\" content=\"Oavsett om du restaurerar en gammal skjutd\u00f6rr, k\u00f6per en f\u00f6rmonterad d\u00f6rr eller bygger en sj\u00e4lv &#8211; det r\u00e4tta beslagssatsen \u00e4r...\" \/>\n<meta property=\"og:url\" content=\"https:\/\/truusk.store\/sv\/produkt\/truusk-skjutdorrsbeslag-set-244cm-med-skenor-och-rullar-anti-hopp-anordningar-dorrstopp-golvledning-av-kolstal-svart\/\" \/>\n<meta property=\"og:site_name\" content=\"TRUUSK - Hem, Tr\u00e4dg\u00e5rd &amp; Fritid\" \/>\n<meta property=\"article:modified_time\" content=\"2026-03-12T08:39:32+00:00\" \/>\n<meta property=\"og:image\" content=\"https:\/\/i0.wp.com\/truusk.se\/wp-content\/uploads\/2025\/06\/skjutdorrsbeslag-set-244cm-med-skenor-rullar-anti-hopp-anordningar-dorrstopp-golvledning-av-kolstal-svart-1.webp?fit=2000%2C2000&ssl=1\" \/>\n\t<meta property=\"og:image:width\" content=\"2000\" \/>\n\t<meta property=\"og:image:height\" content=\"2000\" \/>\n\t<meta property=\"og:image:type\" content=\"image\/webp\" \/>\n<meta name=\"twitter:card\" content=\"summary_large_image\" \/>\n<meta name=\"twitter:label1\" content=\"Ber\u00e4knad l\u00e4stid\" \/>\n\t<meta name=\"twitter:data1\" content=\"1 minut\" \/>\n<!-- \/ Yoast SEO plugin. -->","yoast_head_json":{"title":"TRUUSK Skjutd\u00f6rrsbeslag Set 244cm - Med Skenor och Rullar - Anti-hopp-anordningar - D\u00f6rrstopp - Golvledning Av Kolst\u00e5l - Svart - TRUUSK - Hem, Tr\u00e4dg\u00e5rd &amp; Fritid","robots":{"index":"index","follow":"follow","max-snippet":"max-snippet:-1","max-image-preview":"max-image-preview:large","max-video-preview":"max-video-preview:-1"},"canonical":"https:\/\/truusk.store\/sv\/produkt\/truusk-skjutdorrsbeslag-set-244cm-med-skenor-och-rullar-anti-hopp-anordningar-dorrstopp-golvledning-av-kolstal-svart\/","og_locale":"sv_SE","og_type":"article","og_title":"TRUUSK Skjutd\u00f6rrsbeslag Set 244cm - Med Skenor och Rullar - Anti-hopp-anordningar - D\u00f6rrstopp - Golvledning Av Kolst\u00e5l - Svart - TRUUSK - Hem, Tr\u00e4dg\u00e5rd &amp; Fritid","og_description":"Oavsett om du restaurerar en gammal skjutd\u00f6rr, k\u00f6per en f\u00f6rmonterad d\u00f6rr eller bygger en sj\u00e4lv &#8211; det r\u00e4tta beslagssatsen \u00e4r...","og_url":"https:\/\/truusk.store\/sv\/produkt\/truusk-skjutdorrsbeslag-set-244cm-med-skenor-och-rullar-anti-hopp-anordningar-dorrstopp-golvledning-av-kolstal-svart\/","og_site_name":"TRUUSK - Hem, Tr\u00e4dg\u00e5rd &amp; Fritid","article_modified_time":"2026-03-12T08:39:32+00:00","og_image":[{"width":2000,"height":2000,"url":"https:\/\/i0.wp.com\/truusk.se\/wp-content\/uploads\/2025\/06\/skjutdorrsbeslag-set-244cm-med-skenor-rullar-anti-hopp-anordningar-dorrstopp-golvledning-av-kolstal-svart-1.webp?fit=2000%2C2000&ssl=1","type":"image\/webp"}],"twitter_card":"summary_large_image","twitter_misc":{"Ber\u00e4knad l\u00e4stid":"1 minut"},"schema":{"@context":"https:\/\/schema.org","@graph":[{"@type":"WebPage","@id":"https:\/\/truusk.store\/sv\/produkt\/truusk-skjutdorrsbeslag-set-244cm-med-skenor-och-rullar-anti-hopp-anordningar-dorrstopp-golvledning-av-kolstal-svart\/","url":"https:\/\/truusk.store\/sv\/produkt\/truusk-skjutdorrsbeslag-set-244cm-med-skenor-och-rullar-anti-hopp-anordningar-dorrstopp-golvledning-av-kolstal-svart\/","name":"TRUUSK Skjutd\u00f6rrsbeslag Set 244cm - Med Skenor och Rullar - Anti-hopp-anordningar - D\u00f6rrstopp - Golvledning Av Kolst\u00e5l - Svart - TRUUSK - Hem, Tr\u00e4dg\u00e5rd &amp; Fritid","isPartOf":{"@id":"https:\/\/truusk.store\/sv\/#website"},"primaryImageOfPage":{"@id":"https:\/\/truusk.store\/sv\/produkt\/truusk-skjutdorrsbeslag-set-244cm-med-skenor-och-rullar-anti-hopp-anordningar-dorrstopp-golvledning-av-kolstal-svart\/#primaryimage"},"image":{"@id":"https:\/\/truusk.store\/sv\/produkt\/truusk-skjutdorrsbeslag-set-244cm-med-skenor-och-rullar-anti-hopp-anordningar-dorrstopp-golvledning-av-kolstal-svart\/#primaryimage"},"thumbnailUrl":"https:\/\/i0.wp.com\/truusk.store\/wp-content\/uploads\/2025\/06\/skjutdorrsbeslag-set-244cm-med-skenor-rullar-anti-hopp-anordningar-dorrstopp-golvledning-av-kolstal-svart-1.webp?fit=2000%2C2000&ssl=1","datePublished":"2025-06-05T00:54:32+00:00","dateModified":"2026-03-12T08:39:32+00:00","breadcrumb":{"@id":"https:\/\/truusk.store\/sv\/produkt\/truusk-skjutdorrsbeslag-set-244cm-med-skenor-och-rullar-anti-hopp-anordningar-dorrstopp-golvledning-av-kolstal-svart\/#breadcrumb"},"inLanguage":"sv-SE","potentialAction":[{"@type":"ReadAction","target":["https:\/\/truusk.store\/sv\/produkt\/truusk-skjutdorrsbeslag-set-244cm-med-skenor-och-rullar-anti-hopp-anordningar-dorrstopp-golvledning-av-kolstal-svart\/"]}]},{"@type":"ImageObject","inLanguage":"sv-SE","@id":"https:\/\/truusk.store\/sv\/produkt\/truusk-skjutdorrsbeslag-set-244cm-med-skenor-och-rullar-anti-hopp-anordningar-dorrstopp-golvledning-av-kolstal-svart\/#primaryimage","url":"https:\/\/i0.wp.com\/truusk.store\/wp-content\/uploads\/2025\/06\/skjutdorrsbeslag-set-244cm-med-skenor-rullar-anti-hopp-anordningar-dorrstopp-golvledning-av-kolstal-svart-1.webp?fit=2000%2C2000&ssl=1","contentUrl":"https:\/\/i0.wp.com\/truusk.store\/wp-content\/uploads\/2025\/06\/skjutdorrsbeslag-set-244cm-med-skenor-rullar-anti-hopp-anordningar-dorrstopp-golvledning-av-kolstal-svart-1.webp?fit=2000%2C2000&ssl=1","width":2000,"height":2000},{"@type":"BreadcrumbList","@id":"https:\/\/truusk.store\/sv\/produkt\/truusk-skjutdorrsbeslag-set-244cm-med-skenor-och-rullar-anti-hopp-anordningar-dorrstopp-golvledning-av-kolstal-svart\/#breadcrumb","itemListElement":[{"@type":"ListItem","position":1,"name":"Home","item":"https:\/\/truusk.store\/sv\/"},{"@type":"ListItem","position":2,"name":"Shop","item":"https:\/\/truusk.store\/shop\/"},{"@type":"ListItem","position":3,"name":"TRUUSK Skjutd\u00f6rrsbeslag Set 244cm &#8211; Med Skenor och Rullar &#8211; Anti-hopp-anordningar &#8211; D\u00f6rrstopp &#8211; Golvledning Av Kolst\u00e5l &#8211; Svart"}]},{"@type":"WebSite","@id":"https:\/\/truusk.store\/sv\/#website","url":"https:\/\/truusk.store\/sv\/","name":"TRUUSK - Hem, Tr\u00e4dg\u00e5rd & Fritid","description":"","publisher":{"@id":"https:\/\/truusk.store\/sv\/#organization"},"potentialAction":[{"@type":"SearchAction","target":{"@type":"EntryPoint","urlTemplate":"https:\/\/truusk.store\/sv\/?s={search_term_string}"},"query-input":{"@type":"PropertyValueSpecification","valueRequired":true,"valueName":"search_term_string"}}],"inLanguage":"sv-SE"},{"@type":"Organization","@id":"https:\/\/truusk.store\/sv\/#organization","name":"TRUUSK - Hem, Tr\u00e4dg\u00e5rd & Fritid","url":"https:\/\/truusk.store\/sv\/","logo":{"@type":"ImageObject","inLanguage":"sv-SE","@id":"https:\/\/truusk.store\/sv\/#\/schema\/logo\/image\/","url":"https:\/\/i0.wp.com\/truusk.store\/wp-content\/uploads\/2026\/03\/cropped-TRUUSK.png?fit=2032%2C917&ssl=1","contentUrl":"https:\/\/i0.wp.com\/truusk.store\/wp-content\/uploads\/2026\/03\/cropped-TRUUSK.png?fit=2032%2C917&ssl=1","width":2032,"height":917,"caption":"TRUUSK - Hem, Tr\u00e4dg\u00e5rd & Fritid"},"image":{"@id":"https:\/\/truusk.store\/sv\/#\/schema\/logo\/image\/"}}]}},"jetpack_sharing_enabled":true,"_links":{"self":[{"href":"https:\/\/truusk.store\/sv\/wp-json\/wp\/v2\/product\/59942","targetHints":{"allow":["GET"]}}],"collection":[{"href":"https:\/\/truusk.store\/sv\/wp-json\/wp\/v2\/product"}],"about":[{"href":"https:\/\/truusk.store\/sv\/wp-json\/wp\/v2\/types\/product"}],"wp:featuredmedia":[{"embeddable":true,"href":"https:\/\/truusk.store\/sv\/wp-json\/wp\/v2\/media\/59933"}],"wp:attachment":[{"href":"https:\/\/truusk.store\/sv\/wp-json\/wp\/v2\/media?parent=59942"}],"wp:term":[{"taxonomy":"product_brand","embeddable":true,"href":"https:\/\/truusk.store\/sv\/wp-json\/wp\/v2\/product_brand?post=59942"},{"taxonomy":"product_cat","embeddable":true,"href":"https:\/\/truusk.store\/sv\/wp-json\/wp\/v2\/product_cat?post=59942"},{"taxonomy":"product_tag","embeddable":true,"href":"https:\/\/truusk.store\/sv\/wp-json\/wp\/v2\/product_tag?post=59942"}],"curies":[{"name":"wp","href":"https:\/\/api.w.org\/{rel}","templated":true}]}}