{"id":59972,"date":"2025-06-05T01:57:35","date_gmt":"2025-06-05T00:57:35","guid":{"rendered":"https:\/\/truusk.store\/product\/hopfallbar-golvstol-med-6-stegs-justerbar-ryggstod-tjock-sitsvaddering-baddfunktion-linneutseende-70-x-41-x-56-cm-brun\/"},"modified":"2026-03-12T09:40:28","modified_gmt":"2026-03-12T08:40:28","slug":"truusk-hopfallbar-golvstol-justerbar-ryggstod-tjock-sitsvaddering-baddfunktion-linneutseende-70x41x56-cm-brun","status":"publish","type":"product","link":"https:\/\/truusk.store\/sv\/produkt\/truusk-hopfallbar-golvstol-justerbar-ryggstod-tjock-sitsvaddering-baddfunktion-linneutseende-70x41x56-cm-brun\/","title":{"rendered":"TRUUSK Hopf\u00e4llbar Golvstol &#8211; Justerbar Ryggst\u00f6d &#8211; Tjock Sitsvaddering &#8211; B\u00e4ddfunktion &#8211; Linneutseende &#8211; 70x41x56 cm &#8211; Brun"},"content":{"rendered":"<p>Den h\u00e4r multifunktionella golvsstolen fr\u00e5n TRUUSK har en praktisk, 6-stegs justerbar ryggst\u00f6d och kan snabbt omvandlas fr\u00e5n en avslappningsstol till en liggstol eller s\u00e4ng. Omgiven av ett mjukt tyg\u00f6verdrag med gener\u00f6s stoppning, erbjuder golvsstolen optimal komfort f\u00f6r filmkv\u00e4llar, meditation, spelsessioner eller helt enkelt f\u00f6r avkoppling. Perfekt f\u00f6r hobbyrummet, vardagsrummet eller barnrummet.<\/p>\n<p>Beskrivning:<\/p>\n<ul>\n<li> M\u00e5ngsidig 3-i-1 design: Kan anv\u00e4ndas som avslappningsstol, liggstol eller s\u00e4ng<\/li>\n<li> Justerbart ryggst\u00f6d p\u00e5 meditationsstolen i 6 positioner fr\u00e5n 90\u00b0 till 180\u00b0 f\u00f6r flexibla anv\u00e4ndningsm\u00f6jligheter<\/li>\n<li> H\u00f6gkvalitativt tyg\u00f6verdrag p\u00e5 det lata soffan i linneutseende och tjock stoppning f\u00f6r optimal komfort<\/li>\n<li> Utrymmesbesparande, trefaldigt hopf\u00e4llbar konstruktion f\u00f6r enkel f\u00f6rvaring<\/li>\n<li> Robust metallram b\u00e4r upp till 120 kg<\/li>\n<li> Ingen montering kr\u00e4vs<\/li>\n<\/ul>\n<p> Tekniska data:<\/p>\n<ul>\n<li> F\u00e4rg: Beige<\/li>\n<li> Material: Linneimitation (100% Polyester), skum, metall<\/li>\n<li> Stolens dimensioner: 70B x 72T x 56H cm<\/li>\n<li> S\u00e4ngm\u00e5tt: 70B x 203T x 16H cm<\/li>\n<li> Sitsm\u00e5tt: 70B x 41T x 23H cm<\/li>\n<li> Sitsens tjocklek: 16 cm<\/li>\n<li> B\u00e4rkapacitet: 120 kg<\/li>\n<\/ul>\n<p>Leveransinneh\u00e5ll:<\/p>\n<ul>\n<li> 1 x Golvsstol<\/li>\n<li> 1 x Handbok<\/li>\n<\/ul>\n","protected":false},"excerpt":{"rendered":"<p>Den h\u00e4r multifunktionella golvsstolen fr\u00e5n TRUUSK har en praktisk, 6-stegs justerbar ryggst\u00f6d och kan snabbt omvandlas fr\u00e5n en avslappningsstol till&#8230;<\/p>\n","protected":false},"featured_media":59963,"template":"","meta":[],"product_brand":[],"product_cat":[871,943,937,910],"product_tag":[],"class_list":{"0":"post-59972","1":"product","2":"type-product","3":"status-publish","4":"has-post-thumbnail","6":"product_cat-hus-hem","7":"product_cat-schlafsofas","8":"product_cat-soffor","9":"product_cat-vardagsrum","11":"first","12":"instock","13":"sale","14":"taxable","15":"shipping-taxable","16":"purchasable","17":"product-type-simple"},"yoast_head":"<!-- This site is optimized with the Yoast SEO plugin v25.4 - https:\/\/yoast.com\/wordpress\/plugins\/seo\/ -->\n<title>TRUUSK Hopf\u00e4llbar Golvstol - Justerbar Ryggst\u00f6d - Tjock Sitsvaddering - B\u00e4ddfunktion - Linneutseende - 70x41x56 cm - Brun - TRUUSK - Hem, Tr\u00e4dg\u00e5rd &amp; Fritid<\/title>\n<meta name=\"robots\" content=\"index, follow, max-snippet:-1, max-image-preview:large, max-video-preview:-1\" \/>\n<link rel=\"canonical\" href=\"https:\/\/truusk.store\/sv\/produkt\/truusk-hopfallbar-golvstol-justerbar-ryggstod-tjock-sitsvaddering-baddfunktion-linneutseende-70x41x56-cm-brun\/\" \/>\n<meta property=\"og:locale\" content=\"sv_SE\" \/>\n<meta property=\"og:type\" content=\"article\" \/>\n<meta property=\"og:title\" content=\"TRUUSK Hopf\u00e4llbar Golvstol - Justerbar Ryggst\u00f6d - Tjock Sitsvaddering - B\u00e4ddfunktion - Linneutseende - 70x41x56 cm - Brun - TRUUSK - Hem, Tr\u00e4dg\u00e5rd &amp; Fritid\" \/>\n<meta property=\"og:description\" content=\"Den h\u00e4r multifunktionella golvsstolen fr\u00e5n TRUUSK har en praktisk, 6-stegs justerbar ryggst\u00f6d och kan snabbt omvandlas fr\u00e5n en avslappningsstol till...\" \/>\n<meta property=\"og:url\" content=\"https:\/\/truusk.store\/sv\/produkt\/truusk-hopfallbar-golvstol-justerbar-ryggstod-tjock-sitsvaddering-baddfunktion-linneutseende-70x41x56-cm-brun\/\" \/>\n<meta property=\"og:site_name\" content=\"TRUUSK - Hem, Tr\u00e4dg\u00e5rd &amp; Fritid\" \/>\n<meta property=\"article:modified_time\" content=\"2026-03-12T08:40:28+00:00\" \/>\n<meta property=\"og:image\" content=\"https:\/\/i0.wp.com\/truusk.se\/wp-content\/uploads\/2025\/06\/hopfallbar-golvstol-med-6-stegs-justerbar-ryggstod-tjock-sitsvaddering-baddfunktion-linneutseende-70-x-41-x-56-cm-brun-1.webp?fit=2000%2C2000&ssl=1\" \/>\n\t<meta property=\"og:image:width\" content=\"2000\" \/>\n\t<meta property=\"og:image:height\" content=\"2000\" \/>\n\t<meta property=\"og:image:type\" content=\"image\/webp\" \/>\n<meta name=\"twitter:card\" content=\"summary_large_image\" \/>\n<meta name=\"twitter:label1\" content=\"Ber\u00e4knad l\u00e4stid\" \/>\n\t<meta name=\"twitter:data1\" content=\"1 minut\" \/>\n<!-- \/ Yoast SEO plugin. -->","yoast_head_json":{"title":"TRUUSK Hopf\u00e4llbar Golvstol - Justerbar Ryggst\u00f6d - Tjock Sitsvaddering - B\u00e4ddfunktion - Linneutseende - 70x41x56 cm - Brun - TRUUSK - Hem, Tr\u00e4dg\u00e5rd &amp; Fritid","robots":{"index":"index","follow":"follow","max-snippet":"max-snippet:-1","max-image-preview":"max-image-preview:large","max-video-preview":"max-video-preview:-1"},"canonical":"https:\/\/truusk.store\/sv\/produkt\/truusk-hopfallbar-golvstol-justerbar-ryggstod-tjock-sitsvaddering-baddfunktion-linneutseende-70x41x56-cm-brun\/","og_locale":"sv_SE","og_type":"article","og_title":"TRUUSK Hopf\u00e4llbar Golvstol - Justerbar Ryggst\u00f6d - Tjock Sitsvaddering - B\u00e4ddfunktion - Linneutseende - 70x41x56 cm - Brun - TRUUSK - Hem, Tr\u00e4dg\u00e5rd &amp; Fritid","og_description":"Den h\u00e4r multifunktionella golvsstolen fr\u00e5n TRUUSK har en praktisk, 6-stegs justerbar ryggst\u00f6d och kan snabbt omvandlas fr\u00e5n en avslappningsstol till...","og_url":"https:\/\/truusk.store\/sv\/produkt\/truusk-hopfallbar-golvstol-justerbar-ryggstod-tjock-sitsvaddering-baddfunktion-linneutseende-70x41x56-cm-brun\/","og_site_name":"TRUUSK - Hem, Tr\u00e4dg\u00e5rd &amp; Fritid","article_modified_time":"2026-03-12T08:40:28+00:00","og_image":[{"width":2000,"height":2000,"url":"https:\/\/i0.wp.com\/truusk.se\/wp-content\/uploads\/2025\/06\/hopfallbar-golvstol-med-6-stegs-justerbar-ryggstod-tjock-sitsvaddering-baddfunktion-linneutseende-70-x-41-x-56-cm-brun-1.webp?fit=2000%2C2000&ssl=1","type":"image\/webp"}],"twitter_card":"summary_large_image","twitter_misc":{"Ber\u00e4knad l\u00e4stid":"1 minut"},"schema":{"@context":"https:\/\/schema.org","@graph":[{"@type":"WebPage","@id":"https:\/\/truusk.store\/sv\/produkt\/truusk-hopfallbar-golvstol-justerbar-ryggstod-tjock-sitsvaddering-baddfunktion-linneutseende-70x41x56-cm-brun\/","url":"https:\/\/truusk.store\/sv\/produkt\/truusk-hopfallbar-golvstol-justerbar-ryggstod-tjock-sitsvaddering-baddfunktion-linneutseende-70x41x56-cm-brun\/","name":"TRUUSK Hopf\u00e4llbar Golvstol - Justerbar Ryggst\u00f6d - Tjock Sitsvaddering - B\u00e4ddfunktion - Linneutseende - 70x41x56 cm - Brun - TRUUSK - Hem, Tr\u00e4dg\u00e5rd &amp; Fritid","isPartOf":{"@id":"https:\/\/truusk.store\/sv\/#website"},"primaryImageOfPage":{"@id":"https:\/\/truusk.store\/sv\/produkt\/truusk-hopfallbar-golvstol-justerbar-ryggstod-tjock-sitsvaddering-baddfunktion-linneutseende-70x41x56-cm-brun\/#primaryimage"},"image":{"@id":"https:\/\/truusk.store\/sv\/produkt\/truusk-hopfallbar-golvstol-justerbar-ryggstod-tjock-sitsvaddering-baddfunktion-linneutseende-70x41x56-cm-brun\/#primaryimage"},"thumbnailUrl":"https:\/\/i0.wp.com\/truusk.store\/wp-content\/uploads\/2025\/06\/hopfallbar-golvstol-med-6-stegs-justerbar-ryggstod-tjock-sitsvaddering-baddfunktion-linneutseende-70-x-41-x-56-cm-brun-1.webp?fit=2000%2C2000&ssl=1","datePublished":"2025-06-05T00:57:35+00:00","dateModified":"2026-03-12T08:40:28+00:00","breadcrumb":{"@id":"https:\/\/truusk.store\/sv\/produkt\/truusk-hopfallbar-golvstol-justerbar-ryggstod-tjock-sitsvaddering-baddfunktion-linneutseende-70x41x56-cm-brun\/#breadcrumb"},"inLanguage":"sv-SE","potentialAction":[{"@type":"ReadAction","target":["https:\/\/truusk.store\/sv\/produkt\/truusk-hopfallbar-golvstol-justerbar-ryggstod-tjock-sitsvaddering-baddfunktion-linneutseende-70x41x56-cm-brun\/"]}]},{"@type":"ImageObject","inLanguage":"sv-SE","@id":"https:\/\/truusk.store\/sv\/produkt\/truusk-hopfallbar-golvstol-justerbar-ryggstod-tjock-sitsvaddering-baddfunktion-linneutseende-70x41x56-cm-brun\/#primaryimage","url":"https:\/\/i0.wp.com\/truusk.store\/wp-content\/uploads\/2025\/06\/hopfallbar-golvstol-med-6-stegs-justerbar-ryggstod-tjock-sitsvaddering-baddfunktion-linneutseende-70-x-41-x-56-cm-brun-1.webp?fit=2000%2C2000&ssl=1","contentUrl":"https:\/\/i0.wp.com\/truusk.store\/wp-content\/uploads\/2025\/06\/hopfallbar-golvstol-med-6-stegs-justerbar-ryggstod-tjock-sitsvaddering-baddfunktion-linneutseende-70-x-41-x-56-cm-brun-1.webp?fit=2000%2C2000&ssl=1","width":2000,"height":2000},{"@type":"BreadcrumbList","@id":"https:\/\/truusk.store\/sv\/produkt\/truusk-hopfallbar-golvstol-justerbar-ryggstod-tjock-sitsvaddering-baddfunktion-linneutseende-70x41x56-cm-brun\/#breadcrumb","itemListElement":[{"@type":"ListItem","position":1,"name":"Home","item":"https:\/\/truusk.store\/sv\/"},{"@type":"ListItem","position":2,"name":"Shop","item":"https:\/\/truusk.store\/shop\/"},{"@type":"ListItem","position":3,"name":"TRUUSK Hopf\u00e4llbar Golvstol &#8211; Justerbar Ryggst\u00f6d &#8211; Tjock Sitsvaddering &#8211; B\u00e4ddfunktion &#8211; Linneutseende &#8211; 70x41x56 cm &#8211; Brun"}]},{"@type":"WebSite","@id":"https:\/\/truusk.store\/sv\/#website","url":"https:\/\/truusk.store\/sv\/","name":"TRUUSK - Hem, Tr\u00e4dg\u00e5rd & Fritid","description":"","publisher":{"@id":"https:\/\/truusk.store\/sv\/#organization"},"potentialAction":[{"@type":"SearchAction","target":{"@type":"EntryPoint","urlTemplate":"https:\/\/truusk.store\/sv\/?s={search_term_string}"},"query-input":{"@type":"PropertyValueSpecification","valueRequired":true,"valueName":"search_term_string"}}],"inLanguage":"sv-SE"},{"@type":"Organization","@id":"https:\/\/truusk.store\/sv\/#organization","name":"TRUUSK - Hem, Tr\u00e4dg\u00e5rd & Fritid","url":"https:\/\/truusk.store\/sv\/","logo":{"@type":"ImageObject","inLanguage":"sv-SE","@id":"https:\/\/truusk.store\/sv\/#\/schema\/logo\/image\/","url":"https:\/\/i0.wp.com\/truusk.store\/wp-content\/uploads\/2026\/03\/cropped-TRUUSK.png?fit=2032%2C917&ssl=1","contentUrl":"https:\/\/i0.wp.com\/truusk.store\/wp-content\/uploads\/2026\/03\/cropped-TRUUSK.png?fit=2032%2C917&ssl=1","width":2032,"height":917,"caption":"TRUUSK - Hem, Tr\u00e4dg\u00e5rd & Fritid"},"image":{"@id":"https:\/\/truusk.store\/sv\/#\/schema\/logo\/image\/"}}]}},"jetpack_sharing_enabled":true,"_links":{"self":[{"href":"https:\/\/truusk.store\/sv\/wp-json\/wp\/v2\/product\/59972","targetHints":{"allow":["GET"]}}],"collection":[{"href":"https:\/\/truusk.store\/sv\/wp-json\/wp\/v2\/product"}],"about":[{"href":"https:\/\/truusk.store\/sv\/wp-json\/wp\/v2\/types\/product"}],"wp:featuredmedia":[{"embeddable":true,"href":"https:\/\/truusk.store\/sv\/wp-json\/wp\/v2\/media\/59963"}],"wp:attachment":[{"href":"https:\/\/truusk.store\/sv\/wp-json\/wp\/v2\/media?parent=59972"}],"wp:term":[{"taxonomy":"product_brand","embeddable":true,"href":"https:\/\/truusk.store\/sv\/wp-json\/wp\/v2\/product_brand?post=59972"},{"taxonomy":"product_cat","embeddable":true,"href":"https:\/\/truusk.store\/sv\/wp-json\/wp\/v2\/product_cat?post=59972"},{"taxonomy":"product_tag","embeddable":true,"href":"https:\/\/truusk.store\/sv\/wp-json\/wp\/v2\/product_tag?post=59972"}],"curies":[{"name":"wp","href":"https:\/\/api.w.org\/{rel}","templated":true}]}}