{"id":59992,"date":"2025-06-05T01:59:40","date_gmt":"2025-06-05T00:59:40","guid":{"rendered":"https:\/\/truusk.store\/product\/3-sits-soffa-med-sovfunktion-170x83x80cm-med-3-stegs-justerbar-ryggstod-och-fotter-varfjadrar-kuddar-linneutseende-gra\/"},"modified":"2026-03-12T09:40:31","modified_gmt":"2026-03-12T08:40:31","slug":"truusk-3-sits-soffa-med-sovfunktion-170x83x80cm-justerbar-ryggstod-och-fotter-varfjadrar-kuddar-linneutseende-gra","status":"publish","type":"product","link":"https:\/\/truusk.store\/sv\/produkt\/truusk-3-sits-soffa-med-sovfunktion-170x83x80cm-justerbar-ryggstod-och-fotter-varfjadrar-kuddar-linneutseende-gra\/","title":{"rendered":"TRUUSK 3-sits Soffa Med Sovfunktion &#8211; 170x83x80cm &#8211; Justerbar Ryggst\u00f6d Och F\u00f6tter &#8211; V\u00e5rfj\u00e4drar &#8211; Kuddar &#8211; Linneutseende &#8211; Gr\u00e5"},"content":{"rendered":"<p>Med denna TRUUSK b\u00e4ddsoffa \u00e4r du alltid redo f\u00f6r spontana \u00f6vernattande g\u00e4ster. I ett nafs f\u00f6rvandlas tresitssoffan till en mysig dubbels\u00e4ng. Njut av komforten med tv\u00e5 extra kuddar och en elastisk v\u00e5rfj\u00e4dring av b\u00e4ddsoffan, inb\u00e4ddad i en elegant tyg\u00f6verdrag med linneutseende. Perfekt f\u00f6r ditt arbetsrum, vardagsrum eller g\u00e4strum. En perfekt blandning av bekv\u00e4mlighet och praktisk design!<\/p>\n<p>Beskrivning:<\/p>\n<ul>\n<li> Innovativ klickdesign p\u00e5 b\u00e4ddsoffan m\u00f6jligg\u00f6r enkel omvandling fr\u00e5n en tresitssoffa till en dubbels\u00e4ng<\/li>\n<li> Tv\u00e5 extra kuddar och en v\u00e5rfj\u00e4derk\u00e4rna ger \u00f6kad komfort och st\u00f6d<\/li>\n<li> Ryggst\u00f6det p\u00e5 b\u00e4ddsoffan kan justeras oberoende i tre olika positioner, justerbara armst\u00f6d<\/li>\n<li> Gummitr\u00e4ben med justerbara f\u00f6tter skyddar ditt golv fr\u00e5n repor<\/li>\n<li> Rena linjer och en enkel f\u00e4rgs\u00e4ttning ger ett estetiskt utseende<\/li>\n<li> Idealisk f\u00f6r hemmakontoret, vardagsrummet, sovrummet eller g\u00e4strummet<\/li>\n<li> Tv\u00e4ttbara kudd\u00f6verdrag ger enkel v\u00e5rd och hygien<\/li>\n<li> Enkel montering: bara montera armst\u00f6d och ben<\/li>\n<\/ul>\n<p> Tekniska data:<\/p>\n<ul>\n<li> F\u00e4rg: Gr\u00e5+Naturtr\u00e4<\/li>\n<li> Material: Polyester, Gummitr\u00e4, Skum<\/li>\n<li> Soffans dimensioner: 170B x 83D x 80H cm<\/li>\n<li> S\u00e4ngens dimensioner: 218B x 103D x 40H cm<\/li>\n<li> Sitsstorlek: 154B x 53D cm<\/li>\n<li> Sitth\u00f6jd: 40 cm<\/li>\n<li> Tjocklek: (Sits) 15 cm, (Ryggst\u00f6d) 10 cm<\/li>\n<li> Armst\u00f6dsstorlek: 9B x 65D cm<\/li>\n<li> Armst\u00f6dsh\u00f6jd: 25 cm<\/li>\n<li> Belastningskapacitet: 240 kg<\/li>\n<\/ul>\n<p>Leveransinneh\u00e5ll:<\/p>\n<ul>\n<li> 1 x B\u00e4ddsoffa<\/li>\n<li> 1 x Bruksanvisning<\/li>\n<\/ul>\n","protected":false},"excerpt":{"rendered":"<p>Med denna TRUUSK b\u00e4ddsoffa \u00e4r du alltid redo f\u00f6r spontana \u00f6vernattande g\u00e4ster. I ett nafs f\u00f6rvandlas tresitssoffan till en mysig&#8230;<\/p>\n","protected":false},"featured_media":59983,"template":"","meta":[],"product_brand":[],"product_cat":[936,943,937,910],"product_tag":[],"class_list":{"0":"post-59992","1":"product","2":"type-product","3":"status-publish","4":"has-post-thumbnail","6":"product_cat-hem-boende","7":"product_cat-schlafsofas","8":"product_cat-soffor","9":"product_cat-vardagsrum","11":"first","12":"instock","13":"sale","14":"taxable","15":"shipping-taxable","16":"purchasable","17":"product-type-simple"},"yoast_head":"<!-- This site is optimized with the Yoast SEO plugin v25.4 - https:\/\/yoast.com\/wordpress\/plugins\/seo\/ -->\n<title>TRUUSK 3-sits Soffa Med Sovfunktion - 170x83x80cm - Justerbar Ryggst\u00f6d Och F\u00f6tter - V\u00e5rfj\u00e4drar - Kuddar - Linneutseende - Gr\u00e5 - TRUUSK - Hem, Tr\u00e4dg\u00e5rd &amp; Fritid<\/title>\n<meta name=\"robots\" content=\"index, follow, max-snippet:-1, max-image-preview:large, max-video-preview:-1\" \/>\n<link rel=\"canonical\" href=\"https:\/\/truusk.store\/sv\/produkt\/truusk-3-sits-soffa-med-sovfunktion-170x83x80cm-justerbar-ryggstod-och-fotter-varfjadrar-kuddar-linneutseende-gra\/\" \/>\n<meta property=\"og:locale\" content=\"sv_SE\" \/>\n<meta property=\"og:type\" content=\"article\" \/>\n<meta property=\"og:title\" content=\"TRUUSK 3-sits Soffa Med Sovfunktion - 170x83x80cm - Justerbar Ryggst\u00f6d Och F\u00f6tter - V\u00e5rfj\u00e4drar - Kuddar - Linneutseende - Gr\u00e5 - TRUUSK - Hem, Tr\u00e4dg\u00e5rd &amp; Fritid\" \/>\n<meta property=\"og:description\" content=\"Med denna TRUUSK b\u00e4ddsoffa \u00e4r du alltid redo f\u00f6r spontana \u00f6vernattande g\u00e4ster. I ett nafs f\u00f6rvandlas tresitssoffan till en mysig...\" \/>\n<meta property=\"og:url\" content=\"https:\/\/truusk.store\/sv\/produkt\/truusk-3-sits-soffa-med-sovfunktion-170x83x80cm-justerbar-ryggstod-och-fotter-varfjadrar-kuddar-linneutseende-gra\/\" \/>\n<meta property=\"og:site_name\" content=\"TRUUSK - Hem, Tr\u00e4dg\u00e5rd &amp; Fritid\" \/>\n<meta property=\"article:modified_time\" content=\"2026-03-12T08:40:31+00:00\" \/>\n<meta property=\"og:image\" content=\"https:\/\/i0.wp.com\/truusk.se\/wp-content\/uploads\/2025\/06\/3-sits-soffa-med-sovfunktion-170x83x80cm-med-3-stegs-justerbar-ryggstod-och-fotter-varfjadrar-kuddar-linneutseende-gra-1.webp?fit=2000%2C2000&ssl=1\" \/>\n\t<meta property=\"og:image:width\" content=\"2000\" \/>\n\t<meta property=\"og:image:height\" content=\"2000\" \/>\n\t<meta property=\"og:image:type\" content=\"image\/webp\" \/>\n<meta name=\"twitter:card\" content=\"summary_large_image\" \/>\n<meta name=\"twitter:label1\" content=\"Ber\u00e4knad l\u00e4stid\" \/>\n\t<meta name=\"twitter:data1\" content=\"1 minut\" \/>\n<!-- \/ Yoast SEO plugin. -->","yoast_head_json":{"title":"TRUUSK 3-sits Soffa Med Sovfunktion - 170x83x80cm - Justerbar Ryggst\u00f6d Och F\u00f6tter - V\u00e5rfj\u00e4drar - Kuddar - Linneutseende - Gr\u00e5 - TRUUSK - Hem, Tr\u00e4dg\u00e5rd &amp; Fritid","robots":{"index":"index","follow":"follow","max-snippet":"max-snippet:-1","max-image-preview":"max-image-preview:large","max-video-preview":"max-video-preview:-1"},"canonical":"https:\/\/truusk.store\/sv\/produkt\/truusk-3-sits-soffa-med-sovfunktion-170x83x80cm-justerbar-ryggstod-och-fotter-varfjadrar-kuddar-linneutseende-gra\/","og_locale":"sv_SE","og_type":"article","og_title":"TRUUSK 3-sits Soffa Med Sovfunktion - 170x83x80cm - Justerbar Ryggst\u00f6d Och F\u00f6tter - V\u00e5rfj\u00e4drar - Kuddar - Linneutseende - Gr\u00e5 - TRUUSK - Hem, Tr\u00e4dg\u00e5rd &amp; Fritid","og_description":"Med denna TRUUSK b\u00e4ddsoffa \u00e4r du alltid redo f\u00f6r spontana \u00f6vernattande g\u00e4ster. I ett nafs f\u00f6rvandlas tresitssoffan till en mysig...","og_url":"https:\/\/truusk.store\/sv\/produkt\/truusk-3-sits-soffa-med-sovfunktion-170x83x80cm-justerbar-ryggstod-och-fotter-varfjadrar-kuddar-linneutseende-gra\/","og_site_name":"TRUUSK - Hem, Tr\u00e4dg\u00e5rd &amp; Fritid","article_modified_time":"2026-03-12T08:40:31+00:00","og_image":[{"width":2000,"height":2000,"url":"https:\/\/i0.wp.com\/truusk.se\/wp-content\/uploads\/2025\/06\/3-sits-soffa-med-sovfunktion-170x83x80cm-med-3-stegs-justerbar-ryggstod-och-fotter-varfjadrar-kuddar-linneutseende-gra-1.webp?fit=2000%2C2000&ssl=1","type":"image\/webp"}],"twitter_card":"summary_large_image","twitter_misc":{"Ber\u00e4knad l\u00e4stid":"1 minut"},"schema":{"@context":"https:\/\/schema.org","@graph":[{"@type":"WebPage","@id":"https:\/\/truusk.store\/sv\/produkt\/truusk-3-sits-soffa-med-sovfunktion-170x83x80cm-justerbar-ryggstod-och-fotter-varfjadrar-kuddar-linneutseende-gra\/","url":"https:\/\/truusk.store\/sv\/produkt\/truusk-3-sits-soffa-med-sovfunktion-170x83x80cm-justerbar-ryggstod-och-fotter-varfjadrar-kuddar-linneutseende-gra\/","name":"TRUUSK 3-sits Soffa Med Sovfunktion - 170x83x80cm - Justerbar Ryggst\u00f6d Och F\u00f6tter - V\u00e5rfj\u00e4drar - Kuddar - Linneutseende - Gr\u00e5 - TRUUSK - Hem, Tr\u00e4dg\u00e5rd &amp; Fritid","isPartOf":{"@id":"https:\/\/truusk.store\/sv\/#website"},"primaryImageOfPage":{"@id":"https:\/\/truusk.store\/sv\/produkt\/truusk-3-sits-soffa-med-sovfunktion-170x83x80cm-justerbar-ryggstod-och-fotter-varfjadrar-kuddar-linneutseende-gra\/#primaryimage"},"image":{"@id":"https:\/\/truusk.store\/sv\/produkt\/truusk-3-sits-soffa-med-sovfunktion-170x83x80cm-justerbar-ryggstod-och-fotter-varfjadrar-kuddar-linneutseende-gra\/#primaryimage"},"thumbnailUrl":"https:\/\/i0.wp.com\/truusk.store\/wp-content\/uploads\/2025\/06\/3-sits-soffa-med-sovfunktion-170x83x80cm-med-3-stegs-justerbar-ryggstod-och-fotter-varfjadrar-kuddar-linneutseende-gra-1.webp?fit=2000%2C2000&ssl=1","datePublished":"2025-06-05T00:59:40+00:00","dateModified":"2026-03-12T08:40:31+00:00","breadcrumb":{"@id":"https:\/\/truusk.store\/sv\/produkt\/truusk-3-sits-soffa-med-sovfunktion-170x83x80cm-justerbar-ryggstod-och-fotter-varfjadrar-kuddar-linneutseende-gra\/#breadcrumb"},"inLanguage":"sv-SE","potentialAction":[{"@type":"ReadAction","target":["https:\/\/truusk.store\/sv\/produkt\/truusk-3-sits-soffa-med-sovfunktion-170x83x80cm-justerbar-ryggstod-och-fotter-varfjadrar-kuddar-linneutseende-gra\/"]}]},{"@type":"ImageObject","inLanguage":"sv-SE","@id":"https:\/\/truusk.store\/sv\/produkt\/truusk-3-sits-soffa-med-sovfunktion-170x83x80cm-justerbar-ryggstod-och-fotter-varfjadrar-kuddar-linneutseende-gra\/#primaryimage","url":"https:\/\/i0.wp.com\/truusk.store\/wp-content\/uploads\/2025\/06\/3-sits-soffa-med-sovfunktion-170x83x80cm-med-3-stegs-justerbar-ryggstod-och-fotter-varfjadrar-kuddar-linneutseende-gra-1.webp?fit=2000%2C2000&ssl=1","contentUrl":"https:\/\/i0.wp.com\/truusk.store\/wp-content\/uploads\/2025\/06\/3-sits-soffa-med-sovfunktion-170x83x80cm-med-3-stegs-justerbar-ryggstod-och-fotter-varfjadrar-kuddar-linneutseende-gra-1.webp?fit=2000%2C2000&ssl=1","width":2000,"height":2000},{"@type":"BreadcrumbList","@id":"https:\/\/truusk.store\/sv\/produkt\/truusk-3-sits-soffa-med-sovfunktion-170x83x80cm-justerbar-ryggstod-och-fotter-varfjadrar-kuddar-linneutseende-gra\/#breadcrumb","itemListElement":[{"@type":"ListItem","position":1,"name":"Home","item":"https:\/\/truusk.store\/sv\/"},{"@type":"ListItem","position":2,"name":"Shop","item":"https:\/\/truusk.store\/shop\/"},{"@type":"ListItem","position":3,"name":"TRUUSK 3-sits Soffa Med Sovfunktion &#8211; 170x83x80cm &#8211; Justerbar Ryggst\u00f6d Och F\u00f6tter &#8211; V\u00e5rfj\u00e4drar &#8211; Kuddar &#8211; Linneutseende &#8211; Gr\u00e5"}]},{"@type":"WebSite","@id":"https:\/\/truusk.store\/sv\/#website","url":"https:\/\/truusk.store\/sv\/","name":"TRUUSK - Hem, Tr\u00e4dg\u00e5rd & Fritid","description":"","publisher":{"@id":"https:\/\/truusk.store\/sv\/#organization"},"potentialAction":[{"@type":"SearchAction","target":{"@type":"EntryPoint","urlTemplate":"https:\/\/truusk.store\/sv\/?s={search_term_string}"},"query-input":{"@type":"PropertyValueSpecification","valueRequired":true,"valueName":"search_term_string"}}],"inLanguage":"sv-SE"},{"@type":"Organization","@id":"https:\/\/truusk.store\/sv\/#organization","name":"TRUUSK - Hem, Tr\u00e4dg\u00e5rd & Fritid","url":"https:\/\/truusk.store\/sv\/","logo":{"@type":"ImageObject","inLanguage":"sv-SE","@id":"https:\/\/truusk.store\/sv\/#\/schema\/logo\/image\/","url":"https:\/\/i0.wp.com\/truusk.store\/wp-content\/uploads\/2026\/03\/cropped-TRUUSK.png?fit=2032%2C917&ssl=1","contentUrl":"https:\/\/i0.wp.com\/truusk.store\/wp-content\/uploads\/2026\/03\/cropped-TRUUSK.png?fit=2032%2C917&ssl=1","width":2032,"height":917,"caption":"TRUUSK - Hem, Tr\u00e4dg\u00e5rd & Fritid"},"image":{"@id":"https:\/\/truusk.store\/sv\/#\/schema\/logo\/image\/"}}]}},"jetpack_sharing_enabled":true,"_links":{"self":[{"href":"https:\/\/truusk.store\/sv\/wp-json\/wp\/v2\/product\/59992","targetHints":{"allow":["GET"]}}],"collection":[{"href":"https:\/\/truusk.store\/sv\/wp-json\/wp\/v2\/product"}],"about":[{"href":"https:\/\/truusk.store\/sv\/wp-json\/wp\/v2\/types\/product"}],"wp:featuredmedia":[{"embeddable":true,"href":"https:\/\/truusk.store\/sv\/wp-json\/wp\/v2\/media\/59983"}],"wp:attachment":[{"href":"https:\/\/truusk.store\/sv\/wp-json\/wp\/v2\/media?parent=59992"}],"wp:term":[{"taxonomy":"product_brand","embeddable":true,"href":"https:\/\/truusk.store\/sv\/wp-json\/wp\/v2\/product_brand?post=59992"},{"taxonomy":"product_cat","embeddable":true,"href":"https:\/\/truusk.store\/sv\/wp-json\/wp\/v2\/product_cat?post=59992"},{"taxonomy":"product_tag","embeddable":true,"href":"https:\/\/truusk.store\/sv\/wp-json\/wp\/v2\/product_tag?post=59992"}],"curies":[{"name":"wp","href":"https:\/\/api.w.org\/{rel}","templated":true}]}}