{"id":60032,"date":"2025-06-05T02:03:38","date_gmt":"2025-06-05T01:03:38","guid":{"rendered":"https:\/\/truusk.store\/product\/valplada-for-valpar-valphage-med-vattentatt-kisskudde-justerbar-dorr-valphage-for-sma-till-stora-hundraser\/"},"modified":"2026-03-12T09:41:07","modified_gmt":"2026-03-12T08:41:07","slug":"truusk-valphage-for-valpar-vattentatt-kisskudde-justerbar-dorr-for-sma-till-stora-hundraser","status":"publish","type":"product","link":"https:\/\/truusk.store\/sv\/produkt\/truusk-valphage-for-valpar-vattentatt-kisskudde-justerbar-dorr-for-sma-till-stora-hundraser\/","title":{"rendered":"TRUUSK Valphage f\u00f6r valpar &#8211; Vattent\u00e4tt kisskudde &#8211; Justerbar d\u00f6rr &#8211; F\u00f6r sm\u00e5 till stora hundraser"},"content":{"rendered":"<p>V\u00e4lkomna nyf\u00f6dda valpar till v\u00e5r v\u00e4rld med stil med TRUUSK valpl\u00e5da! Denna valpl\u00e5da, designad med sju element och tv\u00e5 mysiga kammare, erbjuder nyblivna hundmammor optimal komfort. D\u00f6rrens h\u00f6jd p\u00e5 valphagen kan enkelt justeras f\u00f6r att s\u00e4kerst\u00e4lla valparnas s\u00e4kerhet. Dessutom bidrar en delvis f\u00f6rseglad valpmatta till renlighet och bekv\u00e4mlighet. Idealisk f\u00f6r b\u00e5de stora och sm\u00e5 hundraser!<\/p>\n<p>Beskrivning:<\/p>\n<ul>\n<li> Sju-delat h\u00f6lje, tv\u00e5-rumsdesign st\u00f6der tikar optimalt under f\u00f6dseln<\/li>\n<li> Avtagbar d\u00f6rr p\u00e5 hundg\u00e5rden med justerbar h\u00f6jd f\u00f6r att h\u00e5lla valparna s\u00e4kra<\/li>\n<li> Vindskyddat omr\u00e5de skyddar valparna fr\u00e5n vinden, medan omr\u00e5det med galler v\u00e4ggar ger ventilation<\/li>\n<li> Inkluderar en matta som absorberar v\u00e4tskor och bidrar till b\u00e4ttre hygien<\/li>\n<li> Halkfria gummipads p\u00e5 hundg\u00e5rden f\u00f6rhindrar att den glider och \u00f6kar s\u00e4kerheten<\/li>\n<li> Ger bekv\u00e4mt utrymme f\u00f6r stora till sm\u00e5 hundraser<\/li>\n<li> Montering kr\u00e4vs<\/li>\n<\/ul>\n<p> Tekniska data:<\/p>\n<ul>\n<li> F\u00e4rg: Vit<\/li>\n<li> Material: Tall, MDF<\/li>\n<li> Totala dimensioner: 166L x 80B x 50H cm<\/li>\n<li> Enskilt panelm\u00e5tt: 80B x 50H cm<\/li>\n<li> D\u00f6rm\u00e5tt: 30,5B x 37H cm<\/li>\n<li> H\u00f6jd p\u00e5 avtagbar d\u00f6rrpanel: 12,5 cm, 25 cm<\/li>\n<li> M\u00e5tt p\u00e5 hygienmattan: 176L x 90B cm<\/li>\n<\/ul>\n<p> Leverans inneh\u00e5ller:<\/p>\n<ul>\n<li> 7 x valpl\u00e5dspaneler<\/li>\n<li> 1 x hygienmatta<\/li>\n<li> 1 x handbok<\/li>\n<\/ul>\n","protected":false},"excerpt":{"rendered":"<p>V\u00e4lkomna nyf\u00f6dda valpar till v\u00e5r v\u00e4rld med stil med TRUUSK valpl\u00e5da! Denna valpl\u00e5da, designad med sju element och tv\u00e5 mysiga&#8230;<\/p>\n","protected":false},"featured_media":60023,"template":"","meta":[],"product_brand":[],"product_cat":[878,574],"product_tag":[],"class_list":{"0":"post-60032","1":"product","2":"type-product","3":"status-publish","4":"has-post-thumbnail","6":"product_cat-djurbehov","7":"product_cat-hundtillbehor","9":"first","10":"instock","11":"sale","12":"taxable","13":"shipping-taxable","14":"purchasable","15":"product-type-simple"},"yoast_head":"<!-- This site is optimized with the Yoast SEO plugin v25.4 - https:\/\/yoast.com\/wordpress\/plugins\/seo\/ -->\n<title>TRUUSK Valphage f\u00f6r valpar - Vattent\u00e4tt kisskudde - Justerbar d\u00f6rr - F\u00f6r sm\u00e5 till stora hundraser - TRUUSK - Hem, Tr\u00e4dg\u00e5rd &amp; Fritid<\/title>\n<meta name=\"robots\" content=\"index, follow, max-snippet:-1, max-image-preview:large, max-video-preview:-1\" \/>\n<link rel=\"canonical\" href=\"https:\/\/truusk.store\/sv\/produkt\/truusk-valphage-for-valpar-vattentatt-kisskudde-justerbar-dorr-for-sma-till-stora-hundraser\/\" \/>\n<meta property=\"og:locale\" content=\"sv_SE\" \/>\n<meta property=\"og:type\" content=\"article\" \/>\n<meta property=\"og:title\" content=\"TRUUSK Valphage f\u00f6r valpar - Vattent\u00e4tt kisskudde - Justerbar d\u00f6rr - F\u00f6r sm\u00e5 till stora hundraser - TRUUSK - Hem, Tr\u00e4dg\u00e5rd &amp; Fritid\" \/>\n<meta property=\"og:description\" content=\"V\u00e4lkomna nyf\u00f6dda valpar till v\u00e5r v\u00e4rld med stil med TRUUSK valpl\u00e5da! Denna valpl\u00e5da, designad med sju element och tv\u00e5 mysiga...\" \/>\n<meta property=\"og:url\" content=\"https:\/\/truusk.store\/sv\/produkt\/truusk-valphage-for-valpar-vattentatt-kisskudde-justerbar-dorr-for-sma-till-stora-hundraser\/\" \/>\n<meta property=\"og:site_name\" content=\"TRUUSK - Hem, Tr\u00e4dg\u00e5rd &amp; Fritid\" \/>\n<meta property=\"article:modified_time\" content=\"2026-03-12T08:41:07+00:00\" \/>\n<meta property=\"og:image\" content=\"https:\/\/i0.wp.com\/truusk.se\/wp-content\/uploads\/2025\/06\/valplada-for-valpar-valphage-med-vattentatt-kisskudde-justerbar-dorr-valphage-for-sma-till-stora-hundraser-1.webp?fit=2000%2C2000&ssl=1\" \/>\n\t<meta property=\"og:image:width\" content=\"2000\" \/>\n\t<meta property=\"og:image:height\" content=\"2000\" \/>\n\t<meta property=\"og:image:type\" content=\"image\/webp\" \/>\n<meta name=\"twitter:card\" content=\"summary_large_image\" \/>\n<meta name=\"twitter:label1\" content=\"Ber\u00e4knad l\u00e4stid\" \/>\n\t<meta name=\"twitter:data1\" content=\"1 minut\" \/>\n<!-- \/ Yoast SEO plugin. -->","yoast_head_json":{"title":"TRUUSK Valphage f\u00f6r valpar - Vattent\u00e4tt kisskudde - Justerbar d\u00f6rr - F\u00f6r sm\u00e5 till stora hundraser - TRUUSK - Hem, Tr\u00e4dg\u00e5rd &amp; Fritid","robots":{"index":"index","follow":"follow","max-snippet":"max-snippet:-1","max-image-preview":"max-image-preview:large","max-video-preview":"max-video-preview:-1"},"canonical":"https:\/\/truusk.store\/sv\/produkt\/truusk-valphage-for-valpar-vattentatt-kisskudde-justerbar-dorr-for-sma-till-stora-hundraser\/","og_locale":"sv_SE","og_type":"article","og_title":"TRUUSK Valphage f\u00f6r valpar - Vattent\u00e4tt kisskudde - Justerbar d\u00f6rr - F\u00f6r sm\u00e5 till stora hundraser - TRUUSK - Hem, Tr\u00e4dg\u00e5rd &amp; Fritid","og_description":"V\u00e4lkomna nyf\u00f6dda valpar till v\u00e5r v\u00e4rld med stil med TRUUSK valpl\u00e5da! Denna valpl\u00e5da, designad med sju element och tv\u00e5 mysiga...","og_url":"https:\/\/truusk.store\/sv\/produkt\/truusk-valphage-for-valpar-vattentatt-kisskudde-justerbar-dorr-for-sma-till-stora-hundraser\/","og_site_name":"TRUUSK - Hem, Tr\u00e4dg\u00e5rd &amp; Fritid","article_modified_time":"2026-03-12T08:41:07+00:00","og_image":[{"width":2000,"height":2000,"url":"https:\/\/i0.wp.com\/truusk.se\/wp-content\/uploads\/2025\/06\/valplada-for-valpar-valphage-med-vattentatt-kisskudde-justerbar-dorr-valphage-for-sma-till-stora-hundraser-1.webp?fit=2000%2C2000&ssl=1","type":"image\/webp"}],"twitter_card":"summary_large_image","twitter_misc":{"Ber\u00e4knad l\u00e4stid":"1 minut"},"schema":{"@context":"https:\/\/schema.org","@graph":[{"@type":"WebPage","@id":"https:\/\/truusk.store\/sv\/produkt\/truusk-valphage-for-valpar-vattentatt-kisskudde-justerbar-dorr-for-sma-till-stora-hundraser\/","url":"https:\/\/truusk.store\/sv\/produkt\/truusk-valphage-for-valpar-vattentatt-kisskudde-justerbar-dorr-for-sma-till-stora-hundraser\/","name":"TRUUSK Valphage f\u00f6r valpar - Vattent\u00e4tt kisskudde - Justerbar d\u00f6rr - F\u00f6r sm\u00e5 till stora hundraser - TRUUSK - Hem, Tr\u00e4dg\u00e5rd &amp; Fritid","isPartOf":{"@id":"https:\/\/truusk.store\/sv\/#website"},"primaryImageOfPage":{"@id":"https:\/\/truusk.store\/sv\/produkt\/truusk-valphage-for-valpar-vattentatt-kisskudde-justerbar-dorr-for-sma-till-stora-hundraser\/#primaryimage"},"image":{"@id":"https:\/\/truusk.store\/sv\/produkt\/truusk-valphage-for-valpar-vattentatt-kisskudde-justerbar-dorr-for-sma-till-stora-hundraser\/#primaryimage"},"thumbnailUrl":"https:\/\/i0.wp.com\/truusk.store\/wp-content\/uploads\/2025\/06\/valplada-for-valpar-valphage-med-vattentatt-kisskudde-justerbar-dorr-valphage-for-sma-till-stora-hundraser-1.webp?fit=2000%2C2000&ssl=1","datePublished":"2025-06-05T01:03:38+00:00","dateModified":"2026-03-12T08:41:07+00:00","breadcrumb":{"@id":"https:\/\/truusk.store\/sv\/produkt\/truusk-valphage-for-valpar-vattentatt-kisskudde-justerbar-dorr-for-sma-till-stora-hundraser\/#breadcrumb"},"inLanguage":"sv-SE","potentialAction":[{"@type":"ReadAction","target":["https:\/\/truusk.store\/sv\/produkt\/truusk-valphage-for-valpar-vattentatt-kisskudde-justerbar-dorr-for-sma-till-stora-hundraser\/"]}]},{"@type":"ImageObject","inLanguage":"sv-SE","@id":"https:\/\/truusk.store\/sv\/produkt\/truusk-valphage-for-valpar-vattentatt-kisskudde-justerbar-dorr-for-sma-till-stora-hundraser\/#primaryimage","url":"https:\/\/i0.wp.com\/truusk.store\/wp-content\/uploads\/2025\/06\/valplada-for-valpar-valphage-med-vattentatt-kisskudde-justerbar-dorr-valphage-for-sma-till-stora-hundraser-1.webp?fit=2000%2C2000&ssl=1","contentUrl":"https:\/\/i0.wp.com\/truusk.store\/wp-content\/uploads\/2025\/06\/valplada-for-valpar-valphage-med-vattentatt-kisskudde-justerbar-dorr-valphage-for-sma-till-stora-hundraser-1.webp?fit=2000%2C2000&ssl=1","width":2000,"height":2000},{"@type":"BreadcrumbList","@id":"https:\/\/truusk.store\/sv\/produkt\/truusk-valphage-for-valpar-vattentatt-kisskudde-justerbar-dorr-for-sma-till-stora-hundraser\/#breadcrumb","itemListElement":[{"@type":"ListItem","position":1,"name":"Home","item":"https:\/\/truusk.store\/sv\/"},{"@type":"ListItem","position":2,"name":"Shop","item":"https:\/\/truusk.store\/shop\/"},{"@type":"ListItem","position":3,"name":"TRUUSK Valphage f\u00f6r valpar &#8211; Vattent\u00e4tt kisskudde &#8211; Justerbar d\u00f6rr &#8211; F\u00f6r sm\u00e5 till stora hundraser"}]},{"@type":"WebSite","@id":"https:\/\/truusk.store\/sv\/#website","url":"https:\/\/truusk.store\/sv\/","name":"TRUUSK - Hem, Tr\u00e4dg\u00e5rd & Fritid","description":"","publisher":{"@id":"https:\/\/truusk.store\/sv\/#organization"},"potentialAction":[{"@type":"SearchAction","target":{"@type":"EntryPoint","urlTemplate":"https:\/\/truusk.store\/sv\/?s={search_term_string}"},"query-input":{"@type":"PropertyValueSpecification","valueRequired":true,"valueName":"search_term_string"}}],"inLanguage":"sv-SE"},{"@type":"Organization","@id":"https:\/\/truusk.store\/sv\/#organization","name":"TRUUSK - Hem, Tr\u00e4dg\u00e5rd & Fritid","url":"https:\/\/truusk.store\/sv\/","logo":{"@type":"ImageObject","inLanguage":"sv-SE","@id":"https:\/\/truusk.store\/sv\/#\/schema\/logo\/image\/","url":"https:\/\/i0.wp.com\/truusk.store\/wp-content\/uploads\/2026\/03\/cropped-TRUUSK.png?fit=2032%2C917&ssl=1","contentUrl":"https:\/\/i0.wp.com\/truusk.store\/wp-content\/uploads\/2026\/03\/cropped-TRUUSK.png?fit=2032%2C917&ssl=1","width":2032,"height":917,"caption":"TRUUSK - Hem, Tr\u00e4dg\u00e5rd & Fritid"},"image":{"@id":"https:\/\/truusk.store\/sv\/#\/schema\/logo\/image\/"}}]}},"jetpack_sharing_enabled":true,"_links":{"self":[{"href":"https:\/\/truusk.store\/sv\/wp-json\/wp\/v2\/product\/60032","targetHints":{"allow":["GET"]}}],"collection":[{"href":"https:\/\/truusk.store\/sv\/wp-json\/wp\/v2\/product"}],"about":[{"href":"https:\/\/truusk.store\/sv\/wp-json\/wp\/v2\/types\/product"}],"wp:featuredmedia":[{"embeddable":true,"href":"https:\/\/truusk.store\/sv\/wp-json\/wp\/v2\/media\/60023"}],"wp:attachment":[{"href":"https:\/\/truusk.store\/sv\/wp-json\/wp\/v2\/media?parent=60032"}],"wp:term":[{"taxonomy":"product_brand","embeddable":true,"href":"https:\/\/truusk.store\/sv\/wp-json\/wp\/v2\/product_brand?post=60032"},{"taxonomy":"product_cat","embeddable":true,"href":"https:\/\/truusk.store\/sv\/wp-json\/wp\/v2\/product_cat?post=60032"},{"taxonomy":"product_tag","embeddable":true,"href":"https:\/\/truusk.store\/sv\/wp-json\/wp\/v2\/product_tag?post=60032"}],"curies":[{"name":"wp","href":"https:\/\/api.w.org\/{rel}","templated":true}]}}