{"id":60112,"date":"2025-06-05T02:11:39","date_gmt":"2025-06-05T01:11:39","guid":{"rendered":"https:\/\/truusk.store\/product\/hollywood-spegel-med-belysning-58x48cm-15-led-3-ljuslagen-10x-forstoring-barbar-touchbrytare-usb-laddningsport-vit\/"},"modified":"2026-03-12T09:41:11","modified_gmt":"2026-03-12T08:41:11","slug":"truusk-hollywood-spegel-med-belysning-58x48cm-15-led-3-ljuslagen-10x-forstoring-barbar-touchbrytare","status":"publish","type":"product","link":"https:\/\/truusk.store\/sv\/produkt\/truusk-hollywood-spegel-med-belysning-58x48cm-15-led-3-ljuslagen-10x-forstoring-barbar-touchbrytare\/","title":{"rendered":"TRUUSK Hollywood Spegel Med Belysning &#8211; 58x48cm &#8211; 15 LED &#8211; 3 Ljusl\u00e4gen &#8211; 10X F\u00f6rstoring &#8211; B\u00e4rbar &#8211; Touchbrytare &#8211;"},"content":{"rendered":"<p>Upplev en ny vinkel p\u00e5 sk\u00f6nhetsrutinen med TRUUSK LED sminkspegel. Perfekt f\u00f6r alla sminkbord, erbjuder denna spegel med 15 dimbara LED-lampor, som lyser upp till 50 000 timmar, perfekta ljusf\u00f6rh\u00e5llanden. Bli din egen makeup-influencer tack vare tre justerbara ljusl\u00e4gen och variabel ljusstyrka. Dessutom h\u00e5ller den praktiska USB-porten dina enheter alltid laddade. Ett m\u00e5ste f\u00f6r varje sk\u00f6nhetsrutin!<\/p>\n<p>Beskrivning:<\/p>\n<ul>\n<li> Gener\u00f6s spegelyta f\u00f6r en klar vy av hela ansiktet<\/li>\n<li> Utrustad med 15 LED-lampor med en livsl\u00e4ngd p\u00e5 50 000 timmar f\u00f6r l\u00e5ngvarig anv\u00e4ndning<\/li>\n<li> Inbyggd USB-port f\u00f6r bekv\u00e4m laddning av enheter<\/li>\n<li> Tre ljus temperaturer och justerbar ljusstyrka, touch-kontroll<\/li>\n<li> Inkluderar en liten 10x f\u00f6rstorande spegel, perfekt f\u00f6r resor och exakt detaljarbete<\/li>\n<li> Kan monteras p\u00e5 v\u00e4ggen eller placeras p\u00e5 bordet<\/li>\n<li> Robust metallram garanterar h\u00f6g stabilitet<\/li>\n<li> Idealisk som en g\u00e5va f\u00f6r kosmetik\u00e4lskare<\/li>\n<\/ul>\n<p>Tekniska data:<\/p>\n<ul>\n<li> F\u00e4rg: Vit<\/li>\n<li> Material: Glas, Metall<\/li>\n<li> Totala dimensioner: 58B x 48H x 14T cm<\/li>\n<li> Spegeldimensioner: 58B x 46H cm<\/li>\n<li> Glas tjocklek: 4 mm<\/li>\n<li> F\u00e4rgtemperatur: 3000K\/4000K\/6500K<\/li>\n<li> Ljusstyrka: 1277 lumen<\/li>\n<li> Livsl\u00e4ngd: 50 000 timmar<\/li>\n<li> Ing\u00e5ng: 220-240V, 50-60Hz<\/li>\n<li> Effekt: Totalt: 24W, LED: 15W, USB: 9W<\/li>\n<li> Kabell\u00e4ngd: 1,5 m<\/li>\n<\/ul>\n<p>Leveransinneh\u00e5ll:<\/p>\n<ul>\n<li> 1 x LED-sminkspegel<\/li>\n<li> 1 x Bruksanvisning<\/li>\n<\/ul>\n","protected":false},"excerpt":{"rendered":"<p>Upplev en ny vinkel p\u00e5 sk\u00f6nhetsrutinen med TRUUSK LED sminkspegel. Perfekt f\u00f6r alla sminkbord, erbjuder denna spegel med 15 dimbara&#8230;<\/p>\n","protected":false},"featured_media":60103,"template":"","meta":[],"product_brand":[],"product_cat":[871,504,897],"product_tag":[],"class_list":{"0":"post-60112","1":"product","2":"type-product","3":"status-publish","4":"has-post-thumbnail","6":"product_cat-hus-hem","7":"product_cat-sminkbord-speglar","8":"product_cat-sovrum","10":"first","11":"instock","12":"sale","13":"taxable","14":"shipping-taxable","15":"purchasable","16":"product-type-simple"},"yoast_head":"<!-- This site is optimized with the Yoast SEO plugin v25.4 - https:\/\/yoast.com\/wordpress\/plugins\/seo\/ -->\n<title>TRUUSK Hollywood Spegel Med Belysning - 58x48cm - 15 LED - 3 Ljusl\u00e4gen - 10X F\u00f6rstoring - B\u00e4rbar - Touchbrytare - TRUUSK - Hem, Tr\u00e4dg\u00e5rd &amp; Fritid<\/title>\n<meta name=\"robots\" content=\"index, follow, max-snippet:-1, max-image-preview:large, max-video-preview:-1\" \/>\n<link rel=\"canonical\" href=\"https:\/\/truusk.store\/sv\/produkt\/truusk-hollywood-spegel-med-belysning-58x48cm-15-led-3-ljuslagen-10x-forstoring-barbar-touchbrytare\/\" \/>\n<meta property=\"og:locale\" content=\"sv_SE\" \/>\n<meta property=\"og:type\" content=\"article\" \/>\n<meta property=\"og:title\" content=\"TRUUSK Hollywood Spegel Med Belysning - 58x48cm - 15 LED - 3 Ljusl\u00e4gen - 10X F\u00f6rstoring - B\u00e4rbar - Touchbrytare - TRUUSK - Hem, Tr\u00e4dg\u00e5rd &amp; Fritid\" \/>\n<meta property=\"og:description\" content=\"Upplev en ny vinkel p\u00e5 sk\u00f6nhetsrutinen med TRUUSK LED sminkspegel. Perfekt f\u00f6r alla sminkbord, erbjuder denna spegel med 15 dimbara...\" \/>\n<meta property=\"og:url\" content=\"https:\/\/truusk.store\/sv\/produkt\/truusk-hollywood-spegel-med-belysning-58x48cm-15-led-3-ljuslagen-10x-forstoring-barbar-touchbrytare\/\" \/>\n<meta property=\"og:site_name\" content=\"TRUUSK - Hem, Tr\u00e4dg\u00e5rd &amp; Fritid\" \/>\n<meta property=\"article:modified_time\" content=\"2026-03-12T08:41:11+00:00\" \/>\n<meta property=\"og:image\" content=\"https:\/\/i0.wp.com\/truusk.se\/wp-content\/uploads\/2025\/06\/hollywood-spegel-med-belysning-58x48cm-15-led-3-ljuslagen-10x-forstoring-barbar-touchbrytare-usb-laddningsport-vit-1.webp?fit=2000%2C2000&ssl=1\" \/>\n\t<meta property=\"og:image:width\" content=\"2000\" \/>\n\t<meta property=\"og:image:height\" content=\"2000\" \/>\n\t<meta property=\"og:image:type\" content=\"image\/webp\" \/>\n<meta name=\"twitter:card\" content=\"summary_large_image\" \/>\n<meta name=\"twitter:label1\" content=\"Ber\u00e4knad l\u00e4stid\" \/>\n\t<meta name=\"twitter:data1\" content=\"1 minut\" \/>\n<!-- \/ Yoast SEO plugin. -->","yoast_head_json":{"title":"TRUUSK Hollywood Spegel Med Belysning - 58x48cm - 15 LED - 3 Ljusl\u00e4gen - 10X F\u00f6rstoring - B\u00e4rbar - Touchbrytare - TRUUSK - Hem, Tr\u00e4dg\u00e5rd &amp; Fritid","robots":{"index":"index","follow":"follow","max-snippet":"max-snippet:-1","max-image-preview":"max-image-preview:large","max-video-preview":"max-video-preview:-1"},"canonical":"https:\/\/truusk.store\/sv\/produkt\/truusk-hollywood-spegel-med-belysning-58x48cm-15-led-3-ljuslagen-10x-forstoring-barbar-touchbrytare\/","og_locale":"sv_SE","og_type":"article","og_title":"TRUUSK Hollywood Spegel Med Belysning - 58x48cm - 15 LED - 3 Ljusl\u00e4gen - 10X F\u00f6rstoring - B\u00e4rbar - Touchbrytare - TRUUSK - Hem, Tr\u00e4dg\u00e5rd &amp; Fritid","og_description":"Upplev en ny vinkel p\u00e5 sk\u00f6nhetsrutinen med TRUUSK LED sminkspegel. Perfekt f\u00f6r alla sminkbord, erbjuder denna spegel med 15 dimbara...","og_url":"https:\/\/truusk.store\/sv\/produkt\/truusk-hollywood-spegel-med-belysning-58x48cm-15-led-3-ljuslagen-10x-forstoring-barbar-touchbrytare\/","og_site_name":"TRUUSK - Hem, Tr\u00e4dg\u00e5rd &amp; Fritid","article_modified_time":"2026-03-12T08:41:11+00:00","og_image":[{"width":2000,"height":2000,"url":"https:\/\/i0.wp.com\/truusk.se\/wp-content\/uploads\/2025\/06\/hollywood-spegel-med-belysning-58x48cm-15-led-3-ljuslagen-10x-forstoring-barbar-touchbrytare-usb-laddningsport-vit-1.webp?fit=2000%2C2000&ssl=1","type":"image\/webp"}],"twitter_card":"summary_large_image","twitter_misc":{"Ber\u00e4knad l\u00e4stid":"1 minut"},"schema":{"@context":"https:\/\/schema.org","@graph":[{"@type":"WebPage","@id":"https:\/\/truusk.store\/sv\/produkt\/truusk-hollywood-spegel-med-belysning-58x48cm-15-led-3-ljuslagen-10x-forstoring-barbar-touchbrytare\/","url":"https:\/\/truusk.store\/sv\/produkt\/truusk-hollywood-spegel-med-belysning-58x48cm-15-led-3-ljuslagen-10x-forstoring-barbar-touchbrytare\/","name":"TRUUSK Hollywood Spegel Med Belysning - 58x48cm - 15 LED - 3 Ljusl\u00e4gen - 10X F\u00f6rstoring - B\u00e4rbar - Touchbrytare - TRUUSK - Hem, Tr\u00e4dg\u00e5rd &amp; Fritid","isPartOf":{"@id":"https:\/\/truusk.store\/sv\/#website"},"primaryImageOfPage":{"@id":"https:\/\/truusk.store\/sv\/produkt\/truusk-hollywood-spegel-med-belysning-58x48cm-15-led-3-ljuslagen-10x-forstoring-barbar-touchbrytare\/#primaryimage"},"image":{"@id":"https:\/\/truusk.store\/sv\/produkt\/truusk-hollywood-spegel-med-belysning-58x48cm-15-led-3-ljuslagen-10x-forstoring-barbar-touchbrytare\/#primaryimage"},"thumbnailUrl":"https:\/\/i0.wp.com\/truusk.store\/wp-content\/uploads\/2025\/06\/hollywood-spegel-med-belysning-58x48cm-15-led-3-ljuslagen-10x-forstoring-barbar-touchbrytare-usb-laddningsport-vit-1.webp?fit=2000%2C2000&ssl=1","datePublished":"2025-06-05T01:11:39+00:00","dateModified":"2026-03-12T08:41:11+00:00","breadcrumb":{"@id":"https:\/\/truusk.store\/sv\/produkt\/truusk-hollywood-spegel-med-belysning-58x48cm-15-led-3-ljuslagen-10x-forstoring-barbar-touchbrytare\/#breadcrumb"},"inLanguage":"sv-SE","potentialAction":[{"@type":"ReadAction","target":["https:\/\/truusk.store\/sv\/produkt\/truusk-hollywood-spegel-med-belysning-58x48cm-15-led-3-ljuslagen-10x-forstoring-barbar-touchbrytare\/"]}]},{"@type":"ImageObject","inLanguage":"sv-SE","@id":"https:\/\/truusk.store\/sv\/produkt\/truusk-hollywood-spegel-med-belysning-58x48cm-15-led-3-ljuslagen-10x-forstoring-barbar-touchbrytare\/#primaryimage","url":"https:\/\/i0.wp.com\/truusk.store\/wp-content\/uploads\/2025\/06\/hollywood-spegel-med-belysning-58x48cm-15-led-3-ljuslagen-10x-forstoring-barbar-touchbrytare-usb-laddningsport-vit-1.webp?fit=2000%2C2000&ssl=1","contentUrl":"https:\/\/i0.wp.com\/truusk.store\/wp-content\/uploads\/2025\/06\/hollywood-spegel-med-belysning-58x48cm-15-led-3-ljuslagen-10x-forstoring-barbar-touchbrytare-usb-laddningsport-vit-1.webp?fit=2000%2C2000&ssl=1","width":2000,"height":2000},{"@type":"BreadcrumbList","@id":"https:\/\/truusk.store\/sv\/produkt\/truusk-hollywood-spegel-med-belysning-58x48cm-15-led-3-ljuslagen-10x-forstoring-barbar-touchbrytare\/#breadcrumb","itemListElement":[{"@type":"ListItem","position":1,"name":"Home","item":"https:\/\/truusk.store\/sv\/"},{"@type":"ListItem","position":2,"name":"Shop","item":"https:\/\/truusk.store\/shop\/"},{"@type":"ListItem","position":3,"name":"TRUUSK Hollywood Spegel Med Belysning &#8211; 58x48cm &#8211; 15 LED &#8211; 3 Ljusl\u00e4gen &#8211; 10X F\u00f6rstoring &#8211; B\u00e4rbar &#8211; Touchbrytare &#8211;"}]},{"@type":"WebSite","@id":"https:\/\/truusk.store\/sv\/#website","url":"https:\/\/truusk.store\/sv\/","name":"TRUUSK - Hem, Tr\u00e4dg\u00e5rd & Fritid","description":"","publisher":{"@id":"https:\/\/truusk.store\/sv\/#organization"},"potentialAction":[{"@type":"SearchAction","target":{"@type":"EntryPoint","urlTemplate":"https:\/\/truusk.store\/sv\/?s={search_term_string}"},"query-input":{"@type":"PropertyValueSpecification","valueRequired":true,"valueName":"search_term_string"}}],"inLanguage":"sv-SE"},{"@type":"Organization","@id":"https:\/\/truusk.store\/sv\/#organization","name":"TRUUSK - Hem, Tr\u00e4dg\u00e5rd & Fritid","url":"https:\/\/truusk.store\/sv\/","logo":{"@type":"ImageObject","inLanguage":"sv-SE","@id":"https:\/\/truusk.store\/sv\/#\/schema\/logo\/image\/","url":"https:\/\/i0.wp.com\/truusk.store\/wp-content\/uploads\/2026\/03\/cropped-TRUUSK.png?fit=2032%2C917&ssl=1","contentUrl":"https:\/\/i0.wp.com\/truusk.store\/wp-content\/uploads\/2026\/03\/cropped-TRUUSK.png?fit=2032%2C917&ssl=1","width":2032,"height":917,"caption":"TRUUSK - Hem, Tr\u00e4dg\u00e5rd & Fritid"},"image":{"@id":"https:\/\/truusk.store\/sv\/#\/schema\/logo\/image\/"}}]}},"jetpack_sharing_enabled":true,"_links":{"self":[{"href":"https:\/\/truusk.store\/sv\/wp-json\/wp\/v2\/product\/60112","targetHints":{"allow":["GET"]}}],"collection":[{"href":"https:\/\/truusk.store\/sv\/wp-json\/wp\/v2\/product"}],"about":[{"href":"https:\/\/truusk.store\/sv\/wp-json\/wp\/v2\/types\/product"}],"wp:featuredmedia":[{"embeddable":true,"href":"https:\/\/truusk.store\/sv\/wp-json\/wp\/v2\/media\/60103"}],"wp:attachment":[{"href":"https:\/\/truusk.store\/sv\/wp-json\/wp\/v2\/media?parent=60112"}],"wp:term":[{"taxonomy":"product_brand","embeddable":true,"href":"https:\/\/truusk.store\/sv\/wp-json\/wp\/v2\/product_brand?post=60112"},{"taxonomy":"product_cat","embeddable":true,"href":"https:\/\/truusk.store\/sv\/wp-json\/wp\/v2\/product_cat?post=60112"},{"taxonomy":"product_tag","embeddable":true,"href":"https:\/\/truusk.store\/sv\/wp-json\/wp\/v2\/product_tag?post=60112"}],"curies":[{"name":"wp","href":"https:\/\/api.w.org\/{rel}","templated":true}]}}