{"id":60142,"date":"2025-06-05T02:14:33","date_gmt":"2025-06-05T01:14:33","guid":{"rendered":"https:\/\/truusk.store\/product\/hollywood-spegel-med-belysning-12-led-37-x-46-cm-3-ljusfarger-10x-forstoring-360-roterbar-usb-laddningsport-vit\/"},"modified":"2026-03-12T09:41:11","modified_gmt":"2026-03-12T08:41:11","slug":"truusk-hollywood-spegel-med-belysning-12-led-37-x-46-cm-3-ljusfarger-10x-forstoring-360-roterbar-usb-laddningsport","status":"publish","type":"product","link":"https:\/\/truusk.store\/sv\/produkt\/truusk-hollywood-spegel-med-belysning-12-led-37-x-46-cm-3-ljusfarger-10x-forstoring-360-roterbar-usb-laddningsport\/","title":{"rendered":"TRUUSK Hollywood Spegel Med Belysning &#8211; 12 LED &#8211; 37 X 46 Cm &#8211; 3 Ljusf\u00e4rger &#8211; 10X F\u00f6rstoring &#8211; 360\u00b0 Roterbar &#8211; USB-laddningsport &#8211;"},"content":{"rendered":"<p>Dyk in i modern sminkning med TRUUSK LED sminkspegel. Utrustad med 12 LED-lampor som lyser upp till 50 000 timmar och en mobilh\u00e5llare, blir sk\u00f6nhetsrutinen en lek. Tre ljusl\u00e4gen och justerbar ljusstyrka p\u00e5 Hollywood-spegeln ger dig en knivskarp, perfekt belyst spegelbild i alla ljusf\u00f6rh\u00e5llanden. Dessutom ser en praktisk USB-port till att din smartphone kan laddas samtidigt.<\/p>\n<p>Beskrivning:<\/p>\n<ul>\n<li> Inbyggd mobilh\u00e5llare och USB-port f\u00f6r \u00f6kad anv\u00e4ndarv\u00e4nlighet<\/li>\n<li> Tre ljusl\u00e4gen och justerbar ljusstyrka, enkelt att styra med touch<\/li>\n<li> Gener\u00f6s spegelyta f\u00f6r samtidig betraktning av hela ansiktet<\/li>\n<li> 12 LED-lampor p\u00e5 bordspegeln med en livsl\u00e4ngd p\u00e5 50 000 timmar garanterar l\u00e5ngvarig anv\u00e4ndning<\/li>\n<li> Liten 10x f\u00f6rstorande spegel, idealisk f\u00f6r resor och precisionsarbete<\/li>\n<li> 360-graders rotation av sminkspegeln m\u00f6jligg\u00f6r optimal justering<\/li>\n<li> Robust metallram ger h\u00f6g stabilitet<\/li>\n<li> Idealisk som present till kosmetik\u00e4lskare<\/li>\n<\/ul>\n<p>Tekniska data:<\/p>\n<ul>\n<li> F\u00e4rg: Vit<\/li>\n<li> Material: Glas, Metall<\/li>\n<li> Totala dimensioner: 36,5B x 45,5H x 8,5T cm<\/li>\n<li> Spegeldimensioner: 30B x 40H cm<\/li>\n<li> Glasstjocklek: 4 mm<\/li>\n<li> F\u00e4rgtemperatur: 3000K\/4000K\/6500K<\/li>\n<li> Ljusstyrka: 937 Lumen<\/li>\n<li> Livsl\u00e4ngd: 50 000 timmar<\/li>\n<li> Ing\u00e5ng: 220-240V, 50-60Hz<\/li>\n<li> Effekt: Total: 24W, LED: 11W, USB: 9W<\/li>\n<li> Kabell\u00e4ngd: 1,5 m<\/li>\n<\/ul>\n<p>Leveransinneh\u00e5ll:<\/p>\n<ul>\n<li> 1 x LED-sminkspegel<\/li>\n<li> 1 x bruksanvisning<\/li>\n<\/ul>\n","protected":false},"excerpt":{"rendered":"<p>Dyk in i modern sminkning med TRUUSK LED sminkspegel. Utrustad med 12 LED-lampor som lyser upp till 50 000 timmar&#8230;<\/p>\n","protected":false},"featured_media":60133,"template":"","meta":[],"product_brand":[],"product_cat":[871,504,897],"product_tag":[],"class_list":{"0":"post-60142","1":"product","2":"type-product","3":"status-publish","4":"has-post-thumbnail","6":"product_cat-hus-hem","7":"product_cat-sminkbord-speglar","8":"product_cat-sovrum","10":"first","11":"instock","12":"sale","13":"taxable","14":"shipping-taxable","15":"purchasable","16":"product-type-simple"},"yoast_head":"<!-- This site is optimized with the Yoast SEO plugin v25.4 - https:\/\/yoast.com\/wordpress\/plugins\/seo\/ -->\n<title>TRUUSK Hollywood Spegel Med Belysning - 12 LED - 37 X 46 Cm - 3 Ljusf\u00e4rger - 10X F\u00f6rstoring - 360\u00b0 Roterbar - USB-laddningsport - TRUUSK - Hem, Tr\u00e4dg\u00e5rd &amp; Fritid<\/title>\n<meta name=\"robots\" content=\"index, follow, max-snippet:-1, max-image-preview:large, max-video-preview:-1\" \/>\n<link rel=\"canonical\" href=\"https:\/\/truusk.store\/sv\/produkt\/truusk-hollywood-spegel-med-belysning-12-led-37-x-46-cm-3-ljusfarger-10x-forstoring-360-roterbar-usb-laddningsport\/\" \/>\n<meta property=\"og:locale\" content=\"sv_SE\" \/>\n<meta property=\"og:type\" content=\"article\" \/>\n<meta property=\"og:title\" content=\"TRUUSK Hollywood Spegel Med Belysning - 12 LED - 37 X 46 Cm - 3 Ljusf\u00e4rger - 10X F\u00f6rstoring - 360\u00b0 Roterbar - USB-laddningsport - TRUUSK - Hem, Tr\u00e4dg\u00e5rd &amp; Fritid\" \/>\n<meta property=\"og:description\" content=\"Dyk in i modern sminkning med TRUUSK LED sminkspegel. Utrustad med 12 LED-lampor som lyser upp till 50 000 timmar...\" \/>\n<meta property=\"og:url\" content=\"https:\/\/truusk.store\/sv\/produkt\/truusk-hollywood-spegel-med-belysning-12-led-37-x-46-cm-3-ljusfarger-10x-forstoring-360-roterbar-usb-laddningsport\/\" \/>\n<meta property=\"og:site_name\" content=\"TRUUSK - Hem, Tr\u00e4dg\u00e5rd &amp; Fritid\" \/>\n<meta property=\"article:modified_time\" content=\"2026-03-12T08:41:11+00:00\" \/>\n<meta property=\"og:image\" content=\"https:\/\/i0.wp.com\/truusk.se\/wp-content\/uploads\/2025\/06\/hollywood-spegel-med-belysning-12-led-37-x-46-cm-3-ljusfarger-10x-forstoring-360-roterbar-usb-laddningsport-vit-1.webp?fit=2000%2C2000&ssl=1\" \/>\n\t<meta property=\"og:image:width\" content=\"2000\" \/>\n\t<meta property=\"og:image:height\" content=\"2000\" \/>\n\t<meta property=\"og:image:type\" content=\"image\/webp\" \/>\n<meta name=\"twitter:card\" content=\"summary_large_image\" \/>\n<meta name=\"twitter:label1\" content=\"Ber\u00e4knad l\u00e4stid\" \/>\n\t<meta name=\"twitter:data1\" content=\"1 minut\" \/>\n<!-- \/ Yoast SEO plugin. -->","yoast_head_json":{"title":"TRUUSK Hollywood Spegel Med Belysning - 12 LED - 37 X 46 Cm - 3 Ljusf\u00e4rger - 10X F\u00f6rstoring - 360\u00b0 Roterbar - USB-laddningsport - TRUUSK - Hem, Tr\u00e4dg\u00e5rd &amp; Fritid","robots":{"index":"index","follow":"follow","max-snippet":"max-snippet:-1","max-image-preview":"max-image-preview:large","max-video-preview":"max-video-preview:-1"},"canonical":"https:\/\/truusk.store\/sv\/produkt\/truusk-hollywood-spegel-med-belysning-12-led-37-x-46-cm-3-ljusfarger-10x-forstoring-360-roterbar-usb-laddningsport\/","og_locale":"sv_SE","og_type":"article","og_title":"TRUUSK Hollywood Spegel Med Belysning - 12 LED - 37 X 46 Cm - 3 Ljusf\u00e4rger - 10X F\u00f6rstoring - 360\u00b0 Roterbar - USB-laddningsport - TRUUSK - Hem, Tr\u00e4dg\u00e5rd &amp; Fritid","og_description":"Dyk in i modern sminkning med TRUUSK LED sminkspegel. Utrustad med 12 LED-lampor som lyser upp till 50 000 timmar...","og_url":"https:\/\/truusk.store\/sv\/produkt\/truusk-hollywood-spegel-med-belysning-12-led-37-x-46-cm-3-ljusfarger-10x-forstoring-360-roterbar-usb-laddningsport\/","og_site_name":"TRUUSK - Hem, Tr\u00e4dg\u00e5rd &amp; Fritid","article_modified_time":"2026-03-12T08:41:11+00:00","og_image":[{"width":2000,"height":2000,"url":"https:\/\/i0.wp.com\/truusk.se\/wp-content\/uploads\/2025\/06\/hollywood-spegel-med-belysning-12-led-37-x-46-cm-3-ljusfarger-10x-forstoring-360-roterbar-usb-laddningsport-vit-1.webp?fit=2000%2C2000&ssl=1","type":"image\/webp"}],"twitter_card":"summary_large_image","twitter_misc":{"Ber\u00e4knad l\u00e4stid":"1 minut"},"schema":{"@context":"https:\/\/schema.org","@graph":[{"@type":"WebPage","@id":"https:\/\/truusk.store\/sv\/produkt\/truusk-hollywood-spegel-med-belysning-12-led-37-x-46-cm-3-ljusfarger-10x-forstoring-360-roterbar-usb-laddningsport\/","url":"https:\/\/truusk.store\/sv\/produkt\/truusk-hollywood-spegel-med-belysning-12-led-37-x-46-cm-3-ljusfarger-10x-forstoring-360-roterbar-usb-laddningsport\/","name":"TRUUSK Hollywood Spegel Med Belysning - 12 LED - 37 X 46 Cm - 3 Ljusf\u00e4rger - 10X F\u00f6rstoring - 360\u00b0 Roterbar - USB-laddningsport - TRUUSK - Hem, Tr\u00e4dg\u00e5rd &amp; Fritid","isPartOf":{"@id":"https:\/\/truusk.store\/sv\/#website"},"primaryImageOfPage":{"@id":"https:\/\/truusk.store\/sv\/produkt\/truusk-hollywood-spegel-med-belysning-12-led-37-x-46-cm-3-ljusfarger-10x-forstoring-360-roterbar-usb-laddningsport\/#primaryimage"},"image":{"@id":"https:\/\/truusk.store\/sv\/produkt\/truusk-hollywood-spegel-med-belysning-12-led-37-x-46-cm-3-ljusfarger-10x-forstoring-360-roterbar-usb-laddningsport\/#primaryimage"},"thumbnailUrl":"https:\/\/i0.wp.com\/truusk.store\/wp-content\/uploads\/2025\/06\/hollywood-spegel-med-belysning-12-led-37-x-46-cm-3-ljusfarger-10x-forstoring-360-roterbar-usb-laddningsport-vit-1.webp?fit=2000%2C2000&ssl=1","datePublished":"2025-06-05T01:14:33+00:00","dateModified":"2026-03-12T08:41:11+00:00","breadcrumb":{"@id":"https:\/\/truusk.store\/sv\/produkt\/truusk-hollywood-spegel-med-belysning-12-led-37-x-46-cm-3-ljusfarger-10x-forstoring-360-roterbar-usb-laddningsport\/#breadcrumb"},"inLanguage":"sv-SE","potentialAction":[{"@type":"ReadAction","target":["https:\/\/truusk.store\/sv\/produkt\/truusk-hollywood-spegel-med-belysning-12-led-37-x-46-cm-3-ljusfarger-10x-forstoring-360-roterbar-usb-laddningsport\/"]}]},{"@type":"ImageObject","inLanguage":"sv-SE","@id":"https:\/\/truusk.store\/sv\/produkt\/truusk-hollywood-spegel-med-belysning-12-led-37-x-46-cm-3-ljusfarger-10x-forstoring-360-roterbar-usb-laddningsport\/#primaryimage","url":"https:\/\/i0.wp.com\/truusk.store\/wp-content\/uploads\/2025\/06\/hollywood-spegel-med-belysning-12-led-37-x-46-cm-3-ljusfarger-10x-forstoring-360-roterbar-usb-laddningsport-vit-1.webp?fit=2000%2C2000&ssl=1","contentUrl":"https:\/\/i0.wp.com\/truusk.store\/wp-content\/uploads\/2025\/06\/hollywood-spegel-med-belysning-12-led-37-x-46-cm-3-ljusfarger-10x-forstoring-360-roterbar-usb-laddningsport-vit-1.webp?fit=2000%2C2000&ssl=1","width":2000,"height":2000},{"@type":"BreadcrumbList","@id":"https:\/\/truusk.store\/sv\/produkt\/truusk-hollywood-spegel-med-belysning-12-led-37-x-46-cm-3-ljusfarger-10x-forstoring-360-roterbar-usb-laddningsport\/#breadcrumb","itemListElement":[{"@type":"ListItem","position":1,"name":"Home","item":"https:\/\/truusk.store\/sv\/"},{"@type":"ListItem","position":2,"name":"Shop","item":"https:\/\/truusk.store\/shop\/"},{"@type":"ListItem","position":3,"name":"TRUUSK Hollywood Spegel Med Belysning &#8211; 12 LED &#8211; 37 X 46 Cm &#8211; 3 Ljusf\u00e4rger &#8211; 10X F\u00f6rstoring &#8211; 360\u00b0 Roterbar &#8211; USB-laddningsport &#8211;"}]},{"@type":"WebSite","@id":"https:\/\/truusk.store\/sv\/#website","url":"https:\/\/truusk.store\/sv\/","name":"TRUUSK - Hem, Tr\u00e4dg\u00e5rd & Fritid","description":"","publisher":{"@id":"https:\/\/truusk.store\/sv\/#organization"},"potentialAction":[{"@type":"SearchAction","target":{"@type":"EntryPoint","urlTemplate":"https:\/\/truusk.store\/sv\/?s={search_term_string}"},"query-input":{"@type":"PropertyValueSpecification","valueRequired":true,"valueName":"search_term_string"}}],"inLanguage":"sv-SE"},{"@type":"Organization","@id":"https:\/\/truusk.store\/sv\/#organization","name":"TRUUSK - Hem, Tr\u00e4dg\u00e5rd & Fritid","url":"https:\/\/truusk.store\/sv\/","logo":{"@type":"ImageObject","inLanguage":"sv-SE","@id":"https:\/\/truusk.store\/sv\/#\/schema\/logo\/image\/","url":"https:\/\/i0.wp.com\/truusk.store\/wp-content\/uploads\/2026\/03\/cropped-TRUUSK.png?fit=2032%2C917&ssl=1","contentUrl":"https:\/\/i0.wp.com\/truusk.store\/wp-content\/uploads\/2026\/03\/cropped-TRUUSK.png?fit=2032%2C917&ssl=1","width":2032,"height":917,"caption":"TRUUSK - Hem, Tr\u00e4dg\u00e5rd & Fritid"},"image":{"@id":"https:\/\/truusk.store\/sv\/#\/schema\/logo\/image\/"}}]}},"jetpack_sharing_enabled":true,"_links":{"self":[{"href":"https:\/\/truusk.store\/sv\/wp-json\/wp\/v2\/product\/60142","targetHints":{"allow":["GET"]}}],"collection":[{"href":"https:\/\/truusk.store\/sv\/wp-json\/wp\/v2\/product"}],"about":[{"href":"https:\/\/truusk.store\/sv\/wp-json\/wp\/v2\/types\/product"}],"wp:featuredmedia":[{"embeddable":true,"href":"https:\/\/truusk.store\/sv\/wp-json\/wp\/v2\/media\/60133"}],"wp:attachment":[{"href":"https:\/\/truusk.store\/sv\/wp-json\/wp\/v2\/media?parent=60142"}],"wp:term":[{"taxonomy":"product_brand","embeddable":true,"href":"https:\/\/truusk.store\/sv\/wp-json\/wp\/v2\/product_brand?post=60142"},{"taxonomy":"product_cat","embeddable":true,"href":"https:\/\/truusk.store\/sv\/wp-json\/wp\/v2\/product_cat?post=60142"},{"taxonomy":"product_tag","embeddable":true,"href":"https:\/\/truusk.store\/sv\/wp-json\/wp\/v2\/product_tag?post=60142"}],"curies":[{"name":"wp","href":"https:\/\/api.w.org\/{rel}","templated":true}]}}