{"id":60152,"date":"2025-06-05T02:15:26","date_gmt":"2025-06-05T01:15:26","guid":{"rendered":"https:\/\/truusk.store\/product\/boxningsram-spinning-bar-boxning-vaggfaste-hopfallbart-med-reflexstang-hojdjusterbar-360-gunga-for-vuxna-rod\/"},"modified":"2026-03-12T09:09:15","modified_gmt":"2026-03-12T08:09:15","slug":"truusk-boxningsram-spinning-bar-hopfallbart-reflexstang-hojdjusterbar-360-gunga-for-vuxna-rod","status":"publish","type":"product","link":"https:\/\/truusk.store\/sv\/produkt\/truusk-boxningsram-spinning-bar-hopfallbart-reflexstang-hojdjusterbar-360-gunga-for-vuxna-rod\/","title":{"rendered":"TRUUSK Boxningsram Spinning Bar &#8211; Hopf\u00e4llbart &#8211; Reflexst\u00e5ng &#8211; H\u00f6jdjusterbar &#8211; 360\u00b0 Gunga &#8211; F\u00f6r Vuxna &#8211; R\u00f6d"},"content":{"rendered":"<p>F\u00f6rb\u00e4ttra din kondition och uth\u00e5llighet med det smarta boxningsstativet fr\u00e5n TRUUSK! Den roterande st\u00e5ngen och slagbollen f\u00f6rb\u00e4ttrar hand-\u00f6ga-koordination, timing, reflexer och fotarbete. Oavsett om du \u00e4r boxare eller fitnessentusiast, utmanar denna fantastiska enhet dig och tar dig till en ny niv\u00e5. Med den justerbara h\u00f6jden anpassar stativet sig till dina tr\u00e4ningsbehov.<\/p>\n<p>Beskrivning:<\/p>\n<ul>\n<li> Tr\u00e4ning av reflexer, smidighet och uth\u00e5llighet &#8211; perfekt f\u00f6r boxare eller fitnessentusiaster<\/li>\n<li> 360-graders roterande st\u00e5ng, idealisk f\u00f6r att f\u00f6rb\u00e4ttra hand-\u00f6ga-koordination<\/li>\n<li> Slagboll f\u00f6r att tr\u00e4na hastighet, smidighet och koncentration<\/li>\n<li> Justerbar h\u00f6jd &#8211; l\u00e4mplig f\u00f6r olika kroppsl\u00e4ngder<\/li>\n<li> S\u00e4ker, praktisk och utrymmesbesparande v\u00e4ggmontering<\/li>\n<li> St\u00e5lramen garanterar en l\u00e5ng livsl\u00e4ngd<\/li>\n<li> Inklusive pump f\u00f6r att bl\u00e5sa upp slagbollen<\/li>\n<li> Montering kr\u00e4vs<\/li>\n<\/ul>\n<p> Tekniska data:<\/p>\n<ul>\n<li> Material: St\u00e5l, konstl\u00e4der,<\/li>\n<li> F\u00e4rg: R\u00f6d<\/li>\n<li> Totala m\u00e5tt: 79B x 72T x 20H cm<\/li>\n<li> M\u00e5tt p\u00e5 f\u00e4stet: 20B x 20T cm<\/li>\n<li> M\u00e5tt p\u00e5 st\u00f6dst\u00e5ngen: 66B x 6T x1,5H cm<\/li>\n<li> M\u00e5tt p\u00e5 slagbollen: \u00d822 x 17H cm<\/li>\n<li> M\u00e5tt p\u00e5 roterande st\u00e5ng: \u00d84 x 47L cm<\/li>\n<\/ul>\n<p>Leveransinneh\u00e5ll:<\/p>\n<ul>\n<li> 1 x Boxningsstativ<\/li>\n<li> 1 x Instruktioner<\/li>\n<\/ul>\n","protected":false},"excerpt":{"rendered":"<p>F\u00f6rb\u00e4ttra din kondition och uth\u00e5llighet med det smarta boxningsstativet fr\u00e5n TRUUSK! Den roterande st\u00e5ngen och slagbollen f\u00f6rb\u00e4ttrar hand-\u00f6ga-koordination, timing, reflexer&#8230;<\/p>\n","protected":false},"featured_media":60143,"template":"","meta":[],"product_brand":[],"product_cat":[667,873,647],"product_tag":[],"class_list":{"0":"post-60152","1":"product","2":"type-product","3":"status-publish","4":"has-post-thumbnail","6":"product_cat-boxningssack","7":"product_cat-fitness-styrketraning","8":"product_cat-sport-fritid","10":"first","11":"instock","12":"sale","13":"taxable","14":"shipping-taxable","15":"purchasable","16":"product-type-simple"},"yoast_head":"<!-- This site is optimized with the Yoast SEO plugin v25.4 - https:\/\/yoast.com\/wordpress\/plugins\/seo\/ -->\n<title>TRUUSK Boxningsram Spinning Bar - Hopf\u00e4llbart - Reflexst\u00e5ng - H\u00f6jdjusterbar - 360\u00b0 Gunga - F\u00f6r Vuxna - R\u00f6d - TRUUSK - Hem, Tr\u00e4dg\u00e5rd &amp; Fritid<\/title>\n<meta name=\"robots\" content=\"index, follow, max-snippet:-1, max-image-preview:large, max-video-preview:-1\" \/>\n<link rel=\"canonical\" href=\"https:\/\/truusk.store\/sv\/produkt\/truusk-boxningsram-spinning-bar-hopfallbart-reflexstang-hojdjusterbar-360-gunga-for-vuxna-rod\/\" \/>\n<meta property=\"og:locale\" content=\"sv_SE\" \/>\n<meta property=\"og:type\" content=\"article\" \/>\n<meta property=\"og:title\" content=\"TRUUSK Boxningsram Spinning Bar - Hopf\u00e4llbart - Reflexst\u00e5ng - H\u00f6jdjusterbar - 360\u00b0 Gunga - F\u00f6r Vuxna - R\u00f6d - TRUUSK - Hem, Tr\u00e4dg\u00e5rd &amp; Fritid\" \/>\n<meta property=\"og:description\" content=\"F\u00f6rb\u00e4ttra din kondition och uth\u00e5llighet med det smarta boxningsstativet fr\u00e5n TRUUSK! Den roterande st\u00e5ngen och slagbollen f\u00f6rb\u00e4ttrar hand-\u00f6ga-koordination, timing, reflexer...\" \/>\n<meta property=\"og:url\" content=\"https:\/\/truusk.store\/sv\/produkt\/truusk-boxningsram-spinning-bar-hopfallbart-reflexstang-hojdjusterbar-360-gunga-for-vuxna-rod\/\" \/>\n<meta property=\"og:site_name\" content=\"TRUUSK - Hem, Tr\u00e4dg\u00e5rd &amp; Fritid\" \/>\n<meta property=\"article:modified_time\" content=\"2026-03-12T08:09:15+00:00\" \/>\n<meta property=\"og:image\" content=\"https:\/\/i0.wp.com\/truusk.se\/wp-content\/uploads\/2025\/06\/boxningsram-spinning-bar-boxning-vaggfaste-hopfallbart-med-reflexstang-hojdjusterbar-360-gunga-for-vuxna-rod-1.webp?fit=2000%2C2000&ssl=1\" \/>\n\t<meta property=\"og:image:width\" content=\"2000\" \/>\n\t<meta property=\"og:image:height\" content=\"2000\" \/>\n\t<meta property=\"og:image:type\" content=\"image\/webp\" \/>\n<meta name=\"twitter:card\" content=\"summary_large_image\" \/>\n<meta name=\"twitter:label1\" content=\"Ber\u00e4knad l\u00e4stid\" \/>\n\t<meta name=\"twitter:data1\" content=\"1 minut\" \/>\n<!-- \/ Yoast SEO plugin. -->","yoast_head_json":{"title":"TRUUSK Boxningsram Spinning Bar - Hopf\u00e4llbart - Reflexst\u00e5ng - H\u00f6jdjusterbar - 360\u00b0 Gunga - F\u00f6r Vuxna - R\u00f6d - TRUUSK - Hem, Tr\u00e4dg\u00e5rd &amp; Fritid","robots":{"index":"index","follow":"follow","max-snippet":"max-snippet:-1","max-image-preview":"max-image-preview:large","max-video-preview":"max-video-preview:-1"},"canonical":"https:\/\/truusk.store\/sv\/produkt\/truusk-boxningsram-spinning-bar-hopfallbart-reflexstang-hojdjusterbar-360-gunga-for-vuxna-rod\/","og_locale":"sv_SE","og_type":"article","og_title":"TRUUSK Boxningsram Spinning Bar - Hopf\u00e4llbart - Reflexst\u00e5ng - H\u00f6jdjusterbar - 360\u00b0 Gunga - F\u00f6r Vuxna - R\u00f6d - TRUUSK - Hem, Tr\u00e4dg\u00e5rd &amp; Fritid","og_description":"F\u00f6rb\u00e4ttra din kondition och uth\u00e5llighet med det smarta boxningsstativet fr\u00e5n TRUUSK! Den roterande st\u00e5ngen och slagbollen f\u00f6rb\u00e4ttrar hand-\u00f6ga-koordination, timing, reflexer...","og_url":"https:\/\/truusk.store\/sv\/produkt\/truusk-boxningsram-spinning-bar-hopfallbart-reflexstang-hojdjusterbar-360-gunga-for-vuxna-rod\/","og_site_name":"TRUUSK - Hem, Tr\u00e4dg\u00e5rd &amp; Fritid","article_modified_time":"2026-03-12T08:09:15+00:00","og_image":[{"width":2000,"height":2000,"url":"https:\/\/i0.wp.com\/truusk.se\/wp-content\/uploads\/2025\/06\/boxningsram-spinning-bar-boxning-vaggfaste-hopfallbart-med-reflexstang-hojdjusterbar-360-gunga-for-vuxna-rod-1.webp?fit=2000%2C2000&ssl=1","type":"image\/webp"}],"twitter_card":"summary_large_image","twitter_misc":{"Ber\u00e4knad l\u00e4stid":"1 minut"},"schema":{"@context":"https:\/\/schema.org","@graph":[{"@type":"WebPage","@id":"https:\/\/truusk.store\/sv\/produkt\/truusk-boxningsram-spinning-bar-hopfallbart-reflexstang-hojdjusterbar-360-gunga-for-vuxna-rod\/","url":"https:\/\/truusk.store\/sv\/produkt\/truusk-boxningsram-spinning-bar-hopfallbart-reflexstang-hojdjusterbar-360-gunga-for-vuxna-rod\/","name":"TRUUSK Boxningsram Spinning Bar - Hopf\u00e4llbart - Reflexst\u00e5ng - H\u00f6jdjusterbar - 360\u00b0 Gunga - F\u00f6r Vuxna - R\u00f6d - TRUUSK - Hem, Tr\u00e4dg\u00e5rd &amp; Fritid","isPartOf":{"@id":"https:\/\/truusk.store\/sv\/#website"},"primaryImageOfPage":{"@id":"https:\/\/truusk.store\/sv\/produkt\/truusk-boxningsram-spinning-bar-hopfallbart-reflexstang-hojdjusterbar-360-gunga-for-vuxna-rod\/#primaryimage"},"image":{"@id":"https:\/\/truusk.store\/sv\/produkt\/truusk-boxningsram-spinning-bar-hopfallbart-reflexstang-hojdjusterbar-360-gunga-for-vuxna-rod\/#primaryimage"},"thumbnailUrl":"https:\/\/i0.wp.com\/truusk.store\/wp-content\/uploads\/2025\/06\/boxningsram-spinning-bar-boxning-vaggfaste-hopfallbart-med-reflexstang-hojdjusterbar-360-gunga-for-vuxna-rod-1.webp?fit=2000%2C2000&ssl=1","datePublished":"2025-06-05T01:15:26+00:00","dateModified":"2026-03-12T08:09:15+00:00","breadcrumb":{"@id":"https:\/\/truusk.store\/sv\/produkt\/truusk-boxningsram-spinning-bar-hopfallbart-reflexstang-hojdjusterbar-360-gunga-for-vuxna-rod\/#breadcrumb"},"inLanguage":"sv-SE","potentialAction":[{"@type":"ReadAction","target":["https:\/\/truusk.store\/sv\/produkt\/truusk-boxningsram-spinning-bar-hopfallbart-reflexstang-hojdjusterbar-360-gunga-for-vuxna-rod\/"]}]},{"@type":"ImageObject","inLanguage":"sv-SE","@id":"https:\/\/truusk.store\/sv\/produkt\/truusk-boxningsram-spinning-bar-hopfallbart-reflexstang-hojdjusterbar-360-gunga-for-vuxna-rod\/#primaryimage","url":"https:\/\/i0.wp.com\/truusk.store\/wp-content\/uploads\/2025\/06\/boxningsram-spinning-bar-boxning-vaggfaste-hopfallbart-med-reflexstang-hojdjusterbar-360-gunga-for-vuxna-rod-1.webp?fit=2000%2C2000&ssl=1","contentUrl":"https:\/\/i0.wp.com\/truusk.store\/wp-content\/uploads\/2025\/06\/boxningsram-spinning-bar-boxning-vaggfaste-hopfallbart-med-reflexstang-hojdjusterbar-360-gunga-for-vuxna-rod-1.webp?fit=2000%2C2000&ssl=1","width":2000,"height":2000},{"@type":"BreadcrumbList","@id":"https:\/\/truusk.store\/sv\/produkt\/truusk-boxningsram-spinning-bar-hopfallbart-reflexstang-hojdjusterbar-360-gunga-for-vuxna-rod\/#breadcrumb","itemListElement":[{"@type":"ListItem","position":1,"name":"Home","item":"https:\/\/truusk.store\/sv\/"},{"@type":"ListItem","position":2,"name":"Shop","item":"https:\/\/truusk.store\/shop\/"},{"@type":"ListItem","position":3,"name":"TRUUSK Boxningsram Spinning Bar &#8211; Hopf\u00e4llbart &#8211; Reflexst\u00e5ng &#8211; H\u00f6jdjusterbar &#8211; 360\u00b0 Gunga &#8211; F\u00f6r Vuxna &#8211; R\u00f6d"}]},{"@type":"WebSite","@id":"https:\/\/truusk.store\/sv\/#website","url":"https:\/\/truusk.store\/sv\/","name":"TRUUSK - Hem, Tr\u00e4dg\u00e5rd & Fritid","description":"","publisher":{"@id":"https:\/\/truusk.store\/sv\/#organization"},"potentialAction":[{"@type":"SearchAction","target":{"@type":"EntryPoint","urlTemplate":"https:\/\/truusk.store\/sv\/?s={search_term_string}"},"query-input":{"@type":"PropertyValueSpecification","valueRequired":true,"valueName":"search_term_string"}}],"inLanguage":"sv-SE"},{"@type":"Organization","@id":"https:\/\/truusk.store\/sv\/#organization","name":"TRUUSK - Hem, Tr\u00e4dg\u00e5rd & Fritid","url":"https:\/\/truusk.store\/sv\/","logo":{"@type":"ImageObject","inLanguage":"sv-SE","@id":"https:\/\/truusk.store\/sv\/#\/schema\/logo\/image\/","url":"https:\/\/i0.wp.com\/truusk.store\/wp-content\/uploads\/2026\/03\/cropped-TRUUSK.png?fit=2032%2C917&ssl=1","contentUrl":"https:\/\/i0.wp.com\/truusk.store\/wp-content\/uploads\/2026\/03\/cropped-TRUUSK.png?fit=2032%2C917&ssl=1","width":2032,"height":917,"caption":"TRUUSK - Hem, Tr\u00e4dg\u00e5rd & Fritid"},"image":{"@id":"https:\/\/truusk.store\/sv\/#\/schema\/logo\/image\/"}}]}},"jetpack_sharing_enabled":true,"_links":{"self":[{"href":"https:\/\/truusk.store\/sv\/wp-json\/wp\/v2\/product\/60152","targetHints":{"allow":["GET"]}}],"collection":[{"href":"https:\/\/truusk.store\/sv\/wp-json\/wp\/v2\/product"}],"about":[{"href":"https:\/\/truusk.store\/sv\/wp-json\/wp\/v2\/types\/product"}],"wp:featuredmedia":[{"embeddable":true,"href":"https:\/\/truusk.store\/sv\/wp-json\/wp\/v2\/media\/60143"}],"wp:attachment":[{"href":"https:\/\/truusk.store\/sv\/wp-json\/wp\/v2\/media?parent=60152"}],"wp:term":[{"taxonomy":"product_brand","embeddable":true,"href":"https:\/\/truusk.store\/sv\/wp-json\/wp\/v2\/product_brand?post=60152"},{"taxonomy":"product_cat","embeddable":true,"href":"https:\/\/truusk.store\/sv\/wp-json\/wp\/v2\/product_cat?post=60152"},{"taxonomy":"product_tag","embeddable":true,"href":"https:\/\/truusk.store\/sv\/wp-json\/wp\/v2\/product_tag?post=60152"}],"curies":[{"name":"wp","href":"https:\/\/api.w.org\/{rel}","templated":true}]}}