{"id":6018,"date":"2024-02-13T08:15:10","date_gmt":"2024-02-13T07:15:10","guid":{"rendered":"https:\/\/truusk.store\/product\/hangmatta-ram-for-hangmatta-hangmatta-stativ-med-krokar-tradgard-strand-metall-280-x-120-x-110-cm-upp-till-120kg\/"},"modified":"2026-03-12T08:55:11","modified_gmt":"2026-03-12T07:55:11","slug":"truusk-hangmatta-ram-for-hangmatta-hangmatta-stativ-med-krokar-tradgard-strand-metall-280-x-120-x-110-cm-upp-till-120kg","status":"publish","type":"product","link":"https:\/\/truusk.store\/sv\/produkt\/truusk-hangmatta-ram-for-hangmatta-hangmatta-stativ-med-krokar-tradgard-strand-metall-280-x-120-x-110-cm-upp-till-120kg\/","title":{"rendered":"TRUUSK H\u00e4ngmatta Ram f\u00f6r H\u00e4ngmatta &#8211; H\u00e4ngmatta Stativ med Krokar &#8211; Tr\u00e4dg\u00e5rd\/Strand &#8211; Metall &#8211; 280 x 120 x 110 cm &#8211; Upp till 120kg"},"content":{"rendered":"<p>Vill du ocks\u00e5 ha en h\u00e4ngmatta men vet inte var du ska h\u00e4nga den? Inga problem! Med detta h\u00e4ngmattest\u00e4ll kan du enkelt h\u00e4nga h\u00e4ngmattor i olika storlekar frist\u00e5ende, flexibelt inomhus och utomhus. Nu beh\u00f6ver du inte binda dig till en plats och oroa dig f\u00f6r den b\u00e4rande styrkan hos v\u00e4ggar och stolpar eller f\u00f6r att borra h\u00e5l f\u00f6r krokar. Den pulverlackerade metallramen \u00e4r stabil och v\u00e4derbest\u00e4ndig. Monteringen g\u00e5r snabbt och enkelt och efter bara n\u00e5gra minuter kan du luta dig tillbaka i din h\u00e4ngmatta och koppla av. Nu blir din fritid \u00e4nnu bekv\u00e4mare!<\/p>\n<h3>Beskrivning:<\/h3>\n<ul>\n<li>Stabil, slitstark metallram i svart<\/li>\n<li>Skyddsk\u00e5por f\u00f6rhindrar skador och repor p\u00e5 golvet<\/li>\n<li>L\u00e4mplig f\u00f6r utomhusbruk<\/li>\n<li>L\u00e4tt att s\u00e4tta upp och demontera<\/li>\n<li>OBS: Ramen \u00e4r l\u00e4mplig f\u00f6r h\u00e4ngmattor med maxl\u00e4ngd 330 cm (inklusive lyftselar), max ligyta: L203 x B150 cm.<\/li>\n<\/ul>\n<h3>Teknisk data:<\/h3>\n<ul>\n<li>Material: metall<\/li>\n<li>Svart f\u00e4rg<\/li>\n<li>Vikt: 11,5 kg<\/li>\n<li>\u00d6vergripande m\u00e5tt: L280 x B120 x H110 cm<\/li>\n<li>Justerbar med 10 cm mellanrum<\/li>\n<li>Lastkapacitet: 120KG<\/li>\n<\/ul>\n<h3>Leveransens omfattning:<\/h3>\n<ul>\n<li>1 x h\u00e4ngmatta ram<\/li>\n<li>1 x Monteringsanvisning<\/li>\n<\/ul>\n","protected":false},"excerpt":{"rendered":"<p>Vill du ocks\u00e5 ha en h\u00e4ngmatta men vet inte var du ska h\u00e4nga den? Inga problem! Med detta h\u00e4ngmattest\u00e4ll kan&#8230;<\/p>\n","protected":false},"featured_media":6019,"template":"","meta":[],"product_brand":[],"product_cat":[460,435,450],"product_tag":[],"class_list":{"0":"post-6018","1":"product","2":"type-product","3":"status-publish","4":"has-post-thumbnail","6":"product_cat-hangmattor-hangstolar","7":"product_cat-tradgard-och-terrass","8":"product_cat-tradgardsmobler","10":"first","11":"instock","12":"sale","13":"taxable","14":"shipping-taxable","15":"purchasable","16":"product-type-simple"},"yoast_head":"<!-- This site is optimized with the Yoast SEO plugin v25.4 - https:\/\/yoast.com\/wordpress\/plugins\/seo\/ -->\n<title>TRUUSK H\u00e4ngmatta Ram f\u00f6r H\u00e4ngmatta - H\u00e4ngmatta Stativ med Krokar - Tr\u00e4dg\u00e5rd\/Strand - Metall - 280 x 120 x 110 cm - Upp till 120kg - TRUUSK - Hem, Tr\u00e4dg\u00e5rd &amp; Fritid<\/title>\n<meta name=\"robots\" content=\"index, follow, max-snippet:-1, max-image-preview:large, max-video-preview:-1\" \/>\n<link rel=\"canonical\" href=\"https:\/\/truusk.store\/sv\/produkt\/truusk-hangmatta-ram-for-hangmatta-hangmatta-stativ-med-krokar-tradgard-strand-metall-280-x-120-x-110-cm-upp-till-120kg\/\" \/>\n<meta property=\"og:locale\" content=\"sv_SE\" \/>\n<meta property=\"og:type\" content=\"article\" \/>\n<meta property=\"og:title\" content=\"TRUUSK H\u00e4ngmatta Ram f\u00f6r H\u00e4ngmatta - H\u00e4ngmatta Stativ med Krokar - Tr\u00e4dg\u00e5rd\/Strand - Metall - 280 x 120 x 110 cm - Upp till 120kg - TRUUSK - Hem, Tr\u00e4dg\u00e5rd &amp; Fritid\" \/>\n<meta property=\"og:description\" content=\"Vill du ocks\u00e5 ha en h\u00e4ngmatta men vet inte var du ska h\u00e4nga den? Inga problem! Med detta h\u00e4ngmattest\u00e4ll kan...\" \/>\n<meta property=\"og:url\" content=\"https:\/\/truusk.store\/sv\/produkt\/truusk-hangmatta-ram-for-hangmatta-hangmatta-stativ-med-krokar-tradgard-strand-metall-280-x-120-x-110-cm-upp-till-120kg\/\" \/>\n<meta property=\"og:site_name\" content=\"TRUUSK - Hem, Tr\u00e4dg\u00e5rd &amp; Fritid\" \/>\n<meta property=\"article:modified_time\" content=\"2026-03-12T07:55:11+00:00\" \/>\n<meta property=\"og:image\" content=\"https:\/\/i0.wp.com\/truusk.se\/wp-content\/uploads\/2024\/02\/hangmatta-ram-for-hangmatta-hangmatta-stativ-med-krokar-tradgard-strand-metall-280-x-120-x-110-cm-upp-till-120kg.webp?fit=800%2C800&ssl=1\" \/>\n\t<meta property=\"og:image:width\" content=\"800\" \/>\n\t<meta property=\"og:image:height\" content=\"800\" \/>\n\t<meta property=\"og:image:type\" content=\"image\/webp\" \/>\n<meta name=\"twitter:card\" content=\"summary_large_image\" \/>\n<meta name=\"twitter:label1\" content=\"Ber\u00e4knad l\u00e4stid\" \/>\n\t<meta name=\"twitter:data1\" content=\"1 minut\" \/>\n<!-- \/ Yoast SEO plugin. -->","yoast_head_json":{"title":"TRUUSK H\u00e4ngmatta Ram f\u00f6r H\u00e4ngmatta - H\u00e4ngmatta Stativ med Krokar - Tr\u00e4dg\u00e5rd\/Strand - Metall - 280 x 120 x 110 cm - Upp till 120kg - TRUUSK - Hem, Tr\u00e4dg\u00e5rd &amp; Fritid","robots":{"index":"index","follow":"follow","max-snippet":"max-snippet:-1","max-image-preview":"max-image-preview:large","max-video-preview":"max-video-preview:-1"},"canonical":"https:\/\/truusk.store\/sv\/produkt\/truusk-hangmatta-ram-for-hangmatta-hangmatta-stativ-med-krokar-tradgard-strand-metall-280-x-120-x-110-cm-upp-till-120kg\/","og_locale":"sv_SE","og_type":"article","og_title":"TRUUSK H\u00e4ngmatta Ram f\u00f6r H\u00e4ngmatta - H\u00e4ngmatta Stativ med Krokar - Tr\u00e4dg\u00e5rd\/Strand - Metall - 280 x 120 x 110 cm - Upp till 120kg - TRUUSK - Hem, Tr\u00e4dg\u00e5rd &amp; Fritid","og_description":"Vill du ocks\u00e5 ha en h\u00e4ngmatta men vet inte var du ska h\u00e4nga den? Inga problem! Med detta h\u00e4ngmattest\u00e4ll kan...","og_url":"https:\/\/truusk.store\/sv\/produkt\/truusk-hangmatta-ram-for-hangmatta-hangmatta-stativ-med-krokar-tradgard-strand-metall-280-x-120-x-110-cm-upp-till-120kg\/","og_site_name":"TRUUSK - Hem, Tr\u00e4dg\u00e5rd &amp; Fritid","article_modified_time":"2026-03-12T07:55:11+00:00","og_image":[{"width":800,"height":800,"url":"https:\/\/i0.wp.com\/truusk.se\/wp-content\/uploads\/2024\/02\/hangmatta-ram-for-hangmatta-hangmatta-stativ-med-krokar-tradgard-strand-metall-280-x-120-x-110-cm-upp-till-120kg.webp?fit=800%2C800&ssl=1","type":"image\/webp"}],"twitter_card":"summary_large_image","twitter_misc":{"Ber\u00e4knad l\u00e4stid":"1 minut"},"schema":{"@context":"https:\/\/schema.org","@graph":[{"@type":"WebPage","@id":"https:\/\/truusk.store\/sv\/produkt\/truusk-hangmatta-ram-for-hangmatta-hangmatta-stativ-med-krokar-tradgard-strand-metall-280-x-120-x-110-cm-upp-till-120kg\/","url":"https:\/\/truusk.store\/sv\/produkt\/truusk-hangmatta-ram-for-hangmatta-hangmatta-stativ-med-krokar-tradgard-strand-metall-280-x-120-x-110-cm-upp-till-120kg\/","name":"TRUUSK H\u00e4ngmatta Ram f\u00f6r H\u00e4ngmatta - H\u00e4ngmatta Stativ med Krokar - Tr\u00e4dg\u00e5rd\/Strand - Metall - 280 x 120 x 110 cm - Upp till 120kg - TRUUSK - Hem, Tr\u00e4dg\u00e5rd &amp; Fritid","isPartOf":{"@id":"https:\/\/truusk.store\/sv\/#website"},"primaryImageOfPage":{"@id":"https:\/\/truusk.store\/sv\/produkt\/truusk-hangmatta-ram-for-hangmatta-hangmatta-stativ-med-krokar-tradgard-strand-metall-280-x-120-x-110-cm-upp-till-120kg\/#primaryimage"},"image":{"@id":"https:\/\/truusk.store\/sv\/produkt\/truusk-hangmatta-ram-for-hangmatta-hangmatta-stativ-med-krokar-tradgard-strand-metall-280-x-120-x-110-cm-upp-till-120kg\/#primaryimage"},"thumbnailUrl":"https:\/\/i0.wp.com\/truusk.store\/wp-content\/uploads\/2024\/02\/hangmatta-ram-for-hangmatta-hangmatta-stativ-med-krokar-tradgard-strand-metall-280-x-120-x-110-cm-upp-till-120kg.webp?fit=800%2C800&ssl=1","datePublished":"2024-02-13T07:15:10+00:00","dateModified":"2026-03-12T07:55:11+00:00","breadcrumb":{"@id":"https:\/\/truusk.store\/sv\/produkt\/truusk-hangmatta-ram-for-hangmatta-hangmatta-stativ-med-krokar-tradgard-strand-metall-280-x-120-x-110-cm-upp-till-120kg\/#breadcrumb"},"inLanguage":"sv-SE","potentialAction":[{"@type":"ReadAction","target":["https:\/\/truusk.store\/sv\/produkt\/truusk-hangmatta-ram-for-hangmatta-hangmatta-stativ-med-krokar-tradgard-strand-metall-280-x-120-x-110-cm-upp-till-120kg\/"]}]},{"@type":"ImageObject","inLanguage":"sv-SE","@id":"https:\/\/truusk.store\/sv\/produkt\/truusk-hangmatta-ram-for-hangmatta-hangmatta-stativ-med-krokar-tradgard-strand-metall-280-x-120-x-110-cm-upp-till-120kg\/#primaryimage","url":"https:\/\/i0.wp.com\/truusk.store\/wp-content\/uploads\/2024\/02\/hangmatta-ram-for-hangmatta-hangmatta-stativ-med-krokar-tradgard-strand-metall-280-x-120-x-110-cm-upp-till-120kg.webp?fit=800%2C800&ssl=1","contentUrl":"https:\/\/i0.wp.com\/truusk.store\/wp-content\/uploads\/2024\/02\/hangmatta-ram-for-hangmatta-hangmatta-stativ-med-krokar-tradgard-strand-metall-280-x-120-x-110-cm-upp-till-120kg.webp?fit=800%2C800&ssl=1","width":800,"height":800,"caption":"H\u00e4ngmatta Ram F\u00f6r H\u00e4ngmatta H\u00e4ngmatta Stativ Med Krokar Tr\u00e4dg\u00e5rd Strand Metall 280 X 120 X 110 Cm Upp Till 120KG 1"},{"@type":"BreadcrumbList","@id":"https:\/\/truusk.store\/sv\/produkt\/truusk-hangmatta-ram-for-hangmatta-hangmatta-stativ-med-krokar-tradgard-strand-metall-280-x-120-x-110-cm-upp-till-120kg\/#breadcrumb","itemListElement":[{"@type":"ListItem","position":1,"name":"Home","item":"https:\/\/truusk.store\/sv\/"},{"@type":"ListItem","position":2,"name":"Shop","item":"https:\/\/truusk.store\/shop\/"},{"@type":"ListItem","position":3,"name":"TRUUSK H\u00e4ngmatta Ram f\u00f6r H\u00e4ngmatta &#8211; H\u00e4ngmatta Stativ med Krokar &#8211; Tr\u00e4dg\u00e5rd\/Strand &#8211; Metall &#8211; 280 x 120 x 110 cm &#8211; Upp till 120kg"}]},{"@type":"WebSite","@id":"https:\/\/truusk.store\/sv\/#website","url":"https:\/\/truusk.store\/sv\/","name":"TRUUSK - Hem, Tr\u00e4dg\u00e5rd & Fritid","description":"","publisher":{"@id":"https:\/\/truusk.store\/sv\/#organization"},"potentialAction":[{"@type":"SearchAction","target":{"@type":"EntryPoint","urlTemplate":"https:\/\/truusk.store\/sv\/?s={search_term_string}"},"query-input":{"@type":"PropertyValueSpecification","valueRequired":true,"valueName":"search_term_string"}}],"inLanguage":"sv-SE"},{"@type":"Organization","@id":"https:\/\/truusk.store\/sv\/#organization","name":"TRUUSK - Hem, Tr\u00e4dg\u00e5rd & Fritid","url":"https:\/\/truusk.store\/sv\/","logo":{"@type":"ImageObject","inLanguage":"sv-SE","@id":"https:\/\/truusk.store\/sv\/#\/schema\/logo\/image\/","url":"https:\/\/i0.wp.com\/truusk.store\/wp-content\/uploads\/2026\/03\/cropped-TRUUSK.png?fit=2032%2C917&ssl=1","contentUrl":"https:\/\/i0.wp.com\/truusk.store\/wp-content\/uploads\/2026\/03\/cropped-TRUUSK.png?fit=2032%2C917&ssl=1","width":2032,"height":917,"caption":"TRUUSK - Hem, Tr\u00e4dg\u00e5rd & Fritid"},"image":{"@id":"https:\/\/truusk.store\/sv\/#\/schema\/logo\/image\/"}}]}},"jetpack_sharing_enabled":true,"_links":{"self":[{"href":"https:\/\/truusk.store\/sv\/wp-json\/wp\/v2\/product\/6018","targetHints":{"allow":["GET"]}}],"collection":[{"href":"https:\/\/truusk.store\/sv\/wp-json\/wp\/v2\/product"}],"about":[{"href":"https:\/\/truusk.store\/sv\/wp-json\/wp\/v2\/types\/product"}],"wp:featuredmedia":[{"embeddable":true,"href":"https:\/\/truusk.store\/sv\/wp-json\/wp\/v2\/media\/6019"}],"wp:attachment":[{"href":"https:\/\/truusk.store\/sv\/wp-json\/wp\/v2\/media?parent=6018"}],"wp:term":[{"taxonomy":"product_brand","embeddable":true,"href":"https:\/\/truusk.store\/sv\/wp-json\/wp\/v2\/product_brand?post=6018"},{"taxonomy":"product_cat","embeddable":true,"href":"https:\/\/truusk.store\/sv\/wp-json\/wp\/v2\/product_cat?post=6018"},{"taxonomy":"product_tag","embeddable":true,"href":"https:\/\/truusk.store\/sv\/wp-json\/wp\/v2\/product_tag?post=6018"}],"curies":[{"name":"wp","href":"https:\/\/api.w.org\/{rel}","templated":true}]}}