{"id":60292,"date":"2025-06-05T02:29:39","date_gmt":"2025-06-05T01:29:39","guid":{"rendered":"https:\/\/truusk.store\/product\/byra-forvaringsskap-med-10-vikbara-tyglador-modernt-sideboard-for-vardagsrum-sovrum-i-stal-svart\/"},"modified":"2026-03-12T09:36:39","modified_gmt":"2026-03-12T08:36:39","slug":"truusk-modernt-byra-forvaringsskap-med-10-vikbara-tyglador-stal-svart-for-vardagsrum-och-sovrum","status":"publish","type":"product","link":"https:\/\/truusk.store\/sv\/produkt\/truusk-modernt-byra-forvaringsskap-med-10-vikbara-tyglador-stal-svart-for-vardagsrum-och-sovrum\/","title":{"rendered":"TRUUSK Modernt Byr\u00e5 F\u00f6rvaringssk\u00e5p med 10 Vikbara Tygl\u00e5dor &#8211; St\u00e5l &#8211; Svart &#8211; F\u00f6r Vardagsrum och Sovrum"},"content":{"rendered":"<p>Denna stilfulla TRUUSK byr\u00e5 med tygl\u00e5dor erbjuder med sin neutrala f\u00e4rgpalett ett harmoniskt komplement till alla hem. Utrustad med tio l\u00e5dor &#8211; tv\u00e5 sm\u00e5, tv\u00e5 medelstora och sex stora &#8211; erbjuder den gott om utrymme f\u00f6r kl\u00e4der och mycket mer. Den robusta st\u00e5lramen p\u00e5 f\u00f6rvaringssk\u00e5pet garanterar solidt st\u00f6d, medan den medf\u00f6ljande tippskyddet erbjuder extra s\u00e4kerhet. Perfekt f\u00f6r en organiserad och tilltalande inredning.<\/p>\n<p>Beskrivning:<\/p>\n<ul>\n<li> Utrustad med tio l\u00e5dor &#8211; tv\u00e5 sm\u00e5, tv\u00e5 medelstora och sex stora<\/li>\n<li> \u00d6vre hyllan p\u00e5 f\u00f6rvaringssk\u00e5pet erbjuder extra utrymme f\u00f6r dekorationer eller vardagsf\u00f6rem\u00e5l<\/li>\n<li> Tygl\u00e5dor utrustade med handtag, l\u00e4tta att \u00f6ppna, f\u00e4lla ihop och ta ut<\/li>\n<li> Pulverlackerad st\u00e5lram p\u00e5 byr\u00e5n med justerbara f\u00f6tter f\u00f6r optimal stabilitet och balans<\/li>\n<li> Tippskydd ing\u00e5r f\u00f6r att \u00f6ka s\u00e4kerheten<\/li>\n<li> B\u00e4r maximalt 40 kg, montering kr\u00e4vs<\/li>\n<\/ul>\n<p>Tekniska data:<\/p>\n<ul>\n<li> F\u00e4rg: Svart<\/li>\n<li> Material: Non-woven, MDF, St\u00e5l<\/li>\n<li> Totala dimensioner: 100B x 30D x 100H cm<\/li>\n<li> Inre dimensioner p\u00e5 l\u00e5dorna: 45,5B x 28D x 21H cm (stor), 29,5B x 28D x 21H cm (medium), 29,5B x 28D x 10H cm (liten)<\/li>\n<li> Markfrig\u00e5ng: 5 cm<\/li>\n<li> Belastningskapacitet: 40 kg (totalt), 10 kg (\u00f6vre), 3 kg (per l\u00e5da)<\/li>\n<\/ul>\n<p>Leverans inneh\u00e5ller:<\/p>\n<ul>\n<li> 1 x Byr\u00e5<\/li>\n<li> 1 x Bruksanvisning<\/li>\n<\/ul>\n","protected":false},"excerpt":{"rendered":"<p>Denna stilfulla TRUUSK byr\u00e5 med tygl\u00e5dor erbjuder med sin neutrala f\u00e4rgpalett ett harmoniskt komplement till alla hem. Utrustad med tio&#8230;<\/p>\n","protected":false},"featured_media":60283,"template":"","meta":[],"product_brand":[],"product_cat":[956,871,910],"product_tag":[],"class_list":{"0":"post-60292","1":"product","2":"type-product","3":"status-publish","4":"has-post-thumbnail","6":"product_cat-byraer-sideboards","7":"product_cat-hus-hem","8":"product_cat-vardagsrum","10":"first","11":"instock","12":"sale","13":"taxable","14":"shipping-taxable","15":"purchasable","16":"product-type-simple"},"yoast_head":"<!-- This site is optimized with the Yoast SEO plugin v25.4 - https:\/\/yoast.com\/wordpress\/plugins\/seo\/ -->\n<title>TRUUSK Modernt Byr\u00e5 F\u00f6rvaringssk\u00e5p med 10 Vikbara Tygl\u00e5dor - St\u00e5l - Svart - F\u00f6r Vardagsrum och Sovrum - TRUUSK - Hem, Tr\u00e4dg\u00e5rd &amp; Fritid<\/title>\n<meta name=\"robots\" content=\"index, follow, max-snippet:-1, max-image-preview:large, max-video-preview:-1\" \/>\n<link rel=\"canonical\" href=\"https:\/\/truusk.store\/sv\/produkt\/truusk-modernt-byra-forvaringsskap-med-10-vikbara-tyglador-stal-svart-for-vardagsrum-och-sovrum\/\" \/>\n<meta property=\"og:locale\" content=\"sv_SE\" \/>\n<meta property=\"og:type\" content=\"article\" \/>\n<meta property=\"og:title\" content=\"TRUUSK Modernt Byr\u00e5 F\u00f6rvaringssk\u00e5p med 10 Vikbara Tygl\u00e5dor - St\u00e5l - Svart - F\u00f6r Vardagsrum och Sovrum - TRUUSK - Hem, Tr\u00e4dg\u00e5rd &amp; Fritid\" \/>\n<meta property=\"og:description\" content=\"Denna stilfulla TRUUSK byr\u00e5 med tygl\u00e5dor erbjuder med sin neutrala f\u00e4rgpalett ett harmoniskt komplement till alla hem. Utrustad med tio...\" \/>\n<meta property=\"og:url\" content=\"https:\/\/truusk.store\/sv\/produkt\/truusk-modernt-byra-forvaringsskap-med-10-vikbara-tyglador-stal-svart-for-vardagsrum-och-sovrum\/\" \/>\n<meta property=\"og:site_name\" content=\"TRUUSK - Hem, Tr\u00e4dg\u00e5rd &amp; Fritid\" \/>\n<meta property=\"article:modified_time\" content=\"2026-03-12T08:36:39+00:00\" \/>\n<meta property=\"og:image\" content=\"https:\/\/i0.wp.com\/truusk.se\/wp-content\/uploads\/2025\/06\/byra-forvaringsskap-med-10-vikbara-tyglador-modernt-sideboard-for-vardagsrum-sovrum-i-stal-svart-1.webp?fit=2000%2C2000&ssl=1\" \/>\n\t<meta property=\"og:image:width\" content=\"2000\" \/>\n\t<meta property=\"og:image:height\" content=\"2000\" \/>\n\t<meta property=\"og:image:type\" content=\"image\/webp\" \/>\n<meta name=\"twitter:card\" content=\"summary_large_image\" \/>\n<meta name=\"twitter:label1\" content=\"Ber\u00e4knad l\u00e4stid\" \/>\n\t<meta name=\"twitter:data1\" content=\"1 minut\" \/>\n<!-- \/ Yoast SEO plugin. -->","yoast_head_json":{"title":"TRUUSK Modernt Byr\u00e5 F\u00f6rvaringssk\u00e5p med 10 Vikbara Tygl\u00e5dor - St\u00e5l - Svart - F\u00f6r Vardagsrum och Sovrum - TRUUSK - Hem, Tr\u00e4dg\u00e5rd &amp; Fritid","robots":{"index":"index","follow":"follow","max-snippet":"max-snippet:-1","max-image-preview":"max-image-preview:large","max-video-preview":"max-video-preview:-1"},"canonical":"https:\/\/truusk.store\/sv\/produkt\/truusk-modernt-byra-forvaringsskap-med-10-vikbara-tyglador-stal-svart-for-vardagsrum-och-sovrum\/","og_locale":"sv_SE","og_type":"article","og_title":"TRUUSK Modernt Byr\u00e5 F\u00f6rvaringssk\u00e5p med 10 Vikbara Tygl\u00e5dor - St\u00e5l - Svart - F\u00f6r Vardagsrum och Sovrum - TRUUSK - Hem, Tr\u00e4dg\u00e5rd &amp; Fritid","og_description":"Denna stilfulla TRUUSK byr\u00e5 med tygl\u00e5dor erbjuder med sin neutrala f\u00e4rgpalett ett harmoniskt komplement till alla hem. Utrustad med tio...","og_url":"https:\/\/truusk.store\/sv\/produkt\/truusk-modernt-byra-forvaringsskap-med-10-vikbara-tyglador-stal-svart-for-vardagsrum-och-sovrum\/","og_site_name":"TRUUSK - Hem, Tr\u00e4dg\u00e5rd &amp; Fritid","article_modified_time":"2026-03-12T08:36:39+00:00","og_image":[{"width":2000,"height":2000,"url":"https:\/\/i0.wp.com\/truusk.se\/wp-content\/uploads\/2025\/06\/byra-forvaringsskap-med-10-vikbara-tyglador-modernt-sideboard-for-vardagsrum-sovrum-i-stal-svart-1.webp?fit=2000%2C2000&ssl=1","type":"image\/webp"}],"twitter_card":"summary_large_image","twitter_misc":{"Ber\u00e4knad l\u00e4stid":"1 minut"},"schema":{"@context":"https:\/\/schema.org","@graph":[{"@type":"WebPage","@id":"https:\/\/truusk.store\/sv\/produkt\/truusk-modernt-byra-forvaringsskap-med-10-vikbara-tyglador-stal-svart-for-vardagsrum-och-sovrum\/","url":"https:\/\/truusk.store\/sv\/produkt\/truusk-modernt-byra-forvaringsskap-med-10-vikbara-tyglador-stal-svart-for-vardagsrum-och-sovrum\/","name":"TRUUSK Modernt Byr\u00e5 F\u00f6rvaringssk\u00e5p med 10 Vikbara Tygl\u00e5dor - St\u00e5l - Svart - F\u00f6r Vardagsrum och Sovrum - TRUUSK - Hem, Tr\u00e4dg\u00e5rd &amp; Fritid","isPartOf":{"@id":"https:\/\/truusk.store\/sv\/#website"},"primaryImageOfPage":{"@id":"https:\/\/truusk.store\/sv\/produkt\/truusk-modernt-byra-forvaringsskap-med-10-vikbara-tyglador-stal-svart-for-vardagsrum-och-sovrum\/#primaryimage"},"image":{"@id":"https:\/\/truusk.store\/sv\/produkt\/truusk-modernt-byra-forvaringsskap-med-10-vikbara-tyglador-stal-svart-for-vardagsrum-och-sovrum\/#primaryimage"},"thumbnailUrl":"https:\/\/i0.wp.com\/truusk.store\/wp-content\/uploads\/2025\/06\/byra-forvaringsskap-med-10-vikbara-tyglador-modernt-sideboard-for-vardagsrum-sovrum-i-stal-svart-1.webp?fit=2000%2C2000&ssl=1","datePublished":"2025-06-05T01:29:39+00:00","dateModified":"2026-03-12T08:36:39+00:00","breadcrumb":{"@id":"https:\/\/truusk.store\/sv\/produkt\/truusk-modernt-byra-forvaringsskap-med-10-vikbara-tyglador-stal-svart-for-vardagsrum-och-sovrum\/#breadcrumb"},"inLanguage":"sv-SE","potentialAction":[{"@type":"ReadAction","target":["https:\/\/truusk.store\/sv\/produkt\/truusk-modernt-byra-forvaringsskap-med-10-vikbara-tyglador-stal-svart-for-vardagsrum-och-sovrum\/"]}]},{"@type":"ImageObject","inLanguage":"sv-SE","@id":"https:\/\/truusk.store\/sv\/produkt\/truusk-modernt-byra-forvaringsskap-med-10-vikbara-tyglador-stal-svart-for-vardagsrum-och-sovrum\/#primaryimage","url":"https:\/\/i0.wp.com\/truusk.store\/wp-content\/uploads\/2025\/06\/byra-forvaringsskap-med-10-vikbara-tyglador-modernt-sideboard-for-vardagsrum-sovrum-i-stal-svart-1.webp?fit=2000%2C2000&ssl=1","contentUrl":"https:\/\/i0.wp.com\/truusk.store\/wp-content\/uploads\/2025\/06\/byra-forvaringsskap-med-10-vikbara-tyglador-modernt-sideboard-for-vardagsrum-sovrum-i-stal-svart-1.webp?fit=2000%2C2000&ssl=1","width":2000,"height":2000},{"@type":"BreadcrumbList","@id":"https:\/\/truusk.store\/sv\/produkt\/truusk-modernt-byra-forvaringsskap-med-10-vikbara-tyglador-stal-svart-for-vardagsrum-och-sovrum\/#breadcrumb","itemListElement":[{"@type":"ListItem","position":1,"name":"Home","item":"https:\/\/truusk.store\/sv\/"},{"@type":"ListItem","position":2,"name":"Shop","item":"https:\/\/truusk.store\/shop\/"},{"@type":"ListItem","position":3,"name":"TRUUSK Modernt Byr\u00e5 F\u00f6rvaringssk\u00e5p med 10 Vikbara Tygl\u00e5dor &#8211; St\u00e5l &#8211; Svart &#8211; F\u00f6r Vardagsrum och Sovrum"}]},{"@type":"WebSite","@id":"https:\/\/truusk.store\/sv\/#website","url":"https:\/\/truusk.store\/sv\/","name":"TRUUSK - Hem, Tr\u00e4dg\u00e5rd & Fritid","description":"","publisher":{"@id":"https:\/\/truusk.store\/sv\/#organization"},"potentialAction":[{"@type":"SearchAction","target":{"@type":"EntryPoint","urlTemplate":"https:\/\/truusk.store\/sv\/?s={search_term_string}"},"query-input":{"@type":"PropertyValueSpecification","valueRequired":true,"valueName":"search_term_string"}}],"inLanguage":"sv-SE"},{"@type":"Organization","@id":"https:\/\/truusk.store\/sv\/#organization","name":"TRUUSK - Hem, Tr\u00e4dg\u00e5rd & Fritid","url":"https:\/\/truusk.store\/sv\/","logo":{"@type":"ImageObject","inLanguage":"sv-SE","@id":"https:\/\/truusk.store\/sv\/#\/schema\/logo\/image\/","url":"https:\/\/i0.wp.com\/truusk.store\/wp-content\/uploads\/2026\/03\/cropped-TRUUSK.png?fit=2032%2C917&ssl=1","contentUrl":"https:\/\/i0.wp.com\/truusk.store\/wp-content\/uploads\/2026\/03\/cropped-TRUUSK.png?fit=2032%2C917&ssl=1","width":2032,"height":917,"caption":"TRUUSK - Hem, Tr\u00e4dg\u00e5rd & Fritid"},"image":{"@id":"https:\/\/truusk.store\/sv\/#\/schema\/logo\/image\/"}}]}},"jetpack_sharing_enabled":true,"_links":{"self":[{"href":"https:\/\/truusk.store\/sv\/wp-json\/wp\/v2\/product\/60292","targetHints":{"allow":["GET"]}}],"collection":[{"href":"https:\/\/truusk.store\/sv\/wp-json\/wp\/v2\/product"}],"about":[{"href":"https:\/\/truusk.store\/sv\/wp-json\/wp\/v2\/types\/product"}],"wp:featuredmedia":[{"embeddable":true,"href":"https:\/\/truusk.store\/sv\/wp-json\/wp\/v2\/media\/60283"}],"wp:attachment":[{"href":"https:\/\/truusk.store\/sv\/wp-json\/wp\/v2\/media?parent=60292"}],"wp:term":[{"taxonomy":"product_brand","embeddable":true,"href":"https:\/\/truusk.store\/sv\/wp-json\/wp\/v2\/product_brand?post=60292"},{"taxonomy":"product_cat","embeddable":true,"href":"https:\/\/truusk.store\/sv\/wp-json\/wp\/v2\/product_cat?post=60292"},{"taxonomy":"product_tag","embeddable":true,"href":"https:\/\/truusk.store\/sv\/wp-json\/wp\/v2\/product_tag?post=60292"}],"curies":[{"name":"wp","href":"https:\/\/api.w.org\/{rel}","templated":true}]}}