{"id":60342,"date":"2025-06-05T02:34:31","date_gmt":"2025-06-05T01:34:31","guid":{"rendered":"https:\/\/truusk.store\/product\/hopfallbart-matbord-med-hjul-for-4-6-personer-stalbens-utdragbart-525-120-x-80-x-73-cm-idealiskt-for-kok-matsal\/"},"modified":"2026-03-12T09:28:18","modified_gmt":"2026-03-12T08:28:18","slug":"truusk-hopfallbart-matbord-med-hjul-for-4-6-personer-stalbens-utdragbart-525-120-x-80-x-73-cm-idealiskt-for-kok-matsal","status":"publish","type":"product","link":"https:\/\/truusk.store\/sv\/produkt\/truusk-hopfallbart-matbord-med-hjul-for-4-6-personer-stalbens-utdragbart-525-120-x-80-x-73-cm-idealiskt-for-kok-matsal\/","title":{"rendered":"TRUUSK Hopf\u00e4llbart Matbord Med Hjul &#8211; F\u00f6r 4-6 Personer &#8211; St\u00e5lbens &#8211; Utdragbart 52,5-120 x 80 x 73 cm &#8211; Idealiskt F\u00f6r K\u00f6k &amp; Matsal"},"content":{"rendered":"<p>Ge ditt matomr\u00e5de komfort och flexibilitet med det hopf\u00e4llbara matbordet fr\u00e5n TRUUSK! Detta utbyggnadsbara matbord kombinerar utrymmesbesparande design med elegant stil. Perfekt f\u00f6r mysiga m\u00e5ltider eller som extra arbetsyta. Tack vare de praktiska hjulen kan den enkelt flyttas till varje h\u00f6rn &#8211; idealisk f\u00f6r mindre l\u00e4genheter och en flexibel, modern inredning.<\/p>\n<p>Beskrivning:<\/p>\n<ul>\n<li> Innovativ hopf\u00e4llbar design m\u00f6jligg\u00f6r tre olika installationsalternativ<\/li>\n<li> Fullt utvikt ger bordsskivan bekv\u00e4mt utrymme f\u00f6r upp till sex personer<\/li>\n<li> H\u00f6gkvalitativ bearbetning av matbordet med robust st\u00e5lram och MDF-bordsskiva<\/li>\n<li> L\u00e4tt att underh\u00e5lla melamin-yta p\u00e5 det hopf\u00e4llbara bordet, som kan reng\u00f6ras utan anstr\u00e4ngning<\/li>\n<li> Utrustad med sex hjul, inklusive tv\u00e5 universella hjul med parkeringsbroms, f\u00f6r optimal stabilitet och l\u00e4tt man\u00f6vrering<\/li>\n<li> Montering kr\u00e4vs<\/li>\n<\/ul>\n<p> Tekniska data:<\/p>\n<ul>\n<li> F\u00e4rg: Gr\u00e5+Svart<\/li>\n<li> Material: MDF, St\u00e5l<\/li>\n<li> Utvikt: 120L x 80B x 73H cm<\/li>\n<li> Hopf\u00e4llt m\u00e5tt: 80L x 26B x 73H cm<\/li>\n<li> B\u00e4rkapacitet: 50 kg<\/li>\n<\/ul>\n<p> Leveransinneh\u00e5ll:<\/p>\n<ul>\n<li> 1 x Hopf\u00e4llbart matbord<\/li>\n<li> 1 x Handbok<\/li>\n<\/ul>\n","protected":false},"excerpt":{"rendered":"<p>Ge ditt matomr\u00e5de komfort och flexibilitet med det hopf\u00e4llbara matbordet fr\u00e5n TRUUSK! Detta utbyggnadsbara matbord kombinerar utrymmesbesparande design med elegant&#8230;<\/p>\n","protected":false},"featured_media":60333,"template":"","meta":[],"product_brand":[],"product_cat":[871,889,509],"product_tag":[],"class_list":{"0":"post-60342","1":"product","2":"type-product","3":"status-publish","4":"has-post-thumbnail","6":"product_cat-hus-hem","7":"product_cat-kok-matsal","8":"product_cat-matbord","10":"first","11":"instock","12":"sale","13":"taxable","14":"shipping-taxable","15":"purchasable","16":"product-type-simple"},"yoast_head":"<!-- This site is optimized with the Yoast SEO plugin v25.4 - https:\/\/yoast.com\/wordpress\/plugins\/seo\/ -->\n<title>TRUUSK Hopf\u00e4llbart Matbord Med Hjul - F\u00f6r 4-6 Personer - St\u00e5lbens - Utdragbart 52,5-120 x 80 x 73 cm - Idealiskt F\u00f6r K\u00f6k &amp; Matsal - TRUUSK - Hem, Tr\u00e4dg\u00e5rd &amp; Fritid<\/title>\n<meta name=\"robots\" content=\"index, follow, max-snippet:-1, max-image-preview:large, max-video-preview:-1\" \/>\n<link rel=\"canonical\" href=\"https:\/\/truusk.store\/sv\/produkt\/truusk-hopfallbart-matbord-med-hjul-for-4-6-personer-stalbens-utdragbart-525-120-x-80-x-73-cm-idealiskt-for-kok-matsal\/\" \/>\n<meta property=\"og:locale\" content=\"sv_SE\" \/>\n<meta property=\"og:type\" content=\"article\" \/>\n<meta property=\"og:title\" content=\"TRUUSK Hopf\u00e4llbart Matbord Med Hjul - F\u00f6r 4-6 Personer - St\u00e5lbens - Utdragbart 52,5-120 x 80 x 73 cm - Idealiskt F\u00f6r K\u00f6k &amp; Matsal - TRUUSK - Hem, Tr\u00e4dg\u00e5rd &amp; Fritid\" \/>\n<meta property=\"og:description\" content=\"Ge ditt matomr\u00e5de komfort och flexibilitet med det hopf\u00e4llbara matbordet fr\u00e5n TRUUSK! Detta utbyggnadsbara matbord kombinerar utrymmesbesparande design med elegant...\" \/>\n<meta property=\"og:url\" content=\"https:\/\/truusk.store\/sv\/produkt\/truusk-hopfallbart-matbord-med-hjul-for-4-6-personer-stalbens-utdragbart-525-120-x-80-x-73-cm-idealiskt-for-kok-matsal\/\" \/>\n<meta property=\"og:site_name\" content=\"TRUUSK - Hem, Tr\u00e4dg\u00e5rd &amp; Fritid\" \/>\n<meta property=\"article:modified_time\" content=\"2026-03-12T08:28:18+00:00\" \/>\n<meta property=\"og:image\" content=\"https:\/\/i0.wp.com\/truusk.se\/wp-content\/uploads\/2025\/06\/hopfallbart-matbord-med-hjul-for-4-6-personer-stalbens-utdragbart-525-120-x-80-x-73-cm-idealiskt-for-kok-matsal-1.webp?fit=2000%2C2000&ssl=1\" \/>\n\t<meta property=\"og:image:width\" content=\"2000\" \/>\n\t<meta property=\"og:image:height\" content=\"2000\" \/>\n\t<meta property=\"og:image:type\" content=\"image\/webp\" \/>\n<meta name=\"twitter:card\" content=\"summary_large_image\" \/>\n<meta name=\"twitter:label1\" content=\"Ber\u00e4knad l\u00e4stid\" \/>\n\t<meta name=\"twitter:data1\" content=\"1 minut\" \/>\n<!-- \/ Yoast SEO plugin. -->","yoast_head_json":{"title":"TRUUSK Hopf\u00e4llbart Matbord Med Hjul - F\u00f6r 4-6 Personer - St\u00e5lbens - Utdragbart 52,5-120 x 80 x 73 cm - Idealiskt F\u00f6r K\u00f6k &amp; Matsal - TRUUSK - Hem, Tr\u00e4dg\u00e5rd &amp; Fritid","robots":{"index":"index","follow":"follow","max-snippet":"max-snippet:-1","max-image-preview":"max-image-preview:large","max-video-preview":"max-video-preview:-1"},"canonical":"https:\/\/truusk.store\/sv\/produkt\/truusk-hopfallbart-matbord-med-hjul-for-4-6-personer-stalbens-utdragbart-525-120-x-80-x-73-cm-idealiskt-for-kok-matsal\/","og_locale":"sv_SE","og_type":"article","og_title":"TRUUSK Hopf\u00e4llbart Matbord Med Hjul - F\u00f6r 4-6 Personer - St\u00e5lbens - Utdragbart 52,5-120 x 80 x 73 cm - Idealiskt F\u00f6r K\u00f6k &amp; Matsal - TRUUSK - Hem, Tr\u00e4dg\u00e5rd &amp; Fritid","og_description":"Ge ditt matomr\u00e5de komfort och flexibilitet med det hopf\u00e4llbara matbordet fr\u00e5n TRUUSK! Detta utbyggnadsbara matbord kombinerar utrymmesbesparande design med elegant...","og_url":"https:\/\/truusk.store\/sv\/produkt\/truusk-hopfallbart-matbord-med-hjul-for-4-6-personer-stalbens-utdragbart-525-120-x-80-x-73-cm-idealiskt-for-kok-matsal\/","og_site_name":"TRUUSK - Hem, Tr\u00e4dg\u00e5rd &amp; Fritid","article_modified_time":"2026-03-12T08:28:18+00:00","og_image":[{"width":2000,"height":2000,"url":"https:\/\/i0.wp.com\/truusk.se\/wp-content\/uploads\/2025\/06\/hopfallbart-matbord-med-hjul-for-4-6-personer-stalbens-utdragbart-525-120-x-80-x-73-cm-idealiskt-for-kok-matsal-1.webp?fit=2000%2C2000&ssl=1","type":"image\/webp"}],"twitter_card":"summary_large_image","twitter_misc":{"Ber\u00e4knad l\u00e4stid":"1 minut"},"schema":{"@context":"https:\/\/schema.org","@graph":[{"@type":"WebPage","@id":"https:\/\/truusk.store\/sv\/produkt\/truusk-hopfallbart-matbord-med-hjul-for-4-6-personer-stalbens-utdragbart-525-120-x-80-x-73-cm-idealiskt-for-kok-matsal\/","url":"https:\/\/truusk.store\/sv\/produkt\/truusk-hopfallbart-matbord-med-hjul-for-4-6-personer-stalbens-utdragbart-525-120-x-80-x-73-cm-idealiskt-for-kok-matsal\/","name":"TRUUSK Hopf\u00e4llbart Matbord Med Hjul - F\u00f6r 4-6 Personer - St\u00e5lbens - Utdragbart 52,5-120 x 80 x 73 cm - Idealiskt F\u00f6r K\u00f6k &amp; Matsal - TRUUSK - Hem, Tr\u00e4dg\u00e5rd &amp; Fritid","isPartOf":{"@id":"https:\/\/truusk.store\/sv\/#website"},"primaryImageOfPage":{"@id":"https:\/\/truusk.store\/sv\/produkt\/truusk-hopfallbart-matbord-med-hjul-for-4-6-personer-stalbens-utdragbart-525-120-x-80-x-73-cm-idealiskt-for-kok-matsal\/#primaryimage"},"image":{"@id":"https:\/\/truusk.store\/sv\/produkt\/truusk-hopfallbart-matbord-med-hjul-for-4-6-personer-stalbens-utdragbart-525-120-x-80-x-73-cm-idealiskt-for-kok-matsal\/#primaryimage"},"thumbnailUrl":"https:\/\/i0.wp.com\/truusk.store\/wp-content\/uploads\/2025\/06\/hopfallbart-matbord-med-hjul-for-4-6-personer-stalbens-utdragbart-525-120-x-80-x-73-cm-idealiskt-for-kok-matsal-1.webp?fit=2000%2C2000&ssl=1","datePublished":"2025-06-05T01:34:31+00:00","dateModified":"2026-03-12T08:28:18+00:00","breadcrumb":{"@id":"https:\/\/truusk.store\/sv\/produkt\/truusk-hopfallbart-matbord-med-hjul-for-4-6-personer-stalbens-utdragbart-525-120-x-80-x-73-cm-idealiskt-for-kok-matsal\/#breadcrumb"},"inLanguage":"sv-SE","potentialAction":[{"@type":"ReadAction","target":["https:\/\/truusk.store\/sv\/produkt\/truusk-hopfallbart-matbord-med-hjul-for-4-6-personer-stalbens-utdragbart-525-120-x-80-x-73-cm-idealiskt-for-kok-matsal\/"]}]},{"@type":"ImageObject","inLanguage":"sv-SE","@id":"https:\/\/truusk.store\/sv\/produkt\/truusk-hopfallbart-matbord-med-hjul-for-4-6-personer-stalbens-utdragbart-525-120-x-80-x-73-cm-idealiskt-for-kok-matsal\/#primaryimage","url":"https:\/\/i0.wp.com\/truusk.store\/wp-content\/uploads\/2025\/06\/hopfallbart-matbord-med-hjul-for-4-6-personer-stalbens-utdragbart-525-120-x-80-x-73-cm-idealiskt-for-kok-matsal-1.webp?fit=2000%2C2000&ssl=1","contentUrl":"https:\/\/i0.wp.com\/truusk.store\/wp-content\/uploads\/2025\/06\/hopfallbart-matbord-med-hjul-for-4-6-personer-stalbens-utdragbart-525-120-x-80-x-73-cm-idealiskt-for-kok-matsal-1.webp?fit=2000%2C2000&ssl=1","width":2000,"height":2000},{"@type":"BreadcrumbList","@id":"https:\/\/truusk.store\/sv\/produkt\/truusk-hopfallbart-matbord-med-hjul-for-4-6-personer-stalbens-utdragbart-525-120-x-80-x-73-cm-idealiskt-for-kok-matsal\/#breadcrumb","itemListElement":[{"@type":"ListItem","position":1,"name":"Home","item":"https:\/\/truusk.store\/sv\/"},{"@type":"ListItem","position":2,"name":"Shop","item":"https:\/\/truusk.store\/shop\/"},{"@type":"ListItem","position":3,"name":"TRUUSK Hopf\u00e4llbart Matbord Med Hjul &#8211; F\u00f6r 4-6 Personer &#8211; St\u00e5lbens &#8211; Utdragbart 52,5-120 x 80 x 73 cm &#8211; Idealiskt F\u00f6r K\u00f6k &amp; Matsal"}]},{"@type":"WebSite","@id":"https:\/\/truusk.store\/sv\/#website","url":"https:\/\/truusk.store\/sv\/","name":"TRUUSK - Hem, Tr\u00e4dg\u00e5rd & Fritid","description":"","publisher":{"@id":"https:\/\/truusk.store\/sv\/#organization"},"potentialAction":[{"@type":"SearchAction","target":{"@type":"EntryPoint","urlTemplate":"https:\/\/truusk.store\/sv\/?s={search_term_string}"},"query-input":{"@type":"PropertyValueSpecification","valueRequired":true,"valueName":"search_term_string"}}],"inLanguage":"sv-SE"},{"@type":"Organization","@id":"https:\/\/truusk.store\/sv\/#organization","name":"TRUUSK - Hem, Tr\u00e4dg\u00e5rd & Fritid","url":"https:\/\/truusk.store\/sv\/","logo":{"@type":"ImageObject","inLanguage":"sv-SE","@id":"https:\/\/truusk.store\/sv\/#\/schema\/logo\/image\/","url":"https:\/\/i0.wp.com\/truusk.store\/wp-content\/uploads\/2026\/03\/cropped-TRUUSK.png?fit=2032%2C917&ssl=1","contentUrl":"https:\/\/i0.wp.com\/truusk.store\/wp-content\/uploads\/2026\/03\/cropped-TRUUSK.png?fit=2032%2C917&ssl=1","width":2032,"height":917,"caption":"TRUUSK - Hem, Tr\u00e4dg\u00e5rd & Fritid"},"image":{"@id":"https:\/\/truusk.store\/sv\/#\/schema\/logo\/image\/"}}]}},"jetpack_sharing_enabled":true,"_links":{"self":[{"href":"https:\/\/truusk.store\/sv\/wp-json\/wp\/v2\/product\/60342","targetHints":{"allow":["GET"]}}],"collection":[{"href":"https:\/\/truusk.store\/sv\/wp-json\/wp\/v2\/product"}],"about":[{"href":"https:\/\/truusk.store\/sv\/wp-json\/wp\/v2\/types\/product"}],"wp:featuredmedia":[{"embeddable":true,"href":"https:\/\/truusk.store\/sv\/wp-json\/wp\/v2\/media\/60333"}],"wp:attachment":[{"href":"https:\/\/truusk.store\/sv\/wp-json\/wp\/v2\/media?parent=60342"}],"wp:term":[{"taxonomy":"product_brand","embeddable":true,"href":"https:\/\/truusk.store\/sv\/wp-json\/wp\/v2\/product_brand?post=60342"},{"taxonomy":"product_cat","embeddable":true,"href":"https:\/\/truusk.store\/sv\/wp-json\/wp\/v2\/product_cat?post=60342"},{"taxonomy":"product_tag","embeddable":true,"href":"https:\/\/truusk.store\/sv\/wp-json\/wp\/v2\/product_tag?post=60342"}],"curies":[{"name":"wp","href":"https:\/\/api.w.org\/{rel}","templated":true}]}}