{"id":60360,"date":"2025-06-05T02:36:25","date_gmt":"2025-06-05T01:36:25","guid":{"rendered":"https:\/\/truusk.store\/product\/vaggsspegel-garderobsspegel-110-x-62cm-dekorativ-hangande-spegel-med-metallram-for-sovrum-vardagsrum-i-guld\/"},"modified":"2026-03-12T09:41:30","modified_gmt":"2026-03-12T08:41:30","slug":"truusk-dekorativ-vaggsspegel-110-x-62cm-med-metallram-for-sovrum-vardagsrum-guld","status":"publish","type":"product","link":"https:\/\/truusk.store\/sv\/produkt\/truusk-dekorativ-vaggsspegel-110-x-62cm-med-metallram-for-sovrum-vardagsrum-guld\/","title":{"rendered":"TRUUSK Dekorativ V\u00e4ggsspegel 110 X 62cm &#8211; Med Metallram &#8211; F\u00f6r Sovrum &amp; Vardagsrum &#8211; Guld"},"content":{"rendered":"<p>Ge ditt hem en touch av elegans med den f\u00f6rgyllda TRUUSK v\u00e4ggspegeln. Denna stilfulla hall spegel \u00e4r inte bara ett vackert s\u00e4tt att ljusa upp dina rum och visuellt f\u00f6rstora dem, utan ocks\u00e5 en idealisk present f\u00f6r inflyttningsfester, br\u00f6llop, jubileum eller f\u00f6delsedagar. G\u00f6r ett gl\u00e4nsande uttalande i dina vardagsutrymmen med denna uts\u00f6kta dekorationsspegel.<\/p>\n<p>Beskrivning:<\/p>\n<ul>\n<li> V\u00e4ggspegelns b\u00e5gf\u00f6nsterram med integrerat spalj\u00e9 f\u00f6r stilfulla accenter<\/li>\n<li> Ljusar upp rummet och skapar en visuell rumsf\u00f6rstoring<\/li>\n<li> L\u00e4tt att f\u00e4sta p\u00e5 v\u00e4ggen<\/li>\n<li> Tjockt, flerskiktigt glas som \u00e4r bruchs\u00e4kert och splitterfritt<\/li>\n<li> Metallramen p\u00e5 hall spegeln med pulverlackering garanterar h\u00f6g stabilitet<\/li>\n<li> Idealisk f\u00f6r badrum, vardagsrum, sovrum, matsal och hall<\/li>\n<li> Perfekt f\u00f6r v\u00e4nner, partners eller f\u00f6r\u00e4ldrar<\/li>\n<\/ul>\n<p> Tekniska data:<\/p>\n<ul>\n<li> F\u00e4rg: Guld<\/li>\n<li> Material: Aluminiumlegering, Glas<\/li>\n<li> Totala dimensioner: 65L x 2,5B x 110H cm<\/li>\n<li> Spegelyta: 62B x 107H cm<\/li>\n<li> Glasets tjocklek: 3,8 mm<\/li>\n<li> Vikt: 9 kg<\/li>\n<\/ul>\n<p>Leveransinneh\u00e5ll:<\/p>\n<ul>\n<li> 1 x V\u00e4ggspegel;<\/li>\n<\/ul>\n","protected":false},"excerpt":{"rendered":"<p>Ge ditt hem en touch av elegans med den f\u00f6rgyllda TRUUSK v\u00e4ggspegeln. Denna stilfulla hall spegel \u00e4r inte bara ett&#8230;<\/p>\n","protected":false},"featured_media":60351,"template":"","meta":[],"product_brand":[],"product_cat":[962,871,721],"product_tag":[],"class_list":{"0":"post-60360","1":"product","2":"type-product","3":"status-publish","4":"has-post-thumbnail","6":"product_cat-dekoration","7":"product_cat-hus-hem","8":"product_cat-spegel","10":"first","11":"instock","12":"sale","13":"taxable","14":"shipping-taxable","15":"purchasable","16":"product-type-simple"},"yoast_head":"<!-- This site is optimized with the Yoast SEO plugin v25.4 - https:\/\/yoast.com\/wordpress\/plugins\/seo\/ -->\n<title>TRUUSK Dekorativ V\u00e4ggsspegel 110 X 62cm - Med Metallram - F\u00f6r Sovrum &amp; Vardagsrum - Guld - TRUUSK - Hem, Tr\u00e4dg\u00e5rd &amp; Fritid<\/title>\n<meta name=\"robots\" content=\"index, follow, max-snippet:-1, max-image-preview:large, max-video-preview:-1\" \/>\n<link rel=\"canonical\" href=\"https:\/\/truusk.store\/sv\/produkt\/truusk-dekorativ-vaggsspegel-110-x-62cm-med-metallram-for-sovrum-vardagsrum-guld\/\" \/>\n<meta property=\"og:locale\" content=\"sv_SE\" \/>\n<meta property=\"og:type\" content=\"article\" \/>\n<meta property=\"og:title\" content=\"TRUUSK Dekorativ V\u00e4ggsspegel 110 X 62cm - Med Metallram - F\u00f6r Sovrum &amp; Vardagsrum - Guld - TRUUSK - Hem, Tr\u00e4dg\u00e5rd &amp; Fritid\" \/>\n<meta property=\"og:description\" content=\"Ge ditt hem en touch av elegans med den f\u00f6rgyllda TRUUSK v\u00e4ggspegeln. Denna stilfulla hall spegel \u00e4r inte bara ett...\" \/>\n<meta property=\"og:url\" content=\"https:\/\/truusk.store\/sv\/produkt\/truusk-dekorativ-vaggsspegel-110-x-62cm-med-metallram-for-sovrum-vardagsrum-guld\/\" \/>\n<meta property=\"og:site_name\" content=\"TRUUSK - Hem, Tr\u00e4dg\u00e5rd &amp; Fritid\" \/>\n<meta property=\"article:modified_time\" content=\"2026-03-12T08:41:30+00:00\" \/>\n<meta property=\"og:image\" content=\"https:\/\/i0.wp.com\/truusk.se\/wp-content\/uploads\/2025\/06\/vaggsspegel-garderobsspegel-110-x-62cm-dekorativ-hangande-spegel-med-metallram-for-sovrum-vardagsrum-i-guld-1.webp?fit=2000%2C2000&ssl=1\" \/>\n\t<meta property=\"og:image:width\" content=\"2000\" \/>\n\t<meta property=\"og:image:height\" content=\"2000\" \/>\n\t<meta property=\"og:image:type\" content=\"image\/webp\" \/>\n<meta name=\"twitter:card\" content=\"summary_large_image\" \/>\n<meta name=\"twitter:label1\" content=\"Ber\u00e4knad l\u00e4stid\" \/>\n\t<meta name=\"twitter:data1\" content=\"1 minut\" \/>\n<!-- \/ Yoast SEO plugin. -->","yoast_head_json":{"title":"TRUUSK Dekorativ V\u00e4ggsspegel 110 X 62cm - Med Metallram - F\u00f6r Sovrum &amp; Vardagsrum - Guld - TRUUSK - Hem, Tr\u00e4dg\u00e5rd &amp; Fritid","robots":{"index":"index","follow":"follow","max-snippet":"max-snippet:-1","max-image-preview":"max-image-preview:large","max-video-preview":"max-video-preview:-1"},"canonical":"https:\/\/truusk.store\/sv\/produkt\/truusk-dekorativ-vaggsspegel-110-x-62cm-med-metallram-for-sovrum-vardagsrum-guld\/","og_locale":"sv_SE","og_type":"article","og_title":"TRUUSK Dekorativ V\u00e4ggsspegel 110 X 62cm - Med Metallram - F\u00f6r Sovrum &amp; Vardagsrum - Guld - TRUUSK - Hem, Tr\u00e4dg\u00e5rd &amp; Fritid","og_description":"Ge ditt hem en touch av elegans med den f\u00f6rgyllda TRUUSK v\u00e4ggspegeln. Denna stilfulla hall spegel \u00e4r inte bara ett...","og_url":"https:\/\/truusk.store\/sv\/produkt\/truusk-dekorativ-vaggsspegel-110-x-62cm-med-metallram-for-sovrum-vardagsrum-guld\/","og_site_name":"TRUUSK - Hem, Tr\u00e4dg\u00e5rd &amp; Fritid","article_modified_time":"2026-03-12T08:41:30+00:00","og_image":[{"width":2000,"height":2000,"url":"https:\/\/i0.wp.com\/truusk.se\/wp-content\/uploads\/2025\/06\/vaggsspegel-garderobsspegel-110-x-62cm-dekorativ-hangande-spegel-med-metallram-for-sovrum-vardagsrum-i-guld-1.webp?fit=2000%2C2000&ssl=1","type":"image\/webp"}],"twitter_card":"summary_large_image","twitter_misc":{"Ber\u00e4knad l\u00e4stid":"1 minut"},"schema":{"@context":"https:\/\/schema.org","@graph":[{"@type":"WebPage","@id":"https:\/\/truusk.store\/sv\/produkt\/truusk-dekorativ-vaggsspegel-110-x-62cm-med-metallram-for-sovrum-vardagsrum-guld\/","url":"https:\/\/truusk.store\/sv\/produkt\/truusk-dekorativ-vaggsspegel-110-x-62cm-med-metallram-for-sovrum-vardagsrum-guld\/","name":"TRUUSK Dekorativ V\u00e4ggsspegel 110 X 62cm - Med Metallram - F\u00f6r Sovrum &amp; Vardagsrum - Guld - TRUUSK - Hem, Tr\u00e4dg\u00e5rd &amp; Fritid","isPartOf":{"@id":"https:\/\/truusk.store\/sv\/#website"},"primaryImageOfPage":{"@id":"https:\/\/truusk.store\/sv\/produkt\/truusk-dekorativ-vaggsspegel-110-x-62cm-med-metallram-for-sovrum-vardagsrum-guld\/#primaryimage"},"image":{"@id":"https:\/\/truusk.store\/sv\/produkt\/truusk-dekorativ-vaggsspegel-110-x-62cm-med-metallram-for-sovrum-vardagsrum-guld\/#primaryimage"},"thumbnailUrl":"https:\/\/i0.wp.com\/truusk.store\/wp-content\/uploads\/2025\/06\/vaggsspegel-garderobsspegel-110-x-62cm-dekorativ-hangande-spegel-med-metallram-for-sovrum-vardagsrum-i-guld-1.webp?fit=2000%2C2000&ssl=1","datePublished":"2025-06-05T01:36:25+00:00","dateModified":"2026-03-12T08:41:30+00:00","breadcrumb":{"@id":"https:\/\/truusk.store\/sv\/produkt\/truusk-dekorativ-vaggsspegel-110-x-62cm-med-metallram-for-sovrum-vardagsrum-guld\/#breadcrumb"},"inLanguage":"sv-SE","potentialAction":[{"@type":"ReadAction","target":["https:\/\/truusk.store\/sv\/produkt\/truusk-dekorativ-vaggsspegel-110-x-62cm-med-metallram-for-sovrum-vardagsrum-guld\/"]}]},{"@type":"ImageObject","inLanguage":"sv-SE","@id":"https:\/\/truusk.store\/sv\/produkt\/truusk-dekorativ-vaggsspegel-110-x-62cm-med-metallram-for-sovrum-vardagsrum-guld\/#primaryimage","url":"https:\/\/i0.wp.com\/truusk.store\/wp-content\/uploads\/2025\/06\/vaggsspegel-garderobsspegel-110-x-62cm-dekorativ-hangande-spegel-med-metallram-for-sovrum-vardagsrum-i-guld-1.webp?fit=2000%2C2000&ssl=1","contentUrl":"https:\/\/i0.wp.com\/truusk.store\/wp-content\/uploads\/2025\/06\/vaggsspegel-garderobsspegel-110-x-62cm-dekorativ-hangande-spegel-med-metallram-for-sovrum-vardagsrum-i-guld-1.webp?fit=2000%2C2000&ssl=1","width":2000,"height":2000},{"@type":"BreadcrumbList","@id":"https:\/\/truusk.store\/sv\/produkt\/truusk-dekorativ-vaggsspegel-110-x-62cm-med-metallram-for-sovrum-vardagsrum-guld\/#breadcrumb","itemListElement":[{"@type":"ListItem","position":1,"name":"Home","item":"https:\/\/truusk.store\/sv\/"},{"@type":"ListItem","position":2,"name":"Shop","item":"https:\/\/truusk.store\/shop\/"},{"@type":"ListItem","position":3,"name":"TRUUSK Dekorativ V\u00e4ggsspegel 110 X 62cm &#8211; Med Metallram &#8211; F\u00f6r Sovrum &amp; Vardagsrum &#8211; Guld"}]},{"@type":"WebSite","@id":"https:\/\/truusk.store\/sv\/#website","url":"https:\/\/truusk.store\/sv\/","name":"TRUUSK - Hem, Tr\u00e4dg\u00e5rd & Fritid","description":"","publisher":{"@id":"https:\/\/truusk.store\/sv\/#organization"},"potentialAction":[{"@type":"SearchAction","target":{"@type":"EntryPoint","urlTemplate":"https:\/\/truusk.store\/sv\/?s={search_term_string}"},"query-input":{"@type":"PropertyValueSpecification","valueRequired":true,"valueName":"search_term_string"}}],"inLanguage":"sv-SE"},{"@type":"Organization","@id":"https:\/\/truusk.store\/sv\/#organization","name":"TRUUSK - Hem, Tr\u00e4dg\u00e5rd & Fritid","url":"https:\/\/truusk.store\/sv\/","logo":{"@type":"ImageObject","inLanguage":"sv-SE","@id":"https:\/\/truusk.store\/sv\/#\/schema\/logo\/image\/","url":"https:\/\/i0.wp.com\/truusk.store\/wp-content\/uploads\/2026\/03\/cropped-TRUUSK.png?fit=2032%2C917&ssl=1","contentUrl":"https:\/\/i0.wp.com\/truusk.store\/wp-content\/uploads\/2026\/03\/cropped-TRUUSK.png?fit=2032%2C917&ssl=1","width":2032,"height":917,"caption":"TRUUSK - Hem, Tr\u00e4dg\u00e5rd & Fritid"},"image":{"@id":"https:\/\/truusk.store\/sv\/#\/schema\/logo\/image\/"}}]}},"jetpack_sharing_enabled":true,"_links":{"self":[{"href":"https:\/\/truusk.store\/sv\/wp-json\/wp\/v2\/product\/60360","targetHints":{"allow":["GET"]}}],"collection":[{"href":"https:\/\/truusk.store\/sv\/wp-json\/wp\/v2\/product"}],"about":[{"href":"https:\/\/truusk.store\/sv\/wp-json\/wp\/v2\/types\/product"}],"wp:featuredmedia":[{"embeddable":true,"href":"https:\/\/truusk.store\/sv\/wp-json\/wp\/v2\/media\/60351"}],"wp:attachment":[{"href":"https:\/\/truusk.store\/sv\/wp-json\/wp\/v2\/media?parent=60360"}],"wp:term":[{"taxonomy":"product_brand","embeddable":true,"href":"https:\/\/truusk.store\/sv\/wp-json\/wp\/v2\/product_brand?post=60360"},{"taxonomy":"product_cat","embeddable":true,"href":"https:\/\/truusk.store\/sv\/wp-json\/wp\/v2\/product_cat?post=60360"},{"taxonomy":"product_tag","embeddable":true,"href":"https:\/\/truusk.store\/sv\/wp-json\/wp\/v2\/product_tag?post=60360"}],"curies":[{"name":"wp","href":"https:\/\/api.w.org\/{rel}","templated":true}]}}