{"id":60370,"date":"2025-06-05T02:37:31","date_gmt":"2025-06-05T01:37:31","guid":{"rendered":"https:\/\/truusk.store\/product\/klostrad-for-katter-med-2-grottor-sisalrepstolpar-flera-plattformar-mjuk-plysch-och-bollleksak-gra-59x35x100-cm\/"},"modified":"2026-03-12T09:41:30","modified_gmt":"2026-03-12T08:41:30","slug":"truusk-katttrad-med-2-grottor-sisalrepstolpar-plysch-bollleksak-gra-59x35x100-cm","status":"publish","type":"product","link":"https:\/\/truusk.store\/sv\/produkt\/truusk-katttrad-med-2-grottor-sisalrepstolpar-plysch-bollleksak-gra-59x35x100-cm\/","title":{"rendered":"TRUUSK Katttr\u00e4d med 2 Grottor &#8211; Sisalrepstolpar &#8211; Plysch &#8211; Bollleksak &#8211; Gr\u00e5 59x35x100 cm"},"content":{"rendered":"<p>Tillfredsst\u00e4ll din katts naturliga instinkter p\u00e5 ett s\u00e4kert s\u00e4tt med detta kl\u00f6str\u00e4d fr\u00e5n TRUUSK! Detta katttr\u00e4d inneh\u00e5ller kl\u00f6spelare gjorda av sisalrep, plattformar, en katts\u00e4ng, en tv\u00e5skikts kattgrotta och ett h\u00e4ngande bollleksak f\u00f6r m\u00e5ngsidigt spel. Med detta kl\u00e4ttertr\u00e4d f\u00f6rblir dina m\u00f6bler fria fr\u00e5n repor. Ge dina lekfulla katter en s\u00e4ker plats att v\u00e4ssa sina klor p\u00e5 kattaktivitetscentret.<\/p>\n<p>Beskrivning:<\/p>\n<ul>\n<li> Sisalrepstolparna tillfredsst\u00e4ller dina katters behov av att kl\u00f6sa och gr\u00e4va<\/li>\n<li> Tillverkad av tr\u00e4material f\u00f6r ett stabilt tr\u00e4d<\/li>\n<li> T\u00e4ckt med mjuk och bekv\u00e4m plysch<\/li>\n<li> Bollleksak f\u00f6r underh\u00e5llning<\/li>\n<li> Den klassiska designen kompletterar din heminredning<\/li>\n<li> Den flerniv\u00e5designen tillfredsst\u00e4ller ditt husdjurs kl\u00e4tterlust<\/li>\n<li> L\u00e4mplig f\u00f6r katter under 5 kg<\/li>\n<li> Montering kr\u00e4vs<\/li>\n<\/ul>\n<p> Tekniska specifikationer:<\/p>\n<ul>\n<li> F\u00e4rg: Gr\u00e5<\/li>\n<li> Material: Sp\u00e5nskiva, plysch (100% polyester), sisal<\/li>\n<li> Totala m\u00e5tt: 59L x 35B x 100H cm<\/li>\n<li> Storlek p\u00e5 basen: 59L x 35B cm<\/li>\n<li> Katttunna inre storlek (per styck): \u00d830 x 28H cm, d\u00f6rh\u00e5l: \u00d816cm<\/li>\n<li> S\u00e4ngstorlek: \u00d836 x 7H cm<\/li>\n<li> Rekommenderad kattvikt: under 5 kg<\/li>\n<\/ul>\n<p>Leveransinneh\u00e5ll:<\/p>\n<ul>\n<li>1 x Kl\u00f6str\u00e4d<\/li>\n<li>1 x Manual<\/li>\n<\/ul>\n","protected":false},"excerpt":{"rendered":"<p>Tillfredsst\u00e4ll din katts naturliga instinkter p\u00e5 ett s\u00e4kert s\u00e4tt med detta kl\u00f6str\u00e4d fr\u00e5n TRUUSK! Detta katttr\u00e4d inneh\u00e5ller kl\u00f6spelare gjorda av&#8230;<\/p>\n","protected":false},"featured_media":60361,"template":"","meta":[],"product_brand":[],"product_cat":[878,588,879],"product_tag":[],"class_list":{"0":"post-60370","1":"product","2":"type-product","3":"status-publish","4":"has-post-thumbnail","6":"product_cat-djurbehov","7":"product_cat-katttillbehor","8":"product_cat-klostrad","10":"first","11":"instock","12":"sale","13":"taxable","14":"shipping-taxable","15":"purchasable","16":"product-type-simple"},"yoast_head":"<!-- This site is optimized with the Yoast SEO plugin v25.4 - https:\/\/yoast.com\/wordpress\/plugins\/seo\/ -->\n<title>TRUUSK Katttr\u00e4d med 2 Grottor - Sisalrepstolpar - Plysch - Bollleksak - Gr\u00e5 59x35x100 cm - TRUUSK - Hem, Tr\u00e4dg\u00e5rd &amp; Fritid<\/title>\n<meta name=\"robots\" content=\"index, follow, max-snippet:-1, max-image-preview:large, max-video-preview:-1\" \/>\n<link rel=\"canonical\" href=\"https:\/\/truusk.store\/sv\/produkt\/truusk-katttrad-med-2-grottor-sisalrepstolpar-plysch-bollleksak-gra-59x35x100-cm\/\" \/>\n<meta property=\"og:locale\" content=\"sv_SE\" \/>\n<meta property=\"og:type\" content=\"article\" \/>\n<meta property=\"og:title\" content=\"TRUUSK Katttr\u00e4d med 2 Grottor - Sisalrepstolpar - Plysch - Bollleksak - Gr\u00e5 59x35x100 cm - TRUUSK - Hem, Tr\u00e4dg\u00e5rd &amp; Fritid\" \/>\n<meta property=\"og:description\" content=\"Tillfredsst\u00e4ll din katts naturliga instinkter p\u00e5 ett s\u00e4kert s\u00e4tt med detta kl\u00f6str\u00e4d fr\u00e5n TRUUSK! Detta katttr\u00e4d inneh\u00e5ller kl\u00f6spelare gjorda av...\" \/>\n<meta property=\"og:url\" content=\"https:\/\/truusk.store\/sv\/produkt\/truusk-katttrad-med-2-grottor-sisalrepstolpar-plysch-bollleksak-gra-59x35x100-cm\/\" \/>\n<meta property=\"og:site_name\" content=\"TRUUSK - Hem, Tr\u00e4dg\u00e5rd &amp; Fritid\" \/>\n<meta property=\"article:modified_time\" content=\"2026-03-12T08:41:30+00:00\" \/>\n<meta property=\"og:image\" content=\"https:\/\/i0.wp.com\/truusk.se\/wp-content\/uploads\/2025\/06\/klostrad-for-katter-med-2-grottor-sisalrepstolpar-flera-plattformar-mjuk-plysch-och-bollleksak-gra-59x35x100-cm-1.webp?fit=2000%2C2000&ssl=1\" \/>\n\t<meta property=\"og:image:width\" content=\"2000\" \/>\n\t<meta property=\"og:image:height\" content=\"2000\" \/>\n\t<meta property=\"og:image:type\" content=\"image\/webp\" \/>\n<meta name=\"twitter:card\" content=\"summary_large_image\" \/>\n<meta name=\"twitter:label1\" content=\"Ber\u00e4knad l\u00e4stid\" \/>\n\t<meta name=\"twitter:data1\" content=\"1 minut\" \/>\n<!-- \/ Yoast SEO plugin. -->","yoast_head_json":{"title":"TRUUSK Katttr\u00e4d med 2 Grottor - Sisalrepstolpar - Plysch - Bollleksak - Gr\u00e5 59x35x100 cm - TRUUSK - Hem, Tr\u00e4dg\u00e5rd &amp; Fritid","robots":{"index":"index","follow":"follow","max-snippet":"max-snippet:-1","max-image-preview":"max-image-preview:large","max-video-preview":"max-video-preview:-1"},"canonical":"https:\/\/truusk.store\/sv\/produkt\/truusk-katttrad-med-2-grottor-sisalrepstolpar-plysch-bollleksak-gra-59x35x100-cm\/","og_locale":"sv_SE","og_type":"article","og_title":"TRUUSK Katttr\u00e4d med 2 Grottor - Sisalrepstolpar - Plysch - Bollleksak - Gr\u00e5 59x35x100 cm - TRUUSK - Hem, Tr\u00e4dg\u00e5rd &amp; Fritid","og_description":"Tillfredsst\u00e4ll din katts naturliga instinkter p\u00e5 ett s\u00e4kert s\u00e4tt med detta kl\u00f6str\u00e4d fr\u00e5n TRUUSK! Detta katttr\u00e4d inneh\u00e5ller kl\u00f6spelare gjorda av...","og_url":"https:\/\/truusk.store\/sv\/produkt\/truusk-katttrad-med-2-grottor-sisalrepstolpar-plysch-bollleksak-gra-59x35x100-cm\/","og_site_name":"TRUUSK - Hem, Tr\u00e4dg\u00e5rd &amp; Fritid","article_modified_time":"2026-03-12T08:41:30+00:00","og_image":[{"width":2000,"height":2000,"url":"https:\/\/i0.wp.com\/truusk.se\/wp-content\/uploads\/2025\/06\/klostrad-for-katter-med-2-grottor-sisalrepstolpar-flera-plattformar-mjuk-plysch-och-bollleksak-gra-59x35x100-cm-1.webp?fit=2000%2C2000&ssl=1","type":"image\/webp"}],"twitter_card":"summary_large_image","twitter_misc":{"Ber\u00e4knad l\u00e4stid":"1 minut"},"schema":{"@context":"https:\/\/schema.org","@graph":[{"@type":"WebPage","@id":"https:\/\/truusk.store\/sv\/produkt\/truusk-katttrad-med-2-grottor-sisalrepstolpar-plysch-bollleksak-gra-59x35x100-cm\/","url":"https:\/\/truusk.store\/sv\/produkt\/truusk-katttrad-med-2-grottor-sisalrepstolpar-plysch-bollleksak-gra-59x35x100-cm\/","name":"TRUUSK Katttr\u00e4d med 2 Grottor - Sisalrepstolpar - Plysch - Bollleksak - Gr\u00e5 59x35x100 cm - TRUUSK - Hem, Tr\u00e4dg\u00e5rd &amp; Fritid","isPartOf":{"@id":"https:\/\/truusk.store\/sv\/#website"},"primaryImageOfPage":{"@id":"https:\/\/truusk.store\/sv\/produkt\/truusk-katttrad-med-2-grottor-sisalrepstolpar-plysch-bollleksak-gra-59x35x100-cm\/#primaryimage"},"image":{"@id":"https:\/\/truusk.store\/sv\/produkt\/truusk-katttrad-med-2-grottor-sisalrepstolpar-plysch-bollleksak-gra-59x35x100-cm\/#primaryimage"},"thumbnailUrl":"https:\/\/i0.wp.com\/truusk.store\/wp-content\/uploads\/2025\/06\/klostrad-for-katter-med-2-grottor-sisalrepstolpar-flera-plattformar-mjuk-plysch-och-bollleksak-gra-59x35x100-cm-1.webp?fit=2000%2C2000&ssl=1","datePublished":"2025-06-05T01:37:31+00:00","dateModified":"2026-03-12T08:41:30+00:00","breadcrumb":{"@id":"https:\/\/truusk.store\/sv\/produkt\/truusk-katttrad-med-2-grottor-sisalrepstolpar-plysch-bollleksak-gra-59x35x100-cm\/#breadcrumb"},"inLanguage":"sv-SE","potentialAction":[{"@type":"ReadAction","target":["https:\/\/truusk.store\/sv\/produkt\/truusk-katttrad-med-2-grottor-sisalrepstolpar-plysch-bollleksak-gra-59x35x100-cm\/"]}]},{"@type":"ImageObject","inLanguage":"sv-SE","@id":"https:\/\/truusk.store\/sv\/produkt\/truusk-katttrad-med-2-grottor-sisalrepstolpar-plysch-bollleksak-gra-59x35x100-cm\/#primaryimage","url":"https:\/\/i0.wp.com\/truusk.store\/wp-content\/uploads\/2025\/06\/klostrad-for-katter-med-2-grottor-sisalrepstolpar-flera-plattformar-mjuk-plysch-och-bollleksak-gra-59x35x100-cm-1.webp?fit=2000%2C2000&ssl=1","contentUrl":"https:\/\/i0.wp.com\/truusk.store\/wp-content\/uploads\/2025\/06\/klostrad-for-katter-med-2-grottor-sisalrepstolpar-flera-plattformar-mjuk-plysch-och-bollleksak-gra-59x35x100-cm-1.webp?fit=2000%2C2000&ssl=1","width":2000,"height":2000},{"@type":"BreadcrumbList","@id":"https:\/\/truusk.store\/sv\/produkt\/truusk-katttrad-med-2-grottor-sisalrepstolpar-plysch-bollleksak-gra-59x35x100-cm\/#breadcrumb","itemListElement":[{"@type":"ListItem","position":1,"name":"Home","item":"https:\/\/truusk.store\/sv\/"},{"@type":"ListItem","position":2,"name":"Shop","item":"https:\/\/truusk.store\/shop\/"},{"@type":"ListItem","position":3,"name":"TRUUSK Katttr\u00e4d med 2 Grottor &#8211; Sisalrepstolpar &#8211; Plysch &#8211; Bollleksak &#8211; Gr\u00e5 59x35x100 cm"}]},{"@type":"WebSite","@id":"https:\/\/truusk.store\/sv\/#website","url":"https:\/\/truusk.store\/sv\/","name":"TRUUSK - Hem, Tr\u00e4dg\u00e5rd & Fritid","description":"","publisher":{"@id":"https:\/\/truusk.store\/sv\/#organization"},"potentialAction":[{"@type":"SearchAction","target":{"@type":"EntryPoint","urlTemplate":"https:\/\/truusk.store\/sv\/?s={search_term_string}"},"query-input":{"@type":"PropertyValueSpecification","valueRequired":true,"valueName":"search_term_string"}}],"inLanguage":"sv-SE"},{"@type":"Organization","@id":"https:\/\/truusk.store\/sv\/#organization","name":"TRUUSK - Hem, Tr\u00e4dg\u00e5rd & Fritid","url":"https:\/\/truusk.store\/sv\/","logo":{"@type":"ImageObject","inLanguage":"sv-SE","@id":"https:\/\/truusk.store\/sv\/#\/schema\/logo\/image\/","url":"https:\/\/i0.wp.com\/truusk.store\/wp-content\/uploads\/2026\/03\/cropped-TRUUSK.png?fit=2032%2C917&ssl=1","contentUrl":"https:\/\/i0.wp.com\/truusk.store\/wp-content\/uploads\/2026\/03\/cropped-TRUUSK.png?fit=2032%2C917&ssl=1","width":2032,"height":917,"caption":"TRUUSK - Hem, Tr\u00e4dg\u00e5rd & Fritid"},"image":{"@id":"https:\/\/truusk.store\/sv\/#\/schema\/logo\/image\/"}}]}},"jetpack_sharing_enabled":true,"_links":{"self":[{"href":"https:\/\/truusk.store\/sv\/wp-json\/wp\/v2\/product\/60370","targetHints":{"allow":["GET"]}}],"collection":[{"href":"https:\/\/truusk.store\/sv\/wp-json\/wp\/v2\/product"}],"about":[{"href":"https:\/\/truusk.store\/sv\/wp-json\/wp\/v2\/types\/product"}],"wp:featuredmedia":[{"embeddable":true,"href":"https:\/\/truusk.store\/sv\/wp-json\/wp\/v2\/media\/60361"}],"wp:attachment":[{"href":"https:\/\/truusk.store\/sv\/wp-json\/wp\/v2\/media?parent=60370"}],"wp:term":[{"taxonomy":"product_brand","embeddable":true,"href":"https:\/\/truusk.store\/sv\/wp-json\/wp\/v2\/product_brand?post=60370"},{"taxonomy":"product_cat","embeddable":true,"href":"https:\/\/truusk.store\/sv\/wp-json\/wp\/v2\/product_cat?post=60370"},{"taxonomy":"product_tag","embeddable":true,"href":"https:\/\/truusk.store\/sv\/wp-json\/wp\/v2\/product_tag?post=60370"}],"curies":[{"name":"wp","href":"https:\/\/api.w.org\/{rel}","templated":true}]}}