{"id":60380,"date":"2025-06-05T02:38:28","date_gmt":"2025-06-05T01:38:28","guid":{"rendered":"https:\/\/truusk.store\/product\/vaggspelgel-fonsterspegel-91-x-60-cm-dekorativ-med-metallram-hangande-spegel-for-vardagsrum-sovrum-i-guld\/"},"modified":"2026-03-12T09:41:31","modified_gmt":"2026-03-12T08:41:31","slug":"truusk-dekorativ-vaggspelgel-med-metallram-91-x-60-cm-for-vardagsrum-och-sovrum-guld","status":"publish","type":"product","link":"https:\/\/truusk.store\/sv\/produkt\/truusk-dekorativ-vaggspelgel-med-metallram-91-x-60-cm-for-vardagsrum-och-sovrum-guld\/","title":{"rendered":"TRUUSK Dekorativ V\u00e4ggspelgel med Metallram &#8211; 91 x 60 cm &#8211; F\u00f6r Vardagsrum och Sovrum &#8211; Guld"},"content":{"rendered":"<p>Ge ditt hem ny glans med den stiliga TRUUSK dekorativa v\u00e4ggspegeln. Oavsett om det \u00e4r som en elegant accent i sovrummet eller som en genomt\u00e4nkt present till inflyttningsfester, br\u00f6llop, \u00e5rsdagar eller f\u00f6delsedagar &#8211; denna spegel passar s\u00f6ml\u00f6st in i alla inredningar. Den ljusar upp varje rum, f\u00e5r det att se st\u00f6rre ut och ger ditt vardagsrum en charmig touch med minimal anstr\u00e4ngning. L\u00e5t ditt hem lysa i nytt ljus med TRUUSK dekorationsspegeln!<\/p>\n<p>Beskrivning:<\/p>\n<ul>\n<li> Garderobsspegelns b\u00e5gformade f\u00f6nsterram med elegant f\u00f6nstergaller f\u00f6r stiliga accenter<\/li>\n<li> F\u00f6rsk\u00f6nar inte bara din inredning, utan f\u00e5r varje rum att se ljusare och st\u00f6rre ut<\/li>\n<li> Enkel v\u00e4ggmontering: Snabb och okomplicerad att montera<\/li>\n<li> Robust hall spegel inramad i en h\u00e5llbar metallram<\/li>\n<li> Idealisk f\u00f6r vardagsrum, sovrum, matsal eller hall<\/li>\n<li> Perfekt f\u00f6r v\u00e4nner, partners eller f\u00f6r\u00e4ldrar vid speciella tillf\u00e4llen<\/li>\n<\/ul>\n<p>Tekniska data:<\/p>\n<ul>\n<li> F\u00e4rg: Guld<\/li>\n<li> Material: Metall, Glas<\/li>\n<li> Totala m\u00e5tt: 91L x 60H cm<\/li>\n<li> Spegelyta: 88L x 57H cm<\/li>\n<li> Glasstyrka: 3 mm<\/li>\n<\/ul>\n<p>Leveransinneh\u00e5ll:<\/p>\n<ul>\n<li> 1 x V\u00e4ggspegel;<\/li>\n<\/ul>\n","protected":false},"excerpt":{"rendered":"<p>Ge ditt hem ny glans med den stiliga TRUUSK dekorativa v\u00e4ggspegeln. Oavsett om det \u00e4r som en elegant accent i&#8230;<\/p>\n","protected":false},"featured_media":60371,"template":"","meta":[],"product_brand":[],"product_cat":[962,871,721],"product_tag":[],"class_list":{"0":"post-60380","1":"product","2":"type-product","3":"status-publish","4":"has-post-thumbnail","6":"product_cat-dekoration","7":"product_cat-hus-hem","8":"product_cat-spegel","10":"first","11":"instock","12":"sale","13":"taxable","14":"shipping-taxable","15":"purchasable","16":"product-type-simple"},"yoast_head":"<!-- This site is optimized with the Yoast SEO plugin v25.4 - https:\/\/yoast.com\/wordpress\/plugins\/seo\/ -->\n<title>TRUUSK Dekorativ V\u00e4ggspelgel med Metallram - 91 x 60 cm - F\u00f6r Vardagsrum och Sovrum - Guld - TRUUSK - Hem, Tr\u00e4dg\u00e5rd &amp; Fritid<\/title>\n<meta name=\"robots\" content=\"index, follow, max-snippet:-1, max-image-preview:large, max-video-preview:-1\" \/>\n<link rel=\"canonical\" href=\"https:\/\/truusk.store\/sv\/produkt\/truusk-dekorativ-vaggspelgel-med-metallram-91-x-60-cm-for-vardagsrum-och-sovrum-guld\/\" \/>\n<meta property=\"og:locale\" content=\"sv_SE\" \/>\n<meta property=\"og:type\" content=\"article\" \/>\n<meta property=\"og:title\" content=\"TRUUSK Dekorativ V\u00e4ggspelgel med Metallram - 91 x 60 cm - F\u00f6r Vardagsrum och Sovrum - Guld - TRUUSK - Hem, Tr\u00e4dg\u00e5rd &amp; Fritid\" \/>\n<meta property=\"og:description\" content=\"Ge ditt hem ny glans med den stiliga TRUUSK dekorativa v\u00e4ggspegeln. Oavsett om det \u00e4r som en elegant accent i...\" \/>\n<meta property=\"og:url\" content=\"https:\/\/truusk.store\/sv\/produkt\/truusk-dekorativ-vaggspelgel-med-metallram-91-x-60-cm-for-vardagsrum-och-sovrum-guld\/\" \/>\n<meta property=\"og:site_name\" content=\"TRUUSK - Hem, Tr\u00e4dg\u00e5rd &amp; Fritid\" \/>\n<meta property=\"article:modified_time\" content=\"2026-03-12T08:41:31+00:00\" \/>\n<meta property=\"og:image\" content=\"https:\/\/i0.wp.com\/truusk.se\/wp-content\/uploads\/2025\/06\/vaggspelgel-fonsterspegel-91-x-60-cm-dekorativ-med-metallram-hangande-spegel-for-vardagsrum-sovrum-i-guld-1.webp?fit=2000%2C2000&ssl=1\" \/>\n\t<meta property=\"og:image:width\" content=\"2000\" \/>\n\t<meta property=\"og:image:height\" content=\"2000\" \/>\n\t<meta property=\"og:image:type\" content=\"image\/webp\" \/>\n<meta name=\"twitter:card\" content=\"summary_large_image\" \/>\n<meta name=\"twitter:label1\" content=\"Ber\u00e4knad l\u00e4stid\" \/>\n\t<meta name=\"twitter:data1\" content=\"1 minut\" \/>\n<!-- \/ Yoast SEO plugin. -->","yoast_head_json":{"title":"TRUUSK Dekorativ V\u00e4ggspelgel med Metallram - 91 x 60 cm - F\u00f6r Vardagsrum och Sovrum - Guld - TRUUSK - Hem, Tr\u00e4dg\u00e5rd &amp; Fritid","robots":{"index":"index","follow":"follow","max-snippet":"max-snippet:-1","max-image-preview":"max-image-preview:large","max-video-preview":"max-video-preview:-1"},"canonical":"https:\/\/truusk.store\/sv\/produkt\/truusk-dekorativ-vaggspelgel-med-metallram-91-x-60-cm-for-vardagsrum-och-sovrum-guld\/","og_locale":"sv_SE","og_type":"article","og_title":"TRUUSK Dekorativ V\u00e4ggspelgel med Metallram - 91 x 60 cm - F\u00f6r Vardagsrum och Sovrum - Guld - TRUUSK - Hem, Tr\u00e4dg\u00e5rd &amp; Fritid","og_description":"Ge ditt hem ny glans med den stiliga TRUUSK dekorativa v\u00e4ggspegeln. Oavsett om det \u00e4r som en elegant accent i...","og_url":"https:\/\/truusk.store\/sv\/produkt\/truusk-dekorativ-vaggspelgel-med-metallram-91-x-60-cm-for-vardagsrum-och-sovrum-guld\/","og_site_name":"TRUUSK - Hem, Tr\u00e4dg\u00e5rd &amp; Fritid","article_modified_time":"2026-03-12T08:41:31+00:00","og_image":[{"width":2000,"height":2000,"url":"https:\/\/i0.wp.com\/truusk.se\/wp-content\/uploads\/2025\/06\/vaggspelgel-fonsterspegel-91-x-60-cm-dekorativ-med-metallram-hangande-spegel-for-vardagsrum-sovrum-i-guld-1.webp?fit=2000%2C2000&ssl=1","type":"image\/webp"}],"twitter_card":"summary_large_image","twitter_misc":{"Ber\u00e4knad l\u00e4stid":"1 minut"},"schema":{"@context":"https:\/\/schema.org","@graph":[{"@type":"WebPage","@id":"https:\/\/truusk.store\/sv\/produkt\/truusk-dekorativ-vaggspelgel-med-metallram-91-x-60-cm-for-vardagsrum-och-sovrum-guld\/","url":"https:\/\/truusk.store\/sv\/produkt\/truusk-dekorativ-vaggspelgel-med-metallram-91-x-60-cm-for-vardagsrum-och-sovrum-guld\/","name":"TRUUSK Dekorativ V\u00e4ggspelgel med Metallram - 91 x 60 cm - F\u00f6r Vardagsrum och Sovrum - Guld - TRUUSK - Hem, Tr\u00e4dg\u00e5rd &amp; Fritid","isPartOf":{"@id":"https:\/\/truusk.store\/sv\/#website"},"primaryImageOfPage":{"@id":"https:\/\/truusk.store\/sv\/produkt\/truusk-dekorativ-vaggspelgel-med-metallram-91-x-60-cm-for-vardagsrum-och-sovrum-guld\/#primaryimage"},"image":{"@id":"https:\/\/truusk.store\/sv\/produkt\/truusk-dekorativ-vaggspelgel-med-metallram-91-x-60-cm-for-vardagsrum-och-sovrum-guld\/#primaryimage"},"thumbnailUrl":"https:\/\/i0.wp.com\/truusk.store\/wp-content\/uploads\/2025\/06\/vaggspelgel-fonsterspegel-91-x-60-cm-dekorativ-med-metallram-hangande-spegel-for-vardagsrum-sovrum-i-guld-1.webp?fit=2000%2C2000&ssl=1","datePublished":"2025-06-05T01:38:28+00:00","dateModified":"2026-03-12T08:41:31+00:00","breadcrumb":{"@id":"https:\/\/truusk.store\/sv\/produkt\/truusk-dekorativ-vaggspelgel-med-metallram-91-x-60-cm-for-vardagsrum-och-sovrum-guld\/#breadcrumb"},"inLanguage":"sv-SE","potentialAction":[{"@type":"ReadAction","target":["https:\/\/truusk.store\/sv\/produkt\/truusk-dekorativ-vaggspelgel-med-metallram-91-x-60-cm-for-vardagsrum-och-sovrum-guld\/"]}]},{"@type":"ImageObject","inLanguage":"sv-SE","@id":"https:\/\/truusk.store\/sv\/produkt\/truusk-dekorativ-vaggspelgel-med-metallram-91-x-60-cm-for-vardagsrum-och-sovrum-guld\/#primaryimage","url":"https:\/\/i0.wp.com\/truusk.store\/wp-content\/uploads\/2025\/06\/vaggspelgel-fonsterspegel-91-x-60-cm-dekorativ-med-metallram-hangande-spegel-for-vardagsrum-sovrum-i-guld-1.webp?fit=2000%2C2000&ssl=1","contentUrl":"https:\/\/i0.wp.com\/truusk.store\/wp-content\/uploads\/2025\/06\/vaggspelgel-fonsterspegel-91-x-60-cm-dekorativ-med-metallram-hangande-spegel-for-vardagsrum-sovrum-i-guld-1.webp?fit=2000%2C2000&ssl=1","width":2000,"height":2000},{"@type":"BreadcrumbList","@id":"https:\/\/truusk.store\/sv\/produkt\/truusk-dekorativ-vaggspelgel-med-metallram-91-x-60-cm-for-vardagsrum-och-sovrum-guld\/#breadcrumb","itemListElement":[{"@type":"ListItem","position":1,"name":"Home","item":"https:\/\/truusk.store\/sv\/"},{"@type":"ListItem","position":2,"name":"Shop","item":"https:\/\/truusk.store\/shop\/"},{"@type":"ListItem","position":3,"name":"TRUUSK Dekorativ V\u00e4ggspelgel med Metallram &#8211; 91 x 60 cm &#8211; F\u00f6r Vardagsrum och Sovrum &#8211; Guld"}]},{"@type":"WebSite","@id":"https:\/\/truusk.store\/sv\/#website","url":"https:\/\/truusk.store\/sv\/","name":"TRUUSK - Hem, Tr\u00e4dg\u00e5rd & Fritid","description":"","publisher":{"@id":"https:\/\/truusk.store\/sv\/#organization"},"potentialAction":[{"@type":"SearchAction","target":{"@type":"EntryPoint","urlTemplate":"https:\/\/truusk.store\/sv\/?s={search_term_string}"},"query-input":{"@type":"PropertyValueSpecification","valueRequired":true,"valueName":"search_term_string"}}],"inLanguage":"sv-SE"},{"@type":"Organization","@id":"https:\/\/truusk.store\/sv\/#organization","name":"TRUUSK - Hem, Tr\u00e4dg\u00e5rd & Fritid","url":"https:\/\/truusk.store\/sv\/","logo":{"@type":"ImageObject","inLanguage":"sv-SE","@id":"https:\/\/truusk.store\/sv\/#\/schema\/logo\/image\/","url":"https:\/\/i0.wp.com\/truusk.store\/wp-content\/uploads\/2026\/03\/cropped-TRUUSK.png?fit=2032%2C917&ssl=1","contentUrl":"https:\/\/i0.wp.com\/truusk.store\/wp-content\/uploads\/2026\/03\/cropped-TRUUSK.png?fit=2032%2C917&ssl=1","width":2032,"height":917,"caption":"TRUUSK - Hem, Tr\u00e4dg\u00e5rd & Fritid"},"image":{"@id":"https:\/\/truusk.store\/sv\/#\/schema\/logo\/image\/"}}]}},"jetpack_sharing_enabled":true,"_links":{"self":[{"href":"https:\/\/truusk.store\/sv\/wp-json\/wp\/v2\/product\/60380","targetHints":{"allow":["GET"]}}],"collection":[{"href":"https:\/\/truusk.store\/sv\/wp-json\/wp\/v2\/product"}],"about":[{"href":"https:\/\/truusk.store\/sv\/wp-json\/wp\/v2\/types\/product"}],"wp:featuredmedia":[{"embeddable":true,"href":"https:\/\/truusk.store\/sv\/wp-json\/wp\/v2\/media\/60371"}],"wp:attachment":[{"href":"https:\/\/truusk.store\/sv\/wp-json\/wp\/v2\/media?parent=60380"}],"wp:term":[{"taxonomy":"product_brand","embeddable":true,"href":"https:\/\/truusk.store\/sv\/wp-json\/wp\/v2\/product_brand?post=60380"},{"taxonomy":"product_cat","embeddable":true,"href":"https:\/\/truusk.store\/sv\/wp-json\/wp\/v2\/product_cat?post=60380"},{"taxonomy":"product_tag","embeddable":true,"href":"https:\/\/truusk.store\/sv\/wp-json\/wp\/v2\/product_tag?post=60380"}],"curies":[{"name":"wp","href":"https:\/\/api.w.org\/{rel}","templated":true}]}}