{"id":60401,"date":"2025-06-05T02:40:53","date_gmt":"2025-06-05T01:40:53","guid":{"rendered":"https:\/\/truusk.store\/product\/avslappningsstol-med-massagefunktion-elektrisk-tv-stol-med-varmefunktion-liggfunktion-roterande-massagesstol-med-fjadersystem\/"},"modified":"2026-03-12T09:40:36","modified_gmt":"2026-03-12T08:40:36","slug":"truusk-massagestol-med-varmefunktion-elektrisk-roterande-inklappbar-fjadersystem-svart","status":"publish","type":"product","link":"https:\/\/truusk.store\/sv\/produkt\/truusk-massagestol-med-varmefunktion-elektrisk-roterande-inklappbar-fjadersystem-svart\/","title":{"rendered":"TRUUSK Massagestol med V\u00e4rmefunktion &#8211; Elektrisk &#8211; Roterande &#8211; Inklappbar &#8211; Fj\u00e4dersystem &#8211; Svart"},"content":{"rendered":"<p>Letar du efter en bekv\u00e4m stol att koppla av i efter en l\u00e5ng arbetsdag? Massagestolen fr\u00e5n TRUUSK \u00e4r det perfekta valet. Den \u00e4r kl\u00e4dd i en mjuk chenille-tyg och har en mjuk ryggst\u00f6d samt en gener\u00f6s sittkudde med en fj\u00e4derk\u00e4rna som erbjuder h\u00f6gsta komfort. V\u00e4rmefunktionen i TV-stolens njurdel och \u00e5tta vibrationsmassagepunkter f\u00f6rh\u00f6jer avkopplingsupplevelsen. Idealisk f\u00f6r vardagsrum, sovrum eller hemmakontor.<\/p>\n<p>Beskrivning:<\/p>\n<ul>\n<li> Justerbar till uppr\u00e4tt position eller 145 graders liggande position med upph\u00f6jd fotst\u00f6d genom att anv\u00e4nda sidospaken<\/li>\n<li> Integrerad v\u00e4rmefunktion och 8 vibrationsmassage-l\u00e4gen f\u00f6r rygg, njurdel, l\u00e5r och ben<\/li>\n<li> V\u00e4lj mellan 2 intensitetsniv\u00e5er, 5 massagetyper och 3 tidsintervaller (15\/30\/60 minuter) med medf\u00f6ljande fj\u00e4rrkontroll<\/li>\n<li> Gung- och 360\u00b0 rotationsfunktion av avkopplingsstolen erbjuder flexibel komfort<\/li>\n<li> Tv\u00e5 sidofickor p\u00e5 TV-stolen f\u00f6r l\u00e4ttillg\u00e4nglig f\u00f6rvaring av fj\u00e4rrkontrollen och sm\u00e5 f\u00f6rem\u00e5l<\/li>\n<li> Fj\u00e4derk\u00e4rna, v\u00e5gfj\u00e4drar och elastiska band ger en s\u00e4rskilt elastisk sittupplevelse<\/li>\n<li> Snabb montering p\u00e5 bara 30 minuter<\/li>\n<\/ul>\n<p>Tekniska data:<\/p>\n<ul>\n<li> F\u00e4rg: Bl\u00e5<\/li>\n<li> Material: Chenille imitation (100% polyester), skum, st\u00e5l<\/li>\n<li> M\u00e5tt i uppr\u00e4tt tillst\u00e5nd: 98B x 90D x 98H cm<\/li>\n<li> M\u00e5tt i liggande tillst\u00e5nd: 98B x 157D x 77H cm<\/li>\n<li> Sitsstorlek: 55B x 52D x 48H cm<\/li>\n<li> Ryggst\u00f6d: 64B x 93D x 27D cm<\/li>\n<li> Armst\u00f6dsstorlek: 28B x 26D x 11H cm<\/li>\n<li> Fickstorlek: 38\/33B x 18H cm<\/li>\n<li> L\u00e4mplig f\u00f6r kroppsl\u00e4ngd: \u2264190 cm<\/li>\n<li> Monteringstid: cirka 30 min.<\/li>\n<li> Kabell\u00e4ngd: 1,8 m<\/li>\n<li> Ing\u00e5ng: 100-240V 50\/60Hz, 1,5A<\/li>\n<li> Utg\u00e5ng: 12V, 1A, 12W<\/li>\n<li> B\u00e4rkapacitet: 150 kg<\/li>\n<\/ul>\n<p>Leveransinneh\u00e5ll:<\/p>\n<ul>\n<li> 1 x Massagestol<\/li>\n<li> 1 x Fj\u00e4rrkontroll<\/li>\n<li> 1 x Bruksanvisning<\/li>\n<\/ul>\n","protected":false},"excerpt":{"rendered":"<p>Letar du efter en bekv\u00e4m stol att koppla av i efter en l\u00e5ng arbetsdag? Massagestolen fr\u00e5n TRUUSK \u00e4r det perfekta&#8230;<\/p>\n","protected":false},"featured_media":60391,"template":"","meta":[],"product_brand":[],"product_cat":[521,871,912,910],"product_tag":[],"class_list":{"0":"post-60401","1":"product","2":"type-product","3":"status-publish","4":"has-post-thumbnail","6":"product_cat-fatolj","7":"product_cat-hus-hem","8":"product_cat-massagesessel","9":"product_cat-vardagsrum","11":"first","12":"instock","13":"sale","14":"taxable","15":"shipping-taxable","16":"purchasable","17":"product-type-simple"},"yoast_head":"<!-- This site is optimized with the Yoast SEO plugin v25.4 - https:\/\/yoast.com\/wordpress\/plugins\/seo\/ -->\n<title>TRUUSK Massagestol med V\u00e4rmefunktion - Elektrisk - Roterande - Inklappbar - Fj\u00e4dersystem - Svart - TRUUSK - Hem, Tr\u00e4dg\u00e5rd &amp; Fritid<\/title>\n<meta name=\"robots\" content=\"index, follow, max-snippet:-1, max-image-preview:large, max-video-preview:-1\" \/>\n<link rel=\"canonical\" href=\"https:\/\/truusk.store\/sv\/produkt\/truusk-massagestol-med-varmefunktion-elektrisk-roterande-inklappbar-fjadersystem-svart\/\" \/>\n<meta property=\"og:locale\" content=\"sv_SE\" \/>\n<meta property=\"og:type\" content=\"article\" \/>\n<meta property=\"og:title\" content=\"TRUUSK Massagestol med V\u00e4rmefunktion - Elektrisk - Roterande - Inklappbar - Fj\u00e4dersystem - Svart - TRUUSK - Hem, Tr\u00e4dg\u00e5rd &amp; Fritid\" \/>\n<meta property=\"og:description\" content=\"Letar du efter en bekv\u00e4m stol att koppla av i efter en l\u00e5ng arbetsdag? Massagestolen fr\u00e5n TRUUSK \u00e4r det perfekta...\" \/>\n<meta property=\"og:url\" content=\"https:\/\/truusk.store\/sv\/produkt\/truusk-massagestol-med-varmefunktion-elektrisk-roterande-inklappbar-fjadersystem-svart\/\" \/>\n<meta property=\"og:site_name\" content=\"TRUUSK - Hem, Tr\u00e4dg\u00e5rd &amp; Fritid\" \/>\n<meta property=\"article:modified_time\" content=\"2026-03-12T08:40:36+00:00\" \/>\n<meta property=\"og:image\" content=\"https:\/\/i0.wp.com\/truusk.se\/wp-content\/uploads\/2025\/06\/avslappningsstol-med-massagefunktion-elektrisk-tv-stol-med-varmefunktion-liggfunktion-roterande-massagesstol-med-fjadersystem-1.webp?fit=2000%2C2000&ssl=1\" \/>\n\t<meta property=\"og:image:width\" content=\"2000\" \/>\n\t<meta property=\"og:image:height\" content=\"2000\" \/>\n\t<meta property=\"og:image:type\" content=\"image\/webp\" \/>\n<meta name=\"twitter:card\" content=\"summary_large_image\" \/>\n<meta name=\"twitter:label1\" content=\"Ber\u00e4knad l\u00e4stid\" \/>\n\t<meta name=\"twitter:data1\" content=\"1 minut\" \/>\n<!-- \/ Yoast SEO plugin. -->","yoast_head_json":{"title":"TRUUSK Massagestol med V\u00e4rmefunktion - Elektrisk - Roterande - Inklappbar - Fj\u00e4dersystem - Svart - TRUUSK - Hem, Tr\u00e4dg\u00e5rd &amp; Fritid","robots":{"index":"index","follow":"follow","max-snippet":"max-snippet:-1","max-image-preview":"max-image-preview:large","max-video-preview":"max-video-preview:-1"},"canonical":"https:\/\/truusk.store\/sv\/produkt\/truusk-massagestol-med-varmefunktion-elektrisk-roterande-inklappbar-fjadersystem-svart\/","og_locale":"sv_SE","og_type":"article","og_title":"TRUUSK Massagestol med V\u00e4rmefunktion - Elektrisk - Roterande - Inklappbar - Fj\u00e4dersystem - Svart - TRUUSK - Hem, Tr\u00e4dg\u00e5rd &amp; Fritid","og_description":"Letar du efter en bekv\u00e4m stol att koppla av i efter en l\u00e5ng arbetsdag? Massagestolen fr\u00e5n TRUUSK \u00e4r det perfekta...","og_url":"https:\/\/truusk.store\/sv\/produkt\/truusk-massagestol-med-varmefunktion-elektrisk-roterande-inklappbar-fjadersystem-svart\/","og_site_name":"TRUUSK - Hem, Tr\u00e4dg\u00e5rd &amp; Fritid","article_modified_time":"2026-03-12T08:40:36+00:00","og_image":[{"width":2000,"height":2000,"url":"https:\/\/i0.wp.com\/truusk.se\/wp-content\/uploads\/2025\/06\/avslappningsstol-med-massagefunktion-elektrisk-tv-stol-med-varmefunktion-liggfunktion-roterande-massagesstol-med-fjadersystem-1.webp?fit=2000%2C2000&ssl=1","type":"image\/webp"}],"twitter_card":"summary_large_image","twitter_misc":{"Ber\u00e4knad l\u00e4stid":"1 minut"},"schema":{"@context":"https:\/\/schema.org","@graph":[{"@type":"WebPage","@id":"https:\/\/truusk.store\/sv\/produkt\/truusk-massagestol-med-varmefunktion-elektrisk-roterande-inklappbar-fjadersystem-svart\/","url":"https:\/\/truusk.store\/sv\/produkt\/truusk-massagestol-med-varmefunktion-elektrisk-roterande-inklappbar-fjadersystem-svart\/","name":"TRUUSK Massagestol med V\u00e4rmefunktion - Elektrisk - Roterande - Inklappbar - Fj\u00e4dersystem - Svart - TRUUSK - Hem, Tr\u00e4dg\u00e5rd &amp; Fritid","isPartOf":{"@id":"https:\/\/truusk.store\/sv\/#website"},"primaryImageOfPage":{"@id":"https:\/\/truusk.store\/sv\/produkt\/truusk-massagestol-med-varmefunktion-elektrisk-roterande-inklappbar-fjadersystem-svart\/#primaryimage"},"image":{"@id":"https:\/\/truusk.store\/sv\/produkt\/truusk-massagestol-med-varmefunktion-elektrisk-roterande-inklappbar-fjadersystem-svart\/#primaryimage"},"thumbnailUrl":"https:\/\/i0.wp.com\/truusk.store\/wp-content\/uploads\/2025\/06\/avslappningsstol-med-massagefunktion-elektrisk-tv-stol-med-varmefunktion-liggfunktion-roterande-massagesstol-med-fjadersystem-1.webp?fit=2000%2C2000&ssl=1","datePublished":"2025-06-05T01:40:53+00:00","dateModified":"2026-03-12T08:40:36+00:00","breadcrumb":{"@id":"https:\/\/truusk.store\/sv\/produkt\/truusk-massagestol-med-varmefunktion-elektrisk-roterande-inklappbar-fjadersystem-svart\/#breadcrumb"},"inLanguage":"sv-SE","potentialAction":[{"@type":"ReadAction","target":["https:\/\/truusk.store\/sv\/produkt\/truusk-massagestol-med-varmefunktion-elektrisk-roterande-inklappbar-fjadersystem-svart\/"]}]},{"@type":"ImageObject","inLanguage":"sv-SE","@id":"https:\/\/truusk.store\/sv\/produkt\/truusk-massagestol-med-varmefunktion-elektrisk-roterande-inklappbar-fjadersystem-svart\/#primaryimage","url":"https:\/\/i0.wp.com\/truusk.store\/wp-content\/uploads\/2025\/06\/avslappningsstol-med-massagefunktion-elektrisk-tv-stol-med-varmefunktion-liggfunktion-roterande-massagesstol-med-fjadersystem-1.webp?fit=2000%2C2000&ssl=1","contentUrl":"https:\/\/i0.wp.com\/truusk.store\/wp-content\/uploads\/2025\/06\/avslappningsstol-med-massagefunktion-elektrisk-tv-stol-med-varmefunktion-liggfunktion-roterande-massagesstol-med-fjadersystem-1.webp?fit=2000%2C2000&ssl=1","width":2000,"height":2000},{"@type":"BreadcrumbList","@id":"https:\/\/truusk.store\/sv\/produkt\/truusk-massagestol-med-varmefunktion-elektrisk-roterande-inklappbar-fjadersystem-svart\/#breadcrumb","itemListElement":[{"@type":"ListItem","position":1,"name":"Home","item":"https:\/\/truusk.store\/sv\/"},{"@type":"ListItem","position":2,"name":"Shop","item":"https:\/\/truusk.store\/shop\/"},{"@type":"ListItem","position":3,"name":"TRUUSK Massagestol med V\u00e4rmefunktion &#8211; Elektrisk &#8211; Roterande &#8211; Inklappbar &#8211; Fj\u00e4dersystem &#8211; Svart"}]},{"@type":"WebSite","@id":"https:\/\/truusk.store\/sv\/#website","url":"https:\/\/truusk.store\/sv\/","name":"TRUUSK - Hem, Tr\u00e4dg\u00e5rd & Fritid","description":"","publisher":{"@id":"https:\/\/truusk.store\/sv\/#organization"},"potentialAction":[{"@type":"SearchAction","target":{"@type":"EntryPoint","urlTemplate":"https:\/\/truusk.store\/sv\/?s={search_term_string}"},"query-input":{"@type":"PropertyValueSpecification","valueRequired":true,"valueName":"search_term_string"}}],"inLanguage":"sv-SE"},{"@type":"Organization","@id":"https:\/\/truusk.store\/sv\/#organization","name":"TRUUSK - Hem, Tr\u00e4dg\u00e5rd & Fritid","url":"https:\/\/truusk.store\/sv\/","logo":{"@type":"ImageObject","inLanguage":"sv-SE","@id":"https:\/\/truusk.store\/sv\/#\/schema\/logo\/image\/","url":"https:\/\/i0.wp.com\/truusk.store\/wp-content\/uploads\/2026\/03\/cropped-TRUUSK.png?fit=2032%2C917&ssl=1","contentUrl":"https:\/\/i0.wp.com\/truusk.store\/wp-content\/uploads\/2026\/03\/cropped-TRUUSK.png?fit=2032%2C917&ssl=1","width":2032,"height":917,"caption":"TRUUSK - Hem, Tr\u00e4dg\u00e5rd & Fritid"},"image":{"@id":"https:\/\/truusk.store\/sv\/#\/schema\/logo\/image\/"}}]}},"jetpack_sharing_enabled":true,"_links":{"self":[{"href":"https:\/\/truusk.store\/sv\/wp-json\/wp\/v2\/product\/60401","targetHints":{"allow":["GET"]}}],"collection":[{"href":"https:\/\/truusk.store\/sv\/wp-json\/wp\/v2\/product"}],"about":[{"href":"https:\/\/truusk.store\/sv\/wp-json\/wp\/v2\/types\/product"}],"wp:featuredmedia":[{"embeddable":true,"href":"https:\/\/truusk.store\/sv\/wp-json\/wp\/v2\/media\/60391"}],"wp:attachment":[{"href":"https:\/\/truusk.store\/sv\/wp-json\/wp\/v2\/media?parent=60401"}],"wp:term":[{"taxonomy":"product_brand","embeddable":true,"href":"https:\/\/truusk.store\/sv\/wp-json\/wp\/v2\/product_brand?post=60401"},{"taxonomy":"product_cat","embeddable":true,"href":"https:\/\/truusk.store\/sv\/wp-json\/wp\/v2\/product_cat?post=60401"},{"taxonomy":"product_tag","embeddable":true,"href":"https:\/\/truusk.store\/sv\/wp-json\/wp\/v2\/product_tag?post=60401"}],"curies":[{"name":"wp","href":"https:\/\/api.w.org\/{rel}","templated":true}]}}