{"id":60450,"date":"2025-06-05T02:45:29","date_gmt":"2025-06-05T01:45:29","guid":{"rendered":"https:\/\/truusk.store\/product\/2-i-1-golvsoffa-upp-till-250-kg-belastning-hopfallbar-baddsoffa-med-linneutseende-for-2-personer-soffbadd-for-vardagsrum-sovrum\/"},"modified":"2026-03-12T09:40:38","modified_gmt":"2026-03-12T08:40:38","slug":"truusk-2-i-1-golvsoffa-upp-till-250-kg-belastning-hopfallbar-baddsoffa-linneutseende-for-2-personer-soffbadd","status":"publish","type":"product","link":"https:\/\/truusk.store\/sv\/produkt\/truusk-2-i-1-golvsoffa-upp-till-250-kg-belastning-hopfallbar-baddsoffa-linneutseende-for-2-personer-soffbadd\/","title":{"rendered":"TRUUSK 2-i-1 Golvsoffa &#8211; Upp Till 250 Kg Belastning &#8211; Hopf\u00e4llbar B\u00e4ddsoffa &#8211; Linneutseende &#8211; F\u00f6r 2 Personer &#8211; Soffb\u00e4dd &#8211;"},"content":{"rendered":"<p>Uppt\u00e4ck komforten och m\u00e5ngsidigheten med det innovativa golvsoffan fr\u00e5n TRUUSK! Denna platsbesparare f\u00f6rvandlar alla vardagsrum till en mysig chillh\u00f6rna. Anv\u00e4nd det som en djup 2-sits soffa f\u00f6r avkoppling eller vik ut det enkelt till en g\u00e4sts\u00e4ng f\u00f6r spontana \u00f6vernattande g\u00e4ster. Med sin avslappnade design och tjocka stoppning \u00e4r det perfekt f\u00f6r filmkv\u00e4llar, spelmaraton eller bara f\u00f6r att koppla av &#8211; f\u00f6r mer roligt och trygghet i ditt hem.<\/p>\n<p>Beskrivning:<\/p>\n<ul>\n<li> Kompakt och l\u00e4tt, perfekt f\u00f6r vardagsrum, g\u00e4strum och ungdomsrum<\/li>\n<li> Tjock stoppning av golvsoffan f\u00f6r o\u00f6vertr\u00e4ffad komfort<\/li>\n<li> Andningsbart tyg\u00f6verdrag \u00e4r rynkfritt och formstabilt<\/li>\n<li> Avtagbart \u00f6verdrag f\u00f6r soffan f\u00f6r enkel reng\u00f6ring<\/li>\n<li> Ingen montering kr\u00e4vs<\/li>\n<\/ul>\n<p> Tekniska data:<\/p>\n<ul>\n<li> F\u00e4rg: Gr\u00e5<\/li>\n<li> Material: Linneimitation (100% polyester), skum<\/li>\n<li> Totala dimensioner: 138B x 80T x 50H cm<\/li>\n<li> S\u00e4ngstorlek: 193B x 138T x 16H cm<\/li>\n<li> Sitsstorlek: 138B x 55T x 32H cm<\/li>\n<li> Kuddtjocklek (enskild): 16 cm<\/li>\n<li> Ryggst\u00f6dsdimensioner: 138B x 29T x 16H cm<\/li>\n<li> B\u00e4rf\u00f6rm\u00e5ga: 250 kg<\/li>\n<\/ul>\n<p> Leveransinneh\u00e5ll:<\/p>\n<ul>\n<li> 1 x golvsoffa<\/li>\n<li> 1 x instruktioner<\/li>\n<\/ul>\n","protected":false},"excerpt":{"rendered":"<p>Uppt\u00e4ck komforten och m\u00e5ngsidigheten med det innovativa golvsoffan fr\u00e5n TRUUSK! Denna platsbesparare f\u00f6rvandlar alla vardagsrum till en mysig chillh\u00f6rna. Anv\u00e4nd&#8230;<\/p>\n","protected":false},"featured_media":60441,"template":"","meta":[],"product_brand":[],"product_cat":[521,871,973,910],"product_tag":[],"class_list":{"0":"post-60450","1":"product","2":"type-product","3":"status-publish","4":"has-post-thumbnail","6":"product_cat-fatolj","7":"product_cat-hus-hem","8":"product_cat-sitzkissen","9":"product_cat-vardagsrum","11":"first","12":"instock","13":"sale","14":"taxable","15":"shipping-taxable","16":"purchasable","17":"product-type-simple"},"yoast_head":"<!-- This site is optimized with the Yoast SEO plugin v25.4 - https:\/\/yoast.com\/wordpress\/plugins\/seo\/ -->\n<title>TRUUSK 2-i-1 Golvsoffa - Upp Till 250 Kg Belastning - Hopf\u00e4llbar B\u00e4ddsoffa - Linneutseende - F\u00f6r 2 Personer - Soffb\u00e4dd - TRUUSK - Hem, Tr\u00e4dg\u00e5rd &amp; Fritid<\/title>\n<meta name=\"robots\" content=\"index, follow, max-snippet:-1, max-image-preview:large, max-video-preview:-1\" \/>\n<link rel=\"canonical\" href=\"https:\/\/truusk.store\/sv\/produkt\/truusk-2-i-1-golvsoffa-upp-till-250-kg-belastning-hopfallbar-baddsoffa-linneutseende-for-2-personer-soffbadd\/\" \/>\n<meta property=\"og:locale\" content=\"sv_SE\" \/>\n<meta property=\"og:type\" content=\"article\" \/>\n<meta property=\"og:title\" content=\"TRUUSK 2-i-1 Golvsoffa - Upp Till 250 Kg Belastning - Hopf\u00e4llbar B\u00e4ddsoffa - Linneutseende - F\u00f6r 2 Personer - Soffb\u00e4dd - TRUUSK - Hem, Tr\u00e4dg\u00e5rd &amp; Fritid\" \/>\n<meta property=\"og:description\" content=\"Uppt\u00e4ck komforten och m\u00e5ngsidigheten med det innovativa golvsoffan fr\u00e5n TRUUSK! Denna platsbesparare f\u00f6rvandlar alla vardagsrum till en mysig chillh\u00f6rna. Anv\u00e4nd...\" \/>\n<meta property=\"og:url\" content=\"https:\/\/truusk.store\/sv\/produkt\/truusk-2-i-1-golvsoffa-upp-till-250-kg-belastning-hopfallbar-baddsoffa-linneutseende-for-2-personer-soffbadd\/\" \/>\n<meta property=\"og:site_name\" content=\"TRUUSK - Hem, Tr\u00e4dg\u00e5rd &amp; Fritid\" \/>\n<meta property=\"article:modified_time\" content=\"2026-03-12T08:40:38+00:00\" \/>\n<meta property=\"og:image\" content=\"https:\/\/i0.wp.com\/truusk.se\/wp-content\/uploads\/2025\/06\/2-i-1-golvsoffa-upp-till-250-kg-belastning-hopfallbar-baddsoffa-med-linneutseende-for-2-personer-soffbadd-for-vardagsrum-sovrum-1.webp?fit=2000%2C2000&ssl=1\" \/>\n\t<meta property=\"og:image:width\" content=\"2000\" \/>\n\t<meta property=\"og:image:height\" content=\"2000\" \/>\n\t<meta property=\"og:image:type\" content=\"image\/webp\" \/>\n<meta name=\"twitter:card\" content=\"summary_large_image\" \/>\n<meta name=\"twitter:label1\" content=\"Ber\u00e4knad l\u00e4stid\" \/>\n\t<meta name=\"twitter:data1\" content=\"1 minut\" \/>\n<!-- \/ Yoast SEO plugin. -->","yoast_head_json":{"title":"TRUUSK 2-i-1 Golvsoffa - Upp Till 250 Kg Belastning - Hopf\u00e4llbar B\u00e4ddsoffa - Linneutseende - F\u00f6r 2 Personer - Soffb\u00e4dd - TRUUSK - Hem, Tr\u00e4dg\u00e5rd &amp; Fritid","robots":{"index":"index","follow":"follow","max-snippet":"max-snippet:-1","max-image-preview":"max-image-preview:large","max-video-preview":"max-video-preview:-1"},"canonical":"https:\/\/truusk.store\/sv\/produkt\/truusk-2-i-1-golvsoffa-upp-till-250-kg-belastning-hopfallbar-baddsoffa-linneutseende-for-2-personer-soffbadd\/","og_locale":"sv_SE","og_type":"article","og_title":"TRUUSK 2-i-1 Golvsoffa - Upp Till 250 Kg Belastning - Hopf\u00e4llbar B\u00e4ddsoffa - Linneutseende - F\u00f6r 2 Personer - Soffb\u00e4dd - TRUUSK - Hem, Tr\u00e4dg\u00e5rd &amp; Fritid","og_description":"Uppt\u00e4ck komforten och m\u00e5ngsidigheten med det innovativa golvsoffan fr\u00e5n TRUUSK! Denna platsbesparare f\u00f6rvandlar alla vardagsrum till en mysig chillh\u00f6rna. Anv\u00e4nd...","og_url":"https:\/\/truusk.store\/sv\/produkt\/truusk-2-i-1-golvsoffa-upp-till-250-kg-belastning-hopfallbar-baddsoffa-linneutseende-for-2-personer-soffbadd\/","og_site_name":"TRUUSK - Hem, Tr\u00e4dg\u00e5rd &amp; Fritid","article_modified_time":"2026-03-12T08:40:38+00:00","og_image":[{"width":2000,"height":2000,"url":"https:\/\/i0.wp.com\/truusk.se\/wp-content\/uploads\/2025\/06\/2-i-1-golvsoffa-upp-till-250-kg-belastning-hopfallbar-baddsoffa-med-linneutseende-for-2-personer-soffbadd-for-vardagsrum-sovrum-1.webp?fit=2000%2C2000&ssl=1","type":"image\/webp"}],"twitter_card":"summary_large_image","twitter_misc":{"Ber\u00e4knad l\u00e4stid":"1 minut"},"schema":{"@context":"https:\/\/schema.org","@graph":[{"@type":"WebPage","@id":"https:\/\/truusk.store\/sv\/produkt\/truusk-2-i-1-golvsoffa-upp-till-250-kg-belastning-hopfallbar-baddsoffa-linneutseende-for-2-personer-soffbadd\/","url":"https:\/\/truusk.store\/sv\/produkt\/truusk-2-i-1-golvsoffa-upp-till-250-kg-belastning-hopfallbar-baddsoffa-linneutseende-for-2-personer-soffbadd\/","name":"TRUUSK 2-i-1 Golvsoffa - Upp Till 250 Kg Belastning - Hopf\u00e4llbar B\u00e4ddsoffa - Linneutseende - F\u00f6r 2 Personer - Soffb\u00e4dd - TRUUSK - Hem, Tr\u00e4dg\u00e5rd &amp; Fritid","isPartOf":{"@id":"https:\/\/truusk.store\/sv\/#website"},"primaryImageOfPage":{"@id":"https:\/\/truusk.store\/sv\/produkt\/truusk-2-i-1-golvsoffa-upp-till-250-kg-belastning-hopfallbar-baddsoffa-linneutseende-for-2-personer-soffbadd\/#primaryimage"},"image":{"@id":"https:\/\/truusk.store\/sv\/produkt\/truusk-2-i-1-golvsoffa-upp-till-250-kg-belastning-hopfallbar-baddsoffa-linneutseende-for-2-personer-soffbadd\/#primaryimage"},"thumbnailUrl":"https:\/\/i0.wp.com\/truusk.store\/wp-content\/uploads\/2025\/06\/2-i-1-golvsoffa-upp-till-250-kg-belastning-hopfallbar-baddsoffa-med-linneutseende-for-2-personer-soffbadd-for-vardagsrum-sovrum-1.webp?fit=2000%2C2000&ssl=1","datePublished":"2025-06-05T01:45:29+00:00","dateModified":"2026-03-12T08:40:38+00:00","breadcrumb":{"@id":"https:\/\/truusk.store\/sv\/produkt\/truusk-2-i-1-golvsoffa-upp-till-250-kg-belastning-hopfallbar-baddsoffa-linneutseende-for-2-personer-soffbadd\/#breadcrumb"},"inLanguage":"sv-SE","potentialAction":[{"@type":"ReadAction","target":["https:\/\/truusk.store\/sv\/produkt\/truusk-2-i-1-golvsoffa-upp-till-250-kg-belastning-hopfallbar-baddsoffa-linneutseende-for-2-personer-soffbadd\/"]}]},{"@type":"ImageObject","inLanguage":"sv-SE","@id":"https:\/\/truusk.store\/sv\/produkt\/truusk-2-i-1-golvsoffa-upp-till-250-kg-belastning-hopfallbar-baddsoffa-linneutseende-for-2-personer-soffbadd\/#primaryimage","url":"https:\/\/i0.wp.com\/truusk.store\/wp-content\/uploads\/2025\/06\/2-i-1-golvsoffa-upp-till-250-kg-belastning-hopfallbar-baddsoffa-med-linneutseende-for-2-personer-soffbadd-for-vardagsrum-sovrum-1.webp?fit=2000%2C2000&ssl=1","contentUrl":"https:\/\/i0.wp.com\/truusk.store\/wp-content\/uploads\/2025\/06\/2-i-1-golvsoffa-upp-till-250-kg-belastning-hopfallbar-baddsoffa-med-linneutseende-for-2-personer-soffbadd-for-vardagsrum-sovrum-1.webp?fit=2000%2C2000&ssl=1","width":2000,"height":2000},{"@type":"BreadcrumbList","@id":"https:\/\/truusk.store\/sv\/produkt\/truusk-2-i-1-golvsoffa-upp-till-250-kg-belastning-hopfallbar-baddsoffa-linneutseende-for-2-personer-soffbadd\/#breadcrumb","itemListElement":[{"@type":"ListItem","position":1,"name":"Home","item":"https:\/\/truusk.store\/sv\/"},{"@type":"ListItem","position":2,"name":"Shop","item":"https:\/\/truusk.store\/shop\/"},{"@type":"ListItem","position":3,"name":"TRUUSK 2-i-1 Golvsoffa &#8211; Upp Till 250 Kg Belastning &#8211; Hopf\u00e4llbar B\u00e4ddsoffa &#8211; Linneutseende &#8211; F\u00f6r 2 Personer &#8211; Soffb\u00e4dd &#8211;"}]},{"@type":"WebSite","@id":"https:\/\/truusk.store\/sv\/#website","url":"https:\/\/truusk.store\/sv\/","name":"TRUUSK - Hem, Tr\u00e4dg\u00e5rd & Fritid","description":"","publisher":{"@id":"https:\/\/truusk.store\/sv\/#organization"},"potentialAction":[{"@type":"SearchAction","target":{"@type":"EntryPoint","urlTemplate":"https:\/\/truusk.store\/sv\/?s={search_term_string}"},"query-input":{"@type":"PropertyValueSpecification","valueRequired":true,"valueName":"search_term_string"}}],"inLanguage":"sv-SE"},{"@type":"Organization","@id":"https:\/\/truusk.store\/sv\/#organization","name":"TRUUSK - Hem, Tr\u00e4dg\u00e5rd & Fritid","url":"https:\/\/truusk.store\/sv\/","logo":{"@type":"ImageObject","inLanguage":"sv-SE","@id":"https:\/\/truusk.store\/sv\/#\/schema\/logo\/image\/","url":"https:\/\/i0.wp.com\/truusk.store\/wp-content\/uploads\/2026\/03\/cropped-TRUUSK.png?fit=2032%2C917&ssl=1","contentUrl":"https:\/\/i0.wp.com\/truusk.store\/wp-content\/uploads\/2026\/03\/cropped-TRUUSK.png?fit=2032%2C917&ssl=1","width":2032,"height":917,"caption":"TRUUSK - Hem, Tr\u00e4dg\u00e5rd & Fritid"},"image":{"@id":"https:\/\/truusk.store\/sv\/#\/schema\/logo\/image\/"}}]}},"jetpack_sharing_enabled":true,"_links":{"self":[{"href":"https:\/\/truusk.store\/sv\/wp-json\/wp\/v2\/product\/60450","targetHints":{"allow":["GET"]}}],"collection":[{"href":"https:\/\/truusk.store\/sv\/wp-json\/wp\/v2\/product"}],"about":[{"href":"https:\/\/truusk.store\/sv\/wp-json\/wp\/v2\/types\/product"}],"wp:featuredmedia":[{"embeddable":true,"href":"https:\/\/truusk.store\/sv\/wp-json\/wp\/v2\/media\/60441"}],"wp:attachment":[{"href":"https:\/\/truusk.store\/sv\/wp-json\/wp\/v2\/media?parent=60450"}],"wp:term":[{"taxonomy":"product_brand","embeddable":true,"href":"https:\/\/truusk.store\/sv\/wp-json\/wp\/v2\/product_brand?post=60450"},{"taxonomy":"product_cat","embeddable":true,"href":"https:\/\/truusk.store\/sv\/wp-json\/wp\/v2\/product_cat?post=60450"},{"taxonomy":"product_tag","embeddable":true,"href":"https:\/\/truusk.store\/sv\/wp-json\/wp\/v2\/product_tag?post=60450"}],"curies":[{"name":"wp","href":"https:\/\/api.w.org\/{rel}","templated":true}]}}