{"id":60490,"date":"2025-06-05T02:49:35","date_gmt":"2025-06-05T01:49:35","guid":{"rendered":"https:\/\/truusk.store\/product\/2-sits-soffa-soffa-med-forvaring-stoppad-soffa-dubbelsits-soffa-med-sammetseffekt-for-vardagsrum-sovrum-117x-62-x-78-cm\/"},"modified":"2026-03-12T09:41:25","modified_gmt":"2026-03-12T08:41:25","slug":"truusk-dubbelsits-soffa-med-forvaring-stoppad-soffa-med-sammetseffekt-for-vardagsrum-och-sovrum-117x62x78-cm","status":"publish","type":"product","link":"https:\/\/truusk.store\/sv\/produkt\/truusk-dubbelsits-soffa-med-forvaring-stoppad-soffa-med-sammetseffekt-for-vardagsrum-och-sovrum-117x62x78-cm\/","title":{"rendered":"TRUUSK Dubbelsits Soffa med F\u00f6rvaring &#8211; Stoppad Soffa med Sammetseffekt &#8211; F\u00f6r Vardagsrum och Sovrum &#8211; 117x62x78 cm"},"content":{"rendered":"<p>Uppt\u00e4ck den perfekta blandningen av komfort och funktionalitet med TRUUSK tv\u00e5sitssoffa. Denna stiliga soffa erbjuder inte bara en mysig liggplats, utan ocks\u00e5 praktiskt f\u00f6rvaringsutrymme f\u00f6r att h\u00e5lla dina hemaccessoarer ordnade. Njut av h\u00f6gsta sittkomfort tack vare den tjocka stoppningen och den l\u00e4ttsk\u00f6tta, mjuka tygkl\u00e4dseln. Ett m\u00e5ste f\u00f6r varje modernt hem!<\/p>\n<p>Beskrivning:<\/p>\n<ul>\n<li> Kompakt konstruktion utnyttjar tillg\u00e4ngligt utrymme optimalt<\/li>\n<li> Tidl\u00f6s design p\u00e5 k\u00f6ksoffan passar s\u00f6ml\u00f6st in i alla inredningar<\/li>\n<li> F\u00f6rvaringsutrymme dolt under s\u00e4tet erbjuder gott om plats f\u00f6r s\u00e4ngkl\u00e4der, b\u00f6cker och vardagsf\u00f6rem\u00e5l<\/li>\n<li> Elegant ryggst\u00f6d med knappf\u00e4stning ger fast st\u00f6d och ger tv\u00e5sitssoffan en touch av elegans<\/li>\n<li> Mjukt stoppad sittplats och andningsbart \u00f6verdrag i sammetlook ger en f\u00f6rstklassig sittupplevelse<\/li>\n<li> Robusta gummitr\u00e4ben garanterar soffans stabilitet och h\u00e5llbarhet<\/li>\n<li> Montering kr\u00e4vs<\/li>\n<\/ul>\n<p>Tekniska data:<\/p>\n<ul>\n<li> F\u00e4rg: Ljusgr\u00e5<\/li>\n<li> Material: Sammetimitation, gummitr\u00e4<\/li>\n<li> Totala m\u00e5tt: 117B x 62T x 78H cm<\/li>\n<li> Sitsens m\u00e5tt: 101B x 48T x 45H cm<\/li>\n<li> Armst\u00f6dets m\u00e5tt: 8B x 62T x 61H cm<\/li>\n<li> Ryggst\u00f6dets m\u00e5tt: 95B x 27H cm<\/li>\n<li> F\u00f6rvaringsfack: 97B x 48T x 15H cm<\/li>\n<li> B\u00e4rkapacitet: 100 kg (per sittplats), 10 kg (f\u00f6rvaringsfack)<\/li>\n<\/ul>\n<p>Leveransinneh\u00e5ll:<\/p>\n<ul>\n<li> 1 x soffa<\/li>\n<li> 1 x instruktion<\/li>\n<\/ul>\n","protected":false},"excerpt":{"rendered":"<p>Uppt\u00e4ck den perfekta blandningen av komfort och funktionalitet med TRUUSK tv\u00e5sitssoffa. Denna stiliga soffa erbjuder inte bara en mysig liggplats,&#8230;<\/p>\n","protected":false},"featured_media":60481,"template":"","meta":[],"product_brand":[],"product_cat":[871,937,910,974],"product_tag":[],"class_list":{"0":"post-60490","1":"product","2":"type-product","3":"status-publish","4":"has-post-thumbnail","6":"product_cat-hus-hem","7":"product_cat-soffor","8":"product_cat-vardagsrum","9":"product_cat-zweisitzer","11":"first","12":"instock","13":"sale","14":"taxable","15":"shipping-taxable","16":"purchasable","17":"product-type-simple"},"yoast_head":"<!-- This site is optimized with the Yoast SEO plugin v25.4 - https:\/\/yoast.com\/wordpress\/plugins\/seo\/ -->\n<title>TRUUSK Dubbelsits Soffa med F\u00f6rvaring - Stoppad Soffa med Sammetseffekt - F\u00f6r Vardagsrum och Sovrum - 117x62x78 cm - TRUUSK - Hem, Tr\u00e4dg\u00e5rd &amp; Fritid<\/title>\n<meta name=\"robots\" content=\"index, follow, max-snippet:-1, max-image-preview:large, max-video-preview:-1\" \/>\n<link rel=\"canonical\" href=\"https:\/\/truusk.store\/sv\/produkt\/truusk-dubbelsits-soffa-med-forvaring-stoppad-soffa-med-sammetseffekt-for-vardagsrum-och-sovrum-117x62x78-cm\/\" \/>\n<meta property=\"og:locale\" content=\"sv_SE\" \/>\n<meta property=\"og:type\" content=\"article\" \/>\n<meta property=\"og:title\" content=\"TRUUSK Dubbelsits Soffa med F\u00f6rvaring - Stoppad Soffa med Sammetseffekt - F\u00f6r Vardagsrum och Sovrum - 117x62x78 cm - TRUUSK - Hem, Tr\u00e4dg\u00e5rd &amp; Fritid\" \/>\n<meta property=\"og:description\" content=\"Uppt\u00e4ck den perfekta blandningen av komfort och funktionalitet med TRUUSK tv\u00e5sitssoffa. Denna stiliga soffa erbjuder inte bara en mysig liggplats,...\" \/>\n<meta property=\"og:url\" content=\"https:\/\/truusk.store\/sv\/produkt\/truusk-dubbelsits-soffa-med-forvaring-stoppad-soffa-med-sammetseffekt-for-vardagsrum-och-sovrum-117x62x78-cm\/\" \/>\n<meta property=\"og:site_name\" content=\"TRUUSK - Hem, Tr\u00e4dg\u00e5rd &amp; Fritid\" \/>\n<meta property=\"article:modified_time\" content=\"2026-03-12T08:41:25+00:00\" \/>\n<meta property=\"og:image\" content=\"https:\/\/i0.wp.com\/truusk.se\/wp-content\/uploads\/2025\/06\/2-sits-soffa-soffa-med-forvaring-stoppad-soffa-dubbelsits-soffa-med-sammetseffekt-for-vardagsrum-sovrum-117x-62-x-78-cm-1.webp?fit=2000%2C2000&ssl=1\" \/>\n\t<meta property=\"og:image:width\" content=\"2000\" \/>\n\t<meta property=\"og:image:height\" content=\"2000\" \/>\n\t<meta property=\"og:image:type\" content=\"image\/webp\" \/>\n<meta name=\"twitter:card\" content=\"summary_large_image\" \/>\n<meta name=\"twitter:label1\" content=\"Ber\u00e4knad l\u00e4stid\" \/>\n\t<meta name=\"twitter:data1\" content=\"1 minut\" \/>\n<!-- \/ Yoast SEO plugin. -->","yoast_head_json":{"title":"TRUUSK Dubbelsits Soffa med F\u00f6rvaring - Stoppad Soffa med Sammetseffekt - F\u00f6r Vardagsrum och Sovrum - 117x62x78 cm - TRUUSK - Hem, Tr\u00e4dg\u00e5rd &amp; Fritid","robots":{"index":"index","follow":"follow","max-snippet":"max-snippet:-1","max-image-preview":"max-image-preview:large","max-video-preview":"max-video-preview:-1"},"canonical":"https:\/\/truusk.store\/sv\/produkt\/truusk-dubbelsits-soffa-med-forvaring-stoppad-soffa-med-sammetseffekt-for-vardagsrum-och-sovrum-117x62x78-cm\/","og_locale":"sv_SE","og_type":"article","og_title":"TRUUSK Dubbelsits Soffa med F\u00f6rvaring - Stoppad Soffa med Sammetseffekt - F\u00f6r Vardagsrum och Sovrum - 117x62x78 cm - TRUUSK - Hem, Tr\u00e4dg\u00e5rd &amp; Fritid","og_description":"Uppt\u00e4ck den perfekta blandningen av komfort och funktionalitet med TRUUSK tv\u00e5sitssoffa. Denna stiliga soffa erbjuder inte bara en mysig liggplats,...","og_url":"https:\/\/truusk.store\/sv\/produkt\/truusk-dubbelsits-soffa-med-forvaring-stoppad-soffa-med-sammetseffekt-for-vardagsrum-och-sovrum-117x62x78-cm\/","og_site_name":"TRUUSK - Hem, Tr\u00e4dg\u00e5rd &amp; Fritid","article_modified_time":"2026-03-12T08:41:25+00:00","og_image":[{"width":2000,"height":2000,"url":"https:\/\/i0.wp.com\/truusk.se\/wp-content\/uploads\/2025\/06\/2-sits-soffa-soffa-med-forvaring-stoppad-soffa-dubbelsits-soffa-med-sammetseffekt-for-vardagsrum-sovrum-117x-62-x-78-cm-1.webp?fit=2000%2C2000&ssl=1","type":"image\/webp"}],"twitter_card":"summary_large_image","twitter_misc":{"Ber\u00e4knad l\u00e4stid":"1 minut"},"schema":{"@context":"https:\/\/schema.org","@graph":[{"@type":"WebPage","@id":"https:\/\/truusk.store\/sv\/produkt\/truusk-dubbelsits-soffa-med-forvaring-stoppad-soffa-med-sammetseffekt-for-vardagsrum-och-sovrum-117x62x78-cm\/","url":"https:\/\/truusk.store\/sv\/produkt\/truusk-dubbelsits-soffa-med-forvaring-stoppad-soffa-med-sammetseffekt-for-vardagsrum-och-sovrum-117x62x78-cm\/","name":"TRUUSK Dubbelsits Soffa med F\u00f6rvaring - Stoppad Soffa med Sammetseffekt - F\u00f6r Vardagsrum och Sovrum - 117x62x78 cm - TRUUSK - Hem, Tr\u00e4dg\u00e5rd &amp; Fritid","isPartOf":{"@id":"https:\/\/truusk.store\/sv\/#website"},"primaryImageOfPage":{"@id":"https:\/\/truusk.store\/sv\/produkt\/truusk-dubbelsits-soffa-med-forvaring-stoppad-soffa-med-sammetseffekt-for-vardagsrum-och-sovrum-117x62x78-cm\/#primaryimage"},"image":{"@id":"https:\/\/truusk.store\/sv\/produkt\/truusk-dubbelsits-soffa-med-forvaring-stoppad-soffa-med-sammetseffekt-for-vardagsrum-och-sovrum-117x62x78-cm\/#primaryimage"},"thumbnailUrl":"https:\/\/i0.wp.com\/truusk.store\/wp-content\/uploads\/2025\/06\/2-sits-soffa-soffa-med-forvaring-stoppad-soffa-dubbelsits-soffa-med-sammetseffekt-for-vardagsrum-sovrum-117x-62-x-78-cm-1.webp?fit=2000%2C2000&ssl=1","datePublished":"2025-06-05T01:49:35+00:00","dateModified":"2026-03-12T08:41:25+00:00","breadcrumb":{"@id":"https:\/\/truusk.store\/sv\/produkt\/truusk-dubbelsits-soffa-med-forvaring-stoppad-soffa-med-sammetseffekt-for-vardagsrum-och-sovrum-117x62x78-cm\/#breadcrumb"},"inLanguage":"sv-SE","potentialAction":[{"@type":"ReadAction","target":["https:\/\/truusk.store\/sv\/produkt\/truusk-dubbelsits-soffa-med-forvaring-stoppad-soffa-med-sammetseffekt-for-vardagsrum-och-sovrum-117x62x78-cm\/"]}]},{"@type":"ImageObject","inLanguage":"sv-SE","@id":"https:\/\/truusk.store\/sv\/produkt\/truusk-dubbelsits-soffa-med-forvaring-stoppad-soffa-med-sammetseffekt-for-vardagsrum-och-sovrum-117x62x78-cm\/#primaryimage","url":"https:\/\/i0.wp.com\/truusk.store\/wp-content\/uploads\/2025\/06\/2-sits-soffa-soffa-med-forvaring-stoppad-soffa-dubbelsits-soffa-med-sammetseffekt-for-vardagsrum-sovrum-117x-62-x-78-cm-1.webp?fit=2000%2C2000&ssl=1","contentUrl":"https:\/\/i0.wp.com\/truusk.store\/wp-content\/uploads\/2025\/06\/2-sits-soffa-soffa-med-forvaring-stoppad-soffa-dubbelsits-soffa-med-sammetseffekt-for-vardagsrum-sovrum-117x-62-x-78-cm-1.webp?fit=2000%2C2000&ssl=1","width":2000,"height":2000},{"@type":"BreadcrumbList","@id":"https:\/\/truusk.store\/sv\/produkt\/truusk-dubbelsits-soffa-med-forvaring-stoppad-soffa-med-sammetseffekt-for-vardagsrum-och-sovrum-117x62x78-cm\/#breadcrumb","itemListElement":[{"@type":"ListItem","position":1,"name":"Home","item":"https:\/\/truusk.store\/sv\/"},{"@type":"ListItem","position":2,"name":"Shop","item":"https:\/\/truusk.store\/shop\/"},{"@type":"ListItem","position":3,"name":"TRUUSK Dubbelsits Soffa med F\u00f6rvaring &#8211; Stoppad Soffa med Sammetseffekt &#8211; F\u00f6r Vardagsrum och Sovrum &#8211; 117x62x78 cm"}]},{"@type":"WebSite","@id":"https:\/\/truusk.store\/sv\/#website","url":"https:\/\/truusk.store\/sv\/","name":"TRUUSK - Hem, Tr\u00e4dg\u00e5rd & Fritid","description":"","publisher":{"@id":"https:\/\/truusk.store\/sv\/#organization"},"potentialAction":[{"@type":"SearchAction","target":{"@type":"EntryPoint","urlTemplate":"https:\/\/truusk.store\/sv\/?s={search_term_string}"},"query-input":{"@type":"PropertyValueSpecification","valueRequired":true,"valueName":"search_term_string"}}],"inLanguage":"sv-SE"},{"@type":"Organization","@id":"https:\/\/truusk.store\/sv\/#organization","name":"TRUUSK - Hem, Tr\u00e4dg\u00e5rd & Fritid","url":"https:\/\/truusk.store\/sv\/","logo":{"@type":"ImageObject","inLanguage":"sv-SE","@id":"https:\/\/truusk.store\/sv\/#\/schema\/logo\/image\/","url":"https:\/\/i0.wp.com\/truusk.store\/wp-content\/uploads\/2026\/03\/cropped-TRUUSK.png?fit=2032%2C917&ssl=1","contentUrl":"https:\/\/i0.wp.com\/truusk.store\/wp-content\/uploads\/2026\/03\/cropped-TRUUSK.png?fit=2032%2C917&ssl=1","width":2032,"height":917,"caption":"TRUUSK - Hem, Tr\u00e4dg\u00e5rd & Fritid"},"image":{"@id":"https:\/\/truusk.store\/sv\/#\/schema\/logo\/image\/"}}]}},"jetpack_sharing_enabled":true,"_links":{"self":[{"href":"https:\/\/truusk.store\/sv\/wp-json\/wp\/v2\/product\/60490","targetHints":{"allow":["GET"]}}],"collection":[{"href":"https:\/\/truusk.store\/sv\/wp-json\/wp\/v2\/product"}],"about":[{"href":"https:\/\/truusk.store\/sv\/wp-json\/wp\/v2\/types\/product"}],"wp:featuredmedia":[{"embeddable":true,"href":"https:\/\/truusk.store\/sv\/wp-json\/wp\/v2\/media\/60481"}],"wp:attachment":[{"href":"https:\/\/truusk.store\/sv\/wp-json\/wp\/v2\/media?parent=60490"}],"wp:term":[{"taxonomy":"product_brand","embeddable":true,"href":"https:\/\/truusk.store\/sv\/wp-json\/wp\/v2\/product_brand?post=60490"},{"taxonomy":"product_cat","embeddable":true,"href":"https:\/\/truusk.store\/sv\/wp-json\/wp\/v2\/product_cat?post=60490"},{"taxonomy":"product_tag","embeddable":true,"href":"https:\/\/truusk.store\/sv\/wp-json\/wp\/v2\/product_tag?post=60490"}],"curies":[{"name":"wp","href":"https:\/\/api.w.org\/{rel}","templated":true}]}}