{"id":60500,"date":"2025-06-05T02:50:31","date_gmt":"2025-06-05T01:50:31","guid":{"rendered":"https:\/\/truusk.store\/product\/handdukshallare-fristaende-handduksstall-med-2-handduksstanger-badhanddukshallare-for-badrum-metall-66-x-20-x-110-cm-svart\/"},"modified":"2026-03-12T09:41:20","modified_gmt":"2026-03-12T08:41:20","slug":"truusk-handdukshallare-fristaende-med-2-handduksstanger-for-badrum-metall-66-x-20-x-110-cm-svart","status":"publish","type":"product","link":"https:\/\/truusk.store\/sv\/produkt\/truusk-handdukshallare-fristaende-med-2-handduksstanger-for-badrum-metall-66-x-20-x-110-cm-svart\/","title":{"rendered":"TRUUSK Handduksh\u00e5llare &#8211; Frist\u00e5ende Med 2 Handduksst\u00e4nger &#8211; F\u00f6r Badrum &#8211; Metall &#8211; 66 x 20 x 110 cm &#8211; Svart"},"content":{"rendered":"<p>Denna stilfulla handduksst\u00e4llning med tv\u00e5 olika h\u00f6ga h\u00e5llare och ett avst\u00e5nd p\u00e5 17 cm g\u00f6r det m\u00f6jligt f\u00f6r dig att h\u00e4nga upp dina handdukar p\u00e5 ett prydligt s\u00e4tt. Handduksh\u00e5llaren passar inte bara f\u00f6r badrummet, utan ocks\u00e5 f\u00f6r att h\u00e4nga upp lakan eller filtar p\u00e5 balkongen. Tillverkad av lackerat metall, \u00e4r den rostbest\u00e4ndig. \u00c5terst\u00e4ll harmonisk ordning i ditt handduksf\u00f6rvaring!<\/p>\n<p>Beskrivning:<\/p>\n<ul>\n<li> Tv\u00e5 f\u00f6rskjutna st\u00e4nger p\u00e5 st\u00e5ende handduksh\u00e5llaren erbjuder gener\u00f6st utrymme f\u00f6r handdukar<\/li>\n<li> Robust, lackerad metallram med extra sidost\u00f6d garanterar h\u00f6g stabilitet<\/li>\n<li> Halkfria f\u00f6tter p\u00e5 handduksh\u00e5llaren f\u00f6rhindrar att handduksh\u00e5llaren glider<\/li>\n<li> L\u00e4tt och utrymmesbesparande, idealisk f\u00f6r badrum och tv\u00e4ttstuga<\/li>\n<li> Enkel montering utan st\u00f6rre anstr\u00e4ngning<\/li>\n<\/ul>\n<p>Tekniska data:<\/p>\n<ul>\n<li> F\u00e4rg: Svart<\/li>\n<li> Material: Metall<\/li>\n<li> Totala dimensioner: 66B x 20T x 110H cm<\/li>\n<li> Storlek p\u00e5 handduksst\u00e5ngen: 66B x 110\/95H cm<\/li>\n<li> Avst\u00e5nd mellan st\u00e4ngerna: 17 cm<\/li>\n<li> Belastningskapacitet: 5 kg<\/li>\n<\/ul>\n<p>Leveransinneh\u00e5ll:<\/p>\n<ul>\n<li> 1 x Handduksh\u00e5llare<\/li>\n<li> 1 x Bruksanvisning<\/li>\n<\/ul>\n","protected":false},"excerpt":{"rendered":"<p>Denna stilfulla handduksst\u00e4llning med tv\u00e5 olika h\u00f6ga h\u00e5llare och ett avst\u00e5nd p\u00e5 17 cm g\u00f6r det m\u00f6jligt f\u00f6r dig att&#8230;<\/p>\n","protected":false},"featured_media":60491,"template":"","meta":[],"product_brand":[],"product_cat":[915,930,871],"product_tag":[],"class_list":{"0":"post-60500","1":"product","2":"type-product","3":"status-publish","4":"has-post-thumbnail","6":"product_cat-badrum","7":"product_cat-handdukshallare","8":"product_cat-hus-hem","10":"first","11":"instock","12":"sale","13":"taxable","14":"shipping-taxable","15":"purchasable","16":"product-type-simple"},"yoast_head":"<!-- This site is optimized with the Yoast SEO plugin v25.4 - https:\/\/yoast.com\/wordpress\/plugins\/seo\/ -->\n<title>TRUUSK Handduksh\u00e5llare - Frist\u00e5ende Med 2 Handduksst\u00e4nger - F\u00f6r Badrum - Metall - 66 x 20 x 110 cm - Svart - TRUUSK - Hem, Tr\u00e4dg\u00e5rd &amp; Fritid<\/title>\n<meta name=\"robots\" content=\"index, follow, max-snippet:-1, max-image-preview:large, max-video-preview:-1\" \/>\n<link rel=\"canonical\" href=\"https:\/\/truusk.store\/sv\/produkt\/truusk-handdukshallare-fristaende-med-2-handduksstanger-for-badrum-metall-66-x-20-x-110-cm-svart\/\" \/>\n<meta property=\"og:locale\" content=\"sv_SE\" \/>\n<meta property=\"og:type\" content=\"article\" \/>\n<meta property=\"og:title\" content=\"TRUUSK Handduksh\u00e5llare - Frist\u00e5ende Med 2 Handduksst\u00e4nger - F\u00f6r Badrum - Metall - 66 x 20 x 110 cm - Svart - TRUUSK - Hem, Tr\u00e4dg\u00e5rd &amp; Fritid\" \/>\n<meta property=\"og:description\" content=\"Denna stilfulla handduksst\u00e4llning med tv\u00e5 olika h\u00f6ga h\u00e5llare och ett avst\u00e5nd p\u00e5 17 cm g\u00f6r det m\u00f6jligt f\u00f6r dig att...\" \/>\n<meta property=\"og:url\" content=\"https:\/\/truusk.store\/sv\/produkt\/truusk-handdukshallare-fristaende-med-2-handduksstanger-for-badrum-metall-66-x-20-x-110-cm-svart\/\" \/>\n<meta property=\"og:site_name\" content=\"TRUUSK - Hem, Tr\u00e4dg\u00e5rd &amp; Fritid\" \/>\n<meta property=\"article:modified_time\" content=\"2026-03-12T08:41:20+00:00\" \/>\n<meta property=\"og:image\" content=\"https:\/\/i0.wp.com\/truusk.se\/wp-content\/uploads\/2025\/06\/handdukshallare-fristaende-handduksstall-med-2-handduksstanger-badhanddukshallare-for-badrum-metall-66-x-20-x-110-cm-svart-1.webp?fit=2000%2C2000&ssl=1\" \/>\n\t<meta property=\"og:image:width\" content=\"2000\" \/>\n\t<meta property=\"og:image:height\" content=\"2000\" \/>\n\t<meta property=\"og:image:type\" content=\"image\/webp\" \/>\n<meta name=\"twitter:card\" content=\"summary_large_image\" \/>\n<meta name=\"twitter:label1\" content=\"Ber\u00e4knad l\u00e4stid\" \/>\n\t<meta name=\"twitter:data1\" content=\"1 minut\" \/>\n<!-- \/ Yoast SEO plugin. -->","yoast_head_json":{"title":"TRUUSK Handduksh\u00e5llare - Frist\u00e5ende Med 2 Handduksst\u00e4nger - F\u00f6r Badrum - Metall - 66 x 20 x 110 cm - Svart - TRUUSK - Hem, Tr\u00e4dg\u00e5rd &amp; Fritid","robots":{"index":"index","follow":"follow","max-snippet":"max-snippet:-1","max-image-preview":"max-image-preview:large","max-video-preview":"max-video-preview:-1"},"canonical":"https:\/\/truusk.store\/sv\/produkt\/truusk-handdukshallare-fristaende-med-2-handduksstanger-for-badrum-metall-66-x-20-x-110-cm-svart\/","og_locale":"sv_SE","og_type":"article","og_title":"TRUUSK Handduksh\u00e5llare - Frist\u00e5ende Med 2 Handduksst\u00e4nger - F\u00f6r Badrum - Metall - 66 x 20 x 110 cm - Svart - TRUUSK - Hem, Tr\u00e4dg\u00e5rd &amp; Fritid","og_description":"Denna stilfulla handduksst\u00e4llning med tv\u00e5 olika h\u00f6ga h\u00e5llare och ett avst\u00e5nd p\u00e5 17 cm g\u00f6r det m\u00f6jligt f\u00f6r dig att...","og_url":"https:\/\/truusk.store\/sv\/produkt\/truusk-handdukshallare-fristaende-med-2-handduksstanger-for-badrum-metall-66-x-20-x-110-cm-svart\/","og_site_name":"TRUUSK - Hem, Tr\u00e4dg\u00e5rd &amp; Fritid","article_modified_time":"2026-03-12T08:41:20+00:00","og_image":[{"width":2000,"height":2000,"url":"https:\/\/i0.wp.com\/truusk.se\/wp-content\/uploads\/2025\/06\/handdukshallare-fristaende-handduksstall-med-2-handduksstanger-badhanddukshallare-for-badrum-metall-66-x-20-x-110-cm-svart-1.webp?fit=2000%2C2000&ssl=1","type":"image\/webp"}],"twitter_card":"summary_large_image","twitter_misc":{"Ber\u00e4knad l\u00e4stid":"1 minut"},"schema":{"@context":"https:\/\/schema.org","@graph":[{"@type":"WebPage","@id":"https:\/\/truusk.store\/sv\/produkt\/truusk-handdukshallare-fristaende-med-2-handduksstanger-for-badrum-metall-66-x-20-x-110-cm-svart\/","url":"https:\/\/truusk.store\/sv\/produkt\/truusk-handdukshallare-fristaende-med-2-handduksstanger-for-badrum-metall-66-x-20-x-110-cm-svart\/","name":"TRUUSK Handduksh\u00e5llare - Frist\u00e5ende Med 2 Handduksst\u00e4nger - F\u00f6r Badrum - Metall - 66 x 20 x 110 cm - Svart - TRUUSK - Hem, Tr\u00e4dg\u00e5rd &amp; Fritid","isPartOf":{"@id":"https:\/\/truusk.store\/sv\/#website"},"primaryImageOfPage":{"@id":"https:\/\/truusk.store\/sv\/produkt\/truusk-handdukshallare-fristaende-med-2-handduksstanger-for-badrum-metall-66-x-20-x-110-cm-svart\/#primaryimage"},"image":{"@id":"https:\/\/truusk.store\/sv\/produkt\/truusk-handdukshallare-fristaende-med-2-handduksstanger-for-badrum-metall-66-x-20-x-110-cm-svart\/#primaryimage"},"thumbnailUrl":"https:\/\/i0.wp.com\/truusk.store\/wp-content\/uploads\/2025\/06\/handdukshallare-fristaende-handduksstall-med-2-handduksstanger-badhanddukshallare-for-badrum-metall-66-x-20-x-110-cm-svart-1.webp?fit=2000%2C2000&ssl=1","datePublished":"2025-06-05T01:50:31+00:00","dateModified":"2026-03-12T08:41:20+00:00","breadcrumb":{"@id":"https:\/\/truusk.store\/sv\/produkt\/truusk-handdukshallare-fristaende-med-2-handduksstanger-for-badrum-metall-66-x-20-x-110-cm-svart\/#breadcrumb"},"inLanguage":"sv-SE","potentialAction":[{"@type":"ReadAction","target":["https:\/\/truusk.store\/sv\/produkt\/truusk-handdukshallare-fristaende-med-2-handduksstanger-for-badrum-metall-66-x-20-x-110-cm-svart\/"]}]},{"@type":"ImageObject","inLanguage":"sv-SE","@id":"https:\/\/truusk.store\/sv\/produkt\/truusk-handdukshallare-fristaende-med-2-handduksstanger-for-badrum-metall-66-x-20-x-110-cm-svart\/#primaryimage","url":"https:\/\/i0.wp.com\/truusk.store\/wp-content\/uploads\/2025\/06\/handdukshallare-fristaende-handduksstall-med-2-handduksstanger-badhanddukshallare-for-badrum-metall-66-x-20-x-110-cm-svart-1.webp?fit=2000%2C2000&ssl=1","contentUrl":"https:\/\/i0.wp.com\/truusk.store\/wp-content\/uploads\/2025\/06\/handdukshallare-fristaende-handduksstall-med-2-handduksstanger-badhanddukshallare-for-badrum-metall-66-x-20-x-110-cm-svart-1.webp?fit=2000%2C2000&ssl=1","width":2000,"height":2000},{"@type":"BreadcrumbList","@id":"https:\/\/truusk.store\/sv\/produkt\/truusk-handdukshallare-fristaende-med-2-handduksstanger-for-badrum-metall-66-x-20-x-110-cm-svart\/#breadcrumb","itemListElement":[{"@type":"ListItem","position":1,"name":"Home","item":"https:\/\/truusk.store\/sv\/"},{"@type":"ListItem","position":2,"name":"Shop","item":"https:\/\/truusk.store\/shop\/"},{"@type":"ListItem","position":3,"name":"TRUUSK Handduksh\u00e5llare &#8211; Frist\u00e5ende Med 2 Handduksst\u00e4nger &#8211; F\u00f6r Badrum &#8211; Metall &#8211; 66 x 20 x 110 cm &#8211; Svart"}]},{"@type":"WebSite","@id":"https:\/\/truusk.store\/sv\/#website","url":"https:\/\/truusk.store\/sv\/","name":"TRUUSK - Hem, Tr\u00e4dg\u00e5rd & Fritid","description":"","publisher":{"@id":"https:\/\/truusk.store\/sv\/#organization"},"potentialAction":[{"@type":"SearchAction","target":{"@type":"EntryPoint","urlTemplate":"https:\/\/truusk.store\/sv\/?s={search_term_string}"},"query-input":{"@type":"PropertyValueSpecification","valueRequired":true,"valueName":"search_term_string"}}],"inLanguage":"sv-SE"},{"@type":"Organization","@id":"https:\/\/truusk.store\/sv\/#organization","name":"TRUUSK - Hem, Tr\u00e4dg\u00e5rd & Fritid","url":"https:\/\/truusk.store\/sv\/","logo":{"@type":"ImageObject","inLanguage":"sv-SE","@id":"https:\/\/truusk.store\/sv\/#\/schema\/logo\/image\/","url":"https:\/\/i0.wp.com\/truusk.store\/wp-content\/uploads\/2026\/03\/cropped-TRUUSK.png?fit=2032%2C917&ssl=1","contentUrl":"https:\/\/i0.wp.com\/truusk.store\/wp-content\/uploads\/2026\/03\/cropped-TRUUSK.png?fit=2032%2C917&ssl=1","width":2032,"height":917,"caption":"TRUUSK - Hem, Tr\u00e4dg\u00e5rd & Fritid"},"image":{"@id":"https:\/\/truusk.store\/sv\/#\/schema\/logo\/image\/"}}]}},"jetpack_sharing_enabled":true,"_links":{"self":[{"href":"https:\/\/truusk.store\/sv\/wp-json\/wp\/v2\/product\/60500","targetHints":{"allow":["GET"]}}],"collection":[{"href":"https:\/\/truusk.store\/sv\/wp-json\/wp\/v2\/product"}],"about":[{"href":"https:\/\/truusk.store\/sv\/wp-json\/wp\/v2\/types\/product"}],"wp:featuredmedia":[{"embeddable":true,"href":"https:\/\/truusk.store\/sv\/wp-json\/wp\/v2\/media\/60491"}],"wp:attachment":[{"href":"https:\/\/truusk.store\/sv\/wp-json\/wp\/v2\/media?parent=60500"}],"wp:term":[{"taxonomy":"product_brand","embeddable":true,"href":"https:\/\/truusk.store\/sv\/wp-json\/wp\/v2\/product_brand?post=60500"},{"taxonomy":"product_cat","embeddable":true,"href":"https:\/\/truusk.store\/sv\/wp-json\/wp\/v2\/product_cat?post=60500"},{"taxonomy":"product_tag","embeddable":true,"href":"https:\/\/truusk.store\/sv\/wp-json\/wp\/v2\/product_tag?post=60500"}],"curies":[{"name":"wp","href":"https:\/\/api.w.org\/{rel}","templated":true}]}}