{"id":60510,"date":"2025-06-05T02:51:43","date_gmt":"2025-06-05T01:51:43","guid":{"rendered":"https:\/\/truusk.store\/product\/tv-stol-med-elektrisk-upphjalpningshjalp-avkopplingsstol-med-liggfunktion-i-linneutseende-tv-stol-med-sidoficka-fjarrkontroll\/"},"modified":"2026-03-12T09:42:20","modified_gmt":"2026-03-12T08:42:20","slug":"truusk-elektrisk-tv-stol-med-avkopplingsfunktion-linneutseende-sidoficka-fjarrkontroll","status":"publish","type":"product","link":"https:\/\/truusk.store\/sv\/produkt\/truusk-elektrisk-tv-stol-med-avkopplingsfunktion-linneutseende-sidoficka-fjarrkontroll\/","title":{"rendered":"TRUUSK Elektrisk TV-stol med Avkopplingsfunktion &#8211; Linneutseende &#8211; Sidoficka &#8211; Fj\u00e4rrkontroll"},"content":{"rendered":"<p>Uppt\u00e4ck ny komfort med v\u00e5r relaxstol med lyfthj\u00e4lp, idealisk f\u00f6r \u00e4ldre och personer med begr\u00e4nsad r\u00f6rlighet. Denna eleganta TV-stol kombinerar enkel design med h\u00f6gsta funktionalitet. Den mjuka tygkl\u00e4dseln och den tjocka stoppningen ger l\u00e5ngvarig sittkomfort. En inbyggd elektrisk lyfthj\u00e4lp, som kan styras med fj\u00e4rrkontroll upp till en lutningsvinkel p\u00e5 45\u00b0, underl\u00e4ttar st\u00e5ende. Ryggst\u00f6d och fotst\u00f6d kan justeras individuellt.<\/p>\n<p>Beskrivning:<\/p>\n<ul>\n<li> Elegant elektrisk relaxstol i enkel design, perfekt f\u00f6r alla boendemilj\u00f6er<\/li>\n<li> Upp till 45\u00b0 lutning f\u00f6r enklare st\u00e5ende, flexibelt justerbar till \u00f6nskad h\u00f6jd<\/li>\n<li> Ryggst\u00f6d justerbart upp till 135 grader, idealiskt f\u00f6r avkoppling och vila<\/li>\n<li> Justerbart fotst\u00f6d p\u00e5 TV-stolen med liggl\u00e4ge ger optimal avlastning och avkoppling f\u00f6r dina ben<\/li>\n<li> Extra tjock stoppning f\u00f6r \u00f6verl\u00e4gsen sittkomfort och l\u00e5ngvarig mysighet<\/li>\n<li> H\u00f6gkvalitativ kl\u00e4dsel av slitstarkt tyg i linneutseende, robust och l\u00e4tt att sk\u00f6ta<\/li>\n<li> Praktisk sidoficka f\u00f6r f\u00f6rvaring av fj\u00e4rrkontroll och andra sm\u00e5saker<\/li>\n<li> Inkluderar fj\u00e4rrkontroll f\u00f6r enkel och bekv\u00e4m styrning av alla funktioner<\/li>\n<li> Snabb och okomplicerad montering, redo att anv\u00e4ndas direkt<\/li>\n<\/ul>\n<p>Tekniska data:<\/p>\n<ul>\n<li> F\u00e4rg: M\u00f6rkgr\u00e5<\/li>\n<li> Material: Linneimitation (100% polyester), tr\u00e4, skum<\/li>\n<li> M\u00e5tt: 74L x 94B x 111H cm<\/li>\n<li> Sits: 46L x 51,5B cm<\/li>\n<li> Sitth\u00f6jd: 50 cm<\/li>\n<li> M\u00e5tt i liggl\u00e4ge: 163L x 74B x 94H cm<\/li>\n<li> Kabell\u00e4ngd: 1,4 m<\/li>\n<li> Max. belastning: 200 kg<\/li>\n<\/ul>\n<p>Leveransinneh\u00e5ll:<\/p>\n<ul>\n<li> 1 x lyftstol<\/li>\n<li> 1 x fj\u00e4rrkontroll<\/li>\n<li> 1 x bruksanvisning<\/li>\n<\/ul>\n","protected":false},"excerpt":{"rendered":"<p>Uppt\u00e4ck ny komfort med v\u00e5r relaxstol med lyfthj\u00e4lp, idealisk f\u00f6r \u00e4ldre och personer med begr\u00e4nsad r\u00f6rlighet. Denna eleganta TV-stol kombinerar&#8230;<\/p>\n","protected":false},"featured_media":60501,"template":"","meta":[],"product_brand":[],"product_cat":[911,521,871,910],"product_tag":[],"class_list":{"0":"post-60510","1":"product","2":"type-product","3":"status-publish","4":"has-post-thumbnail","6":"product_cat-aufstehsessel","7":"product_cat-fatolj","8":"product_cat-hus-hem","9":"product_cat-vardagsrum","11":"first","12":"instock","13":"sale","14":"taxable","15":"shipping-taxable","16":"purchasable","17":"product-type-simple"},"yoast_head":"<!-- This site is optimized with the Yoast SEO plugin v25.4 - https:\/\/yoast.com\/wordpress\/plugins\/seo\/ -->\n<title>TRUUSK Elektrisk TV-stol med Avkopplingsfunktion - Linneutseende - Sidoficka - Fj\u00e4rrkontroll - TRUUSK - Hem, Tr\u00e4dg\u00e5rd &amp; Fritid<\/title>\n<meta name=\"robots\" content=\"index, follow, max-snippet:-1, max-image-preview:large, max-video-preview:-1\" \/>\n<link rel=\"canonical\" href=\"https:\/\/truusk.store\/sv\/produkt\/truusk-elektrisk-tv-stol-med-avkopplingsfunktion-linneutseende-sidoficka-fjarrkontroll\/\" \/>\n<meta property=\"og:locale\" content=\"sv_SE\" \/>\n<meta property=\"og:type\" content=\"article\" \/>\n<meta property=\"og:title\" content=\"TRUUSK Elektrisk TV-stol med Avkopplingsfunktion - Linneutseende - Sidoficka - Fj\u00e4rrkontroll - TRUUSK - Hem, Tr\u00e4dg\u00e5rd &amp; Fritid\" \/>\n<meta property=\"og:description\" content=\"Uppt\u00e4ck ny komfort med v\u00e5r relaxstol med lyfthj\u00e4lp, idealisk f\u00f6r \u00e4ldre och personer med begr\u00e4nsad r\u00f6rlighet. Denna eleganta TV-stol kombinerar...\" \/>\n<meta property=\"og:url\" content=\"https:\/\/truusk.store\/sv\/produkt\/truusk-elektrisk-tv-stol-med-avkopplingsfunktion-linneutseende-sidoficka-fjarrkontroll\/\" \/>\n<meta property=\"og:site_name\" content=\"TRUUSK - Hem, Tr\u00e4dg\u00e5rd &amp; Fritid\" \/>\n<meta property=\"article:modified_time\" content=\"2026-03-12T08:42:20+00:00\" \/>\n<meta property=\"og:image\" content=\"https:\/\/i0.wp.com\/truusk.se\/wp-content\/uploads\/2025\/06\/tv-stol-med-elektrisk-upphjalpningshjalp-avkopplingsstol-med-liggfunktion-i-linneutseende-tv-stol-med-sidoficka-fjarrkontroll-1.webp?fit=2000%2C2000&ssl=1\" \/>\n\t<meta property=\"og:image:width\" content=\"2000\" \/>\n\t<meta property=\"og:image:height\" content=\"2000\" \/>\n\t<meta property=\"og:image:type\" content=\"image\/webp\" \/>\n<meta name=\"twitter:card\" content=\"summary_large_image\" \/>\n<meta name=\"twitter:label1\" content=\"Ber\u00e4knad l\u00e4stid\" \/>\n\t<meta name=\"twitter:data1\" content=\"1 minut\" \/>\n<!-- \/ Yoast SEO plugin. -->","yoast_head_json":{"title":"TRUUSK Elektrisk TV-stol med Avkopplingsfunktion - Linneutseende - Sidoficka - Fj\u00e4rrkontroll - TRUUSK - Hem, Tr\u00e4dg\u00e5rd &amp; Fritid","robots":{"index":"index","follow":"follow","max-snippet":"max-snippet:-1","max-image-preview":"max-image-preview:large","max-video-preview":"max-video-preview:-1"},"canonical":"https:\/\/truusk.store\/sv\/produkt\/truusk-elektrisk-tv-stol-med-avkopplingsfunktion-linneutseende-sidoficka-fjarrkontroll\/","og_locale":"sv_SE","og_type":"article","og_title":"TRUUSK Elektrisk TV-stol med Avkopplingsfunktion - Linneutseende - Sidoficka - Fj\u00e4rrkontroll - TRUUSK - Hem, Tr\u00e4dg\u00e5rd &amp; Fritid","og_description":"Uppt\u00e4ck ny komfort med v\u00e5r relaxstol med lyfthj\u00e4lp, idealisk f\u00f6r \u00e4ldre och personer med begr\u00e4nsad r\u00f6rlighet. Denna eleganta TV-stol kombinerar...","og_url":"https:\/\/truusk.store\/sv\/produkt\/truusk-elektrisk-tv-stol-med-avkopplingsfunktion-linneutseende-sidoficka-fjarrkontroll\/","og_site_name":"TRUUSK - Hem, Tr\u00e4dg\u00e5rd &amp; Fritid","article_modified_time":"2026-03-12T08:42:20+00:00","og_image":[{"width":2000,"height":2000,"url":"https:\/\/i0.wp.com\/truusk.se\/wp-content\/uploads\/2025\/06\/tv-stol-med-elektrisk-upphjalpningshjalp-avkopplingsstol-med-liggfunktion-i-linneutseende-tv-stol-med-sidoficka-fjarrkontroll-1.webp?fit=2000%2C2000&ssl=1","type":"image\/webp"}],"twitter_card":"summary_large_image","twitter_misc":{"Ber\u00e4knad l\u00e4stid":"1 minut"},"schema":{"@context":"https:\/\/schema.org","@graph":[{"@type":"WebPage","@id":"https:\/\/truusk.store\/sv\/produkt\/truusk-elektrisk-tv-stol-med-avkopplingsfunktion-linneutseende-sidoficka-fjarrkontroll\/","url":"https:\/\/truusk.store\/sv\/produkt\/truusk-elektrisk-tv-stol-med-avkopplingsfunktion-linneutseende-sidoficka-fjarrkontroll\/","name":"TRUUSK Elektrisk TV-stol med Avkopplingsfunktion - Linneutseende - Sidoficka - Fj\u00e4rrkontroll - TRUUSK - Hem, Tr\u00e4dg\u00e5rd &amp; Fritid","isPartOf":{"@id":"https:\/\/truusk.store\/sv\/#website"},"primaryImageOfPage":{"@id":"https:\/\/truusk.store\/sv\/produkt\/truusk-elektrisk-tv-stol-med-avkopplingsfunktion-linneutseende-sidoficka-fjarrkontroll\/#primaryimage"},"image":{"@id":"https:\/\/truusk.store\/sv\/produkt\/truusk-elektrisk-tv-stol-med-avkopplingsfunktion-linneutseende-sidoficka-fjarrkontroll\/#primaryimage"},"thumbnailUrl":"https:\/\/i0.wp.com\/truusk.store\/wp-content\/uploads\/2025\/06\/tv-stol-med-elektrisk-upphjalpningshjalp-avkopplingsstol-med-liggfunktion-i-linneutseende-tv-stol-med-sidoficka-fjarrkontroll-1.webp?fit=2000%2C2000&ssl=1","datePublished":"2025-06-05T01:51:43+00:00","dateModified":"2026-03-12T08:42:20+00:00","breadcrumb":{"@id":"https:\/\/truusk.store\/sv\/produkt\/truusk-elektrisk-tv-stol-med-avkopplingsfunktion-linneutseende-sidoficka-fjarrkontroll\/#breadcrumb"},"inLanguage":"sv-SE","potentialAction":[{"@type":"ReadAction","target":["https:\/\/truusk.store\/sv\/produkt\/truusk-elektrisk-tv-stol-med-avkopplingsfunktion-linneutseende-sidoficka-fjarrkontroll\/"]}]},{"@type":"ImageObject","inLanguage":"sv-SE","@id":"https:\/\/truusk.store\/sv\/produkt\/truusk-elektrisk-tv-stol-med-avkopplingsfunktion-linneutseende-sidoficka-fjarrkontroll\/#primaryimage","url":"https:\/\/i0.wp.com\/truusk.store\/wp-content\/uploads\/2025\/06\/tv-stol-med-elektrisk-upphjalpningshjalp-avkopplingsstol-med-liggfunktion-i-linneutseende-tv-stol-med-sidoficka-fjarrkontroll-1.webp?fit=2000%2C2000&ssl=1","contentUrl":"https:\/\/i0.wp.com\/truusk.store\/wp-content\/uploads\/2025\/06\/tv-stol-med-elektrisk-upphjalpningshjalp-avkopplingsstol-med-liggfunktion-i-linneutseende-tv-stol-med-sidoficka-fjarrkontroll-1.webp?fit=2000%2C2000&ssl=1","width":2000,"height":2000},{"@type":"BreadcrumbList","@id":"https:\/\/truusk.store\/sv\/produkt\/truusk-elektrisk-tv-stol-med-avkopplingsfunktion-linneutseende-sidoficka-fjarrkontroll\/#breadcrumb","itemListElement":[{"@type":"ListItem","position":1,"name":"Home","item":"https:\/\/truusk.store\/sv\/"},{"@type":"ListItem","position":2,"name":"Shop","item":"https:\/\/truusk.store\/shop\/"},{"@type":"ListItem","position":3,"name":"TRUUSK Elektrisk TV-stol med Avkopplingsfunktion &#8211; Linneutseende &#8211; Sidoficka &#8211; Fj\u00e4rrkontroll"}]},{"@type":"WebSite","@id":"https:\/\/truusk.store\/sv\/#website","url":"https:\/\/truusk.store\/sv\/","name":"TRUUSK - Hem, Tr\u00e4dg\u00e5rd & Fritid","description":"","publisher":{"@id":"https:\/\/truusk.store\/sv\/#organization"},"potentialAction":[{"@type":"SearchAction","target":{"@type":"EntryPoint","urlTemplate":"https:\/\/truusk.store\/sv\/?s={search_term_string}"},"query-input":{"@type":"PropertyValueSpecification","valueRequired":true,"valueName":"search_term_string"}}],"inLanguage":"sv-SE"},{"@type":"Organization","@id":"https:\/\/truusk.store\/sv\/#organization","name":"TRUUSK - Hem, Tr\u00e4dg\u00e5rd & Fritid","url":"https:\/\/truusk.store\/sv\/","logo":{"@type":"ImageObject","inLanguage":"sv-SE","@id":"https:\/\/truusk.store\/sv\/#\/schema\/logo\/image\/","url":"https:\/\/i0.wp.com\/truusk.store\/wp-content\/uploads\/2026\/03\/cropped-TRUUSK.png?fit=2032%2C917&ssl=1","contentUrl":"https:\/\/i0.wp.com\/truusk.store\/wp-content\/uploads\/2026\/03\/cropped-TRUUSK.png?fit=2032%2C917&ssl=1","width":2032,"height":917,"caption":"TRUUSK - Hem, Tr\u00e4dg\u00e5rd & Fritid"},"image":{"@id":"https:\/\/truusk.store\/sv\/#\/schema\/logo\/image\/"}}]}},"jetpack_sharing_enabled":true,"_links":{"self":[{"href":"https:\/\/truusk.store\/sv\/wp-json\/wp\/v2\/product\/60510","targetHints":{"allow":["GET"]}}],"collection":[{"href":"https:\/\/truusk.store\/sv\/wp-json\/wp\/v2\/product"}],"about":[{"href":"https:\/\/truusk.store\/sv\/wp-json\/wp\/v2\/types\/product"}],"wp:featuredmedia":[{"embeddable":true,"href":"https:\/\/truusk.store\/sv\/wp-json\/wp\/v2\/media\/60501"}],"wp:attachment":[{"href":"https:\/\/truusk.store\/sv\/wp-json\/wp\/v2\/media?parent=60510"}],"wp:term":[{"taxonomy":"product_brand","embeddable":true,"href":"https:\/\/truusk.store\/sv\/wp-json\/wp\/v2\/product_brand?post=60510"},{"taxonomy":"product_cat","embeddable":true,"href":"https:\/\/truusk.store\/sv\/wp-json\/wp\/v2\/product_cat?post=60510"},{"taxonomy":"product_tag","embeddable":true,"href":"https:\/\/truusk.store\/sv\/wp-json\/wp\/v2\/product_tag?post=60510"}],"curies":[{"name":"wp","href":"https:\/\/api.w.org\/{rel}","templated":true}]}}