{"id":60570,"date":"2025-06-05T02:57:35","date_gmt":"2025-06-05T01:57:35","guid":{"rendered":"https:\/\/truusk.store\/product\/miniuun-med-cirkulation-90c-230c-30l-miniugn-med-bakplat-grillgaller-smulbricka-varmluftsfritos-med-7-lagen-friteringskorg\/"},"modified":"2026-03-12T09:32:20","modified_gmt":"2026-03-12T08:32:20","slug":"truusk-miniovn-med-cirkulation-90c-230c-30l-bakplat-grillgaller-smulbricka-varmluftsfritos-7-lagen","status":"publish","type":"product","link":"https:\/\/truusk.store\/sv\/produkt\/truusk-miniovn-med-cirkulation-90c-230c-30l-bakplat-grillgaller-smulbricka-varmluftsfritos-7-lagen\/","title":{"rendered":"TRUUSK Miniovn med Cirkulation &#8211; 90\u00b0C-230\u00b0C &#8211; 30L &#8211; Bakpl\u00e5t &#8211; Grillgaller &#8211; Smulbricka &#8211; Varmluftsfrit\u00f6s &#8211; 7 L\u00e4gen &#8211;"},"content":{"rendered":"<p>Om du v\u00e4rdes\u00e4tter komfort i vardagen \u00e4r TRUUSK minugn perfekt f\u00f6r dig. Minugnen erbjuder en justerbar temperatur, en timer och sju olika tillagningsl\u00e4gen som kan anpassas flexibelt efter dina \u00f6nskem\u00e5l. Med en kapacitet p\u00e5 30 liter och fyra inre niv\u00e5er, inklusive diverse tillbeh\u00f6r, \u00e4r denna bordsugn idealisk f\u00f6r familjer.<\/p>\n<p>Beskrivning:<\/p>\n<ul>\n<li> V\u00e4rma, grilla, varmluft, rosta, baka och fritera f\u00f6r kulinarisk m\u00e5ngfald<\/li>\n<li> Snabbt luftcirkulationssystem i minugnen s\u00e4kerst\u00e4ller j\u00e4mn och snabb tillagning<\/li>\n<li> Energi- och tidsbesparande, mer effektiv \u00e4n traditionella ugnar<\/li>\n<li> Temperaturomr\u00e5de f\u00f6r bordsugnen fr\u00e5n 90-230 \u00b0C och en 0-60 minuters timer f\u00f6r exakt tillagning<\/li>\n<li> Enkel anv\u00e4ndning tack vare \u00f6versk\u00e5dliga knappar<\/li>\n<li> Inspektionsf\u00f6nster med inre belysning m\u00f6jligg\u00f6r enkel \u00f6vervakning av tillagningsprocessen genom glasfronten<\/li>\n<\/ul>\n<p>Tekniska data:<\/p>\n<ul>\n<li> F\u00e4rg: Svart<\/li>\n<li> Material: St\u00e5l, h\u00e4rdat glas, rostfritt st\u00e5l<\/li>\n<li> Totala m\u00e5tt: 43L x 39B x 39B cm<\/li>\n<li> Inre m\u00e5tt: 34,5L x 31,8B x 25,6H cm<\/li>\n<li> Kabell\u00e4ngd: 0,85 m<\/li>\n<li> Information om d\u00f6rren: 36B x 24H cm, 90\u00b0 (\u00f6ppningsvinkel)<\/li>\n<li> M\u00e5tt p\u00e5 tillbeh\u00f6ren: 34L x 28,9B cm (bakpl\u00e5t), 34L x 29B cm(grillgaller) och 34L x 29B cm(frit\u00f6skorg)<\/li>\n<li> Sp\u00e4nning: AC 230 V, 50 Hz<\/li>\n<li> Effekt: 1600W<\/li>\n<\/ul>\n<p>Leveransinneh\u00e5ll:<\/p>\n<ul>\n<li> 1 x Miniovn<\/li>\n<li> 1 x Frit\u00f6skorg<\/li>\n<li> 1 x Grillgaller<\/li>\n<li> 1 x Bakpl\u00e5t<\/li>\n<li> 1 x Smulbricka<\/li>\n<li> 1 x Handtag<\/li>\n<li> 1 x Bruksanvisning<\/li>\n<\/ul>\n","protected":false},"excerpt":{"rendered":"<p>Om du v\u00e4rdes\u00e4tter komfort i vardagen \u00e4r TRUUSK minugn perfekt f\u00f6r dig. Minugnen erbjuder en justerbar temperatur, en timer och&#8230;<\/p>\n","protected":false},"featured_media":60561,"template":"","meta":[],"product_brand":[],"product_cat":[871,498,933,934],"product_tag":[],"class_list":{"0":"post-60570","1":"product","2":"type-product","3":"status-publish","4":"has-post-thumbnail","6":"product_cat-hus-hem","7":"product_cat-hushallsapparater","8":"product_cat-koksapparater","9":"product_cat-minibackofen","11":"first","12":"instock","13":"sale","14":"taxable","15":"shipping-taxable","16":"purchasable","17":"product-type-simple"},"yoast_head":"<!-- This site is optimized with the Yoast SEO plugin v25.4 - https:\/\/yoast.com\/wordpress\/plugins\/seo\/ -->\n<title>TRUUSK Miniovn med Cirkulation - 90\u00b0C-230\u00b0C - 30L - Bakpl\u00e5t - Grillgaller - Smulbricka - Varmluftsfrit\u00f6s - 7 L\u00e4gen - TRUUSK - Hem, Tr\u00e4dg\u00e5rd &amp; Fritid<\/title>\n<meta name=\"robots\" content=\"index, follow, max-snippet:-1, max-image-preview:large, max-video-preview:-1\" \/>\n<link rel=\"canonical\" href=\"https:\/\/truusk.store\/sv\/produkt\/truusk-miniovn-med-cirkulation-90c-230c-30l-bakplat-grillgaller-smulbricka-varmluftsfritos-7-lagen\/\" \/>\n<meta property=\"og:locale\" content=\"sv_SE\" \/>\n<meta property=\"og:type\" content=\"article\" \/>\n<meta property=\"og:title\" content=\"TRUUSK Miniovn med Cirkulation - 90\u00b0C-230\u00b0C - 30L - Bakpl\u00e5t - Grillgaller - Smulbricka - Varmluftsfrit\u00f6s - 7 L\u00e4gen - TRUUSK - Hem, Tr\u00e4dg\u00e5rd &amp; Fritid\" \/>\n<meta property=\"og:description\" content=\"Om du v\u00e4rdes\u00e4tter komfort i vardagen \u00e4r TRUUSK minugn perfekt f\u00f6r dig. Minugnen erbjuder en justerbar temperatur, en timer och...\" \/>\n<meta property=\"og:url\" content=\"https:\/\/truusk.store\/sv\/produkt\/truusk-miniovn-med-cirkulation-90c-230c-30l-bakplat-grillgaller-smulbricka-varmluftsfritos-7-lagen\/\" \/>\n<meta property=\"og:site_name\" content=\"TRUUSK - Hem, Tr\u00e4dg\u00e5rd &amp; Fritid\" \/>\n<meta property=\"article:modified_time\" content=\"2026-03-12T08:32:20+00:00\" \/>\n<meta property=\"og:image\" content=\"https:\/\/i0.wp.com\/truusk.se\/wp-content\/uploads\/2025\/06\/miniuun-med-cirkulation-90c-230c-30l-miniugn-med-bakplat-grillgaller-smulbricka-varmluftsfritos-med-7-lagen-friteringskorg-1.webp?fit=2000%2C2000&ssl=1\" \/>\n\t<meta property=\"og:image:width\" content=\"2000\" \/>\n\t<meta property=\"og:image:height\" content=\"2000\" \/>\n\t<meta property=\"og:image:type\" content=\"image\/webp\" \/>\n<meta name=\"twitter:card\" content=\"summary_large_image\" \/>\n<meta name=\"twitter:label1\" content=\"Ber\u00e4knad l\u00e4stid\" \/>\n\t<meta name=\"twitter:data1\" content=\"1 minut\" \/>\n<!-- \/ Yoast SEO plugin. -->","yoast_head_json":{"title":"TRUUSK Miniovn med Cirkulation - 90\u00b0C-230\u00b0C - 30L - Bakpl\u00e5t - Grillgaller - Smulbricka - Varmluftsfrit\u00f6s - 7 L\u00e4gen - TRUUSK - Hem, Tr\u00e4dg\u00e5rd &amp; Fritid","robots":{"index":"index","follow":"follow","max-snippet":"max-snippet:-1","max-image-preview":"max-image-preview:large","max-video-preview":"max-video-preview:-1"},"canonical":"https:\/\/truusk.store\/sv\/produkt\/truusk-miniovn-med-cirkulation-90c-230c-30l-bakplat-grillgaller-smulbricka-varmluftsfritos-7-lagen\/","og_locale":"sv_SE","og_type":"article","og_title":"TRUUSK Miniovn med Cirkulation - 90\u00b0C-230\u00b0C - 30L - Bakpl\u00e5t - Grillgaller - Smulbricka - Varmluftsfrit\u00f6s - 7 L\u00e4gen - TRUUSK - Hem, Tr\u00e4dg\u00e5rd &amp; Fritid","og_description":"Om du v\u00e4rdes\u00e4tter komfort i vardagen \u00e4r TRUUSK minugn perfekt f\u00f6r dig. Minugnen erbjuder en justerbar temperatur, en timer och...","og_url":"https:\/\/truusk.store\/sv\/produkt\/truusk-miniovn-med-cirkulation-90c-230c-30l-bakplat-grillgaller-smulbricka-varmluftsfritos-7-lagen\/","og_site_name":"TRUUSK - Hem, Tr\u00e4dg\u00e5rd &amp; Fritid","article_modified_time":"2026-03-12T08:32:20+00:00","og_image":[{"width":2000,"height":2000,"url":"https:\/\/i0.wp.com\/truusk.se\/wp-content\/uploads\/2025\/06\/miniuun-med-cirkulation-90c-230c-30l-miniugn-med-bakplat-grillgaller-smulbricka-varmluftsfritos-med-7-lagen-friteringskorg-1.webp?fit=2000%2C2000&ssl=1","type":"image\/webp"}],"twitter_card":"summary_large_image","twitter_misc":{"Ber\u00e4knad l\u00e4stid":"1 minut"},"schema":{"@context":"https:\/\/schema.org","@graph":[{"@type":"WebPage","@id":"https:\/\/truusk.store\/sv\/produkt\/truusk-miniovn-med-cirkulation-90c-230c-30l-bakplat-grillgaller-smulbricka-varmluftsfritos-7-lagen\/","url":"https:\/\/truusk.store\/sv\/produkt\/truusk-miniovn-med-cirkulation-90c-230c-30l-bakplat-grillgaller-smulbricka-varmluftsfritos-7-lagen\/","name":"TRUUSK Miniovn med Cirkulation - 90\u00b0C-230\u00b0C - 30L - Bakpl\u00e5t - Grillgaller - Smulbricka - Varmluftsfrit\u00f6s - 7 L\u00e4gen - TRUUSK - Hem, Tr\u00e4dg\u00e5rd &amp; Fritid","isPartOf":{"@id":"https:\/\/truusk.store\/sv\/#website"},"primaryImageOfPage":{"@id":"https:\/\/truusk.store\/sv\/produkt\/truusk-miniovn-med-cirkulation-90c-230c-30l-bakplat-grillgaller-smulbricka-varmluftsfritos-7-lagen\/#primaryimage"},"image":{"@id":"https:\/\/truusk.store\/sv\/produkt\/truusk-miniovn-med-cirkulation-90c-230c-30l-bakplat-grillgaller-smulbricka-varmluftsfritos-7-lagen\/#primaryimage"},"thumbnailUrl":"https:\/\/i0.wp.com\/truusk.store\/wp-content\/uploads\/2025\/06\/miniuun-med-cirkulation-90c-230c-30l-miniugn-med-bakplat-grillgaller-smulbricka-varmluftsfritos-med-7-lagen-friteringskorg-1.webp?fit=2000%2C2000&ssl=1","datePublished":"2025-06-05T01:57:35+00:00","dateModified":"2026-03-12T08:32:20+00:00","breadcrumb":{"@id":"https:\/\/truusk.store\/sv\/produkt\/truusk-miniovn-med-cirkulation-90c-230c-30l-bakplat-grillgaller-smulbricka-varmluftsfritos-7-lagen\/#breadcrumb"},"inLanguage":"sv-SE","potentialAction":[{"@type":"ReadAction","target":["https:\/\/truusk.store\/sv\/produkt\/truusk-miniovn-med-cirkulation-90c-230c-30l-bakplat-grillgaller-smulbricka-varmluftsfritos-7-lagen\/"]}]},{"@type":"ImageObject","inLanguage":"sv-SE","@id":"https:\/\/truusk.store\/sv\/produkt\/truusk-miniovn-med-cirkulation-90c-230c-30l-bakplat-grillgaller-smulbricka-varmluftsfritos-7-lagen\/#primaryimage","url":"https:\/\/i0.wp.com\/truusk.store\/wp-content\/uploads\/2025\/06\/miniuun-med-cirkulation-90c-230c-30l-miniugn-med-bakplat-grillgaller-smulbricka-varmluftsfritos-med-7-lagen-friteringskorg-1.webp?fit=2000%2C2000&ssl=1","contentUrl":"https:\/\/i0.wp.com\/truusk.store\/wp-content\/uploads\/2025\/06\/miniuun-med-cirkulation-90c-230c-30l-miniugn-med-bakplat-grillgaller-smulbricka-varmluftsfritos-med-7-lagen-friteringskorg-1.webp?fit=2000%2C2000&ssl=1","width":2000,"height":2000},{"@type":"BreadcrumbList","@id":"https:\/\/truusk.store\/sv\/produkt\/truusk-miniovn-med-cirkulation-90c-230c-30l-bakplat-grillgaller-smulbricka-varmluftsfritos-7-lagen\/#breadcrumb","itemListElement":[{"@type":"ListItem","position":1,"name":"Home","item":"https:\/\/truusk.store\/sv\/"},{"@type":"ListItem","position":2,"name":"Shop","item":"https:\/\/truusk.store\/shop\/"},{"@type":"ListItem","position":3,"name":"TRUUSK Miniovn med Cirkulation &#8211; 90\u00b0C-230\u00b0C &#8211; 30L &#8211; Bakpl\u00e5t &#8211; Grillgaller &#8211; Smulbricka &#8211; Varmluftsfrit\u00f6s &#8211; 7 L\u00e4gen &#8211;"}]},{"@type":"WebSite","@id":"https:\/\/truusk.store\/sv\/#website","url":"https:\/\/truusk.store\/sv\/","name":"TRUUSK - Hem, Tr\u00e4dg\u00e5rd & Fritid","description":"","publisher":{"@id":"https:\/\/truusk.store\/sv\/#organization"},"potentialAction":[{"@type":"SearchAction","target":{"@type":"EntryPoint","urlTemplate":"https:\/\/truusk.store\/sv\/?s={search_term_string}"},"query-input":{"@type":"PropertyValueSpecification","valueRequired":true,"valueName":"search_term_string"}}],"inLanguage":"sv-SE"},{"@type":"Organization","@id":"https:\/\/truusk.store\/sv\/#organization","name":"TRUUSK - Hem, Tr\u00e4dg\u00e5rd & Fritid","url":"https:\/\/truusk.store\/sv\/","logo":{"@type":"ImageObject","inLanguage":"sv-SE","@id":"https:\/\/truusk.store\/sv\/#\/schema\/logo\/image\/","url":"https:\/\/i0.wp.com\/truusk.store\/wp-content\/uploads\/2026\/03\/cropped-TRUUSK.png?fit=2032%2C917&ssl=1","contentUrl":"https:\/\/i0.wp.com\/truusk.store\/wp-content\/uploads\/2026\/03\/cropped-TRUUSK.png?fit=2032%2C917&ssl=1","width":2032,"height":917,"caption":"TRUUSK - Hem, Tr\u00e4dg\u00e5rd & Fritid"},"image":{"@id":"https:\/\/truusk.store\/sv\/#\/schema\/logo\/image\/"}}]}},"jetpack_sharing_enabled":true,"_links":{"self":[{"href":"https:\/\/truusk.store\/sv\/wp-json\/wp\/v2\/product\/60570","targetHints":{"allow":["GET"]}}],"collection":[{"href":"https:\/\/truusk.store\/sv\/wp-json\/wp\/v2\/product"}],"about":[{"href":"https:\/\/truusk.store\/sv\/wp-json\/wp\/v2\/types\/product"}],"wp:featuredmedia":[{"embeddable":true,"href":"https:\/\/truusk.store\/sv\/wp-json\/wp\/v2\/media\/60561"}],"wp:attachment":[{"href":"https:\/\/truusk.store\/sv\/wp-json\/wp\/v2\/media?parent=60570"}],"wp:term":[{"taxonomy":"product_brand","embeddable":true,"href":"https:\/\/truusk.store\/sv\/wp-json\/wp\/v2\/product_brand?post=60570"},{"taxonomy":"product_cat","embeddable":true,"href":"https:\/\/truusk.store\/sv\/wp-json\/wp\/v2\/product_cat?post=60570"},{"taxonomy":"product_tag","embeddable":true,"href":"https:\/\/truusk.store\/sv\/wp-json\/wp\/v2\/product_tag?post=60570"}],"curies":[{"name":"wp","href":"https:\/\/api.w.org\/{rel}","templated":true}]}}