{"id":60580,"date":"2025-06-05T02:58:26","date_gmt":"2025-06-05T01:58:26","guid":{"rendered":"https:\/\/truusk.store\/product\/2-delat-set-med-vaxtstall-vaxtstol-med-stalbens-skandinavisk-design-blomstall-for-tradgard-balkong-svart\/"},"modified":"2026-03-12T09:31:37","modified_gmt":"2026-03-12T08:31:37","slug":"truusk-2-delat-set-med-vaxtstall-och-vaxtstol-skandinavisk-design-stalbens-for-tradgard-och-balkong-svart","status":"publish","type":"product","link":"https:\/\/truusk.store\/sv\/produkt\/truusk-2-delat-set-med-vaxtstall-och-vaxtstol-skandinavisk-design-stalbens-for-tradgard-och-balkong-svart\/","title":{"rendered":"TRUUSK 2-delat Set med V\u00e4xtst\u00e4ll och V\u00e4xtstol &#8211; Skandinavisk Design &#8211; St\u00e5lbens &#8211; F\u00f6r Tr\u00e4dg\u00e5rd och Balkong &#8211; Svart"},"content":{"rendered":"<p>Uppt\u00e4ck v\u00e5rt 2-pack blomst\u00e4ll i industriell stil &#8211; det perfekta komplementet till din samling av krukv\u00e4xter. Den robusta konstruktionen av svart st\u00e5l ger varje rum en touch av elegans. Med tv\u00e5 niv\u00e5er av olika h\u00f6jder, g\u00f6r dessa v\u00e4xtst\u00e4ll en visuellt tilltalande arrangemang av dina v\u00e4xter. Perfekt f\u00f6r ett stilfullt hem!<\/p>\n<p>Beskrivning:<\/p>\n<ul>\n<li> Set med 2 blomst\u00e4ll i industriell stil, perfekt f\u00f6r att presentera dina v\u00e4xter p\u00e5 ett stilfullt s\u00e4tt<\/li>\n<li> Tv\u00e5 olika h\u00f6jder, perfekt f\u00f6r att ge ditt hem en extra touch av mysighet<\/li>\n<li> M\u00e5ngsidigt anv\u00e4ndbar, antingen tillsammans eller separat, f\u00f6r v\u00e4xter, lampor eller andra dekorativa objekt<\/li>\n<li> Modern och enkel design av blomst\u00e4llen, som sm\u00e4lter s\u00f6ml\u00f6st in i alla inredningar<\/li>\n<li> Robust, korrosionsbest\u00e4ndig epoxyst\u00e5lkonstruktion f\u00f6r l\u00e5ng livsl\u00e4ngd<\/li>\n<li> Halkskyddspads under f\u00f6tterna ger en stabil bas f\u00f6r v\u00e4xtst\u00e4llen<\/li>\n<li> Enkel montering tack vare medf\u00f6ljande monteringsanvisningar<\/li>\n<\/ul>\n<p> Tekniska data:<\/p>\n<ul>\n<li> F\u00e4rg: Svart<\/li>\n<li> Material: St\u00e5l<\/li>\n<li> Totala dimensioner: 25L x 25B x 58,5H cm, 31L x 31B x 65H cm<\/li>\n<li> Max. rekommenderad belastning: 5 kg (vart och ett)<\/li>\n<\/ul>\n<p> Leveransinneh\u00e5ll:<\/p>\n<ul>\n<li> 2 x blomst\u00e4ll<\/li>\n<li> 1 x monteringsanvisningar<\/li>\n<\/ul>\n","protected":false},"excerpt":{"rendered":"<p>Uppt\u00e4ck v\u00e5rt 2-pack blomst\u00e4ll i industriell stil &#8211; det perfekta komplementet till din samling av krukv\u00e4xter. Den robusta konstruktionen av&#8230;<\/p>\n","protected":false},"featured_media":60571,"template":"","meta":[],"product_brand":[],"product_cat":[976,924,858,443],"product_tag":[],"class_list":{"0":"post-60580","1":"product","2":"type-product","3":"status-publish","4":"has-post-thumbnail","6":"product_cat-blumenstander","7":"product_cat-plantkarl","8":"product_cat-tradgard-terrass","9":"product_cat-vaxthus-tradgardsskotsel","11":"first","12":"instock","13":"sale","14":"taxable","15":"shipping-taxable","16":"purchasable","17":"product-type-simple"},"yoast_head":"<!-- This site is optimized with the Yoast SEO plugin v25.4 - https:\/\/yoast.com\/wordpress\/plugins\/seo\/ -->\n<title>TRUUSK 2-delat Set med V\u00e4xtst\u00e4ll och V\u00e4xtstol - Skandinavisk Design - St\u00e5lbens - F\u00f6r Tr\u00e4dg\u00e5rd och Balkong - Svart - TRUUSK - Hem, Tr\u00e4dg\u00e5rd &amp; Fritid<\/title>\n<meta name=\"robots\" content=\"index, follow, max-snippet:-1, max-image-preview:large, max-video-preview:-1\" \/>\n<link rel=\"canonical\" href=\"https:\/\/truusk.store\/sv\/produkt\/truusk-2-delat-set-med-vaxtstall-och-vaxtstol-skandinavisk-design-stalbens-for-tradgard-och-balkong-svart\/\" \/>\n<meta property=\"og:locale\" content=\"sv_SE\" \/>\n<meta property=\"og:type\" content=\"article\" \/>\n<meta property=\"og:title\" content=\"TRUUSK 2-delat Set med V\u00e4xtst\u00e4ll och V\u00e4xtstol - Skandinavisk Design - St\u00e5lbens - F\u00f6r Tr\u00e4dg\u00e5rd och Balkong - Svart - TRUUSK - Hem, Tr\u00e4dg\u00e5rd &amp; Fritid\" \/>\n<meta property=\"og:description\" content=\"Uppt\u00e4ck v\u00e5rt 2-pack blomst\u00e4ll i industriell stil &#8211; det perfekta komplementet till din samling av krukv\u00e4xter. Den robusta konstruktionen av...\" \/>\n<meta property=\"og:url\" content=\"https:\/\/truusk.store\/sv\/produkt\/truusk-2-delat-set-med-vaxtstall-och-vaxtstol-skandinavisk-design-stalbens-for-tradgard-och-balkong-svart\/\" \/>\n<meta property=\"og:site_name\" content=\"TRUUSK - Hem, Tr\u00e4dg\u00e5rd &amp; Fritid\" \/>\n<meta property=\"article:modified_time\" content=\"2026-03-12T08:31:37+00:00\" \/>\n<meta property=\"og:image\" content=\"https:\/\/i0.wp.com\/truusk.se\/wp-content\/uploads\/2025\/06\/2-delat-set-med-vaxtstall-vaxtstol-med-stalbens-skandinavisk-design-blomstall-for-tradgard-balkong-svart-1.webp?fit=2000%2C2000&ssl=1\" \/>\n\t<meta property=\"og:image:width\" content=\"2000\" \/>\n\t<meta property=\"og:image:height\" content=\"2000\" \/>\n\t<meta property=\"og:image:type\" content=\"image\/webp\" \/>\n<meta name=\"twitter:card\" content=\"summary_large_image\" \/>\n<meta name=\"twitter:label1\" content=\"Ber\u00e4knad l\u00e4stid\" \/>\n\t<meta name=\"twitter:data1\" content=\"1 minut\" \/>\n<!-- \/ Yoast SEO plugin. -->","yoast_head_json":{"title":"TRUUSK 2-delat Set med V\u00e4xtst\u00e4ll och V\u00e4xtstol - Skandinavisk Design - St\u00e5lbens - F\u00f6r Tr\u00e4dg\u00e5rd och Balkong - Svart - TRUUSK - Hem, Tr\u00e4dg\u00e5rd &amp; Fritid","robots":{"index":"index","follow":"follow","max-snippet":"max-snippet:-1","max-image-preview":"max-image-preview:large","max-video-preview":"max-video-preview:-1"},"canonical":"https:\/\/truusk.store\/sv\/produkt\/truusk-2-delat-set-med-vaxtstall-och-vaxtstol-skandinavisk-design-stalbens-for-tradgard-och-balkong-svart\/","og_locale":"sv_SE","og_type":"article","og_title":"TRUUSK 2-delat Set med V\u00e4xtst\u00e4ll och V\u00e4xtstol - Skandinavisk Design - St\u00e5lbens - F\u00f6r Tr\u00e4dg\u00e5rd och Balkong - Svart - TRUUSK - Hem, Tr\u00e4dg\u00e5rd &amp; Fritid","og_description":"Uppt\u00e4ck v\u00e5rt 2-pack blomst\u00e4ll i industriell stil &#8211; det perfekta komplementet till din samling av krukv\u00e4xter. Den robusta konstruktionen av...","og_url":"https:\/\/truusk.store\/sv\/produkt\/truusk-2-delat-set-med-vaxtstall-och-vaxtstol-skandinavisk-design-stalbens-for-tradgard-och-balkong-svart\/","og_site_name":"TRUUSK - Hem, Tr\u00e4dg\u00e5rd &amp; Fritid","article_modified_time":"2026-03-12T08:31:37+00:00","og_image":[{"width":2000,"height":2000,"url":"https:\/\/i0.wp.com\/truusk.se\/wp-content\/uploads\/2025\/06\/2-delat-set-med-vaxtstall-vaxtstol-med-stalbens-skandinavisk-design-blomstall-for-tradgard-balkong-svart-1.webp?fit=2000%2C2000&ssl=1","type":"image\/webp"}],"twitter_card":"summary_large_image","twitter_misc":{"Ber\u00e4knad l\u00e4stid":"1 minut"},"schema":{"@context":"https:\/\/schema.org","@graph":[{"@type":"WebPage","@id":"https:\/\/truusk.store\/sv\/produkt\/truusk-2-delat-set-med-vaxtstall-och-vaxtstol-skandinavisk-design-stalbens-for-tradgard-och-balkong-svart\/","url":"https:\/\/truusk.store\/sv\/produkt\/truusk-2-delat-set-med-vaxtstall-och-vaxtstol-skandinavisk-design-stalbens-for-tradgard-och-balkong-svart\/","name":"TRUUSK 2-delat Set med V\u00e4xtst\u00e4ll och V\u00e4xtstol - Skandinavisk Design - St\u00e5lbens - F\u00f6r Tr\u00e4dg\u00e5rd och Balkong - Svart - TRUUSK - Hem, Tr\u00e4dg\u00e5rd &amp; Fritid","isPartOf":{"@id":"https:\/\/truusk.store\/sv\/#website"},"primaryImageOfPage":{"@id":"https:\/\/truusk.store\/sv\/produkt\/truusk-2-delat-set-med-vaxtstall-och-vaxtstol-skandinavisk-design-stalbens-for-tradgard-och-balkong-svart\/#primaryimage"},"image":{"@id":"https:\/\/truusk.store\/sv\/produkt\/truusk-2-delat-set-med-vaxtstall-och-vaxtstol-skandinavisk-design-stalbens-for-tradgard-och-balkong-svart\/#primaryimage"},"thumbnailUrl":"https:\/\/i0.wp.com\/truusk.store\/wp-content\/uploads\/2025\/06\/2-delat-set-med-vaxtstall-vaxtstol-med-stalbens-skandinavisk-design-blomstall-for-tradgard-balkong-svart-1.webp?fit=2000%2C2000&ssl=1","datePublished":"2025-06-05T01:58:26+00:00","dateModified":"2026-03-12T08:31:37+00:00","breadcrumb":{"@id":"https:\/\/truusk.store\/sv\/produkt\/truusk-2-delat-set-med-vaxtstall-och-vaxtstol-skandinavisk-design-stalbens-for-tradgard-och-balkong-svart\/#breadcrumb"},"inLanguage":"sv-SE","potentialAction":[{"@type":"ReadAction","target":["https:\/\/truusk.store\/sv\/produkt\/truusk-2-delat-set-med-vaxtstall-och-vaxtstol-skandinavisk-design-stalbens-for-tradgard-och-balkong-svart\/"]}]},{"@type":"ImageObject","inLanguage":"sv-SE","@id":"https:\/\/truusk.store\/sv\/produkt\/truusk-2-delat-set-med-vaxtstall-och-vaxtstol-skandinavisk-design-stalbens-for-tradgard-och-balkong-svart\/#primaryimage","url":"https:\/\/i0.wp.com\/truusk.store\/wp-content\/uploads\/2025\/06\/2-delat-set-med-vaxtstall-vaxtstol-med-stalbens-skandinavisk-design-blomstall-for-tradgard-balkong-svart-1.webp?fit=2000%2C2000&ssl=1","contentUrl":"https:\/\/i0.wp.com\/truusk.store\/wp-content\/uploads\/2025\/06\/2-delat-set-med-vaxtstall-vaxtstol-med-stalbens-skandinavisk-design-blomstall-for-tradgard-balkong-svart-1.webp?fit=2000%2C2000&ssl=1","width":2000,"height":2000},{"@type":"BreadcrumbList","@id":"https:\/\/truusk.store\/sv\/produkt\/truusk-2-delat-set-med-vaxtstall-och-vaxtstol-skandinavisk-design-stalbens-for-tradgard-och-balkong-svart\/#breadcrumb","itemListElement":[{"@type":"ListItem","position":1,"name":"Home","item":"https:\/\/truusk.store\/sv\/"},{"@type":"ListItem","position":2,"name":"Shop","item":"https:\/\/truusk.store\/shop\/"},{"@type":"ListItem","position":3,"name":"TRUUSK 2-delat Set med V\u00e4xtst\u00e4ll och V\u00e4xtstol &#8211; Skandinavisk Design &#8211; St\u00e5lbens &#8211; F\u00f6r Tr\u00e4dg\u00e5rd och Balkong &#8211; Svart"}]},{"@type":"WebSite","@id":"https:\/\/truusk.store\/sv\/#website","url":"https:\/\/truusk.store\/sv\/","name":"TRUUSK - Hem, Tr\u00e4dg\u00e5rd & Fritid","description":"","publisher":{"@id":"https:\/\/truusk.store\/sv\/#organization"},"potentialAction":[{"@type":"SearchAction","target":{"@type":"EntryPoint","urlTemplate":"https:\/\/truusk.store\/sv\/?s={search_term_string}"},"query-input":{"@type":"PropertyValueSpecification","valueRequired":true,"valueName":"search_term_string"}}],"inLanguage":"sv-SE"},{"@type":"Organization","@id":"https:\/\/truusk.store\/sv\/#organization","name":"TRUUSK - Hem, Tr\u00e4dg\u00e5rd & Fritid","url":"https:\/\/truusk.store\/sv\/","logo":{"@type":"ImageObject","inLanguage":"sv-SE","@id":"https:\/\/truusk.store\/sv\/#\/schema\/logo\/image\/","url":"https:\/\/i0.wp.com\/truusk.store\/wp-content\/uploads\/2026\/03\/cropped-TRUUSK.png?fit=2032%2C917&ssl=1","contentUrl":"https:\/\/i0.wp.com\/truusk.store\/wp-content\/uploads\/2026\/03\/cropped-TRUUSK.png?fit=2032%2C917&ssl=1","width":2032,"height":917,"caption":"TRUUSK - Hem, Tr\u00e4dg\u00e5rd & Fritid"},"image":{"@id":"https:\/\/truusk.store\/sv\/#\/schema\/logo\/image\/"}}]}},"jetpack_sharing_enabled":true,"_links":{"self":[{"href":"https:\/\/truusk.store\/sv\/wp-json\/wp\/v2\/product\/60580","targetHints":{"allow":["GET"]}}],"collection":[{"href":"https:\/\/truusk.store\/sv\/wp-json\/wp\/v2\/product"}],"about":[{"href":"https:\/\/truusk.store\/sv\/wp-json\/wp\/v2\/types\/product"}],"wp:featuredmedia":[{"embeddable":true,"href":"https:\/\/truusk.store\/sv\/wp-json\/wp\/v2\/media\/60571"}],"wp:attachment":[{"href":"https:\/\/truusk.store\/sv\/wp-json\/wp\/v2\/media?parent=60580"}],"wp:term":[{"taxonomy":"product_brand","embeddable":true,"href":"https:\/\/truusk.store\/sv\/wp-json\/wp\/v2\/product_brand?post=60580"},{"taxonomy":"product_cat","embeddable":true,"href":"https:\/\/truusk.store\/sv\/wp-json\/wp\/v2\/product_cat?post=60580"},{"taxonomy":"product_tag","embeddable":true,"href":"https:\/\/truusk.store\/sv\/wp-json\/wp\/v2\/product_tag?post=60580"}],"curies":[{"name":"wp","href":"https:\/\/api.w.org\/{rel}","templated":true}]}}