{"id":60600,"date":"2025-06-05T03:00:29","date_gmt":"2025-06-05T02:00:29","guid":{"rendered":"https:\/\/truusk.store\/product\/sittbank-stoppad-bank-med-konstgjord-pals-look-82-x-30-x-47-cm-gra-metallben-skobank-for-hall-sovrum-vardagsrum\/"},"modified":"2026-03-12T09:41:12","modified_gmt":"2026-03-12T08:41:12","slug":"truusk-sko-och-forvaringsbank-med-konstgjord-pals-look-gra-metallben-82-x-30-x-47-cm-hall-sovrum-vardagsrum","status":"publish","type":"product","link":"https:\/\/truusk.store\/sv\/produkt\/truusk-sko-och-forvaringsbank-med-konstgjord-pals-look-gra-metallben-82-x-30-x-47-cm-hall-sovrum-vardagsrum\/","title":{"rendered":"TRUUSK Sko- och F\u00f6rvaringsb\u00e4nk med Konstgjord P\u00e4ls-look &#8211; Gr\u00e5 &#8211; Metallben &#8211; 82 x 30 x 47 cm &#8211; Hall, Sovrum, Vardagsrum"},"content":{"rendered":"<p>Med denna TRUUSK b\u00e4nk m\u00f6ter elegant design h\u00f6gsta komfort. Denna 82 cm breda sits \u00e4r kl\u00e4dd i konstgjord p\u00e4ls och gener\u00f6st stoppad f\u00f6r att erbjuda o\u00f6vertr\u00e4ffad komfort. Kombinerat med smala, svarta metallben \u00e4r denna hallb\u00e4nk ett stilfullt tillskott till alla rum och berikar ditt hem med en touch av smakfull raffinement. Idealisk som skob\u00e4nk i din entr\u00e9, som s\u00e4ngb\u00e4nk i sovrummet eller som sittb\u00e4nk i vardagsrummet.<\/p>\n<p>Beskrivning:<\/p>\n<ul>\n<li> Mjukt konstgjord p\u00e4ls\u00f6verdrag p\u00e5 garderobsb\u00e4nken erbjuder mysighet, v\u00e4rme och enkel sk\u00f6tsel<\/li>\n<li> Tjock stoppning garanterar en bekv\u00e4m sittupplevelse<\/li>\n<li> Kuddad sits och eleganta, smalt ned\u00e5tg\u00e5ende metallf\u00f6tter utstr\u00e5lar charmig elegans<\/li>\n<li> Robust tr\u00e4ram och metallben p\u00e5 den stoppade b\u00e4nken ger stabilitet<\/li>\n<li> Enkel montering kr\u00e4vs<\/li>\n<li> M\u00e5ngsidigt anv\u00e4ndbar i vardagsrum, sovrum eller entr\u00e9er<\/li>\n<li> Skyddande fotkapslar skyddar golvet fr\u00e5n repor<\/li>\n<\/ul>\n<p>Tekniska data:<\/p>\n<ul>\n<li> F\u00e4rg: Gr\u00e5<\/li>\n<li> Material: Konstgjord p\u00e4ls (100% polyester), skum, eukalyptustr\u00e4, metall<\/li>\n<li> Totala dimensioner: 82B x 30T x 47H cm<\/li>\n<li> Sitth\u00f6jd: 44 cm<\/li>\n<li> Sitt tjocklek: 15,5 cm<\/li>\n<li> B\u00e4rkapacitet: 120 kg<\/li>\n<\/ul>\n<p>Leveransinneh\u00e5ll:<\/p>\n<ul>\n<li> 1 x B\u00e4nk<\/li>\n<li> 1 x Handbok<\/li>\n<\/ul>\n","protected":false},"excerpt":{"rendered":"<p>Med denna TRUUSK b\u00e4nk m\u00f6ter elegant design h\u00f6gsta komfort. Denna 82 cm breda sits \u00e4r kl\u00e4dd i konstgjord p\u00e4ls och&#8230;<\/p>\n","protected":false},"featured_media":60591,"template":"","meta":[],"product_brand":[],"product_cat":[871,897,540],"product_tag":[],"class_list":{"0":"post-60600","1":"product","2":"type-product","3":"status-publish","4":"has-post-thumbnail","6":"product_cat-hus-hem","7":"product_cat-sovrum","8":"product_cat-stoppade-bankar","10":"first","11":"instock","12":"sale","13":"taxable","14":"shipping-taxable","15":"purchasable","16":"product-type-simple"},"yoast_head":"<!-- This site is optimized with the Yoast SEO plugin v25.4 - https:\/\/yoast.com\/wordpress\/plugins\/seo\/ -->\n<title>TRUUSK Sko- och F\u00f6rvaringsb\u00e4nk med Konstgjord P\u00e4ls-look - Gr\u00e5 - Metallben - 82 x 30 x 47 cm - Hall, Sovrum, Vardagsrum - TRUUSK - Hem, Tr\u00e4dg\u00e5rd &amp; Fritid<\/title>\n<meta name=\"robots\" content=\"index, follow, max-snippet:-1, max-image-preview:large, max-video-preview:-1\" \/>\n<link rel=\"canonical\" href=\"https:\/\/truusk.store\/sv\/produkt\/truusk-sko-och-forvaringsbank-med-konstgjord-pals-look-gra-metallben-82-x-30-x-47-cm-hall-sovrum-vardagsrum\/\" \/>\n<meta property=\"og:locale\" content=\"sv_SE\" \/>\n<meta property=\"og:type\" content=\"article\" \/>\n<meta property=\"og:title\" content=\"TRUUSK Sko- och F\u00f6rvaringsb\u00e4nk med Konstgjord P\u00e4ls-look - Gr\u00e5 - Metallben - 82 x 30 x 47 cm - Hall, Sovrum, Vardagsrum - TRUUSK - Hem, Tr\u00e4dg\u00e5rd &amp; Fritid\" \/>\n<meta property=\"og:description\" content=\"Med denna TRUUSK b\u00e4nk m\u00f6ter elegant design h\u00f6gsta komfort. Denna 82 cm breda sits \u00e4r kl\u00e4dd i konstgjord p\u00e4ls och...\" \/>\n<meta property=\"og:url\" content=\"https:\/\/truusk.store\/sv\/produkt\/truusk-sko-och-forvaringsbank-med-konstgjord-pals-look-gra-metallben-82-x-30-x-47-cm-hall-sovrum-vardagsrum\/\" \/>\n<meta property=\"og:site_name\" content=\"TRUUSK - Hem, Tr\u00e4dg\u00e5rd &amp; Fritid\" \/>\n<meta property=\"article:modified_time\" content=\"2026-03-12T08:41:12+00:00\" \/>\n<meta property=\"og:image\" content=\"https:\/\/i0.wp.com\/truusk.se\/wp-content\/uploads\/2025\/06\/sittbank-stoppad-bank-med-konstgjord-pals-look-82-x-30-x-47-cm-gra-metallben-skobank-for-hall-sovrum-vardagsrum-1.webp?fit=2000%2C2000&ssl=1\" \/>\n\t<meta property=\"og:image:width\" content=\"2000\" \/>\n\t<meta property=\"og:image:height\" content=\"2000\" \/>\n\t<meta property=\"og:image:type\" content=\"image\/webp\" \/>\n<meta name=\"twitter:card\" content=\"summary_large_image\" \/>\n<meta name=\"twitter:label1\" content=\"Ber\u00e4knad l\u00e4stid\" \/>\n\t<meta name=\"twitter:data1\" content=\"1 minut\" \/>\n<!-- \/ Yoast SEO plugin. -->","yoast_head_json":{"title":"TRUUSK Sko- och F\u00f6rvaringsb\u00e4nk med Konstgjord P\u00e4ls-look - Gr\u00e5 - Metallben - 82 x 30 x 47 cm - Hall, Sovrum, Vardagsrum - TRUUSK - Hem, Tr\u00e4dg\u00e5rd &amp; Fritid","robots":{"index":"index","follow":"follow","max-snippet":"max-snippet:-1","max-image-preview":"max-image-preview:large","max-video-preview":"max-video-preview:-1"},"canonical":"https:\/\/truusk.store\/sv\/produkt\/truusk-sko-och-forvaringsbank-med-konstgjord-pals-look-gra-metallben-82-x-30-x-47-cm-hall-sovrum-vardagsrum\/","og_locale":"sv_SE","og_type":"article","og_title":"TRUUSK Sko- och F\u00f6rvaringsb\u00e4nk med Konstgjord P\u00e4ls-look - Gr\u00e5 - Metallben - 82 x 30 x 47 cm - Hall, Sovrum, Vardagsrum - TRUUSK - Hem, Tr\u00e4dg\u00e5rd &amp; Fritid","og_description":"Med denna TRUUSK b\u00e4nk m\u00f6ter elegant design h\u00f6gsta komfort. Denna 82 cm breda sits \u00e4r kl\u00e4dd i konstgjord p\u00e4ls och...","og_url":"https:\/\/truusk.store\/sv\/produkt\/truusk-sko-och-forvaringsbank-med-konstgjord-pals-look-gra-metallben-82-x-30-x-47-cm-hall-sovrum-vardagsrum\/","og_site_name":"TRUUSK - Hem, Tr\u00e4dg\u00e5rd &amp; Fritid","article_modified_time":"2026-03-12T08:41:12+00:00","og_image":[{"width":2000,"height":2000,"url":"https:\/\/i0.wp.com\/truusk.se\/wp-content\/uploads\/2025\/06\/sittbank-stoppad-bank-med-konstgjord-pals-look-82-x-30-x-47-cm-gra-metallben-skobank-for-hall-sovrum-vardagsrum-1.webp?fit=2000%2C2000&ssl=1","type":"image\/webp"}],"twitter_card":"summary_large_image","twitter_misc":{"Ber\u00e4knad l\u00e4stid":"1 minut"},"schema":{"@context":"https:\/\/schema.org","@graph":[{"@type":"WebPage","@id":"https:\/\/truusk.store\/sv\/produkt\/truusk-sko-och-forvaringsbank-med-konstgjord-pals-look-gra-metallben-82-x-30-x-47-cm-hall-sovrum-vardagsrum\/","url":"https:\/\/truusk.store\/sv\/produkt\/truusk-sko-och-forvaringsbank-med-konstgjord-pals-look-gra-metallben-82-x-30-x-47-cm-hall-sovrum-vardagsrum\/","name":"TRUUSK Sko- och F\u00f6rvaringsb\u00e4nk med Konstgjord P\u00e4ls-look - Gr\u00e5 - Metallben - 82 x 30 x 47 cm - Hall, Sovrum, Vardagsrum - TRUUSK - Hem, Tr\u00e4dg\u00e5rd &amp; Fritid","isPartOf":{"@id":"https:\/\/truusk.store\/sv\/#website"},"primaryImageOfPage":{"@id":"https:\/\/truusk.store\/sv\/produkt\/truusk-sko-och-forvaringsbank-med-konstgjord-pals-look-gra-metallben-82-x-30-x-47-cm-hall-sovrum-vardagsrum\/#primaryimage"},"image":{"@id":"https:\/\/truusk.store\/sv\/produkt\/truusk-sko-och-forvaringsbank-med-konstgjord-pals-look-gra-metallben-82-x-30-x-47-cm-hall-sovrum-vardagsrum\/#primaryimage"},"thumbnailUrl":"https:\/\/i0.wp.com\/truusk.store\/wp-content\/uploads\/2025\/06\/sittbank-stoppad-bank-med-konstgjord-pals-look-82-x-30-x-47-cm-gra-metallben-skobank-for-hall-sovrum-vardagsrum-1.webp?fit=2000%2C2000&ssl=1","datePublished":"2025-06-05T02:00:29+00:00","dateModified":"2026-03-12T08:41:12+00:00","breadcrumb":{"@id":"https:\/\/truusk.store\/sv\/produkt\/truusk-sko-och-forvaringsbank-med-konstgjord-pals-look-gra-metallben-82-x-30-x-47-cm-hall-sovrum-vardagsrum\/#breadcrumb"},"inLanguage":"sv-SE","potentialAction":[{"@type":"ReadAction","target":["https:\/\/truusk.store\/sv\/produkt\/truusk-sko-och-forvaringsbank-med-konstgjord-pals-look-gra-metallben-82-x-30-x-47-cm-hall-sovrum-vardagsrum\/"]}]},{"@type":"ImageObject","inLanguage":"sv-SE","@id":"https:\/\/truusk.store\/sv\/produkt\/truusk-sko-och-forvaringsbank-med-konstgjord-pals-look-gra-metallben-82-x-30-x-47-cm-hall-sovrum-vardagsrum\/#primaryimage","url":"https:\/\/i0.wp.com\/truusk.store\/wp-content\/uploads\/2025\/06\/sittbank-stoppad-bank-med-konstgjord-pals-look-82-x-30-x-47-cm-gra-metallben-skobank-for-hall-sovrum-vardagsrum-1.webp?fit=2000%2C2000&ssl=1","contentUrl":"https:\/\/i0.wp.com\/truusk.store\/wp-content\/uploads\/2025\/06\/sittbank-stoppad-bank-med-konstgjord-pals-look-82-x-30-x-47-cm-gra-metallben-skobank-for-hall-sovrum-vardagsrum-1.webp?fit=2000%2C2000&ssl=1","width":2000,"height":2000},{"@type":"BreadcrumbList","@id":"https:\/\/truusk.store\/sv\/produkt\/truusk-sko-och-forvaringsbank-med-konstgjord-pals-look-gra-metallben-82-x-30-x-47-cm-hall-sovrum-vardagsrum\/#breadcrumb","itemListElement":[{"@type":"ListItem","position":1,"name":"Home","item":"https:\/\/truusk.store\/sv\/"},{"@type":"ListItem","position":2,"name":"Shop","item":"https:\/\/truusk.store\/shop\/"},{"@type":"ListItem","position":3,"name":"TRUUSK Sko- och F\u00f6rvaringsb\u00e4nk med Konstgjord P\u00e4ls-look &#8211; Gr\u00e5 &#8211; Metallben &#8211; 82 x 30 x 47 cm &#8211; Hall, Sovrum, Vardagsrum"}]},{"@type":"WebSite","@id":"https:\/\/truusk.store\/sv\/#website","url":"https:\/\/truusk.store\/sv\/","name":"TRUUSK - Hem, Tr\u00e4dg\u00e5rd & Fritid","description":"","publisher":{"@id":"https:\/\/truusk.store\/sv\/#organization"},"potentialAction":[{"@type":"SearchAction","target":{"@type":"EntryPoint","urlTemplate":"https:\/\/truusk.store\/sv\/?s={search_term_string}"},"query-input":{"@type":"PropertyValueSpecification","valueRequired":true,"valueName":"search_term_string"}}],"inLanguage":"sv-SE"},{"@type":"Organization","@id":"https:\/\/truusk.store\/sv\/#organization","name":"TRUUSK - Hem, Tr\u00e4dg\u00e5rd & Fritid","url":"https:\/\/truusk.store\/sv\/","logo":{"@type":"ImageObject","inLanguage":"sv-SE","@id":"https:\/\/truusk.store\/sv\/#\/schema\/logo\/image\/","url":"https:\/\/i0.wp.com\/truusk.store\/wp-content\/uploads\/2026\/03\/cropped-TRUUSK.png?fit=2032%2C917&ssl=1","contentUrl":"https:\/\/i0.wp.com\/truusk.store\/wp-content\/uploads\/2026\/03\/cropped-TRUUSK.png?fit=2032%2C917&ssl=1","width":2032,"height":917,"caption":"TRUUSK - Hem, Tr\u00e4dg\u00e5rd & Fritid"},"image":{"@id":"https:\/\/truusk.store\/sv\/#\/schema\/logo\/image\/"}}]}},"jetpack_sharing_enabled":true,"_links":{"self":[{"href":"https:\/\/truusk.store\/sv\/wp-json\/wp\/v2\/product\/60600","targetHints":{"allow":["GET"]}}],"collection":[{"href":"https:\/\/truusk.store\/sv\/wp-json\/wp\/v2\/product"}],"about":[{"href":"https:\/\/truusk.store\/sv\/wp-json\/wp\/v2\/types\/product"}],"wp:featuredmedia":[{"embeddable":true,"href":"https:\/\/truusk.store\/sv\/wp-json\/wp\/v2\/media\/60591"}],"wp:attachment":[{"href":"https:\/\/truusk.store\/sv\/wp-json\/wp\/v2\/media?parent=60600"}],"wp:term":[{"taxonomy":"product_brand","embeddable":true,"href":"https:\/\/truusk.store\/sv\/wp-json\/wp\/v2\/product_brand?post=60600"},{"taxonomy":"product_cat","embeddable":true,"href":"https:\/\/truusk.store\/sv\/wp-json\/wp\/v2\/product_cat?post=60600"},{"taxonomy":"product_tag","embeddable":true,"href":"https:\/\/truusk.store\/sv\/wp-json\/wp\/v2\/product_tag?post=60600"}],"curies":[{"name":"wp","href":"https:\/\/api.w.org\/{rel}","templated":true}]}}