{"id":60630,"date":"2025-06-05T03:03:41","date_gmt":"2025-06-05T02:03:41","guid":{"rendered":"https:\/\/truusk.store\/product\/golvlampa-led-golvlampa-med-4-hyllor-e27-sockel-24-w-staende-lampa-med-3-ljusfarger-for-vardagsrum-sovrum-svart\/"},"modified":"2026-03-12T09:31:11","modified_gmt":"2026-03-12T08:31:11","slug":"truusk-led-golvlampa-med-4-hyllor-e27-sockel-24w-3-ljusfarger-for-vardagsrum-sovrum-svart","status":"publish","type":"product","link":"https:\/\/truusk.store\/sv\/produkt\/truusk-led-golvlampa-med-4-hyllor-e27-sockel-24w-3-ljusfarger-for-vardagsrum-sovrum-svart\/","title":{"rendered":"TRUUSK LED Golvlampa med 4 Hyllor &#8211; E27 Sockel &#8211; 24W &#8211; 3 Ljusf\u00e4rger &#8211; F\u00f6r Vardagsrum, Sovrum &#8211; Svart"},"content":{"rendered":"<p> Bra belysning \u00e4r avg\u00f6rande f\u00f6r att s\u00e4tta ditt hem i r\u00e4tt ljus. TRUUSK golvlampan med hylla skapar med sitt behagliga ljus den perfekta st\u00e4mningen och ger varje rum en ny elegans. Tack vare sin smala, h\u00f6ga konstruktion \u00e4r golvlampan med hylla inte bara robust, utan idealisk f\u00f6r mysiga kv\u00e4llar eller avkopplande l\u00e4sningstimmar. <\/p>\n<p> Beskrivning: <\/p>\n<ul>\n<li> H\u00f6rnformen och den svarta finishen ger denna vardagsrumsgolvlampa ett samtida utseende f\u00f6r din bostadsatmosf\u00e4r <\/li>\n<li> Integrerad LED med varmvitt ljus (3000K) och en imponerande livsl\u00e4ngd p\u00e5 25 000 timmar <\/li>\n<li> Lampan erbjuder 3 ljusstyrkor och m\u00f6jligheten att rikta ljuset \u00e5t h\u00f6ger eller v\u00e4nster <\/li>\n<li> Fyra niv\u00e5er av golvlampan erbjuder tillr\u00e4ckligt med utrymme f\u00f6r dekorativa f\u00f6rem\u00e5l och andra objekt <\/li>\n<li> M\u00f6jligg\u00f6r bekv\u00e4m drift av lampan med fottryck <\/li>\n<li> L\u00e4mplig f\u00f6r olika typer av ljusk\u00e4llor som LED, halogen eller gl\u00f6dlampor (ljusk\u00e4lla ing\u00e5r inte) <\/li>\n<li> Den l\u00e5nga str\u00f6mkabeln ut\u00f6kar placeringen av lampan <\/li>\n<li> Enkel montering kr\u00e4vs <\/li>\n<\/ul>\n<p> Tekniska data: <\/p>\n<ul>\n<li> F\u00e4rg: Svart <\/li>\n<li> Material: MDF <\/li>\n<li> Totala m\u00e5tt: 41L x 29,5B x 163,5H cm <\/li>\n<li> Kabell\u00e4ngd: 1,8 m <\/li>\n<li> Belastningskapacitet: Hylla: 2 kg, Totalt: 8 kg <\/li>\n<li> F\u00e4rgtemperatur: 3000K (varmvit) <\/li>\n<li> Lumen: 1530LM <\/li>\n<li> Livsl\u00e4ngd: 25 000 timmar <\/li>\n<li> Ing\u00e5ng: 220-240V\/50Hz <\/li>\n<li> Utg\u00e5ng: 24V\/1A\/24W <\/li>\n<\/ul>\n<p> Leveransinneh\u00e5ll: <\/p>\n<ul>\n<li> 1 x Golvlampa <\/li>\n<li> 1 x Bruksanvisning <\/li>\n<\/ul>\n","protected":false},"excerpt":{"rendered":"<p>Bra belysning \u00e4r avg\u00f6rande f\u00f6r att s\u00e4tta ditt hem i r\u00e4tt ljus. TRUUSK golvlampan med hylla skapar med sitt behagliga&#8230;<\/p>\n","protected":false},"featured_media":60621,"template":"","meta":[],"product_brand":[],"product_cat":[486,907,871],"product_tag":[],"class_list":{"0":"post-60630","1":"product","2":"type-product","3":"status-publish","4":"has-post-thumbnail","6":"product_cat-belysning","7":"product_cat-golvlampor","8":"product_cat-hus-hem","10":"first","11":"instock","12":"sale","13":"taxable","14":"shipping-taxable","15":"purchasable","16":"product-type-simple"},"yoast_head":"<!-- This site is optimized with the Yoast SEO plugin v25.4 - https:\/\/yoast.com\/wordpress\/plugins\/seo\/ -->\n<title>TRUUSK LED Golvlampa med 4 Hyllor - E27 Sockel - 24W - 3 Ljusf\u00e4rger - F\u00f6r Vardagsrum, Sovrum - Svart - TRUUSK - Hem, Tr\u00e4dg\u00e5rd &amp; Fritid<\/title>\n<meta name=\"robots\" content=\"index, follow, max-snippet:-1, max-image-preview:large, max-video-preview:-1\" \/>\n<link rel=\"canonical\" href=\"https:\/\/truusk.store\/sv\/produkt\/truusk-led-golvlampa-med-4-hyllor-e27-sockel-24w-3-ljusfarger-for-vardagsrum-sovrum-svart\/\" \/>\n<meta property=\"og:locale\" content=\"sv_SE\" \/>\n<meta property=\"og:type\" content=\"article\" \/>\n<meta property=\"og:title\" content=\"TRUUSK LED Golvlampa med 4 Hyllor - E27 Sockel - 24W - 3 Ljusf\u00e4rger - F\u00f6r Vardagsrum, Sovrum - Svart - TRUUSK - Hem, Tr\u00e4dg\u00e5rd &amp; Fritid\" \/>\n<meta property=\"og:description\" content=\"Bra belysning \u00e4r avg\u00f6rande f\u00f6r att s\u00e4tta ditt hem i r\u00e4tt ljus. TRUUSK golvlampan med hylla skapar med sitt behagliga...\" \/>\n<meta property=\"og:url\" content=\"https:\/\/truusk.store\/sv\/produkt\/truusk-led-golvlampa-med-4-hyllor-e27-sockel-24w-3-ljusfarger-for-vardagsrum-sovrum-svart\/\" \/>\n<meta property=\"og:site_name\" content=\"TRUUSK - Hem, Tr\u00e4dg\u00e5rd &amp; Fritid\" \/>\n<meta property=\"article:modified_time\" content=\"2026-03-12T08:31:11+00:00\" \/>\n<meta property=\"og:image\" content=\"https:\/\/i0.wp.com\/truusk.se\/wp-content\/uploads\/2025\/06\/golvlampa-led-golvlampa-med-4-hyllor-e27-sockel-24-w-staende-lampa-med-3-ljusfarger-for-vardagsrum-sovrum-svart-1.webp?fit=2000%2C2000&ssl=1\" \/>\n\t<meta property=\"og:image:width\" content=\"2000\" \/>\n\t<meta property=\"og:image:height\" content=\"2000\" \/>\n\t<meta property=\"og:image:type\" content=\"image\/webp\" \/>\n<meta name=\"twitter:card\" content=\"summary_large_image\" \/>\n<meta name=\"twitter:label1\" content=\"Ber\u00e4knad l\u00e4stid\" \/>\n\t<meta name=\"twitter:data1\" content=\"1 minut\" \/>\n<!-- \/ Yoast SEO plugin. -->","yoast_head_json":{"title":"TRUUSK LED Golvlampa med 4 Hyllor - E27 Sockel - 24W - 3 Ljusf\u00e4rger - F\u00f6r Vardagsrum, Sovrum - Svart - TRUUSK - Hem, Tr\u00e4dg\u00e5rd &amp; Fritid","robots":{"index":"index","follow":"follow","max-snippet":"max-snippet:-1","max-image-preview":"max-image-preview:large","max-video-preview":"max-video-preview:-1"},"canonical":"https:\/\/truusk.store\/sv\/produkt\/truusk-led-golvlampa-med-4-hyllor-e27-sockel-24w-3-ljusfarger-for-vardagsrum-sovrum-svart\/","og_locale":"sv_SE","og_type":"article","og_title":"TRUUSK LED Golvlampa med 4 Hyllor - E27 Sockel - 24W - 3 Ljusf\u00e4rger - F\u00f6r Vardagsrum, Sovrum - Svart - TRUUSK - Hem, Tr\u00e4dg\u00e5rd &amp; Fritid","og_description":"Bra belysning \u00e4r avg\u00f6rande f\u00f6r att s\u00e4tta ditt hem i r\u00e4tt ljus. TRUUSK golvlampan med hylla skapar med sitt behagliga...","og_url":"https:\/\/truusk.store\/sv\/produkt\/truusk-led-golvlampa-med-4-hyllor-e27-sockel-24w-3-ljusfarger-for-vardagsrum-sovrum-svart\/","og_site_name":"TRUUSK - Hem, Tr\u00e4dg\u00e5rd &amp; Fritid","article_modified_time":"2026-03-12T08:31:11+00:00","og_image":[{"width":2000,"height":2000,"url":"https:\/\/i0.wp.com\/truusk.se\/wp-content\/uploads\/2025\/06\/golvlampa-led-golvlampa-med-4-hyllor-e27-sockel-24-w-staende-lampa-med-3-ljusfarger-for-vardagsrum-sovrum-svart-1.webp?fit=2000%2C2000&ssl=1","type":"image\/webp"}],"twitter_card":"summary_large_image","twitter_misc":{"Ber\u00e4knad l\u00e4stid":"1 minut"},"schema":{"@context":"https:\/\/schema.org","@graph":[{"@type":"WebPage","@id":"https:\/\/truusk.store\/sv\/produkt\/truusk-led-golvlampa-med-4-hyllor-e27-sockel-24w-3-ljusfarger-for-vardagsrum-sovrum-svart\/","url":"https:\/\/truusk.store\/sv\/produkt\/truusk-led-golvlampa-med-4-hyllor-e27-sockel-24w-3-ljusfarger-for-vardagsrum-sovrum-svart\/","name":"TRUUSK LED Golvlampa med 4 Hyllor - E27 Sockel - 24W - 3 Ljusf\u00e4rger - F\u00f6r Vardagsrum, Sovrum - Svart - TRUUSK - Hem, Tr\u00e4dg\u00e5rd &amp; Fritid","isPartOf":{"@id":"https:\/\/truusk.store\/sv\/#website"},"primaryImageOfPage":{"@id":"https:\/\/truusk.store\/sv\/produkt\/truusk-led-golvlampa-med-4-hyllor-e27-sockel-24w-3-ljusfarger-for-vardagsrum-sovrum-svart\/#primaryimage"},"image":{"@id":"https:\/\/truusk.store\/sv\/produkt\/truusk-led-golvlampa-med-4-hyllor-e27-sockel-24w-3-ljusfarger-for-vardagsrum-sovrum-svart\/#primaryimage"},"thumbnailUrl":"https:\/\/i0.wp.com\/truusk.store\/wp-content\/uploads\/2025\/06\/golvlampa-led-golvlampa-med-4-hyllor-e27-sockel-24-w-staende-lampa-med-3-ljusfarger-for-vardagsrum-sovrum-svart-1.webp?fit=2000%2C2000&ssl=1","datePublished":"2025-06-05T02:03:41+00:00","dateModified":"2026-03-12T08:31:11+00:00","breadcrumb":{"@id":"https:\/\/truusk.store\/sv\/produkt\/truusk-led-golvlampa-med-4-hyllor-e27-sockel-24w-3-ljusfarger-for-vardagsrum-sovrum-svart\/#breadcrumb"},"inLanguage":"sv-SE","potentialAction":[{"@type":"ReadAction","target":["https:\/\/truusk.store\/sv\/produkt\/truusk-led-golvlampa-med-4-hyllor-e27-sockel-24w-3-ljusfarger-for-vardagsrum-sovrum-svart\/"]}]},{"@type":"ImageObject","inLanguage":"sv-SE","@id":"https:\/\/truusk.store\/sv\/produkt\/truusk-led-golvlampa-med-4-hyllor-e27-sockel-24w-3-ljusfarger-for-vardagsrum-sovrum-svart\/#primaryimage","url":"https:\/\/i0.wp.com\/truusk.store\/wp-content\/uploads\/2025\/06\/golvlampa-led-golvlampa-med-4-hyllor-e27-sockel-24-w-staende-lampa-med-3-ljusfarger-for-vardagsrum-sovrum-svart-1.webp?fit=2000%2C2000&ssl=1","contentUrl":"https:\/\/i0.wp.com\/truusk.store\/wp-content\/uploads\/2025\/06\/golvlampa-led-golvlampa-med-4-hyllor-e27-sockel-24-w-staende-lampa-med-3-ljusfarger-for-vardagsrum-sovrum-svart-1.webp?fit=2000%2C2000&ssl=1","width":2000,"height":2000},{"@type":"BreadcrumbList","@id":"https:\/\/truusk.store\/sv\/produkt\/truusk-led-golvlampa-med-4-hyllor-e27-sockel-24w-3-ljusfarger-for-vardagsrum-sovrum-svart\/#breadcrumb","itemListElement":[{"@type":"ListItem","position":1,"name":"Home","item":"https:\/\/truusk.store\/sv\/"},{"@type":"ListItem","position":2,"name":"Shop","item":"https:\/\/truusk.store\/shop\/"},{"@type":"ListItem","position":3,"name":"TRUUSK LED Golvlampa med 4 Hyllor &#8211; E27 Sockel &#8211; 24W &#8211; 3 Ljusf\u00e4rger &#8211; F\u00f6r Vardagsrum, Sovrum &#8211; Svart"}]},{"@type":"WebSite","@id":"https:\/\/truusk.store\/sv\/#website","url":"https:\/\/truusk.store\/sv\/","name":"TRUUSK - Hem, Tr\u00e4dg\u00e5rd & Fritid","description":"","publisher":{"@id":"https:\/\/truusk.store\/sv\/#organization"},"potentialAction":[{"@type":"SearchAction","target":{"@type":"EntryPoint","urlTemplate":"https:\/\/truusk.store\/sv\/?s={search_term_string}"},"query-input":{"@type":"PropertyValueSpecification","valueRequired":true,"valueName":"search_term_string"}}],"inLanguage":"sv-SE"},{"@type":"Organization","@id":"https:\/\/truusk.store\/sv\/#organization","name":"TRUUSK - Hem, Tr\u00e4dg\u00e5rd & Fritid","url":"https:\/\/truusk.store\/sv\/","logo":{"@type":"ImageObject","inLanguage":"sv-SE","@id":"https:\/\/truusk.store\/sv\/#\/schema\/logo\/image\/","url":"https:\/\/i0.wp.com\/truusk.store\/wp-content\/uploads\/2026\/03\/cropped-TRUUSK.png?fit=2032%2C917&ssl=1","contentUrl":"https:\/\/i0.wp.com\/truusk.store\/wp-content\/uploads\/2026\/03\/cropped-TRUUSK.png?fit=2032%2C917&ssl=1","width":2032,"height":917,"caption":"TRUUSK - Hem, Tr\u00e4dg\u00e5rd & Fritid"},"image":{"@id":"https:\/\/truusk.store\/sv\/#\/schema\/logo\/image\/"}}]}},"jetpack_sharing_enabled":true,"_links":{"self":[{"href":"https:\/\/truusk.store\/sv\/wp-json\/wp\/v2\/product\/60630","targetHints":{"allow":["GET"]}}],"collection":[{"href":"https:\/\/truusk.store\/sv\/wp-json\/wp\/v2\/product"}],"about":[{"href":"https:\/\/truusk.store\/sv\/wp-json\/wp\/v2\/types\/product"}],"wp:featuredmedia":[{"embeddable":true,"href":"https:\/\/truusk.store\/sv\/wp-json\/wp\/v2\/media\/60621"}],"wp:attachment":[{"href":"https:\/\/truusk.store\/sv\/wp-json\/wp\/v2\/media?parent=60630"}],"wp:term":[{"taxonomy":"product_brand","embeddable":true,"href":"https:\/\/truusk.store\/sv\/wp-json\/wp\/v2\/product_brand?post=60630"},{"taxonomy":"product_cat","embeddable":true,"href":"https:\/\/truusk.store\/sv\/wp-json\/wp\/v2\/product_cat?post=60630"},{"taxonomy":"product_tag","embeddable":true,"href":"https:\/\/truusk.store\/sv\/wp-json\/wp\/v2\/product_tag?post=60630"}],"curies":[{"name":"wp","href":"https:\/\/api.w.org\/{rel}","templated":true}]}}