{"id":60670,"date":"2025-06-05T03:07:29","date_gmt":"2025-06-05T02:07:29","guid":{"rendered":"https:\/\/truusk.store\/product\/kattrappa-djurtrappa-for-katter-och-hundar-3-steg-med-klospelare-lekboll-plysch-brun-45x40x48cm-for-mer-komfort\/"},"modified":"2026-03-12T09:41:27","modified_gmt":"2026-03-12T08:41:27","slug":"truusk-kattrappa-for-katter-och-hundar-3-steg-med-klospelare-lekboll-plysch-brun-45x40x48cm-mer-komfort","status":"publish","type":"product","link":"https:\/\/truusk.store\/sv\/produkt\/truusk-kattrappa-for-katter-och-hundar-3-steg-med-klospelare-lekboll-plysch-brun-45x40x48cm-mer-komfort\/","title":{"rendered":"TRUUSK Kattrappa f\u00f6r Katter och Hundar &#8211; 3 Steg med Kl\u00f6spelare &#8211; Lekboll &#8211; Plysch &#8211; Brun &#8211; 45x40x48cm &#8211; Mer Komfort"},"content":{"rendered":"<p>Uppt\u00e4ck TRUUSK husdjurstrappa, som med sina fyra steg inte bara inbjuder till kl\u00e4ttring, utan ocks\u00e5 erbjuder variation med en leksaksboll. Tillverkad av robusta och h\u00e5llbara material, kan din innekatt h\u00e4r leka efter hj\u00e4rtats lust och ut\u00f6va sin kl\u00e5da obehindrat &#8211; till stor gl\u00e4dje f\u00f6r din inredning! Den mjuka plysch\u00f6verdraget p\u00e5 husdjurstrappan erbjuder ocks\u00e5 en bekv\u00e4m liggyta f\u00f6r spontana tupplurer.<\/p>\n<p>Beskrivning:<\/p>\n<ul>\n<li> Husdjurstrappan kan enkelt flyttas var som helst<\/li>\n<li> St\u00f6djer dina husdjur att s\u00e4kert n\u00e5 h\u00f6gre omr\u00e5den f\u00f6r att undvika skador och bevara h\u00e4lsan<\/li>\n<li> Utrustad med en liten mellanplattform, en underh\u00e5llande leksaksboll och en kl\u00f6spelare f\u00f6r att v\u00e4ssa klorna<\/li>\n<li> Plattformarna \u00e4r kl\u00e4dda med mjuk plysch f\u00f6r maximal komfort<\/li>\n<li> Katttrappan \u00e4r l\u00e4tt och kompakt, s\u00e5 att den enkelt kan flyttas<\/li>\n<\/ul>\n<p>Tekniska data:<\/p>\n<ul>\n<li> F\u00e4rg: Brun<\/li>\n<li> Material: Sp\u00e5nskiva, jute, plysch<\/li>\n<li> Totala m\u00e5tt: 45L x 40B x 48H cm<\/li>\n<li> Enskild stegyta: 40L x 15B cm<\/li>\n<li> Basstorlek: 45L x 40B cm<\/li>\n<li> Obs: L\u00e4mplig f\u00f6r djur upp till 5 kg<\/li>\n<\/ul>\n<p>Leveransinneh\u00e5ll:<\/p>\n<ul>\n<li> 1 x Husdjurstrappa<\/li>\n<li> 1 x Instruktioner<\/li>\n<\/ul>\n","protected":false},"excerpt":{"rendered":"<p>Uppt\u00e4ck TRUUSK husdjurstrappa, som med sina fyra steg inte bara inbjuder till kl\u00e4ttring, utan ocks\u00e5 erbjuder variation med en leksaksboll&#8230;.<\/p>\n","protected":false},"featured_media":60661,"template":"","meta":[],"product_brand":[],"product_cat":[878,588,592],"product_tag":[],"class_list":{"0":"post-60670","1":"product","2":"type-product","3":"status-publish","4":"has-post-thumbnail","6":"product_cat-djurbehov","7":"product_cat-katttillbehor","8":"product_cat-katttrappa","10":"first","11":"instock","12":"sale","13":"taxable","14":"shipping-taxable","15":"purchasable","16":"product-type-simple"},"yoast_head":"<!-- This site is optimized with the Yoast SEO plugin v25.4 - https:\/\/yoast.com\/wordpress\/plugins\/seo\/ -->\n<title>TRUUSK Kattrappa f\u00f6r Katter och Hundar - 3 Steg med Kl\u00f6spelare - Lekboll - Plysch - Brun - 45x40x48cm - Mer Komfort - TRUUSK - Hem, Tr\u00e4dg\u00e5rd &amp; Fritid<\/title>\n<meta name=\"robots\" content=\"index, follow, max-snippet:-1, max-image-preview:large, max-video-preview:-1\" \/>\n<link rel=\"canonical\" href=\"https:\/\/truusk.store\/sv\/produkt\/truusk-kattrappa-for-katter-och-hundar-3-steg-med-klospelare-lekboll-plysch-brun-45x40x48cm-mer-komfort\/\" \/>\n<meta property=\"og:locale\" content=\"sv_SE\" \/>\n<meta property=\"og:type\" content=\"article\" \/>\n<meta property=\"og:title\" content=\"TRUUSK Kattrappa f\u00f6r Katter och Hundar - 3 Steg med Kl\u00f6spelare - Lekboll - Plysch - Brun - 45x40x48cm - Mer Komfort - TRUUSK - Hem, Tr\u00e4dg\u00e5rd &amp; Fritid\" \/>\n<meta property=\"og:description\" content=\"Uppt\u00e4ck TRUUSK husdjurstrappa, som med sina fyra steg inte bara inbjuder till kl\u00e4ttring, utan ocks\u00e5 erbjuder variation med en leksaksboll....\" \/>\n<meta property=\"og:url\" content=\"https:\/\/truusk.store\/sv\/produkt\/truusk-kattrappa-for-katter-och-hundar-3-steg-med-klospelare-lekboll-plysch-brun-45x40x48cm-mer-komfort\/\" \/>\n<meta property=\"og:site_name\" content=\"TRUUSK - Hem, Tr\u00e4dg\u00e5rd &amp; Fritid\" \/>\n<meta property=\"article:modified_time\" content=\"2026-03-12T08:41:27+00:00\" \/>\n<meta property=\"og:image\" content=\"https:\/\/i0.wp.com\/truusk.se\/wp-content\/uploads\/2025\/06\/kattrappa-djurtrappa-for-katter-och-hundar-3-steg-med-klospelare-lekboll-plysch-brun-45x40x48cm-for-mer-komfort-1.webp?fit=2000%2C2000&ssl=1\" \/>\n\t<meta property=\"og:image:width\" content=\"2000\" \/>\n\t<meta property=\"og:image:height\" content=\"2000\" \/>\n\t<meta property=\"og:image:type\" content=\"image\/webp\" \/>\n<meta name=\"twitter:card\" content=\"summary_large_image\" \/>\n<meta name=\"twitter:label1\" content=\"Ber\u00e4knad l\u00e4stid\" \/>\n\t<meta name=\"twitter:data1\" content=\"1 minut\" \/>\n<!-- \/ Yoast SEO plugin. -->","yoast_head_json":{"title":"TRUUSK Kattrappa f\u00f6r Katter och Hundar - 3 Steg med Kl\u00f6spelare - Lekboll - Plysch - Brun - 45x40x48cm - Mer Komfort - TRUUSK - Hem, Tr\u00e4dg\u00e5rd &amp; Fritid","robots":{"index":"index","follow":"follow","max-snippet":"max-snippet:-1","max-image-preview":"max-image-preview:large","max-video-preview":"max-video-preview:-1"},"canonical":"https:\/\/truusk.store\/sv\/produkt\/truusk-kattrappa-for-katter-och-hundar-3-steg-med-klospelare-lekboll-plysch-brun-45x40x48cm-mer-komfort\/","og_locale":"sv_SE","og_type":"article","og_title":"TRUUSK Kattrappa f\u00f6r Katter och Hundar - 3 Steg med Kl\u00f6spelare - Lekboll - Plysch - Brun - 45x40x48cm - Mer Komfort - TRUUSK - Hem, Tr\u00e4dg\u00e5rd &amp; Fritid","og_description":"Uppt\u00e4ck TRUUSK husdjurstrappa, som med sina fyra steg inte bara inbjuder till kl\u00e4ttring, utan ocks\u00e5 erbjuder variation med en leksaksboll....","og_url":"https:\/\/truusk.store\/sv\/produkt\/truusk-kattrappa-for-katter-och-hundar-3-steg-med-klospelare-lekboll-plysch-brun-45x40x48cm-mer-komfort\/","og_site_name":"TRUUSK - Hem, Tr\u00e4dg\u00e5rd &amp; Fritid","article_modified_time":"2026-03-12T08:41:27+00:00","og_image":[{"width":2000,"height":2000,"url":"https:\/\/i0.wp.com\/truusk.se\/wp-content\/uploads\/2025\/06\/kattrappa-djurtrappa-for-katter-och-hundar-3-steg-med-klospelare-lekboll-plysch-brun-45x40x48cm-for-mer-komfort-1.webp?fit=2000%2C2000&ssl=1","type":"image\/webp"}],"twitter_card":"summary_large_image","twitter_misc":{"Ber\u00e4knad l\u00e4stid":"1 minut"},"schema":{"@context":"https:\/\/schema.org","@graph":[{"@type":"WebPage","@id":"https:\/\/truusk.store\/sv\/produkt\/truusk-kattrappa-for-katter-och-hundar-3-steg-med-klospelare-lekboll-plysch-brun-45x40x48cm-mer-komfort\/","url":"https:\/\/truusk.store\/sv\/produkt\/truusk-kattrappa-for-katter-och-hundar-3-steg-med-klospelare-lekboll-plysch-brun-45x40x48cm-mer-komfort\/","name":"TRUUSK Kattrappa f\u00f6r Katter och Hundar - 3 Steg med Kl\u00f6spelare - Lekboll - Plysch - Brun - 45x40x48cm - Mer Komfort - TRUUSK - Hem, Tr\u00e4dg\u00e5rd &amp; Fritid","isPartOf":{"@id":"https:\/\/truusk.store\/sv\/#website"},"primaryImageOfPage":{"@id":"https:\/\/truusk.store\/sv\/produkt\/truusk-kattrappa-for-katter-och-hundar-3-steg-med-klospelare-lekboll-plysch-brun-45x40x48cm-mer-komfort\/#primaryimage"},"image":{"@id":"https:\/\/truusk.store\/sv\/produkt\/truusk-kattrappa-for-katter-och-hundar-3-steg-med-klospelare-lekboll-plysch-brun-45x40x48cm-mer-komfort\/#primaryimage"},"thumbnailUrl":"https:\/\/i0.wp.com\/truusk.store\/wp-content\/uploads\/2025\/06\/kattrappa-djurtrappa-for-katter-och-hundar-3-steg-med-klospelare-lekboll-plysch-brun-45x40x48cm-for-mer-komfort-1.webp?fit=2000%2C2000&ssl=1","datePublished":"2025-06-05T02:07:29+00:00","dateModified":"2026-03-12T08:41:27+00:00","breadcrumb":{"@id":"https:\/\/truusk.store\/sv\/produkt\/truusk-kattrappa-for-katter-och-hundar-3-steg-med-klospelare-lekboll-plysch-brun-45x40x48cm-mer-komfort\/#breadcrumb"},"inLanguage":"sv-SE","potentialAction":[{"@type":"ReadAction","target":["https:\/\/truusk.store\/sv\/produkt\/truusk-kattrappa-for-katter-och-hundar-3-steg-med-klospelare-lekboll-plysch-brun-45x40x48cm-mer-komfort\/"]}]},{"@type":"ImageObject","inLanguage":"sv-SE","@id":"https:\/\/truusk.store\/sv\/produkt\/truusk-kattrappa-for-katter-och-hundar-3-steg-med-klospelare-lekboll-plysch-brun-45x40x48cm-mer-komfort\/#primaryimage","url":"https:\/\/i0.wp.com\/truusk.store\/wp-content\/uploads\/2025\/06\/kattrappa-djurtrappa-for-katter-och-hundar-3-steg-med-klospelare-lekboll-plysch-brun-45x40x48cm-for-mer-komfort-1.webp?fit=2000%2C2000&ssl=1","contentUrl":"https:\/\/i0.wp.com\/truusk.store\/wp-content\/uploads\/2025\/06\/kattrappa-djurtrappa-for-katter-och-hundar-3-steg-med-klospelare-lekboll-plysch-brun-45x40x48cm-for-mer-komfort-1.webp?fit=2000%2C2000&ssl=1","width":2000,"height":2000},{"@type":"BreadcrumbList","@id":"https:\/\/truusk.store\/sv\/produkt\/truusk-kattrappa-for-katter-och-hundar-3-steg-med-klospelare-lekboll-plysch-brun-45x40x48cm-mer-komfort\/#breadcrumb","itemListElement":[{"@type":"ListItem","position":1,"name":"Home","item":"https:\/\/truusk.store\/sv\/"},{"@type":"ListItem","position":2,"name":"Shop","item":"https:\/\/truusk.store\/shop\/"},{"@type":"ListItem","position":3,"name":"TRUUSK Kattrappa f\u00f6r Katter och Hundar &#8211; 3 Steg med Kl\u00f6spelare &#8211; Lekboll &#8211; Plysch &#8211; Brun &#8211; 45x40x48cm &#8211; Mer Komfort"}]},{"@type":"WebSite","@id":"https:\/\/truusk.store\/sv\/#website","url":"https:\/\/truusk.store\/sv\/","name":"TRUUSK - Hem, Tr\u00e4dg\u00e5rd & Fritid","description":"","publisher":{"@id":"https:\/\/truusk.store\/sv\/#organization"},"potentialAction":[{"@type":"SearchAction","target":{"@type":"EntryPoint","urlTemplate":"https:\/\/truusk.store\/sv\/?s={search_term_string}"},"query-input":{"@type":"PropertyValueSpecification","valueRequired":true,"valueName":"search_term_string"}}],"inLanguage":"sv-SE"},{"@type":"Organization","@id":"https:\/\/truusk.store\/sv\/#organization","name":"TRUUSK - Hem, Tr\u00e4dg\u00e5rd & Fritid","url":"https:\/\/truusk.store\/sv\/","logo":{"@type":"ImageObject","inLanguage":"sv-SE","@id":"https:\/\/truusk.store\/sv\/#\/schema\/logo\/image\/","url":"https:\/\/i0.wp.com\/truusk.store\/wp-content\/uploads\/2026\/03\/cropped-TRUUSK.png?fit=2032%2C917&ssl=1","contentUrl":"https:\/\/i0.wp.com\/truusk.store\/wp-content\/uploads\/2026\/03\/cropped-TRUUSK.png?fit=2032%2C917&ssl=1","width":2032,"height":917,"caption":"TRUUSK - Hem, Tr\u00e4dg\u00e5rd & Fritid"},"image":{"@id":"https:\/\/truusk.store\/sv\/#\/schema\/logo\/image\/"}}]}},"jetpack_sharing_enabled":true,"_links":{"self":[{"href":"https:\/\/truusk.store\/sv\/wp-json\/wp\/v2\/product\/60670","targetHints":{"allow":["GET"]}}],"collection":[{"href":"https:\/\/truusk.store\/sv\/wp-json\/wp\/v2\/product"}],"about":[{"href":"https:\/\/truusk.store\/sv\/wp-json\/wp\/v2\/types\/product"}],"wp:featuredmedia":[{"embeddable":true,"href":"https:\/\/truusk.store\/sv\/wp-json\/wp\/v2\/media\/60661"}],"wp:attachment":[{"href":"https:\/\/truusk.store\/sv\/wp-json\/wp\/v2\/media?parent=60670"}],"wp:term":[{"taxonomy":"product_brand","embeddable":true,"href":"https:\/\/truusk.store\/sv\/wp-json\/wp\/v2\/product_brand?post=60670"},{"taxonomy":"product_cat","embeddable":true,"href":"https:\/\/truusk.store\/sv\/wp-json\/wp\/v2\/product_cat?post=60670"},{"taxonomy":"product_tag","embeddable":true,"href":"https:\/\/truusk.store\/sv\/wp-json\/wp\/v2\/product_tag?post=60670"}],"curies":[{"name":"wp","href":"https:\/\/api.w.org\/{rel}","templated":true}]}}