{"id":6072,"date":"2024-02-13T08:16:48","date_gmt":"2024-02-13T07:16:48","guid":{"rendered":"https:\/\/truusk.store\/product\/paraplystativ-runt-parasollstativ-parasollbas-bas-20-kg-stalror-modell-1\/"},"modified":"2026-03-12T08:55:13","modified_gmt":"2026-03-12T07:55:13","slug":"truusk-parasollstativ-20-kg-stalror-for-paraplyer-modell-1","status":"publish","type":"product","link":"https:\/\/truusk.store\/sv\/produkt\/truusk-parasollstativ-20-kg-stalror-for-paraplyer-modell-1\/","title":{"rendered":"TRUUSK Parasollstativ &#8211; 20 kg &#8211; St\u00e5lr\u00f6r &#8211; F\u00f6r Paraplyer (Modell 1)"},"content":{"rendered":"<p>V\u00e5rt h\u00f6gkvalitativa parasollst\u00e4ll h\u00e5ller ditt solskydd stabilt och s\u00e4kert p\u00e5 plats. Basplattan \u00e4r gjord av cement med PP-bel\u00e4ggning och v\u00e4ger imponerande 20 kg. Parasollet kan f\u00e4stas med en l\u00e4tt justerbar l\u00e5sskruv. V\u00e5r paraplyfot \u00e4r l\u00e4mplig f\u00f6r vanliga parasoll med diametrar 34 mm\/38 mm\/48 mm 3 passande adaptrar f\u00f6r alla storlekar ing\u00e5r.<\/p>\n<h3>Beskrivning:<\/h3>\n<ul>\n<li>Robust och stabil cementbotten med PP-bel\u00e4ggning<\/li>\n<li>H\u00f6gkvalitativt och stabilt paraplyst\u00e4ll<\/li>\n<li>L\u00e4mplig f\u00f6r de flesta universella parasoll p\u00e5 35mm\/38mm\/48mm<\/li>\n<li>Basen \u00e4r fylld med cement<\/li>\n<li>Enkel och l\u00e4tt att montera<\/li>\n<\/ul>\n<h3>Teknisk data:<\/h3>\n<ul>\n<li>Totalstorlek: 49 x 34,5 cm<\/li>\n<li>L\u00e4mplig f\u00f6r sp\u00f6n p\u00e5 35 mm\/38 mm\/48 mm<\/li>\n<li>Material: st\u00e5l, plast, cement<\/li>\n<li>Vikt: 20 kg<\/li>\n<\/ul>\n<h3>Leveransens omfattning:<\/h3>\n<ul>\n<li>1 x Runt paraplyst\u00e4ll<\/li>\n<\/ul>\n","protected":false},"excerpt":{"rendered":"<p>V\u00e5rt h\u00f6gkvalitativa parasollst\u00e4ll h\u00e5ller ditt solskydd stabilt och s\u00e4kert p\u00e5 plats. Basplattan \u00e4r gjord av cement med PP-bel\u00e4ggning och v\u00e4ger&#8230;<\/p>\n","protected":false},"featured_media":6073,"template":"","meta":[],"product_brand":[],"product_cat":[723,472,471,435],"product_tag":[],"class_list":{"0":"post-6072","1":"product","2":"type-product","3":"status-publish","4":"has-post-thumbnail","6":"product_cat-paraplystall","7":"product_cat-parasoller","8":"product_cat-solskydd-integritetsskydd","9":"product_cat-tradgard-och-terrass","11":"first","12":"instock","13":"sale","14":"taxable","15":"shipping-taxable","16":"purchasable","17":"product-type-simple"},"yoast_head":"<!-- This site is optimized with the Yoast SEO plugin v25.4 - https:\/\/yoast.com\/wordpress\/plugins\/seo\/ -->\n<title>TRUUSK Parasollstativ - 20 kg - St\u00e5lr\u00f6r - F\u00f6r Paraplyer (Modell 1) - TRUUSK - Hem, Tr\u00e4dg\u00e5rd &amp; Fritid<\/title>\n<meta name=\"robots\" content=\"index, follow, max-snippet:-1, max-image-preview:large, max-video-preview:-1\" \/>\n<link rel=\"canonical\" href=\"https:\/\/truusk.store\/sv\/produkt\/truusk-parasollstativ-20-kg-stalror-for-paraplyer-modell-1\/\" \/>\n<meta property=\"og:locale\" content=\"sv_SE\" \/>\n<meta property=\"og:type\" content=\"article\" \/>\n<meta property=\"og:title\" content=\"TRUUSK Parasollstativ - 20 kg - St\u00e5lr\u00f6r - F\u00f6r Paraplyer (Modell 1) - TRUUSK - Hem, Tr\u00e4dg\u00e5rd &amp; Fritid\" \/>\n<meta property=\"og:description\" content=\"V\u00e5rt h\u00f6gkvalitativa parasollst\u00e4ll h\u00e5ller ditt solskydd stabilt och s\u00e4kert p\u00e5 plats. Basplattan \u00e4r gjord av cement med PP-bel\u00e4ggning och v\u00e4ger...\" \/>\n<meta property=\"og:url\" content=\"https:\/\/truusk.store\/sv\/produkt\/truusk-parasollstativ-20-kg-stalror-for-paraplyer-modell-1\/\" \/>\n<meta property=\"og:site_name\" content=\"TRUUSK - Hem, Tr\u00e4dg\u00e5rd &amp; Fritid\" \/>\n<meta property=\"article:modified_time\" content=\"2026-03-12T07:55:13+00:00\" \/>\n<meta property=\"og:image\" content=\"https:\/\/i0.wp.com\/truusk.se\/wp-content\/uploads\/2024\/02\/paraplystativ-runt-parasollstativ-parasollbas-bas-20-kg-stalror-modell-1.webp?fit=800%2C800&ssl=1\" \/>\n\t<meta property=\"og:image:width\" content=\"800\" \/>\n\t<meta property=\"og:image:height\" content=\"800\" \/>\n\t<meta property=\"og:image:type\" content=\"image\/webp\" \/>\n<meta name=\"twitter:card\" content=\"summary_large_image\" \/>\n<meta name=\"twitter:label1\" content=\"Ber\u00e4knad l\u00e4stid\" \/>\n\t<meta name=\"twitter:data1\" content=\"1 minut\" \/>\n<!-- \/ Yoast SEO plugin. -->","yoast_head_json":{"title":"TRUUSK Parasollstativ - 20 kg - St\u00e5lr\u00f6r - F\u00f6r Paraplyer (Modell 1) - TRUUSK - Hem, Tr\u00e4dg\u00e5rd &amp; Fritid","robots":{"index":"index","follow":"follow","max-snippet":"max-snippet:-1","max-image-preview":"max-image-preview:large","max-video-preview":"max-video-preview:-1"},"canonical":"https:\/\/truusk.store\/sv\/produkt\/truusk-parasollstativ-20-kg-stalror-for-paraplyer-modell-1\/","og_locale":"sv_SE","og_type":"article","og_title":"TRUUSK Parasollstativ - 20 kg - St\u00e5lr\u00f6r - F\u00f6r Paraplyer (Modell 1) - TRUUSK - Hem, Tr\u00e4dg\u00e5rd &amp; Fritid","og_description":"V\u00e5rt h\u00f6gkvalitativa parasollst\u00e4ll h\u00e5ller ditt solskydd stabilt och s\u00e4kert p\u00e5 plats. Basplattan \u00e4r gjord av cement med PP-bel\u00e4ggning och v\u00e4ger...","og_url":"https:\/\/truusk.store\/sv\/produkt\/truusk-parasollstativ-20-kg-stalror-for-paraplyer-modell-1\/","og_site_name":"TRUUSK - Hem, Tr\u00e4dg\u00e5rd &amp; Fritid","article_modified_time":"2026-03-12T07:55:13+00:00","og_image":[{"width":800,"height":800,"url":"https:\/\/i0.wp.com\/truusk.se\/wp-content\/uploads\/2024\/02\/paraplystativ-runt-parasollstativ-parasollbas-bas-20-kg-stalror-modell-1.webp?fit=800%2C800&ssl=1","type":"image\/webp"}],"twitter_card":"summary_large_image","twitter_misc":{"Ber\u00e4knad l\u00e4stid":"1 minut"},"schema":{"@context":"https:\/\/schema.org","@graph":[{"@type":"WebPage","@id":"https:\/\/truusk.store\/sv\/produkt\/truusk-parasollstativ-20-kg-stalror-for-paraplyer-modell-1\/","url":"https:\/\/truusk.store\/sv\/produkt\/truusk-parasollstativ-20-kg-stalror-for-paraplyer-modell-1\/","name":"TRUUSK Parasollstativ - 20 kg - St\u00e5lr\u00f6r - F\u00f6r Paraplyer (Modell 1) - TRUUSK - Hem, Tr\u00e4dg\u00e5rd &amp; Fritid","isPartOf":{"@id":"https:\/\/truusk.store\/sv\/#website"},"primaryImageOfPage":{"@id":"https:\/\/truusk.store\/sv\/produkt\/truusk-parasollstativ-20-kg-stalror-for-paraplyer-modell-1\/#primaryimage"},"image":{"@id":"https:\/\/truusk.store\/sv\/produkt\/truusk-parasollstativ-20-kg-stalror-for-paraplyer-modell-1\/#primaryimage"},"thumbnailUrl":"https:\/\/i0.wp.com\/truusk.store\/wp-content\/uploads\/2024\/02\/paraplystativ-runt-parasollstativ-parasollbas-bas-20-kg-stalror-modell-1.webp?fit=800%2C800&ssl=1","datePublished":"2024-02-13T07:16:48+00:00","dateModified":"2026-03-12T07:55:13+00:00","breadcrumb":{"@id":"https:\/\/truusk.store\/sv\/produkt\/truusk-parasollstativ-20-kg-stalror-for-paraplyer-modell-1\/#breadcrumb"},"inLanguage":"sv-SE","potentialAction":[{"@type":"ReadAction","target":["https:\/\/truusk.store\/sv\/produkt\/truusk-parasollstativ-20-kg-stalror-for-paraplyer-modell-1\/"]}]},{"@type":"ImageObject","inLanguage":"sv-SE","@id":"https:\/\/truusk.store\/sv\/produkt\/truusk-parasollstativ-20-kg-stalror-for-paraplyer-modell-1\/#primaryimage","url":"https:\/\/i0.wp.com\/truusk.store\/wp-content\/uploads\/2024\/02\/paraplystativ-runt-parasollstativ-parasollbas-bas-20-kg-stalror-modell-1.webp?fit=800%2C800&ssl=1","contentUrl":"https:\/\/i0.wp.com\/truusk.store\/wp-content\/uploads\/2024\/02\/paraplystativ-runt-parasollstativ-parasollbas-bas-20-kg-stalror-modell-1.webp?fit=800%2C800&ssl=1","width":800,"height":800,"caption":"Paraplystativ Runt Parasollstativ Parasollbas Bas 20 Kg St\u00e5lr\u00f6r (modell 1) 1"},{"@type":"BreadcrumbList","@id":"https:\/\/truusk.store\/sv\/produkt\/truusk-parasollstativ-20-kg-stalror-for-paraplyer-modell-1\/#breadcrumb","itemListElement":[{"@type":"ListItem","position":1,"name":"Home","item":"https:\/\/truusk.store\/sv\/"},{"@type":"ListItem","position":2,"name":"Shop","item":"https:\/\/truusk.store\/shop\/"},{"@type":"ListItem","position":3,"name":"TRUUSK Parasollstativ &#8211; 20 kg &#8211; St\u00e5lr\u00f6r &#8211; F\u00f6r Paraplyer (Modell 1)"}]},{"@type":"WebSite","@id":"https:\/\/truusk.store\/sv\/#website","url":"https:\/\/truusk.store\/sv\/","name":"TRUUSK - Hem, Tr\u00e4dg\u00e5rd & Fritid","description":"","publisher":{"@id":"https:\/\/truusk.store\/sv\/#organization"},"potentialAction":[{"@type":"SearchAction","target":{"@type":"EntryPoint","urlTemplate":"https:\/\/truusk.store\/sv\/?s={search_term_string}"},"query-input":{"@type":"PropertyValueSpecification","valueRequired":true,"valueName":"search_term_string"}}],"inLanguage":"sv-SE"},{"@type":"Organization","@id":"https:\/\/truusk.store\/sv\/#organization","name":"TRUUSK - Hem, Tr\u00e4dg\u00e5rd & Fritid","url":"https:\/\/truusk.store\/sv\/","logo":{"@type":"ImageObject","inLanguage":"sv-SE","@id":"https:\/\/truusk.store\/sv\/#\/schema\/logo\/image\/","url":"https:\/\/i0.wp.com\/truusk.store\/wp-content\/uploads\/2026\/03\/cropped-TRUUSK.png?fit=2032%2C917&ssl=1","contentUrl":"https:\/\/i0.wp.com\/truusk.store\/wp-content\/uploads\/2026\/03\/cropped-TRUUSK.png?fit=2032%2C917&ssl=1","width":2032,"height":917,"caption":"TRUUSK - Hem, Tr\u00e4dg\u00e5rd & Fritid"},"image":{"@id":"https:\/\/truusk.store\/sv\/#\/schema\/logo\/image\/"}}]}},"jetpack_sharing_enabled":true,"_links":{"self":[{"href":"https:\/\/truusk.store\/sv\/wp-json\/wp\/v2\/product\/6072","targetHints":{"allow":["GET"]}}],"collection":[{"href":"https:\/\/truusk.store\/sv\/wp-json\/wp\/v2\/product"}],"about":[{"href":"https:\/\/truusk.store\/sv\/wp-json\/wp\/v2\/types\/product"}],"wp:featuredmedia":[{"embeddable":true,"href":"https:\/\/truusk.store\/sv\/wp-json\/wp\/v2\/media\/6073"}],"wp:attachment":[{"href":"https:\/\/truusk.store\/sv\/wp-json\/wp\/v2\/media?parent=6072"}],"wp:term":[{"taxonomy":"product_brand","embeddable":true,"href":"https:\/\/truusk.store\/sv\/wp-json\/wp\/v2\/product_brand?post=6072"},{"taxonomy":"product_cat","embeddable":true,"href":"https:\/\/truusk.store\/sv\/wp-json\/wp\/v2\/product_cat?post=6072"},{"taxonomy":"product_tag","embeddable":true,"href":"https:\/\/truusk.store\/sv\/wp-json\/wp\/v2\/product_tag?post=6072"}],"curies":[{"name":"wp","href":"https:\/\/api.w.org\/{rel}","templated":true}]}}